{"id":16,"date":"2019-06-20T13:17:21","date_gmt":"2019-06-20T11:17:21","guid":{"rendered":"https:\/\/www.ull.es\/servicios\/negociado-pruebas-acceso\/?page_id=13"},"modified":"2026-02-27T08:05:17","modified_gmt":"2026-02-27T07:05:17","slug":"inicio","status":"publish","type":"page","link":"https:\/\/www.ull.es\/servicios\/mantenimiento\/fr\/","title":{"rendered":"Commencer"},"content":{"rendered":"<div class=\"wp-block-stackable-columns alignfull stk-block-columns stk-block stk-16a94b8\" data-block-id=\"16a94b8\"><style>.stk-16a94b8 {margin-bottom:76px !important;}@media screen and (max-width: 767px){.stk-16a94b8 {padding-top:0px !important;padding-right:0px !important;padding-bottom:0px !important;padding-left:0px !important;}}<\/style><div class=\"stk-row stk-inner-blocks stk-block-content stk-content-align stk-16a94b8-column alignfull\">\n<div class=\"wp-block-stackable-column stk-block-column stk-column stk-block stk-dfe9b01 stk-block-background stk--has-background-overlay\" data-v=\"4\" data-block-id=\"dfe9b01\"><style>.stk-dfe9b01 {background-image:url(https:\/\/www.ull.es\/servicios\/mantenimiento\/wp-content\/uploads\/sites\/32\/2019\/07\/14-mantenimiento.jpg) !important;}.stk-dfe9b01:before{background-color:#000000 !important;opacity:0.3 !important;}@media screen and (max-width: 767px){.stk-dfe9b01 {padding-top:0px !important;padding-right:0px !important;padding-bottom:0px !important;padding-left:0px !important;}.stk-dfe9b01-container{min-height:320px !important;}}<\/style><div class=\"stk-column-wrapper stk-block-column__content stk-container stk-dfe9b01-container stk--no-background stk--no-padding\"><div class=\"stk-block-content stk-inner-blocks stk-dfe9b01-inner-blocks\">\n<div class=\"wp-block-stackable-columns alignfull stk-block-columns stk-block stk-3bf239f\" data-block-id=\"3bf239f\"><style>@media screen and (max-width: 1023px){.stk-3bf239f {padding-left:0px !important;}}<\/style><div class=\"stk-row stk-inner-blocks stk-block-content stk-content-align stk-3bf239f-column alignfull\">\n<div class=\"wp-block-stackable-column stk-block-column stk-column stk-block stk-f66584c\" data-v=\"4\" data-block-id=\"f66584c\"><div class=\"stk-column-wrapper stk-block-column__content stk-container stk-f66584c-container stk--no-background stk--no-padding\"><div class=\"stk-block-content stk-inner-blocks stk-f66584c-inner-blocks\">\n<div class=\"wp-block-stackable-heading stk-block-heading stk-block-heading--v2 stk-block stk-1bb54e9\" id=\"mantenimiento\" data-block-id=\"1bb54e9\"><style>.stk-1bb54e9 {padding-top:110px !important;padding-right:25px !important;padding-bottom:75px !important;padding-left:420px !important;}.stk-1bb54e9 .stk-block-heading__text{font-size:35px !important;color:#ffffff !important;font-weight:400 !important;}@media screen and (max-width: 1023px){.stk-1bb54e9 {padding-left:55px !important;}.stk-1bb54e9 .stk-block-heading__text{font-size:35px !important;}}@media screen and (max-width: 767px){.stk-1bb54e9 {padding-top:110px !important;padding-right:75px !important;padding-left:25px !important;}.stk-1bb54e9 .stk-block-heading__text{font-size:33px !important;}}<\/style><h2 class=\"stk-block-heading__text has-text-color has-text-align-left has-text-align-left-tablet has-text-align-left-mobile\">Entretien<\/h2><\/div>\n<\/div><\/div><\/div>\n<\/div><\/div>\n<\/div><\/div><\/div>\n<\/div><\/div>\n\n\n\n<div class=\"wp-block-stackable-columns alignfull stk-block-columns stk-block stk-a768426\" data-block-id=\"a768426\"><style>.stk-a768426 {margin-bottom:56px !important;}<\/style><div class=\"stk-row stk-inner-blocks stk-block-content stk-content-align stk-a768426-column alignfull\">\n<div class=\"wp-block-stackable-column stk-block-column stk-column stk-block stk-7a93856\" data-v=\"4\" data-block-id=\"7a93856\"><style>.stk-7a93856 {padding-right:405px !important;padding-left:405px !important;}@media screen and (max-width: 1023px){.stk-7a93856 {padding-right:50px !important;padding-left:50px !important;}}@media screen and (max-width: 767px){.stk-7a93856 {padding-right:20px !important;padding-left:20px !important;}}<\/style><div class=\"stk-column-wrapper stk-block-column__content stk-container stk-7a93856-container stk--no-background stk--no-padding\"><div class=\"stk-block-content stk-inner-blocks stk-7a93856-inner-blocks\">\n<div class=\"wp-block-stackable-text stk-block-text stk-block stk-42f4015\" data-block-id=\"42f4015\"><style>.stk-42f4015 .stk-block-text__text{font-size:16px !important;}@media screen and (max-width: 1023px){.stk-42f4015 .stk-block-text__text{font-size:16px !important;}}<\/style><p class=\"stk-block-text__text has-text-align-left\">Le service de maintenance de l&#039;ULL est compos\u00e9 d&#039;une \u00e9quipe de professionnels issus de divers domaines, tels que la ma\u00e7onnerie, la menuiserie, la serrurerie, l&#039;\u00e9lectricit\u00e9, le jardinage, la peinture, le tournage sur bois, la conduite et les services auxiliaires. Tous se consacrent \u00e0 l&#039;entretien, \u00e0 la r\u00e9paration et \u00e0 la maintenance des installations de l&#039;Universit\u00e9. Notre objectif est de maintenir ces installations en parfait \u00e9tat pour les utilisateurs et conformes \u00e0 la r\u00e9glementation en vigueur, dans la limite des ressources disponibles.<\/p><\/div>\n<\/div><\/div><\/div>\n<\/div><\/div>\n\n\n\n<div class=\"wp-block-stackable-columns alignfull stk-block-columns stk-block stk-a2ef681\" data-block-id=\"a2ef681\"><style>.stk-a2ef681 {margin-bottom:56px !important;}<\/style><div class=\"stk-row stk-inner-blocks stk-block-content stk-content-align stk-a2ef681-column alignfull\">\n<div class=\"wp-block-stackable-column stk-block-column stk-column stk-block stk-10c85f6\" data-v=\"4\" data-block-id=\"10c85f6\"><style>.stk-10c85f6 {padding-right:405px !important;padding-left:405px !important;}@media screen and (max-width: 1023px){.stk-10c85f6 {padding-right:55px !important;padding-left:55px !important;}}@media screen and (max-width: 767px){.stk-10c85f6 {padding-right:20px !important;padding-left:20px !important;}}<\/style><div class=\"stk-column-wrapper stk-block-column__content stk-container stk-10c85f6-container stk--no-background stk--no-padding\"><div class=\"stk-block-content stk-inner-blocks stk-10c85f6-inner-blocks\">\n<div class=\"wp-block-stackable-heading stk-block-heading stk-block-heading--v2 stk-block stk-9191e66\" id=\"informacion-de-interes\" data-block-id=\"9191e66\"><style>.stk-9191e66 {margin-bottom:20px !important;}.stk-9191e66 .stk-block-heading__text{font-size:26px !important;color:#5c068c !important;}@media screen and (max-width: 1023px){.stk-9191e66 .stk-block-heading__text{font-size:26px !important;}}<\/style><h2 class=\"stk-block-heading__text has-text-color\">Informations int\u00e9ressantes<\/h2><\/div>\n\n\n\n<div class=\"wp-block-stackable-text stk-block-text stk-block stk-8bef685\" data-block-id=\"8bef685\"><p class=\"stk-block-text__text\">Pour signaler tout probl\u00e8me ou besoin de maintenance, veuillez vous adresser \u00e0 l&#039;accueil du centre concern\u00e9. Le personnel responsable \u00e9tablira alors le bon de travail correspondant.<\/p><\/div>\n<\/div><\/div><\/div>\n<\/div><\/div>","protected":false},"excerpt":{"rendered":"<p>Service d&#039;entretien\u00a0: Le service d&#039;entretien de l&#039;ULL est compos\u00e9 d&#039;une \u00e9quipe de professionnels de divers domaines, notamment la ma\u00e7onnerie, la menuiserie, la serrurerie, l&#039;\u00e9lectricit\u00e9, le jardinage, la peinture, le tournage, la conduite et les services auxiliaires. Tous se consacrent \u00e0 l&#039;entretien, \u00e0 la r\u00e9paration et \u00e0 la maintenance des installations de notre universit\u00e9. Notre objectif est de maintenir ces installations en parfait \u00e9tat.<\/p>","protected":false},"author":49,"featured_media":0,"parent":0,"menu_order":0,"comment_status":"closed","ping_status":"closed","template":"templates\/template-frontpage.php","meta":{"_acf_changed":false,"footnotes":""},"class_list":["post-16","page","type-page","status-publish","hentry"],"acf":[],"_links":{"self":[{"href":"https:\/\/www.ull.es\/servicios\/mantenimiento\/fr\/wp-json\/wp\/v2\/pages\/16","targetHints":{"allow":["GET"]}}],"collection":[{"href":"https:\/\/www.ull.es\/servicios\/mantenimiento\/fr\/wp-json\/wp\/v2\/pages"}],"about":[{"href":"https:\/\/www.ull.es\/servicios\/mantenimiento\/fr\/wp-json\/wp\/v2\/types\/page"}],"author":[{"embeddable":true,"href":"https:\/\/www.ull.es\/servicios\/mantenimiento\/fr\/wp-json\/wp\/v2\/users\/49"}],"replies":[{"embeddable":true,"href":"https:\/\/www.ull.es\/servicios\/mantenimiento\/fr\/wp-json\/wp\/v2\/comments?post=16"}],"version-history":[{"count":13,"href":"https:\/\/www.ull.es\/servicios\/mantenimiento\/fr\/wp-json\/wp\/v2\/pages\/16\/revisions"}],"predecessor-version":[{"id":65,"href":"https:\/\/www.ull.es\/servicios\/mantenimiento\/fr\/wp-json\/wp\/v2\/pages\/16\/revisions\/65"}],"wp:attachment":[{"href":"https:\/\/www.ull.es\/servicios\/mantenimiento\/fr\/wp-json\/wp\/v2\/media?parent=16"}],"curies":[{"name":"wp","href":"https:\/\/api.w.org\/{rel}","templated":true}]}}