{"id":16,"date":"2019-06-20T13:17:21","date_gmt":"2019-06-20T11:17:21","guid":{"rendered":"https:\/\/www.ull.es\/servicios\/negociado-pruebas-acceso\/?page_id=13"},"modified":"2026-02-27T08:09:31","modified_gmt":"2026-02-27T07:09:31","slug":"inicio","status":"publish","type":"page","link":"https:\/\/www.ull.es\/servicios\/negociado-de-atencion-tecnica\/fr\/","title":{"rendered":"Commencer"},"content":{"rendered":"<div class=\"wp-block-stackable-columns alignfull stk-block-columns stk-block stk-16a94b8\" data-block-id=\"16a94b8\"><style>.stk-16a94b8 {margin-bottom:76px !important;}@media screen and (max-width: 767px){.stk-16a94b8 {padding-top:0px !important;padding-right:0px !important;padding-bottom:0px !important;padding-left:0px !important;}}<\/style><div class=\"stk-row stk-inner-blocks stk-block-content stk-content-align stk-16a94b8-column alignfull\">\n<div class=\"wp-block-stackable-column stk-block-column stk-column stk-block stk-dfe9b01 stk-block-background stk--has-background-overlay\" data-v=\"4\" data-block-id=\"dfe9b01\"><style>.stk-dfe9b01 {background-image:url(https:\/\/www.ull.es\/servicios\/negociado-de-atencion-tecnica\/wp-content\/uploads\/sites\/33\/2019\/07\/15-Negociado-de-Atencion-Tecnica.jpg) !important;}.stk-dfe9b01:before{background-color:#000000 !important;opacity:0.3 !important;}@media screen and (max-width: 767px){.stk-dfe9b01 {padding-top:0px !important;padding-right:0px !important;padding-bottom:0px !important;padding-left:0px !important;}.stk-dfe9b01-container{min-height:320px !important;}}<\/style><div class=\"stk-column-wrapper stk-block-column__content stk-container stk-dfe9b01-container stk--no-background stk--no-padding\"><div class=\"stk-block-content stk-inner-blocks stk-dfe9b01-inner-blocks\">\n<div class=\"wp-block-stackable-columns alignfull stk-block-columns stk-block stk-3bf239f\" data-block-id=\"3bf239f\"><style>@media screen and (max-width: 1023px){.stk-3bf239f {padding-left:0px !important;}}<\/style><div class=\"stk-row stk-inner-blocks stk-block-content stk-content-align stk-3bf239f-column alignfull\">\n<div class=\"wp-block-stackable-column stk-block-column stk-column stk-block stk-f66584c\" data-v=\"4\" data-block-id=\"f66584c\"><div class=\"stk-column-wrapper stk-block-column__content stk-container stk-f66584c-container stk--no-background stk--no-padding\"><div class=\"stk-block-content stk-inner-blocks stk-f66584c-inner-blocks\">\n<div class=\"wp-block-stackable-heading stk-block-heading stk-block-heading--v2 stk-block stk-1bb54e9\" id=\"negociado-de-atencion-tecnica\" data-block-id=\"1bb54e9\"><style>.stk-1bb54e9 {padding-top:110px !important;padding-right:25px !important;padding-bottom:75px !important;padding-left:420px !important;}.stk-1bb54e9 .stk-block-heading__text{font-size:35px !important;color:#ffffff !important;font-weight:400 !important;}@media screen and (max-width: 1023px){.stk-1bb54e9 {padding-left:55px !important;}.stk-1bb54e9 .stk-block-heading__text{font-size:35px !important;}}@media screen and (max-width: 767px){.stk-1bb54e9 {padding-right:75px !important;padding-left:25px !important;}.stk-1bb54e9 .stk-block-heading__text{font-size:33px !important;}}<\/style><h2 class=\"stk-block-heading__text has-text-color has-text-align-left has-text-align-left-tablet has-text-align-left-mobile\">Bureau d&#039;assistance technique<\/h2><\/div>\n<\/div><\/div><\/div>\n<\/div><\/div>\n<\/div><\/div><\/div>\n<\/div><\/div>\n\n\n\n<div class=\"wp-block-stackable-columns alignfull stk-block-columns stk-block stk-a768426\" data-block-id=\"a768426\"><style>.stk-a768426 {margin-bottom:56px !important;}<\/style><div class=\"stk-row stk-inner-blocks stk-block-content stk-content-align stk-a768426-column alignfull\">\n<div class=\"wp-block-stackable-column stk-block-column stk-column stk-block stk-7a93856\" data-v=\"4\" data-block-id=\"7a93856\"><style>.stk-7a93856 {padding-right:405px !important;padding-left:405px !important;}@media screen and (max-width: 1023px){.stk-7a93856 {padding-right:50px !important;padding-left:50px !important;}}@media screen and (max-width: 767px){.stk-7a93856 {padding-right:20px !important;padding-left:20px !important;}}<\/style><div class=\"stk-column-wrapper stk-block-column__content stk-container stk-7a93856-container stk--no-background stk--no-padding\"><div class=\"stk-block-content stk-inner-blocks stk-7a93856-inner-blocks\">\n<div class=\"wp-block-stackable-text stk-block-text stk-block stk-42f4015\" data-block-id=\"42f4015\"><style>.stk-42f4015 .stk-block-text__text{font-size:16px !important;}@media screen and (max-width: 1023px){.stk-42f4015 .stk-block-text__text{font-size:16px !important;}}<\/style><p class=\"stk-block-text__text has-text-align-left\">Nous fournissons aux utilisateurs des informations techniques sur le fonctionnement de toutes les applications en ligne de l&#039;ULL (examens d&#039;entr\u00e9e, pr\u00e9inscription, inscription en ligne, site web de l&#039;ULL, bureau \u00e9lectronique, carte universitaire et autres services ULL), en les guidant \u00e0 travers les proc\u00e9dures et en leur expliquant leur fonctionnement. Depuis ce bureau, et via la gestion des utilisateurs, nous proposons un service de r\u00e9cup\u00e9ration d&#039;identifiants et de mots de passe pour acc\u00e9der \u00e0 tous les services de l&#039;ULL. Cette option est \u00e9galement disponible automatiquement pour les utilisateurs, sans intervention de notre part. Notre assistance t\u00e9l\u00e9phonique offre deux options\u00a0: la r\u00e9ponse directe aux appels et la messagerie vocale. Dans les deux cas, nous garantissons une r\u00e9ponse rapide. Nous r\u00e9pondons \u00e9galement aux demandes par courriel.<\/p><\/div>\n<\/div><\/div><\/div>\n<\/div><\/div>\n\n\n\n<p><\/p>","protected":false},"excerpt":{"rendered":"<p>Negociado de Atenci\u00f3n T\u00e9cnica Se proporciona al usuario en general, informaci\u00f3n t\u00e9cnica acerca del funcionamiento de todas las aplicaciones telem\u00e1ticas de la ULL (EBAU, Preinscripci\u00f3n, Automatr\u00edcula, Web ULL, Sede Electr\u00f3nica, Tarjeta Universitaria y otros servicios ULL), orientando acerca de los procedimientos e informando de su funcionamiento.Desde este Negociado y, a trav\u00e9s de la Gesti\u00f3n de&#8230;<\/p>","protected":false},"author":49,"featured_media":0,"parent":0,"menu_order":0,"comment_status":"closed","ping_status":"closed","template":"templates\/template-frontpage.php","meta":{"_acf_changed":false,"footnotes":""},"class_list":["post-16","page","type-page","status-publish","hentry"],"acf":[],"_links":{"self":[{"href":"https:\/\/www.ull.es\/servicios\/negociado-de-atencion-tecnica\/fr\/wp-json\/wp\/v2\/pages\/16","targetHints":{"allow":["GET"]}}],"collection":[{"href":"https:\/\/www.ull.es\/servicios\/negociado-de-atencion-tecnica\/fr\/wp-json\/wp\/v2\/pages"}],"about":[{"href":"https:\/\/www.ull.es\/servicios\/negociado-de-atencion-tecnica\/fr\/wp-json\/wp\/v2\/types\/page"}],"author":[{"embeddable":true,"href":"https:\/\/www.ull.es\/servicios\/negociado-de-atencion-tecnica\/fr\/wp-json\/wp\/v2\/users\/49"}],"replies":[{"embeddable":true,"href":"https:\/\/www.ull.es\/servicios\/negociado-de-atencion-tecnica\/fr\/wp-json\/wp\/v2\/comments?post=16"}],"version-history":[{"count":10,"href":"https:\/\/www.ull.es\/servicios\/negociado-de-atencion-tecnica\/fr\/wp-json\/wp\/v2\/pages\/16\/revisions"}],"predecessor-version":[{"id":77,"href":"https:\/\/www.ull.es\/servicios\/negociado-de-atencion-tecnica\/fr\/wp-json\/wp\/v2\/pages\/16\/revisions\/77"}],"wp:attachment":[{"href":"https:\/\/www.ull.es\/servicios\/negociado-de-atencion-tecnica\/fr\/wp-json\/wp\/v2\/media?parent=16"}],"curies":[{"name":"wp","href":"https:\/\/api.w.org\/{rel}","templated":true}]}}