{"id":13,"date":"2019-06-20T13:17:21","date_gmt":"2019-06-20T11:17:21","guid":{"rendered":"https:\/\/www.ull.es\/servicios\/negociado-pruebas-acceso\/?page_id=13"},"modified":"2026-03-11T16:42:17","modified_gmt":"2026-03-11T15:42:17","slug":"inicio","status":"publish","type":"page","link":"https:\/\/www.ull.es\/servicios\/negociado-de-pruebas-de-acceso\/fr\/","title":{"rendered":"Commencer"},"content":{"rendered":"<div class=\"wp-block-stackable-columns alignfull stk-block-columns stk-block stk-16a94b8\" data-block-id=\"16a94b8\"><style>.stk-16a94b8 {margin-bottom:76px !important;}@media screen and (max-width: 767px){.stk-16a94b8 {padding-top:0px !important;padding-right:0px !important;padding-bottom:0px !important;padding-left:0px !important;}}<\/style><div class=\"stk-row stk-inner-blocks stk-block-content stk-content-align stk-16a94b8-column alignfull\">\n<div class=\"wp-block-stackable-column stk-block-column stk-column stk-block stk-dfe9b01 stk-block-background stk--has-background-overlay\" data-v=\"4\" data-block-id=\"dfe9b01\"><style>.stk-dfe9b01 {background-image:url(https:\/\/www.ull.es\/servicios\/negociado-de-pruebas-de-acceso\/wp-content\/uploads\/sites\/23\/2019\/08\/16-Negociado-de-Pruebas-de-Acceso.jpg) !important;}.stk-dfe9b01:before{background-color:#000000 !important;opacity:0.3 !important;}@media screen and (max-width: 767px){.stk-dfe9b01 {padding-top:0px !important;padding-right:0px !important;padding-bottom:0px !important;padding-left:0px !important;}.stk-dfe9b01-container{min-height:320px !important;}}<\/style><div class=\"stk-column-wrapper stk-block-column__content stk-container stk-dfe9b01-container stk--no-background stk--no-padding\"><div class=\"stk-block-content stk-inner-blocks stk-dfe9b01-inner-blocks\">\n<div class=\"wp-block-stackable-columns alignfull stk-block-columns stk-block stk-3bf239f\" data-block-id=\"3bf239f\"><style>@media screen and (max-width: 1023px){.stk-3bf239f {padding-left:0px !important;}}<\/style><div class=\"stk-row stk-inner-blocks stk-block-content stk-content-align stk-3bf239f-column alignfull\">\n<div class=\"wp-block-stackable-column stk-block-column stk-column stk-block stk-f66584c\" data-v=\"4\" data-block-id=\"f66584c\"><div class=\"stk-column-wrapper stk-block-column__content stk-container stk-f66584c-container stk--no-background stk--no-padding\"><div class=\"stk-block-content stk-inner-blocks stk-f66584c-inner-blocks\">\n<div class=\"wp-block-stackable-heading stk-block-heading stk-block-heading--v2 stk-block stk-1bb54e9\" id=\"negociado-de-pruebas-de-acceso\" data-block-id=\"1bb54e9\"><style>.stk-1bb54e9 {padding-top:110px !important;padding-right:25px !important;padding-bottom:75px !important;padding-left:420px !important;}.stk-1bb54e9 .stk-block-heading__text{font-size:35px !important;color:#ffffff !important;font-weight:400 !important;}@media screen and (max-width: 1023px){.stk-1bb54e9 {padding-left:55px !important;}.stk-1bb54e9 .stk-block-heading__text{font-size:35px !important;}}@media screen and (max-width: 767px){.stk-1bb54e9 {padding-right:75px !important;padding-left:25px !important;}.stk-1bb54e9 .stk-block-heading__text{font-size:33px !important;}}<\/style><h2 class=\"stk-block-heading__text has-text-color has-text-align-left has-text-align-left-tablet has-text-align-left-mobile\">Bureau des tests d&#039;acc\u00e8s<\/h2><\/div>\n<\/div><\/div><\/div>\n<\/div><\/div>\n<\/div><\/div><\/div>\n<\/div><\/div>\n\n\n\n<div class=\"wp-block-stackable-columns alignfull stk-block-columns stk-block stk-a768426\" data-block-id=\"a768426\"><style>.stk-a768426 {margin-bottom:56px !important;}<\/style><div class=\"stk-row stk-inner-blocks stk-block-content stk-content-align stk-a768426-column alignfull\">\n<div class=\"wp-block-stackable-column stk-block-column stk-column stk-block stk-7a93856\" data-v=\"4\" data-block-id=\"7a93856\"><style>.stk-7a93856 {padding-right:405px !important;padding-left:405px !important;}@media screen and (max-width: 1023px){.stk-7a93856 {padding-right:50px !important;padding-left:50px !important;}}@media screen and (max-width: 767px){.stk-7a93856 {padding-right:20px !important;padding-left:20px !important;}}<\/style><div class=\"stk-column-wrapper stk-block-column__content stk-container stk-7a93856-container stk--no-background stk--no-padding\"><div class=\"stk-block-content stk-inner-blocks stk-7a93856-inner-blocks\">\n<div class=\"wp-block-stackable-text stk-block-text stk-block stk-42f4015\" data-block-id=\"42f4015\"><style>.stk-42f4015 .stk-block-text__text{font-size:16px !important;}@media screen and (max-width: 1023px){.stk-42f4015 .stk-block-text__text{font-size:16px !important;}}<\/style><p class=\"stk-block-text__text has-text-align-left\">Le Bureau des tests d&#039;acc\u00e8s est responsable de la coordination et de la gestion des proc\u00e9dures et actions li\u00e9es \u00e0 l&#039;acc\u00e8s \u00e0 l&#039;Universit\u00e9 (<a href=\"https:\/\/www.ull.es\/servicios\/negociado-de-pruebas-de-acceso\/fr\/admision-becas\/ebau\/\" target=\"_blank\" rel=\"noreferrer noopener\">PAU<\/a>\u00a0y\u00a0<a href=\"https:\/\/www.ull.es\/servicios\/negociado-de-pruebas-de-acceso\/fr\/admision-becas\/acceso-mayores\/\" target=\"_blank\" rel=\"noreferrer noopener\">examens d&#039;entr\u00e9e pour les personnes de plus de 25, 40 et 45 ans<\/a>Ce service coordonne et met en \u0153uvre, en collaboration avec les \u00e9tablissements d&#039;enseignement secondaire, les proc\u00e9dures de pr\u00e9inscription et d&#039;inscription aux concours d&#039;entr\u00e9e \u00e0 l&#039;universit\u00e9 (PAU) et accompagne directement les \u00e9l\u00e8ves souhaitant passer d&#039;autres concours. Il vise \u00e0 soutenir l&#039;engagement institutionnel \u00e0 r\u00e9pondre aux besoins de la soci\u00e9t\u00e9 en mati\u00e8re d&#039;enseignement sup\u00e9rieur, conform\u00e9ment aux objectifs de la D\u00e9claration de Bologne et du nouvel Espace europ\u00e9en de l&#039;enseignement sup\u00e9rieur.<\/p><\/div>\n<\/div><\/div><\/div>\n<\/div><\/div>","protected":false},"excerpt":{"rendered":"<p>Service des examens d&#039;entr\u00e9e \u00e0 l&#039;universit\u00e9. Le Service des examens d&#039;entr\u00e9e \u00e0 l&#039;universit\u00e9 est charg\u00e9 de coordonner et de g\u00e9rer les proc\u00e9dures et actions relatives \u00e0 l&#039;acc\u00e8s \u00e0 l&#039;enseignement sup\u00e9rieur (examens d&#039;entr\u00e9e \u00e0 l&#039;universit\u00e9 et examens d&#039;entr\u00e9e pour les \u00e9tudiants de plus de 25, 40 et 45 ans). Il coordonne et met en \u0153uvre, en collaboration avec les \u00e9tablissements d&#039;enseignement secondaire, les processus\u2026<\/p>","protected":false},"author":12,"featured_media":0,"parent":0,"menu_order":0,"comment_status":"closed","ping_status":"closed","template":"templates\/template-frontpage.php","meta":{"_acf_changed":false,"footnotes":""},"class_list":["post-13","page","type-page","status-publish","hentry"],"acf":[],"_links":{"self":[{"href":"https:\/\/www.ull.es\/servicios\/negociado-de-pruebas-de-acceso\/fr\/wp-json\/wp\/v2\/pages\/13","targetHints":{"allow":["GET"]}}],"collection":[{"href":"https:\/\/www.ull.es\/servicios\/negociado-de-pruebas-de-acceso\/fr\/wp-json\/wp\/v2\/pages"}],"about":[{"href":"https:\/\/www.ull.es\/servicios\/negociado-de-pruebas-de-acceso\/fr\/wp-json\/wp\/v2\/types\/page"}],"author":[{"embeddable":true,"href":"https:\/\/www.ull.es\/servicios\/negociado-de-pruebas-de-acceso\/fr\/wp-json\/wp\/v2\/users\/12"}],"replies":[{"embeddable":true,"href":"https:\/\/www.ull.es\/servicios\/negociado-de-pruebas-de-acceso\/fr\/wp-json\/wp\/v2\/comments?post=13"}],"version-history":[{"count":33,"href":"https:\/\/www.ull.es\/servicios\/negociado-de-pruebas-de-acceso\/fr\/wp-json\/wp\/v2\/pages\/13\/revisions"}],"predecessor-version":[{"id":106,"href":"https:\/\/www.ull.es\/servicios\/negociado-de-pruebas-de-acceso\/fr\/wp-json\/wp\/v2\/pages\/13\/revisions\/106"}],"wp:attachment":[{"href":"https:\/\/www.ull.es\/servicios\/negociado-de-pruebas-de-acceso\/fr\/wp-json\/wp\/v2\/media?parent=13"}],"curies":[{"name":"wp","href":"https:\/\/api.w.org\/{rel}","templated":true}]}}