{"id":2,"date":"2019-06-20T13:15:25","date_gmt":"2019-06-20T11:15:25","guid":{"rendered":"https:\/\/www.ull.es\/servicios\/negociado-pruebas-acceso\/?page_id=2"},"modified":"2026-03-04T11:49:48","modified_gmt":"2026-03-04T10:49:48","slug":"servicios","status":"publish","type":"page","link":"https:\/\/www.ull.es\/servicios\/negociado-de-pruebas-de-acceso\/servicios\/","title":{"rendered":"Servicios"},"content":{"rendered":"\n<div class=\"wp-block-stackable-columns alignfull stk-block-columns stk-block stk-16a94b8\" data-block-id=\"16a94b8\"><style>.stk-16a94b8 {margin-bottom:56px !important;}@media screen and (max-width: 767px){.stk-16a94b8 {padding-top:0px !important;padding-right:0px !important;padding-bottom:0px !important;padding-left:0px !important;}}<\/style><div class=\"stk-row stk-inner-blocks stk-block-content stk-content-align stk-16a94b8-column alignfull\">\n<div class=\"wp-block-stackable-column stk-block-column stk-column stk-block stk-dfe9b01 stk-block-background stk--has-background-overlay\" data-v=\"4\" data-block-id=\"dfe9b01\"><style>.stk-dfe9b01 {background-image:url(https:\/\/www.ull.es\/servicios\/negociado-de-pruebas-de-acceso\/wp-content\/uploads\/sites\/23\/2019\/08\/16-Negociado-de-Pruebas-de-Acceso.jpg) !important;}.stk-dfe9b01:before{background-color:#000000 !important;opacity:0.3 !important;}@media screen and (max-width: 767px){.stk-dfe9b01 {padding-top:0px !important;padding-right:0px !important;padding-bottom:0px !important;padding-left:0px !important;}.stk-dfe9b01-container{min-height:320px !important;}}<\/style><div class=\"stk-column-wrapper stk-block-column__content stk-container stk-dfe9b01-container stk--no-background stk--no-padding\"><div class=\"stk-block-content stk-inner-blocks stk-dfe9b01-inner-blocks\">\n<div class=\"wp-block-stackable-columns alignfull stk-block-columns stk-block stk-3bf239f\" data-block-id=\"3bf239f\"><style>@media screen and (max-width: 1023px){.stk-3bf239f {padding-left:0px !important;}}<\/style><div class=\"stk-row stk-inner-blocks stk-block-content stk-content-align stk-3bf239f-column alignfull\">\n<div class=\"wp-block-stackable-column stk-block-column stk-column stk-block stk-f66584c\" data-v=\"4\" data-block-id=\"f66584c\"><div class=\"stk-column-wrapper stk-block-column__content stk-container stk-f66584c-container stk--no-background stk--no-padding\"><div class=\"stk-block-content stk-inner-blocks stk-f66584c-inner-blocks\">\n<div class=\"wp-block-stackable-heading stk-block-heading stk-block-heading--v2 stk-block stk-1bb54e9\" id=\"negociado-de-pruebas-de-acceso\" data-block-id=\"1bb54e9\"><style>.stk-1bb54e9 {padding-top:110px !important;padding-right:25px !important;padding-bottom:75px !important;padding-left:420px !important;}.stk-1bb54e9 .stk-block-heading__text{font-size:35px !important;color:#ffffff !important;font-weight:400 !important;}@media screen and (max-width: 1023px){.stk-1bb54e9 {padding-left:55px !important;}.stk-1bb54e9 .stk-block-heading__text{font-size:35px !important;}}@media screen and (max-width: 767px){.stk-1bb54e9 {padding-right:75px !important;padding-left:25px !important;}.stk-1bb54e9 .stk-block-heading__text{font-size:33px !important;}}<\/style><h2 class=\"stk-block-heading__text has-text-color has-text-align-left has-text-align-left-tablet has-text-align-left-mobile\">Negociado de Pruebas de Acceso<\/h2><\/div>\n<\/div><\/div><\/div>\n<\/div><\/div>\n<\/div><\/div><\/div>\n<\/div><\/div>\n\n\n\n<div class=\"wp-block-stackable-columns alignfull stk-block-columns stk-block stk-019f113\" data-block-id=\"019f113\"><style>.stk-019f113 .stk--block-align-019f113{align-items:stretch !important;}.stk-019f113-column{--stk-column-gap:95px !important;}<\/style><div class=\"stk-row stk-inner-blocks stk--block-align-019f113 stk-block-content stk-content-align stk-019f113-column alignfull\">\n<div class=\"wp-block-stackable-column stk-block-column stk-column stk-block stk-f687265\" data-v=\"4\" data-block-id=\"f687265\"><style>.stk-f687265 {padding-right:400px !important;padding-left:400px !important;margin-bottom:var(--stk--preset--spacing--none, 0px) !important;}@media screen and (max-width: 1023px){.stk-f687265 {padding-right:50px !important;padding-left:50px !important;}}@media screen and (max-width: 767px){.stk-f687265-inner-blocks{align-items:center !important;}.stk-f687265 {padding-right:20px !important;padding-left:20px !important;}}<\/style><div class=\"stk-column-wrapper stk-block-column__content stk-container stk-f687265-container stk--no-background stk--no-padding\"><div class=\"stk-block-content stk-inner-blocks stk-f687265-inner-blocks\">\n<div class=\"wp-block-stackable-heading stk-block-heading stk-block-heading--v2 stk-block stk-2a764d9\" id=\"servicios-que-ofrece-al-usuario\" data-block-id=\"2a764d9\"><style>.stk-2a764d9 {margin-bottom:12px !important;}.stk-2a764d9 .stk-block-heading__text{font-size:26px !important;color:#5c068c !important;font-weight:700 !important;}@media screen and (max-width: 1023px){.stk-2a764d9 .stk-block-heading__text{font-size:26px !important;}}<\/style><h2 class=\"stk-block-heading__text has-text-color\">Servicios que ofrece al usuario<\/h2><\/div>\n\n\n\n<ul class=\"wp-block-list\">\n<li>Atender y tramitar las demandas de las personas usuarias relacionadas con los procesos gestionados por el Negociado a trav\u00e9s de los distintos canales de Comunicaci\u00f3n.<\/li>\n\n\n\n<li>Gesti\u00f3n de expedientes de devoluci\u00f3n de tasas de la matr\u00edcula en las pruebas de acceso a la Universidad.<\/li>\n\n\n\n<li>Gesti\u00f3n de los traslados de expedientes de acceso de aquellos alumnos que, habiendo realizado la prueba de acceso en la Universidad de La Laguna, han obtenido plaza en otra Universidad espa\u00f1ola.<\/li>\n\n\n\n<li>Gesti\u00f3n y expedici\u00f3n de las certificaciones acad\u00e9micas oficiales sobre los resultados de las pruebas de acceso a la universidad (EBAU) y mayores de 25, 40 y 45 a\u00f1os para iniciar estudios universitarios.<\/li>\n\n\n\n<li>Seguimiento del proceso de calificaciones en las pruebas de acceso a la Universidad.<\/li>\n\n\n\n<li>Gesti\u00f3n y coordinaci\u00f3n en las pruebas de acceso a la Universidad de los procesos de matriculaci\u00f3n.<\/li>\n\n\n\n<li>Tratamiento de la informaci\u00f3n y proceso de matr\u00edcula en las pruebas de acceso a la Universidad.<\/li>\n\n\n\n<li>Atenci\u00f3n a usuarios\/as y otros servicios\/unidades de la ULL relacionados con los procesos de acceso a la Universidad.<\/li>\n\n\n\n<li>Orientaci\u00f3n y asesoramiento a alumnos\/as pre-universitarios\/as (EBAU, Mayores de 25, 40 y 45 a\u00f1os).<\/li>\n\n\n\n<li>Informaci\u00f3n sobre los procesos relacionados con el acceso a la Universidad ( EBAU, Mayores de 25, 40 y 45 a\u00f1os).<\/li>\n<\/ul>\n<\/div><\/div><\/div>\n<\/div><\/div>\n","protected":false},"excerpt":{"rendered":"<p>Negociado de Pruebas de Acceso Servicios que ofrece al usuario<\/p>\n","protected":false},"author":49,"featured_media":0,"parent":0,"menu_order":0,"comment_status":"closed","ping_status":"open","template":"templates\/template-frontpage.php","meta":{"_acf_changed":false,"footnotes":""},"class_list":["post-2","page","type-page","status-publish","hentry"],"acf":[],"_links":{"self":[{"href":"https:\/\/www.ull.es\/servicios\/negociado-de-pruebas-de-acceso\/wp-json\/wp\/v2\/pages\/2","targetHints":{"allow":["GET"]}}],"collection":[{"href":"https:\/\/www.ull.es\/servicios\/negociado-de-pruebas-de-acceso\/wp-json\/wp\/v2\/pages"}],"about":[{"href":"https:\/\/www.ull.es\/servicios\/negociado-de-pruebas-de-acceso\/wp-json\/wp\/v2\/types\/page"}],"author":[{"embeddable":true,"href":"https:\/\/www.ull.es\/servicios\/negociado-de-pruebas-de-acceso\/wp-json\/wp\/v2\/users\/49"}],"replies":[{"embeddable":true,"href":"https:\/\/www.ull.es\/servicios\/negociado-de-pruebas-de-acceso\/wp-json\/wp\/v2\/comments?post=2"}],"version-history":[{"count":11,"href":"https:\/\/www.ull.es\/servicios\/negociado-de-pruebas-de-acceso\/wp-json\/wp\/v2\/pages\/2\/revisions"}],"predecessor-version":[{"id":105,"href":"https:\/\/www.ull.es\/servicios\/negociado-de-pruebas-de-acceso\/wp-json\/wp\/v2\/pages\/2\/revisions\/105"}],"wp:attachment":[{"href":"https:\/\/www.ull.es\/servicios\/negociado-de-pruebas-de-acceso\/wp-json\/wp\/v2\/media?parent=2"}],"curies":[{"name":"wp","href":"https:\/\/api.w.org\/{rel}","templated":true}]}}