{"id":1665,"date":"2018-12-20T12:53:49","date_gmt":"2018-12-20T12:53:49","guid":{"rendered":"https:\/\/www.ull.es\/servicios\/otri\/?page_id=1665"},"modified":"2019-07-05T07:39:03","modified_gmt":"2019-07-05T07:39:03","slug":"normativa-valorizacion","status":"publish","type":"page","link":"https:\/\/www.ull.es\/servicios\/otc\/en\/normativa-valorizacion\/","title":{"rendered":"Valuation regulations"},"content":{"rendered":"<p>[vc_row][vc_column][vc_column_text]<\/p>\n<h2>Normativa valorizaci\u00f3n<\/h2>\n<p>[\/vc_column_text][vc_empty_space][vc_column_text]<\/p>\n<div class=\"col-md-12 ull-content\" role=\"main\">\n<div id=\"main_content\" class=\"ull-body-copy\" tabindex=\"-1\">\n<p><strong>Estatutos Universidad de La Laguna<\/strong><br \/>\n<a href=\"http:\/\/www.gobiernodecanarias.org\/boc\/2004\/143\/boc-2004-143-001.pdf\" target=\"_blank\" rel=\"noopener\">Decreto 89\/2004, de 6 de julio, por el que se aprueban los Estatutos de la Universidad de La Laguna<\/a><\/p>\n<p><strong>Normativa Valorizaci\u00f3n ULL (en revisi\u00f3n<\/strong>)<\/p>\n<p><strong>Ley de la Ciencia, la Tecnolog\u00eda y la Innovaci\u00f3n<\/strong><br \/>\n<a href=\"https:\/\/www.boe.es\/buscar\/act.php?id=BOE-A-2011-9617\" target=\"_blank\" rel=\"noopener\">Ley 14\/2011 de 1 de junio de Ciencia, Tecnolog\u00eda e Innovaci\u00f3n<\/a><\/p>\n<p><strong>Ley de R\u00e9gimen Jur\u00eddico del Sector P\u00fablico<\/strong><br \/>\n<a href=\"https:\/\/www.boe.es\/buscar\/pdf\/2015\/BOE-A-2015-10566-consolidado.pdf\" target=\"_blank\" rel=\"noopener\">Ley 40\/2015, de 1 de octubre, de R\u00e9gimen Jur\u00eddico del Sector P\u00fablico<\/a><\/p>\n<p><strong>Ley de Contratos del Sector P\u00fablico<\/strong><br \/>\n<a href=\"https:\/\/www.boe.es\/buscar\/pdf\/2017\/BOE-A-2017-12902-consolidado.pdf\" target=\"_blank\" rel=\"noopener\">Ley 9\/2017, de 8 de noviembre, de Contratos del Sector P\u00fablico<\/a><\/p>\n<p><strong>Ley Org\u00e1nica de Universidades<\/strong><br \/>\n<a href=\"https:\/\/www.boe.es\/buscar\/pdf\/2001\/BOE-A-2001-24515-consolidado.pdf\" target=\"_blank\" rel=\"noopener\">Ley Org\u00e1nica 6\/2001, de 21 de diciembre, de Universidades<\/a><\/p>\n<p><strong>Ley de incompatibilidades<\/strong><br \/>\n<a href=\"https:\/\/www.boe.es\/buscar\/doc.php?id=BOE-A-1985-151\" target=\"_blank\" rel=\"noopener\">Ley 53\/1984, de 26 de diciembre, de Incompatibilidades del Personal al Servicio de las Administraciones<\/a><\/p>\n<p><strong>Ley de Econom\u00eda Sostenible<\/strong><br \/>\n<a href=\"https:\/\/www.boe.es\/buscar\/act.php?id=BOE-A-2011-4117\" target=\"_blank\" rel=\"noopener\">Ley 2\/2011, de 4 de marzo, de Econom\u00eda Sostenible<\/a><\/p>\n<p><strong>Sello Pyme Innovadora<\/strong><br \/>\n<a href=\"https:\/\/www.boe.es\/boe\/dias\/2015\/06\/11\/pdfs\/BOE-A-2015-6468.pdf\" target=\"_blank\" rel=\"noopener\">BOE 139 Jueves 11 de junio de 2015<\/a><\/p>\n<p><strong>Normativa de creaci\u00f3n de Spin-off y Startup<br \/>\n<\/strong><a href=\"https:\/\/riull.ull.es\/xmlui\/bitstream\/handle\/915\/11045\/Acuerdo%202.pdf\" target=\"_blank\" rel=\"noopener\">Reglamento de Promoci\u00f3n y Creaci\u00f3n de <i>Spin-Off<\/i><\/a><\/p>\n<p><strong>Bonificaciones al personal I+D<\/strong><br \/>\n<a href=\"https:\/\/www.boe.es\/diario_boe\/txt.php?id=BOE-A-2014-6276\" target=\"_blank\" rel=\"noopener\">Real Decreto 475\/2014, de 13 de junio, sobre bonificaciones en la cotizaci\u00f3n a la Seguridad Social del personal investigador.<\/a><\/p>\n<\/div>\n<\/div>\n<div id=\"sidebar\"><\/div>\n<p>[\/vc_column_text][\/vc_column][\/vc_row]<\/p>\n","protected":false},"excerpt":{"rendered":"<p>[vc_row][vc_column][vc_column_text] Normativa valorizaci\u00f3n [\/vc_column_text][vc_empty_space][vc_column_text] Estatutos Universidad de La Laguna Decreto 89\/2004, de 6 de julio, por el que se aprueban los Estatutos de la Universidad de La Laguna Normativa Valorizaci\u00f3n ULL (en revisi\u00f3n) Ley de la Ciencia, la Tecnolog\u00eda y la Innovaci\u00f3n Ley 14\/2011 de 1 de junio de Ciencia, Tecnolog\u00eda e Innovaci\u00f3n Ley de&#8230;<\/p>\n","protected":false},"author":12,"featured_media":0,"parent":0,"menu_order":0,"comment_status":"closed","ping_status":"closed","template":"","meta":{"_acf_changed":false,"_crdt_document":"","footnotes":""},"class_list":["post-1665","page","type-page","status-publish","hentry"],"acf":[],"_links":{"self":[{"href":"https:\/\/www.ull.es\/servicios\/otc\/en\/wp-json\/wp\/v2\/pages\/1665","targetHints":{"allow":["GET"]}}],"collection":[{"href":"https:\/\/www.ull.es\/servicios\/otc\/en\/wp-json\/wp\/v2\/pages"}],"about":[{"href":"https:\/\/www.ull.es\/servicios\/otc\/en\/wp-json\/wp\/v2\/types\/page"}],"author":[{"embeddable":true,"href":"https:\/\/www.ull.es\/servicios\/otc\/en\/wp-json\/wp\/v2\/users\/12"}],"replies":[{"embeddable":true,"href":"https:\/\/www.ull.es\/servicios\/otc\/en\/wp-json\/wp\/v2\/comments?post=1665"}],"version-history":[{"count":3,"href":"https:\/\/www.ull.es\/servicios\/otc\/en\/wp-json\/wp\/v2\/pages\/1665\/revisions"}],"predecessor-version":[{"id":1883,"href":"https:\/\/www.ull.es\/servicios\/otc\/en\/wp-json\/wp\/v2\/pages\/1665\/revisions\/1883"}],"wp:attachment":[{"href":"https:\/\/www.ull.es\/servicios\/otc\/en\/wp-json\/wp\/v2\/media?parent=1665"}],"curies":[{"name":"wp","href":"https:\/\/api.w.org\/{rel}","templated":true}]}}