{"id":2389,"date":"2022-05-06T11:00:22","date_gmt":"2022-05-06T11:00:22","guid":{"rendered":"https:\/\/www.ull.es\/servicios\/otri\/?page_id=2389"},"modified":"2024-04-11T11:11:08","modified_gmt":"2024-04-11T11:11:08","slug":"ciencias-de-la-salud","status":"publish","type":"page","link":"https:\/\/www.ull.es\/servicios\/otc\/en\/ciencias-de-la-salud\/","title":{"rendered":"Health Sciences"},"content":{"rendered":"<p>[vc_row full_width=\u00bbstretch_row\u00bb css=\u00bb.vc_custom_1651834308817{padding-right: 15% !important;padding-left: 15% !important;}\u00bb][vc_column][vc_row_inner][vc_column_inner css=\u00bb.vc_custom_1651832351508{padding-top: 25px !important;padding-bottom: 20px !important;background-color: #efefef !important;}\u00bb el_id=\u00bbotri-nuevo\u00bb][vc_column_text]<\/p>\n<h1 style=\"text-align: center; color: #ffffff;\">Ciencias de la Salud<\/h1>\n<p>[\/vc_column_text][\/vc_column_inner][\/vc_row_inner][vc_row_inner equal_height=\u00bbyes\u00bb gap=\u00bb5&#8243;][vc_column_inner width=\u00bb1\/2&#8243; css=\u00bb.vc_custom_1651833027693{background-color: #efefef !important;}\u00bb][vc_btn title=\u00bbBiotecnolog\u00eda, Farmac\u00e9utica y Soluciones Digitales para el Sector Sanitario\u00bb size=\u00bblg\u00bb custom_onclick=\u00bbtrue\u00bb link=\u00bburl:https%3A%2F%2Fwww.ull.es%2Fservicios%2Fotc%2Fciencias-de-la-salud%2Fbiotecnologia-tecnologia-farmaceutica-y-soluciones-digitales-para-el-sector-sanitario\u00bb][vc_btn title=\u00bbBiomedicina y Especialidades m\u00e9dicas\u00bb size=\u00bblg\u00bb custom_onclick=\u00bbtrue\u00bb link=\u00bburl:https%3A%2F%2Fwww.ull.es%2Fservicios%2Fotc%2Fciencias-de-la-salud%2Fbiomedicina-y-neurociencias%2F\u00bb][vc_btn title=\u00bbEnfermedades infecciosas (Microbiolog\u00eda, Parasitolog\u00eda, Virolog\u00eda)\u00bb size=\u00bblg\u00bb custom_onclick=\u00bbtrue\u00bb link=\u00bburl:https%3A%2F%2Fwww.ull.es%2Fservicios%2Fotc%2Fciencias-de-la-salud%2Fenfermedades-infecciosas-microbiologia-parasitologia-virologia-2%2F\u00bb][vc_btn title=\u00bbEnfermedades raras\u00bb size=\u00bblg\u00bb custom_onclick=\u00bbtrue\u00bb link=\u00bburl:https%3A%2F%2Fwww.ull.es%2Fservicios%2Fotc%2Fciencias-de-la-salud%2Fenfermedades-raras\u00bb][vc_btn title=\u00bbEnfermer\u00eda\u00bb size=\u00bblg\u00bb custom_onclick=\u00bbtrue\u00bb link=\u00bburl:https%3A%2F%2Fwww.ull.es%2Fservicios%2Fotc%2Fciencias-de-la-salud%2Fenfermeria%2F|target:_blank\u00bb][vc_btn title=\u00bbNeurociencias\u00bb size=\u00bblg\u00bb custom_onclick=\u00bbtrue\u00bb link=\u00bburl:https%3A%2F%2Fwww.ull.es%2Fservicios%2Fotc%2Fciencias-de-la-salud%2Fneurociencias%2F|target:_blank\u00bb][vc_btn title=\u00bbPsiquiatr\u00eda\u00bb size=\u00bblg\u00bb custom_onclick=\u00bbtrue\u00bb link=\u00bburl:https%3A%2F%2Fwww.ull.es%2Fservicios%2Fotri%2Fciencias-de-la-salud%2Fpsiquiatria%2F|target:_blank\u00bb][vc_btn title=\u00bbFisioterapia\u00bb size=\u00bblg\u00bb custom_onclick=\u00bbtrue\u00bb link=\u00bburl:https%3A%2F%2Fwww.ull.es%2Fservicios%2Fotc%2Fciencias-de-la-salud%2Ffisioterapia%2F|target:_blank\u00bb][vc_btn title=\u00bbLogopedia\u00bb size=\u00bblg\u00bb custom_onclick=\u00bbtrue\u00bb link=\u00bburl:https%3A%2F%2Fwww.ull.es%2Fservicios%2Fotc%2Fciencias-de-la-salud%2Flogopedia%2F|target:_blank\u00bb][vc_btn title=\u00bbAlimentaci\u00f3n, nutrici\u00f3n y diet\u00e9tica\u00bb size=\u00bblg\u00bb custom_onclick=\u00bbtrue\u00bb link=\u00bburl:https%3A%2F%2Fwww.ull.es%2Fservicios%2Fotc%2Fciencias-de-la-salud%2Falimentacion-nutricion-y-dietetica%2F|target:_blank\u00bb][\/vc_column_inner][vc_column_inner width=\u00bb1\/2&#8243; css=\u00bb.vc_custom_1651832180671{background-color: #efefef !important;}\u00bb][vc_btn title=\u00bbVolver al Inicio\u00bb size=\u00bblg\u00bb link=\u00bburl:https%3A%2F%2Fwww.ull.es%2Fservicios%2Fotc%2F\u00bb el_class=\u00bbboton-volver\u00bb][\/vc_column_inner][\/vc_row_inner][\/vc_column][\/vc_row]<\/p>\n","protected":false},"excerpt":{"rendered":"<p>[vc_row full_width=\u00bbstretch_row\u00bb css=\u00bb.vc_custom_1651834308817{padding-right: 15% !important;padding-left: 15% !important;}\u00bb][vc_column][vc_row_inner][vc_column_inner css=\u00bb.vc_custom_1651832351508{padding-top: 25px !important;padding-bottom: 20px !important;background-color: #efefef !important;}\u00bb el_id=\u00bbotri-nuevo\u00bb][vc_column_text] Ciencias de la Salud [\/vc_column_text][\/vc_column_inner][\/vc_row_inner][vc_row_inner equal_height=\u00bbyes\u00bb gap=\u00bb5&#8243;][vc_column_inner width=\u00bb1\/2&#8243; css=\u00bb.vc_custom_1651833027693{background-color: #efefef !important;}\u00bb][vc_btn title=\u00bbBiotecnolog\u00eda, Farmac\u00e9utica y Soluciones Digitales para el Sector Sanitario\u00bb size=\u00bblg\u00bb custom_onclick=\u00bbtrue\u00bb link=\u00bburl:https%3A%2F%2Fwww.ull.es%2Fservicios%2Fotc%2Fciencias-de-la-salud%2Fbiotecnologia-tecnologia-farmaceutica-y-soluciones-digitales-para-el-sector-sanitario\u00bb][vc_btn title=\u00bbBiomedicina y Especialidades m\u00e9dicas\u00bb size=\u00bblg\u00bb custom_onclick=\u00bbtrue\u00bb link=\u00bburl:https%3A%2F%2Fwww.ull.es%2Fservicios%2Fotc%2Fciencias-de-la-salud%2Fbiomedicina-y-neurociencias%2F\u00bb][vc_btn title=\u00bbEnfermedades infecciosas (Microbiolog\u00eda, Parasitolog\u00eda, Virolog\u00eda)\u00bb size=\u00bblg\u00bb custom_onclick=\u00bbtrue\u00bb link=\u00bburl:https%3A%2F%2Fwww.ull.es%2Fservicios%2Fotc%2Fciencias-de-la-salud%2Fenfermedades-infecciosas-microbiologia-parasitologia-virologia-2%2F\u00bb][vc_btn title=\u00bbEnfermedades raras\u00bb&#8230;<\/p>\n","protected":false},"author":47,"featured_media":0,"parent":0,"menu_order":0,"comment_status":"closed","ping_status":"closed","template":"templates\/template-no-title.php","meta":{"_acf_changed":false,"footnotes":""},"class_list":["post-2389","page","type-page","status-publish","hentry"],"acf":[],"_links":{"self":[{"href":"https:\/\/www.ull.es\/servicios\/otc\/en\/wp-json\/wp\/v2\/pages\/2389","targetHints":{"allow":["GET"]}}],"collection":[{"href":"https:\/\/www.ull.es\/servicios\/otc\/en\/wp-json\/wp\/v2\/pages"}],"about":[{"href":"https:\/\/www.ull.es\/servicios\/otc\/en\/wp-json\/wp\/v2\/types\/page"}],"author":[{"embeddable":true,"href":"https:\/\/www.ull.es\/servicios\/otc\/en\/wp-json\/wp\/v2\/users\/47"}],"replies":[{"embeddable":true,"href":"https:\/\/www.ull.es\/servicios\/otc\/en\/wp-json\/wp\/v2\/comments?post=2389"}],"version-history":[{"count":25,"href":"https:\/\/www.ull.es\/servicios\/otc\/en\/wp-json\/wp\/v2\/pages\/2389\/revisions"}],"predecessor-version":[{"id":3106,"href":"https:\/\/www.ull.es\/servicios\/otc\/en\/wp-json\/wp\/v2\/pages\/2389\/revisions\/3106"}],"wp:attachment":[{"href":"https:\/\/www.ull.es\/servicios\/otc\/en\/wp-json\/wp\/v2\/media?parent=2389"}],"curies":[{"name":"wp","href":"https:\/\/api.w.org\/{rel}","templated":true}]}}