{"id":2410,"date":"2022-05-16T11:52:05","date_gmt":"2022-05-16T11:52:05","guid":{"rendered":"https:\/\/www.ull.es\/servicios\/otri\/?page_id=2410"},"modified":"2024-04-11T11:14:13","modified_gmt":"2024-04-11T11:14:13","slug":"biomedicina-y-neurociencias","status":"publish","type":"page","link":"https:\/\/www.ull.es\/servicios\/otc\/en\/ciencias-de-la-salud\/biomedicina-y-neurociencias\/","title":{"rendered":"Biomedicina y Especialidades m\u00e9dicas"},"content":{"rendered":"<p>[vc_row full_width=\u00bbstretch_row\u00bb css=\u00bb.vc_custom_1651834308817{padding-right: 15% !important;padding-left: 15% !important;}\u00bb][vc_column][vc_row_inner][vc_column_inner css=\u00bb.vc_custom_1651832351508{padding-top: 25px !important;padding-bottom: 20px !important;background-color: #efefef !important;}\u00bb el_id=\u00bbotri-nuevo\u00bb][vc_column_text]<\/p>\n<h1 style=\"text-align: center; color: #ffffff; font-size: 28px;\">Biomedicina y Especialidades m\u00e9dicas<\/h1>\n<p>[\/vc_column_text][\/vc_column_inner][\/vc_row_inner][\/vc_column][\/vc_row][vc_row full_width=\u00bbstretch_row\u00bb gap=\u00bb4&#8243; equal_height=\u00bbyes\u00bb css=\u00bb.vc_custom_1652438508240{padding-right: 15% !important;padding-left: 15% !important;}\u00bb][vc_column css_animation=\u00bbappear\u00bb width=\u00bb2\/3&#8243; css=\u00bb.vc_custom_1652438462684{background-color: #efefef !important;}\u00bb][vc_tta_accordion active_section=\u00bb\u00bb collapsible_all=\u00bbtrue\u00bb][vc_tta_section title=\u00bbInstitutos de Investigaci\u00f3n\u00bb tab_id=\u00bbinstituto-de-investigacion\u00bb][vc_column_text]<\/p>\n<ul>\n<li><a href=\"https:\/\/www.ull.es\/institutos\/instituto-tecnologias-biomedicas\/\" target=\"_blank\" rel=\"noopener\" target=\"_blank\" rel=\"noopener\"><b>Instituto de Tecnolog\u00edas Biom\u00e9dicas <\/b><\/a><\/li>\n<li><a href=\"https:\/\/www.ull.es\/institutos\/instituto-universitario-bio-organica\/\" target=\"_blank\" rel=\"noopener\" target=\"_blank\" rel=\"noopener\"><b>Instituto Universitario de Bio-Org\u00e1nica Antonio Gonz\u00e1lez <\/b><\/a><\/li>\n<li><a href=\"https:\/\/www.ull.es\/institutos\/instituto-enfermedades-tropicales-salud-publica-canarias\/\" target=\"_blank\" rel=\"noopener\" target=\"_blank\" rel=\"noopener\"><b>Instituto Universitario de Enfermedades Tropicales y Salud P\u00fablica de Canarias\u00a0<\/b><\/a><\/li>\n<li><b><a href=\"https:\/\/www.ull.es\/institutos\/instituto-universitario-neurociencia\/\" target=\"_blank\" rel=\"noopener\" target=\"_blank\" rel=\"noopener\">Instituto Universitario de Neurociencia<\/a>\u00a0<\/b><\/li>\n<\/ul>\n<p>[\/vc_column_text][\/vc_tta_section][vc_tta_section title=\u00bbGrupos de Investigaci\u00f3n\u00bb tab_id=\u00bb1652437509859-62471542-0f76&#8243;][vc_column_text]<\/p>\n<ul>\n<li><strong><a href=\"https:\/\/drive.google.com\/file\/d\/1PgUjZZFXUIOIYFicXyNsM3Rl9SFZS6Oa\/view?usp=sharing\" target=\"_blank\" rel=\"noopener\">AFM-NANO. Advanced Functional Materials and Nanoscience<\/a><\/strong><\/li>\n<li><strong><a href=\"https:\/\/drive.google.com\/file\/d\/1wlZRuNoAcquVCQ-zH8fKZmcQvzR8ucFw\/view?usp=sharing\" target=\"_blank\" rel=\"noopener\">BAPADNNPA. Bioantropolog\u00eda. paleopatolog\u00eda, dieta y nutrici\u00f3n en poblaciones antiguas<\/a><\/strong><\/li>\n<li><strong><a href=\"https:\/\/drive.google.com\/file\/d\/1EIgLcs-Zv5G_Hc3e6Tq0_CcAUS-St_l5\/view?usp=sharing\" target=\"_blank\" rel=\"noopener\">Bio\u00e9tica y Biopol\u00edtica<\/a><\/strong><\/li>\n<li><strong><a href=\"https:\/\/drive.google.com\/file\/d\/1xiYtvmofv0-qYU_jyrGQR0GzHQtQ9Jzm\/view?usp=sharing\" target=\"_blank\" rel=\"noopener\">BioLab<\/a><\/strong><\/li>\n<li><strong><a href=\"https:\/\/drive.google.com\/file\/d\/1oiTF2V1m4a8S7SRQSZCpCdSpt_Hmaszh\/view?usp=sharing\" target=\"_blank\" rel=\"noopener\">CDC de Canarias. Cardiovascular, Diabetes, C\u00e1ncer<\/a><\/strong><\/li>\n<li><strong><a href=\"https:\/\/drive.google.com\/file\/d\/1pxknSeYBf3kP9Zc81CCMXfhuetJsRp2g\/view?usp=sharing\" target=\"_blank\" rel=\"noopener\">CESEX. Centro de Estudios Sexol\u00f3gicos<\/a><\/strong><\/li>\n<li><strong><a href=\"https:\/\/drive.google.com\/file\/d\/1PhhoKk7In0ToEa2zgqpVN8C4UvyN2hWw\/view?usp=sharing\" target=\"_blank\" rel=\"noopener\">DGNM. Desarrollo gal\u00e9nico de medicamentos<\/a><\/strong><\/li>\n<li><strong><a href=\"https:\/\/drive.google.com\/file\/d\/1qigGUhLE2Lw-WfFdOPFuviWE1bMxPrbS\/view?usp=sharing\" target=\"_blank\" rel=\"noopener\">EB. Estructura de Biomol\u00e9culas<\/a><\/strong><\/li>\n<li><strong><a href=\"https:\/\/drive.google.com\/file\/d\/1qfAKS_SXA7unumeQKxIOZHyMET-g426_\/view?usp=sharing\" target=\"_blank\" rel=\"noopener\">ENGASTRO. Enfermedades inflamatorias y neopl\u00e1sicas del tracto gastrointestinal, enfermedades hep\u00e1ticas prevalentes<\/a><\/strong><\/li>\n<li><strong><a href=\"https:\/\/drive.google.com\/file\/d\/1WMdRxn7ftAw9cc4CZtEQc0o86sq4qRLt\/view?usp=sharing\" target=\"_blank\" rel=\"noopener\">FARMACOEPI. Farmacoepidemiolog\u00eda y Estudios de utilizaci\u00f3n de medicamentos<\/a><\/strong><\/li>\n<li><strong><a href=\"https:\/\/drive.google.com\/file\/d\/1ZZYxC41_5U4pL-rI5LBKeResLXJMoyDH\/view?usp=sharing\" target=\"_blank\" rel=\"noopener\">GAIM. Grupo de an\u00e1lisis de im\u00e1genes m\u00e9dicas<\/a><\/strong><\/li>\n<li><strong><a href=\"https:\/\/drive.google.com\/file\/d\/1sNTyBuJT1ULmi51JSJ9jYVY3gy5dDgO_\/view?usp=sharing\" target=\"_blank\" rel=\"noopener\">GESALUD. Gen\u00f3mica y Salud<\/a><\/strong><\/li>\n<li><strong><a href=\"https:\/\/drive.google.com\/file\/d\/1QXK0aGDy5umUqVIFDqK0bimkPxT6ZSaN\/view?usp=sharing\" target=\"_blank\" rel=\"noopener\">GMDP. Grupo de Materiales y Dispositivos \u00d3pticos<\/a><\/strong><\/li>\n<li><strong><a href=\"https:\/\/drive.google.com\/file\/d\/1wRsBwPL6Sgz-Ad9eYi4T_kFodub5-sLr\/view?usp=sharing\" target=\"_blank\" rel=\"noopener\">GRUCATOX. Urgencias y Toxicolog\u00eda cl\u00ednica<\/a><\/strong><\/li>\n<li><strong><a href=\"https:\/\/drive.google.com\/file\/d\/1LKfID1uNKd_BoZt9BTOUDNqSaBKLn-yR\/view?usp=sharing\" target=\"_blank\" rel=\"noopener\">INEAB. Investigaci\u00f3n en Neuroanatom\u00eda B\u00e1sica<\/a><\/strong><\/li>\n<li><strong><a href=\"https:\/\/drive.google.com\/file\/d\/1oBiR4I4mJFjo6amlLMvvwGEF0Nbz7GQD\/view?usp=sharing\" target=\"_blank\" rel=\"noopener\">LM. La lactancia materna desde un enfoque multidisciplinar<\/a><\/strong><\/li>\n<li><strong><a href=\"https:\/\/drive.google.com\/file\/d\/15Qkbw8K5fSoh48oh1KLqcRsMlVcdWKux\/view?usp=sharing\" target=\"_blank\" rel=\"noopener\">MAIMA. Microbiolog\u00eda aplicada a la Industria y al Medioambiente<\/a><\/strong><\/li>\n<li><strong><a href=\"https:\/\/drive.google.com\/file\/d\/1OQxto9EMgMZE5nj_t92X00YPRHpBmBiB\/view?usp=sharing\" target=\"_blank\" rel=\"noopener\">MAT4ALL. Materials for Chemical Analysis<\/a><\/strong><\/li>\n<li><strong><a href=\"https:\/\/drive.google.com\/file\/d\/1qfePlyCUYf-m8DxgPB1-vHr0iaQkeaL_\/view?usp=sharing\" target=\"_blank\" rel=\"noopener\">MMN. Mecanismos Moleculares en Neurodegeneraci\u00f3n<\/a><\/strong><\/li>\n<li><strong><a href=\"https:\/\/drive.google.com\/file\/d\/1rvzimWOS7-mvM42DAEZghPMUWQCFbRBi\/view?usp=sharing\" target=\"_blank\" rel=\"noopener\">MOLCAN. Bases Moleculares de Canalopat\u00edas Humanas<\/a><\/strong><\/li>\n<li><strong><a href=\"https:\/\/drive.google.com\/file\/d\/1JqoQMWLW8yM_t4onPW7KhPT-NOdGuJ_Q\/view?usp=sharing\" target=\"_blank\" rel=\"noopener\">MOVE&amp;HEALTH LAB. Movement and Health Research Group<\/a><\/strong><\/li>\n<li><strong><a href=\"https:\/\/drive.google.com\/file\/d\/1dhxrsEcDbVW1lxCX4mYEe5ryEHyiNW4G\/view?usp=sharing\" target=\"_blank\" rel=\"noopener\">MTNRED. M\u00e9todos num\u00e9ricos en ecuaciones diferenciales<\/a><\/strong><\/li>\n<li><strong><a href=\"https:\/\/drive.google.com\/file\/d\/1MAhKzmCOc_vEDDD5BIp7YZ_YB37TDGBu\/view?usp=sharing\" target=\"_blank\" rel=\"noopener\">NANAE. Neurobiolog\u00eda y Neurolog\u00eda Experimental<\/a><\/strong><\/li>\n<li><strong><a href=\"https:\/\/drive.google.com\/file\/d\/1zt3ZfvDHEoQgTQnDAlofAVYBgL2pXBW9\/view?usp=sharing\" target=\"_blank\" rel=\"noopener\">NEUBIOHUM. Neurobiolog\u00eda Humana<\/a><\/strong><\/li>\n<li><strong><a href=\"https:\/\/drive.google.com\/file\/d\/1jIPiPkamOQbjTPIWXJqIEUy8kYzlI1HZ\/view?usp=sharing\" target=\"_blank\" rel=\"noopener\">NEUCLIN. Neurociencia Cl\u00ednica<\/a><\/strong><\/li>\n<li><strong><a href=\"https:\/\/drive.google.com\/file\/d\/1c02qo3Stx0EQAAFNtCMyULEzDKphxS1p\/view?usp=sharing\" target=\"_blank\" rel=\"noopener\">NeuroCog-PsL. Neurociencia Cognitiva y Psicoling\u00fc\u00edstica<\/a><\/strong><\/li>\n<li><strong><a href=\"https:\/\/drive.google.com\/file\/d\/1wJQiVooV6iSI7sV2aaMDfkQUSWXqG1MW\/view?usp=sharing\" target=\"_blank\" rel=\"noopener\">NNLab. Laboratorio de Neuroqu\u00edmica y Neuroimagen<\/a><\/strong><\/li>\n<li><strong><a href=\"https:\/\/drive.google.com\/file\/d\/10YYkPC7FwlbZQjQ4baCf5-MJgW-xbtI9\/view?usp=sharing\" target=\"_blank\" rel=\"noopener\">NQAB. Nanomateriales en Qu\u00edmica Anal\u00edtica y Biomedicina<\/a><\/strong><\/li>\n<li><strong><a href=\"https:\/\/drive.google.com\/file\/d\/1dZS2MpGXycfzS5abY2QAcKhtk5dRQYK_\/view?usp=sharing\" target=\"_blank\" rel=\"noopener\">NUTRAHLIPIDS. Fisiolog\u00eda de los l\u00edpidos y sus derivados en la nutrici\u00f3n animal y humana<\/a><\/strong><\/li>\n<li><strong><a href=\"https:\/\/drive.google.com\/file\/d\/1eCi0igrGH7jcI_c080ijDvZwxpMbLjQA\/view?usp=sharing\" target=\"_blank\" rel=\"noopener\">PAMER. Patolog\u00eda celular y molecular<\/a><\/strong><\/li>\n<li><strong><a href=\"https:\/\/drive.google.com\/file\/d\/1n1OsdYdc3QViIrkK6c8mGf5OGUF4aKdd\/view?usp=sharing\" target=\"_blank\" rel=\"noopener\">PST. P\u00e9ptidos y se\u00f1alizaci\u00f3n celular<\/a><\/strong><\/li>\n<li><strong><a href=\"https:\/\/drive.google.com\/file\/d\/1FuPvBH8YF5aBsm03xCBiuSLn_mT1sjNT\/view?usp=sharing\" target=\"_blank\" rel=\"noopener\">QUIBIONAT. Qu\u00edmica y Bioactividad de Compuestos basados en Productos Naturales<\/a><\/strong><\/li>\n<li><strong><a href=\"https:\/\/drive.google.com\/file\/d\/1KUhLKQSsYMnTpbtAvLqo1nZBf-tFft4l\/view?usp=sharing\" target=\"_blank\" rel=\"noopener\">QUIMIOPLAN. Bioactive Natural Products<\/a><\/strong><\/li>\n<li><strong><a href=\"https:\/\/drive.google.com\/file\/d\/14OnHoIp5T87K6968h4pn7Ei1W6UA3nMd\/view?usp=sharing\" target=\"_blank\" rel=\"noopener\">SAQUIFAR. Investigaci\u00f3n de sustancias activas desde un punto de vista qu\u00edmico y farmacol\u00f3gico<\/a><\/strong><\/li>\n<li><strong><a href=\"https:\/\/drive.google.com\/file\/d\/1lKJCeiX_ZwqaUj3JPcTy5YlLz-PVxm9j\/view?usp=sharing\" target=\"_blank\" rel=\"noopener\">SECEL. Se\u00f1alizaci\u00f3n celular en enfermedades neurodegenerativas<\/a><\/strong><\/li>\n<\/ul>\n<p>[\/vc_column_text][\/vc_tta_section][vc_tta_section title=\u00bbAplicaciones Industriales, Servicios y Laboratorios\u00bb tab_id=\u00bb1652437536275-76120a38-8561&#8243;][vc_column_text]<\/p>\n<ul>\n<li><a href=\"https:\/\/www.ull.es\/servicios\/segai\/\" target=\"_blank\" rel=\"noopener\" target=\"_blank\" rel=\"noopener\"><b>Servicio General de Apoyo a la Investigaci\u00f3n (SEGAI)<\/b><\/a><\/li>\n<\/ul>\n<p>[\/vc_column_text][\/vc_tta_section][vc_tta_section title=\u00bbPatentes y Modelos de Utilidad\u00bb tab_id=\u00bb1652437588359-de0ee6a8-e3fc\u00bb][vc_column_text]<\/p>\n<ul>\n<li><a href=\"https:\/\/www.ull.es\/servicios\/otri\/proteccion\/cartera-patentes\/celda-electroquimica-para-la-deteccion-de-aminas-biogenas\/\" target=\"_blank\" rel=\"noopener\" target=\"_blank\" rel=\"noopener\"><span style=\"font-weight: 400;\">U202130711 &#8211; Celda electroqu\u00edmica para la detecci\u00f3n de aminas bi\u00f3genas.<\/span><\/a><\/li>\n<li><a href=\"https:\/\/www.ull.es\/servicios\/otri\/proteccion\/cartera-patentes\/funcionalidad-de-las-plaquetas-para-el-diagnostico-temprano-del-parkinson\/\" target=\"_blank\" rel=\"noopener\" target=\"_blank\" rel=\"noopener\"><span style=\"font-weight: 400;\">P201800221 &#8211; Funcionalidad de las plaquetas para el diagn\u00f3stico temprano del Parkinson.<\/span><\/a><\/li>\n<li><a href=\"https:\/\/www.ull.es\/servicios\/otri\/proteccion\/cartera-patentes\/compuesto-para-el-tratamiento-de-enfermedades-causadas-por-la-acumulacion-de-oxalato\/\" target=\"_blank\" rel=\"noopener\" target=\"_blank\" rel=\"noopener\"><span style=\"font-weight: 400;\">P201730326 &#8211; Compuesto para el tratamiento de enfermedades causadas por la acumulaci\u00f3n de oxalato.<\/span><\/a><\/li>\n<li><a href=\"https:\/\/www.ull.es\/servicios\/otri\/proteccion\/cartera-patentes\/omplemento-nutricional-para-la-proteccion-de-neuronas-frente-al-riesgo-de-parkinson-en-mujeres-combinando-isoflavonas-y-acido-docosahexaenoico\/\" target=\"_blank\" rel=\"noopener\" target=\"_blank\" rel=\"noopener\"><span style=\"font-weight: 400;\">P201600980 &#8211; Complemento nutricional para la protecci\u00f3n de neuronas frente al riesgo de Parkinson en mujeres, combinando isoflavonas \u00e1cido docosahexaenoico.<\/span><\/a><\/li>\n<li><a href=\"https:\/\/www.ull.es\/servicios\/otri\/proteccion\/cartera-patentes\/preparado-nutricional-como-preventivo-de-la-depresion-pre-y-post-parto\/\" target=\"_blank\" rel=\"noopener\" target=\"_blank\" rel=\"noopener\"><span style=\"font-weight: 400;\">P201600459 &#8211; Preparado nutricional como preventivo de la depresi\u00f3n pre- y post-parto.<\/span><\/a><\/li>\n<\/ul>\n<p>[\/vc_column_text][\/vc_tta_section][\/vc_tta_accordion][vc_empty_space][\/vc_column][vc_column width=\u00bb1\/3&#8243; css=\u00bb.vc_custom_1652438456640{background-color: #efefef !important;}\u00bb][vc_btn title=\u00bbVolver a Ciencias de La Salud\u00bb size=\u00bblg\u00bb link=\u00bburl:https%3A%2F%2Fwww.ull.es%2Fservicios%2Fotc%2Fciencias-de-la-salud%2F\u00bb el_class=\u00bbboton-volver\u00bb][vc_btn title=\u00bbVolver al Inicio\u00bb color=\u00bbpurple\u00bb size=\u00bblg\u00bb align=\u00bbcenter\u00bb button_block=\u00bbtrue\u00bb link=\u00bburl:https%3A%2F%2Fwww.ull.es%2Fservicios%2Fotc%2F\u00bb el_class=\u00bbboton-volver\u00bb][\/vc_column][\/vc_row][vc_row][vc_column][vc_column_text]<\/p>\n<p class=\"p1\">[\/vc_column_text][\/vc_column][\/vc_row][vc_row full_width=\u00bbstretch_row\u00bb gap=\u00bb4&#8243; equal_height=\u00bbyes\u00bb css=\u00bb.vc_custom_1652438508240{padding-right: 15% !important;padding-left: 15% !important;}\u00bb][vc_column css_animation=\u00bbappear\u00bb width=\u00bb2\/3&#8243; css=\u00bb.vc_custom_1652438462684{background-color: #efefef !important;}\u00bb][\/vc_column][vc_column width=\u00bb1\/3&#8243; css=\u00bb.vc_custom_1652438456640{background-color: #efefef !important;}\u00bb][\/vc_column][\/vc_row][vc_row][vc_column][vc_column_text][\/vc_column_text][\/vc_column][\/vc_row][vc_row][vc_column][vc_column_text][\/vc_column_text][\/vc_column][\/vc_row]<\/p>\n","protected":false},"excerpt":{"rendered":"<p>[vc_row full_width=\u00bbstretch_row\u00bb css=\u00bb.vc_custom_1651834308817{padding-right: 15% !important;padding-left: 15% !important;}\u00bb][vc_column][vc_row_inner][vc_column_inner css=\u00bb.vc_custom_1651832351508{padding-top: 25px !important;padding-bottom: 20px !important;background-color: #efefef !important;}\u00bb el_id=\u00bbotri-nuevo\u00bb][vc_column_text] Biomedicina y Especialidades m\u00e9dicas [\/vc_column_text][\/vc_column_inner][\/vc_row_inner][\/vc_column][\/vc_row][vc_row full_width=\u00bbstretch_row\u00bb gap=\u00bb4&#8243; equal_height=\u00bbyes\u00bb css=\u00bb.vc_custom_1652438508240{padding-right: 15% !important;padding-left: 15% !important;}\u00bb][vc_column css_animation=\u00bbappear\u00bb width=\u00bb2\/3&#8243; css=\u00bb.vc_custom_1652438462684{background-color: #efefef !important;}\u00bb][vc_tta_accordion active_section=\u00bb\u00bb collapsible_all=\u00bbtrue\u00bb][vc_tta_section title=\u00bbInstitutos de Investigaci\u00f3n\u00bb tab_id=\u00bbinstituto-de-investigacion\u00bb][vc_column_text] Instituto de Tecnolog\u00edas Biom\u00e9dicas Instituto Universitario de Bio-Org\u00e1nica Antonio Gonz\u00e1lez Instituto Universitario de Enfermedades Tropicales y&#8230;<\/p>\n","protected":false},"author":47,"featured_media":0,"parent":2389,"menu_order":0,"comment_status":"closed","ping_status":"closed","template":"templates\/template-no-title.php","meta":{"_acf_changed":false,"footnotes":""},"class_list":["post-2410","page","type-page","status-publish","hentry"],"acf":[],"_links":{"self":[{"href":"https:\/\/www.ull.es\/servicios\/otc\/en\/wp-json\/wp\/v2\/pages\/2410","targetHints":{"allow":["GET"]}}],"collection":[{"href":"https:\/\/www.ull.es\/servicios\/otc\/en\/wp-json\/wp\/v2\/pages"}],"about":[{"href":"https:\/\/www.ull.es\/servicios\/otc\/en\/wp-json\/wp\/v2\/types\/page"}],"author":[{"embeddable":true,"href":"https:\/\/www.ull.es\/servicios\/otc\/en\/wp-json\/wp\/v2\/users\/47"}],"replies":[{"embeddable":true,"href":"https:\/\/www.ull.es\/servicios\/otc\/en\/wp-json\/wp\/v2\/comments?post=2410"}],"version-history":[{"count":12,"href":"https:\/\/www.ull.es\/servicios\/otc\/en\/wp-json\/wp\/v2\/pages\/2410\/revisions"}],"predecessor-version":[{"id":3108,"href":"https:\/\/www.ull.es\/servicios\/otc\/en\/wp-json\/wp\/v2\/pages\/2410\/revisions\/3108"}],"up":[{"embeddable":true,"href":"https:\/\/www.ull.es\/servicios\/otc\/en\/wp-json\/wp\/v2\/pages\/2389"}],"wp:attachment":[{"href":"https:\/\/www.ull.es\/servicios\/otc\/en\/wp-json\/wp\/v2\/media?parent=2410"}],"curies":[{"name":"wp","href":"https:\/\/api.w.org\/{rel}","templated":true}]}}