{"id":872,"date":"2018-09-04T12:13:56","date_gmt":"2018-09-04T12:13:56","guid":{"rendered":"https:\/\/www.ull.es\/servicios\/otri\/?page_id=872"},"modified":"2025-02-11T10:42:28","modified_gmt":"2025-02-11T10:42:28","slug":"proyectos","status":"publish","type":"page","link":"https:\/\/www.ull.es\/servicios\/otc\/en\/proyectos\/","title":{"rendered":"Competitive Research Projects"},"content":{"rendered":"<p>[vc_row][vc_column][vc_column_text]<\/p>\n<h1>Proyectos de Investigaci\u00f3n Competitivos<\/h1>\n<p>[\/vc_column_text][\/vc_column][\/vc_row][vc_row][vc_column width=\u00bb2\/3&#8243;][vc_column_text]La Unidad de Apoyo a Proyectos Competitivos de la OTRI da soporte al personal investigador vinculado con la ULL en la solicitud, gesti\u00f3n y justificaci\u00f3n de proyectos a nivel regional, nacional e internacional. La unidad facilita el desarrollo de propuestas y la gesti\u00f3n administrativa y econ\u00f3mica para la captaci\u00f3n de fondos en distintas convocatorias competitivas. Los servicios y actividades gen\u00e9ricas de la unidad son:<\/p>\n<ul>\n<li>Dise\u00f1o y ejecuci\u00f3n de un plan institucional para incrementar el n\u00famero de proyectos presentados a convocatorias competitivas.<\/li>\n<li>Servir de punto de informaci\u00f3n para el personal investigador sobre los distintos instrumentos y convocatorias de financiaci\u00f3n.<\/li>\n<li>B\u00fasqueda de la convocatoria m\u00e1s apropiada en funci\u00f3n de las l\u00edneas de investigaci\u00f3n de un\/una investigador\/a o grupo concreto.<\/li>\n<\/ul>\n<h3>Proyectos Internacionales<\/h3>\n<p>Dentro de la unidad, la divisi\u00f3n de proyectos internacionales tiene como principal misi\u00f3n ayudar a los equipos de investigaci\u00f3n de la ULL a captar fondos a trav\u00e9s de convocatorias competitivas de proyectos internacionales, con especial foco en los programas de H2020 y de Interreg de la Comisi\u00f3n Europea.<\/p>\n<p>Concretamente, las principales funciones a desempe\u00f1ar son las siguientes:<\/p>\n<ul>\n<li>Orientaci\u00f3n en la preparaci\u00f3n de propuestas europeas, presupuesto y tr\u00e1mites a trav\u00e9s de las distintas plataformas.<\/li>\n<li>Soporte en el establecimiento de consorcios en proyectos colaborativos poniendo en contacto a los\/as investigadores\/as ULL con otros centros de excelencia y\/o empresas.<\/li>\n<li>Organizar jornadas informativas y talleres de trabajo sobre programas y convocatorias de proyectos de investigaci\u00f3n internacionales.<\/li>\n<\/ul>\n<h3>Proyectos Nacionales y Regionales<\/h3>\n<p>Dentro de la unidad, la divisi\u00f3n de proyectos nacionales y regionales se encarga de ayudar a los equipos de investigaci\u00f3n en el seguimiento y la gesti\u00f3n de proyectos del plan nacional de I+D, proyectos regionales, plan propio de la Universidad de La Laguna y proyectos de otras entidades.<\/p>\n<p>Concretamente, las principales funciones a desempe\u00f1ar son las siguientes:<\/p>\n<ul>\n<li>Ayudar en la carga burocr\u00e1tica del personal investigador, que dirigen y solicitan proyectos de investigaci\u00f3n y de transferencia.<\/li>\n<li>Labores de supervisi\u00f3n de la elegibilidad de los gastos de proyectos competitivos.<\/li>\n<li>Ayuda en la elaboraci\u00f3n y tramitaci\u00f3n de memorias de seguimiento e informes finales de los proyectos competitivos.<\/li>\n<li>Realizaci\u00f3n de labores de b\u00fasqueda de convocatorias, as\u00ed como labores de seguimiento y evaluaci\u00f3n de los proyectos ejecutados.<\/li>\n<li>Orientaci\u00f3n a los\/as investigadores\/as en el planteamiento de proyectos en convocatorias concretas.<\/li>\n<\/ul>\n<p>[\/vc_column_text][vc_tta_accordion shape=\u00bbsquare\u00bb c_icon=\u00bbchevron\u00bb c_position=\u00bbright\u00bb active_section=\u00bb\u00bb no_fill=\u00bbtrue\u00bb collapsible_all=\u00bbtrue\u00bb][vc_tta_section title=\u00bbEnlaces de inter\u00e9s\u00bb tab_id=\u00bbenlaces-interes\u00bb][vc_column_text]<\/p>\n<ul>\n<li><span style=\"color: #000000;\"><a href=\"https:\/\/www.horizonteeuropa.es\/\" target=\"_blank\" rel=\"noopener\" data-saferedirecturl=\"https:\/\/www.google.com\/url?q=https:\/\/www.horizonteeuropa.es\/&amp;source=gmail&amp;ust=1739262159640000&amp;usg=AOvVaw3QngoldYphYOucs408Zosb\" target=\"_blank\" rel=\"noopener\">Horizonte Europa (HE)<\/a>\u00a0\u00a0<\/span><\/li>\n<li><span style=\"color: #000000;\"><a href=\"https:\/\/ec.europa.eu\/info\/funding-tenders\/opportunities\/portal\/screen\/home\" target=\"_blank\" rel=\"noopener\" data-saferedirecturl=\"https:\/\/www.google.com\/url?q=https:\/\/ec.europa.eu\/info\/funding-tenders\/opportunities\/portal\/screen\/home&amp;source=gmail&amp;ust=1739262159640000&amp;usg=AOvVaw1zd9N3D5ZvsAqXeboTVEru\" target=\"_blank\" rel=\"noopener\">Portal Funding and Tenders (F&amp;T)<\/a>&#8211; Informaci\u00f3n general<\/span>\n<ul>\n<li><span style=\"color: #000000;\"><a href=\"https:\/\/ec.europa.eu\/info\/funding-tenders\/opportunities\/portal\/screen\/programmes\" target=\"_blank\" rel=\"noopener\" data-saferedirecturl=\"https:\/\/www.google.com\/url?q=https:\/\/ec.europa.eu\/info\/funding-tenders\/opportunities\/portal\/screen\/programmes&amp;source=gmail&amp;ust=1739262159640000&amp;usg=AOvVaw3KS4chIKRbhXymrQVZS9RT\" target=\"_blank\" rel=\"noopener\">Listado de Programas Europeos<\/a><\/span><\/li>\n<\/ul>\n<\/li>\n<li><a href=\"https:\/\/cordis.europa.eu\/es\" target=\"_blank\" rel=\"noopener\" data-saferedirecturl=\"https:\/\/www.google.com\/url?q=https:\/\/cordis.europa.eu\/es&amp;source=gmail&amp;ust=1739355788245000&amp;usg=AOvVaw3HOnZH3KWL12GegjzqHo5X\" target=\"_blank\" rel=\"noopener\">CORDIS | European Commission<\/a>.<\/li>\n<li><span style=\"color: #000000;\">INTERREG <\/span>\n<ul>\n<li><span style=\"color: #000000;\"><a href=\"https:\/\/interregmac.org\/\" target=\"_blank\" rel=\"noopener\" data-saferedirecturl=\"https:\/\/www.google.com\/url?q=https:\/\/interregmac.org\/&amp;source=gmail&amp;ust=1739262159640000&amp;usg=AOvVaw0Pz5Aosjy0sMDywSQ5Awj6\" target=\"_blank\" rel=\"noopener\">MAC 2021-2027<\/a><\/span><\/li>\n<li><span style=\"color: #000000;\"><a href=\"https:\/\/www.atlanticarea.eu\/for-applicants\/call-for-projects\" target=\"_blank\" rel=\"noopener\" data-saferedirecturl=\"https:\/\/www.google.com\/url?q=https:\/\/www.atlanticarea.eu\/for-applicants\/call-for-projects&amp;source=gmail&amp;ust=1739262159640000&amp;usg=AOvVaw3aVbqwMCCeLIdtMD6Td0WT\" target=\"_blank\" rel=\"noopener\">Atlantic Area 2021-2027<\/a><\/span><\/li>\n<li><span style=\"color: #000000;\"><a href=\"https:\/\/www.interregeurope.eu\/\" target=\"_blank\" rel=\"noopener\" data-saferedirecturl=\"https:\/\/www.google.com\/url?q=https:\/\/www.interregeurope.eu\/&amp;source=gmail&amp;ust=1739262159640000&amp;usg=AOvVaw2U9RgWz6zk4DrEIF5YN7fn\" target=\"_blank\" rel=\"noopener\">Europe 2021-2027<\/a><\/span><\/li>\n<\/ul>\n<\/li>\n<li><span style=\"color: #000000;\"><a href=\"https:\/\/www.cdti.es\/\" target=\"_blank\" rel=\"noopener\" data-saferedirecturl=\"https:\/\/www.google.com\/url?q=https:\/\/www.cdti.es\/&amp;source=gmail&amp;ust=1739262159640000&amp;usg=AOvVaw2Usat8B3b-_XjmrADAB_BR\" target=\"_blank\" rel=\"noopener\">Centro para el Desarrollo Tecnol\u00f3gico y la Innovaci\u00f3n<\/a><\/span><\/li>\n<li><span style=\"color: #000000;\"><a href=\"https:\/\/www.ciencia.gob.es\/Convocatorias.html\" target=\"_blank\" rel=\"noopener\" data-saferedirecturl=\"https:\/\/www.google.com\/url?q=https:\/\/www.ciencia.gob.es\/Convocatorias.html&amp;source=gmail&amp;ust=1739262159640000&amp;usg=AOvVaw1cVtB7v9sp6XzLxtntTQ6g\" target=\"_blank\" rel=\"noopener\">Ministerio de Ciencia, Innovaci\u00f3n y Universidades<\/a><\/span><\/li>\n<li>Agencia Estatal de Investigaci\u00f3n (AEI)\n<ul>\n<li><a href=\"https:\/\/www.aei.gob.es\/colaboracion-internacional\/convocatorias-internacionales\" target=\"_blank\" rel=\"noopener\" data-saferedirecturl=\"https:\/\/www.google.com\/url?q=https:\/\/www.aei.gob.es\/colaboracion-internacional\/convocatorias-internacionales&amp;source=gmail&amp;ust=1739262159640000&amp;usg=AOvVaw1R2L_GLfEKBEF2DhhwvWvG\" target=\"_blank\" rel=\"noopener\">Convocatorias internacionales<\/a><\/li>\n<li><a href=\"https:\/\/www.aei.gob.es\/colaboracion-internacional\/proyectos-colaboracion-internacional\" target=\"_blank\" rel=\"noopener\" data-saferedirecturl=\"https:\/\/www.google.com\/url?q=https:\/\/www.aei.gob.es\/colaboracion-internacional\/proyectos-colaboracion-internacional&amp;source=gmail&amp;ust=1739262159640000&amp;usg=AOvVaw2KLt4GLbHA_ldx35UGonc5\" target=\"_blank\" rel=\"noopener\">Proyectos de Colaboraci\u00f3n Internacional<\/a><\/li>\n<\/ul>\n<\/li>\n<li><span style=\"color: #000000;\"><a href=\"https:\/\/www.gobiernodecanarias.org\/conocimiento\/\" target=\"_blank\" rel=\"noopener\" data-saferedirecturl=\"https:\/\/www.google.com\/url?q=https:\/\/www.gobiernodecanarias.org\/conocimiento\/&amp;source=gmail&amp;ust=1739262159640000&amp;usg=AOvVaw2MUfCI7-uBFUP0VowuOi47\" target=\"_blank\" rel=\"noopener\">Agencia Canaria de Investigaci\u00f3n, Innovaci\u00f3n y Sociedad de la Informaci\u00f3n (ACIISI)<\/a><\/span><\/li>\n<\/ul>\n<p><strong>Programas anteriores<\/strong><\/p>\n<ul>\n<li style=\"list-style-type: none;\">\n<ul>\n<li><a href=\"https:\/\/ec.europa.eu\/programmes\/horizon2020\/en\/\" target=\"_blank\" rel=\"noopener\">H2020<\/a><\/li>\n<li><a href=\"https:\/\/ec.europa.eu\/research\/participants\/portal\/desktop\/en\/home.html\" target=\"_blank\" rel=\"noopener\">Research Participant Portal<\/a><\/li>\n<li><a href=\"https:\/\/www.mac-interreg.org\/\" target=\"_blank\" rel=\"noopener\">Programa de Cooperaci\u00f3n Transnacional A\u00e7ores-Madeira-Canarias (POMAC)<\/a><\/li>\n<\/ul>\n<\/li>\n<\/ul>\n<p>[\/vc_column_text][\/vc_tta_section][vc_tta_section title=\u00bbDocumentaci\u00f3n\u00bb tab_id=\u00bbdocumentacion\u00bb][vc_column_text]<\/p>\n<ul>\n<li><a href=\"https:\/\/drive.google.com\/file\/d\/1CsLeWGL_Wj_9c5yTAs8M92JJ3wRGTuZ-\/view?usp=share_link\" target=\"_blank\" rel=\"noopener\">Registro y validaci\u00f3n de propuestas de proyectos internacionales<\/a><\/li>\n<li><a href=\"https:\/\/drive.google.com\/file\/d\/14zz6c-roRbvtvUxz8GjFtQh94uykH30I\/view?usp=share_link\" target=\"_blank\" rel=\"noopener\" target=\"_blank\" rel=\"noopener\">C\u00f3mo registrar una propuesta<\/a><\/li>\n<li><a href=\"https:\/\/drive.google.com\/file\/d\/1wvZvunoBXjDtex1aA4eBJZ5ZZz4T5EVB\/view?usp=share_link\" target=\"_blank\" rel=\"noopener\" target=\"_blank\" rel=\"noopener\">\u00bfC\u00f3mo dar acceso a un usuario a mi propuesta de Horizonte Europa?<\/a><\/li>\n<\/ul>\n<p>[\/vc_column_text][\/vc_tta_section][\/vc_tta_accordion][\/vc_column][vc_column width=\u00bb1\/3&#8243;][vc_column_text]<a class=\"btn-destacado\" href=\"https:\/\/www.ull.es\/servicios\/otc\/proyectos-nacionales-regionales\/\" rel=\"noopener\" target=\"_blank\" rel=\"noopener\">Proyectos nacionales y regionales<i class=\"fa fa-arrow-right\"><\/i><\/a>[\/vc_column_text][vc_column_text]<a class=\"btn-destacado\" href=\"https:\/\/www.ull.es\/servicios\/otc\/proyectos\/proyectos-internacionales\/\" rel=\"noopener\" target=\"_blank\" rel=\"noopener\">Proyectos internacionales<i class=\"fa fa-arrow-right\"><\/i><\/a>[\/vc_column_text][vc_column_text]<a class=\"btn-destacado\" style=\"background: #7A4499; min-height: 100%;\" href=\"https:\/\/docs.google.com\/presentation\/d\/e\/2PACX-1vTNy6thYohmqtg-y5rbfuLWKO8ofvKTv61lB3w3pJUOoB6P-xf6p_2hCZCb9pNhuV994Leux-L9ldy3\/pub?start=false&amp;loop=false&amp;delayms=3000\" target=\"_blank\" rel=\"noopener noreferrer\" target=\"_blank\" rel=\"noopener\">Convocatorias proyectos de investigaci\u00f3n competitivos<\/a>[\/vc_column_text][vc_column_text]<a class=\"btn-destacado\" style=\"background: #7A4499; min-height: 100%;\" href=\"https:\/\/docs.google.com\/presentation\/d\/e\/2PACX-1vRweNN6vEH40XEp7fm-Qfw75_TRTELe2xQlfah8PCZHcHIZKZ6a8MVS3zZOYEFD19oqCjJBtGeOYPjR\/pub?start=false&amp;loop=false&amp;delayms=3000\" target=\"_blank\" rel=\"noopener noreferrer\" target=\"_blank\" rel=\"noopener\">Direcciones Generales y Agencias Ejecutivas de la Comisi\u00f3n<\/a>[\/vc_column_text][vc_column_text]<a class=\"btn-destacado\" style=\"background: #7A4499; min-height: 100%;\" href=\"https:\/\/www.ull.es\/portal\/normativa\/normativa-ull\/investigacion\/#normativa-de-proyectos\" target=\"_blank\" rel=\"noopener noreferrer\" target=\"_blank\" rel=\"noopener\">Normativa de proyectos<\/a>[\/vc_column_text][vc_column_text]<a class=\"btn-destacado\" style=\"background: #7A4499; min-height: 100%;\" href=\"https:\/\/www.ull.es\/investigacion\/euraxess\/\" target=\"_blank\" rel=\"noopener noreferrer\" target=\"_blank\" rel=\"noopener\">EURAXESS<\/a>[\/vc_column_text][\/vc_column][\/vc_row]<\/p>\n","protected":false},"excerpt":{"rendered":"<p>[vc_row][vc_column][vc_column_text] Proyectos de Investigaci\u00f3n Competitivos [\/vc_column_text][\/vc_column][\/vc_row][vc_row][vc_column width=\u00bb2\/3&#8243;][vc_column_text]La Unidad de Apoyo a Proyectos Competitivos de la OTRI da soporte al personal investigador vinculado con la ULL en la solicitud, gesti\u00f3n y justificaci\u00f3n de proyectos a nivel regional, nacional e internacional. La unidad facilita el desarrollo de propuestas y la gesti\u00f3n administrativa y econ\u00f3mica para la captaci\u00f3n&#8230;<\/p>\n","protected":false},"author":1,"featured_media":0,"parent":0,"menu_order":0,"comment_status":"closed","ping_status":"closed","template":"","meta":{"_acf_changed":false,"footnotes":""},"class_list":["post-872","page","type-page","status-publish","hentry"],"acf":[],"_links":{"self":[{"href":"https:\/\/www.ull.es\/servicios\/otc\/en\/wp-json\/wp\/v2\/pages\/872","targetHints":{"allow":["GET"]}}],"collection":[{"href":"https:\/\/www.ull.es\/servicios\/otc\/en\/wp-json\/wp\/v2\/pages"}],"about":[{"href":"https:\/\/www.ull.es\/servicios\/otc\/en\/wp-json\/wp\/v2\/types\/page"}],"author":[{"embeddable":true,"href":"https:\/\/www.ull.es\/servicios\/otc\/en\/wp-json\/wp\/v2\/users\/1"}],"replies":[{"embeddable":true,"href":"https:\/\/www.ull.es\/servicios\/otc\/en\/wp-json\/wp\/v2\/comments?post=872"}],"version-history":[{"count":28,"href":"https:\/\/www.ull.es\/servicios\/otc\/en\/wp-json\/wp\/v2\/pages\/872\/revisions"}],"predecessor-version":[{"id":3225,"href":"https:\/\/www.ull.es\/servicios\/otc\/en\/wp-json\/wp\/v2\/pages\/872\/revisions\/3225"}],"wp:attachment":[{"href":"https:\/\/www.ull.es\/servicios\/otc\/en\/wp-json\/wp\/v2\/media?parent=872"}],"curies":[{"name":"wp","href":"https:\/\/api.w.org\/{rel}","templated":true}]}}