{"id":116,"date":"2018-05-31T08:43:07","date_gmt":"2018-05-31T08:43:07","guid":{"rendered":"https:\/\/www.ull.es\/servicios\/otri\/?page_id=116"},"modified":"2026-03-18T12:00:07","modified_gmt":"2026-03-18T12:00:07","slug":"protocolos-convenios-contratos","status":"publish","type":"page","link":"https:\/\/www.ull.es\/servicios\/otc\/fr\/valorizacion\/protocolos-convenios-contratos\/","title":{"rendered":"Protocoles, accords et contrats"},"content":{"rendered":"<div class=\"wp-block-stackable-columns alignfull stk-block-columns stk-block stk-16a94b8\" data-block-id=\"16a94b8\"><style>.stk-16a94b8 {margin-bottom:75px !important;}@media screen and (max-width: 767px){.stk-16a94b8 {padding-top:0px !important;padding-right:0px !important;padding-bottom:0px !important;padding-left:0px !important;}}<\/style><div class=\"stk-row stk-inner-blocks stk-block-content stk-content-align stk-16a94b8-column alignfull\">\n<div class=\"wp-block-stackable-column stk-block-column stk-column stk-block stk-dfe9b01 stk-block-background stk--has-background-overlay\" data-v=\"4\" data-block-id=\"dfe9b01\"><style>.stk-dfe9b01 {background-image:url(https:\/\/www.ull.es\/servicios\/otc\/wp-content\/uploads\/sites\/9\/2020\/01\/banner-otri.png) !important;}.stk-dfe9b01:before{background-color:#000000 !important;opacity:0.3 !important;}@media screen and (max-width: 767px){.stk-dfe9b01 {padding-top:0px !important;padding-right:0px !important;padding-bottom:0px !important;padding-left:0px !important;}.stk-dfe9b01-container{min-height:320px !important;}}<\/style><div class=\"stk-column-wrapper stk-block-column__content stk-container stk-dfe9b01-container stk--no-background stk--no-padding\"><div class=\"stk-block-content stk-inner-blocks stk-dfe9b01-inner-blocks\">\n<div class=\"wp-block-stackable-columns alignfull stk-block-columns stk-block stk-3bf239f\" data-block-id=\"3bf239f\"><style>@media screen and (max-width: 1023px){.stk-3bf239f {padding-left:0px !important;}}<\/style><div class=\"stk-row stk-inner-blocks stk-block-content stk-content-align stk-3bf239f-column alignfull\">\n<div class=\"wp-block-stackable-column stk-block-column stk-column stk-block stk-f66584c\" data-v=\"4\" data-block-id=\"f66584c\"><div class=\"stk-column-wrapper stk-block-column__content stk-container stk-f66584c-container stk--no-background stk--no-padding\"><div class=\"stk-block-content stk-inner-blocks stk-f66584c-inner-blocks\">\n<div class=\"wp-block-stackable-heading stk-block-heading stk-block-heading--v2 stk-block stk-1bb54e9\" id=\"oficina-de-transferencia-del-conocimiento\" data-block-id=\"1bb54e9\"><style>.stk-1bb54e9 {padding-top:110px !important;padding-right:25px !important;padding-bottom:75px !important;padding-left:420px !important;}.stk-1bb54e9 .stk-block-heading__text{font-size:35px !important;color:#ffffff !important;font-weight:400 !important;}@media screen and (max-width: 1023px){.stk-1bb54e9 {padding-left:55px !important;}.stk-1bb54e9 .stk-block-heading__text{font-size:35px !important;}}@media screen and (max-width: 767px){.stk-1bb54e9 {padding-right:95px !important;padding-left:25px !important;}.stk-1bb54e9 .stk-block-heading__text{font-size:33px !important;}}<\/style><h2 class=\"stk-block-heading__text has-text-color has-text-align-left has-text-align-left-tablet has-text-align-left-mobile\">Bureau de transfert de connaissances<\/h2><\/div>\n<\/div><\/div><\/div>\n<\/div><\/div>\n<\/div><\/div><\/div>\n<\/div><\/div>\n\n\n\n<div class=\"wp-block-stackable-columns alignfull stk-block-columns stk-block stk-646b6b6\" data-block-id=\"646b6b6\"><style>.stk-646b6b6-column{max-width:1140px !important;min-width:auto !important;margin-right:auto !important;margin-left:auto !important;--stk-column-gap:35px !important;}@media screen and (max-width: 1023px){.stk-646b6b6-column{max-width:725px !important;min-width:auto !important;margin-right:auto !important;margin-left:auto !important;}}@media screen and (max-width: 767px){.stk-646b6b6-column{max-width:375px !important;min-width:auto !important;margin-right:auto !important;margin-left:auto !important;}}<\/style><div class=\"stk-row stk-inner-blocks has-text-align-left stk-block-content stk-content-align stk-646b6b6-column alignfull\">\n<div class=\"wp-block-stackable-column stk-block-column stk-column stk-block stk-3e896f3\" data-v=\"4\" data-block-id=\"3e896f3\"><style>.stk-3e896f3-container{margin-top:0px !important;margin-right:0px !important;margin-bottom:0px !important;margin-left:0px !important;}@media screen and (min-width: 768px){.stk-3e896f3 {flex:var(--stk-flex-grow, 1) 1 calc(65% - var(--stk-column-gap, 0px) * 1 \/ 2 ) !important;}}@media screen and (max-width: 767px){.stk-3e896f3 {margin-bottom:24px !important;}}<\/style><div class=\"stk-column-wrapper stk-block-column__content stk-container stk-3e896f3-container stk--no-background stk--no-padding\"><div class=\"stk-block-content stk-inner-blocks stk-3e896f3-inner-blocks\">\n<div class=\"wp-block-stackable-heading stk-block-heading stk-block-heading--v2 stk-block stk-5209636\" id=\"protocolos-convenios-y-contratos\" data-block-id=\"5209636\"><style>.stk-5209636 {margin-bottom:12px !important;}.stk-5209636 .stk-block-heading__text{font-size:35px !important;color:#5c068c !important;font-weight:400 !important;}@media screen and (max-width: 1023px){.stk-5209636 .stk-block-heading__text{font-size:35px !important;}}<\/style><h2 class=\"stk-block-heading__text has-text-color\">Protocoles, accords et contrats<\/h2><\/div>\n\n\n\n<div class=\"wp-block-stackable-text stk-block-text stk-block stk-117c24f\" data-block-id=\"117c24f\"><style>.stk-117c24f {margin-bottom:12px !important;}.stk-117c24f .stk-block-text__text{font-size:16px !important;}@media screen and (max-width: 1023px){.stk-117c24f .stk-block-text__text{font-size:16px !important;}}<\/style><p class=\"stk-block-text__text\">Selon leur finalit\u00e9, nous distinguons les types d&#039;accords suivants\u00a0:<\/p><\/div>\n\n\n\n<div class=\"wp-block-stackable-heading stk-block-heading stk-block-heading--v2 stk-block stk-08ba8ea\" id=\"protocolo-general-de-actuacion-pga\" data-block-id=\"08ba8ea\"><style>.stk-08ba8ea {margin-bottom:12px !important;}<\/style><h3 class=\"stk-block-heading__text\">Protocole d&#039;action g\u00e9n\u00e9ral (PGA)<\/h3><\/div>\n\n\n\n<div class=\"wp-block-stackable-text stk-block-text stk-block stk-7260f08\" data-block-id=\"7260f08\"><style>.stk-7260f08 .stk-block-text__text{font-size:16px !important;}@media screen and (max-width: 1023px){.stk-7260f08 .stk-block-text__text{font-size:16px !important;}}<\/style><p class=\"stk-block-text__text\">Il s&#039;agit d&#039;accords \u00e0 long terme qui \u00e9tablissent le cadre r\u00e9glementaire r\u00e9gissant les relations futures entre les parties participantes.<br><br>Ce type d&#039;accord convient lorsque les parties manifestent un int\u00e9r\u00eat commun pour le d\u00e9veloppement conjoint de diverses activit\u00e9s dans le domaine de la R&amp;D&amp;I (y compris les activit\u00e9s de formation). Il s&#039;agit simplement de d\u00e9clarations d&#039;intention de port\u00e9e g\u00e9n\u00e9rale ou exprimant une volont\u00e9 de collaborer.<br><br>Il convient de pr\u00e9ciser que, dans le cadre d&#039;un accord de partenariat public-priv\u00e9 (APPP), chaque collaboration sp\u00e9cifique entre les parties doit \u00eatre encadr\u00e9e par des accords et\/ou des contrats sp\u00e9cifiques.<\/p><\/div>\n\n\n\n<div class=\"wp-block-stackable-heading stk-block-heading stk-block-heading--v2 stk-block stk-7430e95\" id=\"convenio-especifico\" data-block-id=\"7430e95\"><style>.stk-7430e95 {margin-bottom:12px !important;}<\/style><h3 class=\"stk-block-heading__text\">accord sp\u00e9cifique<\/h3><\/div>\n\n\n\n<div class=\"wp-block-stackable-text stk-block-text stk-block stk-e1c530e\" data-block-id=\"e1c530e\"><style>.stk-e1c530e .stk-block-text__text{font-size:16px !important;}@media screen and (max-width: 1023px){.stk-e1c530e .stk-block-text__text{font-size:16px !important;}}<\/style><p class=\"stk-block-text__text\">Il s&#039;agit d&#039;accords visant \u00e0 encadrer le d\u00e9veloppement conjoint d&#039;activit\u00e9s sp\u00e9cifiques. Ces accords doivent \u00eatre accompagn\u00e9s d&#039;un rapport justifiant le contenu du projet. En cas de contribution financi\u00e8re, un budget final doit \u00e9galement \u00eatre fourni.<\/p><\/div>\n\n\n\n<div class=\"wp-block-stackable-heading stk-block-heading stk-block-heading--v2 stk-block stk-898986f\" id=\"contrato-de-prestacion-de-servicios\" data-block-id=\"898986f\"><style>.stk-898986f {margin-bottom:12px !important;}<\/style><h3 class=\"stk-block-heading__text\">contrat de prestation de services<\/h3><\/div>\n\n\n\n<div class=\"wp-block-stackable-text stk-block-text stk-block stk-fef17b7\" data-block-id=\"fef17b7\"><style>.stk-fef17b7 {margin-bottom:12px !important;}.stk-fef17b7 .stk-block-text__text{font-size:16px !important;}@media screen and (max-width: 1023px){.stk-fef17b7 .stk-block-text__text{font-size:16px !important;}}<\/style><p class=\"stk-block-text__text\">Ce type de contrat comprend les activit\u00e9s de conseil, l&#039;analyse d&#039;\u00e9chantillons, les activit\u00e9s de R&amp;D commandit\u00e9es, etc. ; dans lequel un chercheur, une \u00e9quipe de recherche ou un service universitaire est engag\u00e9 pour fournir un service \u00e0 une organisation externe, recevant en retour une r\u00e9mun\u00e9ration pour le travail effectu\u00e9.<br><br>Si la prestation est assur\u00e9e par un groupe de recherche, elle est soumise aux dispositions de l&#039;article 83 de la loi organique 6\/2001 du 21 d\u00e9cembre relative aux universit\u00e9s (LOU). En outre, le contrat doit \u00eatre accompagn\u00e9 des documents sign\u00e9s suivants\u00a0:<\/p><\/div>\n\n\n\n<div class=\"wp-block-stackable-icon-list stk-block-icon-list stk-block stk-f52b944\" data-block-id=\"f52b944\"><style>.stk-f52b944 {--stk-icon-list-icon-size:4px !important;margin-bottom:12px !important;margin-left:15px !important;}.stk-f52b944 .stk-block-icon-list-item__content{align-items:flex-start !important;}.stk-f52b944 ul .stk-block-icon-list-item__content .stk--inner-svg, .stk-f52b944 ol .stk-block-icon-list-item__content .stk-block-icon-list-item__marker{transform:translateY(11px) !important;}.stk-f52b944 ul li, .stk-f52b944 ol li, .stk-f52b944 ul li span, .stk-f52b944 ol li span{font-size:16px !important;}@media screen and (max-width: 1023px){.stk-f52b944 ul li, .stk-f52b944 ol li, .stk-f52b944 ul li span, .stk-f52b944 ol li span{font-size:16px !important;}}<\/style><svg style=\"display:none\"><defs><g id=\"stk-icon-list__icon-svg-def-f52b944\"><svg xmlns=\"http:\/\/www.w3.org\/2000\/svg\" viewbox=\"0 0 512 512\"><path d=\"M256 512A256 256 0 1 0 256 0a256 256 0 1 0 0 512z\"\/><\/svg><\/g><\/defs><\/svg><ul class=\"stk-block-icon-list__ul stk-block-icon-list--column\">\n<li class=\"wp-block-stackable-icon-list-item stk-block-icon-list-item stk-block stk-cff7c1c\" data-block-id=\"cff7c1c\"><div class=\"stk-block-icon-list-item__content\"><span class=\"stk--svg-wrapper\"><div class=\"stk--inner-svg\"><svg aria-hidden=\"true\" width=\"32\" height=\"32\"><use xlink:href=\"#stk-icon-list__icon-svg-def-f52b944\"><\/use><\/svg><\/div><\/span><span class=\"stk-block-icon-list-item__text\">Budget finalis\u00e9.<\/span><\/div><\/li>\n\n\n\n<li class=\"wp-block-stackable-icon-list-item stk-block-icon-list-item stk-block stk-0b67281\" data-block-id=\"0b67281\"><div class=\"stk-block-icon-list-item__content\"><span class=\"stk--svg-wrapper\"><div class=\"stk--inner-svg\"><svg aria-hidden=\"true\" width=\"32\" height=\"32\"><use xlink:href=\"#stk-icon-list__icon-svg-def-f52b944\"><\/use><\/svg><\/div><\/span><span class=\"stk-block-icon-list-item__text\">Autorisation du d\u00e9partement auquel appartient chaque chercheur participant.<\/span><\/div><\/li>\n\n\n\n<li class=\"wp-block-stackable-icon-list-item stk-block-icon-list-item stk-block stk-4449245\" data-block-id=\"4449245\"><div class=\"stk-block-icon-list-item__content\"><span class=\"stk--svg-wrapper\"><div class=\"stk--inner-svg\"><svg aria-hidden=\"true\" width=\"32\" height=\"32\"><use xlink:href=\"#stk-icon-list__icon-svg-def-f52b944\"><\/use><\/svg><\/div><\/span><span class=\"stk-block-icon-list-item__text\">Acceptation du chercheur pour la r\u00e9alisation de la prestation de services.<\/span><\/div><\/li>\n<\/ul><\/div>\n\n\n\n<div class=\"wp-block-stackable-text stk-block-text stk-block stk-41e037c\" data-block-id=\"41e037c\"><style>.stk-41e037c .stk-block-text__text{font-size:16px !important;}@media screen and (max-width: 1023px){.stk-41e037c .stk-block-text__text{font-size:16px !important;}}<\/style><p class=\"stk-block-text__text\">Si le service est fourni par un service universitaire, il est effectu\u00e9 via sa fiche de mission correspondante.<\/p><\/div>\n\n\n\n<div class=\"wp-block-stackable-heading stk-block-heading stk-block-heading--v2 stk-block stk-dce8b96\" id=\"acuerdos-especificos-para-la-proteccion-y-explotacion-de-resultados\" data-block-id=\"dce8b96\"><style>.stk-dce8b96 {margin-bottom:12px !important;}<\/style><h3 class=\"stk-block-heading__text\">Accords sp\u00e9cifiques pour la protection et l&#039;exploitation des r\u00e9sultats<\/h3><\/div>\n\n\n\n<div class=\"wp-block-stackable-text stk-block-text stk-block stk-1588096\" data-block-id=\"1588096\"><style>.stk-1588096 {margin-bottom:12px !important;}.stk-1588096 .stk-block-text__text{font-size:16px !important;}@media screen and (max-width: 1023px){.stk-1588096 .stk-block-text__text{font-size:16px !important;}}<\/style><p class=\"stk-block-text__text\">Il existe un sous-type d\u2019accords qui, de par leurs caract\u00e9ristiques, peuvent \u00eatre regroup\u00e9s avec ceux qui visent \u00e0 r\u00e9glementer la protection et l\u2019exploitation des r\u00e9sultats de la recherche\u00a0:<\/p><\/div>\n\n\n\n<div class=\"wp-block-stackable-icon-list stk-block-icon-list stk-block stk-b1dd31a\" data-block-id=\"b1dd31a\"><style>.stk-b1dd31a {--stk-icon-list-icon-size:4px !important;margin-bottom:12px !important;margin-left:15px !important;}.stk-b1dd31a .stk-block-icon-list-item__content{align-items:flex-start !important;}.stk-b1dd31a ul .stk-block-icon-list-item__content .stk--inner-svg, .stk-b1dd31a ol .stk-block-icon-list-item__content .stk-block-icon-list-item__marker{transform:translateY(11px) !important;}.stk-b1dd31a ul li, .stk-b1dd31a ol li, .stk-b1dd31a ul li span, .stk-b1dd31a ol li span{font-size:16px !important;}@media screen and (max-width: 1023px){.stk-b1dd31a ul li, .stk-b1dd31a ol li, .stk-b1dd31a ul li span, .stk-b1dd31a ol li span{font-size:16px !important;}}<\/style><svg style=\"display:none\"><defs><g id=\"stk-icon-list__icon-svg-def-b1dd31a\"><svg xmlns=\"http:\/\/www.w3.org\/2000\/svg\" viewbox=\"0 0 512 512\"><path d=\"M256 512A256 256 0 1 0 256 0a256 256 0 1 0 0 512z\"\/><\/svg><\/g><\/defs><\/svg><ul class=\"stk-block-icon-list__ul stk-block-icon-list--column\">\n<li class=\"wp-block-stackable-icon-list-item stk-block-icon-list-item stk-block stk-8c62484\" data-block-id=\"8c62484\"><div class=\"stk-block-icon-list-item__content\"><span class=\"stk--svg-wrapper\"><div class=\"stk--inner-svg\"><svg aria-hidden=\"true\" width=\"32\" height=\"32\"><use xlink:href=\"#stk-icon-list__icon-svg-def-b1dd31a\"><\/use><\/svg><\/div><\/span><span class=\"stk-block-icon-list-item__text\">Accord de copropri\u00e9t\u00e9\u00a0: d\u00e9finit la propri\u00e9t\u00e9 des inventions r\u00e9alis\u00e9es conjointement avec d\u2019autres groupes de recherche ou entit\u00e9s, assurant ainsi la reconnaissance du travail de nos chercheurs.<\/span><\/div><\/li>\n\n\n\n<li class=\"wp-block-stackable-icon-list-item stk-block-icon-list-item stk-block stk-be3a1e2\" data-block-id=\"be3a1e2\"><div class=\"stk-block-icon-list-item__content\"><span class=\"stk--svg-wrapper\"><div class=\"stk--inner-svg\"><svg aria-hidden=\"true\" width=\"32\" height=\"32\"><use xlink:href=\"#stk-icon-list__icon-svg-def-b1dd31a\"><\/use><\/svg><\/div><\/span><span class=\"stk-block-icon-list-item__text\">Accord de confidentialit\u00e9\u00a0: accords r\u00e9gissant l\u2019obligation de garder secr\u00e8tes les informations partag\u00e9es avec des tiers concernant les recherches men\u00e9es par l\u2019Universit\u00e9.<\/span><\/div><\/li>\n\n\n\n<li class=\"wp-block-stackable-icon-list-item stk-block-icon-list-item stk-block stk-f094a6c\" data-block-id=\"f094a6c\"><div class=\"stk-block-icon-list-item__content\"><span class=\"stk--svg-wrapper\"><div class=\"stk--inner-svg\"><svg aria-hidden=\"true\" width=\"32\" height=\"32\"><use xlink:href=\"#stk-icon-list__icon-svg-def-b1dd31a\"><\/use><\/svg><\/div><\/span><span class=\"stk-block-icon-list-item__text\">Contrat de licence et de cession de droits : directement li\u00e9 \u00e0 la propri\u00e9t\u00e9 intellectuelle et industrielle, impliquant la gestion de sa vente et de son utilisation.<\/span><\/div><\/li>\n\n\n\n<li class=\"wp-block-stackable-icon-list-item stk-block-icon-list-item stk-block stk-045cb52\" data-block-id=\"045cb52\"><div class=\"stk-block-icon-list-item__content\"><span class=\"stk--svg-wrapper\"><div class=\"stk--inner-svg\"><svg aria-hidden=\"true\" width=\"32\" height=\"32\"><use xlink:href=\"#stk-icon-list__icon-svg-def-b1dd31a\"><\/use><\/svg><\/div><\/span><span class=\"stk-block-icon-list-item__text\">Accord de transfert de mat\u00e9riel (ATM) : Ces accords r\u00e9gissent le transfert de mat\u00e9riel tangible entre deux institutions \u00e0 des fins de recherche.<\/span><\/div><\/li>\n<\/ul><\/div>\n<\/div><\/div><\/div>\n\n\n\n<div class=\"wp-block-stackable-column stk-block-column stk-column stk-block stk-57f460e\" data-v=\"4\" data-block-id=\"57f460e\"><style>.stk-57f460e-container{margin-top:0px !important;margin-right:0px !important;margin-bottom:0px !important;margin-left:0px !important;}@media screen and (min-width: 768px){.stk-57f460e {flex:var(--stk-flex-grow, 1) 1 calc(35% - var(--stk-column-gap, 0px) * 1 \/ 2 ) !important;}}<\/style><div class=\"stk-column-wrapper stk-block-column__content stk-container stk-57f460e-container stk--no-background stk--no-padding\"><div class=\"stk-block-content stk-inner-blocks stk-57f460e-inner-blocks\">\n<div class=\"wp-block-stackable-button-group stk-block-button-group stk-block stk-db36400\" data-block-id=\"db36400\"><style>.stk-db36400 .stk-button-group{flex-direction:column !important;align-items:stretch !important;}.stk-db36400 .stk-block{flex-basis:auto !important;}.stk-db36400 .stk-block-button, .stk-db36400 .stk-block-icon-button{flex:1 0 0% !important;}.stk-db36400 {margin-bottom:40px !important;}<\/style><div class=\"stk-row stk-inner-blocks has-text-align-left stk-block-content stk-button-group\">\n<div class=\"wp-block-stackable-button stk-block-button has-text-align-left o-anim-hover stk-block stk-d38c9ed\" data-block-id=\"d38c9ed\"><style>.stk-d38c9ed .stk-button{min-height:75px !important;background:#5c068c !important;}.stk-d38c9ed .stk-button .stk--inner-svg svg:last-child{margin-inline-start:50px !important;}.stk-d38c9ed .stk-button__inner-text{font-size:22px !important;color:#ffffff !important;}@media screen and (max-width: 1023px){.stk-d38c9ed .stk-button__inner-text{font-size:22px !important;}}<\/style><a class=\"stk-link stk-button stk--hover-effect-darken\" href=\"https:\/\/www.ull.es\/servicios\/otc\/fr\/valorizacion\/protocolos-convenios-contratos\/flujograma-procedimiento\/\" target=\"_blank\" rel=\"noreferrer noopener\"><span class=\"has-text-color stk-button__inner-text\">Organigramme et proc\u00e9dure<\/span><\/a><\/div>\n\n\n\n<div class=\"wp-block-stackable-button stk-block-button has-text-align-left o-anim-hover stk-block stk-fbdbc6d\" data-block-id=\"fbdbc6d\"><style>.stk-fbdbc6d .stk-button{min-height:75px !important;background:#5c068c !important;}.stk-fbdbc6d .stk-button .stk--inner-svg svg:last-child{margin-inline-start:50px !important;}.stk-fbdbc6d .stk-button__inner-text{font-size:22px !important;color:#ffffff !important;}@media screen and (max-width: 1023px){.stk-fbdbc6d .stk-button__inner-text{font-size:22px !important;}}<\/style><a class=\"stk-link stk-button stk--hover-effect-darken\" href=\"https:\/\/www.ull.es\/servicios\/otc\/fr\/valorizacion\/acuerdos\/\" target=\"_blank\" rel=\"noreferrer noopener\"><span class=\"has-text-color stk-button__inner-text\">Liste des accords<\/span><\/a><\/div>\n<\/div><\/div>\n<\/div><\/div><\/div>\n<\/div><\/div>\n\n\n\n<p><\/p>","protected":false},"excerpt":{"rendered":"<p>Protocoles, accords et contrats du Bureau de transfert de connaissances. Selon leur finalit\u00e9, nous distinguons les types d&#039;accords suivants\u00a0: Protocole d&#039;action g\u00e9n\u00e9ral (PAG). Il s&#039;agit d&#039;accords \u00e0 long terme qui \u00e9tablissent le cadre r\u00e9glementaire r\u00e9gissant les relations futures entre les parties participantes. Ce type d&#039;accord est appropri\u00e9 lorsque les parties expriment\u2026<\/p>","protected":false},"author":1,"featured_media":0,"parent":124,"menu_order":2,"comment_status":"closed","ping_status":"closed","template":"templates\/template-frontpage.php","meta":{"_acf_changed":false,"footnotes":""},"class_list":["post-116","page","type-page","status-publish","hentry"],"acf":[],"_links":{"self":[{"href":"https:\/\/www.ull.es\/servicios\/otc\/fr\/wp-json\/wp\/v2\/pages\/116","targetHints":{"allow":["GET"]}}],"collection":[{"href":"https:\/\/www.ull.es\/servicios\/otc\/fr\/wp-json\/wp\/v2\/pages"}],"about":[{"href":"https:\/\/www.ull.es\/servicios\/otc\/fr\/wp-json\/wp\/v2\/types\/page"}],"author":[{"embeddable":true,"href":"https:\/\/www.ull.es\/servicios\/otc\/fr\/wp-json\/wp\/v2\/users\/1"}],"replies":[{"embeddable":true,"href":"https:\/\/www.ull.es\/servicios\/otc\/fr\/wp-json\/wp\/v2\/comments?post=116"}],"version-history":[{"count":49,"href":"https:\/\/www.ull.es\/servicios\/otc\/fr\/wp-json\/wp\/v2\/pages\/116\/revisions"}],"predecessor-version":[{"id":3671,"href":"https:\/\/www.ull.es\/servicios\/otc\/fr\/wp-json\/wp\/v2\/pages\/116\/revisions\/3671"}],"up":[{"embeddable":true,"href":"https:\/\/www.ull.es\/servicios\/otc\/fr\/wp-json\/wp\/v2\/pages\/124"}],"wp:attachment":[{"href":"https:\/\/www.ull.es\/servicios\/otc\/fr\/wp-json\/wp\/v2\/media?parent=116"}],"curies":[{"name":"wp","href":"https:\/\/api.w.org\/{rel}","templated":true}]}}