{"id":2566,"date":"2022-05-25T11:54:00","date_gmt":"2022-05-25T11:54:00","guid":{"rendered":"https:\/\/www.ull.es\/servicios\/otri\/?page_id=2566"},"modified":"2024-04-11T11:52:04","modified_gmt":"2024-04-11T11:52:04","slug":"innovacion-educativa-aplicada-y-tic","status":"publish","type":"page","link":"https:\/\/www.ull.es\/servicios\/otc\/fr\/educacion-e-innovacion-pedagogica\/innovacion-educativa-aplicada-y-tic\/","title":{"rendered":"Innovaci\u00f3n educativa aplicada y TIC"},"content":{"rendered":"<p>[vc_row full_width=\u00bbstretch_row\u00bb css=\u00bb.vc_custom_1651834308817{padding-right: 15% !important;padding-left: 15% !important;}\u00bb][vc_column][vc_row_inner][vc_column_inner css=\u00bb.vc_custom_1651832351508{padding-top: 25px !important;padding-bottom: 20px !important;background-color: #efefef !important;}\u00bb el_id=\u00bbotri-nuevo\u00bb][vc_column_text]<\/p>\n<h1 style=\"text-align: center;color: #ffffff\">Innovaci\u00f3n educativa aplicada y TIC<\/h1>\n<p>[\/vc_column_text][\/vc_column_inner][\/vc_row_inner][\/vc_column][\/vc_row][vc_row full_width=\u00bbstretch_row\u00bb gap=\u00bb4&#8243; equal_height=\u00bbyes\u00bb css=\u00bb.vc_custom_1652438508240{padding-right: 15% !important;padding-left: 15% !important;}\u00bb][vc_column css_animation=\u00bbappear\u00bb width=\u00bb2\/3&#8243; css=\u00bb.vc_custom_1652438462684{background-color: #efefef !important;}\u00bb][vc_tta_accordion active_section=\u00bb\u00bb collapsible_all=\u00bbtrue\u00bb][vc_tta_section title=\u00bbInstitutos de Investigaci\u00f3n\u00bb tab_id=\u00bbinstituto-de-investigacion\u00bb][vc_column_text]<\/p>\n<ul>\n<li><a href=\"https:\/\/www.ull.es\/institutos\/instituto-universitario-linguistica-andres-bello\/\" target=\"_blank\" rel=\"noopener\"><b>Instituto Universitario de Ling\u00fc\u00edstica Andr\u00e9s Bello<\/b><\/a><\/li>\n<\/ul>\n<p>[\/vc_column_text][\/vc_tta_section][vc_tta_section title=\u00bbGrupos de Investigaci\u00f3n\u00bb tab_id=\u00bb1652437509859-62471542-0f76&#8243;][vc_column_text]<\/p>\n<ul>\n<li style=\"font-weight: 400\"><a href=\"https:\/\/portalciencia.ull.es\/grupos\/unidades\/2910\/listado\" target=\"_blank\" rel=\"noopener\"><span style=\"font-weight: 400\">Historia y Filosof\u00eda de la Ciencia, la Educaci\u00f3n y el Lenguaje<\/span><\/a><span style=\"font-weight: 400\">\u00a0(11)<\/span><\/li>\n<li style=\"font-weight: 400\"><a href=\"https:\/\/portalciencia.ull.es\/grupos\/unidades\/2908\/listado\" target=\"_blank\" rel=\"noopener\"><span style=\"font-weight: 400\">Did\u00e1ctica e Investigaci\u00f3n Educativa<\/span><\/a><span style=\"font-weight: 400\"> (9)<\/span><\/li>\n<li style=\"font-weight: 400\"><a href=\"https:\/\/portalciencia.ull.es\/grupos\/unidades\/2907\/listado\" target=\"_blank\" rel=\"noopener\">Did\u00e1cticas Espec\u00edficas<\/a>\u00a0(5)<\/li>\n<\/ul>\n<p>[\/vc_column_text][\/vc_tta_section][vc_tta_section title=\u00bbAplicaciones Industriales, Servicios y Laboratorios\u00bb tab_id=\u00bb1652437536275-76120a38-8561&#8243;][vc_column_text]<\/p>\n<ul>\n<li><a href=\"https:\/\/www.ull.es\/servicios\/segai\/\" target=\"_blank\" rel=\"noopener\"><b>Servicio General de Apoyo a la Investigaci\u00f3n (SEGAI)<\/b><\/a><\/li>\n<\/ul>\n<p>[\/vc_column_text][\/vc_tta_section][vc_tta_section title=\u00bbPatentes y Modelos de Utilidad\u00bb tab_id=\u00bb1652437588359-de0ee6a8-e3fc\u00bb][vc_column_text]<\/p>\n<ul>\n<li><span style=\"font-weight: 400\">No posee actualmente patentes o modelos de utilidad.<\/span><\/li>\n<\/ul>\n<p>[\/vc_column_text][\/vc_tta_section][\/vc_tta_accordion][vc_empty_space][\/vc_column][vc_column width=\u00bb1\/3&#8243; css=\u00bb.vc_custom_1652438456640{background-color: #efefef !important;}\u00bb][vc_btn title=\u00bbVolver a Educaci\u00f3n e Innovaci\u00f3n pedag\u00f3gica\u00bb size=\u00bblg\u00bb link=\u00bburl:https%3A%2F%2Fwww.ull.es%2Fservicios%2Fotc%2Feducacion-e-innovacion-pedagogica%2F\u00bb el_class=\u00bbboton-volver\u00bb][vc_btn title=\u00bbVolver al Inicio\u00bb color=\u00bbpurple\u00bb size=\u00bblg\u00bb align=\u00bbcenter\u00bb button_block=\u00bbtrue\u00bb link=\u00bburl:https%3A%2F%2Fwww.ull.es%2Fservicios%2Fotc%2F\u00bb el_class=\u00bbboton-volver\u00bb][\/vc_column][\/vc_row]<\/p>\n","protected":false},"excerpt":{"rendered":"<p>[vc_row full_width=\u00bbstretch_row\u00bb css=\u00bb.vc_custom_1651834308817{padding-right: 15% !important;padding-left: 15% !important;}\u00bb][vc_column][vc_row_inner][vc_column_inner css=\u00bb.vc_custom_1651832351508{padding-top: 25px !important;padding-bottom: 20px !important;background-color: #efefef !important;}\u00bb el_id=\u00bbotri-nuevo\u00bb][vc_column_text] Innovaci\u00f3n educativa aplicada y TIC [\/vc_column_text][\/vc_column_inner][\/vc_row_inner][\/vc_column][\/vc_row][vc_row full_width=\u00bbstretch_row\u00bb gap=\u00bb4&#8243; equal_height=\u00bbyes\u00bb css=\u00bb.vc_custom_1652438508240{padding-right: 15% !important;padding-left: 15% !important;}\u00bb][vc_column css_animation=\u00bbappear\u00bb width=\u00bb2\/3&#8243; css=\u00bb.vc_custom_1652438462684{background-color: #efefef !important;}\u00bb][vc_tta_accordion active_section=\u00bb\u00bb collapsible_all=\u00bbtrue\u00bb][vc_tta_section title=\u00bbInstitutos de Investigaci\u00f3n\u00bb tab_id=\u00bbinstituto-de-investigacion\u00bb][vc_column_text] Instituto Universitario de Ling\u00fc\u00edstica Andr\u00e9s Bello [\/vc_column_text][\/vc_tta_section][vc_tta_section title=\u00bbGrupos de Investigaci\u00f3n\u00bb tab_id=\u00bb1652437509859-62471542-0f76&#8243;][vc_column_text] Historia y Filosof\u00eda de&#8230;<\/p>\n","protected":false},"author":47,"featured_media":0,"parent":2560,"menu_order":0,"comment_status":"closed","ping_status":"closed","template":"templates\/template-no-title.php","meta":{"_acf_changed":false,"_crdt_document":"","footnotes":""},"class_list":["post-2566","page","type-page","status-publish","hentry"],"acf":[],"_links":{"self":[{"href":"https:\/\/www.ull.es\/servicios\/otc\/fr\/wp-json\/wp\/v2\/pages\/2566","targetHints":{"allow":["GET"]}}],"collection":[{"href":"https:\/\/www.ull.es\/servicios\/otc\/fr\/wp-json\/wp\/v2\/pages"}],"about":[{"href":"https:\/\/www.ull.es\/servicios\/otc\/fr\/wp-json\/wp\/v2\/types\/page"}],"author":[{"embeddable":true,"href":"https:\/\/www.ull.es\/servicios\/otc\/fr\/wp-json\/wp\/v2\/users\/47"}],"replies":[{"embeddable":true,"href":"https:\/\/www.ull.es\/servicios\/otc\/fr\/wp-json\/wp\/v2\/comments?post=2566"}],"version-history":[{"count":6,"href":"https:\/\/www.ull.es\/servicios\/otc\/fr\/wp-json\/wp\/v2\/pages\/2566\/revisions"}],"predecessor-version":[{"id":3141,"href":"https:\/\/www.ull.es\/servicios\/otc\/fr\/wp-json\/wp\/v2\/pages\/2566\/revisions\/3141"}],"up":[{"embeddable":true,"href":"https:\/\/www.ull.es\/servicios\/otc\/fr\/wp-json\/wp\/v2\/pages\/2560"}],"wp:attachment":[{"href":"https:\/\/www.ull.es\/servicios\/otc\/fr\/wp-json\/wp\/v2\/media?parent=2566"}],"curies":[{"name":"wp","href":"https:\/\/api.w.org\/{rel}","templated":true}]}}