{"id":27,"date":"2018-05-14T12:45:09","date_gmt":"2018-05-14T12:45:09","guid":{"rendered":"https:\/\/www.ull.es\/servicios\/otri\/?page_id=27"},"modified":"2026-03-16T12:13:48","modified_gmt":"2026-03-16T12:13:48","slug":"programas-transferencia","status":"publish","type":"page","link":"https:\/\/www.ull.es\/servicios\/otc\/fr\/valorizacion\/programas-transferencia\/","title":{"rendered":"Programmes de transfert"},"content":{"rendered":"<div class=\"wp-block-stackable-columns alignfull stk-block-columns stk-block stk-16a94b8\" data-block-id=\"16a94b8\"><style>.stk-16a94b8 {margin-bottom:75px !important;}@media screen and (max-width: 767px){.stk-16a94b8 {padding-top:0px !important;padding-right:0px !important;padding-bottom:0px !important;padding-left:0px !important;}}<\/style><div class=\"stk-row stk-inner-blocks stk-block-content stk-content-align stk-16a94b8-column alignfull\">\n<div class=\"wp-block-stackable-column stk-block-column stk-column stk-block stk-dfe9b01 stk-block-background stk--has-background-overlay\" data-v=\"4\" data-block-id=\"dfe9b01\"><style>.stk-dfe9b01 {background-image:url(https:\/\/www.ull.es\/servicios\/otc\/wp-content\/uploads\/sites\/9\/2020\/01\/banner-otri.png) !important;}.stk-dfe9b01:before{background-color:#000000 !important;opacity:0.3 !important;}@media screen and (max-width: 767px){.stk-dfe9b01 {padding-top:0px !important;padding-right:0px !important;padding-bottom:0px !important;padding-left:0px !important;}.stk-dfe9b01-container{min-height:320px !important;}}<\/style><div class=\"stk-column-wrapper stk-block-column__content stk-container stk-dfe9b01-container stk--no-background stk--no-padding\"><div class=\"stk-block-content stk-inner-blocks stk-dfe9b01-inner-blocks\">\n<div class=\"wp-block-stackable-columns alignfull stk-block-columns stk-block stk-3bf239f\" data-block-id=\"3bf239f\"><style>@media screen and (max-width: 1023px){.stk-3bf239f {padding-left:0px !important;}}<\/style><div class=\"stk-row stk-inner-blocks stk-block-content stk-content-align stk-3bf239f-column alignfull\">\n<div class=\"wp-block-stackable-column stk-block-column stk-column stk-block stk-f66584c\" data-v=\"4\" data-block-id=\"f66584c\"><div class=\"stk-column-wrapper stk-block-column__content stk-container stk-f66584c-container stk--no-background stk--no-padding\"><div class=\"stk-block-content stk-inner-blocks stk-f66584c-inner-blocks\">\n<div class=\"wp-block-stackable-heading stk-block-heading stk-block-heading--v2 stk-block stk-1bb54e9\" id=\"oficina-de-transferencia-del-conocimiento\" data-block-id=\"1bb54e9\"><style>.stk-1bb54e9 {padding-top:110px !important;padding-right:25px !important;padding-bottom:75px !important;padding-left:420px !important;}.stk-1bb54e9 .stk-block-heading__text{font-size:35px !important;color:#ffffff !important;font-weight:400 !important;}@media screen and (max-width: 1023px){.stk-1bb54e9 {padding-left:55px !important;}.stk-1bb54e9 .stk-block-heading__text{font-size:35px !important;}}@media screen and (max-width: 767px){.stk-1bb54e9 {padding-right:95px !important;padding-left:25px !important;}.stk-1bb54e9 .stk-block-heading__text{font-size:33px !important;}}<\/style><h2 class=\"stk-block-heading__text has-text-color has-text-align-left has-text-align-left-tablet has-text-align-left-mobile\">Bureau de transfert de connaissances<\/h2><\/div>\n<\/div><\/div><\/div>\n<\/div><\/div>\n<\/div><\/div><\/div>\n<\/div><\/div>\n\n\n\n<div class=\"wp-block-stackable-columns alignfull stk-block-columns stk-block stk-646b6b6\" data-block-id=\"646b6b6\"><style>.stk-646b6b6-column{max-width:1140px !important;min-width:auto !important;margin-right:auto !important;margin-left:auto !important;--stk-column-gap:35px !important;}@media screen and (max-width: 1023px){.stk-646b6b6-column{max-width:725px !important;min-width:auto !important;margin-right:auto !important;margin-left:auto !important;}}@media screen and (max-width: 767px){.stk-646b6b6-column{max-width:375px !important;min-width:auto !important;margin-right:auto !important;margin-left:auto !important;}}<\/style><div class=\"stk-row stk-inner-blocks has-text-align-left stk-block-content stk-content-align stk-646b6b6-column alignfull\">\n<div class=\"wp-block-stackable-column stk-block-column stk-column stk-block stk-3e896f3\" data-v=\"4\" data-block-id=\"3e896f3\"><style>.stk-3e896f3-container{margin-top:0px !important;margin-right:0px !important;margin-bottom:0px !important;margin-left:0px !important;}@media screen and (max-width: 767px){.stk-3e896f3 {margin-bottom:24px !important;}}<\/style><div class=\"stk-column-wrapper stk-block-column__content stk-container stk-3e896f3-container stk--no-background stk--no-padding\"><div class=\"stk-block-content stk-inner-blocks stk-3e896f3-inner-blocks\">\n<div class=\"wp-block-stackable-heading stk-block-heading stk-block-heading--v2 stk-block stk-5209636\" id=\"programas-de-transferencia\" data-block-id=\"5209636\"><style>.stk-5209636 {margin-bottom:20px !important;}.stk-5209636 .stk-block-heading__text{font-size:35px !important;color:#5c068c !important;font-weight:400 !important;}@media screen and (max-width: 1023px){.stk-5209636 .stk-block-heading__text{font-size:35px !important;}}<\/style><h2 class=\"stk-block-heading__text has-text-color\">Programmes de transfert<\/h2><\/div>\n\n\n\n<div class=\"wp-block-stackable-columns stk-block-columns stk-block stk-e29a6d0\" data-block-id=\"e29a6d0\"><style>.stk-e29a6d0 {margin-bottom:35px !important;}@media screen and (max-width: 767px){.stk-e29a6d0 {margin-bottom:0px !important;}}<\/style><div class=\"stk-row stk-inner-blocks stk-block-content stk-content-align stk-e29a6d0-column\">\n<div class=\"wp-block-stackable-column stk-block-column stk-column stk-block stk-e43ab44\" data-v=\"4\" data-block-id=\"e43ab44\"><div class=\"stk-column-wrapper stk-block-column__content stk-container stk-e43ab44-container stk--no-background stk--no-padding\"><div class=\"stk-block-content stk-inner-blocks stk-e43ab44-inner-blocks\">\n<details class=\"wp-block-stackable-accordion stk-block-accordion stk-inner-blocks stk-block-content stk-block stk-7c390cd is-style-default\" id=\"programa-agustin-de-betancourt\" data-block-id=\"7c390cd\"><style>.stk-7c390cd {border-style:solid !important;border-top-width:0px !important;border-right-width:0px !important;border-bottom-width:1px !important;border-left-width:0px !important;margin-bottom:11px !important;}<\/style>\n<summary class=\"wp-block-stackable-column stk-block-column stk-column stk-block stk-c927805 stk--container-small stk-block-accordion__heading\" data-v=\"4\" data-block-id=\"c927805\"><style>.stk-c927805 {padding-top:2px !important;padding-right:2px !important;padding-bottom:2px !important;padding-left:2px !important;}<\/style><div class=\"stk-column-wrapper stk-block-column__content stk-container stk-c927805-container stk--no-background stk--no-padding\"><div class=\"stk-block-content stk-inner-blocks stk-c927805-inner-blocks\">\n<div class=\"wp-block-stackable-icon-label stk-block-icon-label stk-block stk-7935446\" data-block-id=\"7935446\"><style>.stk-7935446 .stk-inner-blocks{gap:39px !important;}@media screen and (max-width: 1023px){.stk-7935446 .stk-inner-blocks{gap:39px !important;}}@media screen and (max-width: 767px){.stk-7935446 .stk-inner-blocks{gap:39px !important;}}<\/style><div class=\"stk-row stk-inner-blocks stk-block-content\">\n<div class=\"wp-block-stackable-icon stk-block-icon stk-block stk-9a468d5\" data-block-id=\"9a468d5\"><style>.stk-9a468d5 .stk--svg-wrapper .stk--inner-svg svg:last-child{height:25px !important;width:25px !important;}.stk-9a468d5 .stk--svg-wrapper .stk--inner-svg svg:last-child, .stk-9a468d5 .stk--svg-wrapper .stk--inner-svg svg:last-child :is(g, path, rect, polygon, ellipse){fill:#5c068c !important;}<\/style><span class=\"stk--svg-wrapper stk--has-icon2\"><div class=\"stk--inner-svg\"><svg style=\"height:0;width:0\"><defs><lineargradient id=\"linear-gradient-9a468d5\" x1=\"0\" x2=\"100%\" y1=\"0\" y2=\"0\"><stop offset=\"0%\" style=\"stop-opacity:1;stop-color:var(--linear-gradient-9-a-468-d-5-color-1)\"><\/stop><stop offset=\"100%\" style=\"stop-opacity:1;stop-color:var(--linear-gradient-9-a-468-d-5-color-2)\"><\/stop><\/lineargradient><\/defs><\/svg><svg xmlns=\"http:\/\/www.w3.org\/2000\/svg\" viewbox=\"0 0 448 512\" aria-hidden=\"true\" width=\"32\" height=\"32\"><path d=\"M224 256A128 128 0 1 0 224 0a128 128 0 1 0 0 256zm-45.7 48C79.8 304 0 383.8 0 482.3C0 498.7 13.3 512 29.7 512H418.3c16.4 0 29.7-13.3 29.7-29.7C448 383.8 368.2 304 269.7 304H178.3z\"\/><\/svg><\/div><div class=\"stk--inner-svg stk--icon-2\" style=\"display:none\"><svg style=\"height:0;width:0\"><defs><lineargradient id=\"linear-gradient-9a468d5\" x1=\"0\" x2=\"100%\" y1=\"0\" y2=\"0\"><stop offset=\"0%\" style=\"stop-opacity:1;stop-color:var(--linear-gradient-9-a-468-d-5-color-1)\"><\/stop><stop offset=\"100%\" style=\"stop-opacity:1;stop-color:var(--linear-gradient-9-a-468-d-5-color-2)\"><\/stop><\/lineargradient><\/defs><\/svg><svg xmlns=\"http:\/\/www.w3.org\/2000\/svg\" viewbox=\"0 0 448 512\" aria-hidden=\"true\" width=\"32\" height=\"32\"><path d=\"M219.3 .5c3.1-.6 6.3-.6 9.4 0l200 40C439.9 42.7 448 52.6 448 64s-8.1 21.3-19.3 23.5L352 102.9V160c0 70.7-57.3 128-128 128s-128-57.3-128-128V102.9L48 93.3v65.1l15.7 78.4c.9 4.7-.3 9.6-3.3 13.3s-7.6 5.9-12.4 5.9H16c-4.8 0-9.3-2.1-12.4-5.9s-4.3-8.6-3.3-13.3L16 158.4V86.6C6.5 83.3 0 74.3 0 64C0 52.6 8.1 42.7 19.3 40.5l200-40zM111.9 327.7c10.5-3.4 21.8 .4 29.4 8.5l71 75.5c6.3 6.7 17 6.7 23.3 0l71-75.5c7.6-8.1 18.9-11.9 29.4-8.5C401 348.6 448 409.4 448 481.3c0 17-13.8 30.7-30.7 30.7H30.7C13.8 512 0 498.2 0 481.3c0-71.9 47-132.7 111.9-153.6z\"\/><\/svg><\/div><\/span><\/div>\n\n\n\n<div class=\"wp-block-stackable-heading stk-block-heading stk-block-heading--v2 stk-block stk-31863c1\" id=\"acceso\" data-block-id=\"31863c1\"><style>.stk-31863c1 .stk-block-heading__text{color:#000000 !important;font-weight:500 !important;font-family:\"ArgentumSans\", Sans-serif !important;}<\/style><h4 class=\"stk-block-heading__text has-text-color\"><span style=\"color: #000000;\" class=\"stk-highlight\">Programme Agust\u00edn Betancourt<\/span><\/h4><\/div>\n<\/div><\/div>\n<\/div><\/div><\/summary>\n\n\n\n<div class=\"wp-block-stackable-column stk-block-column stk-column stk-block stk-5222666 stk-block-accordion__content\" data-v=\"4\" data-block-id=\"5222666\"><style>.stk-5222666 {margin-top:-30px !important;}<\/style><div class=\"stk-column-wrapper stk-block-column__content stk-container stk-5222666-container stk--no-background stk--no-padding\"><div class=\"stk-block-content stk-inner-blocks stk-5222666-inner-blocks\">\n<div class=\"wp-block-stackable-text stk-block-text stk-block stk-7ec7e5c\" data-block-id=\"7ec7e5c\"><style>.stk-7ec7e5c {margin-bottom:12px !important;}.stk-7ec7e5c .stk-block-text__text{font-size:16px !important;line-height:1.5em !important;}@media screen and (max-width: 1023px){.stk-7ec7e5c .stk-block-text__text{font-size:16px !important;}}<\/style><p class=\"stk-block-text__text\">En 2016, un programme a \u00e9t\u00e9 lanc\u00e9 pour soutenir les activit\u00e9s de recherche \u00e0 fort potentiel de transfert, visant \u00e0 d\u00e9velopper des produits technologiques de pointe ayant un impact sur le march\u00e9 et une possible exploitation commerciale dans les secteurs prioritaires de l&#039;\u00e9conomie insulaire.<br><br>Ce programme, financ\u00e9 par le Conseil insulaire de Tenerife, se concentre sur un capital humain qualifi\u00e9 et comp\u00e9titif dot\u00e9 de comp\u00e9tences technologiques \u00e9lev\u00e9es qui, par le biais des appels annuels \u00ab Agust\u00edn de Betancourt \u00bb (AdB), entreprennent le d\u00e9veloppement de projets \u00e0 fort potentiel de transfert.<br><br>L\u2019AdB et ses projets b\u00e9n\u00e9ficient \u00e9galement du soutien d\u2019une \u00e9quipe de recherche de l\u2019Universit\u00e9 de La Laguna et d\u2019une entreprise qui soutient et collabore activement aux projets.<br><\/p><\/div>\n\n\n\n<div class=\"wp-block-stackable-icon-list stk-block-icon-list stk-block stk-bd6e66c\" data-block-id=\"bd6e66c\"><style>.stk-bd6e66c {--stk-icon-list-icon-size:4px !important;}.stk-bd6e66c .stk-block-icon-list-item__content{align-items:flex-start !important;}.stk-bd6e66c ul .stk-block-icon-list-item__content .stk--inner-svg, .stk-bd6e66c ol .stk-block-icon-list-item__content .stk-block-icon-list-item__marker{transform:translateY(11px) !important;}.stk-bd6e66c ul li, .stk-bd6e66c ol li, .stk-bd6e66c ul li span, .stk-bd6e66c ol li span{font-size:16px !important;}@media screen and (max-width: 1023px){.stk-bd6e66c ul li, .stk-bd6e66c ol li, .stk-bd6e66c ul li span, .stk-bd6e66c ol li span{font-size:16px !important;}}<\/style><svg style=\"display:none\"><defs><g id=\"stk-icon-list__icon-svg-def-bd6e66c\"><svg xmlns=\"http:\/\/www.w3.org\/2000\/svg\" viewbox=\"0 0 512 512\"><path d=\"M256 512A256 256 0 1 0 256 0a256 256 0 1 0 0 512z\"\/><\/svg><\/g><\/defs><\/svg><ul class=\"stk-block-icon-list__ul stk-block-icon-list--column\">\n<li class=\"wp-block-stackable-icon-list-item stk-block-icon-list-item stk-block stk-660bb88\" data-block-id=\"660bb88\"><div class=\"stk-block-icon-list-item__content\"><span class=\"stk--svg-wrapper\"><div class=\"stk--inner-svg\"><svg aria-hidden=\"true\" width=\"32\" height=\"32\"><use xlink:href=\"#stk-icon-list__icon-svg-def-bd6e66c\"><\/use><\/svg><\/div><\/span><span class=\"stk-block-icon-list-item__text\"><a href=\"https:\/\/www.ull.es\/servicios\/otc\/fr\/portal\/convocatorias\/categorias\/programa-agustin-de-betancourt\/\" target=\"_blank\" rel=\"noreferrer noopener\">Acc\u00e8s aux programmes Agust\u00edn de Betancourt<\/a><\/span><\/div><\/li>\n<\/ul><\/div>\n<\/div><\/div><\/div>\n<\/details>\n\n\n\n<details class=\"wp-block-stackable-accordion stk-block-accordion stk-inner-blocks stk-block-content stk-block stk-88a7c9c is-style-default\" id=\"programa-de-transferencia-del-conocimiento\" data-block-id=\"88a7c9c\"><style>.stk-88a7c9c {border-style:solid !important;border-top-width:0px !important;border-right-width:0px !important;border-bottom-width:1px !important;border-left-width:0px !important;margin-bottom:10px !important;}<\/style>\n<summary class=\"wp-block-stackable-column stk-block-column stk-column stk-block stk-27019df stk--container-small stk-block-accordion__heading\" data-v=\"4\" data-block-id=\"27019df\"><style>.stk-27019df {padding-top:2px !important;padding-right:2px !important;padding-bottom:2px !important;padding-left:2px !important;}<\/style><div class=\"stk-column-wrapper stk-block-column__content stk-container stk-27019df-container stk--no-background stk--no-padding\"><div class=\"stk-block-content stk-inner-blocks stk-27019df-inner-blocks\">\n<div class=\"wp-block-stackable-icon-label stk-block-icon-label stk-block stk-9c9ce7e\" data-block-id=\"9c9ce7e\"><style>.stk-9c9ce7e .stk-inner-blocks{gap:39px !important;}@media screen and (max-width: 1023px){.stk-9c9ce7e .stk-inner-blocks{gap:39px !important;}}@media screen and (max-width: 767px){.stk-9c9ce7e .stk-inner-blocks{gap:39px !important;}}<\/style><div class=\"stk-row stk-inner-blocks stk-block-content\">\n<div class=\"wp-block-stackable-icon stk-block-icon stk-block stk-61c8ad3\" data-block-id=\"61c8ad3\"><style>.stk-61c8ad3 .stk--svg-wrapper .stk--inner-svg svg:last-child{height:25px !important;width:25px !important;}.stk-61c8ad3 .stk--svg-wrapper .stk--inner-svg svg:last-child, .stk-61c8ad3 .stk--svg-wrapper .stk--inner-svg svg:last-child :is(g, path, rect, polygon, ellipse){fill:#5c068c !important;}<\/style><span class=\"stk--svg-wrapper stk--has-icon2\"><div class=\"stk--inner-svg\"><svg style=\"height:0;width:0\"><defs><lineargradient id=\"linear-gradient-61c8ad3\" x1=\"0\" x2=\"100%\" y1=\"0\" y2=\"0\"><stop offset=\"0%\" style=\"stop-opacity:1;stop-color:var(--linear-gradient-61-c-8-ad-3-color-1)\"><\/stop><stop offset=\"100%\" style=\"stop-opacity:1;stop-color:var(--linear-gradient-61-c-8-ad-3-color-2)\"><\/stop><\/lineargradient><\/defs><\/svg><svg xmlns=\"http:\/\/www.w3.org\/2000\/svg\" viewbox=\"0 0 512 512\" aria-hidden=\"true\" width=\"32\" height=\"32\"><path d=\"M256 512A256 256 0 1 0 256 0a256 256 0 1 0 0 512zM369 209L241 337c-9.4 9.4-24.6 9.4-33.9 0l-64-64c-9.4-9.4-9.4-24.6 0-33.9s24.6-9.4 33.9 0l47 47L335 175c9.4-9.4 24.6-9.4 33.9 0s9.4 24.6 0 33.9z\"\/><\/svg><\/div><div class=\"stk--inner-svg stk--icon-2\" style=\"display:none\"><svg style=\"height:0;width:0\"><defs><lineargradient id=\"linear-gradient-61c8ad3\" x1=\"0\" x2=\"100%\" y1=\"0\" y2=\"0\"><stop offset=\"0%\" style=\"stop-opacity:1;stop-color:var(--linear-gradient-61-c-8-ad-3-color-1)\"><\/stop><stop offset=\"100%\" style=\"stop-opacity:1;stop-color:var(--linear-gradient-61-c-8-ad-3-color-2)\"><\/stop><\/lineargradient><\/defs><\/svg><svg xmlns=\"http:\/\/www.w3.org\/2000\/svg\" viewbox=\"0 0 512 512\" aria-hidden=\"true\" width=\"32\" height=\"32\"><path d=\"M256 48a208 208 0 1 1 0 416 208 208 0 1 1 0-416zm0 464A256 256 0 1 0 256 0a256 256 0 1 0 0 512zM369 209c9.4-9.4 9.4-24.6 0-33.9s-24.6-9.4-33.9 0l-111 111-47-47c-9.4-9.4-24.6-9.4-33.9 0s-9.4 24.6 0 33.9l64 64c9.4 9.4 24.6 9.4 33.9 0L369 209z\"\/><\/svg><\/div><\/span><\/div>\n\n\n\n<div class=\"wp-block-stackable-heading stk-block-heading stk-block-heading--v2 stk-block stk-bcb6d4e\" id=\"span-style-color-000000-class-stk-highlight-programa-de-transferencia-del-conocimiento-span\" data-block-id=\"bcb6d4e\"><style>.stk-bcb6d4e .stk-block-heading__text{color:#000000 !important;font-weight:500 !important;font-family:\"ArgentumSans\", Sans-serif !important;}<\/style><h4 class=\"stk-block-heading__text has-text-color\"><span style=\"color: #000000;\" class=\"stk-highlight\">Programme de transfert de connaissances<\/span><\/h4><\/div>\n<\/div><\/div>\n<\/div><\/div><\/summary>\n\n\n\n<div class=\"wp-block-stackable-column stk-block-column stk-column stk-block stk-76d605c stk-block-accordion__content\" data-v=\"4\" data-block-id=\"76d605c\"><style>.stk-76d605c {margin-top:-30px !important;}<\/style><div class=\"stk-column-wrapper stk-block-column__content stk-container stk-76d605c-container stk--no-background stk--no-padding\"><div class=\"stk-block-content stk-inner-blocks stk-76d605c-inner-blocks\">\n<div class=\"wp-block-stackable-icon-list stk-block-icon-list stk-block stk-8208050\" data-block-id=\"8208050\"><style>.stk-8208050 {--stk-icon-list-icon-size:4px !important;}.stk-8208050 .stk-block-icon-list-item__content{align-items:flex-start !important;}.stk-8208050 ul .stk-block-icon-list-item__content .stk--inner-svg, .stk-8208050 ol .stk-block-icon-list-item__content .stk-block-icon-list-item__marker{transform:translateY(11px) !important;}.stk-8208050 ul li, .stk-8208050 ol li, .stk-8208050 ul li span, .stk-8208050 ol li span{font-size:16px !important;}@media screen and (max-width: 1023px){.stk-8208050 ul li, .stk-8208050 ol li, .stk-8208050 ul li span, .stk-8208050 ol li span{font-size:16px !important;}}<\/style><svg style=\"display:none\"><defs><g id=\"stk-icon-list__icon-svg-def-8208050\"><svg xmlns=\"http:\/\/www.w3.org\/2000\/svg\" viewbox=\"0 0 512 512\"><path d=\"M256 512A256 256 0 1 0 256 0a256 256 0 1 0 0 512z\"\/><\/svg><\/g><\/defs><\/svg><ul class=\"stk-block-icon-list__ul stk-block-icon-list--column\">\n<li class=\"wp-block-stackable-icon-list-item stk-block-icon-list-item stk-block stk-02a054e\" data-block-id=\"02a054e\"><div class=\"stk-block-icon-list-item__content\"><span class=\"stk--svg-wrapper\"><div class=\"stk--inner-svg\"><svg aria-hidden=\"true\" width=\"32\" height=\"32\"><use xlink:href=\"#stk-icon-list__icon-svg-def-8208050\"><\/use><\/svg><\/div><\/span><span class=\"stk-block-icon-list-item__text\"><a href=\"https:\/\/www.ull.es\/servicios\/otc\/fr\/portal\/convocatorias\/categorias\/apoyo-a-la-transferencia-de-conocimiento\/\" target=\"_blank\" rel=\"noreferrer noopener\">Acc\u00e8s aux programmes de transfert de connaissances<\/a><\/span><\/div><\/li>\n<\/ul><\/div>\n<\/div><\/div><\/div>\n<\/details>\n<\/div><\/div><\/div>\n<\/div><\/div>\n<\/div><\/div><\/div>\n<\/div><\/div>","protected":false},"excerpt":{"rendered":"<p>Bureau de transfert de connaissances \u2013 Programmes de transfert \u2013 Programme Agust\u00edn Betancourt. En 2016, un programme a \u00e9t\u00e9 lanc\u00e9 pour soutenir la recherche \u00e0 fort potentiel de transfert, ax\u00e9e sur le d\u00e9veloppement de produits technologiques de pointe susceptibles d&#039;avoir un impact sur le march\u00e9 et un potentiel d&#039;exploitation commerciale dans les secteurs prioritaires de l&#039;\u00e9conomie insulaire. Ce programme\u2026<\/p>","protected":false},"author":1,"featured_media":0,"parent":124,"menu_order":4,"comment_status":"closed","ping_status":"closed","template":"templates\/template-frontpage.php","meta":{"_acf_changed":false,"footnotes":""},"class_list":["post-27","page","type-page","status-publish","hentry"],"acf":[],"_links":{"self":[{"href":"https:\/\/www.ull.es\/servicios\/otc\/fr\/wp-json\/wp\/v2\/pages\/27","targetHints":{"allow":["GET"]}}],"collection":[{"href":"https:\/\/www.ull.es\/servicios\/otc\/fr\/wp-json\/wp\/v2\/pages"}],"about":[{"href":"https:\/\/www.ull.es\/servicios\/otc\/fr\/wp-json\/wp\/v2\/types\/page"}],"author":[{"embeddable":true,"href":"https:\/\/www.ull.es\/servicios\/otc\/fr\/wp-json\/wp\/v2\/users\/1"}],"replies":[{"embeddable":true,"href":"https:\/\/www.ull.es\/servicios\/otc\/fr\/wp-json\/wp\/v2\/comments?post=27"}],"version-history":[{"count":11,"href":"https:\/\/www.ull.es\/servicios\/otc\/fr\/wp-json\/wp\/v2\/pages\/27\/revisions"}],"predecessor-version":[{"id":3640,"href":"https:\/\/www.ull.es\/servicios\/otc\/fr\/wp-json\/wp\/v2\/pages\/27\/revisions\/3640"}],"up":[{"embeddable":true,"href":"https:\/\/www.ull.es\/servicios\/otc\/fr\/wp-json\/wp\/v2\/pages\/124"}],"wp:attachment":[{"href":"https:\/\/www.ull.es\/servicios\/otc\/fr\/wp-json\/wp\/v2\/media?parent=27"}],"curies":[{"name":"wp","href":"https:\/\/api.w.org\/{rel}","templated":true}]}}