{"id":52,"date":"2018-05-15T07:51:44","date_gmt":"2018-05-15T07:51:44","guid":{"rendered":"https:\/\/www.ull.es\/servicios\/otri\/?page_id=52"},"modified":"2026-03-18T12:02:21","modified_gmt":"2026-03-18T12:02:21","slug":"propiedad-intelectual-y-software","status":"publish","type":"page","link":"https:\/\/www.ull.es\/servicios\/otc\/fr\/proteccion\/propiedad-intelectual-y-software\/","title":{"rendered":"Propri\u00e9t\u00e9 intellectuelle et logiciels"},"content":{"rendered":"<div class=\"wp-block-stackable-columns alignfull stk-block-columns stk-block stk-16a94b8\" data-block-id=\"16a94b8\"><style>.stk-16a94b8 {margin-bottom:75px !important;}@media screen and (max-width: 767px){.stk-16a94b8 {padding-top:0px !important;padding-right:0px !important;padding-bottom:0px !important;padding-left:0px !important;}}<\/style><div class=\"stk-row stk-inner-blocks stk-block-content stk-content-align stk-16a94b8-column alignfull\">\n<div class=\"wp-block-stackable-column stk-block-column stk-column stk-block stk-dfe9b01 stk-block-background stk--has-background-overlay\" data-v=\"4\" data-block-id=\"dfe9b01\"><style>.stk-dfe9b01 {background-image:url(https:\/\/www.ull.es\/servicios\/otc\/wp-content\/uploads\/sites\/9\/2020\/01\/banner-otri.png) !important;}.stk-dfe9b01:before{background-color:#000000 !important;opacity:0.3 !important;}@media screen and (max-width: 767px){.stk-dfe9b01 {padding-top:0px !important;padding-right:0px !important;padding-bottom:0px !important;padding-left:0px !important;}.stk-dfe9b01-container{min-height:320px !important;}}<\/style><div class=\"stk-column-wrapper stk-block-column__content stk-container stk-dfe9b01-container stk--no-background stk--no-padding\"><div class=\"stk-block-content stk-inner-blocks stk-dfe9b01-inner-blocks\">\n<div class=\"wp-block-stackable-columns alignfull stk-block-columns stk-block stk-3bf239f\" data-block-id=\"3bf239f\"><style>@media screen and (max-width: 1023px){.stk-3bf239f {padding-left:0px !important;}}<\/style><div class=\"stk-row stk-inner-blocks stk-block-content stk-content-align stk-3bf239f-column alignfull\">\n<div class=\"wp-block-stackable-column stk-block-column stk-column stk-block stk-f66584c\" data-v=\"4\" data-block-id=\"f66584c\"><div class=\"stk-column-wrapper stk-block-column__content stk-container stk-f66584c-container stk--no-background stk--no-padding\"><div class=\"stk-block-content stk-inner-blocks stk-f66584c-inner-blocks\">\n<div class=\"wp-block-stackable-heading stk-block-heading stk-block-heading--v2 stk-block stk-1bb54e9\" id=\"oficina-de-transferencia-del-conocimiento\" data-block-id=\"1bb54e9\"><style>.stk-1bb54e9 {padding-top:110px !important;padding-right:25px !important;padding-bottom:75px !important;padding-left:420px !important;}.stk-1bb54e9 .stk-block-heading__text{font-size:35px !important;color:#ffffff !important;font-weight:400 !important;}@media screen and (max-width: 1023px){.stk-1bb54e9 {padding-left:55px !important;}.stk-1bb54e9 .stk-block-heading__text{font-size:35px !important;}}@media screen and (max-width: 767px){.stk-1bb54e9 {padding-right:95px !important;padding-left:25px !important;}.stk-1bb54e9 .stk-block-heading__text{font-size:33px !important;}}<\/style><h2 class=\"stk-block-heading__text has-text-color has-text-align-left has-text-align-left-tablet has-text-align-left-mobile\">Bureau de transfert de connaissances<\/h2><\/div>\n<\/div><\/div><\/div>\n<\/div><\/div>\n<\/div><\/div><\/div>\n<\/div><\/div>\n\n\n\n<div class=\"wp-block-stackable-columns alignfull stk-block-columns stk-block stk-646b6b6\" data-block-id=\"646b6b6\"><style>.stk-646b6b6-column{max-width:1140px !important;min-width:auto !important;margin-right:auto !important;margin-left:auto !important;--stk-column-gap:35px !important;}@media screen and (max-width: 1023px){.stk-646b6b6-column{max-width:725px !important;min-width:auto !important;margin-right:auto !important;margin-left:auto !important;}}@media screen and (max-width: 767px){.stk-646b6b6-column{max-width:375px !important;min-width:auto !important;margin-right:auto !important;margin-left:auto !important;}}<\/style><div class=\"stk-row stk-inner-blocks has-text-align-left stk-block-content stk-content-align stk-646b6b6-column alignfull\">\n<div class=\"wp-block-stackable-column stk-block-column stk-column stk-block stk-3e896f3\" data-v=\"4\" data-block-id=\"3e896f3\"><style>.stk-3e896f3-container{margin-top:0px !important;margin-right:0px !important;margin-bottom:0px !important;margin-left:0px !important;}@media screen and (min-width: 768px){.stk-3e896f3 {flex:var(--stk-flex-grow, 1) 1 calc(65% - var(--stk-column-gap, 0px) * 1 \/ 2 ) !important;}}@media screen and (max-width: 767px){.stk-3e896f3 {margin-bottom:24px !important;}}<\/style><div class=\"stk-column-wrapper stk-block-column__content stk-container stk-3e896f3-container stk--no-background stk--no-padding\"><div class=\"stk-block-content stk-inner-blocks stk-3e896f3-inner-blocks\">\n<div class=\"wp-block-stackable-heading stk-block-heading stk-block-heading--v2 stk-block stk-5209636\" id=\"propiedad-intelectual-y-software\" data-block-id=\"5209636\"><style>.stk-5209636 {margin-bottom:12px !important;}.stk-5209636 .stk-block-heading__text{font-size:35px !important;color:#5c068c !important;font-weight:400 !important;}@media screen and (max-width: 1023px){.stk-5209636 .stk-block-heading__text{font-size:35px !important;}}<\/style><h2 class=\"stk-block-heading__text has-text-color\">Propri\u00e9t\u00e9 intellectuelle et logiciels<\/h2><\/div>\n\n\n\n<div class=\"wp-block-stackable-text stk-block-text stk-block stk-ae9d67d\" data-block-id=\"ae9d67d\"><style>.stk-ae9d67d {margin-bottom:12px !important;}.stk-ae9d67d .stk-block-text__text{font-size:16px !important;}@media screen and (max-width: 1023px){.stk-ae9d67d .stk-block-text__text{font-size:16px !important;}}<\/style><p class=\"stk-block-text__text\">Les \u0153uvres de&nbsp;<strong>Propri\u00e9t\u00e9 intellectuelle<\/strong>&nbsp;Elles d\u00e9signent les cr\u00e9ations issues de la cr\u00e9ativit\u00e9 intellectuelle humaine\u00a0: \u0153uvres litt\u00e9raires, scientifiques, musicales, photographiques, brochures techniques, et c\u2019est dans cette cat\u00e9gorie que sont \u00e9galement inclus les \u00e9l\u00e9ments suivants\u00a0:&nbsp;<strong>bases de donn\u00e9es<\/strong>&nbsp;et le&nbsp;<strong>programmes informatiques<\/strong>.<br><br>Le droit d&#039;auteur de ces \u0153uvres est g\u00e9n\u00e9r\u00e9 par le simple fait de leur cr\u00e9ation\u00a0; l&#039;enregistrement n&#039;est donc pas n\u00e9cessaire pour les d\u00e9tenir, mais il est n\u00e9cessaire de pouvoir&nbsp;<strong>d\u00e9montrer<\/strong>&nbsp;paternit\u00e9.<\/p><\/div>\n\n\n\n<div class=\"wp-block-stackable-heading stk-block-heading stk-block-heading--v2 stk-block stk-af12e95\" id=\"por-que-proteger-software-mediante-registro\" data-block-id=\"af12e95\"><style>.stk-af12e95 {margin-bottom:12px !important;}<\/style><h2 class=\"stk-block-heading__text\">Pourquoi prot\u00e9ger les logiciels par l&#039;enregistrement\u00a0?<\/h2><\/div>\n\n\n\n<div class=\"wp-block-stackable-text stk-block-text stk-block stk-dd4a1c5\" data-block-id=\"dd4a1c5\"><style>.stk-dd4a1c5 {margin-bottom:12px !important;}.stk-dd4a1c5 .stk-block-text__text{font-size:16px !important;}@media screen and (max-width: 1023px){.stk-dd4a1c5 .stk-block-text__text{font-size:16px !important;}}<\/style><p class=\"stk-block-text__text\">L&#039;inscription fournit un&nbsp;<strong>preuve valable&nbsp;<\/strong>et admise dans toute proc\u00e9dure, conf\u00e9rant une protection contre d&#039;\u00e9ventuelles contrefa\u00e7ons telles que le plagiat ou l&#039;exploitation par des tiers sans le consentement de l&#039;auteur.<br><br>En cas d&#039;exploitation d&#039;un logiciel d\u00e9velopp\u00e9 \u00e0 l&#039;Universit\u00e9, la propri\u00e9t\u00e9 des \u0153uvres appartiendra \u00e0 l&#039;Universit\u00e9, tandis que les auteurs auront droit \u00e0 la&nbsp;<strong>droit d&#039;auteur,<\/strong>&nbsp;comme en t\u00e9moignent les&nbsp;<a href=\"https:\/\/riull.ull.es\/xmlui\/bitstream\/handle\/915\/9397\/Acuerdo%203.%20NORMATIVA%20DE%20PROTECCI%C3%93N%20OTRI-ULL%20definitiva.pdf\" target=\"_blank\" rel=\"noreferrer noopener\">R\u00e9glementation relative \u00e0 la protection et \u00e0 l&#039;exploitation des r\u00e9sultats de la recherche<\/a>&nbsp;et dans la l\u00e9gislation actuelle.<\/p><\/div>\n\n\n\n<div class=\"wp-block-stackable-heading stk-block-heading stk-block-heading--v2 stk-block stk-5c1e525\" id=\"y-como-lo-hago\" data-block-id=\"5c1e525\"><style>.stk-5c1e525 {margin-bottom:12px !important;}<\/style><h2 class=\"stk-block-heading__text\">Et comment je fais ?<\/h2><\/div>\n\n\n\n<div class=\"wp-block-stackable-text stk-block-text stk-block stk-54f187d\" data-block-id=\"54f187d\"><style>.stk-54f187d {margin-bottom:12px !important;}.stk-54f187d .stk-block-text__text{font-size:16px !important;}@media screen and (max-width: 1023px){.stk-54f187d .stk-block-text__text{font-size:16px !important;}}<\/style><p class=\"stk-block-text__text\">De la part de&nbsp;<strong>OTC ULL<\/strong>&nbsp;Nous effectuons les inscriptions via la plateforme&nbsp;<strong>Cr\u00e9ativit\u00e9 s\u00e9curis\u00e9e \u00a9<\/strong>&nbsp;en seulement deux \u00e9tapes :<br><br><strong>1.<\/strong>&nbsp;Informez-nous de votre intention d&#039;enregistrer votre projet en nous envoyant un courriel \u00e0 \ud83d\udce7&nbsp;<a href=\"mailto:proteccion_otc@ull.edu.es\" target=\"_blank\" rel=\"noreferrer noopener\">proteccion_otc@ull.edu.es&nbsp;<\/a>et nous analyserons quel type d&#039;immatriculation et de licence est le plus appropri\u00e9.<br><br><strong>2.<\/strong>&nbsp;Nous vous contacterons pour compl\u00e9ter la documentation n\u00e9cessaire et pour que vous nous envoyiez le code source au format correct.&nbsp;<strong>.fermeture \u00e9clair<\/strong><\/p><\/div>\n\n\n\n<div class=\"wp-block-stackable-columns stk-block-columns stk-block stk-29b68a5\" data-block-id=\"29b68a5\"><style>.stk-29b68a5 {margin-bottom:12px !important;}.stk-29b68a5-column{justify-content:space-evenly !important;}<\/style><div class=\"stk-row stk-inner-blocks stk-block-content stk-content-align stk-29b68a5-column stk--flex\">\n<div class=\"wp-block-stackable-column stk-block-column stk-column stk-block stk-40a9015\" data-v=\"4\" data-block-id=\"40a9015\"><div class=\"stk-column-wrapper stk-block-column__content stk-container stk-40a9015-container stk--no-background stk--no-padding\"><div class=\"stk-block-content stk-inner-blocks stk-40a9015-inner-blocks\">\n<div class=\"wp-block-stackable-image stk-block-image stk-block stk-c379467\" data-block-id=\"c379467\"><style>.stk-c379467 .stk-img-wrapper{width:100px !important;height:100px !important;}<\/style><figure><span class=\"stk-img-wrapper stk-image--shape-stretch\"><img loading=\"lazy\" decoding=\"async\" class=\"stk-img wp-image-1815\" src=\"https:\/\/www.ull.es\/servicios\/otc\/wp-content\/uploads\/sites\/9\/2019\/04\/Iconos-png-OTRI-14.png\" width=\"1772\" height=\"1772\" srcset=\"https:\/\/www.ull.es\/servicios\/otc\/wp-content\/uploads\/sites\/9\/2019\/04\/Iconos-png-OTRI-14.png 1772w, https:\/\/www.ull.es\/servicios\/otc\/wp-content\/uploads\/sites\/9\/2019\/04\/Iconos-png-OTRI-14-150x150.png 150w, https:\/\/www.ull.es\/servicios\/otc\/wp-content\/uploads\/sites\/9\/2019\/04\/Iconos-png-OTRI-14-300x300.png 300w, https:\/\/www.ull.es\/servicios\/otc\/wp-content\/uploads\/sites\/9\/2019\/04\/Iconos-png-OTRI-14-768x768.png 768w, https:\/\/www.ull.es\/servicios\/otc\/wp-content\/uploads\/sites\/9\/2019\/04\/Iconos-png-OTRI-14-1024x1024.png 1024w, https:\/\/www.ull.es\/servicios\/otc\/wp-content\/uploads\/sites\/9\/2019\/04\/Iconos-png-OTRI-14-375x375.png 375w, https:\/\/www.ull.es\/servicios\/otc\/wp-content\/uploads\/sites\/9\/2019\/04\/Iconos-png-OTRI-14-750x750.png 750w, https:\/\/www.ull.es\/servicios\/otc\/wp-content\/uploads\/sites\/9\/2019\/04\/Iconos-png-OTRI-14-1140x1140.png 1140w, https:\/\/www.ull.es\/servicios\/otc\/wp-content\/uploads\/sites\/9\/2019\/04\/Iconos-png-OTRI-14-50x50.png 50w\" sizes=\"auto, (max-width: 1772px) 100vw, 1772px\" \/><\/span><\/figure><\/div>\n<\/div><\/div><\/div>\n\n\n\n<div class=\"wp-block-stackable-column stk-block-column stk-column stk-block stk-adf0dd2\" data-v=\"4\" data-block-id=\"adf0dd2\"><div class=\"stk-column-wrapper stk-block-column__content stk-container stk-adf0dd2-container stk--no-background stk--no-padding\"><div class=\"stk-block-content stk-inner-blocks stk-adf0dd2-inner-blocks\">\n<div class=\"wp-block-stackable-image stk-block-image stk-block stk-13287b8\" data-block-id=\"13287b8\"><style>.stk-13287b8 .stk-img-wrapper{width:100px !important;height:100px !important;}<\/style><figure><span class=\"stk-img-wrapper stk-image--shape-stretch\"><img loading=\"lazy\" decoding=\"async\" class=\"stk-img wp-image-927\" src=\"https:\/\/www.ull.es\/servicios\/otc\/wp-content\/uploads\/sites\/9\/2018\/10\/icono-proyectos.png\" width=\"200\" height=\"200\" srcset=\"https:\/\/www.ull.es\/servicios\/otc\/wp-content\/uploads\/sites\/9\/2018\/10\/icono-proyectos.png 200w, https:\/\/www.ull.es\/servicios\/otc\/wp-content\/uploads\/sites\/9\/2018\/10\/icono-proyectos-150x150.png 150w, https:\/\/www.ull.es\/servicios\/otc\/wp-content\/uploads\/sites\/9\/2018\/10\/icono-proyectos-50x50.png 50w\" sizes=\"auto, (max-width: 200px) 100vw, 200px\" \/><\/span><\/figure><\/div>\n<\/div><\/div><\/div>\n<\/div><\/div>\n\n\n\n<div class=\"wp-block-stackable-text stk-block-text stk-block stk-a331d72\" data-block-id=\"a331d72\"><style>.stk-a331d72 {margin-bottom:12px !important;}.stk-a331d72 .stk-block-text__text{font-size:16px !important;}@media screen and (max-width: 1023px){.stk-a331d72 .stk-block-text__text{font-size:16px !important;}}<\/style><p class=\"stk-block-text__text\">Nous vous donnerons un&nbsp;<strong>certificat d&#039;auteur<\/strong>&nbsp;et un&nbsp;<strong>preuve d&#039;inscription<\/strong>&nbsp;ce qui vous sera utile pour votre op\u00e9ration de transfert.<\/p><\/div>\n\n\n\n<div class=\"wp-block-stackable-image stk-block-image has-text-align-center stk-block stk-6f30820\" data-block-id=\"6f30820\"><style>.stk-6f30820 {margin-bottom:12px !important;}.stk-6f30820 .stk-img-wrapper{width:100px !important;height:100px !important;}<\/style><figure><span class=\"stk-img-wrapper stk-image--shape-stretch\"><img loading=\"lazy\" decoding=\"async\" class=\"stk-img wp-image-1818\" src=\"https:\/\/www.ull.es\/servicios\/otc\/wp-content\/uploads\/sites\/9\/2019\/04\/Iconos-png-OTRI-19.png\" width=\"1772\" height=\"1772\" srcset=\"https:\/\/www.ull.es\/servicios\/otc\/wp-content\/uploads\/sites\/9\/2019\/04\/Iconos-png-OTRI-19.png 1772w, https:\/\/www.ull.es\/servicios\/otc\/wp-content\/uploads\/sites\/9\/2019\/04\/Iconos-png-OTRI-19-150x150.png 150w, https:\/\/www.ull.es\/servicios\/otc\/wp-content\/uploads\/sites\/9\/2019\/04\/Iconos-png-OTRI-19-300x300.png 300w, https:\/\/www.ull.es\/servicios\/otc\/wp-content\/uploads\/sites\/9\/2019\/04\/Iconos-png-OTRI-19-768x768.png 768w, https:\/\/www.ull.es\/servicios\/otc\/wp-content\/uploads\/sites\/9\/2019\/04\/Iconos-png-OTRI-19-1024x1024.png 1024w, https:\/\/www.ull.es\/servicios\/otc\/wp-content\/uploads\/sites\/9\/2019\/04\/Iconos-png-OTRI-19-375x375.png 375w, https:\/\/www.ull.es\/servicios\/otc\/wp-content\/uploads\/sites\/9\/2019\/04\/Iconos-png-OTRI-19-750x750.png 750w, https:\/\/www.ull.es\/servicios\/otc\/wp-content\/uploads\/sites\/9\/2019\/04\/Iconos-png-OTRI-19-1140x1140.png 1140w, https:\/\/www.ull.es\/servicios\/otc\/wp-content\/uploads\/sites\/9\/2019\/04\/Iconos-png-OTRI-19-50x50.png 50w\" sizes=\"auto, (max-width: 1772px) 100vw, 1772px\" \/><\/span><\/figure><\/div>\n\n\n\n<div class=\"wp-block-stackable-text stk-block-text stk-block stk-eb52b5d\" data-block-id=\"eb52b5d\"><style>.stk-eb52b5d .stk-block-text__text{font-size:16px !important;}@media screen and (max-width: 1023px){.stk-eb52b5d .stk-block-text__text{font-size:16px !important;}}<\/style><p class=\"stk-block-text__text\">En mati\u00e8re de logiciels, il existe \u00e9galement une autre forme de protection\u00a0: les inventions mises en \u0153uvre par ordinateur ou&nbsp;<strong>Inventions mises en \u0153uvre par ordinateur (IIO)<\/strong>, Il s&#039;agit des cas o\u00f9 le logiciel a un effet technique et est prot\u00e9g\u00e9 par un brevet.<br><br>Si vous pensez que votre invention appartient \u00e0 cette cat\u00e9gorie, faites-le nous savoir et nous l&#039;analyserons.<\/p><\/div>\n<\/div><\/div><\/div>\n\n\n\n<div class=\"wp-block-stackable-column stk-block-column stk-column stk-block stk-57f460e\" data-v=\"4\" data-block-id=\"57f460e\"><style>.stk-57f460e-container{margin-top:0px !important;margin-right:0px !important;margin-bottom:0px !important;margin-left:0px !important;}@media screen and (min-width: 768px){.stk-57f460e {flex:var(--stk-flex-grow, 1) 1 calc(35% - var(--stk-column-gap, 0px) * 1 \/ 2 ) !important;}}<\/style><div class=\"stk-column-wrapper stk-block-column__content stk-container stk-57f460e-container stk--no-background stk--no-padding\"><div class=\"stk-block-content stk-inner-blocks stk-57f460e-inner-blocks\">\n<div class=\"wp-block-stackable-button-group stk-block-button-group stk-block stk-db36400\" data-block-id=\"db36400\"><style>.stk-db36400 .stk-button-group{flex-direction:column !important;align-items:stretch !important;}.stk-db36400 .stk-block{flex-basis:auto !important;}.stk-db36400 .stk-block-button, .stk-db36400 .stk-block-icon-button{flex:1 0 0% !important;}.stk-db36400 {margin-bottom:40px !important;}<\/style><div class=\"stk-row stk-inner-blocks has-text-align-left stk-block-content stk-button-group\">\n<div class=\"wp-block-stackable-button stk-block-button has-text-align-center o-anim-hover stk-block stk-d38c9ed\" data-block-id=\"d38c9ed\"><style>.stk-d38c9ed .stk-button{min-height:75px !important;background:#5c068c !important;}.stk-d38c9ed .stk-button .stk--inner-svg svg:last-child{margin-inline-start:50px !important;}.stk-d38c9ed .stk-button__inner-text{font-size:22px !important;color:#ffffff !important;}@media screen and (max-width: 1023px){.stk-d38c9ed .stk-button__inner-text{font-size:22px !important;}}<\/style><a class=\"stk-link stk-button stk--hover-effect-darken\" href=\"https:\/\/www.ull.es\/servicios\/otc\/fr\/proteccion\/cartera-patentes\/\" target=\"_blank\" rel=\"noreferrer noopener\"><span class=\"has-text-color stk-button__inner-text\">Portefeuille de brevets<\/span><\/a><\/div>\n<\/div><\/div>\n<\/div><\/div><\/div>\n<\/div><\/div>","protected":false},"excerpt":{"rendered":"<p>Bureau du transfert de connaissances \u2013 Propri\u00e9t\u00e9 intellectuelle et logiciels. Les \u0153uvres de propri\u00e9t\u00e9 intellectuelle d\u00e9signent les cr\u00e9ations issues de la cr\u00e9ativit\u00e9 intellectuelle d\u2019individus\u00a0: \u0153uvres litt\u00e9raires, scientifiques, musicales et photographiques, brochures techniques, bases de donn\u00e9es et programmes informatiques. Le droit d\u2019auteur de ces \u0153uvres est\u2026<\/p>","protected":false},"author":1,"featured_media":0,"parent":131,"menu_order":3,"comment_status":"closed","ping_status":"closed","template":"templates\/template-frontpage.php","meta":{"_acf_changed":false,"footnotes":""},"class_list":["post-52","page","type-page","status-publish","hentry"],"acf":[],"_links":{"self":[{"href":"https:\/\/www.ull.es\/servicios\/otc\/fr\/wp-json\/wp\/v2\/pages\/52","targetHints":{"allow":["GET"]}}],"collection":[{"href":"https:\/\/www.ull.es\/servicios\/otc\/fr\/wp-json\/wp\/v2\/pages"}],"about":[{"href":"https:\/\/www.ull.es\/servicios\/otc\/fr\/wp-json\/wp\/v2\/types\/page"}],"author":[{"embeddable":true,"href":"https:\/\/www.ull.es\/servicios\/otc\/fr\/wp-json\/wp\/v2\/users\/1"}],"replies":[{"embeddable":true,"href":"https:\/\/www.ull.es\/servicios\/otc\/fr\/wp-json\/wp\/v2\/comments?post=52"}],"version-history":[{"count":38,"href":"https:\/\/www.ull.es\/servicios\/otc\/fr\/wp-json\/wp\/v2\/pages\/52\/revisions"}],"predecessor-version":[{"id":3675,"href":"https:\/\/www.ull.es\/servicios\/otc\/fr\/wp-json\/wp\/v2\/pages\/52\/revisions\/3675"}],"up":[{"embeddable":true,"href":"https:\/\/www.ull.es\/servicios\/otc\/fr\/wp-json\/wp\/v2\/pages\/131"}],"wp:attachment":[{"href":"https:\/\/www.ull.es\/servicios\/otc\/fr\/wp-json\/wp\/v2\/media?parent=52"}],"curies":[{"name":"wp","href":"https:\/\/api.w.org\/{rel}","templated":true}]}}