{"id":635,"date":"2018-07-11T10:56:28","date_gmt":"2018-07-11T10:56:28","guid":{"rendered":"https:\/\/www.ull.es\/servicios\/otri\/?page_id=635"},"modified":"2026-03-18T12:01:29","modified_gmt":"2026-03-18T12:01:29","slug":"como-proteger","status":"publish","type":"page","link":"https:\/\/www.ull.es\/servicios\/otc\/fr\/proteccion\/como-proteger\/","title":{"rendered":"Comment la protection est-elle assur\u00e9e \u00e0 l&#039;ULL\u00a0?"},"content":{"rendered":"<div class=\"wp-block-stackable-columns alignfull stk-block-columns stk-block stk-16a94b8\" data-block-id=\"16a94b8\"><style>.stk-16a94b8 {margin-bottom:75px !important;}@media screen and (max-width: 767px){.stk-16a94b8 {padding-top:0px !important;padding-right:0px !important;padding-bottom:0px !important;padding-left:0px !important;}}<\/style><div class=\"stk-row stk-inner-blocks stk-block-content stk-content-align stk-16a94b8-column alignfull\">\n<div class=\"wp-block-stackable-column stk-block-column stk-column stk-block stk-dfe9b01 stk-block-background stk--has-background-overlay\" data-v=\"4\" data-block-id=\"dfe9b01\"><style>.stk-dfe9b01 {background-image:url(https:\/\/www.ull.es\/servicios\/otc\/wp-content\/uploads\/sites\/9\/2020\/01\/banner-otri.png) !important;}.stk-dfe9b01:before{background-color:#000000 !important;opacity:0.3 !important;}@media screen and (max-width: 767px){.stk-dfe9b01 {padding-top:0px !important;padding-right:0px !important;padding-bottom:0px !important;padding-left:0px !important;}.stk-dfe9b01-container{min-height:320px !important;}}<\/style><div class=\"stk-column-wrapper stk-block-column__content stk-container stk-dfe9b01-container stk--no-background stk--no-padding\"><div class=\"stk-block-content stk-inner-blocks stk-dfe9b01-inner-blocks\">\n<div class=\"wp-block-stackable-columns alignfull stk-block-columns stk-block stk-3bf239f\" data-block-id=\"3bf239f\"><style>@media screen and (max-width: 1023px){.stk-3bf239f {padding-left:0px !important;}}<\/style><div class=\"stk-row stk-inner-blocks stk-block-content stk-content-align stk-3bf239f-column alignfull\">\n<div class=\"wp-block-stackable-column stk-block-column stk-column stk-block stk-f66584c\" data-v=\"4\" data-block-id=\"f66584c\"><div class=\"stk-column-wrapper stk-block-column__content stk-container stk-f66584c-container stk--no-background stk--no-padding\"><div class=\"stk-block-content stk-inner-blocks stk-f66584c-inner-blocks\">\n<div class=\"wp-block-stackable-heading stk-block-heading stk-block-heading--v2 stk-block stk-1bb54e9\" id=\"oficina-de-transferencia-del-conocimiento\" data-block-id=\"1bb54e9\"><style>.stk-1bb54e9 {padding-top:110px !important;padding-right:25px !important;padding-bottom:75px !important;padding-left:420px !important;}.stk-1bb54e9 .stk-block-heading__text{font-size:35px !important;color:#ffffff !important;font-weight:400 !important;}@media screen and (max-width: 1023px){.stk-1bb54e9 {padding-left:55px !important;}.stk-1bb54e9 .stk-block-heading__text{font-size:35px !important;}}@media screen and (max-width: 767px){.stk-1bb54e9 {padding-right:95px !important;padding-left:25px !important;}.stk-1bb54e9 .stk-block-heading__text{font-size:33px !important;}}<\/style><h2 class=\"stk-block-heading__text has-text-color has-text-align-left has-text-align-left-tablet has-text-align-left-mobile\">Bureau de transfert de connaissances<\/h2><\/div>\n<\/div><\/div><\/div>\n<\/div><\/div>\n<\/div><\/div><\/div>\n<\/div><\/div>\n\n\n\n<div class=\"wp-block-stackable-columns alignfull stk-block-columns stk-block stk-646b6b6\" data-block-id=\"646b6b6\"><style>.stk-646b6b6-column{max-width:1140px !important;min-width:auto !important;margin-right:auto !important;margin-left:auto !important;--stk-column-gap:35px !important;}@media screen and (max-width: 1023px){.stk-646b6b6-column{max-width:725px !important;min-width:auto !important;margin-right:auto !important;margin-left:auto !important;}}@media screen and (max-width: 767px){.stk-646b6b6-column{max-width:375px !important;min-width:auto !important;margin-right:auto !important;margin-left:auto !important;}}<\/style><div class=\"stk-row stk-inner-blocks has-text-align-left stk-block-content stk-content-align stk-646b6b6-column alignfull\">\n<div class=\"wp-block-stackable-column stk-block-column stk-column stk-block stk-3e896f3\" data-v=\"4\" data-block-id=\"3e896f3\"><style>.stk-3e896f3-container{margin-top:0px !important;margin-right:0px !important;margin-bottom:0px !important;margin-left:0px !important;}@media screen and (min-width: 768px){.stk-3e896f3 {flex:var(--stk-flex-grow, 1) 1 calc(65% - var(--stk-column-gap, 0px) * 1 \/ 2 ) !important;}}@media screen and (max-width: 767px){.stk-3e896f3 {margin-bottom:24px !important;}}<\/style><div class=\"stk-column-wrapper stk-block-column__content stk-container stk-3e896f3-container stk--no-background stk--no-padding\"><div class=\"stk-block-content stk-inner-blocks stk-3e896f3-inner-blocks\">\n<div class=\"wp-block-stackable-heading stk-block-heading stk-block-heading--v2 stk-block stk-5209636\" id=\"como-se-protege-en-la-ull\" data-block-id=\"5209636\"><style>.stk-5209636 {margin-bottom:12px !important;}.stk-5209636 .stk-block-heading__text{font-size:35px !important;color:#5c068c !important;font-weight:400 !important;}@media screen and (max-width: 1023px){.stk-5209636 .stk-block-heading__text{font-size:35px !important;}}<\/style><h2 class=\"stk-block-heading__text has-text-color\">Comment la protection est-elle assur\u00e9e \u00e0 l&#039;ULL\u00a0?<\/h2><\/div>\n\n\n\n<div class=\"wp-block-stackable-text stk-block-text stk-block stk-11e303e\" data-block-id=\"11e303e\"><style>.stk-11e303e {margin-bottom:22px !important;}.stk-11e303e .stk-block-text__text{font-size:16px !important;line-height:1.3em !important;}@media screen and (max-width: 1023px){.stk-11e303e .stk-block-text__text{font-size:16px !important;}}<\/style><p class=\"stk-block-text__text\"><strong>1.<\/strong>&nbsp;Veuillez envoyer votre invention \u00e0 l&#039;adresse \u00e9lectronique suivante<br><br>\ud83d\udce7&nbsp;<a href=\"mailto:proteccion_otc@ull.edu.es\" target=\"_blank\" rel=\"noreferrer noopener\">protection_otc@ull.edu.es.<\/a><br><br><strong>2.<\/strong>&nbsp;Nous programmerons un entretien avec vous lorsque cela sera n\u00e9cessaire.<br><br><strong>3.<\/strong>&nbsp;Nous \u00e9tablirons un rapport de protection indiquant la m\u00e9thode la mieux adapt\u00e9e \u00e0 la protection de vos r\u00e9sultats et nous nous chargerons de sa gestion.<\/p><\/div>\n\n\n\n<div class=\"wp-block-stackable-heading stk-block-heading stk-block-heading--v2 stk-block stk-456684d\" id=\"flujograma\" data-block-id=\"456684d\"><style>.stk-456684d {margin-bottom:12px !important;}.stk-456684d .stk-block-heading__text{font-size:26px !important;color:#5c068c !important;font-weight:700 !important;}@media screen and (max-width: 1023px){.stk-456684d .stk-block-heading__text{font-size:26px !important;}}<\/style><h2 class=\"stk-block-heading__text has-text-color\">Organigramme<\/h2><\/div>\n\n\n\n<div class=\"wp-block-stackable-image stk-block-image stk-block stk-316d024\" data-block-id=\"316d024\"><style>.stk-316d024 {margin-bottom:18px !important;}.stk-316d024 .stk-img-wrapper{width:740px !important;height:420px !important;}@media screen and (max-width: 1023px){.stk-316d024 .stk-img-wrapper{width:458px !important;height:260px !important;}}@media screen and (max-width: 767px){.stk-316d024 .stk-img-wrapper{width:374px !important;height:213px !important;}}<\/style><figure><span class=\"stk-img-wrapper stk-image--shape-stretch\"><img loading=\"lazy\" decoding=\"async\" class=\"stk-img wp-image-1679\" src=\"https:\/\/www.ull.es\/servicios\/otc\/wp-content\/uploads\/sites\/9\/2019\/01\/flujograma-proteccion.png\" width=\"1600\" height=\"911\" srcset=\"https:\/\/www.ull.es\/servicios\/otc\/wp-content\/uploads\/sites\/9\/2019\/01\/flujograma-proteccion.png 1600w, https:\/\/www.ull.es\/servicios\/otc\/wp-content\/uploads\/sites\/9\/2019\/01\/flujograma-proteccion-300x171.png 300w, https:\/\/www.ull.es\/servicios\/otc\/wp-content\/uploads\/sites\/9\/2019\/01\/flujograma-proteccion-768x437.png 768w, https:\/\/www.ull.es\/servicios\/otc\/wp-content\/uploads\/sites\/9\/2019\/01\/flujograma-proteccion-1024x583.png 1024w, https:\/\/www.ull.es\/servicios\/otc\/wp-content\/uploads\/sites\/9\/2019\/01\/flujograma-proteccion-375x214.png 375w, https:\/\/www.ull.es\/servicios\/otc\/wp-content\/uploads\/sites\/9\/2019\/01\/flujograma-proteccion-750x427.png 750w, https:\/\/www.ull.es\/servicios\/otc\/wp-content\/uploads\/sites\/9\/2019\/01\/flujograma-proteccion-1140x649.png 1140w\" sizes=\"auto, (max-width: 1600px) 100vw, 1600px\" \/><\/span><\/figure><\/div>\n\n\n\n<div class=\"wp-block-stackable-heading stk-block-heading stk-block-heading--v2 stk-block stk-4e4cad6\" id=\"normativa-de-proteccion\" data-block-id=\"4e4cad6\"><style>.stk-4e4cad6 {margin-bottom:12px !important;}.stk-4e4cad6 .stk-block-heading__text{font-size:26px !important;color:#5c068c !important;font-weight:700 !important;}@media screen and (max-width: 1023px){.stk-4e4cad6 .stk-block-heading__text{font-size:26px !important;}}<\/style><h2 class=\"stk-block-heading__text has-text-color\">R\u00e8glements de protection<\/h2><\/div>\n\n\n\n<div class=\"wp-block-stackable-icon-list stk-block-icon-list stk-block stk-e602395\" data-block-id=\"e602395\"><style>.stk-e602395 {--stk-icon-list-icon-size:4px !important;margin-left:15px !important;}.stk-e602395 .stk-block-icon-list-item__content{align-items:flex-start !important;}.stk-e602395 ul .stk-block-icon-list-item__content .stk--inner-svg, .stk-e602395 ol .stk-block-icon-list-item__content .stk-block-icon-list-item__marker{transform:translateY(11px) !important;}.stk-e602395 ul li, .stk-e602395 ol li, .stk-e602395 ul li span, .stk-e602395 ol li span{font-size:16px !important;}@media screen and (max-width: 1023px){.stk-e602395 ul li, .stk-e602395 ol li, .stk-e602395 ul li span, .stk-e602395 ol li span{font-size:16px !important;}}<\/style><svg style=\"display:none\"><defs><g id=\"stk-icon-list__icon-svg-def-e602395\"><svg xmlns=\"http:\/\/www.w3.org\/2000\/svg\" viewbox=\"0 0 512 512\"><path d=\"M256 512A256 256 0 1 0 256 0a256 256 0 1 0 0 512z\"\/><\/svg><\/g><\/defs><\/svg><ul class=\"stk-block-icon-list__ul stk-block-icon-list--column\">\n<li class=\"wp-block-stackable-icon-list-item stk-block-icon-list-item stk-block stk-e31da82\" data-block-id=\"e31da82\"><div class=\"stk-block-icon-list-item__content\"><span class=\"stk--svg-wrapper\"><div class=\"stk--inner-svg\"><svg aria-hidden=\"true\" width=\"32\" height=\"32\"><use xlink:href=\"#stk-icon-list__icon-svg-def-e602395\"><\/use><\/svg><\/div><\/span><span class=\"stk-block-icon-list-item__text\"><a href=\"https:\/\/sede.ull.es\/ecivilis-site\/bulletinBoard\/showBulletin\/10902:1\" target=\"_blank\" rel=\"noreferrer noopener\">Consultez la r\u00e9glementation en mati\u00e8re de protection<\/a><\/span><\/div><\/li>\n<\/ul><\/div>\n<\/div><\/div><\/div>\n\n\n\n<div class=\"wp-block-stackable-column stk-block-column stk-column stk-block stk-57f460e\" data-v=\"4\" data-block-id=\"57f460e\"><style>.stk-57f460e-container{margin-top:0px !important;margin-right:0px !important;margin-bottom:0px !important;margin-left:0px !important;}@media screen and (min-width: 768px){.stk-57f460e {flex:var(--stk-flex-grow, 1) 1 calc(35% - var(--stk-column-gap, 0px) * 1 \/ 2 ) !important;}}<\/style><div class=\"stk-column-wrapper stk-block-column__content stk-container stk-57f460e-container stk--no-background stk--no-padding\"><div class=\"stk-block-content stk-inner-blocks stk-57f460e-inner-blocks\">\n<div class=\"wp-block-stackable-button-group stk-block-button-group stk-block stk-db36400\" data-block-id=\"db36400\"><style>.stk-db36400 .stk-button-group{flex-direction:column !important;align-items:stretch !important;}.stk-db36400 .stk-block{flex-basis:auto !important;}.stk-db36400 .stk-block-button, .stk-db36400 .stk-block-icon-button{flex:1 0 0% !important;}.stk-db36400 {margin-bottom:40px !important;}<\/style><div class=\"stk-row stk-inner-blocks has-text-align-left stk-block-content stk-button-group\">\n<div class=\"wp-block-stackable-button stk-block-button has-text-align-center o-anim-hover stk-block stk-d38c9ed\" data-block-id=\"d38c9ed\"><style>.stk-d38c9ed .stk-button{min-height:75px !important;background:#5c068c !important;}.stk-d38c9ed .stk-button .stk--inner-svg svg:last-child{margin-inline-start:50px !important;}.stk-d38c9ed .stk-button__inner-text{font-size:22px !important;color:#ffffff !important;}@media screen and (max-width: 1023px){.stk-d38c9ed .stk-button__inner-text{font-size:22px !important;}}<\/style><a class=\"stk-link stk-button stk--hover-effect-darken\" href=\"https:\/\/www.ull.es\/servicios\/otc\/fr\/proteccion\/cartera-patentes\/\" target=\"_blank\" rel=\"noreferrer noopener\"><span class=\"has-text-color stk-button__inner-text\">Portefeuille de brevets<\/span><\/a><\/div>\n<\/div><\/div>\n<\/div><\/div><\/div>\n<\/div><\/div>","protected":false},"excerpt":{"rendered":"<p>Bureau de transfert de connaissances\u00a0: Comment vos inventions sont-elles prot\u00e9g\u00e9es \u00e0 l\u2019ULL\u00a0? 1. Envoyez votre invention \u00e0 l\u2019adresse \u00e9lectronique suivante\u00a0: \ud83d\udce7 proteccion_otc@ull.edu.es. 2. Nous vous contacterons pour un entretien si n\u00e9cessaire. 3. Nous \u00e9tablirons un rapport de protection indiquant la m\u00e9thode la plus appropri\u00e9e pour prot\u00e9ger vos r\u00e9sultats et nous g\u00e9rerons le processus. Organigramme et r\u00e9glementation\u2026<\/p>","protected":false},"author":1,"featured_media":0,"parent":131,"menu_order":0,"comment_status":"closed","ping_status":"closed","template":"templates\/template-frontpage.php","meta":{"_acf_changed":false,"footnotes":""},"class_list":["post-635","page","type-page","status-publish","hentry"],"acf":[],"_links":{"self":[{"href":"https:\/\/www.ull.es\/servicios\/otc\/fr\/wp-json\/wp\/v2\/pages\/635","targetHints":{"allow":["GET"]}}],"collection":[{"href":"https:\/\/www.ull.es\/servicios\/otc\/fr\/wp-json\/wp\/v2\/pages"}],"about":[{"href":"https:\/\/www.ull.es\/servicios\/otc\/fr\/wp-json\/wp\/v2\/types\/page"}],"author":[{"embeddable":true,"href":"https:\/\/www.ull.es\/servicios\/otc\/fr\/wp-json\/wp\/v2\/users\/1"}],"replies":[{"embeddable":true,"href":"https:\/\/www.ull.es\/servicios\/otc\/fr\/wp-json\/wp\/v2\/comments?post=635"}],"version-history":[{"count":30,"href":"https:\/\/www.ull.es\/servicios\/otc\/fr\/wp-json\/wp\/v2\/pages\/635\/revisions"}],"predecessor-version":[{"id":3673,"href":"https:\/\/www.ull.es\/servicios\/otc\/fr\/wp-json\/wp\/v2\/pages\/635\/revisions\/3673"}],"up":[{"embeddable":true,"href":"https:\/\/www.ull.es\/servicios\/otc\/fr\/wp-json\/wp\/v2\/pages\/131"}],"wp:attachment":[{"href":"https:\/\/www.ull.es\/servicios\/otc\/fr\/wp-json\/wp\/v2\/media?parent=635"}],"curies":[{"name":"wp","href":"https:\/\/api.w.org\/{rel}","templated":true}]}}