{"id":70,"date":"2018-05-15T12:07:42","date_gmt":"2018-05-15T12:07:42","guid":{"rendered":"https:\/\/www.ull.es\/servicios\/otri\/?page_id=70"},"modified":"2026-03-16T11:49:37","modified_gmt":"2026-03-16T11:49:37","slug":"conocenos","status":"publish","type":"page","link":"https:\/\/www.ull.es\/servicios\/otc\/fr\/conocenos\/","title":{"rendered":"Apprenez \u00e0 nous conna\u00eetre"},"content":{"rendered":"<div class=\"wp-block-stackable-columns alignfull stk-block-columns stk-block stk-16a94b8\" data-block-id=\"16a94b8\"><style>.stk-16a94b8 {margin-bottom:75px !important;}@media screen and (max-width: 767px){.stk-16a94b8 {padding-top:0px !important;padding-right:0px !important;padding-bottom:0px !important;padding-left:0px !important;}}<\/style><div class=\"stk-row stk-inner-blocks stk-block-content stk-content-align stk-16a94b8-column alignfull\">\n<div class=\"wp-block-stackable-column stk-block-column stk-column stk-block stk-dfe9b01 stk-block-background stk--has-background-overlay\" data-v=\"4\" data-block-id=\"dfe9b01\"><style>.stk-dfe9b01 {background-image:url(https:\/\/www.ull.es\/servicios\/otc\/wp-content\/uploads\/sites\/9\/2020\/01\/banner-otri.png) !important;}.stk-dfe9b01:before{background-color:#000000 !important;opacity:0.3 !important;}@media screen and (max-width: 767px){.stk-dfe9b01 {padding-top:0px !important;padding-right:0px !important;padding-bottom:0px !important;padding-left:0px !important;}.stk-dfe9b01-container{min-height:320px !important;}}<\/style><div class=\"stk-column-wrapper stk-block-column__content stk-container stk-dfe9b01-container stk--no-background stk--no-padding\"><div class=\"stk-block-content stk-inner-blocks stk-dfe9b01-inner-blocks\">\n<div class=\"wp-block-stackable-columns alignfull stk-block-columns stk-block stk-3bf239f\" data-block-id=\"3bf239f\"><style>@media screen and (max-width: 1023px){.stk-3bf239f {padding-left:0px !important;}}<\/style><div class=\"stk-row stk-inner-blocks stk-block-content stk-content-align stk-3bf239f-column alignfull\">\n<div class=\"wp-block-stackable-column stk-block-column stk-column stk-block stk-f66584c\" data-v=\"4\" data-block-id=\"f66584c\"><div class=\"stk-column-wrapper stk-block-column__content stk-container stk-f66584c-container stk--no-background stk--no-padding\"><div class=\"stk-block-content stk-inner-blocks stk-f66584c-inner-blocks\">\n<div class=\"wp-block-stackable-heading stk-block-heading stk-block-heading--v2 stk-block stk-1bb54e9\" id=\"oficina-de-transferencia-del-conocimiento\" data-block-id=\"1bb54e9\"><style>.stk-1bb54e9 {padding-top:110px !important;padding-right:25px !important;padding-bottom:75px !important;padding-left:420px !important;}.stk-1bb54e9 .stk-block-heading__text{font-size:35px !important;color:#ffffff !important;font-weight:400 !important;}@media screen and (max-width: 1023px){.stk-1bb54e9 {padding-left:55px !important;}.stk-1bb54e9 .stk-block-heading__text{font-size:35px !important;}}@media screen and (max-width: 767px){.stk-1bb54e9 {padding-right:95px !important;padding-left:25px !important;}.stk-1bb54e9 .stk-block-heading__text{font-size:33px !important;}}<\/style><h2 class=\"stk-block-heading__text has-text-color has-text-align-left has-text-align-left-tablet has-text-align-left-mobile\">Bureau de transfert de connaissances<\/h2><\/div>\n<\/div><\/div><\/div>\n<\/div><\/div>\n<\/div><\/div><\/div>\n<\/div><\/div>\n\n\n\n<div class=\"wp-block-stackable-columns alignfull stk-block-columns stk-block stk-646b6b6\" data-block-id=\"646b6b6\"><style>.stk-646b6b6 {margin-top:45px !important;}.stk-646b6b6-column{max-width:1140px !important;min-width:auto !important;margin-right:auto !important;margin-left:auto !important;--stk-column-gap:35px !important;}@media screen and (max-width: 1023px){.stk-646b6b6-column{max-width:725px !important;min-width:auto !important;margin-right:auto !important;margin-left:auto !important;}}@media screen and (max-width: 767px){.stk-646b6b6-column{max-width:375px !important;min-width:auto !important;margin-right:auto !important;margin-left:auto !important;}}<\/style><div class=\"stk-row stk-inner-blocks has-text-align-left stk-block-content stk-content-align stk-646b6b6-column alignfull\">\n<div class=\"wp-block-stackable-column stk-block-column stk-column stk-block stk-3e896f3\" data-v=\"4\" data-block-id=\"3e896f3\"><style>.stk-3e896f3-container{margin-top:0px !important;margin-right:0px !important;margin-bottom:0px !important;margin-left:0px !important;}@media screen and (min-width: 768px){.stk-3e896f3 {flex:var(--stk-flex-grow, 1) 1 calc(65% - var(--stk-column-gap, 0px) * 1 \/ 2 ) !important;}}@media screen and (max-width: 767px){.stk-3e896f3 {margin-bottom:24px !important;}}<\/style><div class=\"stk-column-wrapper stk-block-column__content stk-container stk-3e896f3-container stk--no-background stk--no-padding\"><div class=\"stk-block-content stk-inner-blocks stk-3e896f3-inner-blocks\">\n<div class=\"wp-block-stackable-heading stk-block-heading stk-block-heading--v2 stk-block stk-5209636\" id=\"que-es-la-otc-ull\" data-block-id=\"5209636\"><style>.stk-5209636 {margin-bottom:12px !important;}.stk-5209636 .stk-block-heading__text{font-size:35px !important;color:#5c068c !important;font-weight:400 !important;}@media screen and (max-width: 1023px){.stk-5209636 .stk-block-heading__text{font-size:35px !important;}}<\/style><h2 class=\"stk-block-heading__text has-text-color\">Qu&#039;est-ce que l&#039;OTC ULL\u00a0?<\/h2><\/div>\n\n\n\n<div class=\"wp-block-stackable-text stk-block-text stk-block stk-b3a6708\" data-block-id=\"b3a6708\"><style>.stk-b3a6708 .stk-block-text__text{font-size:16px !important;}@media screen and (max-width: 1023px){.stk-b3a6708 .stk-block-text__text{font-size:16px !important;}}<\/style><p class=\"stk-block-text__text\">Le&nbsp;<strong>Bureau de transfert des connaissances de l&#039;Universit\u00e9 de La Laguna<\/strong>&nbsp;(apr\u00e8s&nbsp;<strong>OTC-ULL<\/strong>), qui d\u00e9pend du vice-rectorat \u00e0 la recherche et au transfert, est l&#039;unit\u00e9 strat\u00e9gique charg\u00e9e de promouvoir le transfert des connaissances g\u00e9n\u00e9r\u00e9es dans notre universit\u00e9, en renfor\u00e7ant le lien entre la recherche universitaire et l&#039;environnement socio-\u00e9conomique, commercial et institutionnel.<br><br>Le<strong>&nbsp;OTC-ULL<\/strong>&nbsp;Elle joue le r\u00f4le de facilitateur du syst\u00e8me de R&amp;D&amp;I, en promouvant la collaboration entre l&#039;universit\u00e9, les entreprises et l&#039;administration, en soutenant le personnel de recherche dans toutes les phases du cycle de recherche appliqu\u00e9e et en contribuant au d\u00e9veloppement d&#039;un mod\u00e8le de croissance fond\u00e9 sur la connaissance, l&#039;innovation et le talent.<\/p><\/div>\n\n\n\n<div class=\"wp-block-stackable-heading stk-block-heading stk-block-heading--v2 stk-block stk-14e60d2\" id=\"mision\" data-block-id=\"14e60d2\"><h3 class=\"stk-block-heading__text\">Mission<\/h3><\/div>\n\n\n\n<div class=\"wp-block-stackable-text stk-block-text stk-block stk-197d2a9\" data-block-id=\"197d2a9\"><style>.stk-197d2a9 .stk-block-text__text{font-size:16px !important;}@media screen and (max-width: 1023px){.stk-197d2a9 .stk-block-text__text{font-size:16px !important;}}<\/style><p class=\"stk-block-text__text\"><strong>Afin de maximiser l&#039;impact social, \u00e9conomique et technologique des connaissances produites \u00e0 l&#039;Universit\u00e9 de La Laguna,<\/strong>&nbsp;Par la valorisation des r\u00e9sultats de la recherche, la protection de la propri\u00e9t\u00e9 intellectuelle et industrielle, la promotion de l&#039;entrepreneuriat fond\u00e9 sur la connaissance et le soutien \u00e0 l&#039;obtention et \u00e0 la gestion de financements comp\u00e9titifs aux niveaux r\u00e9gional, national et europ\u00e9en, ainsi que par la diffusion des connaissances scientifiques.<\/p><\/div>\n\n\n\n<div class=\"wp-block-stackable-heading stk-block-heading stk-block-heading--v2 stk-block stk-fc40400\" id=\"vision\" data-block-id=\"fc40400\"><h3 class=\"stk-block-heading__text\">Vision<\/h3><\/div>\n\n\n\n<div class=\"wp-block-stackable-text stk-block-text stk-block stk-a45b4e1\" data-block-id=\"a45b4e1\"><style>.stk-a45b4e1 .stk-block-text__text{font-size:16px !important;}@media screen and (max-width: 1023px){.stk-a45b4e1 .stk-block-text__text{font-size:16px !important;}}<\/style><p class=\"stk-block-text__text\"><strong>Elle vise \u00e0 s&#039;imposer comme une unit\u00e9 de r\u00e9f\u00e9rence en mati\u00e8re de transfert de connaissances et d&#039;innovation.<\/strong>, reconnue pour sa capacit\u00e9 \u00e0 transformer la recherche en solutions concr\u00e8tes pour la soci\u00e9t\u00e9, pour sa contribution au renforcement de l&#039;\u00e9cosyst\u00e8me innovant des \u00eeles Canaries et pour son alignement sur les strat\u00e9gies r\u00e9gionales, nationales et europ\u00e9ennes de R&amp;D&amp;I.<\/p><\/div>\n<\/div><\/div><\/div>\n\n\n\n<div class=\"wp-block-stackable-column stk-block-column stk-column stk-block stk-57f460e\" data-v=\"4\" data-block-id=\"57f460e\"><style>.stk-57f460e-container{margin-top:0px !important;margin-right:0px !important;margin-bottom:0px !important;margin-left:0px !important;}@media screen and (min-width: 768px){.stk-57f460e {flex:var(--stk-flex-grow, 1) 1 calc(35% - var(--stk-column-gap, 0px) * 1 \/ 2 ) !important;}}<\/style><div class=\"stk-column-wrapper stk-block-column__content stk-container stk-57f460e-container stk--no-background stk--no-padding\"><div class=\"stk-block-content stk-inner-blocks stk-57f460e-inner-blocks\">\n<div class=\"wp-block-stackable-button-group stk-block-button-group stk-block stk-db36400\" data-block-id=\"db36400\"><style>.stk-db36400 .stk-button-group{flex-direction:column !important;align-items:stretch !important;}.stk-db36400 .stk-block{flex-basis:auto !important;}.stk-db36400 .stk-block-button, .stk-db36400 .stk-block-icon-button{flex:1 0 0% !important;}.stk-db36400 {margin-bottom:15px !important;}<\/style><div class=\"stk-row stk-inner-blocks has-text-align-left stk-block-content stk-button-group\">\n<div class=\"wp-block-stackable-button stk-block-button has-text-align-center o-anim-hover stk-block stk-d38c9ed\" data-block-id=\"d38c9ed\"><style>.stk-d38c9ed .stk-button{min-height:75px !important;background:#5c068c !important;}.stk-d38c9ed .stk-button .stk--inner-svg svg:last-child{margin-inline-start:50px !important;}.stk-d38c9ed .stk-button__inner-text{color:#ffffff !important;}<\/style><a class=\"stk-link stk-button stk--hover-effect-darken\" href=\"https:\/\/www.ull.es\/servicios\/otc\/fr\/conocenos\/areas-estrategicas\/\" target=\"_blank\" rel=\"noreferrer noopener\"><span class=\"has-text-color stk-button__inner-text\">Domaines strat\u00e9giques<\/span><span class=\"stk--svg-wrapper\"><div class=\"stk--inner-svg\"><svg xmlns=\"http:\/\/www.w3.org\/2000\/svg\" viewbox=\"0 0 448 512\" aria-hidden=\"true\" width=\"32\" height=\"32\"><path d=\"M438.6 278.6c12.5-12.5 12.5-32.8 0-45.3l-160-160c-12.5-12.5-32.8-12.5-45.3 0s-12.5 32.8 0 45.3L338.8 224 32 224c-17.7 0-32 14.3-32 32s14.3 32 32 32l306.7 0L233.4 393.4c-12.5 12.5-12.5 32.8 0 45.3s32.8 12.5 45.3 0l160-160z\"\/><\/svg><\/div><\/span><\/a><\/div>\n<\/div><\/div>\n\n\n\n<div class=\"wp-block-stackable-columns stk-block-columns stk-block stk-33506ee\" data-block-id=\"33506ee\"><style>.stk-33506ee {border-style:solid !important;border-color:#eeeeee !important;border-top-width:1px !important;border-right-width:1px !important;border-bottom-width:1px !important;border-left-width:1px !important;}<\/style><div class=\"stk-row stk-inner-blocks stk-block-content stk-content-align stk-33506ee-column\">\n<div class=\"wp-block-stackable-column stk-block-column stk-column stk-block stk-f985361\" data-v=\"4\" data-block-id=\"f985361\"><style>.stk-f985361-container{margin-top:0px !important;margin-right:0px !important;margin-bottom:0px !important;margin-left:0px !important;}.stk-f985361 {padding-top:0px !important;padding-right:0px !important;padding-bottom:0px !important;padding-left:0px !important;}<\/style><div class=\"stk-column-wrapper stk-block-column__content stk-container stk-f985361-container stk--no-background stk--no-padding\"><div class=\"stk-block-content stk-inner-blocks stk-f985361-inner-blocks\">\n<div class=\"wp-block-stackable-heading stk-block-heading stk-block-heading--v2 stk-block stk-0e2075d stk-block-background\" id=\"informacion-del-contacto\" data-block-id=\"0e2075d\"><style>.stk-0e2075d {padding-top:10px !important;padding-right:10px !important;padding-bottom:10px !important;padding-left:10px !important;margin-bottom:0px !important;}.stk-0e2075d .stk-block-heading__text{font-size:15px !important;color:#666666 !important;}@media screen and (max-width: 1023px){.stk-0e2075d .stk-block-heading__text{font-size:15px !important;}}<\/style><h3 class=\"stk-block-heading__text has-text-color has-text-align-left\">coordonn\u00e9es<\/h3><\/div>\n\n\n\n<ul class=\"widget-contacto\">\n    <li><i class=\"fa fa-map-marker\"><\/i> C\/ Pedro Zerolo, s\/n. B\u00e2timent central. \u00c9tage 1. Bo\u00eete 456. Code postal 38200. San Crist\u00f3bal de La Laguna. S\/C de T\u00e9n\u00e9rife<\/li><li><i class=\"fa fa-phone\"><\/i> (+34) 922 31 65 02 (poste 6348)<\/li><li><i class=\"fa fa-address-book-o\"><\/i> <a target=\"_blank\" href=\"https:\/\/www.ull.es\/servicios\/otc\/fr\/directorio\/search\/?busqueda=otri\">Annuaire<\/a><\/li><li><i class=\"fa fa-envelope\"><\/i>  <a href=\"mailto:otc@ull.es\">otc@ull.es<\/a><\/li><li><i class=\"fa fa-clock-o\"><\/i> De 9h00 \u00e0 14h00 du lundi au vendredi<\/li><li><i class=\"fa fa-globe\"><\/i><a href=\"https:\/\/www.ull.es\/servicios\/otc\/fr\/servicios\/otri\/\"> page web<\/a><\/li><li><i class=\"fa fa-pencil-square-o\"><\/i><a href=\"https:\/\/www.ull.es\/encuestas\/index.php?r=survey\/index&sid=937171&lang=es\"> Enqu\u00eate de satisfaction<\/a><\/li><li><i class=\"fa fa-archive\"><\/i><a href=\"https:\/\/sede.ull.es\/ecivilis-site\/catalog\/showProcedure\/484\"> Proc\u00e9dure pour les plaintes, suggestions et compliments<\/a><\/li>\n<\/ul>\n\n<\/div><\/div><\/div>\n<\/div><\/div>\n\n\n\n    \n<style>\n    .google-maps {\n        position: relative;\n        padding-bottom: 75%;\n        height: 0;\n        overflow: hidden;\n    }\n    .google-maps iframe {\n        position: absolute;\n        top: 0;\n        left: 0;\n        width: 100% !important;\n        height: 100% !important;\n    }\n<\/style>\n\n\n<div class=\"google-maps\">\n    <iframe src=\"https:\/\/www.openstreetmap.org\/export\/embed.html?bbox=-16.319295038789%2C28.477562826417%2C-16.313151229199%2C28.483375048697&amp;layer=mapnik&amp;marker=28.481745782157400%2C-16.316468864679300\" style=\"border: 1px solid black\"><\/iframe>\n<\/div>\n\n<div class=\"btn-widget\">\n    <a href=\"https:\/\/www.openstreetmap.org\/directions?engine=graphhopper_car&from=&to=28.481745782157400%2C-16.316468864679300#map=17\/28.481745782157400\/-16.316468864679300\">Comment s&#039;y rendre<\/a>  \n<\/div>\n\n  <\/body>\n<\/html>\n\n\n<\/div><\/div><\/div>\n<\/div><\/div>","protected":false},"excerpt":{"rendered":"<p>Bureau de Transfert de Connaissances\u00a0: Qu\u2019est-ce que le BTC-ULL\u00a0? Le Bureau de Transfert de Connaissances de l\u2019Universit\u00e9 de La Laguna (ci-apr\u00e8s BTC-ULL), rattach\u00e9 au Vice-Rectorat \u00e0 la Recherche et au Transfert, est l\u2019unit\u00e9 strat\u00e9gique charg\u00e9e de promouvoir le transfert des connaissances produites au sein de notre universit\u00e9 et de renforcer les liens entre la recherche universitaire et le milieu socio-\u00e9conomique\u2026<\/p>","protected":false},"author":1,"featured_media":0,"parent":0,"menu_order":0,"comment_status":"closed","ping_status":"closed","template":"templates\/template-frontpage.php","meta":{"_acf_changed":false,"footnotes":""},"class_list":["post-70","page","type-page","status-publish","hentry"],"acf":[],"_links":{"self":[{"href":"https:\/\/www.ull.es\/servicios\/otc\/fr\/wp-json\/wp\/v2\/pages\/70","targetHints":{"allow":["GET"]}}],"collection":[{"href":"https:\/\/www.ull.es\/servicios\/otc\/fr\/wp-json\/wp\/v2\/pages"}],"about":[{"href":"https:\/\/www.ull.es\/servicios\/otc\/fr\/wp-json\/wp\/v2\/types\/page"}],"author":[{"embeddable":true,"href":"https:\/\/www.ull.es\/servicios\/otc\/fr\/wp-json\/wp\/v2\/users\/1"}],"replies":[{"embeddable":true,"href":"https:\/\/www.ull.es\/servicios\/otc\/fr\/wp-json\/wp\/v2\/comments?post=70"}],"version-history":[{"count":29,"href":"https:\/\/www.ull.es\/servicios\/otc\/fr\/wp-json\/wp\/v2\/pages\/70\/revisions"}],"predecessor-version":[{"id":3628,"href":"https:\/\/www.ull.es\/servicios\/otc\/fr\/wp-json\/wp\/v2\/pages\/70\/revisions\/3628"}],"wp:attachment":[{"href":"https:\/\/www.ull.es\/servicios\/otc\/fr\/wp-json\/wp\/v2\/media?parent=70"}],"curies":[{"name":"wp","href":"https:\/\/api.w.org\/{rel}","templated":true}]}}