{"id":1668,"date":"2018-12-20T12:56:44","date_gmt":"2018-12-20T12:56:44","guid":{"rendered":"https:\/\/www.ull.es\/servicios\/otri\/?page_id=1668"},"modified":"2022-03-04T13:12:59","modified_gmt":"2022-03-04T13:12:59","slug":"normativa-de-proteccion","status":"publish","type":"page","link":"https:\/\/www.ull.es\/servicios\/otc\/normativa-de-proteccion\/","title":{"rendered":"Normativa de protecci\u00f3n"},"content":{"rendered":"<p>[vc_row][vc_column][vc_column_text]<\/p>\n<h2>Normativa de protecci\u00f3n<\/h2>\n<p>[\/vc_column_text][vc_empty_space][vc_column_text]<\/p>\n<div class=\"col-md-12 ull-content\" role=\"main\">\n<div id=\"main_content\" class=\"ull-body-copy\" tabindex=\"-1\">\n<p><strong>Estatutos Universidad de La Laguna<\/strong><br \/>\n<a href=\"http:\/\/www.gobiernodecanarias.org\/boc\/2004\/143\/boc-2004-143-001.pdf\" target=\"_blank\" rel=\"noopener\">Decreto 89\/2004, de 6 de julio, por el que se aprueban los Estatutos de la Universidad de La Laguna<\/a><\/p>\n<p><strong>Normativa Protecci\u00f3n-ULL<\/strong><\/p>\n<p><a class=\"textoNormal\" href=\"https:\/\/sede.ull.es\/ecivilis-site\/bulletinBoard\/showBulletin\/10902:1\" target=\"_blank\" rel=\"noopener noreferrer\" target=\"_blank\" rel=\"noopener\">Reglamento sobre Gesti\u00f3n, Protecci\u00f3n y Explotaci\u00f3n de los resultados de Investigaci\u00f3n de la Universidad de La Laguna (Aprobado en Consejo de Gobierno 10\/02\/2022)<\/a><\/p>\n<p><strong>Normativa Ley de Ciencia, la Tecnolog\u00eda y la Innovaci\u00f3n<\/strong><br \/>\n<a href=\"https:\/\/www.boe.es\/buscar\/act.php?id=BOE-A-2011-9617\" target=\"_blank\" rel=\"noopener\">Ley 14\/2011 de 1 de Junio de Ciencia y Tecnolog\u00eda<\/a><\/p>\n<p><strong>Normativa Derechos de Autor<\/strong><br \/>\n<a href=\"https:\/\/boe.es\/buscar\/doc.php?id=BOE-A-1996-8930\" target=\"_blank\" rel=\"noopener\">Real Decreto Legislativo 1\/1996 de 12 de abril<\/a><\/p>\n<p><strong>Normativa Patentes<\/strong><\/p>\n<ul>\n<li><a href=\"https:\/\/www.boe.es\/diario_boe\/txt.php?id=BOE-A-2015-8328\" target=\"_blank\" rel=\"noopener\">Ley 24\/2015 de Patentes<\/a><\/li>\n<li><a href=\"https:\/\/www.boe.es\/diario_boe\/txt.php?id=BOE-A-2017-3550\" target=\"_blank\" rel=\"noopener\">Real decreto por el que se aprueba el reglamento para la ejecuci\u00f3n de la Ley 24\/2015 de 24 de Junio de Patentes<\/a><\/li>\n<\/ul>\n<p><strong>Normativa Dise\u00f1os Industriales<\/strong><br \/>\n<a href=\"https:\/\/www.boe.es\/boe\/dias\/2003\/07\/08\/pdfs\/A26348-26368.pdf\" target=\"_blank\" rel=\"noopener\">Ley 20\/2003, de 7 de julio, de Protecci\u00f3n Jur\u00eddica del Dise\u00f1o Industrial<\/a><\/p>\n<p><strong>Normativa Marcas<\/strong><\/p>\n<ul>\n<li><a href=\"http:\/\/www.boe.es\/buscar\/doc.php?id=BOE-A-2001-23093\" target=\"_blank\" rel=\"noopener\">Ley 17\/2001, de 7 de diciembre, de Marcas<\/a><\/li>\n<li><a href=\"https:\/\/www.boe.es\/buscar\/pdf\/2002\/BOE-A-2002-13981-consolidado.pdf\" target=\"_blank\" rel=\"noopener\">Real Decreto 687\/2002, de 12 de julio, por el que se aprueba el Reglamento para la ejecuci\u00f3n de la Ley 17\/2001, de 7 de diciembre, de Marcas.<\/a><\/li>\n<\/ul>\n<p><strong>Normativa Variedades Vegetales en Espa\u00f1a<\/strong><\/p>\n<ul>\n<li><a href=\"https:\/\/www.boe.es\/buscar\/doc.php?id=BOE-A-2000-414\" target=\"_blank\" rel=\"noopener\">Ley 3\/2000, de 7 de enero, de r\u00e9gimen jur\u00eddico de la protecci\u00f3n de las obtenciones vegetales.<\/a><\/li>\n<li><a href=\"https:\/\/www.boe.es\/diario_boe\/txt.php?id=BOE-A-2014-8139\" target=\"_blank\" rel=\"noopener\">Real decreto modificaci\u00f3n ley variedades vegetales<\/a><\/li>\n<\/ul>\n<p><strong>Normativa Ley de Secretos Empresariales<\/strong><\/p>\n<ul>\n<li><a href=\"https:\/\/www.boe.es\/boe\/dias\/2019\/02\/21\/pdfs\/BOE-A-2019-2364.pdf\" target=\"_blank\" rel=\"noopener\">Ley 1\/2019, de 20 de febrero, de Secretos Empresariales<\/a><\/li>\n<\/ul>\n<div id=\"sidebar\"><\/div>\n<\/div>\n<\/div>\n<div id=\"sidebar\"><\/div>\n<p>[\/vc_column_text][\/vc_column][\/vc_row]<\/p>\n","protected":false},"excerpt":{"rendered":"<p>[vc_row][vc_column][vc_column_text] Normativa de protecci\u00f3n [\/vc_column_text][vc_empty_space][vc_column_text] Estatutos Universidad de La Laguna Decreto 89\/2004, de 6 de julio, por el que se aprueban los Estatutos de la Universidad de La Laguna Normativa Protecci\u00f3n-ULL Reglamento sobre Gesti\u00f3n, Protecci\u00f3n y Explotaci\u00f3n de los resultados de Investigaci\u00f3n de la Universidad de La Laguna (Aprobado en Consejo de Gobierno 10\/02\/2022) Normativa&#8230;<\/p>\n","protected":false},"author":12,"featured_media":0,"parent":0,"menu_order":0,"comment_status":"closed","ping_status":"closed","template":"","meta":{"_acf_changed":false,"_crdt_document":"","footnotes":""},"class_list":["post-1668","page","type-page","status-publish","hentry"],"acf":[],"_links":{"self":[{"href":"https:\/\/www.ull.es\/servicios\/otc\/wp-json\/wp\/v2\/pages\/1668","targetHints":{"allow":["GET"]}}],"collection":[{"href":"https:\/\/www.ull.es\/servicios\/otc\/wp-json\/wp\/v2\/pages"}],"about":[{"href":"https:\/\/www.ull.es\/servicios\/otc\/wp-json\/wp\/v2\/types\/page"}],"author":[{"embeddable":true,"href":"https:\/\/www.ull.es\/servicios\/otc\/wp-json\/wp\/v2\/users\/12"}],"replies":[{"embeddable":true,"href":"https:\/\/www.ull.es\/servicios\/otc\/wp-json\/wp\/v2\/comments?post=1668"}],"version-history":[{"count":5,"href":"https:\/\/www.ull.es\/servicios\/otc\/wp-json\/wp\/v2\/pages\/1668\/revisions"}],"predecessor-version":[{"id":2281,"href":"https:\/\/www.ull.es\/servicios\/otc\/wp-json\/wp\/v2\/pages\/1668\/revisions\/2281"}],"wp:attachment":[{"href":"https:\/\/www.ull.es\/servicios\/otc\/wp-json\/wp\/v2\/media?parent=1668"}],"curies":[{"name":"wp","href":"https:\/\/api.w.org\/{rel}","templated":true}]}}