{"id":1955,"date":"2019-07-05T12:52:43","date_gmt":"2019-07-05T12:52:43","guid":{"rendered":"https:\/\/www.ull.es\/servicios\/otri\/?page_id=1955"},"modified":"2026-03-18T12:04:48","modified_gmt":"2026-03-18T12:04:48","slug":"programa-agustin-de-betancourt","status":"publish","type":"page","link":"https:\/\/www.ull.es\/servicios\/otc\/programa-agustin-de-betancourt\/","title":{"rendered":"Programa Agust\u00edn de Betancourt"},"content":{"rendered":"\n<div class=\"wp-block-stackable-columns alignfull stk-block-columns stk-block stk-16a94b8\" data-block-id=\"16a94b8\"><style>.stk-16a94b8 {margin-bottom:75px !important;}@media screen and (max-width: 767px){.stk-16a94b8 {padding-top:0px !important;padding-right:0px !important;padding-bottom:0px !important;padding-left:0px !important;}}<\/style><div class=\"stk-row stk-inner-blocks stk-block-content stk-content-align stk-16a94b8-column alignfull\">\n<div class=\"wp-block-stackable-column stk-block-column stk-column stk-block stk-dfe9b01 stk-block-background stk--has-background-overlay\" data-v=\"4\" data-block-id=\"dfe9b01\"><style>.stk-dfe9b01 {background-image:url(https:\/\/www.ull.es\/servicios\/otc\/wp-content\/uploads\/sites\/9\/2020\/01\/banner-otri.png) !important;}.stk-dfe9b01:before{background-color:#000000 !important;opacity:0.3 !important;}@media screen and (max-width: 767px){.stk-dfe9b01 {padding-top:0px !important;padding-right:0px !important;padding-bottom:0px !important;padding-left:0px !important;}.stk-dfe9b01-container{min-height:320px !important;}}<\/style><div class=\"stk-column-wrapper stk-block-column__content stk-container stk-dfe9b01-container stk--no-background stk--no-padding\"><div class=\"stk-block-content stk-inner-blocks stk-dfe9b01-inner-blocks\">\n<div class=\"wp-block-stackable-columns alignfull stk-block-columns stk-block stk-3bf239f\" data-block-id=\"3bf239f\"><style>@media screen and (max-width: 1023px){.stk-3bf239f {padding-left:0px !important;}}<\/style><div class=\"stk-row stk-inner-blocks stk-block-content stk-content-align stk-3bf239f-column alignfull\">\n<div class=\"wp-block-stackable-column stk-block-column stk-column stk-block stk-f66584c\" data-v=\"4\" data-block-id=\"f66584c\"><div class=\"stk-column-wrapper stk-block-column__content stk-container stk-f66584c-container stk--no-background stk--no-padding\"><div class=\"stk-block-content stk-inner-blocks stk-f66584c-inner-blocks\">\n<div class=\"wp-block-stackable-heading stk-block-heading stk-block-heading--v2 stk-block stk-1bb54e9\" id=\"oficina-de-transferencia-del-conocimiento\" data-block-id=\"1bb54e9\"><style>.stk-1bb54e9 {padding-top:110px !important;padding-right:25px !important;padding-bottom:75px !important;padding-left:420px !important;}.stk-1bb54e9 .stk-block-heading__text{font-size:35px !important;color:#ffffff !important;font-weight:400 !important;}@media screen and (max-width: 1023px){.stk-1bb54e9 {padding-left:55px !important;}.stk-1bb54e9 .stk-block-heading__text{font-size:35px !important;}}@media screen and (max-width: 767px){.stk-1bb54e9 {padding-right:95px !important;padding-left:25px !important;}.stk-1bb54e9 .stk-block-heading__text{font-size:33px !important;}}<\/style><h2 class=\"stk-block-heading__text has-text-color has-text-align-left has-text-align-left-tablet has-text-align-left-mobile\">Oficina de Transferencia del Conocimiento<\/h2><\/div>\n<\/div><\/div><\/div>\n<\/div><\/div>\n<\/div><\/div><\/div>\n<\/div><\/div>\n\n\n\n<div class=\"wp-block-stackable-columns alignfull stk-block-columns stk-block stk-646b6b6\" data-block-id=\"646b6b6\"><style>.stk-646b6b6-column{max-width:1140px !important;min-width:auto !important;margin-right:auto !important;margin-left:auto !important;--stk-column-gap:35px !important;}@media screen and (max-width: 1023px){.stk-646b6b6-column{max-width:725px !important;min-width:auto !important;margin-right:auto !important;margin-left:auto !important;}}@media screen and (max-width: 767px){.stk-646b6b6-column{max-width:375px !important;min-width:auto !important;margin-right:auto !important;margin-left:auto !important;row-gap:var(--stk--preset--spacing--50, 1.5rem) !important;}}<\/style><div class=\"stk-row stk-inner-blocks has-text-align-left stk-block-content stk-content-align stk-646b6b6-column alignfull\">\n<div class=\"wp-block-stackable-column stk-block-column stk-column stk-block stk-3e896f3\" data-v=\"4\" data-block-id=\"3e896f3\"><style>.stk-3e896f3-container{margin-top:0px !important;margin-right:0px !important;margin-bottom:0px !important;margin-left:0px !important;}@media screen and (min-width: 768px){.stk-3e896f3 {flex:var(--stk-flex-grow, 1) 1 calc(65% - var(--stk-column-gap, 0px) * 1 \/ 2 ) !important;}}@media screen and (max-width: 767px){.stk-3e896f3 {margin-bottom:24px !important;}}<\/style><div class=\"stk-column-wrapper stk-block-column__content stk-container stk-3e896f3-container stk--no-background stk--no-padding\"><div class=\"stk-block-content stk-inner-blocks stk-3e896f3-inner-blocks\">\n<div class=\"wp-block-stackable-heading stk-block-heading stk-block-heading--v2 stk-block stk-5209636\" id=\"programa-agustin-de-betancourt\" data-block-id=\"5209636\"><style>.stk-5209636 {margin-bottom:12px !important;}.stk-5209636 .stk-block-heading__text{font-size:35px !important;color:#5c068c !important;font-weight:400 !important;}@media screen and (max-width: 1023px){.stk-5209636 .stk-block-heading__text{font-size:35px !important;}}<\/style><h2 class=\"stk-block-heading__text has-text-color\">Programa Agust\u00edn de Betancourt<\/h2><\/div>\n\n\n\n<div class=\"wp-block-stackable-text stk-block-text stk-block stk-ae9d67d\" data-block-id=\"ae9d67d\"><style>.stk-ae9d67d {margin-bottom:26px !important;}.stk-ae9d67d .stk-block-text__text{font-size:16px !important;}@media screen and (max-width: 1023px){.stk-ae9d67d .stk-block-text__text{font-size:16px !important;}}<\/style><p class=\"stk-block-text__text has-text-align-justify\">En 2016 se inicia un programa de apoyo a la actividad investigadora de alto potencial de transferencia, orientada al desarrollo de productos tecnol\u00f3gicos avanzados que impacten en el mercado y en una posible explotaci\u00f3n comercial en sectores prioritarios para la econom\u00eda insular.<br><br>El programa Agust\u00edn de Betancourt, financiado por el Cabildo de Tenerife y enmarcado en el Programa MEDI-FDCAN 2016-2025, apuesta por el capital humano cualificado, competitivo y con una alta capacitaci\u00f3n tecnol\u00f3gica que, a trav\u00e9s de las convocatorias anuales \u00abAgust\u00edn de Betancourt\u00bb (AdB), emprenden el desarrollo de proyectos con alto potencial de transferencia.<br><br>Los AdB y sus proyectos, cuentan adem\u00e1s con el apoyo de un equipo investigador de la Universidad de La Laguna y con una empresa que avala y colabora activamente en los proyectos.<\/p><\/div>\n\n\n\n<div class=\"wp-block-stackable-image stk-block-image stk-block stk-253925c\" data-block-id=\"253925c\"><figure><span class=\"stk-img-wrapper stk-image--shape-stretch\"><img loading=\"lazy\" decoding=\"async\" class=\"stk-img wp-image-2154\" src=\"https:\/\/www.ull.es\/servicios\/otc\/wp-content\/uploads\/sites\/9\/2020\/06\/Medi-FDCAN.png\" width=\"862\" height=\"193\" srcset=\"https:\/\/www.ull.es\/servicios\/otc\/wp-content\/uploads\/sites\/9\/2020\/06\/Medi-FDCAN.png 862w, https:\/\/www.ull.es\/servicios\/otc\/wp-content\/uploads\/sites\/9\/2020\/06\/Medi-FDCAN-300x67.png 300w, https:\/\/www.ull.es\/servicios\/otc\/wp-content\/uploads\/sites\/9\/2020\/06\/Medi-FDCAN-768x172.png 768w, https:\/\/www.ull.es\/servicios\/otc\/wp-content\/uploads\/sites\/9\/2020\/06\/Medi-FDCAN-375x84.png 375w, https:\/\/www.ull.es\/servicios\/otc\/wp-content\/uploads\/sites\/9\/2020\/06\/Medi-FDCAN-750x168.png 750w\" sizes=\"auto, (max-width: 862px) 100vw, 862px\" \/><\/span><\/figure><\/div>\n<\/div><\/div><\/div>\n\n\n\n<div class=\"wp-block-stackable-column stk-block-column stk-column stk-block stk-57f460e\" data-v=\"4\" data-block-id=\"57f460e\"><style>.stk-57f460e-container{margin-top:0px !important;margin-right:0px !important;margin-bottom:0px !important;margin-left:0px !important;}@media screen and (min-width: 768px){.stk-57f460e {flex:var(--stk-flex-grow, 1) 1 calc(35% - var(--stk-column-gap, 0px) * 1 \/ 2 ) !important;}}<\/style><div class=\"stk-column-wrapper stk-block-column__content stk-container stk-57f460e-container stk--no-background stk--no-padding\"><div class=\"stk-block-content stk-inner-blocks stk-57f460e-inner-blocks\">\n<div class=\"wp-block-stackable-button-group stk-block-button-group stk-block stk-db36400\" data-block-id=\"db36400\"><style>.stk-db36400 .stk-button-group{flex-direction:column !important;align-items:stretch !important;}.stk-db36400 .stk-block{flex-basis:auto !important;}.stk-db36400 .stk-block-button, .stk-db36400 .stk-block-icon-button{flex:1 0 0% !important;}.stk-db36400 {margin-bottom:40px !important;}<\/style><div class=\"stk-row stk-inner-blocks has-text-align-left stk-block-content stk-button-group\">\n<div class=\"wp-block-stackable-button stk-block-button has-text-align-center o-anim-hover stk-block stk-d38c9ed\" data-block-id=\"d38c9ed\"><style>.stk-d38c9ed .stk-button{min-height:75px !important;background:#5c068c !important;}.stk-d38c9ed .stk-button .stk--inner-svg svg:last-child{margin-inline-start:50px !important;}.stk-d38c9ed .stk-button__inner-text{font-size:22px !important;color:#ffffff !important;}@media screen and (max-width: 1023px){.stk-d38c9ed .stk-button__inner-text{font-size:22px !important;}}<\/style><a class=\"stk-link stk-button stk--hover-effect-darken\" href=\"https:\/\/www.ull.es\/servicios\/otc\/agustin-betancourt\/\" target=\"_blank\" rel=\"noreferrer noopener\" target=\"_blank\" rel=\"noopener\"><span class=\"has-text-color stk-button__inner-text\">Consultar todos los proyectos Agust\u00edn de Betancourt<\/span><\/a><\/div>\n<\/div><\/div>\n<\/div><\/div><\/div>\n<\/div><\/div>\n","protected":false},"excerpt":{"rendered":"<p>Oficina de Transferencia del Conocimiento Programa Agust\u00edn de Betancourt En 2016 se inicia un programa de apoyo a la actividad investigadora de alto potencial de transferencia, orientada al desarrollo de productos tecnol\u00f3gicos avanzados que impacten en el mercado y en una posible explotaci\u00f3n comercial en sectores prioritarios para la econom\u00eda insular. El programa Agust\u00edn de&#8230;<\/p>\n","protected":false},"author":1,"featured_media":0,"parent":0,"menu_order":0,"comment_status":"closed","ping_status":"closed","template":"templates\/template-frontpage.php","meta":{"_acf_changed":false,"footnotes":""},"class_list":["post-1955","page","type-page","status-publish","hentry"],"acf":[],"_links":{"self":[{"href":"https:\/\/www.ull.es\/servicios\/otc\/wp-json\/wp\/v2\/pages\/1955","targetHints":{"allow":["GET"]}}],"collection":[{"href":"https:\/\/www.ull.es\/servicios\/otc\/wp-json\/wp\/v2\/pages"}],"about":[{"href":"https:\/\/www.ull.es\/servicios\/otc\/wp-json\/wp\/v2\/types\/page"}],"author":[{"embeddable":true,"href":"https:\/\/www.ull.es\/servicios\/otc\/wp-json\/wp\/v2\/users\/1"}],"replies":[{"embeddable":true,"href":"https:\/\/www.ull.es\/servicios\/otc\/wp-json\/wp\/v2\/comments?post=1955"}],"version-history":[{"count":11,"href":"https:\/\/www.ull.es\/servicios\/otc\/wp-json\/wp\/v2\/pages\/1955\/revisions"}],"predecessor-version":[{"id":3679,"href":"https:\/\/www.ull.es\/servicios\/otc\/wp-json\/wp\/v2\/pages\/1955\/revisions\/3679"}],"wp:attachment":[{"href":"https:\/\/www.ull.es\/servicios\/otc\/wp-json\/wp\/v2\/media?parent=1955"}],"curies":[{"name":"wp","href":"https:\/\/api.w.org\/{rel}","templated":true}]}}