{"id":3008,"date":"2022-10-25T08:49:58","date_gmt":"2022-10-25T08:49:58","guid":{"rendered":"https:\/\/www.ull.es\/servicios\/otri\/?page_id=3008"},"modified":"2024-04-11T11:22:46","modified_gmt":"2024-04-11T11:22:46","slug":"logopedia","status":"publish","type":"page","link":"https:\/\/www.ull.es\/servicios\/otc\/ciencias-de-la-salud\/logopedia\/","title":{"rendered":"Logopedia"},"content":{"rendered":"<p>[vc_row full_width=\u00bbstretch_row\u00bb css=\u00bb.vc_custom_1651834308817{padding-right: 15% !important;padding-left: 15% !important;}\u00bb][vc_column][vc_row_inner][vc_column_inner css=\u00bb.vc_custom_1651832351508{padding-top: 25px !important;padding-bottom: 20px !important;background-color: #efefef !important;}\u00bb el_id=\u00bbotri-nuevo\u00bb][vc_column_text]<\/p>\n<h1 style=\"text-align: center; color: #ffffff; font-size: 28px;\">Logopedia<\/h1>\n<p>[\/vc_column_text][\/vc_column_inner][\/vc_row_inner][\/vc_column][\/vc_row][vc_row full_width=\u00bbstretch_row\u00bb gap=\u00bb4&#8243; equal_height=\u00bbyes\u00bb css=\u00bb.vc_custom_1652438508240{padding-right: 15% !important;padding-left: 15% !important;}\u00bb][vc_column css_animation=\u00bbappear\u00bb width=\u00bb2\/3&#8243; css=\u00bb.vc_custom_1652438462684{background-color: #efefef !important;}\u00bb][vc_tta_accordion active_section=\u00bb\u00bb collapsible_all=\u00bbtrue\u00bb][vc_tta_section title=\u00bbInstitutos de Investigaci\u00f3n\u00bb tab_id=\u00bbinstituto-de-investigacion\u00bb][vc_column_text]<\/p>\n<ul>\n<li><a href=\"https:\/\/www.ull.es\/institutos\/instituto-tecnologias-biomedicas\/\" target=\"_blank\" rel=\"noopener\" target=\"_blank\" rel=\"noopener\"><b>Instituto de Tecnolog\u00edas Biom\u00e9dicas <\/b><\/a><\/li>\n<li><a href=\"https:\/\/www.ull.es\/institutos\/instituto-universitario-bio-organica\/\" target=\"_blank\" rel=\"noopener\" target=\"_blank\" rel=\"noopener\"><b>Instituto Universitario de Bio-Org\u00e1nica Antonio Gonz\u00e1lez <\/b><\/a><\/li>\n<li><a href=\"https:\/\/www.ull.es\/institutos\/instituto-enfermedades-tropicales-salud-publica-canarias\/\" target=\"_blank\" rel=\"noopener\" target=\"_blank\" rel=\"noopener\"><b>Instituto Universitario de Enfermedades Tropicales y Salud P\u00fablica de Canarias\u00a0<\/b><\/a><\/li>\n<li><b><a href=\"https:\/\/www.ull.es\/institutos\/instituto-universitario-neurociencia\/\" target=\"_blank\" rel=\"noopener\" target=\"_blank\" rel=\"noopener\">Instituto Universitario de Neurociencia<\/a>\u00a0<\/b><\/li>\n<\/ul>\n<p>[\/vc_column_text][\/vc_tta_section][vc_tta_section title=\u00bbGrupos de Investigaci\u00f3n\u00bb tab_id=\u00bb1652437509859-62471542-0f76&#8243;][vc_column_text]<\/p>\n<ul>\n<li><a href=\"https:\/\/drive.google.com\/file\/d\/1Z0Yt7aqAWbtnwgbIbudA3197qZPQfa9n\/view?usp=sharing\" target=\"_blank\" rel=\"noopener\"><strong>COLE. Cognici\u00f3n, Lenguaje y Educaci\u00f3n<\/strong><\/a><\/li>\n<li><a href=\"https:\/\/drive.google.com\/file\/d\/1NAyJ1uGw805NPh-dr3tp2MCi2OKM4hsJ\/view?usp=sharing\" target=\"_blank\" rel=\"noopener\"><strong>LEXIC\u00d3N<\/strong><\/a><\/li>\n<\/ul>\n<p>[\/vc_column_text][\/vc_tta_section][vc_tta_section title=\u00bbAplicaciones Industriales, Servicios y Laboratorios\u00bb tab_id=\u00bb1652437536275-76120a38-8561&#8243;][vc_column_text]<\/p>\n<ul>\n<li><a href=\"https:\/\/www.ull.es\/servicios\/segai\/\" target=\"_blank\" rel=\"noopener\" target=\"_blank\" rel=\"noopener\"><b>Servicio General de Apoyo a la Investigaci\u00f3n (SEGAI)<\/b><\/a><\/li>\n<\/ul>\n<p>[\/vc_column_text][\/vc_tta_section][vc_tta_section title=\u00bbPatentes y Modelos de Utilidad\u00bb tab_id=\u00bb1652437588359-de0ee6a8-e3fc\u00bb][vc_column_text]<\/p>\n<ul>\n<li><a href=\"https:\/\/www.ull.es\/servicios\/otri\/proteccion\/cartera-patentes\/nanoparticulas-hibridas-lipido-polimeros-y-sus-aplicaciones-terapeuticas\/\" target=\"_blank\" rel=\"noopener\" target=\"_blank\" rel=\"noopener\"><span style=\"font-weight: 400;\">P202131197: Nanopart\u00edculas h\u00edbridas l\u00edpido-pol\u00edmeros y sus aplicaciones terap\u00e9uticas.<\/span><\/a><\/li>\n<li><a href=\"https:\/\/www.ull.es\/servicios\/otri\/proteccion\/cartera-patentes\/embolo-medidor-de-presion-para-plataformas-de-impresion-3d-en-extrusion-de-masas-semisolidas\/\" target=\"_blank\" rel=\"noopener\" target=\"_blank\" rel=\"noopener\"><span style=\"font-weight: 400;\">P202031276 &#8211; \u00c9mbolo medidor de presi\u00f3n para plataformas de impresi\u00f3n 3d en extrusi\u00f3n de<\/span> <span style=\"font-weight: 400;\">masas semis\u00f3lidas.<\/span><\/a><\/li>\n<li><a href=\"https:\/\/www.ull.es\/servicios\/otri\/proteccion\/cartera-patentes\/dispositivo-de-captacion-e-inactivacion-de-patogenos\/\" target=\"_blank\" rel=\"noopener\" target=\"_blank\" rel=\"noopener\"><span style=\"font-weight: 400;\">P202000141 &#8211; Dispositivo de captaci\u00f3n e inactivaci\u00f3n de pat\u00f3genos.<\/span><\/a><\/li>\n<li><a href=\"https:\/\/www.ull.es\/servicios\/otri\/proteccion\/cartera-patentes\/formulacion-medica-contra-el-staphylococcus-aureus-resistente-a-la-meticilina-causante-de-infecciones-invasivas\/\" target=\"_blank\" rel=\"noopener\" target=\"_blank\" rel=\"noopener\"><span style=\"font-weight: 400;\">MA-51937 &#8211; Formulaci\u00f3n m\u00e9dica contra el <\/span><i><span style=\"font-weight: 400;\">Staphylococcus aureus<\/span><\/i><span style=\"font-weight: 400;\"> resistente a la meticilina <\/span><span style=\"font-weight: 400;\">causante de infecciones invasivas.<\/span><\/a><\/li>\n<li><a href=\"https:\/\/www.ull.es\/servicios\/otri\/proteccion\/cartera-patentes\/dispositivo-para-la-evaluacion-multiple-y-simultanea-de-la-actividad-contractil-de-sustancias-farmacologicas-mediante-metodos-optico\/\" target=\"_blank\" rel=\"noopener\" target=\"_blank\" rel=\"noopener\"><span style=\"font-weight: 400;\">P201000640 &#8211; Dispositivo para la evaluaci\u00f3n m\u00faltiple y simult\u00e1nea de la actividad contr\u00e1ctil de <\/span><span style=\"font-weight: 400;\">sustancias farmacol\u00f3gicas mediante m\u00e9todos \u00f3ptico.<\/span><\/a><\/li>\n<li><a href=\"https:\/\/www.ull.es\/servicios\/otri\/proteccion\/cartera-patentes\/sistema-de-deteccion-de-actividad-biologica-en-tiempo-real-basado-en-cromatografia-liquida\/\" target=\"_blank\" rel=\"noopener\" target=\"_blank\" rel=\"noopener\"><span style=\"font-weight: 400;\">P200902287 &#8211; Sistema de detecci\u00f3n de actividad biol\u00f3gica en tiempo real basado en <\/span><span style=\"font-weight: 400;\">cromatograf\u00eda l\u00edquida.<\/span><span style=\"font-weight: 400;\">\u00a0<\/span><\/a><\/li>\n<\/ul>\n<p>[\/vc_column_text][\/vc_tta_section][\/vc_tta_accordion][vc_empty_space][\/vc_column][vc_column width=\u00bb1\/3&#8243; css=\u00bb.vc_custom_1652438456640{background-color: #efefef !important;}\u00bb][vc_btn title=\u00bbVolver a Ciencias de La Salud\u00bb size=\u00bblg\u00bb link=\u00bburl:https%3A%2F%2Fwww.ull.es%2Fservicios%2Fotc%2Fciencias-de-la-salud%2F\u00bb el_class=\u00bbboton-volver\u00bb][vc_btn title=\u00bbVolver al Inicio\u00bb color=\u00bbpurple\u00bb size=\u00bblg\u00bb align=\u00bbcenter\u00bb button_block=\u00bbtrue\u00bb link=\u00bburl:https%3A%2F%2Fwww.ull.es%2Fservicios%2Fotc%2F\u00bb el_class=\u00bbboton-volver\u00bb][\/vc_column][\/vc_row]<\/p>\n","protected":false},"excerpt":{"rendered":"<p>[vc_row full_width=\u00bbstretch_row\u00bb css=\u00bb.vc_custom_1651834308817{padding-right: 15% !important;padding-left: 15% !important;}\u00bb][vc_column][vc_row_inner][vc_column_inner css=\u00bb.vc_custom_1651832351508{padding-top: 25px !important;padding-bottom: 20px !important;background-color: #efefef !important;}\u00bb el_id=\u00bbotri-nuevo\u00bb][vc_column_text] Logopedia [\/vc_column_text][\/vc_column_inner][\/vc_row_inner][\/vc_column][\/vc_row][vc_row full_width=\u00bbstretch_row\u00bb gap=\u00bb4&#8243; equal_height=\u00bbyes\u00bb css=\u00bb.vc_custom_1652438508240{padding-right: 15% !important;padding-left: 15% !important;}\u00bb][vc_column css_animation=\u00bbappear\u00bb width=\u00bb2\/3&#8243; css=\u00bb.vc_custom_1652438462684{background-color: #efefef !important;}\u00bb][vc_tta_accordion active_section=\u00bb\u00bb collapsible_all=\u00bbtrue\u00bb][vc_tta_section title=\u00bbInstitutos de Investigaci\u00f3n\u00bb tab_id=\u00bbinstituto-de-investigacion\u00bb][vc_column_text] Instituto de Tecnolog\u00edas Biom\u00e9dicas Instituto Universitario de Bio-Org\u00e1nica Antonio Gonz\u00e1lez Instituto Universitario de Enfermedades Tropicales y Salud P\u00fablica de&#8230;<\/p>\n","protected":false},"author":12,"featured_media":0,"parent":2389,"menu_order":0,"comment_status":"closed","ping_status":"closed","template":"templates\/template-no-title.php","meta":{"_acf_changed":false,"footnotes":""},"class_list":["post-3008","page","type-page","status-publish","hentry"],"acf":[],"_links":{"self":[{"href":"https:\/\/www.ull.es\/servicios\/otc\/wp-json\/wp\/v2\/pages\/3008","targetHints":{"allow":["GET"]}}],"collection":[{"href":"https:\/\/www.ull.es\/servicios\/otc\/wp-json\/wp\/v2\/pages"}],"about":[{"href":"https:\/\/www.ull.es\/servicios\/otc\/wp-json\/wp\/v2\/types\/page"}],"author":[{"embeddable":true,"href":"https:\/\/www.ull.es\/servicios\/otc\/wp-json\/wp\/v2\/users\/12"}],"replies":[{"embeddable":true,"href":"https:\/\/www.ull.es\/servicios\/otc\/wp-json\/wp\/v2\/comments?post=3008"}],"version-history":[{"count":4,"href":"https:\/\/www.ull.es\/servicios\/otc\/wp-json\/wp\/v2\/pages\/3008\/revisions"}],"predecessor-version":[{"id":3114,"href":"https:\/\/www.ull.es\/servicios\/otc\/wp-json\/wp\/v2\/pages\/3008\/revisions\/3114"}],"up":[{"embeddable":true,"href":"https:\/\/www.ull.es\/servicios\/otc\/wp-json\/wp\/v2\/pages\/2389"}],"wp:attachment":[{"href":"https:\/\/www.ull.es\/servicios\/otc\/wp-json\/wp\/v2\/media?parent=3008"}],"curies":[{"name":"wp","href":"https:\/\/api.w.org\/{rel}","templated":true}]}}