{"id":52,"date":"2018-05-15T07:51:44","date_gmt":"2018-05-15T07:51:44","guid":{"rendered":"https:\/\/www.ull.es\/servicios\/otri\/?page_id=52"},"modified":"2026-03-18T12:02:21","modified_gmt":"2026-03-18T12:02:21","slug":"propiedad-intelectual-y-software","status":"publish","type":"page","link":"https:\/\/www.ull.es\/servicios\/otc\/proteccion\/propiedad-intelectual-y-software\/","title":{"rendered":"Propiedad Intelectual y Software"},"content":{"rendered":"\n<div class=\"wp-block-stackable-columns alignfull stk-block-columns stk-block stk-16a94b8\" data-block-id=\"16a94b8\"><style>.stk-16a94b8 {margin-bottom:75px !important;}@media screen and (max-width: 767px){.stk-16a94b8 {padding-top:0px !important;padding-right:0px !important;padding-bottom:0px !important;padding-left:0px !important;}}<\/style><div class=\"stk-row stk-inner-blocks stk-block-content stk-content-align stk-16a94b8-column alignfull\">\n<div class=\"wp-block-stackable-column stk-block-column stk-column stk-block stk-dfe9b01 stk-block-background stk--has-background-overlay\" data-v=\"4\" data-block-id=\"dfe9b01\"><style>.stk-dfe9b01 {background-image:url(https:\/\/www.ull.es\/servicios\/otc\/wp-content\/uploads\/sites\/9\/2020\/01\/banner-otri.png) !important;}.stk-dfe9b01:before{background-color:#000000 !important;opacity:0.3 !important;}@media screen and (max-width: 767px){.stk-dfe9b01 {padding-top:0px !important;padding-right:0px !important;padding-bottom:0px !important;padding-left:0px !important;}.stk-dfe9b01-container{min-height:320px !important;}}<\/style><div class=\"stk-column-wrapper stk-block-column__content stk-container stk-dfe9b01-container stk--no-background stk--no-padding\"><div class=\"stk-block-content stk-inner-blocks stk-dfe9b01-inner-blocks\">\n<div class=\"wp-block-stackable-columns alignfull stk-block-columns stk-block stk-3bf239f\" data-block-id=\"3bf239f\"><style>@media screen and (max-width: 1023px){.stk-3bf239f {padding-left:0px !important;}}<\/style><div class=\"stk-row stk-inner-blocks stk-block-content stk-content-align stk-3bf239f-column alignfull\">\n<div class=\"wp-block-stackable-column stk-block-column stk-column stk-block stk-f66584c\" data-v=\"4\" data-block-id=\"f66584c\"><div class=\"stk-column-wrapper stk-block-column__content stk-container stk-f66584c-container stk--no-background stk--no-padding\"><div class=\"stk-block-content stk-inner-blocks stk-f66584c-inner-blocks\">\n<div class=\"wp-block-stackable-heading stk-block-heading stk-block-heading--v2 stk-block stk-1bb54e9\" id=\"oficina-de-transferencia-del-conocimiento\" data-block-id=\"1bb54e9\"><style>.stk-1bb54e9 {padding-top:110px !important;padding-right:25px !important;padding-bottom:75px !important;padding-left:420px !important;}.stk-1bb54e9 .stk-block-heading__text{font-size:35px !important;color:#ffffff !important;font-weight:400 !important;}@media screen and (max-width: 1023px){.stk-1bb54e9 {padding-left:55px !important;}.stk-1bb54e9 .stk-block-heading__text{font-size:35px !important;}}@media screen and (max-width: 767px){.stk-1bb54e9 {padding-right:95px !important;padding-left:25px !important;}.stk-1bb54e9 .stk-block-heading__text{font-size:33px !important;}}<\/style><h2 class=\"stk-block-heading__text has-text-color has-text-align-left has-text-align-left-tablet has-text-align-left-mobile\">Oficina de Transferencia del Conocimiento<\/h2><\/div>\n<\/div><\/div><\/div>\n<\/div><\/div>\n<\/div><\/div><\/div>\n<\/div><\/div>\n\n\n\n<div class=\"wp-block-stackable-columns alignfull stk-block-columns stk-block stk-646b6b6\" data-block-id=\"646b6b6\"><style>.stk-646b6b6-column{max-width:1140px !important;min-width:auto !important;margin-right:auto !important;margin-left:auto !important;--stk-column-gap:35px !important;}@media screen and (max-width: 1023px){.stk-646b6b6-column{max-width:725px !important;min-width:auto !important;margin-right:auto !important;margin-left:auto !important;}}@media screen and (max-width: 767px){.stk-646b6b6-column{max-width:375px !important;min-width:auto !important;margin-right:auto !important;margin-left:auto !important;}}<\/style><div class=\"stk-row stk-inner-blocks has-text-align-left stk-block-content stk-content-align stk-646b6b6-column alignfull\">\n<div class=\"wp-block-stackable-column stk-block-column stk-column stk-block stk-3e896f3\" data-v=\"4\" data-block-id=\"3e896f3\"><style>.stk-3e896f3-container{margin-top:0px !important;margin-right:0px !important;margin-bottom:0px !important;margin-left:0px !important;}@media screen and (min-width: 768px){.stk-3e896f3 {flex:var(--stk-flex-grow, 1) 1 calc(65% - var(--stk-column-gap, 0px) * 1 \/ 2 ) !important;}}@media screen and (max-width: 767px){.stk-3e896f3 {margin-bottom:24px !important;}}<\/style><div class=\"stk-column-wrapper stk-block-column__content stk-container stk-3e896f3-container stk--no-background stk--no-padding\"><div class=\"stk-block-content stk-inner-blocks stk-3e896f3-inner-blocks\">\n<div class=\"wp-block-stackable-heading stk-block-heading stk-block-heading--v2 stk-block stk-5209636\" id=\"propiedad-intelectual-y-software\" data-block-id=\"5209636\"><style>.stk-5209636 {margin-bottom:12px !important;}.stk-5209636 .stk-block-heading__text{font-size:35px !important;color:#5c068c !important;font-weight:400 !important;}@media screen and (max-width: 1023px){.stk-5209636 .stk-block-heading__text{font-size:35px !important;}}<\/style><h2 class=\"stk-block-heading__text has-text-color\">Propiedad Intelectual y Software<\/h2><\/div>\n\n\n\n<div class=\"wp-block-stackable-text stk-block-text stk-block stk-ae9d67d\" data-block-id=\"ae9d67d\"><style>.stk-ae9d67d {margin-bottom:12px !important;}.stk-ae9d67d .stk-block-text__text{font-size:16px !important;}@media screen and (max-width: 1023px){.stk-ae9d67d .stk-block-text__text{font-size:16px !important;}}<\/style><p class=\"stk-block-text__text\">Las obras de&nbsp;<strong>Propiedad Intelectual<\/strong>&nbsp;se refieren a las creaciones fruto de la creatividad intelectual de las personas: obras literarias, cient\u00edficas, musicales, fotogr\u00e1ficas, folletos t\u00e9cnicos y es en esta categor\u00eda donde tambi\u00e9n se incluyen las&nbsp;<strong>bases de datos<\/strong>&nbsp;y los&nbsp;<strong>programas de ordenador<\/strong>.<br><br>Los derechos de autor de estas obras se generan por el mero hecho de su creaci\u00f3n, por lo que no es necesario el registro para ostentarlos, pero s\u00ed para poder&nbsp;<strong>demostrar<\/strong>&nbsp;la autor\u00eda.<\/p><\/div>\n\n\n\n<div class=\"wp-block-stackable-heading stk-block-heading stk-block-heading--v2 stk-block stk-af12e95\" id=\"por-que-proteger-software-mediante-registro\" data-block-id=\"af12e95\"><style>.stk-af12e95 {margin-bottom:12px !important;}<\/style><h2 class=\"stk-block-heading__text\">\u00bfPor qu\u00e9 proteger Software mediante Registro?<\/h2><\/div>\n\n\n\n<div class=\"wp-block-stackable-text stk-block-text stk-block stk-dd4a1c5\" data-block-id=\"dd4a1c5\"><style>.stk-dd4a1c5 {margin-bottom:12px !important;}.stk-dd4a1c5 .stk-block-text__text{font-size:16px !important;}@media screen and (max-width: 1023px){.stk-dd4a1c5 .stk-block-text__text{font-size:16px !important;}}<\/style><p class=\"stk-block-text__text\">El registro proporciona una&nbsp;<strong>prueba v\u00e1lida&nbsp;<\/strong>y admitida en cualquier procedimiento, confiriendo protecci\u00f3n ante posibles infracciones como el plagio o explotaci\u00f3n de terceros sin consentimiento del autor.<br><br>En caso de explotaci\u00f3n de un software desarrollado en la Universidad, la titularidad de las obras corresponder\u00e1 a la Universidad, mientras, que a los autores les corresponder\u00e1n los&nbsp;<strong>derechos de autor,<\/strong>&nbsp;tal y como se refleja en la&nbsp;<a href=\"https:\/\/riull.ull.es\/xmlui\/bitstream\/handle\/915\/9397\/Acuerdo%203.%20NORMATIVA%20DE%20PROTECCI%C3%93N%20OTRI-ULL%20definitiva.pdf\" target=\"_blank\" rel=\"noreferrer noopener\" target=\"_blank\" rel=\"noopener\">Normativa sobre la protecci\u00f3n y explotaci\u00f3n de resultados de investigaci\u00f3n<\/a>&nbsp;y en la legislaci\u00f3n vigente.<\/p><\/div>\n\n\n\n<div class=\"wp-block-stackable-heading stk-block-heading stk-block-heading--v2 stk-block stk-5c1e525\" id=\"y-como-lo-hago\" data-block-id=\"5c1e525\"><style>.stk-5c1e525 {margin-bottom:12px !important;}<\/style><h2 class=\"stk-block-heading__text\">\u00bfY c\u00f3mo lo hago?<\/h2><\/div>\n\n\n\n<div class=\"wp-block-stackable-text stk-block-text stk-block stk-54f187d\" data-block-id=\"54f187d\"><style>.stk-54f187d {margin-bottom:12px !important;}.stk-54f187d .stk-block-text__text{font-size:16px !important;}@media screen and (max-width: 1023px){.stk-54f187d .stk-block-text__text{font-size:16px !important;}}<\/style><p class=\"stk-block-text__text\">Desde la&nbsp;<strong>OTC ULL<\/strong>&nbsp;realizamos los registros mediante la plataforma&nbsp;<strong>Safe Creative \u00a9<\/strong>&nbsp;en s\u00f3lo dos pasos:<br><br><strong>1.<\/strong>&nbsp;Comun\u00edcanos la intenci\u00f3n de registrar tu desarrollo a la direcci\u00f3n de email \ud83d\udce7&nbsp;<a href=\"mailto:proteccion_otc@ull.edu.es\" target=\"_blank\" rel=\"noreferrer noopener\" target=\"_blank\" rel=\"noopener\">proteccion_otc@ull.edu.es&nbsp;<\/a>y analizaremos qu\u00e9 tipo registro y licencia es el m\u00e1s adecuado.<br><br><strong>2.<\/strong>&nbsp;Nos pondremos en contacto para cumplimentar la documentaci\u00f3n necesaria y nos env\u00edes el c\u00f3digo fuente en formato&nbsp;<strong>.zip<\/strong><\/p><\/div>\n\n\n\n<div class=\"wp-block-stackable-columns stk-block-columns stk-block stk-29b68a5\" data-block-id=\"29b68a5\"><style>.stk-29b68a5 {margin-bottom:12px !important;}.stk-29b68a5-column{justify-content:space-evenly !important;}<\/style><div class=\"stk-row stk-inner-blocks stk-block-content stk-content-align stk-29b68a5-column stk--flex\">\n<div class=\"wp-block-stackable-column stk-block-column stk-column stk-block stk-40a9015\" data-v=\"4\" data-block-id=\"40a9015\"><div class=\"stk-column-wrapper stk-block-column__content stk-container stk-40a9015-container stk--no-background stk--no-padding\"><div class=\"stk-block-content stk-inner-blocks stk-40a9015-inner-blocks\">\n<div class=\"wp-block-stackable-image stk-block-image stk-block stk-c379467\" data-block-id=\"c379467\"><style>.stk-c379467 .stk-img-wrapper{width:100px !important;height:100px !important;}<\/style><figure><span class=\"stk-img-wrapper stk-image--shape-stretch\"><img loading=\"lazy\" decoding=\"async\" class=\"stk-img wp-image-1815\" src=\"https:\/\/www.ull.es\/servicios\/otc\/wp-content\/uploads\/sites\/9\/2019\/04\/Iconos-png-OTRI-14.png\" width=\"1772\" height=\"1772\" srcset=\"https:\/\/www.ull.es\/servicios\/otc\/wp-content\/uploads\/sites\/9\/2019\/04\/Iconos-png-OTRI-14.png 1772w, https:\/\/www.ull.es\/servicios\/otc\/wp-content\/uploads\/sites\/9\/2019\/04\/Iconos-png-OTRI-14-150x150.png 150w, https:\/\/www.ull.es\/servicios\/otc\/wp-content\/uploads\/sites\/9\/2019\/04\/Iconos-png-OTRI-14-300x300.png 300w, https:\/\/www.ull.es\/servicios\/otc\/wp-content\/uploads\/sites\/9\/2019\/04\/Iconos-png-OTRI-14-768x768.png 768w, https:\/\/www.ull.es\/servicios\/otc\/wp-content\/uploads\/sites\/9\/2019\/04\/Iconos-png-OTRI-14-1024x1024.png 1024w, https:\/\/www.ull.es\/servicios\/otc\/wp-content\/uploads\/sites\/9\/2019\/04\/Iconos-png-OTRI-14-375x375.png 375w, https:\/\/www.ull.es\/servicios\/otc\/wp-content\/uploads\/sites\/9\/2019\/04\/Iconos-png-OTRI-14-750x750.png 750w, https:\/\/www.ull.es\/servicios\/otc\/wp-content\/uploads\/sites\/9\/2019\/04\/Iconos-png-OTRI-14-1140x1140.png 1140w, https:\/\/www.ull.es\/servicios\/otc\/wp-content\/uploads\/sites\/9\/2019\/04\/Iconos-png-OTRI-14-50x50.png 50w\" sizes=\"auto, (max-width: 1772px) 100vw, 1772px\" \/><\/span><\/figure><\/div>\n<\/div><\/div><\/div>\n\n\n\n<div class=\"wp-block-stackable-column stk-block-column stk-column stk-block stk-adf0dd2\" data-v=\"4\" data-block-id=\"adf0dd2\"><div class=\"stk-column-wrapper stk-block-column__content stk-container stk-adf0dd2-container stk--no-background stk--no-padding\"><div class=\"stk-block-content stk-inner-blocks stk-adf0dd2-inner-blocks\">\n<div class=\"wp-block-stackable-image stk-block-image stk-block stk-13287b8\" data-block-id=\"13287b8\"><style>.stk-13287b8 .stk-img-wrapper{width:100px !important;height:100px !important;}<\/style><figure><span class=\"stk-img-wrapper stk-image--shape-stretch\"><img loading=\"lazy\" decoding=\"async\" class=\"stk-img wp-image-927\" src=\"https:\/\/www.ull.es\/servicios\/otc\/wp-content\/uploads\/sites\/9\/2018\/10\/icono-proyectos.png\" width=\"200\" height=\"200\" srcset=\"https:\/\/www.ull.es\/servicios\/otc\/wp-content\/uploads\/sites\/9\/2018\/10\/icono-proyectos.png 200w, https:\/\/www.ull.es\/servicios\/otc\/wp-content\/uploads\/sites\/9\/2018\/10\/icono-proyectos-150x150.png 150w, https:\/\/www.ull.es\/servicios\/otc\/wp-content\/uploads\/sites\/9\/2018\/10\/icono-proyectos-50x50.png 50w\" sizes=\"auto, (max-width: 200px) 100vw, 200px\" \/><\/span><\/figure><\/div>\n<\/div><\/div><\/div>\n<\/div><\/div>\n\n\n\n<div class=\"wp-block-stackable-text stk-block-text stk-block stk-a331d72\" data-block-id=\"a331d72\"><style>.stk-a331d72 {margin-bottom:12px !important;}.stk-a331d72 .stk-block-text__text{font-size:16px !important;}@media screen and (max-width: 1023px){.stk-a331d72 .stk-block-text__text{font-size:16px !important;}}<\/style><p class=\"stk-block-text__text\">Te daremos un&nbsp;<strong>certificado de autor\u00eda<\/strong>&nbsp;y una&nbsp;<strong>prueba registral<\/strong>&nbsp;que te servir\u00e1n para tu actividad de transferencia.<\/p><\/div>\n\n\n\n<div class=\"wp-block-stackable-image stk-block-image has-text-align-center stk-block stk-6f30820\" data-block-id=\"6f30820\"><style>.stk-6f30820 {margin-bottom:12px !important;}.stk-6f30820 .stk-img-wrapper{width:100px !important;height:100px !important;}<\/style><figure><span class=\"stk-img-wrapper stk-image--shape-stretch\"><img loading=\"lazy\" decoding=\"async\" class=\"stk-img wp-image-1818\" src=\"https:\/\/www.ull.es\/servicios\/otc\/wp-content\/uploads\/sites\/9\/2019\/04\/Iconos-png-OTRI-19.png\" width=\"1772\" height=\"1772\" srcset=\"https:\/\/www.ull.es\/servicios\/otc\/wp-content\/uploads\/sites\/9\/2019\/04\/Iconos-png-OTRI-19.png 1772w, https:\/\/www.ull.es\/servicios\/otc\/wp-content\/uploads\/sites\/9\/2019\/04\/Iconos-png-OTRI-19-150x150.png 150w, https:\/\/www.ull.es\/servicios\/otc\/wp-content\/uploads\/sites\/9\/2019\/04\/Iconos-png-OTRI-19-300x300.png 300w, https:\/\/www.ull.es\/servicios\/otc\/wp-content\/uploads\/sites\/9\/2019\/04\/Iconos-png-OTRI-19-768x768.png 768w, https:\/\/www.ull.es\/servicios\/otc\/wp-content\/uploads\/sites\/9\/2019\/04\/Iconos-png-OTRI-19-1024x1024.png 1024w, https:\/\/www.ull.es\/servicios\/otc\/wp-content\/uploads\/sites\/9\/2019\/04\/Iconos-png-OTRI-19-375x375.png 375w, https:\/\/www.ull.es\/servicios\/otc\/wp-content\/uploads\/sites\/9\/2019\/04\/Iconos-png-OTRI-19-750x750.png 750w, https:\/\/www.ull.es\/servicios\/otc\/wp-content\/uploads\/sites\/9\/2019\/04\/Iconos-png-OTRI-19-1140x1140.png 1140w, https:\/\/www.ull.es\/servicios\/otc\/wp-content\/uploads\/sites\/9\/2019\/04\/Iconos-png-OTRI-19-50x50.png 50w\" sizes=\"auto, (max-width: 1772px) 100vw, 1772px\" \/><\/span><\/figure><\/div>\n\n\n\n<div class=\"wp-block-stackable-text stk-block-text stk-block stk-eb52b5d\" data-block-id=\"eb52b5d\"><style>.stk-eb52b5d .stk-block-text__text{font-size:16px !important;}@media screen and (max-width: 1023px){.stk-eb52b5d .stk-block-text__text{font-size:16px !important;}}<\/style><p class=\"stk-block-text__text\">En relaci\u00f3n al Software, existe tambi\u00e9n otra v\u00eda de protecci\u00f3n que son las invenciones implementadas por ordenador o&nbsp;<strong>Computer Implemented Inventions (CII)<\/strong>, son aquellas en las que el Software tiene un efecto t\u00e9cnico y se protegen por medio de Patente.<br><br>Si crees que tu invenci\u00f3n pertenece a esta categor\u00eda comun\u00edcanoslo y lo analizaremos.<\/p><\/div>\n<\/div><\/div><\/div>\n\n\n\n<div class=\"wp-block-stackable-column stk-block-column stk-column stk-block stk-57f460e\" data-v=\"4\" data-block-id=\"57f460e\"><style>.stk-57f460e-container{margin-top:0px !important;margin-right:0px !important;margin-bottom:0px !important;margin-left:0px !important;}@media screen and (min-width: 768px){.stk-57f460e {flex:var(--stk-flex-grow, 1) 1 calc(35% - var(--stk-column-gap, 0px) * 1 \/ 2 ) !important;}}<\/style><div class=\"stk-column-wrapper stk-block-column__content stk-container stk-57f460e-container stk--no-background stk--no-padding\"><div class=\"stk-block-content stk-inner-blocks stk-57f460e-inner-blocks\">\n<div class=\"wp-block-stackable-button-group stk-block-button-group stk-block stk-db36400\" data-block-id=\"db36400\"><style>.stk-db36400 .stk-button-group{flex-direction:column !important;align-items:stretch !important;}.stk-db36400 .stk-block{flex-basis:auto !important;}.stk-db36400 .stk-block-button, .stk-db36400 .stk-block-icon-button{flex:1 0 0% !important;}.stk-db36400 {margin-bottom:40px !important;}<\/style><div class=\"stk-row stk-inner-blocks has-text-align-left stk-block-content stk-button-group\">\n<div class=\"wp-block-stackable-button stk-block-button has-text-align-center o-anim-hover stk-block stk-d38c9ed\" data-block-id=\"d38c9ed\"><style>.stk-d38c9ed .stk-button{min-height:75px !important;background:#5c068c !important;}.stk-d38c9ed .stk-button .stk--inner-svg svg:last-child{margin-inline-start:50px !important;}.stk-d38c9ed .stk-button__inner-text{font-size:22px !important;color:#ffffff !important;}@media screen and (max-width: 1023px){.stk-d38c9ed .stk-button__inner-text{font-size:22px !important;}}<\/style><a class=\"stk-link stk-button stk--hover-effect-darken\" href=\"https:\/\/www.ull.es\/servicios\/otc\/proteccion\/cartera-patentes\/\" target=\"_blank\" rel=\"noreferrer noopener\" target=\"_blank\" rel=\"noopener\"><span class=\"has-text-color stk-button__inner-text\">Cartera de Patentes<\/span><\/a><\/div>\n<\/div><\/div>\n<\/div><\/div><\/div>\n<\/div><\/div>\n","protected":false},"excerpt":{"rendered":"<p>Oficina de Transferencia del Conocimiento Propiedad Intelectual y Software Las obras de&nbsp;Propiedad Intelectual&nbsp;se refieren a las creaciones fruto de la creatividad intelectual de las personas: obras literarias, cient\u00edficas, musicales, fotogr\u00e1ficas, folletos t\u00e9cnicos y es en esta categor\u00eda donde tambi\u00e9n se incluyen las&nbsp;bases de datos&nbsp;y los&nbsp;programas de ordenador. Los derechos de autor de estas obras se&#8230;<\/p>\n","protected":false},"author":1,"featured_media":0,"parent":131,"menu_order":3,"comment_status":"closed","ping_status":"closed","template":"templates\/template-frontpage.php","meta":{"_acf_changed":false,"footnotes":""},"class_list":["post-52","page","type-page","status-publish","hentry"],"acf":[],"_links":{"self":[{"href":"https:\/\/www.ull.es\/servicios\/otc\/wp-json\/wp\/v2\/pages\/52","targetHints":{"allow":["GET"]}}],"collection":[{"href":"https:\/\/www.ull.es\/servicios\/otc\/wp-json\/wp\/v2\/pages"}],"about":[{"href":"https:\/\/www.ull.es\/servicios\/otc\/wp-json\/wp\/v2\/types\/page"}],"author":[{"embeddable":true,"href":"https:\/\/www.ull.es\/servicios\/otc\/wp-json\/wp\/v2\/users\/1"}],"replies":[{"embeddable":true,"href":"https:\/\/www.ull.es\/servicios\/otc\/wp-json\/wp\/v2\/comments?post=52"}],"version-history":[{"count":38,"href":"https:\/\/www.ull.es\/servicios\/otc\/wp-json\/wp\/v2\/pages\/52\/revisions"}],"predecessor-version":[{"id":3675,"href":"https:\/\/www.ull.es\/servicios\/otc\/wp-json\/wp\/v2\/pages\/52\/revisions\/3675"}],"up":[{"embeddable":true,"href":"https:\/\/www.ull.es\/servicios\/otc\/wp-json\/wp\/v2\/pages\/131"}],"wp:attachment":[{"href":"https:\/\/www.ull.es\/servicios\/otc\/wp-json\/wp\/v2\/media?parent=52"}],"curies":[{"name":"wp","href":"https:\/\/api.w.org\/{rel}","templated":true}]}}