{"id":62,"date":"2018-05-15T07:59:40","date_gmt":"2018-05-15T07:59:40","guid":{"rendered":"https:\/\/www.ull.es\/servicios\/otri\/?page_id=62"},"modified":"2019-07-05T13:02:56","modified_gmt":"2019-07-05T13:02:56","slug":"plan-propio-transferencia-conocimiento","status":"publish","type":"page","link":"https:\/\/www.ull.es\/servicios\/otc\/plan-propio-transferencia-conocimiento\/","title":{"rendered":"Plan Propio de Transferencia de Conocimiento"},"content":{"rendered":"<p>[vc_row][vc_column width=\u00bb2\/3&#8243;][vc_column_text]<\/p>\n<h1>Plan Propio de Transferencia de Conocimiento<\/h1>\n<p>[\/vc_column_text][vc_column_text]El Plan Propio de Transferencia de Conocimiento de la Universidad de la Laguna es un instrumento para incentivar la realizaci\u00f3n de diferentes acciones con el objeto de promover y facilitar la transferencia de conocimiento y resultados de investigaci\u00f3n generada en los grupos de investigaci\u00f3n de la instituci\u00f3n. Con esto aspiramos a mejorar la visibilidad y el alcance que la investigaci\u00f3n que se realiza desde la Universidad tenga un mayor impacto sobre la sociedad.<\/p>\n<h3>\u00bfQu\u00e9 acciones engloba?<\/h3>\n<p>El Plan Propio de Transferencia de Conocimiento se estructura principalmente en 5 acciones:<\/p>\n<ul>\n<li>Acciones de Protecci\u00f3n de Tecnolog\u00eda<\/li>\n<li>Acciones de Apoyo a la Creaci\u00f3n y Desarrollo de Empresas de Base Tecnol\u00f3gicas<\/li>\n<li>Acciones de Potenciaci\u00f3n de las Capacidades de los Grupos de Investigaci\u00f3n<\/li>\n<li>Apoyo a Proyectos singulares de Transferencia de Conocimiento<\/li>\n<li>Programa de Proyectos de Desarrollo Tecnol\u00f3gico (Prototipos y Pruebas de Concepto)<\/li>\n<\/ul>\n<p>[\/vc_column_text][\/vc_column][vc_column width=\u00bb1\/3&#8243;][vc_column_text]<a class=\"btn-destacado\" href=\"https:\/\/www.ull.es\/portal\/convocatorias\/categorias\/apoyo-a-la-transferencia-de-conocimiento\/\" target=\"_blank\" rel=\"noopener noreferrer\" target=\"_blank\" rel=\"noopener\">Convocatorias de Apoyo a la Transferencia de Conocimiento<i class=\"fa fa-arrow-right\"><\/i><\/a>[\/vc_column_text][\/vc_column][\/vc_row]<\/p>\n","protected":false},"excerpt":{"rendered":"<p>[vc_row][vc_column width=\u00bb2\/3&#8243;][vc_column_text] Plan Propio de Transferencia de Conocimiento [\/vc_column_text][vc_column_text]El Plan Propio de Transferencia de Conocimiento de la Universidad de la Laguna es un instrumento para incentivar la realizaci\u00f3n de diferentes acciones con el objeto de promover y facilitar la transferencia de conocimiento y resultados de investigaci\u00f3n generada en los grupos de investigaci\u00f3n de la instituci\u00f3n&#8230;.<\/p>\n","protected":false},"author":1,"featured_media":0,"parent":0,"menu_order":0,"comment_status":"closed","ping_status":"closed","template":"","meta":{"_acf_changed":false,"_crdt_document":"","footnotes":""},"class_list":["post-62","page","type-page","status-publish","hentry"],"acf":[],"_links":{"self":[{"href":"https:\/\/www.ull.es\/servicios\/otc\/wp-json\/wp\/v2\/pages\/62","targetHints":{"allow":["GET"]}}],"collection":[{"href":"https:\/\/www.ull.es\/servicios\/otc\/wp-json\/wp\/v2\/pages"}],"about":[{"href":"https:\/\/www.ull.es\/servicios\/otc\/wp-json\/wp\/v2\/types\/page"}],"author":[{"embeddable":true,"href":"https:\/\/www.ull.es\/servicios\/otc\/wp-json\/wp\/v2\/users\/1"}],"replies":[{"embeddable":true,"href":"https:\/\/www.ull.es\/servicios\/otc\/wp-json\/wp\/v2\/comments?post=62"}],"version-history":[{"count":17,"href":"https:\/\/www.ull.es\/servicios\/otc\/wp-json\/wp\/v2\/pages\/62\/revisions"}],"predecessor-version":[{"id":1963,"href":"https:\/\/www.ull.es\/servicios\/otc\/wp-json\/wp\/v2\/pages\/62\/revisions\/1963"}],"wp:attachment":[{"href":"https:\/\/www.ull.es\/servicios\/otc\/wp-json\/wp\/v2\/media?parent=62"}],"curies":[{"name":"wp","href":"https:\/\/api.w.org\/{rel}","templated":true}]}}