{"id":662,"date":"2018-07-12T10:06:22","date_gmt":"2018-07-12T10:06:22","guid":{"rendered":"https:\/\/www.ull.es\/servicios\/otri\/?page_id=662"},"modified":"2019-06-26T12:29:37","modified_gmt":"2019-06-26T12:29:37","slug":"flujograma-procedimiento","status":"publish","type":"page","link":"https:\/\/www.ull.es\/servicios\/otc\/valorizacion\/protocolos-convenios-contratos\/flujograma-procedimiento\/","title":{"rendered":"Flujograma y procedimiento"},"content":{"rendered":"<p>[vc_row][vc_column width=\u00bb5\/6&#8243;][vc_column_text]<\/p>\n<h1>Flujograma y procedimiento de valorizaci\u00f3n<\/h1>\n<p>[\/vc_column_text][vc_single_image image=\u00bb1680&#8243; img_size=\u00bbfull\u00bb onclick=\u00bbcustom_link\u00bb img_link_target=\u00bb_blank\u00bb link=\u00bbhttps:\/\/drive.google.com\/open?id=1kqVUhJKTBnef0NifEfF9q8iyXdKm16kg\u00bb][vc_column_text]<\/p>\n<h2>Procedimiento para suscribir acuerdos<\/h2>\n<ol>\n<li>El procedimiento comienza con la comunicaci\u00f3n a la OTRI sobre la intenci\u00f3n de establecer una colaboraci\u00f3n o prestaci\u00f3n de servicio, entre nuestro personal investigador y una entidad p\u00fablica o privada. Para este fin, se habilita un <a href=\"https:\/\/goo.gl\/forms\/8nIuYdUGZ2nCTWFj1\" target=\"_blank\" rel=\"noopener\">formulario para evaluar protocolos, convenios y\/o contratos<\/a>. Este documento contendr\u00e1 una breve descripci\u00f3n del objeto y caracter\u00edsticas del acuerdo. Tambi\u00e9n se solicita los nombres de las personas de contacto, tanto por parte de nuestra Universidad como de la entidad contratante\/colaboradora.<\/li>\n<li>La OTRI se encarga de estudiar la propuesta y de asesorar sobre el tipo de acuerdo id\u00f3neo. Adicionalmente, puede implicar la b\u00fasqueda de posibles socios.<\/li>\n<li>Negociaci\u00f3n del acuerdo con la contraparte.<\/li>\n<li>El borrador del acuerdo es remitido al Servicio de Asesor\u00eda Jur\u00eddica, el cual emitir\u00e1 un informe sobre su idoneidad. En dicho informe se indicar\u00e1 qu\u00e9 correcciones o modificaciones son necesarias para que su contenido se ajuste a derecho.<\/li>\n<li>En caso de existir contraprestaci\u00f3n econ\u00f3mica, el acuerdo ser\u00e1 enviado tambi\u00e9n a Intervenci\u00f3n para su evaluaci\u00f3n.<\/li>\n<li>La OTRI informa a las partes, modifica el documento en caso de ser necesario y redacta la versi\u00f3n definitiva, que ha de ser aprobada por el Director de la OTRI.<\/li>\n<li>El acuerdo y los documentos adicionales que sean requeridos para su firma, son remitidos al Vicerrectorado de Investigaci\u00f3n para su aprobaci\u00f3n y firma por el Rector\/a, o en representaci\u00f3n del mismo.<\/li>\n<li>Durante el per\u00edodo de vigencia del acuerdo, se realizar\u00e1 un seguimiento del mismo, implementando acciones correctivas o preventivas en los casos en los que sea necesario.<\/li>\n<li>La justificaci\u00f3n de los gastos e ingresos derivados del desarrollo de las actividades contempladas en el convenio\/contrato ser\u00e1 responsabilidad de los Servicios Universitarios de gesti\u00f3n destinados a ese fin.<\/li>\n<\/ol>\n<p>[\/vc_column_text][\/vc_column][vc_column width=\u00bb1\/6&#8243;][\/vc_column][\/vc_row]<\/p>\n","protected":false},"excerpt":{"rendered":"<p>[vc_row][vc_column width=\u00bb5\/6&#8243;][vc_column_text] Flujograma y procedimiento de valorizaci\u00f3n [\/vc_column_text][vc_single_image image=\u00bb1680&#8243; img_size=\u00bbfull\u00bb onclick=\u00bbcustom_link\u00bb img_link_target=\u00bb_blank\u00bb link=\u00bbhttps:\/\/drive.google.com\/open?id=1kqVUhJKTBnef0NifEfF9q8iyXdKm16kg\u00bb][vc_column_text] Procedimiento para suscribir acuerdos El procedimiento comienza con la comunicaci\u00f3n a la OTRI sobre la intenci\u00f3n de establecer una colaboraci\u00f3n o prestaci\u00f3n de servicio, entre nuestro personal investigador y una entidad p\u00fablica o privada. Para este fin, se habilita un formulario para&#8230;<\/p>\n","protected":false},"author":1,"featured_media":0,"parent":116,"menu_order":0,"comment_status":"closed","ping_status":"closed","template":"","meta":{"_acf_changed":false,"footnotes":""},"class_list":["post-662","page","type-page","status-publish","hentry"],"acf":[],"_links":{"self":[{"href":"https:\/\/www.ull.es\/servicios\/otc\/wp-json\/wp\/v2\/pages\/662","targetHints":{"allow":["GET"]}}],"collection":[{"href":"https:\/\/www.ull.es\/servicios\/otc\/wp-json\/wp\/v2\/pages"}],"about":[{"href":"https:\/\/www.ull.es\/servicios\/otc\/wp-json\/wp\/v2\/types\/page"}],"author":[{"embeddable":true,"href":"https:\/\/www.ull.es\/servicios\/otc\/wp-json\/wp\/v2\/users\/1"}],"replies":[{"embeddable":true,"href":"https:\/\/www.ull.es\/servicios\/otc\/wp-json\/wp\/v2\/comments?post=662"}],"version-history":[{"count":17,"href":"https:\/\/www.ull.es\/servicios\/otc\/wp-json\/wp\/v2\/pages\/662\/revisions"}],"predecessor-version":[{"id":1867,"href":"https:\/\/www.ull.es\/servicios\/otc\/wp-json\/wp\/v2\/pages\/662\/revisions\/1867"}],"up":[{"embeddable":true,"href":"https:\/\/www.ull.es\/servicios\/otc\/wp-json\/wp\/v2\/pages\/116"}],"wp:attachment":[{"href":"https:\/\/www.ull.es\/servicios\/otc\/wp-json\/wp\/v2\/media?parent=662"}],"curies":[{"name":"wp","href":"https:\/\/api.w.org\/{rel}","templated":true}]}}