{"id":16,"date":"2019-06-20T13:17:21","date_gmt":"2019-06-20T11:17:21","guid":{"rendered":"https:\/\/www.ull.es\/servicios\/negociado-pruebas-acceso\/?page_id=13"},"modified":"2026-03-26T11:42:45","modified_gmt":"2026-03-26T10:42:45","slug":"inicio","status":"publish","type":"page","link":"https:\/\/www.ull.es\/servicios\/planificacion-y-gestion-academica\/fr\/","title":{"rendered":"Commencer"},"content":{"rendered":"<div class=\"wp-block-stackable-columns alignfull stk-block-columns stk-block stk-16a94b8\" data-block-id=\"16a94b8\"><style>.stk-16a94b8 {margin-bottom:56px !important;}@media screen and (max-width: 767px){.stk-16a94b8 {padding-top:0px !important;padding-right:0px !important;padding-bottom:0px !important;padding-left:0px !important;}}<\/style><div class=\"stk-row stk-inner-blocks stk-block-content stk-content-align stk-16a94b8-column alignfull\">\n<div class=\"wp-block-stackable-column stk-block-column stk-column stk-block stk-dfe9b01 stk-block-background stk--has-background-overlay\" data-v=\"4\" data-block-id=\"dfe9b01\"><style>.stk-dfe9b01 {background-image:url(https:\/\/www.ull.es\/servicios\/planificacion-y-gestion-academica\/wp-content\/uploads\/sites\/35\/2019\/08\/21-Planificacion-y-Gestion-Academica.jpg) !important;}.stk-dfe9b01:before{background-color:#000000 !important;opacity:0.3 !important;}@media screen and (max-width: 767px){.stk-dfe9b01 {padding-top:0px !important;padding-right:0px !important;padding-bottom:0px !important;padding-left:0px !important;}.stk-dfe9b01-container{min-height:320px !important;}}<\/style><div class=\"stk-column-wrapper stk-block-column__content stk-container stk-dfe9b01-container stk--no-background stk--no-padding\"><div class=\"stk-block-content stk-inner-blocks stk-dfe9b01-inner-blocks\">\n<div class=\"wp-block-stackable-columns alignfull stk-block-columns stk-block stk-3bf239f\" data-block-id=\"3bf239f\"><style>@media screen and (max-width: 1023px){.stk-3bf239f {padding-left:0px !important;}}<\/style><div class=\"stk-row stk-inner-blocks stk-block-content stk-content-align stk-3bf239f-column alignfull\">\n<div class=\"wp-block-stackable-column stk-block-column stk-column stk-block stk-f66584c\" data-v=\"4\" data-block-id=\"f66584c\"><div class=\"stk-column-wrapper stk-block-column__content stk-container stk-f66584c-container stk--no-background stk--no-padding\"><div class=\"stk-block-content stk-inner-blocks stk-f66584c-inner-blocks\">\n<div class=\"wp-block-stackable-heading stk-block-heading stk-block-heading--v2 stk-block stk-1bb54e9\" id=\"planificacion-y-gestion-academica\" data-block-id=\"1bb54e9\"><style>.stk-1bb54e9 {padding-top:110px !important;padding-right:25px !important;padding-bottom:75px !important;padding-left:420px !important;}.stk-1bb54e9 .stk-block-heading__text{font-size:35px !important;color:#ffffff !important;font-weight:400 !important;}@media screen and (max-width: 1023px){.stk-1bb54e9 {padding-left:55px !important;}.stk-1bb54e9 .stk-block-heading__text{font-size:35px !important;}}@media screen and (max-width: 767px){.stk-1bb54e9 {padding-right:75px !important;padding-left:25px !important;}.stk-1bb54e9 .stk-block-heading__text{font-size:33px !important;}}<\/style><h2 class=\"stk-block-heading__text has-text-color has-text-align-left has-text-align-left-tablet has-text-align-left-mobile\">Planification et gestion acad\u00e9miques<\/h2><\/div>\n<\/div><\/div><\/div>\n<\/div><\/div>\n<\/div><\/div><\/div>\n<\/div><\/div>\n\n\n\n<div class=\"wp-block-stackable-columns alignfull stk-block-columns stk-block stk-c399b78\" data-block-id=\"c399b78\"><style>.stk-c399b78 {margin-bottom:50px !important;}<\/style><div class=\"stk-row stk-inner-blocks stk-block-content stk-content-align stk-c399b78-column alignfull\">\n<div class=\"wp-block-stackable-column stk-block-column stk-column stk-block stk-0a6d01a\" data-v=\"4\" data-block-id=\"0a6d01a\"><style>.stk-0a6d01a {padding-right:405px !important;padding-left:405px !important;}@media screen and (max-width: 1023px){.stk-0a6d01a {padding-right:50px !important;padding-left:50px !important;}}@media screen and (max-width: 767px){.stk-0a6d01a {padding-right:20px !important;padding-left:20px !important;}}<\/style><div class=\"stk-column-wrapper stk-block-column__content stk-container stk-0a6d01a-container stk--no-background stk--no-padding\"><div class=\"stk-block-content stk-inner-blocks stk-0a6d01a-inner-blocks\">\n<div class=\"wp-block-stackable-text stk-block-text stk-block stk-0fa225b\" data-block-id=\"0fa225b\"><p class=\"stk-block-text__text\">Le Service de planification et de gestion acad\u00e9miques est responsable de la coordination et de la gestion des proc\u00e9dures et actions \u00e9num\u00e9r\u00e9es ci-dessous par l&#039;interm\u00e9diaire de ses trois sections administratives\u00a0:<\/p><\/div>\n<\/div><\/div><\/div>\n<\/div><\/div>\n\n\n\n<div class=\"wp-block-stackable-columns alignfull stk-block-columns stk-block stk-743ac6b\" data-block-id=\"743ac6b\"><style>.stk-743ac6b {margin-bottom:50px !important;}<\/style><div class=\"stk-row stk-inner-blocks stk-block-content stk-content-align stk-743ac6b-column alignfull\">\n<div class=\"wp-block-stackable-column stk-block-column stk-column stk-block stk-e7902b7\" data-v=\"4\" data-block-id=\"e7902b7\"><style>.stk-e7902b7 {padding-right:405px !important;padding-left:405px !important;}@media screen and (max-width: 1023px){.stk-e7902b7 {padding-right:50px !important;padding-left:50px !important;}}@media screen and (max-width: 767px){.stk-e7902b7 {padding-right:20px !important;padding-left:20px !important;}}<\/style><div class=\"stk-column-wrapper stk-block-column__content stk-container stk-e7902b7-container stk--no-background stk--no-padding\"><div class=\"stk-block-content stk-inner-blocks stk-e7902b7-inner-blocks\">\n<div class=\"wp-block-stackable-text stk-block-text stk-block stk-1a3f8a8\" id=\"seccion-de-gestion-academica\" data-block-id=\"1a3f8a8\"><style>.stk-1a3f8a8 {margin-bottom:0px !important;}<\/style><p class=\"stk-block-text__text\"><strong>Section de gestion acad\u00e9mique<\/strong><\/p><\/div>\n\n\n\n<ul class=\"wp-block-list\">\n<li>Pr\u00e9paration et \u00e9laboration des examens d&#039;entr\u00e9e \u00e0 l&#039;universit\u00e9&nbsp;<a href=\"https:\/\/www.ull.es\/servicios\/planificacion-y-gestion-academica\/fr\/admision-becas\/ebau\/\" target=\"_blank\" rel=\"noreferrer noopener\">EBAU<\/a>&nbsp;et de&nbsp;<a href=\"https:\/\/www.ull.es\/servicios\/planificacion-y-gestion-academica\/fr\/admision-becas\/acceso-mayores\/\" target=\"_blank\" rel=\"noreferrer noopener\">plus de 25, 40 et 45 ans<\/a>.<\/li>\n\n\n\n<li><a href=\"https:\/\/www.ull.es\/servicios\/planificacion-y-gestion-academica\/fr\/admision-becas\/admision-a-titulaciones-oficiales-de-grado\/preinscripcion\/\" target=\"_blank\" rel=\"noreferrer noopener\">Pr\u00e9inscription aux dipl\u00f4mes de premier cycle officiels<\/a>&nbsp;de l&#039;ULL.<\/li>\n\n\n\n<li><a href=\"https:\/\/www.ull.es\/servicios\/planificacion-y-gestion-academica\/fr\/estudiantes\/#expedicion-de-titulos\" target=\"_blank\" rel=\"noreferrer noopener\">D\u00e9livrance de dipl\u00f4mes universitaires officiels<\/a>&nbsp;et celles sp\u00e9cifiques \u00e0 l&#039;ULL.<\/li>\n<\/ul>\n<\/div><\/div><\/div>\n<\/div><\/div>\n\n\n\n<div class=\"wp-block-stackable-columns alignfull stk-block-columns stk-block stk-2a0f819\" data-block-id=\"2a0f819\"><style>.stk-2a0f819 {margin-bottom:50px !important;}<\/style><div class=\"stk-row stk-inner-blocks stk-block-content stk-content-align stk-2a0f819-column alignfull\">\n<div class=\"wp-block-stackable-column stk-block-column stk-column stk-block stk-c48f1bd\" data-v=\"4\" data-block-id=\"c48f1bd\"><style>.stk-c48f1bd {padding-right:405px !important;padding-left:405px !important;}@media screen and (max-width: 1023px){.stk-c48f1bd {padding-right:50px !important;padding-left:50px !important;}}@media screen and (max-width: 767px){.stk-c48f1bd {padding-right:20px !important;padding-left:20px !important;}}<\/style><div class=\"stk-column-wrapper stk-block-column__content stk-container stk-c48f1bd-container stk--no-background stk--no-padding\"><div class=\"stk-block-content stk-inner-blocks stk-c48f1bd-inner-blocks\">\n<div class=\"wp-block-stackable-text stk-block-text stk-block stk-2158c4c\" id=\"seccion-de-gestion-academica\" data-block-id=\"2158c4c\"><style>.stk-2158c4c {margin-bottom:0px !important;}<\/style><p class=\"stk-block-text__text\"><strong>Section de planification acad\u00e9mique<\/strong><\/p><\/div>\n\n\n\n<ul class=\"wp-block-list\">\n<li>Plan de gestion annuel de l&#039;organisation p\u00e9dagogique.<\/li>\n\n\n\n<li>Mise en \u0153uvre, r\u00e9vision et publication des programmes officiels de licence, de master et de doctorat.<\/li>\n\n\n\n<li>Mise en \u0153uvre et r\u00e9vision des dipl\u00f4mes de premier et de deuxi\u00e8me cycles propres \u00e0 l&#039;Universit\u00e9.<\/li>\n\n\n\n<li>Pr\u00e9paration et maintenance de l&#039;application informatique institutionnelle de gestion acad\u00e9mique UXXI-ACAD\u00c9MICO pour le d\u00e9veloppement des processus de pr\u00e9inscription et d&#039;inscription en ligne pour les dipl\u00f4mes officiels de licence, de master et de doctorat, ainsi que pour la mise en place d&#039;une gestion acad\u00e9mique commune pour tous les secr\u00e9tariats des centres.<\/li>\n\n\n\n<li>Plus d&#039;informations sur&nbsp;<a href=\"https:\/\/www.ull.es\/servicios\/planificacion-y-gestion-academica\/fr\/informacionmatricula\/\" target=\"_blank\" rel=\"noreferrer noopener\">processus d&#039;inscription<\/a>.<\/li>\n<\/ul>\n<\/div><\/div><\/div>\n<\/div><\/div>\n\n\n\n<div class=\"wp-block-stackable-columns alignfull stk-block-columns stk-block stk-31aa3da\" data-block-id=\"31aa3da\"><div class=\"stk-row stk-inner-blocks stk-block-content stk-content-align stk-31aa3da-column alignfull\">\n<div class=\"wp-block-stackable-column stk-block-column stk-column stk-block stk-b410fdf\" data-v=\"4\" data-block-id=\"b410fdf\"><style>.stk-b410fdf {padding-right:405px !important;padding-left:405px !important;}@media screen and (max-width: 1023px){.stk-b410fdf {padding-right:50px !important;padding-left:50px !important;}}@media screen and (max-width: 767px){.stk-b410fdf {padding-right:20px !important;padding-left:20px !important;}}<\/style><div class=\"stk-column-wrapper stk-block-column__content stk-container stk-b410fdf-container stk--no-background stk--no-padding\"><div class=\"stk-block-content stk-inner-blocks stk-b410fdf-inner-blocks\">\n<div class=\"wp-block-stackable-text stk-block-text stk-block stk-ef4add9\" id=\"seccion-de-gestion-academica\" data-block-id=\"ef4add9\"><style>.stk-ef4add9 {margin-bottom:0px !important;}<\/style><p class=\"stk-block-text__text\"><strong>Section des stages externes<\/strong><\/p><\/div>\n\n\n\n<ul class=\"wp-block-list\">\n<li>Acceptation et enregistrement des entreprises et entit\u00e9s collaboratrices, ainsi que leur maintien par la formalisation et le renouvellement, le cas \u00e9ch\u00e9ant, des accords de coop\u00e9ration.<\/li>\n\n\n\n<li>Inscription et suivi de l&#039;offre annuelle de stages externes par dipl\u00f4me.<\/li>\n\n\n\n<li>D\u00e9livrance et soumission des attestations de collaboration externe dans le cadre du tutorat de stages externes.<\/li>\n\n\n\n<li>Plus d&#039;informations sur&nbsp;<a href=\"https:\/\/www.ull.es\/servicios\/planificacion-y-gestion-academica\/fr\/estudios-docencia\/practicas-externas\/\" target=\"_blank\" rel=\"noreferrer noopener\">stages externes<\/a>.<\/li>\n<\/ul>\n<\/div><\/div><\/div>\n<\/div><\/div>","protected":false},"excerpt":{"rendered":"<p>Planificaci\u00f3n y Gesti\u00f3n Acad\u00e9mica El Servicio de Planificaci\u00f3n y Gesti\u00f3n Acad\u00e9mica tiene encomendada la coordinaci\u00f3n y gesti\u00f3n de los procedimientos y actuaciones que se relacionan a continuaci\u00f3n a trav\u00e9s de sus tres secciones administrativas: Secci\u00f3n de Gesti\u00f3n Acad\u00e9mica Secci\u00f3n de Planificaci\u00f3n Acad\u00e9mica Secci\u00f3n de Pr\u00e1cticas Externas<\/p>","protected":false},"author":49,"featured_media":0,"parent":0,"menu_order":0,"comment_status":"closed","ping_status":"closed","template":"templates\/template-frontpage.php","meta":{"_acf_changed":false,"footnotes":""},"class_list":["post-16","page","type-page","status-publish","hentry"],"acf":[],"_links":{"self":[{"href":"https:\/\/www.ull.es\/servicios\/planificacion-y-gestion-academica\/fr\/wp-json\/wp\/v2\/pages\/16","targetHints":{"allow":["GET"]}}],"collection":[{"href":"https:\/\/www.ull.es\/servicios\/planificacion-y-gestion-academica\/fr\/wp-json\/wp\/v2\/pages"}],"about":[{"href":"https:\/\/www.ull.es\/servicios\/planificacion-y-gestion-academica\/fr\/wp-json\/wp\/v2\/types\/page"}],"author":[{"embeddable":true,"href":"https:\/\/www.ull.es\/servicios\/planificacion-y-gestion-academica\/fr\/wp-json\/wp\/v2\/users\/49"}],"replies":[{"embeddable":true,"href":"https:\/\/www.ull.es\/servicios\/planificacion-y-gestion-academica\/fr\/wp-json\/wp\/v2\/comments?post=16"}],"version-history":[{"count":17,"href":"https:\/\/www.ull.es\/servicios\/planificacion-y-gestion-academica\/fr\/wp-json\/wp\/v2\/pages\/16\/revisions"}],"predecessor-version":[{"id":84,"href":"https:\/\/www.ull.es\/servicios\/planificacion-y-gestion-academica\/fr\/wp-json\/wp\/v2\/pages\/16\/revisions\/84"}],"wp:attachment":[{"href":"https:\/\/www.ull.es\/servicios\/planificacion-y-gestion-academica\/fr\/wp-json\/wp\/v2\/media?parent=16"}],"curies":[{"name":"wp","href":"https:\/\/api.w.org\/{rel}","templated":true}]}}