{"id":143,"date":"2021-12-27T11:57:08","date_gmt":"2021-12-27T11:57:08","guid":{"rendered":"https:\/\/www.ull.es\/servicios\/prevencion-riesgos-laborales2\/?page_id=143"},"modified":"2026-02-27T12:55:02","modified_gmt":"2026-02-27T12:55:02","slug":"residuos","status":"publish","type":"page","link":"https:\/\/www.ull.es\/servicios\/prevencion-riesgos-laborales\/en\/residuos\/","title":{"rendered":"Residuos"},"content":{"rendered":"<div class=\"wp-block-stackable-columns alignfull stk-block-columns stk-block stk-eaee94d\" data-block-id=\"eaee94d\"><style>.stk-eaee94d {margin-bottom:0px !important;}<\/style><div class=\"stk-row stk-inner-blocks stk-block-content stk-content-align stk-eaee94d-column alignfull\">\n<div class=\"wp-block-stackable-column stk-block-column stk-column stk-block stk-a49deaf stk-block-background stk--has-background-overlay\" data-v=\"4\" data-block-id=\"a49deaf\"><style>.stk-a49deaf {background-color:linear-gradient(135deg,rgb(65,94,249) 0%,rgb(156,82,180) 47%,rgb(250,70,108) 100%) !important;}.stk-a49deaf:before{background-image:linear-gradient(135deg,rgb(65,94,249) 0%,rgb(156,82,180) 47%,rgb(250,70,108) 100%) !important;}<\/style><div class=\"stk-column-wrapper stk-block-column__content stk-container stk-a49deaf-container stk--no-background stk--no-padding\"><div class=\"has-text-align-center stk-block-content stk-inner-blocks stk-a49deaf-inner-blocks\">\n<div class=\"wp-block-stackable-heading stk-block-heading stk-block-heading--v2 stk-block stk-667eecd animated fadeInDown\" id=\"residuos\" data-block-id=\"667eecd\"><style>.stk-667eecd .stk-block-heading__text{color:#ffffff !important;}<\/style><h2 class=\"stk-block-heading__text has-text-color\">Residuos<\/h2><\/div>\n<\/div><\/div><\/div>\n<\/div><\/div>\n\n\n\n<div class=\"wp-block-stackable-columns alignfull stk-block-columns stk-block stk-109a905\" data-block-id=\"109a905\"><style>.stk-109a905 {margin-bottom:-95px !important;}@media screen and (max-width: 1023px){.stk-109a905 {margin-bottom:-80px !important;}}@media screen and (max-width: 767px){.stk-109a905 {margin-bottom:-115px !important;}}<\/style><div class=\"stk-row stk-inner-blocks stk-block-content stk-content-align stk-109a905-column alignfull\">\n<div class=\"wp-block-stackable-column stk-block-column stk-column stk-block stk-c7429c6 stk-block-background\" data-v=\"4\" data-block-id=\"c7429c6\"><style>.stk-c7429c6-container{margin-top:0px !important;margin-right:0px !important;margin-bottom:0px !important;margin-left:0px !important;min-height:437px !important;}.stk-c7429c6-inner-blocks{row-gap:12px !important;}.stk-c7429c6 {background-color:#f2f2f2 !important;padding-top:48px !important;padding-right:97px !important;padding-bottom:48px !important;padding-left:97px !important;}.stk-c7429c6:before{background-color:#f2f2f2 !important;}@media screen and (max-width: 1023px){.stk-c7429c6 {padding-top:21px !important;padding-right:41px !important;padding-bottom:21px !important;padding-left:41px !important;}.stk-c7429c6-container{min-height:494px !important;}}@media screen and (max-width: 767px){.stk-c7429c6-container{min-height:0px !important;}}<\/style><div class=\"stk-column-wrapper stk-block-column__content stk-container stk-c7429c6-container stk--no-background stk--no-padding\"><div class=\"stk-block-content stk-inner-blocks stk-c7429c6-inner-blocks\">\n<div class=\"wp-block-stackable-text stk-block-text stk-block stk-11421aa\" data-block-id=\"11421aa\"><style>.stk-11421aa {padding-top:0px !important;padding-right:0px !important;padding-bottom:0px !important;padding-left:0px !important;margin-bottom:0px !important;}<\/style><p class=\"stk-block-text__text\">La Universidad de La Laguna, como centro de investigaci\u00f3n y docencia, genera una serie de residuos que requieren un tratamiento diferenciado. Se gestionan residuos qu\u00edmicos, biol\u00f3gicos y electr\u00f3nicos peligrosos, as\u00ed como pilas y bater\u00edas.<\/p><\/div>\n\n\n\n<div class=\"wp-block-stackable-icon-list stk-block-icon-list stk-block stk-91e577c\" data-block-id=\"91e577c\"><style>.stk-91e577c {--stk-icon-list-icon-size:5px !important;margin-bottom:-10px !important;margin-left:15px !important;}.stk-91e577c .stk-block-icon-list-item__content{align-items:center !important;}@media screen and (max-width: 1023px){.stk-91e577c {margin-left:15px !important;}}<\/style><svg style=\"display:none\"><defs><g id=\"stk-icon-list__icon-svg-def-91e577c\"><svg xmlns=\"http:\/\/www.w3.org\/2000\/svg\" viewbox=\"0 0 512 512\"><path d=\"M256 512A256 256 0 1 0 256 0a256 256 0 1 0 0 512z\"\/><\/svg><\/g><\/defs><\/svg><ul class=\"stk-block-icon-list__ul stk-block-icon-list--column\">\n<li class=\"wp-block-stackable-icon-list-item stk-block-icon-list-item stk-block stk-17587c9\" data-block-id=\"17587c9\"><div class=\"stk-block-icon-list-item__content\"><span class=\"stk--svg-wrapper\"><div class=\"stk--inner-svg\"><svg aria-hidden=\"true\" width=\"32\" height=\"32\"><use xlink:href=\"#stk-icon-list__icon-svg-def-91e577c\"><\/use><\/svg><\/div><\/span><span class=\"stk-block-icon-list-item__text\"><a href=\"https:\/\/drive.google.com\/file\/d\/1oiRAmZybuQBa0dGSwoXEkABkJMs7RHio\/view?usp=sharing\" target=\"_blank\" rel=\"noreferrer noopener\">Programa de gesti\u00f3n de residuos<\/a><\/span><\/div><\/li>\n<\/ul><\/div>\n\n\n\n<div class=\"wp-block-stackable-icon-list stk-block-icon-list stk-block stk-f48ac89\" data-block-id=\"f48ac89\"><style>.stk-f48ac89 {--stk-icon-list-icon-size:6px !important;margin-bottom:-10px !important;margin-left:25px !important;}@media screen and (max-width: 1023px){.stk-f48ac89 {margin-left:15px !important;}}@media screen and (max-width: 767px){.stk-f48ac89 {--stk-icon-list-icon-size:6px !important;margin-left:25px !important;}}<\/style><svg style=\"display:none\"><defs><g id=\"stk-icon-list__icon-svg-def-f48ac89\"><svg xmlns=\"http:\/\/www.w3.org\/2000\/svg\" viewbox=\"0 0 512 512\"><path d=\"M464 256A208 208 0 1 0 48 256a208 208 0 1 0 416 0zM0 256a256 256 0 1 1 512 0A256 256 0 1 1 0 256z\"\/><\/svg><\/g><\/defs><\/svg><ul class=\"stk-block-icon-list__ul stk-block-icon-list--column\">\n<li class=\"wp-block-stackable-icon-list-item stk-block-icon-list-item stk-block stk-ce0b589\" data-block-id=\"ce0b589\"><div class=\"stk-block-icon-list-item__content\"><span class=\"stk--svg-wrapper\"><div class=\"stk--inner-svg\"><svg aria-hidden=\"true\" width=\"32\" height=\"32\"><use xlink:href=\"#stk-icon-list__icon-svg-def-f48ac89\"><\/use><\/svg><\/div><\/span><span class=\"stk-block-icon-list-item__text\"><a href=\"https:\/\/drive.google.com\/file\/d\/0Bxi8Rp1_THQzOExhaDdfQ1p5aW8\/view?usp=sharing&amp;resourcekey=0-sF_xht5e0swGMbUTLBKZjg\" target=\"_blank\" rel=\"noreferrer noopener\">Solicitud de envases<\/a><\/span><\/div><\/li>\n\n\n\n<li class=\"wp-block-stackable-icon-list-item stk-block-icon-list-item stk-block stk-baca882\" data-block-id=\"baca882\"><div class=\"stk-block-icon-list-item__content\"><span class=\"stk--svg-wrapper\"><div class=\"stk--inner-svg\"><svg aria-hidden=\"true\" width=\"32\" height=\"32\"><use xlink:href=\"#stk-icon-list__icon-svg-def-f48ac89\"><\/use><\/svg><\/div><\/span><span class=\"stk-block-icon-list-item__text\"><a href=\"https:\/\/drive.google.com\/file\/d\/0Bxi8Rp1_THQzRnVVeXZQVnhEZEk\/view?usp=sharing&amp;resourcekey=0-83ntkG3zHpt8lNkAjoSEMQ\" target=\"_blank\" rel=\"noreferrer noopener\">Solicitud de retirada de residuos<\/a><\/span><\/div><\/li>\n<\/ul><\/div>\n\n\n\n<div class=\"wp-block-stackable-icon-list stk-block-icon-list stk-block stk-43859c8\" data-block-id=\"43859c8\"><style>.stk-43859c8 {--stk-icon-list-icon-size:5px !important;margin-bottom:-10px !important;margin-left:15px !important;}.stk-43859c8 .stk-block-icon-list-item__content{align-items:baseline !important;}@media screen and (max-width: 1023px){.stk-43859c8 {margin-left:15px !important;}}<\/style><svg style=\"display:none\"><defs><g id=\"stk-icon-list__icon-svg-def-43859c8\"><svg xmlns=\"http:\/\/www.w3.org\/2000\/svg\" viewbox=\"0 0 512 512\"><path d=\"M256 512A256 256 0 1 0 256 0a256 256 0 1 0 0 512z\"\/><\/svg><\/g><\/defs><\/svg><ul class=\"stk-block-icon-list__ul stk-block-icon-list--column\">\n<li class=\"wp-block-stackable-icon-list-item stk-block-icon-list-item stk-block stk-f28db5b\" data-block-id=\"f28db5b\"><div class=\"stk-block-icon-list-item__content\"><span class=\"stk--svg-wrapper\"><div class=\"stk--inner-svg\"><svg aria-hidden=\"true\" width=\"32\" height=\"32\"><use xlink:href=\"#stk-icon-list__icon-svg-def-43859c8\"><\/use><\/svg><\/div><\/span><span class=\"stk-block-icon-list-item__text\"><a href=\"https:\/\/drive.google.com\/file\/d\/0Bxi8Rp1_THQzTm1jMXMwbzNLek0\/view?usp=sharing&amp;resourcekey=0-8L3kiWV-o0z6sUKrMlQdCw\" target=\"_blank\" rel=\"noreferrer noopener\">Procedimiento para la gesti\u00f3n de residuos de aparatos el\u00e9ctricos y electr\u00f3nicos, as\u00ed como pilas y bater\u00edas<\/a><\/span><\/div><\/li>\n<\/ul><\/div>\n\n\n\n<div class=\"wp-block-stackable-icon-list stk-block-icon-list stk-block stk-94d2ce2\" data-block-id=\"94d2ce2\"><style>.stk-94d2ce2 {--stk-icon-list-icon-size:5px !important;margin-left:15px !important;}@media screen and (max-width: 1023px){.stk-94d2ce2 {margin-left:15px !important;}}<\/style><svg style=\"display:none\"><defs><g id=\"stk-icon-list__icon-svg-def-94d2ce2\"><svg xmlns=\"http:\/\/www.w3.org\/2000\/svg\" viewbox=\"0 0 512 512\"><path d=\"M256 512A256 256 0 1 0 256 0a256 256 0 1 0 0 512z\"\/><\/svg><\/g><\/defs><\/svg><ul class=\"stk-block-icon-list__ul stk-block-icon-list--column\">\n<li class=\"wp-block-stackable-icon-list-item stk-block-icon-list-item stk-block stk-21ed897\" data-block-id=\"21ed897\"><div class=\"stk-block-icon-list-item__content\"><span class=\"stk--svg-wrapper\"><div class=\"stk--inner-svg\"><svg aria-hidden=\"true\" width=\"32\" height=\"32\"><use xlink:href=\"#stk-icon-list__icon-svg-def-94d2ce2\"><\/use><\/svg><\/div><\/span><span class=\"stk-block-icon-list-item__text\"><a href=\"https:\/\/drive.google.com\/file\/d\/1JmPBk9xK7mL5HkGXNLrO7-VZS7NgYvDc\/view?usp=sharing\" target=\"_blank\" rel=\"noreferrer noopener\">Envases de residuos biosanitarios<\/a><\/span><\/div><\/li>\n\n\n\n<li class=\"wp-block-stackable-icon-list-item stk-block-icon-list-item stk-block stk-86d6c00\" data-block-id=\"86d6c00\"><div class=\"stk-block-icon-list-item__content\"><span class=\"stk--svg-wrapper\"><div class=\"stk--inner-svg\"><svg aria-hidden=\"true\" width=\"32\" height=\"32\"><use xlink:href=\"#stk-icon-list__icon-svg-def-94d2ce2\"><\/use><\/svg><\/div><\/span><span class=\"stk-block-icon-list-item__text\"><a href=\"https:\/\/drive.google.com\/file\/d\/1Jyr8TK7tO2Qc2ge4BDn5cpn4WHh1559H\/view?usp=sharing\" target=\"_blank\" rel=\"noreferrer noopener\">Clasificaci\u00f3n de residuos<\/a><\/span><\/div><\/li>\n<\/ul><\/div>\n\n\n\n<div class=\"wp-block-stackable-text stk-block-text stk-block stk-f956052\" data-block-id=\"f956052\"><style>.stk-f956052 {padding-top:0px !important;padding-right:0px !important;padding-bottom:0px !important;padding-left:0px !important;margin-bottom:0px !important;}<\/style><p class=\"stk-block-text__text\">Etiquetas:<\/p><\/div>\n\n\n\n<div class=\"wp-block-stackable-icon-list stk-block-icon-list stk-block stk-e0f73bc\" data-block-id=\"e0f73bc\"><style>.stk-e0f73bc {--stk-icon-list-icon-size:5px !important;margin-left:15px !important;}.stk-e0f73bc .stk-block-icon-list-item__content{align-items:baseline !important;}@media screen and (max-width: 1023px){.stk-e0f73bc {margin-left:15px !important;}}<\/style><svg style=\"display:none\"><defs><g id=\"stk-icon-list__icon-svg-def-e0f73bc\"><svg xmlns=\"http:\/\/www.w3.org\/2000\/svg\" viewbox=\"0 0 512 512\"><path d=\"M256 512A256 256 0 1 0 256 0a256 256 0 1 0 0 512z\"\/><\/svg><\/g><\/defs><\/svg><ul class=\"stk-block-icon-list__ul stk-block-icon-list--column\">\n<li class=\"wp-block-stackable-icon-list-item stk-block-icon-list-item stk-block stk-1254504\" data-block-id=\"1254504\"><div class=\"stk-block-icon-list-item__content\"><span class=\"stk--svg-wrapper\"><div class=\"stk--inner-svg\"><svg aria-hidden=\"true\" width=\"32\" height=\"32\"><use xlink:href=\"#stk-icon-list__icon-svg-def-e0f73bc\"><\/use><\/svg><\/div><\/span><span class=\"stk-block-icon-list-item__text\"><a href=\"https:\/\/drive.google.com\/drive\/folders\/1lupWusP75iuu4mKn7vacfuBECwrOmMs2?usp=sharing\" target=\"_blank\" rel=\"noreferrer noopener\">Modelos de etiquetas para su impresi\u00f3n<\/a><\/span><\/div><\/li>\n<\/ul><\/div>\n<\/div><\/div><\/div>\n\n\n\n<div class=\"wp-block-stackable-column stk-block-column stk-column stk-block stk-db7e19b stk-block-background stk--has-background-overlay\" data-v=\"4\" data-block-id=\"db7e19b\"><style>.stk-db7e19b-container{margin-top:0px !important;margin-right:0px !important;margin-bottom:0px !important;margin-left:0px !important;}.stk-db7e19b-inner-blocks{row-gap:var(--stk--preset--spacing--none, 0px) !important;}.stk-db7e19b {background-image:url(https:\/\/www.ull.es\/servicios\/prevencion-riesgos-laborales\/wp-content\/uploads\/sites\/60\/2022\/01\/shutterstock_1692791632-min.jpg) !important;}@media screen and (max-width: 767px){.stk-db7e19b-container{min-height:225px !important;}}<\/style><div class=\"stk-column-wrapper stk-block-column__content stk-container stk-db7e19b-container stk--no-background stk--no-padding\"><div class=\"stk-block-content stk-inner-blocks stk-db7e19b-inner-blocks\"><\/div><\/div><\/div>\n<\/div><\/div>\n\n\n\n<p><\/p>","protected":false},"excerpt":{"rendered":"<p>Residuos La Universidad de La Laguna, como centro de investigaci\u00f3n y docencia, genera una serie de residuos que requieren un tratamiento diferenciado. Se gestionan residuos qu\u00edmicos, biol\u00f3gicos y electr\u00f3nicos peligrosos, as\u00ed como pilas y bater\u00edas. Etiquetas:<\/p>","protected":false},"author":47,"featured_media":0,"parent":0,"menu_order":0,"comment_status":"closed","ping_status":"closed","template":"templates\/template-frontpage.php","meta":{"_acf_changed":false,"footnotes":""},"class_list":["post-143","page","type-page","status-publish","hentry"],"acf":[],"_links":{"self":[{"href":"https:\/\/www.ull.es\/servicios\/prevencion-riesgos-laborales\/en\/wp-json\/wp\/v2\/pages\/143","targetHints":{"allow":["GET"]}}],"collection":[{"href":"https:\/\/www.ull.es\/servicios\/prevencion-riesgos-laborales\/en\/wp-json\/wp\/v2\/pages"}],"about":[{"href":"https:\/\/www.ull.es\/servicios\/prevencion-riesgos-laborales\/en\/wp-json\/wp\/v2\/types\/page"}],"author":[{"embeddable":true,"href":"https:\/\/www.ull.es\/servicios\/prevencion-riesgos-laborales\/en\/wp-json\/wp\/v2\/users\/47"}],"replies":[{"embeddable":true,"href":"https:\/\/www.ull.es\/servicios\/prevencion-riesgos-laborales\/en\/wp-json\/wp\/v2\/comments?post=143"}],"version-history":[{"count":26,"href":"https:\/\/www.ull.es\/servicios\/prevencion-riesgos-laborales\/en\/wp-json\/wp\/v2\/pages\/143\/revisions"}],"predecessor-version":[{"id":928,"href":"https:\/\/www.ull.es\/servicios\/prevencion-riesgos-laborales\/en\/wp-json\/wp\/v2\/pages\/143\/revisions\/928"}],"wp:attachment":[{"href":"https:\/\/www.ull.es\/servicios\/prevencion-riesgos-laborales\/en\/wp-json\/wp\/v2\/media?parent=143"}],"curies":[{"name":"wp","href":"https:\/\/api.w.org\/{rel}","templated":true}]}}