{"id":158,"date":"2021-12-27T12:21:05","date_gmt":"2021-12-27T12:21:05","guid":{"rendered":"https:\/\/www.ull.es\/servicios\/prevencion-riesgos-laborales2\/?page_id=158"},"modified":"2026-03-02T07:50:47","modified_gmt":"2026-03-02T07:50:47","slug":"comite-de-seguridad-y-salud","status":"publish","type":"page","link":"https:\/\/www.ull.es\/servicios\/prevencion-riesgos-laborales\/en\/comite-de-seguridad-y-salud\/","title":{"rendered":"Comit\u00e9 Seguridad y Salud"},"content":{"rendered":"<div class=\"wp-block-stackable-columns alignfull stk-block-columns stk-block stk-eaee94d\" data-block-id=\"eaee94d\"><style>.stk-eaee94d {margin-bottom:0px !important;}<\/style><div class=\"stk-row stk-inner-blocks stk-block-content stk-content-align stk-eaee94d-column alignfull\">\n<div class=\"wp-block-stackable-column stk-block-column stk-column stk-block stk-a49deaf stk-block-background stk--has-background-overlay\" data-v=\"4\" data-block-id=\"a49deaf\"><style>.stk-a49deaf {background-color:linear-gradient(135deg,rgb(65,94,249) 0%,rgb(156,82,180) 47%,rgb(250,70,108) 100%) !important;}.stk-a49deaf:before{background-image:linear-gradient(135deg,rgb(65,94,249) 0%,rgb(156,82,180) 47%,rgb(250,70,108) 100%) !important;}<\/style><div class=\"stk-column-wrapper stk-block-column__content stk-container stk-a49deaf-container stk--no-background stk--no-padding\"><div class=\"has-text-align-center stk-block-content stk-inner-blocks stk-a49deaf-inner-blocks\">\n<div class=\"wp-block-stackable-heading stk-block-heading stk-block-heading--v2 stk-block stk-667eecd animated fadeInDown\" id=\"comite-de-seguridad-y-salud\" data-block-id=\"667eecd\"><style>.stk-667eecd .stk-block-heading__text{color:#ffffff !important;}<\/style><h2 class=\"stk-block-heading__text has-text-color\">Comit\u00e9 de Seguridad y Salud<\/h2><\/div>\n<\/div><\/div><\/div>\n<\/div><\/div>\n\n\n\n<div class=\"wp-block-stackable-columns alignfull stk-block-columns stk-block stk-109a905\" data-block-id=\"109a905\"><style>.stk-109a905 {margin-bottom:-80px !important;}@media screen and (max-width: 1023px){.stk-109a905 {margin-bottom:-80px !important;}}<\/style><div class=\"stk-row stk-inner-blocks stk-block-content stk-content-align stk-109a905-column alignfull\">\n<div class=\"wp-block-stackable-column stk-block-column stk-column stk-block stk-c7429c6 stk-block-background\" data-v=\"4\" data-block-id=\"c7429c6\"><style>.stk-c7429c6-container{margin-top:0px !important;margin-right:0px !important;margin-bottom:0px !important;margin-left:0px !important;min-height:437px !important;}.stk-c7429c6-inner-blocks{row-gap:0px !important;}.stk-c7429c6 {background-color:#f2f2f2 !important;padding-top:48px !important;padding-right:97px !important;padding-bottom:48px !important;padding-left:97px !important;}.stk-c7429c6:before{background-color:#f2f2f2 !important;}@media screen and (max-width: 1023px){.stk-c7429c6 {padding-top:21px !important;padding-right:41px !important;padding-bottom:21px !important;padding-left:41px !important;}.stk-c7429c6-container{min-height:494px !important;}}@media screen and (max-width: 767px){.stk-c7429c6-container{min-height:300px !important;}}<\/style><div class=\"stk-column-wrapper stk-block-column__content stk-container stk-c7429c6-container stk--no-background stk--no-padding\"><div class=\"stk-block-content stk-inner-blocks stk-c7429c6-inner-blocks\">\n<div class=\"wp-block-stackable-text stk-block-text stk-block stk-56895e0\" data-block-id=\"56895e0\"><style>.stk-56895e0 {padding-top:0px !important;padding-right:0px !important;padding-bottom:0px !important;padding-left:0px !important;margin-bottom:24px !important;}<\/style><p class=\"stk-block-text__text\">El Comit\u00e9 de Seguridad y Salud es el \u00f3rgano paritario y colegiado de participaci\u00f3n destinado a la consulta regular y peri\u00f3dica de las actuaciones de la Universidad de La Laguna en materia de prevenci\u00f3n de riesgos laborales.<\/p><\/div>\n\n\n\n<div class=\"wp-block-stackable-heading stk-block-heading stk-block-heading--v2 stk-block stk-9191e66\" id=\"enlaces-de-interes\" data-block-id=\"9191e66\"><style>.stk-9191e66 {margin-bottom:12px !important;}.stk-9191e66 .stk-block-heading__text{font-size:26px !important;color:#5c068c !important;}@media screen and (max-width: 1023px){.stk-9191e66 .stk-block-heading__text{font-size:26px !important;}}<\/style><h2 class=\"stk-block-heading__text has-text-color\">Enlaces de inter\u00e9s<\/h2><\/div>\n\n\n\n<ul>\n    <li>\n        <p><i class=\"fa fa-external-link\"><\/i><a\n                href=\"https:\/\/riull.ull.es\/xmlui\/bitstream\/handle\/915\/11289\/Reglamento%20CSS.pdf\">Reglamento del Comit\u00e9\n                de\n                Seguridad y Salud<\/a><\/p>\n    <\/li>\n    <li>\n        <p><i class=\"fa fa-external-link\"><\/i><a\n                href=\"https:\/\/docs.google.com\/document\/d\/e\/2PACX-1vQ_ZP1sbP3IMI0Z7_tB9hNEgmuYV2oeDHOKHyOw86VIXOCGb5FTRDhFJFp2c8WcbZIRry1OmoNAHbou\/pub\"\n                style=\"margin: 0px;\"> Miembros del Comit\u00e9 de Seguridad y Salud<\/a><\/p>\n    <\/li>\n    <li>\n        <p><i class=\"fa fa-external-link\"><\/i><a\n                href=\"https:\/\/campusvirtual.ull.es\/entornos\/course\/view.php?id=259\" style=\"margin: 0px;\">Entorno\n                Virtual<\/a>\n        <\/p>\n    <\/li>\n<\/ul>\n\n<style>\n    p {\n        margin-bottom: 0px;\n    }\n<\/style>\n<\/div><\/div><\/div>\n\n\n\n<div class=\"wp-block-stackable-column stk-block-column stk-column stk-block stk-db7e19b stk-block-background stk--has-background-overlay\" data-v=\"4\" data-block-id=\"db7e19b\"><style>.stk-db7e19b-container{margin-top:0px !important;margin-right:0px !important;margin-bottom:0px !important;margin-left:0px !important;}.stk-db7e19b-inner-blocks{row-gap:var(--stk--preset--spacing--none, 0px) !important;}.stk-db7e19b {background-image:url(https:\/\/www.ull.es\/servicios\/prevencion-riesgos-laborales\/wp-content\/uploads\/sites\/60\/2021\/12\/comite.jpg) !important;}@media screen and (max-width: 767px){.stk-db7e19b {padding-top:200px !important;padding-bottom:200px !important;margin-bottom:-80px !important;}}<\/style><div class=\"stk-column-wrapper stk-block-column__content stk-container stk-db7e19b-container stk--no-background stk--no-padding\"><div class=\"stk-block-content stk-inner-blocks stk-db7e19b-inner-blocks\"><\/div><\/div><\/div>\n<\/div><\/div>","protected":false},"excerpt":{"rendered":"<p>Comit\u00e9 de Seguridad y Salud El Comit\u00e9 de Seguridad y Salud es el \u00f3rgano paritario y colegiado de participaci\u00f3n destinado a la consulta regular y peri\u00f3dica de las actuaciones de la Universidad de La Laguna en materia de prevenci\u00f3n de riesgos laborales. Enlaces de inter\u00e9s Reglamento del Comit\u00e9 de Seguridad y Salud Miembros del Comit\u00e9&#8230;<\/p>","protected":false},"author":47,"featured_media":0,"parent":0,"menu_order":0,"comment_status":"closed","ping_status":"closed","template":"templates\/template-frontpage.php","meta":{"_acf_changed":false,"footnotes":""},"class_list":["post-158","page","type-page","status-publish","hentry"],"acf":[],"_links":{"self":[{"href":"https:\/\/www.ull.es\/servicios\/prevencion-riesgos-laborales\/en\/wp-json\/wp\/v2\/pages\/158","targetHints":{"allow":["GET"]}}],"collection":[{"href":"https:\/\/www.ull.es\/servicios\/prevencion-riesgos-laborales\/en\/wp-json\/wp\/v2\/pages"}],"about":[{"href":"https:\/\/www.ull.es\/servicios\/prevencion-riesgos-laborales\/en\/wp-json\/wp\/v2\/types\/page"}],"author":[{"embeddable":true,"href":"https:\/\/www.ull.es\/servicios\/prevencion-riesgos-laborales\/en\/wp-json\/wp\/v2\/users\/47"}],"replies":[{"embeddable":true,"href":"https:\/\/www.ull.es\/servicios\/prevencion-riesgos-laborales\/en\/wp-json\/wp\/v2\/comments?post=158"}],"version-history":[{"count":26,"href":"https:\/\/www.ull.es\/servicios\/prevencion-riesgos-laborales\/en\/wp-json\/wp\/v2\/pages\/158\/revisions"}],"predecessor-version":[{"id":954,"href":"https:\/\/www.ull.es\/servicios\/prevencion-riesgos-laborales\/en\/wp-json\/wp\/v2\/pages\/158\/revisions\/954"}],"wp:attachment":[{"href":"https:\/\/www.ull.es\/servicios\/prevencion-riesgos-laborales\/en\/wp-json\/wp\/v2\/media?parent=158"}],"curies":[{"name":"wp","href":"https:\/\/api.w.org\/{rel}","templated":true}]}}