{"id":204,"date":"2022-01-20T13:56:56","date_gmt":"2022-01-20T13:56:56","guid":{"rendered":"https:\/\/www.ull.es\/servicios\/prevencion-riesgos-laborales2\/?page_id=204"},"modified":"2026-02-27T12:38:17","modified_gmt":"2026-02-27T12:38:17","slug":"teletrabajo","status":"publish","type":"page","link":"https:\/\/www.ull.es\/servicios\/prevencion-riesgos-laborales\/en\/teletrabajo\/","title":{"rendered":"Teletrabajo"},"content":{"rendered":"<div class=\"wp-block-stackable-columns alignfull stk-block-columns stk-block stk-eaee94d\" data-block-id=\"eaee94d\"><style>.stk-eaee94d {margin-bottom:0px !important;}<\/style><div class=\"stk-row stk-inner-blocks stk-block-content stk-content-align stk-eaee94d-column alignfull\">\n<div class=\"wp-block-stackable-column stk-block-column stk-column stk-block stk-a49deaf stk-block-background stk--has-background-overlay\" data-v=\"4\" data-block-id=\"a49deaf\"><style>.stk-a49deaf {background-color:linear-gradient(135deg,rgb(65,94,249) 0%,rgb(156,82,180) 47%,rgb(250,70,108) 100%) !important;}.stk-a49deaf:before{background-image:linear-gradient(135deg,rgb(65,94,249) 0%,rgb(156,82,180) 47%,rgb(250,70,108) 100%) !important;}<\/style><div class=\"stk-column-wrapper stk-block-column__content stk-container stk-a49deaf-container stk--no-background stk--no-padding\"><div class=\"has-text-align-center stk-block-content stk-inner-blocks stk-a49deaf-inner-blocks\">\n<div class=\"wp-block-stackable-heading stk-block-heading stk-block-heading--v2 stk-block stk-667eecd animated fadeInDown\" id=\"teletrabajo\" data-block-id=\"667eecd\"><style>.stk-667eecd .stk-block-heading__text{color:#ffffff !important;}<\/style><h2 class=\"stk-block-heading__text has-text-color\">Teletrabajo<\/h2><\/div>\n<\/div><\/div><\/div>\n<\/div><\/div>\n\n\n\n<div class=\"wp-block-stackable-columns alignfull stk-block-columns stk-block stk-109a905\" data-block-id=\"109a905\"><style>.stk-109a905 {margin-bottom:-95px !important;}@media screen and (max-width: 767px){.stk-109a905 {margin-bottom:-115px !important;}}<\/style><div class=\"stk-row stk-inner-blocks stk-block-content stk-content-align stk-109a905-column alignfull\">\n<div class=\"wp-block-stackable-column stk-block-column stk-column stk-block stk-c7429c6 stk-block-background\" data-v=\"4\" data-block-id=\"c7429c6\"><style>.stk-c7429c6-container{margin-top:0px !important;margin-right:0px !important;margin-bottom:0px !important;margin-left:0px !important;min-height:437px !important;}.stk-c7429c6-inner-blocks{row-gap:12px !important;}.stk-c7429c6 {background-color:#f2f2f2 !important;padding-top:48px !important;padding-right:97px !important;padding-bottom:48px !important;padding-left:97px !important;}.stk-c7429c6:before{background-color:#f2f2f2 !important;}@media screen and (max-width: 1023px){.stk-c7429c6 {padding-top:21px !important;padding-right:41px !important;padding-bottom:21px !important;padding-left:41px !important;}.stk-c7429c6-container{min-height:494px !important;}}@media screen and (max-width: 767px){.stk-c7429c6-container{min-height:0px !important;}}<\/style><div class=\"stk-column-wrapper stk-block-column__content stk-container stk-c7429c6-container stk--no-background stk--no-padding\"><div class=\"stk-block-content stk-inner-blocks stk-c7429c6-inner-blocks\">\n<div class=\"wp-block-stackable-text stk-block-text stk-block stk-11421aa\" data-block-id=\"11421aa\"><style>.stk-11421aa {padding-top:0px !important;padding-right:0px !important;padding-bottom:0px !important;padding-left:0px !important;margin-bottom:0px !important;}<\/style><p class=\"stk-block-text__text\">El teletrabajo es el desarrollo de la actividad laboral remunerada, donde se utilizan las tecnolog\u00edas de la informaci\u00f3n y la telecomunicaci\u00f3n sin tener una presencia regular en el centro de trabajo.<\/p><\/div>\n\n\n\n<div class=\"wp-block-stackable-text stk-block-text stk-block stk-e351bee\" data-block-id=\"e351bee\"><style>.stk-e351bee {padding-top:0px !important;padding-right:0px !important;padding-bottom:0px !important;padding-left:0px !important;margin-bottom:0px !important;}<\/style><p class=\"stk-block-text__text\">Consulta el<strong>\u00a0<a href=\"https:\/\/www.ull.es\/servicios\/prevencion-riesgos-laborales\/wp-content\/uploads\/sites\/60\/2022\/03\/folleto_teletrabajo.pdf?x62935\" target=\"_blank\" rel=\"noreferrer noopener\">folleto informativo<\/a>\u00a0<\/strong>sobre teletrabajo.<\/p><\/div>\n<\/div><\/div><\/div>\n\n\n\n<div class=\"wp-block-stackable-column stk-block-column stk-column stk-block stk-db7e19b stk-block-background stk--has-background-overlay\" data-v=\"4\" data-block-id=\"db7e19b\"><style>.stk-db7e19b-container{margin-top:0px !important;margin-right:0px !important;margin-bottom:0px !important;margin-left:0px !important;}.stk-db7e19b-inner-blocks{row-gap:var(--stk--preset--spacing--none, 0px) !important;}.stk-db7e19b {background-image:url(https:\/\/www.ull.es\/servicios\/prevencion-riesgos-laborales\/wp-content\/uploads\/sites\/60\/2022\/03\/Banner_1600x1067-01.png) !important;}@media screen and (max-width: 767px){.stk-db7e19b-container{min-height:225px !important;}}<\/style><div class=\"stk-column-wrapper stk-block-column__content stk-container stk-db7e19b-container stk--no-background stk--no-padding\"><div class=\"stk-block-content stk-inner-blocks stk-db7e19b-inner-blocks\"><\/div><\/div><\/div>\n<\/div><\/div>\n\n\n\n<p><\/p>","protected":false},"excerpt":{"rendered":"<p>Teletrabajo El teletrabajo es el desarrollo de la actividad laboral remunerada, donde se utilizan las tecnolog\u00edas de la informaci\u00f3n y la telecomunicaci\u00f3n sin tener una presencia regular en el centro de trabajo. Consulta el\u00a0folleto informativo\u00a0sobre teletrabajo.<\/p>","protected":false},"author":46,"featured_media":0,"parent":0,"menu_order":0,"comment_status":"closed","ping_status":"closed","template":"templates\/template-frontpage.php","meta":{"_acf_changed":false,"footnotes":""},"class_list":["post-204","page","type-page","status-publish","hentry"],"acf":[],"_links":{"self":[{"href":"https:\/\/www.ull.es\/servicios\/prevencion-riesgos-laborales\/en\/wp-json\/wp\/v2\/pages\/204","targetHints":{"allow":["GET"]}}],"collection":[{"href":"https:\/\/www.ull.es\/servicios\/prevencion-riesgos-laborales\/en\/wp-json\/wp\/v2\/pages"}],"about":[{"href":"https:\/\/www.ull.es\/servicios\/prevencion-riesgos-laborales\/en\/wp-json\/wp\/v2\/types\/page"}],"author":[{"embeddable":true,"href":"https:\/\/www.ull.es\/servicios\/prevencion-riesgos-laborales\/en\/wp-json\/wp\/v2\/users\/46"}],"replies":[{"embeddable":true,"href":"https:\/\/www.ull.es\/servicios\/prevencion-riesgos-laborales\/en\/wp-json\/wp\/v2\/comments?post=204"}],"version-history":[{"count":10,"href":"https:\/\/www.ull.es\/servicios\/prevencion-riesgos-laborales\/en\/wp-json\/wp\/v2\/pages\/204\/revisions"}],"predecessor-version":[{"id":913,"href":"https:\/\/www.ull.es\/servicios\/prevencion-riesgos-laborales\/en\/wp-json\/wp\/v2\/pages\/204\/revisions\/913"}],"wp:attachment":[{"href":"https:\/\/www.ull.es\/servicios\/prevencion-riesgos-laborales\/en\/wp-json\/wp\/v2\/media?parent=204"}],"curies":[{"name":"wp","href":"https:\/\/api.w.org\/{rel}","templated":true}]}}