{"id":65,"date":"2021-12-27T09:13:16","date_gmt":"2021-12-27T09:13:16","guid":{"rendered":"https:\/\/www.ull.es\/servicios\/prevencion-riesgos-laborales2\/?page_id=65"},"modified":"2026-02-27T08:26:04","modified_gmt":"2026-02-27T08:26:04","slug":"presentacion","status":"publish","type":"page","link":"https:\/\/www.ull.es\/servicios\/prevencion-riesgos-laborales\/fr\/presentacion\/","title":{"rendered":"Presentaci\u00f3n"},"content":{"rendered":"<div class=\"wp-block-stackable-columns alignfull stk-block-columns stk-block stk-eaee94d\" data-block-id=\"eaee94d\"><style>.stk-eaee94d {margin-bottom:0px !important;}<\/style><div class=\"stk-row stk-inner-blocks stk-block-content stk-content-align stk-eaee94d-column alignfull\">\n<div class=\"wp-block-stackable-column stk-block-column stk-column stk-block stk-a49deaf stk-block-background stk--has-background-overlay\" data-v=\"4\" data-block-id=\"a49deaf\"><style>.stk-a49deaf {background-color:linear-gradient(135deg,rgb(65,94,249) 0%,rgb(156,82,180) 47%,rgb(250,70,108) 100%) !important;}.stk-a49deaf:before{background-image:linear-gradient(135deg,rgb(65,94,249) 0%,rgb(156,82,180) 47%,rgb(250,70,108) 100%) !important;}<\/style><div class=\"stk-column-wrapper stk-block-column__content stk-container stk-a49deaf-container stk--no-background stk--no-padding\"><div class=\"has-text-align-center stk-block-content stk-inner-blocks stk-a49deaf-inner-blocks\">\n<div class=\"wp-block-stackable-heading stk-block-heading stk-block-heading--v2 stk-block stk-5f04c6c\" id=\"presentacion\" data-block-id=\"5f04c6c\"><style>.stk-5f04c6c .stk-block-heading__text{font-size:26px !important;color:#fffffe !important;font-weight:700 !important;}@media screen and (max-width: 1023px){.stk-5f04c6c .stk-block-heading__text{font-size:26px !important;}}<\/style><h2 class=\"stk-block-heading__text has-text-color\">Presentaci\u00f3n<\/h2><\/div>\n<\/div><\/div><\/div>\n<\/div><\/div>\n\n\n\n<div class=\"wp-block-stackable-columns alignfull stk-block-columns stk-block stk-109a905\" data-block-id=\"109a905\"><style>.stk-109a905 {margin-bottom:35px !important;}<\/style><div class=\"stk-row stk-inner-blocks stk-block-content stk-content-align stk-109a905-column alignfull\">\n<div class=\"wp-block-stackable-column stk-block-column stk-column stk-block stk-c7429c6 stk-block-background\" data-v=\"4\" data-block-id=\"c7429c6\"><style>.stk-c7429c6-container{margin-top:0px !important;margin-right:0px !important;margin-bottom:0px !important;margin-left:0px !important;}.stk-c7429c6 {background-color:#f2f2f2 !important;}.stk-c7429c6:before{background-color:#f2f2f2 !important;}<\/style><div class=\"stk-column-wrapper stk-block-column__content stk-container stk-c7429c6-container stk--no-background stk--no-padding\"><div class=\"stk-block-content stk-inner-blocks stk-c7429c6-inner-blocks\">\n<div class=\"wp-block-stackable-text stk-block-text stk-block stk-56895e0\" data-block-id=\"56895e0\"><style>.stk-56895e0 {padding-top:35px !important;padding-right:75px !important;padding-bottom:35px !important;padding-left:75px !important;}@media screen and (max-width: 1023px){.stk-56895e0 {padding-top:5px !important;padding-right:20px !important;padding-bottom:5px !important;padding-left:20px !important;}}<\/style><p class=\"stk-block-text__text\">El Servicio de Prevenci\u00f3n de Riesgos Laborales tiene como objetivo la promoci\u00f3n de la seguridad y salud del personal de la Universidad de la Laguna aplicando medidas y desarrollando actividades para prevenir los riesgos derivados del trabajo. Estos peligros los elimina en su origen o los minimiza asesorando para ello al Rector o a la Rectora o persona en quien delegue, a los \u00f3rganos de gobierno, al personal y a sus representantes y a los \u00f3rganos de representaci\u00f3n especializados.<br><br>Proporciona asesoramiento, apoyo, y coordinaci\u00f3n para implantar un Sistema de Gesti\u00f3n de la prevenci\u00f3n que permita cumplir con la legislaci\u00f3n vigente en materia de prevenci\u00f3n. El servicio est\u00e1 comprometido con el objetivo de conseguir un entorno de trabajo seguro y saludable con el fin de generar la necesaria cultura de la prevenci\u00f3n en toda la comunidad universitaria.<br><br>Se busca con ello la sinergia y coordinaci\u00f3n necesarias entre los diferentes campos implicados en la consecuci\u00f3n de la protecci\u00f3n de la salud, la seguridad en el trabajo y la protecci\u00f3n del medio ambiente.\u00a0\u00a0\u00a0<\/p><\/div>\n<\/div><\/div><\/div>\n\n\n\n<div class=\"wp-block-stackable-column stk-block-column stk-column stk-block stk-db7e19b stk-block-background stk--has-background-overlay\" data-v=\"4\" data-block-id=\"db7e19b\"><style>.stk-db7e19b-container{margin-top:0px !important;margin-right:0px !important;margin-bottom:0px !important;margin-left:0px !important;}.stk-db7e19b-inner-blocks{row-gap:var(--stk--preset--spacing--none, 0px) !important;}.stk-db7e19b {background-image:url(https:\/\/www.ull.es\/servicios\/prevencion-riesgos-laborales\/wp-content\/uploads\/sites\/60\/2021\/12\/riesgos-ull.jpg) !important;}@media screen and (max-width: 767px){.stk-db7e19b {padding-top:75px !important;padding-bottom:75px !important;}}<\/style><div class=\"stk-column-wrapper stk-block-column__content stk-container stk-db7e19b-container stk--no-background stk--no-padding\"><div class=\"stk-block-content stk-inner-blocks stk-db7e19b-inner-blocks\"><\/div><\/div><\/div>\n<\/div><\/div>\n\n\n\n<div class=\"wp-block-stackable-columns alignfull stk-block-columns stk-block stk-ea86fd1\" data-block-id=\"ea86fd1\"><style>.stk-ea86fd1 .stk--block-align-ea86fd1{align-items:center !important;}.stk-ea86fd1 {margin-bottom:35px !important;}.stk-ea86fd1-column{justify-content:space-evenly !important;}@media screen and (max-width: 767px){.stk-ea86fd1 {padding-left:45px !important;}.stk-ea86fd1-column{justify-content:flex-start !important;}}<\/style><div class=\"stk-row stk-inner-blocks stk--block-align-ea86fd1 stk-block-content stk-content-align stk-ea86fd1-column stk--flex alignfull\">\n<div class=\"wp-block-stackable-column stk-block-column stk-column stk-block stk-398a638\" data-v=\"4\" data-block-id=\"398a638\"><div class=\"stk-column-wrapper stk-block-column__content stk-container stk-398a638-container stk--no-background stk--no-padding\"><div class=\"stk-block-content stk-inner-blocks stk-398a638-inner-blocks\">\n<div class=\"wp-block-stackable-heading stk-block-heading stk-block-heading--v2 stk-block stk-90fff5f\" id=\"areas-de-actuacion\" data-block-id=\"90fff5f\"><style>.stk-90fff5f .stk-block-heading__text{font-size:22px !important;}@media screen and (max-width: 1023px){.stk-90fff5f .stk-block-heading__text{font-size:22px !important;}}<\/style><h3 class=\"stk-block-heading__text\">\u00c1reas de actuaci\u00f3n:<\/h3><\/div>\n<\/div><\/div><\/div>\n\n\n\n<div class=\"wp-block-stackable-column stk-block-column stk-column stk-block stk-c6c758c\" data-v=\"4\" data-block-id=\"c6c758c\"><div class=\"stk-column-wrapper stk-block-column__content stk-container stk-c6c758c-container stk--no-background stk--no-padding\"><div class=\"stk-block-content stk-inner-blocks stk-c6c758c-inner-blocks\">\n<ul class=\"wp-block-list\">\n<li>Seguridad en el trabajo<\/li>\n\n\n\n<li>Higiene Industrial<\/li>\n\n\n\n<li>Ergonom\u00eda y Psicosociolog\u00eda Aplicada<\/li>\n\n\n\n<li>Vigilancia de la Salud<\/li>\n<\/ul>\n<\/div><\/div><\/div>\n<\/div><\/div>\n\n\n\n<div class=\"wp-block-stackable-columns alignfull stk-block-columns stk-block stk-524ad42\" data-block-id=\"524ad42\"><style>@media screen and (max-width: 1023px){.stk-524ad42 {margin-bottom:0px !important;}}<\/style><div class=\"stk-row stk-inner-blocks stk-block-content stk-content-align stk-524ad42-column alignfull\">\n<div class=\"wp-block-stackable-column stk-block-column stk-column stk-block stk-47e7182 stk-block-background stk--has-background-overlay\" data-v=\"4\" data-block-id=\"47e7182\"><style>.stk-47e7182 {background-color:linear-gradient(135deg,rgb(65,93,249) 0%,rgb(155,82,180) 48%,rgb(250,71,109) 100%) !important;}.stk-47e7182:before{background-image:linear-gradient(135deg,rgb(65,93,249) 0%,rgb(155,82,180) 48%,rgb(250,71,109) 100%) !important;}@media screen and (max-width: 767px){.stk-47e7182 {padding-top:30px !important;padding-right:30px !important;padding-bottom:30px !important;padding-left:30px !important;}}<\/style><div class=\"stk-column-wrapper stk-block-column__content stk-container stk-47e7182-container stk--no-background stk--no-padding\"><div class=\"stk-block-content stk-inner-blocks stk-47e7182-inner-blocks\">\n<div class=\"wp-block-stackable-button-group stk-block-button-group stk-block stk-e44b4c1\" data-block-id=\"e44b4c1\"><div class=\"stk-row stk-inner-blocks stk-block-content stk-button-group\">\n<div class=\"wp-block-stackable-button stk-block-button stk-block stk-7b3d293\" data-block-id=\"7b3d293\"><style>.stk-7b3d293 , .stk-7b3d293 .stk-button{width:100% !important;}.stk-7b3d293 {flex:1 0 var(--stk-button-group-flex-wrap, 0) !important;}.stk-7b3d293 .stk-button{background:#e1e1e1 !important;border-top-left-radius:5px !important;border-top-right-radius:5px !important;border-bottom-right-radius:5px !important;border-bottom-left-radius:5px !important;}.stk-7b3d293 .stk-button .stk--inner-svg svg:last-child, .stk-7b3d293 .stk-button .stk--inner-svg svg:last-child :is(g, path, rect, polygon, ellipse){fill:#5e5e5e !important;}.stk-7b3d293 .stk-button__inner-text{font-size:16px !important;color:#5e5e5e !important;font-weight:500 !important;}@media screen and (max-width: 1023px){.stk-7b3d293 .stk-button__inner-text{font-size:16px !important;}}<\/style><a class=\"stk-link stk-button stk--hover-effect-darken\" href=\"https:\/\/www.ull.es\/servicios\/prevencion-riesgos-laborales\/fr\/directorio\/search\/?busqueda=prevencion-de-riesgos-laborales\" target=\"_blank\" rel=\"noreferrer noopener\"><span class=\"has-text-color stk-button__inner-text\">Directorio del personal<\/span><span class=\"stk--svg-wrapper\"><div class=\"stk--inner-svg\"><svg xmlns=\"http:\/\/www.w3.org\/2000\/svg\" viewbox=\"0 0 512 512\" aria-hidden=\"true\" width=\"32\" height=\"32\"><path d=\"M470.6 278.6c12.5-12.5 12.5-32.8 0-45.3l-160-160c-12.5-12.5-32.8-12.5-45.3 0s-12.5 32.8 0 45.3L402.7 256 265.4 393.4c-12.5 12.5-12.5 32.8 0 45.3s32.8 12.5 45.3 0l160-160zm-352 160l160-160c12.5-12.5 12.5-32.8 0-45.3l-160-160c-12.5-12.5-32.8-12.5-45.3 0s-12.5 32.8 0 45.3L210.7 256 73.4 393.4c-12.5 12.5-12.5 32.8 0 45.3s32.8 12.5 45.3 0z\"\/><\/svg><\/div><\/span><\/a><\/div>\n<\/div><\/div>\n<\/div><\/div><\/div>\n<\/div><\/div>\n\n\n\n<p><\/p>","protected":false},"excerpt":{"rendered":"<p>Presentaci\u00f3n El Servicio de Prevenci\u00f3n de Riesgos Laborales tiene como objetivo la promoci\u00f3n de la seguridad y salud del personal de la Universidad de la Laguna aplicando medidas y desarrollando actividades para prevenir los riesgos derivados del trabajo. Estos peligros los elimina en su origen o los minimiza asesorando para ello al Rector o a&#8230;<\/p>","protected":false},"author":47,"featured_media":0,"parent":0,"menu_order":0,"comment_status":"closed","ping_status":"closed","template":"templates\/template-frontpage.php","meta":{"_acf_changed":false,"footnotes":""},"class_list":["post-65","page","type-page","status-publish","hentry"],"acf":[],"_links":{"self":[{"href":"https:\/\/www.ull.es\/servicios\/prevencion-riesgos-laborales\/fr\/wp-json\/wp\/v2\/pages\/65","targetHints":{"allow":["GET"]}}],"collection":[{"href":"https:\/\/www.ull.es\/servicios\/prevencion-riesgos-laborales\/fr\/wp-json\/wp\/v2\/pages"}],"about":[{"href":"https:\/\/www.ull.es\/servicios\/prevencion-riesgos-laborales\/fr\/wp-json\/wp\/v2\/types\/page"}],"author":[{"embeddable":true,"href":"https:\/\/www.ull.es\/servicios\/prevencion-riesgos-laborales\/fr\/wp-json\/wp\/v2\/users\/47"}],"replies":[{"embeddable":true,"href":"https:\/\/www.ull.es\/servicios\/prevencion-riesgos-laborales\/fr\/wp-json\/wp\/v2\/comments?post=65"}],"version-history":[{"count":51,"href":"https:\/\/www.ull.es\/servicios\/prevencion-riesgos-laborales\/fr\/wp-json\/wp\/v2\/pages\/65\/revisions"}],"predecessor-version":[{"id":625,"href":"https:\/\/www.ull.es\/servicios\/prevencion-riesgos-laborales\/fr\/wp-json\/wp\/v2\/pages\/65\/revisions\/625"}],"wp:attachment":[{"href":"https:\/\/www.ull.es\/servicios\/prevencion-riesgos-laborales\/fr\/wp-json\/wp\/v2\/media?parent=65"}],"curies":[{"name":"wp","href":"https:\/\/api.w.org\/{rel}","templated":true}]}}