{"id":113,"date":"2021-12-27T10:30:14","date_gmt":"2021-12-27T10:30:14","guid":{"rendered":"https:\/\/www.ull.es\/servicios\/prevencion-riesgos-laborales2\/?page_id=113"},"modified":"2026-03-02T07:58:37","modified_gmt":"2026-03-02T07:58:37","slug":"epis","status":"publish","type":"page","link":"https:\/\/www.ull.es\/servicios\/prevencion-riesgos-laborales\/epis\/","title":{"rendered":"EPIs"},"content":{"rendered":"\n<div class=\"wp-block-stackable-columns alignfull stk-block-columns stk-block stk-eaee94d\" data-block-id=\"eaee94d\"><style>.stk-eaee94d {margin-bottom:0px !important;}<\/style><div class=\"stk-row stk-inner-blocks stk-block-content stk-content-align stk-eaee94d-column alignfull\">\n<div class=\"wp-block-stackable-column stk-block-column stk-column stk-block stk-a49deaf stk-block-background stk--has-background-overlay\" data-v=\"4\" data-block-id=\"a49deaf\"><style>.stk-a49deaf {background-color:linear-gradient(135deg,rgb(65,94,249) 0%,rgb(156,82,180) 47%,rgb(250,70,108) 100%) !important;}.stk-a49deaf:before{background-image:linear-gradient(135deg,rgb(65,94,249) 0%,rgb(156,82,180) 47%,rgb(250,70,108) 100%) !important;}<\/style><div class=\"stk-column-wrapper stk-block-column__content stk-container stk-a49deaf-container stk--no-background stk--no-padding\"><div class=\"has-text-align-center stk-block-content stk-inner-blocks stk-a49deaf-inner-blocks\">\n<div class=\"wp-block-stackable-heading stk-block-heading stk-block-heading--v2 stk-block stk-667eecd animated fadeInDown\" id=\"ep-is\" data-block-id=\"667eecd\"><style>.stk-667eecd .stk-block-heading__text{color:#ffffff !important;}<\/style><h2 class=\"stk-block-heading__text has-text-color\">EPIs<\/h2><\/div>\n<\/div><\/div><\/div>\n<\/div><\/div>\n\n\n\n<div class=\"wp-block-stackable-columns alignfull stk-block-columns stk-block stk-109a905\" data-block-id=\"109a905\"><style>.stk-109a905 {margin-bottom:-80px !important;}@media screen and (max-width: 1023px){.stk-109a905 {margin-bottom:24px !important;}}@media screen and (max-width: 767px){.stk-109a905 {margin-bottom:-100px !important;}}<\/style><div class=\"stk-row stk-inner-blocks stk-block-content stk-content-align stk-109a905-column alignfull\">\n<div class=\"wp-block-stackable-column stk-block-column stk-column stk-block stk-c7429c6 stk-block-background\" data-v=\"4\" data-block-id=\"c7429c6\"><style>.stk-c7429c6-container{margin-top:0px !important;margin-right:0px !important;margin-bottom:0px !important;margin-left:0px !important;min-height:437px !important;}.stk-c7429c6-inner-blocks{row-gap:12px !important;}.stk-c7429c6 {background-color:#f2f2f2 !important;padding-top:48px !important;padding-right:97px !important;padding-bottom:48px !important;padding-left:97px !important;}.stk-c7429c6:before{background-color:#f2f2f2 !important;}@media screen and (max-width: 1023px){.stk-c7429c6 {padding-top:21px !important;padding-right:41px !important;padding-bottom:21px !important;padding-left:41px !important;}.stk-c7429c6-container{min-height:494px !important;}}@media screen and (max-width: 767px){.stk-c7429c6-container{min-height:300px !important;}}<\/style><div class=\"stk-column-wrapper stk-block-column__content stk-container stk-c7429c6-container stk--no-background stk--no-padding\"><div class=\"stk-block-content stk-inner-blocks stk-c7429c6-inner-blocks\">\n<div class=\"wp-block-stackable-text stk-block-text stk-block stk-56895e0\" data-block-id=\"56895e0\"><style>.stk-56895e0 {padding-top:0px !important;padding-right:0px !important;padding-bottom:0px !important;padding-left:0px !important;margin-bottom:0px !important;}<\/style><p class=\"stk-block-text__text\">Las situaciones de trabajo pueden conllevar riesgos, bien por el empleo de productos intr\u00ednsecamente peligrosos o bien por la imposibilidad material de aislar el peligro.<br><br>En estas circunstancias es necesario recurrir a medidas de protecci\u00f3n individual EPIs que minimicen el riesgo, incrementen la seguridad y protejan la salud de los trabajadores y trabajadoras.<br><br>S\u00f3lo deben ser utilizados, por tanto, cuando los riesgos no se puedan eliminar o controlar suficientemente por medios de protecci\u00f3n colectiva o con m\u00e9todos o procedimientos de trabajo adecuados y bien organizados.<br><br>La buena elecci\u00f3n del Equipo de Protecci\u00f3n Individual es fundamental para que \u00e9ste cumpla su funci\u00f3n protectora. Es necesario verificar las prestaciones m\u00ednimas de los EPIs, en funci\u00f3n del riesgo y del modo de trabajo.<\/p><\/div>\n<\/div><\/div><\/div>\n\n\n\n<div class=\"wp-block-stackable-column stk-block-column stk-column stk-block stk-db7e19b stk-block-background stk--has-background-overlay\" data-v=\"4\" data-block-id=\"db7e19b\"><style>.stk-db7e19b-container{margin-top:0px !important;margin-right:0px !important;margin-bottom:0px !important;margin-left:0px !important;}.stk-db7e19b-inner-blocks{row-gap:var(--stk--preset--spacing--none, 0px) !important;}.stk-db7e19b {background-image:url(https:\/\/www.ull.es\/servicios\/prevencion-riesgos-laborales\/wp-content\/uploads\/sites\/60\/2021\/12\/epis.jpg) !important;}@media screen and (max-width: 767px){.stk-db7e19b {padding-top:200px !important;padding-bottom:200px !important;}}<\/style><div class=\"stk-column-wrapper stk-block-column__content stk-container stk-db7e19b-container stk--no-background stk--no-padding\"><div class=\"stk-block-content stk-inner-blocks stk-db7e19b-inner-blocks\"><\/div><\/div><\/div>\n<\/div><\/div>\n","protected":false},"excerpt":{"rendered":"<p>EPIs Las situaciones de trabajo pueden conllevar riesgos, bien por el empleo de productos intr\u00ednsecamente peligrosos o bien por la imposibilidad material de aislar el peligro. En estas circunstancias es necesario recurrir a medidas de protecci\u00f3n individual EPIs que minimicen el riesgo, incrementen la seguridad y protejan la salud de los trabajadores y trabajadoras. S\u00f3lo&#8230;<\/p>\n","protected":false},"author":47,"featured_media":0,"parent":0,"menu_order":0,"comment_status":"closed","ping_status":"closed","template":"templates\/template-frontpage.php","meta":{"_acf_changed":false,"footnotes":""},"class_list":["post-113","page","type-page","status-publish","hentry"],"acf":[],"_links":{"self":[{"href":"https:\/\/www.ull.es\/servicios\/prevencion-riesgos-laborales\/wp-json\/wp\/v2\/pages\/113","targetHints":{"allow":["GET"]}}],"collection":[{"href":"https:\/\/www.ull.es\/servicios\/prevencion-riesgos-laborales\/wp-json\/wp\/v2\/pages"}],"about":[{"href":"https:\/\/www.ull.es\/servicios\/prevencion-riesgos-laborales\/wp-json\/wp\/v2\/types\/page"}],"author":[{"embeddable":true,"href":"https:\/\/www.ull.es\/servicios\/prevencion-riesgos-laborales\/wp-json\/wp\/v2\/users\/47"}],"replies":[{"embeddable":true,"href":"https:\/\/www.ull.es\/servicios\/prevencion-riesgos-laborales\/wp-json\/wp\/v2\/comments?post=113"}],"version-history":[{"count":10,"href":"https:\/\/www.ull.es\/servicios\/prevencion-riesgos-laborales\/wp-json\/wp\/v2\/pages\/113\/revisions"}],"predecessor-version":[{"id":957,"href":"https:\/\/www.ull.es\/servicios\/prevencion-riesgos-laborales\/wp-json\/wp\/v2\/pages\/113\/revisions\/957"}],"wp:attachment":[{"href":"https:\/\/www.ull.es\/servicios\/prevencion-riesgos-laborales\/wp-json\/wp\/v2\/media?parent=113"}],"curies":[{"name":"wp","href":"https:\/\/api.w.org\/{rel}","templated":true}]}}