{"id":119,"date":"2021-12-27T10:40:18","date_gmt":"2021-12-27T10:40:18","guid":{"rendered":"https:\/\/www.ull.es\/servicios\/prevencion-riesgos-laborales2\/?page_id=119"},"modified":"2026-03-02T08:00:27","modified_gmt":"2026-03-02T08:00:27","slug":"accidentes-laborales","status":"publish","type":"page","link":"https:\/\/www.ull.es\/servicios\/prevencion-riesgos-laborales\/accidentes-laborales\/","title":{"rendered":"Accidentes laborales"},"content":{"rendered":"\n<div class=\"wp-block-stackable-columns alignfull stk-block-columns stk-block stk-eaee94d\" data-block-id=\"eaee94d\"><style>.stk-eaee94d {margin-bottom:0px !important;}<\/style><div class=\"stk-row stk-inner-blocks stk-block-content stk-content-align stk-eaee94d-column alignfull\">\n<div class=\"wp-block-stackable-column stk-block-column stk-column stk-block stk-a49deaf stk-block-background stk--has-background-overlay\" data-v=\"4\" data-block-id=\"a49deaf\"><style>.stk-a49deaf {background-color:linear-gradient(135deg,rgb(65,94,249) 0%,rgb(156,82,180) 47%,rgb(250,70,108) 100%) !important;}.stk-a49deaf:before{background-image:linear-gradient(135deg,rgb(65,94,249) 0%,rgb(156,82,180) 47%,rgb(250,70,108) 100%) !important;}<\/style><div class=\"stk-column-wrapper stk-block-column__content stk-container stk-a49deaf-container stk--no-background stk--no-padding\"><div class=\"has-text-align-center stk-block-content stk-inner-blocks stk-a49deaf-inner-blocks\">\n<div class=\"wp-block-stackable-heading stk-block-heading stk-block-heading--v2 stk-block stk-667eecd animated fadeInDown\" id=\"accidentes-laborales\" data-block-id=\"667eecd\"><style>.stk-667eecd .stk-block-heading__text{color:#ffffff !important;}<\/style><h2 class=\"stk-block-heading__text has-text-color\">Accidentes laborales<\/h2><\/div>\n<\/div><\/div><\/div>\n<\/div><\/div>\n\n\n\n<div class=\"wp-block-stackable-columns alignfull stk-block-columns stk-block stk-109a905\" data-block-id=\"109a905\"><style>.stk-109a905 {margin-bottom:0px !important;}@media screen and (max-width: 1023px){.stk-109a905 {margin-bottom:0px !important;}}@media screen and (max-width: 767px){.stk-109a905 {margin-bottom:-100px !important;}}<\/style><div class=\"stk-row stk-inner-blocks stk-block-content stk-content-align stk-109a905-column alignfull\">\n<div class=\"wp-block-stackable-column stk-block-column stk-column stk-block stk-c7429c6 stk-block-background\" data-v=\"4\" data-block-id=\"c7429c6\"><style>.stk-c7429c6-container{margin-top:0px !important;margin-right:0px !important;margin-bottom:0px !important;margin-left:0px !important;min-height:437px !important;}.stk-c7429c6-inner-blocks{row-gap:12px !important;}.stk-c7429c6 {background-color:#f2f2f2 !important;padding-top:48px !important;padding-right:97px !important;padding-bottom:48px !important;padding-left:97px !important;}.stk-c7429c6:before{background-color:#f2f2f2 !important;}@media screen and (max-width: 1023px){.stk-c7429c6 {padding-top:21px !important;padding-right:41px !important;padding-bottom:21px !important;padding-left:41px !important;}.stk-c7429c6-container{min-height:494px !important;}}@media screen and (max-width: 767px){.stk-c7429c6-container{min-height:300px !important;}}<\/style><div class=\"stk-column-wrapper stk-block-column__content stk-container stk-c7429c6-container stk--no-background stk--no-padding\"><div class=\"stk-block-content stk-inner-blocks stk-c7429c6-inner-blocks\">\n<div class=\"wp-block-stackable-text stk-block-text stk-block stk-56895e0\" data-block-id=\"56895e0\"><style>.stk-56895e0 {padding-top:0px !important;padding-right:0px !important;padding-bottom:0px !important;padding-left:0px !important;margin-bottom:0px !important;}<\/style><p class=\"stk-block-text__text\">Accidente laboral es toda lesi\u00f3n corporal que el trabajador\/a sufra con ocasi\u00f3n o por consecuencia del trabajo que ejecute por cuenta ajena. (<a href=\"https:\/\/www.boe.es\/buscar\/act.php?id=BOE-A-2015-11724#a156\" target=\"_blank\" rel=\"noreferrer noopener\" target=\"_blank\" rel=\"noopener\">art 156 LGSS<\/a>)<br>Se presumir\u00e1, salvo prueba en contrario, que son constitutivas de accidente de trabajo las lesiones que sufra el trabajador durante el tiempo y en el lugar del trabajo.<br>Modelos y anexos:<\/p><\/div>\n\n\n\n<div class=\"wp-block-stackable-icon-list stk-block-icon-list stk-block stk-d9fdf46\" data-block-id=\"d9fdf46\"><style>.stk-d9fdf46 {--stk-icon-list-icon-size:5px !important;margin-left:15px !important;}.stk-d9fdf46 .stk-block-icon-list-item__content{align-items:baseline !important;}@media screen and (max-width: 1023px){.stk-d9fdf46 {margin-left:15px !important;}}<\/style><svg style=\"display:none\"><defs><g id=\"stk-icon-list__icon-svg-def-d9fdf46\"><svg xmlns=\"http:\/\/www.w3.org\/2000\/svg\" viewBox=\"0 0 512 512\"><path d=\"M256 512A256 256 0 1 0 256 0a256 256 0 1 0 0 512z\"\/><\/svg><\/g><\/defs><\/svg><ul class=\"stk-block-icon-list__ul stk-block-icon-list--column\">\n<li class=\"wp-block-stackable-icon-list-item stk-block-icon-list-item stk-block stk-60a03d8\" data-block-id=\"60a03d8\"><div class=\"stk-block-icon-list-item__content\"><span class=\"stk--svg-wrapper\"><div class=\"stk--inner-svg\"><svg aria-hidden=\"true\" width=\"32\" height=\"32\"><use xlink:href=\"#stk-icon-list__icon-svg-def-d9fdf46\"><\/use><\/svg><\/div><\/span><span class=\"stk-block-icon-list-item__text\"><a href=\"https:\/\/drive.google.com\/open?id=1sDQDHqwqMIOcC7zFcq1OuYkXGij9zVhV\" target=\"_blank\" rel=\"noreferrer noopener\" target=\"_blank\" rel=\"noopener\">Comunicaci\u00f3n de accidente en acto de servicio de funcionarios incluidos en MUFACE<\/a><\/span><\/div><\/li>\n\n\n\n<li class=\"wp-block-stackable-icon-list-item stk-block-icon-list-item stk-block stk-79c3ea5\" data-block-id=\"79c3ea5\"><div class=\"stk-block-icon-list-item__content\"><span class=\"stk--svg-wrapper\"><div class=\"stk--inner-svg\"><svg aria-hidden=\"true\" width=\"32\" height=\"32\"><use xlink:href=\"#stk-icon-list__icon-svg-def-d9fdf46\"><\/use><\/svg><\/div><\/span><span class=\"stk-block-icon-list-item__text\"><a href=\"https:\/\/drive.google.com\/open?id=1Ve1_mDxr7cCtHfGut74tu56oGzANQAoW\" target=\"_blank\" rel=\"noreferrer noopener\" target=\"_blank\" rel=\"noopener\">Declaraci\u00f3n jurada de accidente laboral<\/a><\/span><\/div><\/li>\n\n\n\n<li class=\"wp-block-stackable-icon-list-item stk-block-icon-list-item stk-block stk-1c35eed\" data-block-id=\"1c35eed\"><div class=\"stk-block-icon-list-item__content\"><span class=\"stk--svg-wrapper\"><div class=\"stk--inner-svg\"><svg aria-hidden=\"true\" width=\"32\" height=\"32\"><use xlink:href=\"#stk-icon-list__icon-svg-def-d9fdf46\"><\/use><\/svg><\/div><\/span><span class=\"stk-block-icon-list-item__text\"><a href=\"https:\/\/drive.google.com\/file\/d\/1NCDyIuk4FP15zFa1NQtQ_6tG7guDGZYK\/view\" target=\"_blank\" rel=\"noreferrer noopener\" target=\"_blank\" rel=\"noopener\">Actuaciones a realizar en caso de tener un accidente de trabajo<\/a><\/span><\/div><\/li>\n\n\n\n<li class=\"wp-block-stackable-icon-list-item stk-block-icon-list-item stk-block stk-9d9a11d\" data-block-id=\"9d9a11d\"><div class=\"stk-block-icon-list-item__content\"><span class=\"stk--svg-wrapper\"><div class=\"stk--inner-svg\"><svg aria-hidden=\"true\" width=\"32\" height=\"32\"><use xlink:href=\"#stk-icon-list__icon-svg-def-d9fdf46\"><\/use><\/svg><\/div><\/span><span class=\"stk-block-icon-list-item__text\"><a href=\"https:\/\/drive.google.com\/file\/d\/1YRUiTLrVsifg-wMpwJo8xos6Mb3pdD3M\/view?usp=sharing\" target=\"_blank\" rel=\"noreferrer noopener\" target=\"_blank\" rel=\"noopener\">\u00bfC\u00f3mo proceder si considera que ha tenido un accidente laboral y la Mutua no lo reconoce?<\/a><\/span><\/div><\/li>\n\n\n\n<li class=\"wp-block-stackable-icon-list-item stk-block-icon-list-item stk-block stk-c0b5218\" data-block-id=\"c0b5218\"><div class=\"stk-block-icon-list-item__content\"><span class=\"stk--svg-wrapper\"><div class=\"stk--inner-svg\"><svg aria-hidden=\"true\" width=\"32\" height=\"32\"><use xlink:href=\"#stk-icon-list__icon-svg-def-d9fdf46\"><\/use><\/svg><\/div><\/span><span class=\"stk-block-icon-list-item__text\"><a href=\"https:\/\/tramites.seg-social.es\/acceso\/determinacion-contingencias.html\" target=\"_blank\" rel=\"noreferrer noopener\" target=\"_blank\" rel=\"noopener\">Determinaci\u00f3n de contingencias<\/a>&nbsp;(si no est\u00e1s de acuerdo con la calificaci\u00f3n de la contingencia causante de tu incapacidad temporal puedes solicitar su determinaci\u00f3n, a partir de la fecha de emisi\u00f3n del parte de baja m\u00e9dica).<\/span><\/div><\/li>\n<\/ul><\/div>\n<\/div><\/div><\/div>\n\n\n\n<div class=\"wp-block-stackable-column stk-block-column stk-column stk-block stk-db7e19b stk-block-background stk--has-background-overlay\" data-v=\"4\" data-block-id=\"db7e19b\"><style>.stk-db7e19b-container{margin-top:0px !important;margin-right:0px !important;margin-bottom:0px !important;margin-left:0px !important;}.stk-db7e19b-inner-blocks{row-gap:var(--stk--preset--spacing--none, 0px) !important;}.stk-db7e19b {background-image:url(https:\/\/www.ull.es\/servicios\/prevencion-riesgos-laborales\/wp-content\/uploads\/sites\/60\/2021\/12\/accidente-1.jpg) !important;padding-top:0px !important;padding-right:0px !important;padding-bottom:0px !important;padding-left:0px !important;}@media screen and (max-width: 1023px){.stk-db7e19b {padding-top:0px !important;padding-right:0px !important;padding-bottom:0px !important;padding-left:0px !important;}}@media screen and (max-width: 767px){.stk-db7e19b-container{min-height:500px !important;}}<\/style><div class=\"stk-column-wrapper stk-block-column__content stk-container stk-db7e19b-container stk--no-background stk--no-padding\"><div class=\"stk-block-content stk-inner-blocks stk-db7e19b-inner-blocks\"><\/div><\/div><\/div>\n<\/div><\/div>\n\n\n\n<div class=\"wp-block-stackable-columns alignfull stk-block-columns stk-block stk-a88d64c\" data-block-id=\"a88d64c\"><style>.stk-a88d64c {margin-bottom:0px !important;}@media screen and (max-width: 1023px){.stk-a88d64c {margin-bottom:0px !important;}}@media screen and (max-width: 767px){.stk-a88d64c {margin-bottom:-100px !important;}}<\/style><div class=\"stk-row stk-inner-blocks stk-block-content stk-content-align stk-a88d64c-column alignfull\">\n<div class=\"wp-block-stackable-column stk-block-column stk-column stk-block stk-3038dd3 stk-block-background stk--has-background-overlay\" data-v=\"4\" data-block-id=\"3038dd3\"><style>.stk-3038dd3-container{margin-top:0px !important;margin-right:0px !important;margin-bottom:0px !important;margin-left:0px !important;}.stk-3038dd3-inner-blocks{row-gap:var(--stk--preset--spacing--none, 0px) !important;}.stk-3038dd3 {background-image:url(https:\/\/www.ull.es\/servicios\/prevencion-riesgos-laborales\/wp-content\/uploads\/sites\/60\/2021\/12\/accidente-3.jpg) !important;padding-top:0px !important;padding-right:0px !important;padding-bottom:0px !important;padding-left:0px !important;}@media screen and (max-width: 1023px){.stk-3038dd3 {padding-top:0px !important;padding-right:0px !important;padding-bottom:0px !important;padding-left:0px !important;}}@media screen and (max-width: 767px){.stk-3038dd3 {margin-top:100px !important;}.stk-3038dd3-container{min-height:500px !important;}}<\/style><div class=\"stk-column-wrapper stk-block-column__content stk-container stk-3038dd3-container stk--no-background stk--no-padding\"><div class=\"stk-block-content stk-inner-blocks stk-3038dd3-inner-blocks\"><\/div><\/div><\/div>\n\n\n\n<div class=\"wp-block-stackable-column stk-block-column stk-column stk-block stk-e2bb1ae stk-block-background\" data-v=\"4\" data-block-id=\"e2bb1ae\"><style>.stk-e2bb1ae-container{margin-top:0px !important;margin-right:0px !important;margin-bottom:0px !important;margin-left:0px !important;min-height:437px !important;}.stk-e2bb1ae-inner-blocks{row-gap:12px !important;}.stk-e2bb1ae {background-color:#f2f2f2 !important;padding-top:48px !important;padding-right:97px !important;padding-bottom:48px !important;padding-left:97px !important;}.stk-e2bb1ae:before{background-color:#f2f2f2 !important;}@media screen and (max-width: 1023px){.stk-e2bb1ae {padding-top:21px !important;padding-right:41px !important;padding-bottom:21px !important;padding-left:41px !important;}.stk-e2bb1ae-container{min-height:494px !important;}}@media screen and (max-width: 767px){.stk-e2bb1ae-container{min-height:300px !important;}}<\/style><div class=\"stk-column-wrapper stk-block-column__content stk-container stk-e2bb1ae-container stk--no-background stk--no-padding\"><div class=\"stk-block-content stk-inner-blocks stk-e2bb1ae-inner-blocks\">\n<div class=\"wp-block-stackable-text stk-block-text stk-block stk-8330008\" data-block-id=\"8330008\"><style>.stk-8330008 {padding-top:0px !important;padding-right:0px !important;padding-bottom:0px !important;padding-left:0px !important;margin-bottom:0px !important;}<\/style><p class=\"stk-block-text__text\">No obstante lo establecido en los apartados anteriores,&nbsp;<strong>no tendr\u00e1n la consideraci\u00f3n de accidente de trabajo:<\/strong><\/p><\/div>\n\n\n\n<div class=\"wp-block-stackable-icon-list stk-block-icon-list stk-block stk-faed43a\" data-block-id=\"faed43a\"><style>.stk-faed43a {--stk-icon-list-icon-size:5px !important;margin-left:15px !important;}.stk-faed43a .stk-block-icon-list-item__content{align-items:baseline !important;}@media screen and (max-width: 1023px){.stk-faed43a {margin-left:15px !important;}}<\/style><svg style=\"display:none\"><defs><g id=\"stk-icon-list__icon-svg-def-faed43a\"><svg xmlns=\"http:\/\/www.w3.org\/2000\/svg\" viewBox=\"0 0 512 512\"><path d=\"M256 512A256 256 0 1 0 256 0a256 256 0 1 0 0 512z\"\/><\/svg><\/g><\/defs><\/svg><ul class=\"stk-block-icon-list__ul stk-block-icon-list--column\">\n<li class=\"wp-block-stackable-icon-list-item stk-block-icon-list-item stk-block stk-0942bdc\" data-block-id=\"0942bdc\"><div class=\"stk-block-icon-list-item__content\"><span class=\"stk--svg-wrapper\"><div class=\"stk--inner-svg\"><svg aria-hidden=\"true\" width=\"32\" height=\"32\"><use xlink:href=\"#stk-icon-list__icon-svg-def-faed43a\"><\/use><\/svg><\/div><\/span><span class=\"stk-block-icon-list-item__text\">Los que sean debidos a fuerza mayor extra\u00f1a al trabajo, entendi\u00e9ndose por esta la que sea de tal naturaleza que no guarde relaci\u00f3n alguna con el trabajo que se ejecutaba al ocurrir el accidente.<\/span><\/div><\/li>\n\n\n\n<li class=\"wp-block-stackable-icon-list-item stk-block-icon-list-item stk-block stk-5cf2ac8\" data-block-id=\"5cf2ac8\"><div class=\"stk-block-icon-list-item__content\"><span class=\"stk--svg-wrapper\"><div class=\"stk--inner-svg\"><svg aria-hidden=\"true\" width=\"32\" height=\"32\"><use xlink:href=\"#stk-icon-list__icon-svg-def-faed43a\"><\/use><\/svg><\/div><\/span><span class=\"stk-block-icon-list-item__text\">Los que sean debidos a dolo o a imprudencia temeraria del trabajador accidentado.<\/span><\/div><\/li>\n\n\n\n<li class=\"wp-block-stackable-icon-list-item stk-block-icon-list-item stk-block stk-436d6a2\" data-block-id=\"436d6a2\"><div class=\"stk-block-icon-list-item__content\"><span class=\"stk--svg-wrapper\"><div class=\"stk--inner-svg\"><svg aria-hidden=\"true\" width=\"32\" height=\"32\"><use xlink:href=\"#stk-icon-list__icon-svg-def-faed43a\"><\/use><\/svg><\/div><\/span><span class=\"stk-block-icon-list-item__text\">La imprudencia profesional que sea consecuencia del ejercicio habitual de un trabajo y se derive de la confianza que este inspira.<\/span><\/div><\/li>\n\n\n\n<li class=\"wp-block-stackable-icon-list-item stk-block-icon-list-item stk-block stk-b269969\" data-block-id=\"b269969\"><div class=\"stk-block-icon-list-item__content\"><span class=\"stk--svg-wrapper\"><div class=\"stk--inner-svg\"><svg aria-hidden=\"true\" width=\"32\" height=\"32\"><use xlink:href=\"#stk-icon-list__icon-svg-def-faed43a\"><\/use><\/svg><\/div><\/span><span class=\"stk-block-icon-list-item__text\">La concurrencia de culpabilidad civil o criminal del empresario, de un compa\u00f1ero de trabajo del accidentado o de un tercero, salvo que no guarde relaci\u00f3n alguna con el trabajo.<\/span><\/div><\/li>\n<\/ul><\/div>\n<\/div><\/div><\/div>\n<\/div><\/div>\n\n\n\n<div class=\"wp-block-stackable-columns alignfull stk-block-columns stk-block stk-bf0fca0\" data-block-id=\"bf0fca0\"><style>.stk-bf0fca0 {margin-bottom:-80px !important;}@media screen and (max-width: 767px){.stk-bf0fca0 {margin-bottom:-100px !important;}}<\/style><div class=\"stk-row stk-inner-blocks stk-block-content stk-content-align stk-bf0fca0-column alignfull\">\n<div class=\"wp-block-stackable-column stk-block-column stk-column stk-block stk-87a05f3 stk-block-background\" data-v=\"4\" data-block-id=\"87a05f3\"><style>.stk-87a05f3-container{margin-top:0px !important;margin-right:0px !important;margin-bottom:0px !important;margin-left:0px !important;min-height:437px !important;}.stk-87a05f3-inner-blocks{row-gap:12px !important;}.stk-87a05f3 {background-color:#e5e5e5 !important;padding-top:48px !important;padding-right:97px !important;padding-bottom:48px !important;padding-left:97px !important;}.stk-87a05f3:before{background-color:#e5e5e5 !important;}@media screen and (max-width: 1023px){.stk-87a05f3 {padding-top:21px !important;padding-right:41px !important;padding-bottom:21px !important;padding-left:41px !important;}.stk-87a05f3-container{min-height:494px !important;}}@media screen and (max-width: 767px){.stk-87a05f3-container{min-height:300px !important;}}<\/style><div class=\"stk-column-wrapper stk-block-column__content stk-container stk-87a05f3-container stk--no-background stk--no-padding\"><div class=\"stk-block-content stk-inner-blocks stk-87a05f3-inner-blocks\">\n<div class=\"wp-block-stackable-text stk-block-text stk-block stk-78f1164\" data-block-id=\"78f1164\"><style>.stk-78f1164 {padding-top:0px !important;padding-right:0px !important;padding-bottom:0px !important;padding-left:0px !important;margin-bottom:0px !important;}<\/style><p class=\"stk-block-text__text\"><strong>Trabajadores que se desplazan a otros pa\u00edses de la UE<\/strong><br><br>Si los empleados trabajan en otros pa\u00edses dentro de la Uni\u00f3n Europea este desplazamiento est\u00e1 regulado por la&nbsp;<a href=\"https:\/\/www.mites.gob.es\/es\/sec_trabajo\/debes_saber\/desplazamiento-trabajadores\/desplazamiento\/index.htm\" target=\"_blank\" rel=\"noreferrer noopener\" target=\"_blank\" rel=\"noopener\">Directiva 96\/71 de 16 de diciembre<\/a>.<br><br>Las empresas deber\u00e1n garantizar que las condiciones de trabajo sean las establecidas por la normativa del pa\u00eds miembro.<br><br><strong>Trabajadores que se instalan en pa\u00edses fuera de la UE<\/strong><br><br>En este caso, no hay una legislaci\u00f3n que espec\u00edficamente regule la PRL de los trabajadores desplazados al extranjero. Sin embargo, \u00e9stos han sido contratados en Espa\u00f1a, la empresa deber\u00e1 aplicar ley de prevenci\u00f3n de riesgos laborales espa\u00f1ola en los pa\u00edses de destino. A ello se a\u00f1ade, adem\u00e1s, la necesidad de cumplir con las propias leyes nacionales de aquellos pa\u00edses.<\/p><\/div>\n<\/div><\/div><\/div>\n\n\n\n<div class=\"wp-block-stackable-column stk-block-column stk-column stk-block stk-1f9064f stk-block-background stk--has-background-overlay\" data-v=\"4\" data-block-id=\"1f9064f\"><style>.stk-1f9064f-container{margin-top:0px !important;margin-right:0px !important;margin-bottom:0px !important;margin-left:0px !important;}.stk-1f9064f-inner-blocks{row-gap:var(--stk--preset--spacing--none, 0px) !important;}.stk-1f9064f {background-image:url(https:\/\/www.ull.es\/servicios\/prevencion-riesgos-laborales\/wp-content\/uploads\/sites\/60\/2021\/12\/accidente-4.jpg) !important;padding-top:0px !important;padding-right:0px !important;padding-bottom:0px !important;padding-left:0px !important;}@media screen and (max-width: 1023px){.stk-1f9064f {padding-top:0px !important;padding-right:0px !important;padding-bottom:0px !important;padding-left:0px !important;}}@media screen and (max-width: 767px){.stk-1f9064f-container{min-height:500px !important;}}<\/style><div class=\"stk-column-wrapper stk-block-column__content stk-container stk-1f9064f-container stk--no-background stk--no-padding\"><div class=\"stk-block-content stk-inner-blocks stk-1f9064f-inner-blocks\"><\/div><\/div><\/div>\n<\/div><\/div>\n","protected":false},"excerpt":{"rendered":"<p>Accidentes laborales Accidente laboral es toda lesi\u00f3n corporal que el trabajador\/a sufra con ocasi\u00f3n o por consecuencia del trabajo que ejecute por cuenta ajena. (art 156 LGSS)Se presumir\u00e1, salvo prueba en contrario, que son constitutivas de accidente de trabajo las lesiones que sufra el trabajador durante el tiempo y en el lugar del trabajo.Modelos y&#8230;<\/p>\n","protected":false},"author":47,"featured_media":0,"parent":0,"menu_order":0,"comment_status":"closed","ping_status":"closed","template":"templates\/template-frontpage.php","meta":{"_acf_changed":false,"footnotes":""},"class_list":["post-119","page","type-page","status-publish","hentry"],"acf":[],"_links":{"self":[{"href":"https:\/\/www.ull.es\/servicios\/prevencion-riesgos-laborales\/wp-json\/wp\/v2\/pages\/119","targetHints":{"allow":["GET"]}}],"collection":[{"href":"https:\/\/www.ull.es\/servicios\/prevencion-riesgos-laborales\/wp-json\/wp\/v2\/pages"}],"about":[{"href":"https:\/\/www.ull.es\/servicios\/prevencion-riesgos-laborales\/wp-json\/wp\/v2\/types\/page"}],"author":[{"embeddable":true,"href":"https:\/\/www.ull.es\/servicios\/prevencion-riesgos-laborales\/wp-json\/wp\/v2\/users\/47"}],"replies":[{"embeddable":true,"href":"https:\/\/www.ull.es\/servicios\/prevencion-riesgos-laborales\/wp-json\/wp\/v2\/comments?post=119"}],"version-history":[{"count":29,"href":"https:\/\/www.ull.es\/servicios\/prevencion-riesgos-laborales\/wp-json\/wp\/v2\/pages\/119\/revisions"}],"predecessor-version":[{"id":958,"href":"https:\/\/www.ull.es\/servicios\/prevencion-riesgos-laborales\/wp-json\/wp\/v2\/pages\/119\/revisions\/958"}],"wp:attachment":[{"href":"https:\/\/www.ull.es\/servicios\/prevencion-riesgos-laborales\/wp-json\/wp\/v2\/media?parent=119"}],"curies":[{"name":"wp","href":"https:\/\/api.w.org\/{rel}","templated":true}]}}