{"id":148,"date":"2021-12-27T12:07:53","date_gmt":"2021-12-27T12:07:53","guid":{"rendered":"https:\/\/www.ull.es\/servicios\/prevencion-riesgos-laborales2\/?page_id=148"},"modified":"2026-02-27T13:01:20","modified_gmt":"2026-02-27T13:01:20","slug":"covid19","status":"publish","type":"page","link":"https:\/\/www.ull.es\/servicios\/prevencion-riesgos-laborales\/covid19\/","title":{"rendered":"COVID19"},"content":{"rendered":"\n<div class=\"wp-block-stackable-columns alignfull stk-block-columns stk-block stk-eaee94d\" data-block-id=\"eaee94d\"><style>.stk-eaee94d {margin-bottom:0px !important;}<\/style><div class=\"stk-row stk-inner-blocks stk-block-content stk-content-align stk-eaee94d-column alignfull\">\n<div class=\"wp-block-stackable-column stk-block-column stk-column stk-block stk-a49deaf stk-block-background stk--has-background-overlay\" data-v=\"4\" data-block-id=\"a49deaf\"><style>.stk-a49deaf {background-color:linear-gradient(135deg,rgb(65,94,249) 0%,rgb(156,82,180) 47%,rgb(250,70,108) 100%) !important;}.stk-a49deaf:before{background-image:linear-gradient(135deg,rgb(65,94,249) 0%,rgb(156,82,180) 47%,rgb(250,70,108) 100%) !important;}<\/style><div class=\"stk-column-wrapper stk-block-column__content stk-container stk-a49deaf-container stk--no-background stk--no-padding\"><div class=\"has-text-align-center stk-block-content stk-inner-blocks stk-a49deaf-inner-blocks\">\n<div class=\"wp-block-stackable-heading stk-block-heading stk-block-heading--v2 stk-block stk-667eecd animated fadeInDown\" id=\"covid-19\" data-block-id=\"667eecd\"><style>.stk-667eecd .stk-block-heading__text{color:#ffffff !important;}<\/style><h2 class=\"stk-block-heading__text has-text-color\">COVID 19<\/h2><\/div>\n<\/div><\/div><\/div>\n<\/div><\/div>\n\n\n\n<div class=\"wp-block-stackable-columns alignfull stk-block-columns stk-block stk-109a905\" data-block-id=\"109a905\"><style>.stk-109a905 {margin-bottom:-95px !important;}@media screen and (max-width: 1023px){.stk-109a905 {margin-bottom:-80px !important;}}@media screen and (max-width: 767px){.stk-109a905 {margin-bottom:-115px !important;}}<\/style><div class=\"stk-row stk-inner-blocks stk-block-content stk-content-align stk-109a905-column alignfull\">\n<div class=\"wp-block-stackable-column stk-block-column stk-column stk-block stk-c7429c6 stk-block-background\" data-v=\"4\" data-block-id=\"c7429c6\"><style>.stk-c7429c6-container{margin-top:0px !important;margin-right:0px !important;margin-bottom:0px !important;margin-left:0px !important;min-height:437px !important;}.stk-c7429c6-inner-blocks{row-gap:12px !important;}.stk-c7429c6 {background-color:#f2f2f2 !important;padding-top:48px !important;padding-right:97px !important;padding-bottom:48px !important;padding-left:97px !important;}.stk-c7429c6:before{background-color:#f2f2f2 !important;}@media screen and (max-width: 1023px){.stk-c7429c6 {padding-top:21px !important;padding-right:41px !important;padding-bottom:21px !important;padding-left:41px !important;}.stk-c7429c6-container{min-height:494px !important;}}@media screen and (max-width: 767px){.stk-c7429c6-container{min-height:0px !important;}}<\/style><div class=\"stk-column-wrapper stk-block-column__content stk-container stk-c7429c6-container stk--no-background stk--no-padding\"><div class=\"stk-block-content stk-inner-blocks stk-c7429c6-inner-blocks\">\n<div class=\"wp-block-stackable-text stk-block-text stk-block stk-11421aa\" data-block-id=\"11421aa\"><style>.stk-11421aa {padding-top:0px !important;padding-right:0px !important;padding-bottom:0px !important;padding-left:0px !important;margin-bottom:0px !important;}<\/style><p class=\"stk-block-text__text\">El Ministerio de Sanidad y las Comunidades Aut\u00f3nomas acuerdan y mantienen en revisi\u00f3n permanente,\u00a0en funci\u00f3n de la evoluci\u00f3n y nueva informaci\u00f3n de que se dispone de la infecci\u00f3n por el nuevo\u00a0coronavirus SARS-CoV-2, la estrategia de detecci\u00f3n precoz, vigilancia y control de COVID-19, cuyo\u00a0principal objetivo sigue siendo el control de la transmisi\u00f3n de SARS-CoV-2, incorporando todas las\u00a0condiciones actuales y los distintos escenarios en los que nos podemos encontrar.<br><br><strong>Nueva estrategia de vigilancia y control frente al COVID-19<\/strong><\/p><\/div>\n\n\n\n<div class=\"wp-block-stackable-icon-list stk-block-icon-list stk-block stk-91e577c\" data-block-id=\"91e577c\"><style>.stk-91e577c {--stk-icon-list-icon-size:5px !important;margin-bottom:12px !important;margin-left:15px !important;}.stk-91e577c .stk-block-icon-list-item__content{align-items:center !important;}@media screen and (max-width: 1023px){.stk-91e577c {margin-left:15px !important;}}<\/style><svg style=\"display:none\"><defs><g id=\"stk-icon-list__icon-svg-def-91e577c\"><svg xmlns=\"http:\/\/www.w3.org\/2000\/svg\" viewBox=\"0 0 512 512\"><path d=\"M256 512A256 256 0 1 0 256 0a256 256 0 1 0 0 512z\"\/><\/svg><\/g><\/defs><\/svg><ul class=\"stk-block-icon-list__ul stk-block-icon-list--column\">\n<li class=\"wp-block-stackable-icon-list-item stk-block-icon-list-item stk-block stk-17587c9\" data-block-id=\"17587c9\"><div class=\"stk-block-icon-list-item__content\"><span class=\"stk--svg-wrapper\"><div class=\"stk--inner-svg\"><svg aria-hidden=\"true\" width=\"32\" height=\"32\"><use xlink:href=\"#stk-icon-list__icon-svg-def-91e577c\"><\/use><\/svg><\/div><\/span><span class=\"stk-block-icon-list-item__text\"><a href=\"https:\/\/drive.google.com\/file\/d\/1oiRAmZybuQBa0dGSwoXEkABkJMs7RHio\/view?usp=sharing\" target=\"_blank\" rel=\"noreferrer noopener\" target=\"_blank\" rel=\"noopener\">Programa de gesti\u00f3n de residuos<\/a><\/span><\/div><\/li>\n<\/ul><\/div>\n\n\n\n<div class=\"wp-block-stackable-text stk-block-text stk-block stk-f46556a\" data-block-id=\"f46556a\"><style>.stk-f46556a {padding-top:0px !important;padding-right:0px !important;padding-bottom:0px !important;padding-left:0px !important;margin-bottom:0px !important;}<\/style><p class=\"stk-block-text__text\"><strong>Soy positivo en prueba de laboratorio:<\/strong><\/p><\/div>\n\n\n\n<div class=\"wp-block-stackable-icon-list stk-block-icon-list stk-block stk-083ee0e\" data-block-id=\"083ee0e\"><style>.stk-083ee0e {--stk-icon-list-icon-size:5px !important;margin-bottom:12px !important;margin-left:15px !important;}.stk-083ee0e .stk-block-icon-list-item__content{align-items:center !important;}@media screen and (max-width: 1023px){.stk-083ee0e {margin-left:15px !important;}}<\/style><svg style=\"display:none\"><defs><g id=\"stk-icon-list__icon-svg-def-083ee0e\"><svg xmlns=\"http:\/\/www.w3.org\/2000\/svg\" viewBox=\"0 0 512 512\"><path d=\"M256 512A256 256 0 1 0 256 0a256 256 0 1 0 0 512z\"\/><\/svg><\/g><\/defs><\/svg><ul class=\"stk-block-icon-list__ul stk-block-icon-list--column\">\n<li class=\"wp-block-stackable-icon-list-item stk-block-icon-list-item stk-block stk-8257ef3\" data-block-id=\"8257ef3\"><div class=\"stk-block-icon-list-item__content\"><span class=\"stk--svg-wrapper\"><div class=\"stk--inner-svg\"><svg aria-hidden=\"true\" width=\"32\" height=\"32\"><use xlink:href=\"#stk-icon-list__icon-svg-def-91e577c\"><\/use><\/svg><\/div><\/span><span class=\"stk-block-icon-list-item__text\"><a href=\"https:\/\/drive.google.com\/file\/d\/1cQT7T0MUCrFrNBKXGM_qTaMPyCsIFppJ\/view?usp=sharing\" target=\"_blank\" rel=\"noreferrer noopener\" target=\"_blank\" rel=\"noopener\">Recomendaciones que debes seguir si has resultado positivo en tu puesto para el coronavirus<\/a><\/span><\/div><\/li>\n<\/ul><\/div>\n\n\n\n<div class=\"wp-block-stackable-text stk-block-text stk-block stk-f827483\" data-block-id=\"f827483\"><style>.stk-f827483 {padding-top:0px !important;padding-right:0px !important;padding-bottom:0px !important;padding-left:0px !important;margin-bottom:0px !important;}<\/style><p class=\"stk-block-text__text\"><strong>Soy contacto estrecho:<\/strong><\/p><\/div>\n\n\n\n<div class=\"wp-block-stackable-icon-list stk-block-icon-list stk-block stk-f1d14a3\" data-block-id=\"f1d14a3\"><style>.stk-f1d14a3 {--stk-icon-list-icon-size:5px !important;margin-bottom:12px !important;margin-left:15px !important;}.stk-f1d14a3 .stk-block-icon-list-item__content{align-items:center !important;}@media screen and (max-width: 1023px){.stk-f1d14a3 {margin-left:15px !important;}}<\/style><svg style=\"display:none\"><defs><g id=\"stk-icon-list__icon-svg-def-f1d14a3\"><svg xmlns=\"http:\/\/www.w3.org\/2000\/svg\" viewBox=\"0 0 512 512\"><path d=\"M256 512A256 256 0 1 0 256 0a256 256 0 1 0 0 512z\"\/><\/svg><\/g><\/defs><\/svg><ul class=\"stk-block-icon-list__ul stk-block-icon-list--column\">\n<li class=\"wp-block-stackable-icon-list-item stk-block-icon-list-item stk-block stk-8eab363\" data-block-id=\"8eab363\"><div class=\"stk-block-icon-list-item__content\"><span class=\"stk--svg-wrapper\"><div class=\"stk--inner-svg\"><svg aria-hidden=\"true\" width=\"32\" height=\"32\"><use xlink:href=\"#stk-icon-list__icon-svg-def-f1d14a3\"><\/use><\/svg><\/div><\/span><span class=\"stk-block-icon-list-item__text\"><a href=\"https:\/\/drive.google.com\/file\/d\/16ama7IlEDQ2GSSkZFe0plI59oH5zBOot\/view?usp=sharing\" target=\"_blank\" rel=\"noreferrer noopener\" target=\"_blank\" rel=\"noopener\">Recomendaciones que debes seguir si eres contacto estrecho de una persona diagnosticada de COVID-19<\/a><\/span><\/div><\/li>\n<\/ul><\/div>\n\n\n\n<div class=\"wp-block-stackable-text stk-block-text stk-block stk-b8239c7\" data-block-id=\"b8239c7\"><style>.stk-b8239c7 {padding-top:0px !important;padding-right:0px !important;padding-bottom:0px !important;padding-left:0px !important;margin-bottom:0px !important;}<\/style><p class=\"stk-block-text__text\"><strong><strong>Presenta s\u00edntomas y la prueba es negativa:<\/strong><\/strong><\/p><\/div>\n\n\n\n<div class=\"wp-block-stackable-icon-list stk-block-icon-list stk-block stk-a07459b\" data-block-id=\"a07459b\"><style>.stk-a07459b {--stk-icon-list-icon-size:5px !important;margin-bottom:12px !important;margin-left:15px !important;}.stk-a07459b .stk-block-icon-list-item__content{align-items:center !important;}@media screen and (max-width: 1023px){.stk-a07459b {margin-left:15px !important;}}<\/style><svg style=\"display:none\"><defs><g id=\"stk-icon-list__icon-svg-def-a07459b\"><svg xmlns=\"http:\/\/www.w3.org\/2000\/svg\" viewBox=\"0 0 512 512\"><path d=\"M256 512A256 256 0 1 0 256 0a256 256 0 1 0 0 512z\"\/><\/svg><\/g><\/defs><\/svg><ul class=\"stk-block-icon-list__ul stk-block-icon-list--column\">\n<li class=\"wp-block-stackable-icon-list-item stk-block-icon-list-item stk-block stk-8fd8dd5\" data-block-id=\"8fd8dd5\"><div class=\"stk-block-icon-list-item__content\"><span class=\"stk--svg-wrapper\"><div class=\"stk--inner-svg\"><svg aria-hidden=\"true\" width=\"32\" height=\"32\"><use xlink:href=\"#stk-icon-list__icon-svg-def-f1d14a3\"><\/use><\/svg><\/div><\/span><span class=\"stk-block-icon-list-item__text\"><a href=\"https:\/\/drive.google.com\/file\/d\/1fyZjV-C9Ceu6LyFtWh21OaDtsf9fWXge\/view?usp=sharing\" target=\"_blank\" rel=\"noreferrer noopener\" target=\"_blank\" rel=\"noopener\">Recomendaciones que debes seguir si presentas s\u00edntomas y tu prueba ha resultado negativa<\/a><\/span><\/div><\/li>\n<\/ul><\/div>\n\n\n\n<div class=\"wp-block-stackable-text stk-block-text stk-block stk-4c61a8e\" data-block-id=\"4c61a8e\"><style>.stk-4c61a8e {padding-top:0px !important;padding-right:0px !important;padding-bottom:0px !important;padding-left:0px !important;margin-bottom:0px !important;}<\/style><p class=\"stk-block-text__text\"><strong>Enlaces de inter\u00e9s:<\/strong><\/p><\/div>\n\n\n\n<div class=\"wp-block-stackable-icon-list stk-block-icon-list stk-block stk-7fe14ba\" data-block-id=\"7fe14ba\"><style>.stk-7fe14ba {--stk-icon-list-icon-size:5px !important;margin-bottom:12px !important;margin-left:15px !important;}.stk-7fe14ba .stk-block-icon-list-item__content{align-items:center !important;}@media screen and (max-width: 1023px){.stk-7fe14ba {margin-left:15px !important;}}<\/style><svg style=\"display:none\"><defs><g id=\"stk-icon-list__icon-svg-def-7fe14ba\"><svg xmlns=\"http:\/\/www.w3.org\/2000\/svg\" viewBox=\"0 0 512 512\"><path d=\"M256 512A256 256 0 1 0 256 0a256 256 0 1 0 0 512z\"\/><\/svg><\/g><\/defs><\/svg><ul class=\"stk-block-icon-list__ul stk-block-icon-list--column\">\n<li class=\"wp-block-stackable-icon-list-item stk-block-icon-list-item stk-block stk-0135155\" data-block-id=\"0135155\"><div class=\"stk-block-icon-list-item__content\"><span class=\"stk--svg-wrapper\"><div class=\"stk--inner-svg\"><svg aria-hidden=\"true\" width=\"32\" height=\"32\"><use xlink:href=\"#stk-icon-list__icon-svg-def-f1d14a3\"><\/use><\/svg><\/div><\/span><span class=\"stk-block-icon-list-item__text\"><a href=\"https:\/\/www.mscbs.gob.es\/profesionales\/saludPublica\/ccayes\/alertasActual\/nCov\/situacionActual.htm\" target=\"_blank\" rel=\"noreferrer noopener\" target=\"_blank\" rel=\"noopener\">Web del Ministerio de Sanidad<\/a><\/span><\/div><\/li>\n\n\n\n<li class=\"wp-block-stackable-icon-list-item stk-block-icon-list-item stk-block stk-f518de9\" data-block-id=\"f518de9\"><div class=\"stk-block-icon-list-item__content\"><span class=\"stk--svg-wrapper\"><div class=\"stk--inner-svg\"><svg aria-hidden=\"true\" width=\"32\" height=\"32\"><use xlink:href=\"#stk-icon-list__icon-svg-def-7fe14ba\"><\/use><\/svg><\/div><\/span><span class=\"stk-block-icon-list-item__text\"><a href=\"https:\/\/www.mscbs.gob.es\/profesionales\/saludPublica\/ccayes\/alertasActual\/nCov\/documentos\/Proteccion_Trabajadores_SARS-CoV-2.pdf\" target=\"_blank\" rel=\"noreferrer noopener\" target=\"_blank\" rel=\"noopener\">Procedimiento de actuaci\u00f3n para los servicios de Prevenci\u00f3n de Riesgos Laborales frente a la exposici\u00f3n al SARS-CoV-2<\/a><\/span><\/div><\/li>\n\n\n\n<li class=\"wp-block-stackable-icon-list-item stk-block-icon-list-item stk-block stk-a98602a\" data-block-id=\"a98602a\"><div class=\"stk-block-icon-list-item__content\"><span class=\"stk--svg-wrapper\"><div class=\"stk--inner-svg\"><svg aria-hidden=\"true\" width=\"32\" height=\"32\"><use xlink:href=\"#stk-icon-list__icon-svg-def-7fe14ba\"><\/use><\/svg><\/div><\/span><span class=\"stk-block-icon-list-item__text\"><a href=\"https:\/\/www.ull.es\/coronavirus\/\" target=\"_blank\" rel=\"noreferrer noopener\" target=\"_blank\" rel=\"noopener\">Procedimiento a seguir para solicitar docencia en modalidad virtual<\/a><\/span><\/div><\/li>\n\n\n\n<li class=\"wp-block-stackable-icon-list-item stk-block-icon-list-item stk-block stk-4f8f520\" data-block-id=\"4f8f520\"><div class=\"stk-block-icon-list-item__content\"><span class=\"stk--svg-wrapper\"><div class=\"stk--inner-svg\"><svg aria-hidden=\"true\" width=\"32\" height=\"32\"><use xlink:href=\"#stk-icon-list__icon-svg-def-7fe14ba\"><\/use><\/svg><\/div><\/span><span class=\"stk-block-icon-list-item__text\">Tel\u00e9fono de Informaci\u00f3n Coronavirus (COVID-19) del Gobierno de Canarias: 900 112 061<\/span><\/div><\/li>\n\n\n\n<li class=\"wp-block-stackable-icon-list-item stk-block-icon-list-item stk-block stk-c58e11f\" data-block-id=\"c58e11f\"><div class=\"stk-block-icon-list-item__content\"><span class=\"stk--svg-wrapper\"><div class=\"stk--inner-svg\"><svg aria-hidden=\"true\" width=\"32\" height=\"32\"><use xlink:href=\"#stk-icon-list__icon-svg-def-7fe14ba\"><\/use><\/svg><\/div><\/span><span class=\"stk-block-icon-list-item__text\">Correo electr\u00f3nico para cualquier consulta:\u00a0<a href=\"mailto:covid19@ull.edu.es\" target=\"_blank\" rel=\"noreferrer noopener\" target=\"_blank\" rel=\"noopener\">covid19@ull.edu.es<\/a><\/span><\/div><\/li>\n<\/ul><\/div>\n<\/div><\/div><\/div>\n\n\n\n<div class=\"wp-block-stackable-column stk-block-column stk-column stk-block stk-db7e19b stk-block-background stk--has-background-overlay\" data-v=\"4\" data-block-id=\"db7e19b\"><style>.stk-db7e19b-container{margin-top:0px !important;margin-right:0px !important;margin-bottom:0px !important;margin-left:0px !important;}.stk-db7e19b-inner-blocks{row-gap:var(--stk--preset--spacing--none, 0px) !important;}.stk-db7e19b {background-image:url(https:\/\/www.ull.es\/servicios\/prevencion-riesgos-laborales\/wp-content\/uploads\/sites\/60\/2021\/12\/COVID.jpg) !important;}@media screen and (max-width: 767px){.stk-db7e19b-container{min-height:225px !important;}}<\/style><div class=\"stk-column-wrapper stk-block-column__content stk-container stk-db7e19b-container stk--no-background stk--no-padding\"><div class=\"stk-block-content stk-inner-blocks stk-db7e19b-inner-blocks\"><\/div><\/div><\/div>\n<\/div><\/div>\n\n\n\n<p><\/p>\n","protected":false},"excerpt":{"rendered":"<p>COVID 19 El Ministerio de Sanidad y las Comunidades Aut\u00f3nomas acuerdan y mantienen en revisi\u00f3n permanente,\u00a0en funci\u00f3n de la evoluci\u00f3n y nueva informaci\u00f3n de que se dispone de la infecci\u00f3n por el nuevo\u00a0coronavirus SARS-CoV-2, la estrategia de detecci\u00f3n precoz, vigilancia y control de COVID-19, cuyo\u00a0principal objetivo sigue siendo el control de la transmisi\u00f3n de SARS-CoV-2,&#8230;<\/p>\n","protected":false},"author":47,"featured_media":0,"parent":0,"menu_order":0,"comment_status":"closed","ping_status":"closed","template":"templates\/template-frontpage.php","meta":{"_acf_changed":false,"footnotes":""},"class_list":["post-148","page","type-page","status-publish","hentry"],"acf":[],"_links":{"self":[{"href":"https:\/\/www.ull.es\/servicios\/prevencion-riesgos-laborales\/wp-json\/wp\/v2\/pages\/148","targetHints":{"allow":["GET"]}}],"collection":[{"href":"https:\/\/www.ull.es\/servicios\/prevencion-riesgos-laborales\/wp-json\/wp\/v2\/pages"}],"about":[{"href":"https:\/\/www.ull.es\/servicios\/prevencion-riesgos-laborales\/wp-json\/wp\/v2\/types\/page"}],"author":[{"embeddable":true,"href":"https:\/\/www.ull.es\/servicios\/prevencion-riesgos-laborales\/wp-json\/wp\/v2\/users\/47"}],"replies":[{"embeddable":true,"href":"https:\/\/www.ull.es\/servicios\/prevencion-riesgos-laborales\/wp-json\/wp\/v2\/comments?post=148"}],"version-history":[{"count":21,"href":"https:\/\/www.ull.es\/servicios\/prevencion-riesgos-laborales\/wp-json\/wp\/v2\/pages\/148\/revisions"}],"predecessor-version":[{"id":935,"href":"https:\/\/www.ull.es\/servicios\/prevencion-riesgos-laborales\/wp-json\/wp\/v2\/pages\/148\/revisions\/935"}],"wp:attachment":[{"href":"https:\/\/www.ull.es\/servicios\/prevencion-riesgos-laborales\/wp-json\/wp\/v2\/media?parent=148"}],"curies":[{"name":"wp","href":"https:\/\/api.w.org\/{rel}","templated":true}]}}