{"id":18,"date":"2019-06-20T13:15:25","date_gmt":"2019-06-20T11:15:25","guid":{"rendered":"https:\/\/www.ull.es\/servicios\/negociado-pruebas-acceso\/?page_id=2"},"modified":"2026-03-12T15:05:27","modified_gmt":"2026-03-12T15:05:27","slug":"inicio-2","status":"publish","type":"page","link":"https:\/\/www.ull.es\/servicios\/prevencion-riesgos-laborales\/","title":{"rendered":"Inicio Prevenci\u00f3n de Riesgos Laborales"},"content":{"rendered":"\n<div class=\"wp-block-stackable-columns alignfull stk-block-columns stk-block stk-0ceb38f\" data-block-id=\"0ceb38f\"><style>.stk-0ceb38f {margin-bottom:32px !important;}<\/style><div class=\"stk-row stk-inner-blocks stk-block-content stk-content-align stk-0ceb38f-column alignfull\">\n<div class=\"wp-block-stackable-column stk-block-column stk-column stk-block stk-34d4eda stk-block-background stk--has-background-overlay\" data-v=\"4\" data-block-id=\"34d4eda\"><style>.stk-34d4eda {background-image:url(https:\/\/www.ull.es\/servicios\/prevencion-riesgos-laborales\/wp-content\/uploads\/sites\/60\/2022\/04\/Nuevo-BANNER_1600x427-01.png) !important;border-style:solid !important;border-color:#f4f4f4 !important;border-bottom-width:10px !important;padding-top:0px !important;padding-right:0px !important;padding-bottom:0px !important;padding-left:0px !important;}.stk-34d4eda-container{min-height:500px !important;}@media screen and (max-width: 1023px){.stk-34d4eda {padding-top:0px !important;padding-right:0px !important;padding-bottom:0px !important;padding-left:0px !important;}.stk-34d4eda-container{min-height:200px !important;}}@media screen and (max-width: 767px){.stk-34d4eda {padding-top:0px !important;padding-right:0px !important;padding-bottom:0px !important;padding-left:0px !important;margin-top:0px !important;margin-right:0px !important;margin-bottom:0px !important;margin-left:0px !important;}.stk-34d4eda-container{min-height:100px !important;}}<\/style><div class=\"stk-column-wrapper stk-block-column__content stk-container stk-34d4eda-container stk--no-background stk--no-padding\"><div class=\"stk-block-content stk-inner-blocks stk-34d4eda-inner-blocks\"><\/div><\/div><\/div>\n<\/div><\/div>\n\n\n\n<div class=\"wp-block-stackable-columns alignfull stk-block-columns stk-block stk-095673a\" data-block-id=\"095673a\"><div class=\"stk-row stk-inner-blocks stk-block-content stk-content-align stk-095673a-column alignfull\">\n<div class=\"wp-block-stackable-column stk-block-column stk-column stk-block stk-17306d7\" data-v=\"4\" data-block-id=\"17306d7\"><style>.stk-17306d7-inner-blocks{align-items:center !important;}.stk-17306d7 {max-width:1400px !important;min-width:auto !important;margin-right:auto !important;margin-left:auto !important;}@media screen and (max-width: 1023px){.stk-17306d7 {margin-right:50px !important;margin-left:50px !important;}}@media screen and (max-width: 767px){.stk-17306d7 {margin-right:20px !important;margin-left:20px !important;}}<\/style><div class=\"stk-column-wrapper stk-block-column__content stk-container stk-17306d7-container stk--no-background stk--no-padding\"><div class=\"stk--column-flex stk-block-content stk-inner-blocks stk-17306d7-inner-blocks\">\n<div class=\"wp-block-stackable-columns stk-block-columns stk-block stk-b6d8cdf\" data-block-id=\"b6d8cdf\"><style>.stk-b6d8cdf-column{--stk-column-gap:12px !important;}<\/style><div class=\"stk-row stk-inner-blocks stk-block-content stk-content-align stk-b6d8cdf-column\">\n<div class=\"wp-block-stackable-column stk-block-column stk-column stk-block stk-8f7db54\" data-v=\"4\" data-block-id=\"8f7db54\"><style>.stk-8f7db54 {max-width:466px !important;min-width:auto !important;margin-right:auto !important;margin-left:auto !important;}.stk-8f7db54-container{max-width:530px !important;min-width:auto !important;margin-right:auto !important;margin-left:auto !important;}@media screen and (max-width: 767px){.stk-8f7db54-container{max-width:325px !important;min-width:auto !important;}}<\/style><div class=\"stk-column-wrapper stk-block-column__content stk-container stk-8f7db54-container stk--no-background stk--no-padding\"><div class=\"stk-block-content stk-inner-blocks stk-8f7db54-inner-blocks\"><style>\n    .news-group .bg-size {\n        background-position: center;\n        background-size: cover;\n        width: 100%;\n        height: 48px;\n    }\n    .news-group .list-group-item-text {\n        font-size: 13px;\n    }\n    .news-group .col-md-3 {\n        padding-right: 0;\n    }\n    .news-group .list-group-item-date {\n        font-size: 11px;\n        color: #A4A4A4;\n        margin-bottom: 2px;\n        text-transform: uppercase;\n    }\n\n    .mensaje.alert-warning{\n        font-size: 12px;\n        margin: 14px !important;\n        padding: 4px 8px;\n        color: #cca60b;\n    }\n<\/style>\n\n<div class=\"panel panel-default\">\n    <div class=\"panel-heading\">\n        <h3 class=\"panel-title\">Noticias<\/h3>\n    <\/div>\n\n    <div class=\"list-group news-group\">\n                    <a href=\"https:\/\/www.ull.es\/portal\/noticias\/2025\/la-ull-acoge-la-presentacion-del-manual-de-promocion-de-la-salud-mental-resiliencia-y-prevencion-de-la-conducta-suicida\/\" class=\"list-group-item\">\n                <div class=\"row\">\n                    <div class=\"col-md-3\">\n                        <div class=\"bg-size\" style=\"background-image: url('https:\/\/www.ull.es\/portal\/noticias\/wp-content\/uploads\/sites\/13\/2025\/03\/Prevencion-suicidio-15-300x200.jpg');\"><\/div>\n                    <\/div>\n                    <div class=\"col-md-9\">\n                        <p class=\"list-group-item-date\">\n                            25 Mar 2025 - 14:06 UTC                        <\/p>\n                        <p class=\"list-group-item-text\">La ULL acoge la presentaci\u00f3n del Manual de Promoci\u00f3n de la Salud Mental, Resiliencia y Prevenci\u00f3n de la Conducta Suicida<\/p>\n                    <\/div>\n                <\/div>\n            <\/a>\n                    <a href=\"https:\/\/www.ull.es\/portal\/noticias\/2023\/la-unidad-de-servicios-psicologicos-y-logopedicos-de-la-ull-ha-atendido-a-167-personas-en-nueve-meses\/\" class=\"list-group-item\">\n                <div class=\"row\">\n                    <div class=\"col-md-3\">\n                        <div class=\"bg-size\" style=\"background-image: url('https:\/\/www.ull.es\/portal\/noticias\/wp-content\/uploads\/sites\/13\/2022\/03\/Wenceslao-Pen\u0303ate-02-300x200.jpg');\"><\/div>\n                    <\/div>\n                    <div class=\"col-md-9\">\n                        <p class=\"list-group-item-date\">\n                            10 Oct 2023 - 08:38 UTC                        <\/p>\n                        <p class=\"list-group-item-text\">La Unidad de Servicios Psicol\u00f3gicos y Logop\u00e9dicos de la ULL ha atendido a 167 personas en nueve meses<\/p>\n                    <\/div>\n                <\/div>\n            <\/a>\n                    <a href=\"https:\/\/www.ull.es\/portal\/noticias\/2022\/inaugurada-unidad-servicios-psicologicos-logopedicos\/\" class=\"list-group-item\">\n                <div class=\"row\">\n                    <div class=\"col-md-3\">\n                        <div class=\"bg-size\" style=\"background-image: url('https:\/\/www.ull.es\/portal\/noticias\/wp-content\/uploads\/sites\/13\/2022\/10\/Inaug-Serv-Atencion-Psicologica-04-300x200.jpg');\"><\/div>\n                    <\/div>\n                    <div class=\"col-md-9\">\n                        <p class=\"list-group-item-date\">\n                            18 Oct 2022 - 13:07 UTC                        <\/p>\n                        <p class=\"list-group-item-text\">La Universidad de La Laguna inaugura su nueva Unidad de Servicios Psicol\u00f3gicos y Logop\u00e9dicos<\/p>\n                    <\/div>\n                <\/div>\n            <\/a>\n                    <a href=\"https:\/\/www.ull.es\/portal\/noticias\/2022\/la-psicologia-que-ayuda\/\" class=\"list-group-item\">\n                <div class=\"row\">\n                    <div class=\"col-md-3\">\n                        <div class=\"bg-size\" style=\"background-image: url('https:\/\/www.ull.es\/portal\/noticias\/wp-content\/uploads\/sites\/13\/2022\/03\/Wenceslao-Pen\u0303ate-02-300x200.jpg');\"><\/div>\n                    <\/div>\n                    <div class=\"col-md-9\">\n                        <p class=\"list-group-item-date\">\n                            07 Mar 2022 - 09:19 UTC                        <\/p>\n                        <p class=\"list-group-item-text\">La psicolog\u00eda que ayuda<\/p>\n                    <\/div>\n                <\/div>\n            <\/a>\n                    <a href=\"https:\/\/www.ull.es\/portal\/noticias\/2021\/wenceslao-penate-director-de-la-unidad-del-servicio-psicologico-y-logopedico-de-la-ull\/\" class=\"list-group-item\">\n                <div class=\"row\">\n                    <div class=\"col-md-3\">\n                        <div class=\"bg-size\" style=\"background-image: url('https:\/\/www.ull.es\/portal\/noticias\/wp-content\/uploads\/sites\/13\/2021\/11\/toma-posesion-wenceslao-penate-300x200.jpg');\"><\/div>\n                    <\/div>\n                    <div class=\"col-md-9\">\n                        <p class=\"list-group-item-date\">\n                            23 Nov 2021 - 14:04 UTC                        <\/p>\n                        <p class=\"list-group-item-text\">Wenceslao Pe\u00f1ate, director de la Unidad del Servicio Psicol\u00f3gico y Logop\u00e9dico de la ULL<\/p>\n                    <\/div>\n                <\/div>\n            <\/a>\n            <\/div>\n    <div class=\"panel-footer\">\n        <a href=\"https:\/\/www.ull.es\/portal\/noticias\/?cat=8969\">M\u00c1S NOTICIAS <i class=\"fa fa-chevron-right\"><\/i><\/a>\n    <\/div>\n\n\n<\/div>\n<\/div><\/div><\/div>\n\n\n\n<div class=\"wp-block-stackable-column stk-block-column stk-column stk-block stk-0fc215e\" data-v=\"4\" data-block-id=\"0fc215e\"><style>.stk-0fc215e {max-width:466px !important;min-width:auto !important;margin-right:auto !important;margin-left:auto !important;}.stk-0fc215e-container{max-width:530px !important;min-width:auto !important;}@media screen and (max-width: 767px){.stk-0fc215e-container{max-width:325px !important;min-width:auto !important;margin-right:auto !important;margin-left:auto !important;}}<\/style><div class=\"stk-column-wrapper stk-block-column__content stk-container stk-0fc215e-container stk--no-background stk--no-padding\"><div class=\"stk-block-content stk-inner-blocks stk-0fc215e-inner-blocks\"><style>\n    .news-group .bg-size {\n        background-position: center;\n        background-size: cover;\n        width: 100%;\n        height: 48px;\n    }\n    .news-group .list-group-item-text {\n        font-size: 13px;\n    }\n    .news-group .col-md-3 {\n        padding-right: 0;\n    }\n    .news-group .list-group-item-date {\n        font-size: 11px;\n        color: #A4A4A4;\n        margin-bottom: 2px;\n        text-transform: uppercase;\n    }\n\n    .mensaje.alert-warning{\n        font-size: 12px;\n        margin: 14px !important;\n        padding: 4px 8px;\n        color: #cca60b;\n    }\n\n<\/style>\n\n<div class=\"panel panel-default\">\n    <div class=\"panel-heading\">\n        <h3 class=\"panel-title\">Notificaciones<\/h3>\n    <\/div>\n\n    <div class=\"list-group news-group\">\n                            <a href=\"https:\/\/www.ull.es\/portal\/noticias\/2025\/eleccion-de-director-de-la-unidad-de-servicios-psicologicos-y-logopedicos\/\" class=\"list-group-item\">\n                    <div class=\"row\">\n                        <div class=\"col-md-12\">\n                            <p class=\"list-group-item-date\">\n                                12 Nov 2025 - 07:56 UTC                            <\/p>\n                            <p class=\"list-group-item-text\">Elecci\u00f3n de director de la Unidad de Servicios Psicol\u00f3gicos y Logop\u00e9dicos<\/p>\n                        <\/div>\n                    <\/div>\n                <\/a>\n                            <a href=\"https:\/\/www.ull.es\/portal\/noticias\/2022\/solicitud-de-colaboracion-de-profesionales-externos-con-la-unidad-de-servicios-psicologicos-y-logopedicos\/\" class=\"list-group-item\">\n                    <div class=\"row\">\n                        <div class=\"col-md-12\">\n                            <p class=\"list-group-item-date\">\n                                29 Nov 2022 - 11:51 UTC                            <\/p>\n                            <p class=\"list-group-item-text\">Solicitud de colaboraci\u00f3n de profesionales externos con la Unidad de Servicios Psicol\u00f3gicos y Logop\u00e9dicos<\/p>\n                        <\/div>\n                    <\/div>\n                <\/a>\n                <\/div>\n    <div class=\"panel-footer\">\n        <a href=\"https:\/\/www.ull.es\/portal\/noticias\/?cat=9412\">M\u00c1S NOTIFICACIONES <i class=\"fa fa-chevron-right\"><\/i><\/a>\n    <\/div>\n\n\n<\/div>\n\n\n\n<style>\n    .events-group .bg-size {\n        background-position: center;\n        background-size: cover;\n        width: 100%;\n        height: 48px;\n    }\n    .events-group .list-group-item-text {\n        font-size: 13px;\n    }\n    .events-group .col-md-3 {\n        padding-right: 0;\n    }\n    .events-group .list-group-item-date {\n        font-size: 11px;\n        color: #A4A4A4;\n        margin-bottom: 2px;\n        text-transform: uppercase;\n    }\n\n    .mensaje.alert-warning{\n        font-size: 12px;\n        margin: 14px !important;\n        padding: 4px 8px;\n        color: #cca60b;\n    }\n\n<\/style>\n\n<div class=\"panel panel-default\">\n    <div class=\"panel-heading\">\n        <h3 class=\"panel-title\">Eventos<\/h3>\n    <\/div>\n\n    <div class=\"list-group events-group\">\n\n        <div class=\"mensaje alert alert-warning\">No hay eventos disponibles.<\/div>\n    <\/div>\n\n\n<\/div>\n\n<\/div><\/div><\/div>\n\n\n\n<div class=\"wp-block-stackable-column stk-block-column stk-column stk-block stk-1050e29\" data-v=\"4\" data-block-id=\"1050e29\"><style>.stk-1050e29-container{margin-top:0px !important;margin-right:0px !important;margin-bottom:0px !important;margin-left:0px !important;max-width:530px !important;min-width:auto !important;}.stk-1050e29 {align-self:flex-start !important;border-top-left-radius:var(--stk--preset--border-radius--none, 0px) !important;border-top-right-radius:var(--stk--preset--border-radius--none, 0px) !important;border-bottom-right-radius:var(--stk--preset--border-radius--none, 0px) !important;border-bottom-left-radius:var(--stk--preset--border-radius--none, 0px) !important;overflow:hidden !important;border-color:#eeeeee !important;border-top-width:1px !important;border-right-width:1px !important;border-bottom-width:1px !important;border-left-width:1px !important;max-width:466px !important;min-width:auto !important;padding-top:0px !important;padding-right:0px !important;padding-bottom:0px !important;padding-left:0px !important;margin-top:12px !important;margin-right:auto !important;margin-left:auto !important;}@media screen and (max-width: 767px){.stk-1050e29-container{max-width:325px !important;min-width:auto !important;margin-right:auto !important;margin-left:auto !important;}}<\/style><div class=\"stk-column-wrapper stk-block-column__content stk-container stk-1050e29-container stk--no-background stk--no-padding\"><div class=\"has-text-align-left-mobile stk-block-content stk-inner-blocks stk-1050e29-inner-blocks\">\n<div class=\"wp-block-stackable-heading stk-block-heading stk-block-heading--v2 stk-block stk-ce0881e stk-block-background\" id=\"informacion-de-contacto\" data-block-id=\"ce0881e\"><style>.stk-ce0881e {background-color:#5c068c !important;border-top-width:0px !important;border-right-width:0px !important;border-bottom-width:0px !important;border-left-width:0px !important;padding-top:12px !important;padding-right:12px !important;padding-bottom:12px !important;padding-left:12px !important;margin-top:0px !important;margin-right:0px !important;margin-bottom:0px !important;margin-left:0px !important;}.stk-ce0881e:before{background-color:#5c068c !important;}.stk-ce0881e .stk-block-heading__text{font-size:15px !important;color:#fffffe !important;font-weight:700 !important;}@media screen and (max-width: 1023px){.stk-ce0881e .stk-block-heading__text{font-size:15px !important;}}@media screen and (max-width: 767px){.stk-ce0881e {padding-top:12px !important;padding-right:12px !important;padding-bottom:12px !important;padding-left:12px !important;}}<\/style><h2 class=\"stk-block-heading__text has-text-color has-text-align-left\">Informaci\u00f3n de contacto<\/h2><\/div>\n\n\n\n<div class=\"wp-block-stackable-icon-list stk-block-icon-list stk-block stk-164af9d\" data-block-id=\"164af9d\"><style>.stk-164af9d .stk-block-icon-list-item__content{gap:8px !important;align-items:flex-start !important;}.stk-164af9d {--stk-icon-list-row-gap:10px !important;--stk-icon-list-icon-size:12px !important;border-style:solid !important;border-color:#eeeeee !important;border-top-width:0.5px !important;border-right-width:0.5px !important;border-bottom-width:0.5px !important;border-left-width:0.5px !important;padding-top:15px !important;padding-right:15px !important;padding-bottom:15px !important;padding-left:15px !important;margin-top:-1px !important;margin-right:0px !important;margin-bottom:12px !important;margin-left:0px !important;}.stk-164af9d ul .stk-block-icon-list-item__content .stk--inner-svg, .stk-164af9d ol .stk-block-icon-list-item__content .stk-block-icon-list-item__marker{transform:translateY(6px) !important;}.stk-164af9d ul li, .stk-164af9d ol li, .stk-164af9d ul li span, .stk-164af9d ol li span{font-size:13px !important;font-weight:300 !important;}@media screen and (max-width: 1023px){.stk-164af9d ul li, .stk-164af9d ol li, .stk-164af9d ul li span, .stk-164af9d ol li span{font-size:13px !important;}.stk-164af9d {padding-right:15px !important;margin-bottom:12px !important;}}@media screen and (max-width: 767px){.stk-164af9d {margin-top:-10px !important;margin-right:auto !important;margin-bottom:18px !important;margin-left:auto !important;}}<\/style><svg style=\"display:none\"><defs><g id=\"stk-icon-list__icon-svg-def-164af9d\"><svg xmlns=\"http:\/\/www.w3.org\/2000\/svg\" viewBox=\"0 0 190 190\"><polygon points=\"173.8,28.4 60.4,141.8 15.7,97.2 5.1,107.8 60.4,163 184.4,39 173.8,28.4\"\/><\/svg><\/g><\/defs><\/svg><ul class=\"stk-block-icon-list__ul stk-block-icon-list--column\">\n<li class=\"wp-block-stackable-icon-list-item stk-block-icon-list-item stk-block stk-71b315c\" data-block-id=\"71b315c\"><div class=\"stk-block-icon-list-item__content\"><span class=\"stk--svg-wrapper\"><div class=\"stk--inner-svg\"><svg xmlns=\"http:\/\/www.w3.org\/2000\/svg\" viewBox=\"0 0 384 512\" aria-hidden=\"true\" width=\"32\" height=\"32\"><path d=\"M215.7 499.2C267 435 384 279.4 384 192C384 86 298 0 192 0S0 86 0 192c0 87.4 117 243 168.3 307.2c12.3 15.3 35.1 15.3 47.4 0zM192 128a64 64 0 1 1 0 128 64 64 0 1 1 0-128z\"\/><\/svg><\/div><\/span><span class=\"stk-block-icon-list-item__text\">C\/ Pedro Zerolo, s\/n, Edificio Central. Apartado 456. C\u00f3digo postal 38200. San Crist\u00f3bal de La Laguna.S\/C de Tenerife.<\/span><\/div><\/li>\n\n\n\n<li class=\"wp-block-stackable-icon-list-item stk-block-icon-list-item stk-block stk-f7f9d33\" data-block-id=\"f7f9d33\"><div class=\"stk-block-icon-list-item__content\"><span class=\"stk--svg-wrapper\"><div class=\"stk--inner-svg\"><svg xmlns=\"http:\/\/www.w3.org\/2000\/svg\" viewBox=\"0 0 512 512\" aria-hidden=\"true\" width=\"32\" height=\"32\"><path d=\"M164.9 24.6c-7.7-18.6-28-28.5-47.4-23.2l-88 24C12.1 30.2 0 46 0 64C0 311.4 200.6 512 448 512c18 0 33.8-12.1 38.6-29.5l24-88c5.3-19.4-4.6-39.7-23.2-47.4l-96-40c-16.3-6.8-35.2-2.1-46.3 11.6L304.7 368C234.3 334.7 177.3 277.7 144 207.3L193.3 167c13.7-11.2 18.4-30 11.6-46.3l-40-96z\"\/><\/svg><\/div><\/span><span class=\"stk-block-icon-list-item__text\">&nbsp;(+34) 922 31 89 08 \/ 8907 \/ 6393 \/ 8920<\/span><\/div><\/li>\n\n\n\n<li class=\"wp-block-stackable-icon-list-item stk-block-icon-list-item stk-block stk-d09f093\" data-block-id=\"d09f093\"><div class=\"stk-block-icon-list-item__content\"><span class=\"stk--svg-wrapper\"><div class=\"stk--inner-svg\"><svg xmlns=\"http:\/\/www.w3.org\/2000\/svg\" viewBox=\"0 0 512 512\" aria-hidden=\"true\" width=\"32\" height=\"32\"><path d=\"M48 64C21.5 64 0 85.5 0 112c0 15.1 7.1 29.3 19.2 38.4L236.8 313.6c11.4 8.5 27 8.5 38.4 0L492.8 150.4c12.1-9.1 19.2-23.3 19.2-38.4c0-26.5-21.5-48-48-48H48zM0 176V384c0 35.3 28.7 64 64 64H448c35.3 0 64-28.7 64-64V176L294.4 339.2c-22.8 17.1-54 17.1-76.8 0L0 176z\"\/><\/svg><\/div><\/span><span class=\"stk-block-icon-list-item__text\"><a href=\"mailto:serviciodeprevencion@ull.es\" target=\"_blank\" rel=\"noreferrer noopener\" target=\"_blank\" rel=\"noopener\">serviciodeprevencion@ull.es<\/a><\/span><\/div><\/li>\n\n\n\n<li class=\"wp-block-stackable-icon-list-item stk-block-icon-list-item stk-block stk-24608eb\" data-block-id=\"24608eb\"><div class=\"stk-block-icon-list-item__content\"><span class=\"stk--svg-wrapper\"><div class=\"stk--inner-svg\"><svg xmlns=\"http:\/\/www.w3.org\/2000\/svg\" viewBox=\"0 0 512 512\" aria-hidden=\"true\" width=\"32\" height=\"32\"><path d=\"M48 64C21.5 64 0 85.5 0 112c0 15.1 7.1 29.3 19.2 38.4L236.8 313.6c11.4 8.5 27 8.5 38.4 0L492.8 150.4c12.1-9.1 19.2-23.3 19.2-38.4c0-26.5-21.5-48-48-48H48zM0 176V384c0 35.3 28.7 64 64 64H448c35.3 0 64-28.7 64-64V176L294.4 339.2c-22.8 17.1-54 17.1-76.8 0L0 176z\"\/><\/svg><\/div><\/span><span class=\"stk-block-icon-list-item__text\"><a href=\"mailto:serviciodeprevencion@ull.es\" target=\"_blank\" rel=\"noreferrer noopener\" target=\"_blank\" rel=\"noopener\"><\/a><a href=\"mailto:administracionprevencion@ull.es\" target=\"_blank\" rel=\"noreferrer noopener\" target=\"_blank\" rel=\"noopener\">administracionprevencion@ull.es<\/a><\/span><\/div><\/li>\n<\/ul><\/div>\n\n\n\n    \n<style>\n    .google-maps {\n        position: relative;\n        padding-bottom: 75%;\n        height: 0;\n        overflow: hidden;\n    }\n    .google-maps iframe {\n        position: absolute;\n        top: 0;\n        left: 0;\n        width: 100% !important;\n        height: 100% !important;\n    }\n<\/style>\n\n\n<div class=\"google-maps\">\n    <iframe src=\"https:\/\/www.openstreetmap.org\/export\/embed.html?bbox=-16.319420297983%2C28.477571077979%2C-16.313276488393%2C28.483383300259&amp;layer=mapnik&amp;marker=28.481754033718943%2C-16.316594123873074\" style=\"border: 1px solid black\"><\/iframe>\n<\/div>\n\n<div class=\"btn-widget\">\n    <a href=\"https:\/\/www.openstreetmap.org\/directions?engine=graphhopper_car&from=&to=28.481754033718943%2C-16.316594123873074#map=17\/28.481754033718943\/-16.316594123873074\">C\u00f3mo llegar<\/a>  \n<\/div>\n\n  <\/body>\n<\/html>\n\n\n<\/div><\/div><\/div>\n<\/div><\/div>\n<\/div><\/div><\/div>\n<\/div><\/div>\n\n\n\n<p><\/p>\n","protected":false},"excerpt":{"rendered":"<p>Informaci\u00f3n de contacto<\/p>\n","protected":false},"author":12,"featured_media":0,"parent":0,"menu_order":0,"comment_status":"closed","ping_status":"open","template":"templates\/template-frontpage.php","meta":{"_acf_changed":false,"footnotes":""},"class_list":["post-18","page","type-page","status-publish","hentry"],"acf":[],"_links":{"self":[{"href":"https:\/\/www.ull.es\/servicios\/prevencion-riesgos-laborales\/wp-json\/wp\/v2\/pages\/18","targetHints":{"allow":["GET"]}}],"collection":[{"href":"https:\/\/www.ull.es\/servicios\/prevencion-riesgos-laborales\/wp-json\/wp\/v2\/pages"}],"about":[{"href":"https:\/\/www.ull.es\/servicios\/prevencion-riesgos-laborales\/wp-json\/wp\/v2\/types\/page"}],"author":[{"embeddable":true,"href":"https:\/\/www.ull.es\/servicios\/prevencion-riesgos-laborales\/wp-json\/wp\/v2\/users\/12"}],"replies":[{"embeddable":true,"href":"https:\/\/www.ull.es\/servicios\/prevencion-riesgos-laborales\/wp-json\/wp\/v2\/comments?post=18"}],"version-history":[{"count":52,"href":"https:\/\/www.ull.es\/servicios\/prevencion-riesgos-laborales\/wp-json\/wp\/v2\/pages\/18\/revisions"}],"predecessor-version":[{"id":964,"href":"https:\/\/www.ull.es\/servicios\/prevencion-riesgos-laborales\/wp-json\/wp\/v2\/pages\/18\/revisions\/964"}],"wp:attachment":[{"href":"https:\/\/www.ull.es\/servicios\/prevencion-riesgos-laborales\/wp-json\/wp\/v2\/media?parent=18"}],"curies":[{"name":"wp","href":"https:\/\/api.w.org\/{rel}","templated":true}]}}