{"id":201,"date":"2022-01-20T13:55:53","date_gmt":"2022-01-20T13:55:53","guid":{"rendered":"https:\/\/www.ull.es\/servicios\/prevencion-riesgos-laborales2\/?page_id=201"},"modified":"2026-03-02T14:41:16","modified_gmt":"2026-03-02T14:41:16","slug":"ergonomia-y-psicosociologia","status":"publish","type":"page","link":"https:\/\/www.ull.es\/servicios\/prevencion-riesgos-laborales\/ergonomia-y-psicosociologia\/","title":{"rendered":"Ergonom\u00eda y Psicosociolog\u00eda"},"content":{"rendered":"\n<div class=\"wp-block-stackable-columns alignfull stk-block-columns stk-block stk-eaee94d\" data-block-id=\"eaee94d\"><style>.stk-eaee94d {margin-bottom:0px !important;}<\/style><div class=\"stk-row stk-inner-blocks stk-block-content stk-content-align stk-eaee94d-column alignfull\">\n<div class=\"wp-block-stackable-column stk-block-column stk-column stk-block stk-a49deaf stk-block-background stk--has-background-overlay\" data-v=\"4\" data-block-id=\"a49deaf\"><style>.stk-a49deaf {background-color:linear-gradient(135deg,rgb(65,94,249) 0%,rgb(156,82,180) 47%,rgb(250,70,108) 100%) !important;}.stk-a49deaf:before{background-image:linear-gradient(135deg,rgb(65,94,249) 0%,rgb(156,82,180) 47%,rgb(250,70,108) 100%) !important;}<\/style><div class=\"stk-column-wrapper stk-block-column__content stk-container stk-a49deaf-container stk--no-background stk--no-padding\"><div class=\"has-text-align-center stk-block-content stk-inner-blocks stk-a49deaf-inner-blocks\">\n<div class=\"wp-block-stackable-heading stk-block-heading stk-block-heading--v2 stk-block stk-667eecd animated fadeInDown\" id=\"ergonomia-y-psicosociologia\" data-block-id=\"667eecd\"><style>.stk-667eecd .stk-block-heading__text{color:#ffffff !important;}<\/style><h2 class=\"stk-block-heading__text has-text-color\">Ergonom\u00eda y Psicosociolog\u00eda<\/h2><\/div>\n<\/div><\/div><\/div>\n<\/div><\/div>\n\n\n\n<div class=\"wp-block-stackable-columns alignfull stk-block-columns stk-block stk-109a905\" data-block-id=\"109a905\"><style>.stk-109a905 {margin-bottom:-80px !important;}@media screen and (max-width: 1023px){.stk-109a905 {margin-bottom:-80px !important;}}<\/style><div class=\"stk-row stk-inner-blocks stk-block-content stk-content-align stk-109a905-column alignfull\">\n<div class=\"wp-block-stackable-column stk-block-column stk-column stk-block stk-c7429c6 stk-block-background\" data-v=\"4\" data-block-id=\"c7429c6\"><style>.stk-c7429c6-container{margin-top:0px !important;margin-right:0px !important;margin-bottom:0px !important;margin-left:0px !important;min-height:437px !important;}.stk-c7429c6-inner-blocks{row-gap:12px !important;}.stk-c7429c6 {background-color:#f2f2f2 !important;padding-top:48px !important;padding-right:97px !important;padding-bottom:48px !important;padding-left:97px !important;}.stk-c7429c6:before{background-color:#f2f2f2 !important;}@media screen and (max-width: 1023px){.stk-c7429c6 {padding-top:21px !important;padding-right:41px !important;padding-bottom:21px !important;padding-left:41px !important;}.stk-c7429c6-container{min-height:494px !important;}}@media screen and (max-width: 767px){.stk-c7429c6-container{min-height:300px !important;}}<\/style><div class=\"stk-column-wrapper stk-block-column__content stk-container stk-c7429c6-container stk--no-background stk--no-padding\"><div class=\"stk-block-content stk-inner-blocks stk-c7429c6-inner-blocks\">\n<div class=\"wp-block-stackable-text stk-block-text stk-block stk-56895e0\" data-block-id=\"56895e0\"><style>.stk-56895e0 {padding-top:0px !important;padding-right:0px !important;padding-bottom:0px !important;padding-left:0px !important;margin-bottom:0px !important;}<\/style><p class=\"stk-block-text__text\">La Ergonom\u00eda trata de hacer confortable y menos cansado el puesto de trabajo de cada persona. Asimismo, la Psicosociolog\u00eda intenta evitar la insatisfacci\u00f3n del trabajador en su puesto de trabajo buscando controlar los factores psicosociales que puedan resultar nocivos para la salud.<\/p><\/div>\n\n\n\n<div class=\"wp-block-stackable-icon-list stk-block-icon-list stk-block stk-d9fdf46\" data-block-id=\"d9fdf46\"><style>.stk-d9fdf46 {--stk-icon-list-icon-size:5px !important;margin-left:15px !important;}.stk-d9fdf46 .stk-block-icon-list-item__content{align-items:baseline !important;}@media screen and (max-width: 1023px){.stk-d9fdf46 {margin-left:15px !important;}}<\/style><svg style=\"display:none\"><defs><g id=\"stk-icon-list__icon-svg-def-d9fdf46\"><svg xmlns=\"http:\/\/www.w3.org\/2000\/svg\" viewBox=\"0 0 512 512\"><path d=\"M256 512A256 256 0 1 0 256 0a256 256 0 1 0 0 512z\"\/><\/svg><\/g><\/defs><\/svg><ul class=\"stk-block-icon-list__ul stk-block-icon-list--column\">\n<li class=\"wp-block-stackable-icon-list-item stk-block-icon-list-item stk-block stk-e2428e0\" data-block-id=\"e2428e0\"><div class=\"stk-block-icon-list-item__content\"><span class=\"stk--svg-wrapper\"><div class=\"stk--inner-svg\"><svg aria-hidden=\"true\" width=\"32\" height=\"32\"><use xlink:href=\"#stk-icon-list__icon-svg-def-d9fdf46\"><\/use><\/svg><\/div><\/span><span class=\"stk-block-icon-list-item__text\"><a href=\"https:\/\/drive.google.com\/file\/d\/0Bxi8Rp1_THQzZ3ZwUHk4eFV6SHc\/view?usp=sharing&amp;resourcekey=0-8Qy50yBjwxZi3jmymgEUmw\" target=\"_blank\" rel=\"noreferrer noopener\" target=\"_blank\" rel=\"noopener\">Protocolo para la detecci\u00f3n, prevenci\u00f3n y actuaci\u00f3n en los supuestos de Acoso Sexual y de Acoso Sexista de la ULL<\/a><\/span><\/div><\/li>\n\n\n\n<li class=\"wp-block-stackable-icon-list-item stk-block-icon-list-item stk-block stk-4698bb7\" data-block-id=\"4698bb7\"><div class=\"stk-block-icon-list-item__content\"><span class=\"stk--svg-wrapper\"><div class=\"stk--inner-svg\"><svg aria-hidden=\"true\" width=\"32\" height=\"32\"><use xlink:href=\"#stk-icon-list__icon-svg-def-d9fdf46\"><\/use><\/svg><\/div><\/span><span class=\"stk-block-icon-list-item__text\"><a href=\"https:\/\/drive.google.com\/file\/d\/0Bxi8Rp1_THQzZ3ZwUHk4eFV6SHc\/view?usp=sharing&amp;resourcekey=0-8Qy50yBjwxZi3jmymgEUmw\" target=\"_blank\" rel=\"noreferrer noopener\" target=\"_blank\" rel=\"noopener\"><\/a><a href=\"https:\/\/drive.google.com\/file\/d\/0Bxi8Rp1_THQzNXd2cTJ3cWo1c0E\/view?usp=sharing&amp;resourcekey=0-OXg7HnwlhOqBx6uQhhabNA\" target=\"_blank\" rel=\"noreferrer noopener\" target=\"_blank\" rel=\"noopener\">Protocolo para la detecci\u00f3n, prevenci\u00f3n y actuaci\u00f3n en los supuestos de Acoso psicol\u00f3gico en el trabajo<\/a><\/span><\/div><\/li>\n\n\n\n<li class=\"wp-block-stackable-icon-list-item stk-block-icon-list-item stk-block stk-b035917\" data-block-id=\"b035917\"><div class=\"stk-block-icon-list-item__content\"><span class=\"stk--svg-wrapper\"><div class=\"stk--inner-svg\"><svg aria-hidden=\"true\" width=\"32\" height=\"32\"><use xlink:href=\"#stk-icon-list__icon-svg-def-d9fdf46\"><\/use><\/svg><\/div><\/span><span class=\"stk-block-icon-list-item__text\"><a href=\"https:\/\/drive.google.com\/file\/d\/0Bxi8Rp1_THQzZ3ZwUHk4eFV6SHc\/view?usp=sharing&amp;resourcekey=0-8Qy50yBjwxZi3jmymgEUmw\" target=\"_blank\" rel=\"noreferrer noopener\" target=\"_blank\" rel=\"noopener\"><\/a><a href=\"https:\/\/drive.google.com\/file\/d\/1JWdjnjHcUO3z_sqS_8EhGbNpbAzZ5GLQ\/view?usp=sharing\" target=\"_blank\" rel=\"noreferrer noopener\" target=\"_blank\" rel=\"noopener\">Clasificaci\u00f3n de las conductas de acoso psicol\u00f3gico en el trabajo<\/a><\/span><\/div><\/li>\n\n\n\n<li class=\"wp-block-stackable-icon-list-item stk-block-icon-list-item stk-block stk-c822da2\" data-block-id=\"c822da2\"><div class=\"stk-block-icon-list-item__content\"><span class=\"stk--svg-wrapper\"><div class=\"stk--inner-svg\"><svg aria-hidden=\"true\" width=\"32\" height=\"32\"><use xlink:href=\"#stk-icon-list__icon-svg-def-d9fdf46\"><\/use><\/svg><\/div><\/span><span class=\"stk-block-icon-list-item__text\"><a href=\"https:\/\/drive.google.com\/file\/d\/0Bxi8Rp1_THQzZ3ZwUHk4eFV6SHc\/view?usp=sharing&amp;resourcekey=0-8Qy50yBjwxZi3jmymgEUmw\" target=\"_blank\" rel=\"noreferrer noopener\" target=\"_blank\" rel=\"noopener\">Protocolo para la detecci\u00f3n, prevenci\u00f3n y actuaci\u00f3n en los supuestos de Acoso Sexual y de <\/a><a href=\"https:\/\/drive.google.com\/file\/d\/0Bxi8Rp1_THQzNy1PZHVRZWRzcVU\/view?usp=sharing&amp;resourcekey=0-Y4KvOcFflhomILI1IOYnnA\" target=\"_blank\" rel=\"noreferrer noopener\" target=\"_blank\" rel=\"noopener\">Recomendaciones ergon\u00f3micas<\/a><\/span><\/div><\/li>\n<\/ul><\/div>\n<\/div><\/div><\/div>\n\n\n\n<div class=\"wp-block-stackable-column stk-block-column stk-column stk-block stk-db7e19b stk-block-background stk--has-background-overlay\" data-v=\"4\" data-block-id=\"db7e19b\"><style>.stk-db7e19b-container{margin-top:0px !important;margin-right:0px !important;margin-bottom:0px !important;margin-left:0px !important;}.stk-db7e19b-inner-blocks{row-gap:var(--stk--preset--spacing--none, 0px) !important;}.stk-db7e19b {background-image:url(https:\/\/www.ull.es\/servicios\/prevencion-riesgos-laborales\/wp-content\/uploads\/sites\/60\/2022\/01\/shutterstock_1492613306-min.jpg) !important;}@media screen and (max-width: 767px){.stk-db7e19b {padding-top:200px !important;padding-bottom:200px !important;margin-bottom:-80px !important;}}<\/style><div class=\"stk-column-wrapper stk-block-column__content stk-container stk-db7e19b-container stk--no-background stk--no-padding\"><div class=\"stk-block-content stk-inner-blocks stk-db7e19b-inner-blocks\"><\/div><\/div><\/div>\n<\/div><\/div>\n","protected":false},"excerpt":{"rendered":"<p>Ergonom\u00eda y Psicosociolog\u00eda La Ergonom\u00eda trata de hacer confortable y menos cansado el puesto de trabajo de cada persona. Asimismo, la Psicosociolog\u00eda intenta evitar la insatisfacci\u00f3n del trabajador en su puesto de trabajo buscando controlar los factores psicosociales que puedan resultar nocivos para la salud.<\/p>\n","protected":false},"author":46,"featured_media":0,"parent":0,"menu_order":0,"comment_status":"closed","ping_status":"closed","template":"templates\/template-frontpage.php","meta":{"_acf_changed":false,"footnotes":""},"class_list":["post-201","page","type-page","status-publish","hentry"],"acf":[],"_links":{"self":[{"href":"https:\/\/www.ull.es\/servicios\/prevencion-riesgos-laborales\/wp-json\/wp\/v2\/pages\/201","targetHints":{"allow":["GET"]}}],"collection":[{"href":"https:\/\/www.ull.es\/servicios\/prevencion-riesgos-laborales\/wp-json\/wp\/v2\/pages"}],"about":[{"href":"https:\/\/www.ull.es\/servicios\/prevencion-riesgos-laborales\/wp-json\/wp\/v2\/types\/page"}],"author":[{"embeddable":true,"href":"https:\/\/www.ull.es\/servicios\/prevencion-riesgos-laborales\/wp-json\/wp\/v2\/users\/46"}],"replies":[{"embeddable":true,"href":"https:\/\/www.ull.es\/servicios\/prevencion-riesgos-laborales\/wp-json\/wp\/v2\/comments?post=201"}],"version-history":[{"count":39,"href":"https:\/\/www.ull.es\/servicios\/prevencion-riesgos-laborales\/wp-json\/wp\/v2\/pages\/201\/revisions"}],"predecessor-version":[{"id":959,"href":"https:\/\/www.ull.es\/servicios\/prevencion-riesgos-laborales\/wp-json\/wp\/v2\/pages\/201\/revisions\/959"}],"wp:attachment":[{"href":"https:\/\/www.ull.es\/servicios\/prevencion-riesgos-laborales\/wp-json\/wp\/v2\/media?parent=201"}],"curies":[{"name":"wp","href":"https:\/\/api.w.org\/{rel}","templated":true}]}}