{"id":348,"date":"2024-04-15T13:59:19","date_gmt":"2024-04-15T13:59:19","guid":{"rendered":"https:\/\/www.ull.es\/servicios\/servicio-de-apoyo-y-asesoramiento-pedagogico\/?page_id=348"},"modified":"2026-03-02T13:00:22","modified_gmt":"2026-03-02T13:00:22","slug":"contacto","status":"publish","type":"page","link":"https:\/\/www.ull.es\/servicios\/programa-de-apoyo-y-asesoramiento-pedagogico\/en\/contacto\/","title":{"rendered":"Contact"},"content":{"rendered":"<div class=\"wp-block-stackable-columns alignfull stk-block-columns stk-block stk-38ccfc2\" id=\"coleccion-audiovisual-sobre-metodologias-apoyadas-con-tic\" data-block-id=\"38ccfc2\"><style>.stk-38ccfc2 {margin-bottom:0px !important;}<\/style><div class=\"stk-row stk-inner-blocks stk-block-content stk-content-align stk-38ccfc2-column alignfull\">\n<div class=\"wp-block-stackable-column stk-block-column stk-column stk-block stk-9fcfb78 stk-block-background\" data-v=\"4\" data-block-id=\"9fcfb78\"><style>.stk-9fcfb78 {background-color:#5c068c !important;}.stk-9fcfb78:before{background-color:#5c068c !important;}<\/style><div class=\"stk-column-wrapper stk-block-column__content stk-container stk-9fcfb78-container stk--no-background stk--no-padding\"><div class=\"stk-block-content stk-inner-blocks stk-9fcfb78-inner-blocks\">\n<div class=\"wp-block-stackable-heading stk-block-heading stk-block-heading--v2 stk-block stk-d07e555\" id=\"contacto\" data-block-id=\"d07e555\"><style>.stk-d07e555 {padding-left:390px !important;}.stk-d07e555 .stk-block-heading__text{font-size:40px !important;color:#ffffff !important;font-weight:500 !important;}@media screen and (max-width: 1023px){.stk-d07e555 {padding-left:15px !important;}.stk-d07e555 .stk-block-heading__text{font-size:40px !important;}}@media screen and (max-width: 767px){.stk-d07e555 {padding-left:0px !important;}}<\/style><h1 class=\"stk-block-heading__text has-text-color\">Contact<\/h1><\/div>\n<\/div><\/div><\/div>\n<\/div><\/div>\n\n\n\n<div class=\"wp-block-stackable-columns alignfull stk-block-columns stk-block stk-bfd6f80\" data-block-id=\"bfd6f80\"><style>.stk-bfd6f80 {margin-top:75px !important;margin-bottom:12px !important;}<\/style><div class=\"stk-row stk-inner-blocks stk-block-content stk-content-align stk-bfd6f80-column alignfull\">\n<div class=\"wp-block-stackable-column stk-block-column stk-column stk-block stk-3a4c1e7\" data-v=\"4\" data-block-id=\"3a4c1e7\"><style>.stk-3a4c1e7 {border-style:solid !important;border-color:#5c068c !important;border-top-width:1px !important;border-right-width:1px !important;border-bottom-width:1px !important;border-left-width:1px !important;padding-top:15px !important;padding-right:15px !important;padding-bottom:15px !important;padding-left:15px !important;margin-right:400px !important;margin-left:400px !important;}@media screen and (max-width: 1023px){.stk-3a4c1e7 {margin-right:50px !important;margin-left:50px !important;}}@media screen and (max-width: 767px){.stk-3a4c1e7-inner-blocks{align-items:center !important;}.stk-3a4c1e7 {margin-right:20px !important;margin-left:20px !important;}}<\/style><div class=\"stk-column-wrapper stk-block-column__content stk-container stk-3a4c1e7-container stk--no-background stk--no-padding\"><div class=\"stk-block-content stk-inner-blocks stk-3a4c1e7-inner-blocks\">\n<div class=\"wp-block-stackable-text stk-block-text stk-block stk-0cf0c03\" data-block-id=\"0cf0c03\"><style>.stk-0cf0c03 {margin-bottom:12px !important;}<\/style><p class=\"stk-block-text__text\">Contact us through the PAAP email or the UDV email for any questions we can help you with or for any suggestions:<\/p><\/div>\n\n\n\n<div class=\"wp-block-stackable-icon-list stk-block-icon-list stk-block stk-c3027cf\" data-block-id=\"c3027cf\"><style>.stk-c3027cf {--stk-icon-list-icon-size:4px !important;margin-bottom:12px !important;}.stk-c3027cf .stk-block-icon-list-item__content{align-items:center !important;}.stk-c3027cf ul li, .stk-c3027cf ol li, .stk-c3027cf ul li span, .stk-c3027cf ol li span{font-weight:500 !important;}@media screen and (max-width: 1023px){.stk-c3027cf {margin-left:12px !important;}}@media screen and (max-width: 767px){.stk-c3027cf {margin-left:-85px !important;}}<\/style><svg style=\"display:none\"><defs><g id=\"stk-icon-list__icon-svg-def-c3027cf\"><svg xmlns=\"http:\/\/www.w3.org\/2000\/svg\" viewbox=\"0 0 512 512\"><path d=\"M256 512A256 256 0 1 0 256 0a256 256 0 1 0 0 512z\"\/><\/svg><\/g><\/defs><\/svg><ul class=\"stk-block-icon-list__ul stk-block-icon-list--column\">\n<li class=\"wp-block-stackable-icon-list-item stk-block-icon-list-item stk-block stk-5cbd279\" data-block-id=\"5cbd279\"><div class=\"stk-block-icon-list-item__content\"><span class=\"stk--svg-wrapper\"><div class=\"stk--inner-svg\"><svg aria-hidden=\"true\" width=\"32\" height=\"32\"><use xlink:href=\"#stk-icon-list__icon-svg-def-c3027cf\"><\/use><\/svg><\/div><\/span><span class=\"stk-block-icon-list-item__text\"><strong>paapunidigital@ull.edu.es<\/strong><\/span><\/div><\/li>\n\n\n\n<li class=\"wp-block-stackable-icon-list-item stk-block-icon-list-item stk-block stk-606ed8a\" data-block-id=\"606ed8a\"><div class=\"stk-block-icon-list-item__content\"><span class=\"stk--svg-wrapper\"><div class=\"stk--inner-svg\"><svg aria-hidden=\"true\" width=\"32\" height=\"32\"><use xlink:href=\"#stk-icon-list__icon-svg-def-c3027cf\"><\/use><\/svg><\/div><\/span><span class=\"stk-block-icon-list-item__text\"><strong>unidov@ull.edu.es<\/strong><\/span><\/div><\/li>\n<\/ul><\/div>\n\n\n\n<div class=\"wp-block-stackable-text stk-block-text stk-block stk-2231457\" data-block-id=\"2231457\"><p class=\"stk-block-text__text\">Go in person to the UDV office at: Avenida de la Trinidad, 61, Aulario Torre Professor Agust\u00edn Ar\u00e9valo, Floor 1. Fundaci\u00f3n General Universidad de La Laguna, 38204 San Crist\u00f3bal de La Laguna, Tenerife.<\/p><\/div>\n<\/div><\/div><\/div>\n<\/div><\/div>\n\n\n\n<div class=\"wp-block-stackable-columns alignfull stk-block-columns stk-block stk-1b726aa\" data-block-id=\"1b726aa\"><style>.stk-1b726aa {margin-bottom:12px !important;}<\/style><div class=\"stk-row stk-inner-blocks stk-block-content stk-content-align stk-1b726aa-column alignfull\">\n<div class=\"wp-block-stackable-column stk-block-column stk-column stk-block stk-f2c0193 stk-block-background\" data-v=\"4\" data-block-id=\"f2c0193\"><style>.stk-f2c0193-inner-blocks{align-items:center !important;}.stk-f2c0193 {background-color:#e6e6e6 !important;border-style:solid !important;border-color:#c6c6c6 !important;border-top-width:1px !important;border-right-width:1px !important;border-bottom-width:1px !important;border-left-width:1px !important;padding-top:65px !important;padding-right:0px !important;padding-bottom:65px !important;padding-left:0px !important;margin-right:400px !important;margin-left:400px !important;}.stk-f2c0193:before{background-color:#e6e6e6 !important;}@media screen and (max-width: 1023px){.stk-f2c0193 {margin-right:50px !important;margin-left:50px !important;}}@media screen and (max-width: 767px){.stk-f2c0193 {margin-right:20px !important;margin-left:20px !important;}}<\/style><div class=\"stk-column-wrapper stk-block-column__content stk-container stk-f2c0193-container stk--no-background stk--no-padding\"><div class=\"stk--column-flex stk-block-content stk-inner-blocks stk-f2c0193-inner-blocks\">\n<div class=\"wp-block-stackable-image stk-block-image stk-block stk-169472c\" data-block-id=\"169472c\"><style>.stk-169472c {margin-bottom:12px !important;}.stk-169472c .stk-img-wrapper{width:40px !important;height:40px !important;}<\/style><figure><span class=\"stk-img-wrapper stk-image--shape-stretch\"><img loading=\"lazy\" decoding=\"async\" class=\"stk-img wp-image-350\" src=\"https:\/\/www.ull.es\/servicios\/programa-de-apoyo-y-asesoramiento-pedagogico\/wp-content\/uploads\/sites\/65\/2024\/04\/correo-electronico.png\" width=\"512\" height=\"512\" srcset=\"https:\/\/www.ull.es\/servicios\/programa-de-apoyo-y-asesoramiento-pedagogico\/wp-content\/uploads\/sites\/65\/2024\/04\/correo-electronico.png 512w, https:\/\/www.ull.es\/servicios\/programa-de-apoyo-y-asesoramiento-pedagogico\/wp-content\/uploads\/sites\/65\/2024\/04\/correo-electronico-300x300.png 300w, https:\/\/www.ull.es\/servicios\/programa-de-apoyo-y-asesoramiento-pedagogico\/wp-content\/uploads\/sites\/65\/2024\/04\/correo-electronico-150x150.png 150w, https:\/\/www.ull.es\/servicios\/programa-de-apoyo-y-asesoramiento-pedagogico\/wp-content\/uploads\/sites\/65\/2024\/04\/correo-electronico-375x375.png 375w, https:\/\/www.ull.es\/servicios\/programa-de-apoyo-y-asesoramiento-pedagogico\/wp-content\/uploads\/sites\/65\/2024\/04\/correo-electronico-50x50.png 50w\" sizes=\"auto, (max-width: 512px) 100vw, 512px\" \/><\/span><\/figure><\/div>\n\n\n\n<div class=\"wp-block-stackable-text stk-block-text stk-block stk-fb30676\" data-block-id=\"fb30676\"><style>.stk-fb30676 {margin-bottom:0rem !important;}.stk-fb30676 .stk-block-text__text{color:#7a3b7a !important;font-weight:700 !important;}<\/style><p class=\"stk-block-text__text has-text-color\">unidov@ull.edu.es<\/p><\/div>\n<\/div><a class=\"stk-link stk-block-link stk--transparent-overlay\" href=\"\/servicios\/programa-de-apoyo-y-asesoramiento-pedagogico\/en\/saapunidigital@ull.edu.e\/\" aria-hidden=\"true\" tabindex=\"-1\" target=\"_blank\" rel=\"noopener\"><\/a><\/div><\/div>\n<\/div><\/div>\n\n\n\n<div class=\"wp-block-stackable-columns alignfull stk-block-columns stk-block stk-c936799\" data-block-id=\"c936799\"><style>.stk-c936799 {margin-bottom:12px !important;}<\/style><div class=\"stk-row stk-inner-blocks stk-block-content stk-content-align stk-c936799-column alignfull\">\n<div class=\"wp-block-stackable-column stk-block-column stk-column stk-block stk-b2495e2 stk-block-background\" data-v=\"4\" data-block-id=\"b2495e2\"><style>.stk-b2495e2-inner-blocks{align-items:center !important;}.stk-b2495e2 {background-color:#e6e6e6 !important;border-style:solid !important;border-color:#c6c6c6 !important;border-top-width:1px !important;border-right-width:1px !important;border-bottom-width:1px !important;border-left-width:1px !important;padding-top:65px !important;padding-right:0px !important;padding-bottom:65px !important;padding-left:0px !important;margin-right:400px !important;margin-left:400px !important;}.stk-b2495e2:before{background-color:#e6e6e6 !important;}@media screen and (max-width: 1023px){.stk-b2495e2 {margin-right:50px !important;margin-left:50px !important;}}@media screen and (max-width: 767px){.stk-b2495e2 {margin-right:20px !important;margin-left:20px !important;}}<\/style><div class=\"stk-column-wrapper stk-block-column__content stk-container stk-b2495e2-container stk--no-background stk--no-padding\"><div class=\"stk--column-flex stk-block-content stk-inner-blocks stk-b2495e2-inner-blocks\">\n<div class=\"wp-block-stackable-image stk-block-image stk-block stk-0869233\" data-block-id=\"0869233\"><style>.stk-0869233 {margin-bottom:12px !important;}.stk-0869233 .stk-img-wrapper{width:40px !important;height:40px !important;}<\/style><figure><span class=\"stk-img-wrapper stk-image--shape-stretch\"><img loading=\"lazy\" decoding=\"async\" class=\"stk-img wp-image-350\" src=\"https:\/\/www.ull.es\/servicios\/programa-de-apoyo-y-asesoramiento-pedagogico\/wp-content\/uploads\/sites\/65\/2024\/04\/correo-electronico.png\" width=\"512\" height=\"512\" srcset=\"https:\/\/www.ull.es\/servicios\/programa-de-apoyo-y-asesoramiento-pedagogico\/wp-content\/uploads\/sites\/65\/2024\/04\/correo-electronico.png 512w, https:\/\/www.ull.es\/servicios\/programa-de-apoyo-y-asesoramiento-pedagogico\/wp-content\/uploads\/sites\/65\/2024\/04\/correo-electronico-300x300.png 300w, https:\/\/www.ull.es\/servicios\/programa-de-apoyo-y-asesoramiento-pedagogico\/wp-content\/uploads\/sites\/65\/2024\/04\/correo-electronico-150x150.png 150w, https:\/\/www.ull.es\/servicios\/programa-de-apoyo-y-asesoramiento-pedagogico\/wp-content\/uploads\/sites\/65\/2024\/04\/correo-electronico-375x375.png 375w, https:\/\/www.ull.es\/servicios\/programa-de-apoyo-y-asesoramiento-pedagogico\/wp-content\/uploads\/sites\/65\/2024\/04\/correo-electronico-50x50.png 50w\" sizes=\"auto, (max-width: 512px) 100vw, 512px\" \/><\/span><\/figure><\/div>\n\n\n\n<div class=\"wp-block-stackable-text stk-block-text stk-block stk-86fe3cf\" data-block-id=\"86fe3cf\"><style>.stk-86fe3cf {margin-bottom:0rem !important;}.stk-86fe3cf .stk-block-text__text{color:#7a3b7a !important;font-weight:700 !important;}<\/style><p class=\"stk-block-text__text has-text-color\">paapunidigital@ull.edu.es<\/p><\/div>\n<\/div><a class=\"stk-link stk-block-link stk--transparent-overlay\" href=\"\/servicios\/programa-de-apoyo-y-asesoramiento-pedagogico\/en\/paapunidigital@ull.edu.e\/\" aria-hidden=\"true\" tabindex=\"-1\" target=\"_blank\" rel=\"noopener\"><\/a><\/div><\/div>\n<\/div><\/div>\n\n\n\n<div class=\"wp-block-stackable-columns alignfull stk-block-columns stk-block stk-e607f8c\" data-block-id=\"e607f8c\"><style>.stk-e607f8c {margin-bottom:56px !important;}<\/style><div class=\"stk-row stk-inner-blocks stk-block-content stk-content-align stk-e607f8c-column alignfull\">\n<div class=\"wp-block-stackable-column stk-block-column stk-column stk-block stk-1431052 stk-block-background\" data-v=\"4\" data-block-id=\"1431052\"><style>.stk-1431052-inner-blocks{align-items:center !important;}.stk-1431052 {background-color:#e6e6e6 !important;border-style:solid !important;border-color:#c6c6c6 !important;border-top-width:1px !important;border-right-width:1px !important;border-bottom-width:1px !important;border-left-width:1px !important;padding-top:65px !important;padding-right:0px !important;padding-bottom:65px !important;padding-left:0px !important;margin-right:400px !important;margin-left:400px !important;}.stk-1431052:before{background-color:#e6e6e6 !important;}@media screen and (max-width: 1023px){.stk-1431052 {margin-right:50px !important;margin-left:50px !important;}}@media screen and (max-width: 767px){.stk-1431052 {margin-right:20px !important;margin-left:20px !important;}}<\/style><div class=\"stk-column-wrapper stk-block-column__content stk-container stk-1431052-container stk--no-background stk--no-padding\"><div class=\"stk--column-flex stk-block-content stk-inner-blocks stk-1431052-inner-blocks\">\n<div class=\"wp-block-stackable-image stk-block-image stk-block stk-d1a991f\" data-block-id=\"d1a991f\"><style>.stk-d1a991f {margin-bottom:12px !important;}.stk-d1a991f .stk-img-wrapper{width:40px !important;height:40px !important;}<\/style><figure><span class=\"stk-img-wrapper stk-image--shape-stretch\"><img loading=\"lazy\" decoding=\"async\" class=\"stk-img wp-image-354\" src=\"https:\/\/www.ull.es\/servicios\/programa-de-apoyo-y-asesoramiento-pedagogico\/wp-content\/uploads\/sites\/65\/2024\/04\/locador.png\" width=\"512\" height=\"512\" srcset=\"https:\/\/www.ull.es\/servicios\/programa-de-apoyo-y-asesoramiento-pedagogico\/wp-content\/uploads\/sites\/65\/2024\/04\/locador.png 512w, https:\/\/www.ull.es\/servicios\/programa-de-apoyo-y-asesoramiento-pedagogico\/wp-content\/uploads\/sites\/65\/2024\/04\/locador-300x300.png 300w, https:\/\/www.ull.es\/servicios\/programa-de-apoyo-y-asesoramiento-pedagogico\/wp-content\/uploads\/sites\/65\/2024\/04\/locador-150x150.png 150w, https:\/\/www.ull.es\/servicios\/programa-de-apoyo-y-asesoramiento-pedagogico\/wp-content\/uploads\/sites\/65\/2024\/04\/locador-375x375.png 375w, https:\/\/www.ull.es\/servicios\/programa-de-apoyo-y-asesoramiento-pedagogico\/wp-content\/uploads\/sites\/65\/2024\/04\/locador-50x50.png 50w\" sizes=\"auto, (max-width: 512px) 100vw, 512px\" \/><\/span><\/figure><\/div>\n\n\n\n<div class=\"wp-block-stackable-text stk-block-text stk-block stk-3ad4b78\" data-block-id=\"3ad4b78\"><style>.stk-3ad4b78 {margin-bottom:0rem !important;}.stk-3ad4b78 .stk-block-text__text{color:#7a3b7a !important;font-weight:700 !important;}<\/style><p class=\"stk-block-text__text has-text-color\">San Cristobal de La Laguna<\/p><\/div>\n<\/div><a class=\"stk-link stk-block-link stk--transparent-overlay\" href=\"https:\/\/www.google.com\/maps?ll=28.481813,-16.31766&amp;z=10&amp;t=m&amp;hl=es-ES&amp;gl=US&amp;mapclient=embed&amp;cid=16927166767662741657\" aria-hidden=\"true\" tabindex=\"-1\" target=\"_blank\" rel=\"noreferrer noopener\"><\/a><\/div><\/div>\n<\/div><\/div>\n\n\n\n<div class=\"wp-block-stackable-columns alignfull stk-block-columns stk-block stk-8cb9fd8\" data-block-id=\"8cb9fd8\"><style>.stk-8cb9fd8 {margin-bottom:-95px !important;}<\/style><div class=\"stk-row stk-inner-blocks stk-block-content stk-content-align stk-8cb9fd8-column alignfull\">\n<div class=\"wp-block-stackable-column stk-block-column stk-column stk-block stk-61bdb80\" data-v=\"4\" data-block-id=\"61bdb80\"><div class=\"stk-column-wrapper stk-block-column__content stk-container stk-61bdb80-container stk--no-background stk--no-padding\"><div class=\"stk-block-content stk-inner-blocks stk-61bdb80-inner-blocks\">\n<iframe src=\"https:\/\/www.google.com\/maps\/embed?pb=!1m14!1m8!1m3!1d3124.320723667018!2d-16.31926502360237!3d28.481614244406547!3m2!1i1024!2i768!4f13.1!3m3!1m2!1s0xc41cdbc095133d7%3A0xeae9607dc055b899!2sUnidad%20para%20la%20Docencia%20Virtual!5e0!3m2!1ses!2sus!4v1713189730817!5m2!1ses!2sus\" width=\"100%\" height=\"450\" style=\"border:0;\" allowfullscreen=\"\" loading=\"lazy\" referrerpolicy=\"no-referrer-when-downgrade\"><\/iframe>\n<\/div><\/div><\/div>\n<\/div><\/div>\n\n\n\n<p><\/p>","protected":false},"excerpt":{"rendered":"<p>Contacto Cont\u00e1ctanos a trav\u00e9s del correo del PAAP como el de la UDV para cualquier cuesti\u00f3n que podamos ayudarte o para alguna sugerencia: Acuda presencialmente a la oficina de la UDV en: Avenida de la Trinidad, 61, Aulario Torre Profesor Agust\u00edn Ar\u00e9valo, Planta 1. Fundaci\u00f3n General Universidad de La Laguna, 38204 San Crist\u00f3bal de La&#8230;<\/p>","protected":false},"author":65,"featured_media":95,"parent":0,"menu_order":0,"comment_status":"closed","ping_status":"closed","template":"templates\/template-frontpage.php","meta":{"_acf_changed":false,"footnotes":""},"class_list":["post-348","page","type-page","status-publish","has-post-thumbnail","hentry"],"acf":[],"_links":{"self":[{"href":"https:\/\/www.ull.es\/servicios\/programa-de-apoyo-y-asesoramiento-pedagogico\/en\/wp-json\/wp\/v2\/pages\/348","targetHints":{"allow":["GET"]}}],"collection":[{"href":"https:\/\/www.ull.es\/servicios\/programa-de-apoyo-y-asesoramiento-pedagogico\/en\/wp-json\/wp\/v2\/pages"}],"about":[{"href":"https:\/\/www.ull.es\/servicios\/programa-de-apoyo-y-asesoramiento-pedagogico\/en\/wp-json\/wp\/v2\/types\/page"}],"author":[{"embeddable":true,"href":"https:\/\/www.ull.es\/servicios\/programa-de-apoyo-y-asesoramiento-pedagogico\/en\/wp-json\/wp\/v2\/users\/65"}],"replies":[{"embeddable":true,"href":"https:\/\/www.ull.es\/servicios\/programa-de-apoyo-y-asesoramiento-pedagogico\/en\/wp-json\/wp\/v2\/comments?post=348"}],"version-history":[{"count":110,"href":"https:\/\/www.ull.es\/servicios\/programa-de-apoyo-y-asesoramiento-pedagogico\/en\/wp-json\/wp\/v2\/pages\/348\/revisions"}],"predecessor-version":[{"id":1334,"href":"https:\/\/www.ull.es\/servicios\/programa-de-apoyo-y-asesoramiento-pedagogico\/en\/wp-json\/wp\/v2\/pages\/348\/revisions\/1334"}],"wp:featuredmedia":[{"embeddable":true,"href":"https:\/\/www.ull.es\/servicios\/programa-de-apoyo-y-asesoramiento-pedagogico\/en\/wp-json\/wp\/v2\/media\/95"}],"wp:attachment":[{"href":"https:\/\/www.ull.es\/servicios\/programa-de-apoyo-y-asesoramiento-pedagogico\/en\/wp-json\/wp\/v2\/media?parent=348"}],"curies":[{"name":"wp","href":"https:\/\/api.w.org\/{rel}","templated":true}]}}