{"id":87,"date":"2019-08-07T11:16:34","date_gmt":"2019-08-07T11:16:34","guid":{"rendered":"https:\/\/www.ull.es\/servicios\/servicio-de-apoyo-y-asesoramiento-pedagogico\/?page_id=87"},"modified":"2026-03-02T12:01:13","modified_gmt":"2026-03-02T12:01:13","slug":"orientacion","status":"publish","type":"page","link":"https:\/\/www.ull.es\/servicios\/programa-de-apoyo-y-asesoramiento-pedagogico\/fr\/orientacion\/","title":{"rendered":"Conception des mat\u00e9riaux"},"content":{"rendered":"<div class=\"wp-block-stackable-columns alignfull stk-block-columns stk-block stk-38ccfc2\" id=\"coleccion-audiovisual-sobre-metodologias-apoyadas-con-tic\" data-block-id=\"38ccfc2\"><style>.stk-38ccfc2 {margin-bottom:0px !important;}<\/style><div class=\"stk-row stk-inner-blocks stk-block-content stk-content-align stk-38ccfc2-column alignfull\">\n<div class=\"wp-block-stackable-column stk-block-column stk-column stk-block stk-9fcfb78 stk-block-background\" data-v=\"4\" data-block-id=\"9fcfb78\"><style>.stk-9fcfb78 {background-color:#5c068c !important;}.stk-9fcfb78:before{background-color:#5c068c !important;}<\/style><div class=\"stk-column-wrapper stk-block-column__content stk-container stk-9fcfb78-container stk--no-background stk--no-padding\"><div class=\"stk-block-content stk-inner-blocks stk-9fcfb78-inner-blocks\">\n<div class=\"wp-block-stackable-heading stk-block-heading stk-block-heading--v2 stk-block stk-d07e555\" id=\"diseno-de-materiales\" data-block-id=\"d07e555\"><style>.stk-d07e555 {padding-left:390px !important;}.stk-d07e555 .stk-block-heading__text{font-size:40px !important;color:#ffffff !important;font-weight:500 !important;}@media screen and (max-width: 1023px){.stk-d07e555 {padding-left:30px !important;}.stk-d07e555 .stk-block-heading__text{font-size:40px !important;}}@media screen and (max-width: 767px){.stk-d07e555 {padding-left:0px !important;}}<\/style><h1 class=\"stk-block-heading__text has-text-color\">Conception des mat\u00e9riaux<\/h1><\/div>\n<\/div><\/div><\/div>\n<\/div><\/div>\n\n\n\n<div class=\"wp-block-stackable-columns alignfull stk-block-columns stk-block stk-a7f3535\" data-block-id=\"a7f3535\"><style>.stk-a7f3535 .stk--block-align-a7f3535{align-items:center !important;}.stk-a7f3535 {margin-top:56px !important;margin-bottom:45px !important;}.stk-a7f3535-column{--stk-column-gap:25px !important;}@media screen and (max-width: 1023px){.stk-a7f3535 {margin-bottom:35px !important;}}@media screen and (max-width: 767px){.stk-a7f3535 {margin-bottom:24px !important;}}<\/style><div class=\"stk-row stk-inner-blocks stk--block-align-a7f3535 stk-block-content stk-content-align stk-a7f3535-column alignfull\">\n<div class=\"wp-block-stackable-column stk-block-column stk-column stk-block stk-e02af41\" data-v=\"4\" data-block-id=\"e02af41\"><style>.stk-e02af41 {padding-left:400px !important;}@media screen and (min-width: 768px){.stk-e02af41 {flex:var(--stk-flex-grow, 1) 1 calc(50% - var(--stk-column-gap, 0px) * 1 \/ 2 ) !important;}}@media screen and (min-width: 768px) and (max-width: 1023px){.stk-e02af41 {flex:var(--stk-flex-grow, 1) 1 calc(50% - var(--stk-column-gap, 0px) * 1 \/ 2 ) !important;}}@media screen and (max-width: 1023px){.stk-e02af41 {align-items:center !important;padding-left:40px !important;display:flex !important;}}@media screen and (max-width: 767px){.stk-e02af41 {padding-left:0px !important;}}<\/style><div class=\"stk-column-wrapper stk-block-column__content stk-container stk-e02af41-container stk--no-background stk--no-padding\"><div class=\"stk-block-content stk-inner-blocks stk-e02af41-inner-blocks\">\n<div class=\"wp-block-stackable-image stk-block-image stk-block stk-a930824\" data-block-id=\"a930824\"><style>.stk-a930824 .stk-img-wrapper{width:650px !important;height:444px !important;}@media screen and (max-width: 1023px){.stk-a930824 .stk-img-wrapper{width:385px !important;height:256px !important;}}@media screen and (max-width: 767px){.stk-a930824 .stk-img-wrapper{width:374px !important;height:250px !important;}}<\/style><figure><span class=\"stk-img-wrapper stk-image--shape-stretch\"><img loading=\"lazy\" decoding=\"async\" class=\"stk-img wp-image-474\" src=\"https:\/\/www.ull.es\/servicios\/programa-de-apoyo-y-asesoramiento-pedagogico\/wp-content\/uploads\/sites\/65\/2024\/05\/annie-spratt-QckxruozjRg-unsplash.jpg\" width=\"1600\" height=\"1068\" srcset=\"https:\/\/www.ull.es\/servicios\/programa-de-apoyo-y-asesoramiento-pedagogico\/wp-content\/uploads\/sites\/65\/2024\/05\/annie-spratt-QckxruozjRg-unsplash.jpg 1600w, https:\/\/www.ull.es\/servicios\/programa-de-apoyo-y-asesoramiento-pedagogico\/wp-content\/uploads\/sites\/65\/2024\/05\/annie-spratt-QckxruozjRg-unsplash-300x200.jpg 300w, https:\/\/www.ull.es\/servicios\/programa-de-apoyo-y-asesoramiento-pedagogico\/wp-content\/uploads\/sites\/65\/2024\/05\/annie-spratt-QckxruozjRg-unsplash-1024x684.jpg 1024w, https:\/\/www.ull.es\/servicios\/programa-de-apoyo-y-asesoramiento-pedagogico\/wp-content\/uploads\/sites\/65\/2024\/05\/annie-spratt-QckxruozjRg-unsplash-768x513.jpg 768w, https:\/\/www.ull.es\/servicios\/programa-de-apoyo-y-asesoramiento-pedagogico\/wp-content\/uploads\/sites\/65\/2024\/05\/annie-spratt-QckxruozjRg-unsplash-1536x1025.jpg 1536w, https:\/\/www.ull.es\/servicios\/programa-de-apoyo-y-asesoramiento-pedagogico\/wp-content\/uploads\/sites\/65\/2024\/05\/annie-spratt-QckxruozjRg-unsplash-375x250.jpg 375w, https:\/\/www.ull.es\/servicios\/programa-de-apoyo-y-asesoramiento-pedagogico\/wp-content\/uploads\/sites\/65\/2024\/05\/annie-spratt-QckxruozjRg-unsplash-750x501.jpg 750w, https:\/\/www.ull.es\/servicios\/programa-de-apoyo-y-asesoramiento-pedagogico\/wp-content\/uploads\/sites\/65\/2024\/05\/annie-spratt-QckxruozjRg-unsplash-1140x761.jpg 1140w\" sizes=\"auto, (max-width: 1600px) 100vw, 1600px\" \/><\/span><\/figure><\/div>\n<\/div><\/div><\/div>\n\n\n\n<div class=\"wp-block-stackable-column stk-block-column stk-column stk-block stk-71df18a\" data-v=\"4\" data-block-id=\"71df18a\"><style>.stk-71df18a {align-self:stretch !important;padding-right:400px !important;padding-left:175px !important;}.stk-71df18a-inner-blocks{justify-content:space-around !important;}@media screen and (min-width: 768px){.stk-71df18a {flex:var(--stk-flex-grow, 1) 1 calc(50% - var(--stk-column-gap, 0px) * 1 \/ 2 ) !important;}}@media screen and (min-width: 768px) and (max-width: 1023px){.stk-71df18a {flex:var(--stk-flex-grow, 1) 1 calc(50% - var(--stk-column-gap, 0px) * 1 \/ 2 ) !important;}}@media screen and (max-width: 1023px){.stk-71df18a {padding-right:45px !important;padding-left:25px !important;}}@media screen and (max-width: 767px){.stk-71df18a {padding-right:20px !important;padding-left:20px !important;margin-right:auto !important;margin-left:auto !important;}}<\/style><div class=\"stk-column-wrapper stk-block-column__content stk-container stk-71df18a-container stk--no-background stk--no-padding\"><div class=\"stk--column-flex stk-block-content stk-inner-blocks stk-71df18a-inner-blocks\">\n<div class=\"wp-block-stackable-text stk-block-text stk-block stk-d8e1a3c\" data-block-id=\"d8e1a3c\"><style>.stk-d8e1a3c {margin-bottom:0px !important;}<\/style><p class=\"stk-block-text__text has-text-align-justify\">Cette section fournira un soutien p\u00e9dagogique pour l&#039;int\u00e9gration de m\u00e9thodologies actives appuy\u00e9es par la technologie (apprentissage par projet,&nbsp;<em>classe invers\u00e9e<\/em>\u2026 afin de pouvoir le mettre en \u0153uvre dans les diff\u00e9rentes mati\u00e8res ou formations qui sont dispens\u00e9es de mani\u00e8re mixte ou en ligne.<\/p><\/div>\n<\/div><\/div><\/div>\n<\/div><\/div>\n\n\n\n<div class=\"wp-block-stackable-columns alignfull stk-block-columns stk-block stk-daf6e96\" data-block-id=\"daf6e96\"><div class=\"stk-row stk-inner-blocks stk-block-content stk-content-align stk-daf6e96-column alignfull\">\n<div class=\"wp-block-stackable-column stk-block-column stk-column stk-block stk-35c2366 stk-block-background\" data-v=\"4\" data-block-id=\"35c2366\"><style>.stk-35c2366-inner-blocks{align-items:center !important;}.stk-35c2366 {background-color:#5c068c !important;margin-right:405px !important;margin-left:405px !important;}.stk-35c2366:before{background-color:#5c068c !important;}@media screen and (max-width: 1023px){.stk-35c2366 {margin-right:50px !important;margin-left:50px !important;}}@media screen and (max-width: 767px){.stk-35c2366 {margin-right:20px !important;margin-left:20px !important;}}<\/style><div class=\"stk-column-wrapper stk-block-column__content stk-container stk-35c2366-container stk--no-background stk--no-padding\"><div class=\"stk--column-flex stk-block-content stk-inner-blocks stk-35c2366-inner-blocks\">\n<div class=\"wp-block-stackable-heading stk-block-heading stk-block-heading--v2 stk-block stk-4456600\" id=\"infografias\" data-block-id=\"4456600\"><style>.stk-4456600 .stk-block-heading__text{font-size:26px !important;color:#ffffff !important;font-weight:700 !important;}@media screen and (max-width: 1023px){.stk-4456600 .stk-block-heading__text{font-size:26px !important;}}<\/style><h2 class=\"stk-block-heading__text has-text-color\">Infographies<\/h2><\/div>\n<\/div><\/div><\/div>\n<\/div><\/div>\n\n\n\n<div class=\"wp-block-stackable-columns alignfull stk-block-columns stk-block stk-8118139\" data-block-id=\"8118139\"><div class=\"stk-row stk-inner-blocks stk-block-content stk-content-align stk-8118139-column alignfull\">\n<div class=\"wp-block-stackable-column stk-block-column stk-column stk-block stk-b1852cb\" data-v=\"4\" data-block-id=\"b1852cb\"><style>.stk-b1852cb {padding-right:405px !important;padding-left:405px !important;}@media screen and (max-width: 1023px){.stk-b1852cb {padding-right:25px !important;padding-left:25px !important;}}<\/style><div class=\"stk-column-wrapper stk-block-column__content stk-container stk-b1852cb-container stk--no-background stk--no-padding\"><div class=\"stk-block-content stk-inner-blocks stk-b1852cb-inner-blocks\">\n<div class=\"wp-block-stackable-columns stk-block-columns stk-block stk-9b92adc\" data-block-id=\"9b92adc\"><style>.stk-9b92adc-column{flex-wrap:wrap !important;--stk-flex-grow:0 !important;}<\/style><div class=\"stk-row stk-inner-blocks stk-block-content stk-content-align stk-9b92adc-column\">\n<div class=\"wp-block-stackable-column stk-block-column stk-column stk-block stk-0c810c7\" data-v=\"4\" data-block-id=\"0c810c7\"><style>.stk-0c810c7-inner-blocks{align-items:center !important;justify-content:center !important;}@media screen and (min-width: 768px){.stk-0c810c7 {flex:var(--stk-flex-grow, 1) 1 calc(33.33% - var(--stk-column-gap, 0px) * 2 \/ 3 ) !important;}}<\/style><div class=\"stk-column-wrapper stk-block-column__content stk-container stk-0c810c7-container stk--no-background stk--no-padding\"><div class=\"stk--column-flex stk-block-content stk-inner-blocks stk-0c810c7-inner-blocks\">\n<div style=\"display: flex; justify-content: center; align-items: center; margin-top: 20px;\"><a\n        onmouseleave=\"this.style.borderColor='#5c068c'; this.style.backgroundColor='transparent'; this.style.color='#5c068c'\"\n        onmouseenter=\"this.style.borderColor='#5c068c'; this.style.backgroundColor='#5c068c'; this.style.color='#ffffff';\"\n        style=\"text-decoration: none; border: 2px solid rgb(92, 6, 140); border-radius: 50px; color: rgb(92, 6, 140); background-color: transparent; padding: 10px 20px; font-size: 14px; display: flex; justify-content: center; align-items: center; gap: 15px\"\"\n href=\"https:\/\/drive.google.com\/file\/d\/12v-aocHyTfZ3-A1F4qOdFRSI68Qx2phL\/view\" title=\"\" target=\"_blank\"><i\n            class=\"fas fa-desktop\"><\/i> Transformation num\u00e9rique<\/a>\n<\/div>\n<\/div><\/div><\/div>\n\n\n\n<div class=\"wp-block-stackable-column stk-block-column stk-column stk-block stk-06791ce\" data-v=\"4\" data-block-id=\"06791ce\"><style>.stk-06791ce-inner-blocks{align-items:center !important;justify-content:center !important;}@media screen and (min-width: 768px){.stk-06791ce {flex:var(--stk-flex-grow, 1) 1 calc(33.33% - var(--stk-column-gap, 0px) * 2 \/ 3 ) !important;}}<\/style><div class=\"stk-column-wrapper stk-block-column__content stk-container stk-06791ce-container stk--no-background stk--no-padding\"><div class=\"stk--column-flex stk-block-content stk-inner-blocks stk-06791ce-inner-blocks\">\n<div style=\"display: flex; justify-content: center; align-items: center; margin-top: 20px;\"><a\n        onmouseleave=\"this.style.borderColor='#5c068c'; this.style.backgroundColor='transparent'; this.style.color='#5c068c'\"\n        onmouseenter=\"this.style.borderColor='#5c068c'; this.style.backgroundColor='#5c068c'; this.style.color='#ffffff';\"\n        style=\"text-decoration: none; border: 2px solid rgb(92, 6, 140); border-radius: 50px; color: rgb(92, 6, 140); background-color: transparent; padding: 10px 20px; font-size: 14px; display: flex; justify-content: center; align-items: center; gap: 15px\"\n        href=\"https:\/\/drive.google.com\/file\/d\/1akVcRnHa4WJoRgYczroQNuHpBUkAA8se\/view\" title=\"\" target=\"_blank\"><i\n            class=\"fas fa-file-alt\"><\/i> Mat\u00e9riels p\u00e9dagogiques num\u00e9riques (DEM)<\/a>\n<\/div>\n<\/div><\/div><\/div>\n\n\n\n<div class=\"wp-block-stackable-column stk-block-column stk-column stk-block stk-466b288\" data-v=\"4\" data-block-id=\"466b288\"><style>.stk-466b288-inner-blocks{align-items:center !important;justify-content:center !important;}@media screen and (min-width: 768px){.stk-466b288 {flex:var(--stk-flex-grow, 1) 1 calc(33.33% - var(--stk-column-gap, 0px) * 2 \/ 3 ) !important;}}<\/style><div class=\"stk-column-wrapper stk-block-column__content stk-container stk-466b288-container stk--no-background stk--no-padding\"><div class=\"stk--column-flex stk-block-content stk-inner-blocks stk-466b288-inner-blocks\">\n<div style=\"display: flex; justify-content: center; align-items: center; margin-top: 20px;\"><a\n        onmouseleave=\"this.style.borderColor='#5c068c'; this.style.backgroundColor='transparent'; this.style.color='#5c068c'\"\n        onmouseenter=\"this.style.borderColor='#5c068c'; this.style.backgroundColor='#5c068c'; this.style.color='#ffffff';\"\n        style=\"text-decoration: none; border: 2px solid rgb(92, 6, 140); border-radius: 50px; color: rgb(92, 6, 140); background-color: transparent; padding: 10px 20px; font-size: 14px; display: flex; justify-content: center; align-items: center; gap: 15px\"\"\n href=\"https:\/\/drive.google.com\/file\/d\/1w8QI-8PJdJ08-Q5F_3e9hhnnwBMsqvLS\/view\" title=\"\" target=\"_blank\"><i\n            class=\"fas fa-laptop\"><\/i> WebQuest<\/a>\n<\/div>\n<\/div><\/div><\/div>\n\n\n\n<div class=\"wp-block-stackable-column stk-block-column stk-column stk-block stk-9c1594f\" data-v=\"4\" data-block-id=\"9c1594f\"><style>.stk-9c1594f-inner-blocks{align-items:center !important;justify-content:center !important;}@media screen and (min-width: 768px){.stk-9c1594f {flex:var(--stk-flex-grow, 1) 1 calc(33.33% - var(--stk-column-gap, 0px) * 1 \/ 2 ) !important;}}<\/style><div class=\"stk-column-wrapper stk-block-column__content stk-container stk-9c1594f-container stk--no-background stk--no-padding\"><div class=\"stk--column-flex stk-block-content stk-inner-blocks stk-9c1594f-inner-blocks\">\n<div style=\"display: flex; justify-content: center; align-items: center; margin-top: 20px;\"><a\n        onmouseleave=\"this.style.borderColor='#5c068c'; this.style.backgroundColor='transparent'; this.style.color='#5c068c'\"\n        onmouseenter=\"this.style.borderColor='#5c068c'; this.style.backgroundColor='#5c068c'; this.style.color='#ffffff';\"\n        style=\"text-decoration: none; border: 2px solid rgb(92, 6, 140); border-radius: 50px; color: rgb(92, 6, 140); background-color: transparent; padding: 10px 20px; font-size: 14px; display: flex; justify-content: center; align-items: center; gap: 15px\"\"\n href=\"https:\/\/drive.google.com\/file\/d\/1MrJ7mx-y-Iyepk1MhUaxtIyLzvYMEY9P\/view\" title=\"\" target=\"_blank\"><i\n            class=\"fas fa-file\"><\/i> Portfolios et grilles d&#039;\u00e9valuation<\/a>\n<\/div>\n<\/div><\/div><\/div>\n\n\n\n<div class=\"wp-block-stackable-column stk-block-column stk-column stk-block stk-b84f3e9\" data-v=\"4\" data-block-id=\"b84f3e9\"><style>.stk-b84f3e9-inner-blocks{align-items:center !important;justify-content:center !important;}@media screen and (min-width: 768px){.stk-b84f3e9 {flex:var(--stk-flex-grow, 1) 1 calc(33.33% - var(--stk-column-gap, 0px) * 1 \/ 2 ) !important;}}<\/style><div class=\"stk-column-wrapper stk-block-column__content stk-container stk-b84f3e9-container stk--no-background stk--no-padding\"><div class=\"stk--column-flex stk-block-content stk-inner-blocks stk-b84f3e9-inner-blocks\">\n<div style=\"display: flex; justify-content: center; align-items: center; margin-top: 20px;\"><a\n        onmouseleave=\"this.style.borderColor='#5c068c'; this.style.backgroundColor='transparent'; this.style.color='#5c068c'\"\n        onmouseenter=\"this.style.borderColor='#5c068c'; this.style.backgroundColor='#5c068c'; this.style.color='#ffffff';\"\n        style=\"text-decoration: none; border: 2px solid rgb(92, 6, 140); border-radius: 50px; color: rgb(92, 6, 140); background-color: transparent; padding: 10px 20px; font-size: 14px; display: flex; justify-content: center; align-items: center; display: flex; justify-content: center; align-items: center; gap: 15px\"\"\n href=\"https:\/\/drive.google.com\/file\/d\/11ReMJuL_fQI0wMUq89TgXJcAlrwrub84\/view\" title=\"\" target=\"_blank\"><i\n            class=\"fas fa-chart-line\"><\/i> Activit\u00e9s virtuelles<\/a>\n<\/div>\n<\/div><\/div><\/div>\n<\/div><\/div>\n<\/div><\/div><\/div>\n<\/div><\/div>","protected":false},"excerpt":{"rendered":"<p>Dise\u00f1o de materiales En esta secci\u00f3n se encontrar\u00e1 un apoyo pedag\u00f3gico en la integraci\u00f3n de metodolog\u00edas activas apoyadas con tecnolog\u00eda (Aprendizaje Basado en Proyectos,&nbsp;Flipped Classroom\u2026) para poder implementar en las diferentes asignaturas o titulaciones que se llevan a cabo de manera semipresencial o en l\u00ednea. Infograf\u00edas WebQuest Actividades Virtuales<\/p>","protected":false},"author":12,"featured_media":95,"parent":0,"menu_order":0,"comment_status":"closed","ping_status":"closed","template":"templates\/template-frontpage.php","meta":{"_acf_changed":false,"footnotes":""},"class_list":["post-87","page","type-page","status-publish","has-post-thumbnail","hentry"],"acf":[],"_links":{"self":[{"href":"https:\/\/www.ull.es\/servicios\/programa-de-apoyo-y-asesoramiento-pedagogico\/fr\/wp-json\/wp\/v2\/pages\/87","targetHints":{"allow":["GET"]}}],"collection":[{"href":"https:\/\/www.ull.es\/servicios\/programa-de-apoyo-y-asesoramiento-pedagogico\/fr\/wp-json\/wp\/v2\/pages"}],"about":[{"href":"https:\/\/www.ull.es\/servicios\/programa-de-apoyo-y-asesoramiento-pedagogico\/fr\/wp-json\/wp\/v2\/types\/page"}],"author":[{"embeddable":true,"href":"https:\/\/www.ull.es\/servicios\/programa-de-apoyo-y-asesoramiento-pedagogico\/fr\/wp-json\/wp\/v2\/users\/12"}],"replies":[{"embeddable":true,"href":"https:\/\/www.ull.es\/servicios\/programa-de-apoyo-y-asesoramiento-pedagogico\/fr\/wp-json\/wp\/v2\/comments?post=87"}],"version-history":[{"count":135,"href":"https:\/\/www.ull.es\/servicios\/programa-de-apoyo-y-asesoramiento-pedagogico\/fr\/wp-json\/wp\/v2\/pages\/87\/revisions"}],"predecessor-version":[{"id":1193,"href":"https:\/\/www.ull.es\/servicios\/programa-de-apoyo-y-asesoramiento-pedagogico\/fr\/wp-json\/wp\/v2\/pages\/87\/revisions\/1193"}],"wp:featuredmedia":[{"embeddable":true,"href":"https:\/\/www.ull.es\/servicios\/programa-de-apoyo-y-asesoramiento-pedagogico\/fr\/wp-json\/wp\/v2\/media\/95"}],"wp:attachment":[{"href":"https:\/\/www.ull.es\/servicios\/programa-de-apoyo-y-asesoramiento-pedagogico\/fr\/wp-json\/wp\/v2\/media?parent=87"}],"curies":[{"name":"wp","href":"https:\/\/api.w.org\/{rel}","templated":true}]}}