{"id":7466,"date":"2022-04-26T09:17:55","date_gmt":"2022-04-26T09:17:55","guid":{"rendered":"https:\/\/www.ull.es\/servicios\/publicaciones\/?page_id=7466"},"modified":"2026-03-12T16:16:55","modified_gmt":"2026-03-12T16:16:55","slug":"comisiones","status":"publish","type":"page","link":"https:\/\/www.ull.es\/servicios\/publicaciones\/fr\/comisiones\/","title":{"rendered":"Commissions"},"content":{"rendered":"<div class=\"wp-block-stackable-columns alignfull stk-block-columns stk-block stk-16a94b8\" data-block-id=\"16a94b8\"><style>.stk-16a94b8 {margin-bottom:40px !important;}@media screen and (max-width: 767px){.stk-16a94b8 {padding-top:0px !important;padding-right:0px !important;padding-bottom:0px !important;padding-left:0px !important;}}<\/style><div class=\"stk-row stk-inner-blocks stk-block-content stk-content-align stk-16a94b8-column alignfull\">\n<div class=\"wp-block-stackable-column stk-block-column stk-column stk-block stk-dfe9b01 stk-block-background stk--has-background-overlay\" data-v=\"4\" data-block-id=\"dfe9b01\"><style>.stk-dfe9b01 {background-image:url(https:\/\/www.ull.es\/servicios\/publicaciones\/wp-content\/uploads\/sites\/5\/2018\/01\/libros-biblioteca-slider.jpg) !important;}.stk-dfe9b01:before{background-color:#000000 !important;opacity:0.3 !important;}@media screen and (max-width: 767px){.stk-dfe9b01 {padding-top:0px !important;padding-right:0px !important;padding-bottom:0px !important;padding-left:0px !important;}.stk-dfe9b01-container{min-height:320px !important;}}<\/style><div class=\"stk-column-wrapper stk-block-column__content stk-container stk-dfe9b01-container stk--no-background stk--no-padding\"><div class=\"stk-block-content stk-inner-blocks stk-dfe9b01-inner-blocks\">\n<div class=\"wp-block-stackable-columns alignfull stk-block-columns stk-block stk-3bf239f\" data-block-id=\"3bf239f\"><style>@media screen and (max-width: 1023px){.stk-3bf239f {padding-left:0px !important;}}<\/style><div class=\"stk-row stk-inner-blocks stk-block-content stk-content-align stk-3bf239f-column alignfull\">\n<div class=\"wp-block-stackable-column stk-block-column stk-column stk-block stk-f66584c\" data-v=\"4\" data-block-id=\"f66584c\"><div class=\"stk-column-wrapper stk-block-column__content stk-container stk-f66584c-container stk--no-background stk--no-padding\"><div class=\"stk-block-content stk-inner-blocks stk-f66584c-inner-blocks\">\n<div class=\"wp-block-stackable-heading stk-block-heading stk-block-heading--v2 stk-block stk-1bb54e9\" id=\"servicio-de-publicaciones\" data-block-id=\"1bb54e9\"><style>.stk-1bb54e9 {padding-top:110px !important;padding-right:25px !important;padding-bottom:75px !important;padding-left:420px !important;}.stk-1bb54e9 .stk-block-heading__text{font-size:35px !important;color:#ffffff !important;font-weight:400 !important;}@media screen and (max-width: 1023px){.stk-1bb54e9 {padding-left:55px !important;}.stk-1bb54e9 .stk-block-heading__text{font-size:35px !important;}}@media screen and (max-width: 767px){.stk-1bb54e9 {padding-top:110px !important;padding-right:75px !important;padding-left:25px !important;}.stk-1bb54e9 .stk-block-heading__text{font-size:33px !important;}}<\/style><h2 class=\"stk-block-heading__text has-text-color has-text-align-left has-text-align-left-tablet has-text-align-left-mobile\">D\u00e9partement des publications<\/h2><\/div>\n<\/div><\/div><\/div>\n<\/div><\/div>\n<\/div><\/div><\/div>\n<\/div><\/div>\n\n\n\n<div class=\"wp-block-stackable-columns alignfull stk-block-columns stk-block stk-4d15fa9\" data-block-id=\"4d15fa9\"><style>.stk-4d15fa9 {border-style:solid !important;border-color:#e2e2e2 !important;border-top-width:0px !important;border-right-width:0px !important;border-bottom-width:1px !important;border-left-width:0px !important;margin-bottom:40px !important;}<\/style><div class=\"stk-row stk-inner-blocks stk-block-content stk-content-align stk-4d15fa9-column alignfull\">\n<div class=\"wp-block-stackable-column stk-block-column stk-column stk-block stk-5e02bfe\" data-v=\"4\" data-block-id=\"5e02bfe\"><div class=\"stk-column-wrapper stk-block-column__content stk-container stk-5e02bfe-container stk--no-background stk--no-padding\"><div class=\"stk-block-content stk-inner-blocks stk-5e02bfe-inner-blocks\">\n<div class=\"wp-block-stackable-columns alignwide stk-block-columns stk-block stk-8eff0e0\" data-block-id=\"8eff0e0\"><style>.stk-8eff0e0 {padding-right:10% !important;padding-left:10% !important;}<\/style><div class=\"stk-row stk-inner-blocks stk-block-content stk-content-align stk-8eff0e0-column alignwide\">\n<div class=\"wp-block-stackable-column stk-block-column stk-column stk-block stk-ccccb3a\" data-v=\"4\" data-block-id=\"ccccb3a\"><div class=\"stk-column-wrapper stk-block-column__content stk-container stk-ccccb3a-container stk--no-background stk--no-padding\"><div class=\"stk-block-content stk-inner-blocks stk-ccccb3a-inner-blocks\">\n<nav class=\"ull-breadcrumbs\" role=\"navigation\" aria-label=\"chapelure\"><ul><li><a href=\"https:\/\/www.ull.es\/servicios\/publicaciones\/fr\/servicios\/\" title=\"Universit\u00e9 de La Laguna\" target=\"_blank\" rel=\"noopener\">Commencer<\/a><\/li><li><a href=\"https:\/\/www.ull.es\/servicios\/publicaciones\/fr\/\" title=\"D\u00e9partement des publications\" target=\"_blank\" rel=\"noopener\">D\u00e9partement des publications<\/a><\/li><li class=\"current\"><span>Commissions<\/span><\/li><\/ul><\/nav>\n<\/div><\/div><\/div>\n<\/div><\/div>\n<\/div><\/div><\/div>\n<\/div><\/div>\n\n\n\n<div class=\"wp-block-stackable-columns stk-block-columns stk-block stk-82fea45\" data-block-id=\"82fea45\"><div class=\"stk-row stk-inner-blocks stk-block-content stk-content-align stk-82fea45-column\">\n<div class=\"wp-block-stackable-column stk-block-column stk-column stk-block stk-a8e0640\" data-v=\"4\" data-block-id=\"a8e0640\"><div class=\"stk-column-wrapper stk-block-column__content stk-container stk-a8e0640-container stk--no-background stk--no-padding\"><div class=\"stk-block-content stk-inner-blocks stk-a8e0640-inner-blocks\">\n<div class=\"wp-block-stackable-heading stk-block-heading stk-block-heading--v2 stk-block stk-3351b77\" id=\"comisiones\" data-block-id=\"3351b77\"><style>.stk-3351b77 {margin-bottom:25px !important;}.stk-3351b77 .stk-block-heading__text{color:#5c068c !important;font-weight:400 !important;}<\/style><h1 class=\"stk-block-heading__text has-text-color\">Commissions<\/h1><\/div>\n\n\n\n<div class=\"wp-block-stackable-heading stk-block-heading stk-block-heading--v2 stk-block stk-78ed9c0\" id=\"strong-comite-asesor-editorial-strong\" data-block-id=\"78ed9c0\"><style>.stk-78ed9c0 .stk-block-heading__text{color:#5c068c !important;font-weight:400 !important;}<\/style><h2 class=\"stk-block-heading__text has-text-color\"><strong>Comit\u00e9 consultatif \u00e9ditorial<\/strong><\/h2><\/div>\n\n\n\n<div class=\"wp-block-stackable-text stk-block-text stk-block stk-e6b2c7b\" data-block-id=\"e6b2c7b\"><p class=\"stk-block-text__text\">Un Comit\u00e9 consultatif \u00e9ditorial sera constitu\u00e9, compos\u00e9 de huit professeurs\u00a0: quatre en sciences humaines et sociales et quatre en sciences de la vie et sciences fondamentales et appliqu\u00e9es, poss\u00e9dant les qualifications requises dans les diff\u00e9rentes sp\u00e9cialit\u00e9s scientifiques, artistiques ou techniques. Art. 7.1. Le Comit\u00e9 consultatif \u00e9ditorial a pour mission d\u2019informer le directeur du Service de la qualit\u00e9 scientifique et de la conformit\u00e9 des manuscrits soumis aux directives du Service des publications, ainsi que de toute autre exigence que le directeur jugera n\u00e9cessaire.<\/p><\/div>\n\n\n\n<figure class=\"wp-block-table\"><table class=\"has-fixed-layout\"><tbody><tr><td><strong>Pr\u00e9sident<\/strong><\/td><td><strong>Roberto J. Gonz\u00e1lez Zalaca\u00edn<\/strong>&nbsp;\u2013 Directeur du Secr\u00e9tariat des Instituts et Publications Universitaires&nbsp;<\/td><td>922 317 792 direccion.institutos@ull.es<\/td><\/tr><tr><td><strong>H \/ CS<\/strong><\/td><td><strong>Agust\u00edn Santana Talavera<\/strong>, Professeur titulaire \u00e0 l&#039;Universit\u00e9 dans le domaine de l&#039;anthropologie sociale<\/td><td>922 317 966 asantana@ull.es<\/td><\/tr><tr><td><strong>H \/ CS<\/strong><\/td><td><strong>Dolores Garc\u00eda Padr\u00f3n<\/strong>&nbsp;\u2013 Professeur titulaire \u00e0 l&#039;Universit\u00e9, d\u00e9partement de langue espagnole, d\u00e9partement de philologie espagnole<\/td><td>922 317 673 dgarcia@ull.es<\/td><\/tr><tr><td><strong>H \/ CS<\/strong><\/td><td><strong>Teresa Gonz\u00e1lez P\u00e9rez<\/strong>&nbsp;Professeur titulaire au D\u00e9partement d&#039;histoire et de philosophie des sciences, de l&#039;\u00e9ducation et des langues<\/td><td>922 319 209teregonz@ull.es<\/td><\/tr><tr><td><strong>H \/ CS<\/strong><\/td><td><strong>Dulce Mar\u00eda Gonz\u00e1lez Doreste<\/strong>, Professeur de philologie fran\u00e7aise. D\u00e9partement de philologie classique, fran\u00e7aise, arabe et romane. Section de philologie. Facult\u00e9 des lettres et sciences humaines.<\/td><td>922 317 690ddoreste@ull.es<\/td><\/tr><tr><td><strong>CV \/ CPA<\/strong><\/td><td><strong>Ir\u00e8ne M\u00e1rquez Corbella,&nbsp;<\/strong>Professeur contractuel, titulaire d&#039;un doctorat en alg\u00e8bre. D\u00e9partement de math\u00e9matiques, de statistique et de recherche op\u00e9rationnelle. Facult\u00e9 des sciences.&nbsp;<\/td><td>922 318 108 imarquec@ull.es<\/td><\/tr><tr><td><strong>CV \/ CPA<\/strong><\/td><td><strong>Pedro Antonio Toledo Delgado<\/strong>, Professeur contractuel d&#039;architecture et de technologie informatique<\/td><td>922 318 276petode@ull.es&nbsp;<\/td><\/tr><tr><td><strong>CV \/ CPA<\/strong><\/td><td><strong>Inocencio R. Mart\u00edn Benenzuela<\/strong>, Professeur de physique appliqu\u00e9e, D\u00e9partement de physique, Facult\u00e9 des sciences<\/td><td>922 845 288 imartin@ull.es<\/td><\/tr><tr><td><strong>CV \/ CPA<\/strong><\/td><td><strong>Rafael Mart\u00ednez Sanz<\/strong>, Professeur titulaire \u00e0 l&#039;Universit\u00e9, D\u00e9partement de chirurgie, d&#039;ophtalmologie et d&#039;oto-rhino-laryngologie, Facult\u00e9 des sciences de la sant\u00e9.<\/td><td>922 319 291rmsanz@ull.es<\/td><\/tr><\/tbody><\/table><\/figure>\n\n\n\n<p>*Assurera le secr\u00e9tariat du comit\u00e9 consultatif \u00e9ditorial\u00a0:&nbsp;<\/p>\n\n\n\n<ul class=\"wp-block-list\">\n<li><strong>Pedro Antonio Toledo Delgado<\/strong>, Professeur contractuel titulaire d&#039;un doctorat en architecture et en technologies informatiques.<\/li>\n<\/ul>\n\n\n\n<h2 class=\"wp-block-heading\">Comit\u00e9 des publications<\/h2>\n\n\n\n<p>Conform\u00e9ment au R\u00e8glement relatif \u00e0 l&#039;organisation et au fonctionnement du Service des publications, approuv\u00e9 par le Conseil d&#039;administration le 19 octobre 1995, Chapitre deux du Comit\u00e9 consultatif de r\u00e9daction. Art. 6. 1,&nbsp;<\/p>\n\n\n\n<figure class=\"wp-block-table\"><table class=\"has-fixed-layout\"><tbody><tr><td>Pr\u00e9sident<\/td><td><strong>Roberto J. Gonz\u00e1lez Zalacain<\/strong>&nbsp;\u2013 Directeur du Secr\u00e9tariat des instituts universitaires et des publications.<\/td><td>922 317 792 direccion.institutos@ull.es<\/td><\/tr><tr><td>Repr\u00e9sentant(e) du comit\u00e9 consultatif \u00e9ditorial (sciences humaines et sociales)<\/td><td><strong>Dulce Mar\u00eda Gonz\u00e1lez Doreste<\/strong>, Professeur de philologie fran\u00e7aise. D\u00e9partement de philologie classique, fran\u00e7aise, arabe et romane. Section de philologie. Facult\u00e9 des lettres et sciences humaines.<\/td><td>922 317 690 ddoreste@ull.es<\/td><\/tr><tr><td>Repr\u00e9sentant du comit\u00e9 consultatif \u00e9ditorial (pour les sciences de la vie et les sciences pures et appliqu\u00e9es)<\/td><td><strong>Ir\u00e8ne M\u00e1rquez Corbella,&nbsp;<\/strong>Professeur contractuel, titulaire d&#039;un doctorat en alg\u00e8bre. D\u00e9partement de math\u00e9matiques, de statistique et de recherche op\u00e9rationnelle. Facult\u00e9 des sciences.&nbsp;<\/td><td>922 318 108 imarquec@ull.es<\/td><\/tr><tr><td>Conseiller en conception graphique \u00e9ditoriale (nomm\u00e9 par le recteur sur proposition du vice-recteur aux infrastructures et aux services universitaires).<\/td><td><strong>Javier Torres Franquis<\/strong>&nbsp;Facult\u00e9 des Beaux-Arts.<\/td><td>922 319 756 fjtorres@ull.es<\/td><\/tr><tr><td>Chef de d\u00e9partement de SPULL, qui fera office de secr\u00e9taire de la Commission.<\/td><td>&nbsp;<strong>Demetrio Vicente Valverde Hern\u00e1ndez<\/strong>.<\/td><td>922 319 198 svpubl@ull.es<\/td><\/tr><tr><td>Repr\u00e9sentant du vice-rectorat \u00e0 la recherche (nomm\u00e9 par le recteur sur proposition du vice-recteur \u00e0 la recherche)<\/td><td><strong>Roberto J. Gonz\u00e1lez Zalacain<\/strong>&nbsp;\u2013 Directeur du Secr\u00e9tariat des instituts universitaires et des publications.<\/td><td>922 317 792 direccion.institutos@ull.es<\/td><\/tr><\/tbody><\/table><\/figure>\n<\/div><\/div><\/div>\n<\/div><\/div>","protected":false},"excerpt":{"rendered":"<p>Service des publications Accueil Comit\u00e9s Comit\u00e9 consultatif de r\u00e9daction Un comit\u00e9 consultatif de r\u00e9daction sera cr\u00e9\u00e9, compos\u00e9 de huit professeurs\u00a0: quatre en sciences humaines et sociales et quatre en sciences de la vie et sciences pures et appliqu\u00e9es, poss\u00e9dant les qualifications requises dans les diff\u00e9rentes sp\u00e9cialit\u00e9s scientifiques, artistiques ou techniques. Art. 7. 1. Le\u2026<\/p>","protected":false},"author":12,"featured_media":0,"parent":0,"menu_order":0,"comment_status":"closed","ping_status":"closed","template":"templates\/template-frontpage.php","meta":{"_acf_changed":false,"footnotes":""},"class_list":["post-7466","page","type-page","status-publish","hentry"],"acf":[],"_links":{"self":[{"href":"https:\/\/www.ull.es\/servicios\/publicaciones\/fr\/wp-json\/wp\/v2\/pages\/7466","targetHints":{"allow":["GET"]}}],"collection":[{"href":"https:\/\/www.ull.es\/servicios\/publicaciones\/fr\/wp-json\/wp\/v2\/pages"}],"about":[{"href":"https:\/\/www.ull.es\/servicios\/publicaciones\/fr\/wp-json\/wp\/v2\/types\/page"}],"author":[{"embeddable":true,"href":"https:\/\/www.ull.es\/servicios\/publicaciones\/fr\/wp-json\/wp\/v2\/users\/12"}],"replies":[{"embeddable":true,"href":"https:\/\/www.ull.es\/servicios\/publicaciones\/fr\/wp-json\/wp\/v2\/comments?post=7466"}],"version-history":[{"count":19,"href":"https:\/\/www.ull.es\/servicios\/publicaciones\/fr\/wp-json\/wp\/v2\/pages\/7466\/revisions"}],"predecessor-version":[{"id":7986,"href":"https:\/\/www.ull.es\/servicios\/publicaciones\/fr\/wp-json\/wp\/v2\/pages\/7466\/revisions\/7986"}],"wp:attachment":[{"href":"https:\/\/www.ull.es\/servicios\/publicaciones\/fr\/wp-json\/wp\/v2\/media?parent=7466"}],"curies":[{"name":"wp","href":"https:\/\/api.w.org\/{rel}","templated":true}]}}