{"id":244,"date":"2017-12-03T22:43:53","date_gmt":"2017-12-03T22:43:53","guid":{"rendered":"http:\/\/publicaciones.bigmountain.studio\/?page_id=244"},"modified":"2026-03-23T13:54:43","modified_gmt":"2026-03-23T13:54:43","slug":"catalogo","status":"publish","type":"page","link":"https:\/\/www.ull.es\/servicios\/publicaciones\/catalogo\/","title":{"rendered":"Cat\u00e1logo"},"content":{"rendered":"\n<div class=\"wp-block-stackable-columns alignfull stk-block-columns stk-block stk-16a94b8\" data-block-id=\"16a94b8\"><style>.stk-16a94b8 {margin-bottom:40px !important;}@media screen and (max-width: 767px){.stk-16a94b8 {padding-top:0px !important;padding-right:0px !important;padding-bottom:0px !important;padding-left:0px !important;}}<\/style><div class=\"stk-row stk-inner-blocks stk-block-content stk-content-align stk-16a94b8-column alignfull\">\n<div class=\"wp-block-stackable-column stk-block-column stk-column stk-block stk-dfe9b01 stk-block-background stk--has-background-overlay\" data-v=\"4\" data-block-id=\"dfe9b01\"><style>.stk-dfe9b01 {background-image:url(https:\/\/www.ull.es\/servicios\/publicaciones\/wp-content\/uploads\/sites\/5\/2018\/01\/libros-biblioteca-slider.jpg) !important;}.stk-dfe9b01:before{background-color:#000000 !important;opacity:0.3 !important;}@media screen and (max-width: 767px){.stk-dfe9b01 {padding-top:0px !important;padding-right:0px !important;padding-bottom:0px !important;padding-left:0px !important;}.stk-dfe9b01-container{min-height:320px !important;}}<\/style><div class=\"stk-column-wrapper stk-block-column__content stk-container stk-dfe9b01-container stk--no-background stk--no-padding\"><div class=\"stk-block-content stk-inner-blocks stk-dfe9b01-inner-blocks\">\n<div class=\"wp-block-stackable-columns alignfull stk-block-columns stk-block stk-3bf239f\" data-block-id=\"3bf239f\"><style>@media screen and (max-width: 1023px){.stk-3bf239f {padding-left:0px !important;}}<\/style><div class=\"stk-row stk-inner-blocks stk-block-content stk-content-align stk-3bf239f-column alignfull\">\n<div class=\"wp-block-stackable-column stk-block-column stk-column stk-block stk-f66584c\" data-v=\"4\" data-block-id=\"f66584c\"><div class=\"stk-column-wrapper stk-block-column__content stk-container stk-f66584c-container stk--no-background stk--no-padding\"><div class=\"stk-block-content stk-inner-blocks stk-f66584c-inner-blocks\">\n<div class=\"wp-block-stackable-heading stk-block-heading stk-block-heading--v2 stk-block stk-1bb54e9\" id=\"servicio-de-publicaciones\" data-block-id=\"1bb54e9\"><style>.stk-1bb54e9 {padding-top:110px !important;padding-right:25px !important;padding-bottom:75px !important;padding-left:420px !important;}.stk-1bb54e9 .stk-block-heading__text{font-size:35px !important;color:#ffffff !important;font-weight:400 !important;}@media screen and (max-width: 1023px){.stk-1bb54e9 {padding-left:55px !important;}.stk-1bb54e9 .stk-block-heading__text{font-size:35px !important;}}@media screen and (max-width: 767px){.stk-1bb54e9 {padding-top:110px !important;padding-right:75px !important;padding-left:25px !important;}.stk-1bb54e9 .stk-block-heading__text{font-size:33px !important;}}<\/style><h2 class=\"stk-block-heading__text has-text-color has-text-align-left has-text-align-left-tablet has-text-align-left-mobile\">Servicio de Publicaciones<\/h2><\/div>\n<\/div><\/div><\/div>\n<\/div><\/div>\n<\/div><\/div><\/div>\n<\/div><\/div>\n\n\n\n<div class=\"wp-block-stackable-columns alignfull stk-block-columns stk-block stk-4d15fa9\" data-block-id=\"4d15fa9\"><style>.stk-4d15fa9 {border-style:solid !important;border-color:#e2e2e2 !important;border-top-width:0px !important;border-right-width:0px !important;border-bottom-width:1px !important;border-left-width:0px !important;margin-bottom:40px !important;}<\/style><div class=\"stk-row stk-inner-blocks stk-block-content stk-content-align stk-4d15fa9-column alignfull\">\n<div class=\"wp-block-stackable-column stk-block-column stk-column stk-block stk-5e02bfe\" data-v=\"4\" data-block-id=\"5e02bfe\"><div class=\"stk-column-wrapper stk-block-column__content stk-container stk-5e02bfe-container stk--no-background stk--no-padding\"><div class=\"stk-block-content stk-inner-blocks stk-5e02bfe-inner-blocks\">\n<div class=\"wp-block-stackable-columns alignwide stk-block-columns stk-block stk-8eff0e0\" data-block-id=\"8eff0e0\"><style>.stk-8eff0e0 {padding-right:10% !important;padding-left:10% !important;}<\/style><div class=\"stk-row stk-inner-blocks stk-block-content stk-content-align stk-8eff0e0-column alignwide\">\n<div class=\"wp-block-stackable-column stk-block-column stk-column stk-block stk-ccccb3a\" data-v=\"4\" data-block-id=\"ccccb3a\"><div class=\"stk-column-wrapper stk-block-column__content stk-container stk-ccccb3a-container stk--no-background stk--no-padding\"><div class=\"stk-block-content stk-inner-blocks stk-ccccb3a-inner-blocks\">\n<nav class=\"ull-breadcrumbs\" role=\"navigation\" aria-label=\"breadcrumbs\"><ul><li><a href=\"https:\/\/www.ull.es\/servicios\/\" title=\"Universidad de La Laguna\" target=\"_blank\" rel=\"noopener\">Inicio<\/a><\/li><li><a href=\"https:\/\/www.ull.es\/servicios\/publicaciones\/\" title=\"Servicio de Publicaciones\" target=\"_blank\" rel=\"noopener\">Servicio de Publicaciones<\/a><\/li><li class=\"current\"><span>Compra y venta de publicaciones<\/span><\/li><\/ul><\/nav>\n<\/div><\/div><\/div>\n<\/div><\/div>\n<\/div><\/div><\/div>\n<\/div><\/div>\n\n\n\n<div class=\"wp-block-stackable-columns stk-block-columns stk-block stk-82fea45\" data-block-id=\"82fea45\"><style>.stk-82fea45 {margin-bottom:50px !important;}<\/style><div class=\"stk-row stk-inner-blocks stk-block-content stk-content-align stk-82fea45-column\">\n<div class=\"wp-block-stackable-column stk-block-column stk-column stk-block stk-a8e0640\" data-v=\"4\" data-block-id=\"a8e0640\"><div class=\"stk-column-wrapper stk-block-column__content stk-container stk-a8e0640-container stk--no-background stk--no-padding\"><div class=\"stk-block-content stk-inner-blocks stk-a8e0640-inner-blocks\">\n<div class=\"wp-block-stackable-heading stk-block-heading stk-block-heading--v2 stk-block stk-3351b77\" id=\"catalogo\" data-block-id=\"3351b77\"><style>.stk-3351b77 .stk-block-heading__text{color:#5c068c !important;font-weight:400 !important;}<\/style><h1 class=\"stk-block-heading__text has-text-color\">Cat\u00e1logo<\/h1><\/div>\n\n\n\n<p>Consulte nuestro amplio cat\u00e1logo donde podr\u00e1 encontrar la producci\u00f3n de nuestro sello editorial con libros, actas de congresos, revistas cient\u00edficas, tesis doctorales y otros textos de car\u00e1cter institucional.<\/p>\n<\/div><\/div><\/div>\n<\/div><\/div>\n","protected":false},"excerpt":{"rendered":"<p>Servicio de Publicaciones Inicio Servicio de Publicaciones Compra y venta de publicaciones Cat\u00e1logo Consulte nuestro amplio cat\u00e1logo donde podr\u00e1 encontrar la producci\u00f3n de nuestro sello editorial con libros, actas de congresos, revistas cient\u00edficas, tesis doctorales y otros textos de car\u00e1cter institucional.<\/p>\n","protected":false},"author":1,"featured_media":0,"parent":0,"menu_order":0,"comment_status":"closed","ping_status":"closed","template":"templates\/template-frontpage.php","meta":{"_acf_changed":false,"footnotes":""},"class_list":["post-244","page","type-page","status-publish","hentry"],"acf":[],"_links":{"self":[{"href":"https:\/\/www.ull.es\/servicios\/publicaciones\/wp-json\/wp\/v2\/pages\/244","targetHints":{"allow":["GET"]}}],"collection":[{"href":"https:\/\/www.ull.es\/servicios\/publicaciones\/wp-json\/wp\/v2\/pages"}],"about":[{"href":"https:\/\/www.ull.es\/servicios\/publicaciones\/wp-json\/wp\/v2\/types\/page"}],"author":[{"embeddable":true,"href":"https:\/\/www.ull.es\/servicios\/publicaciones\/wp-json\/wp\/v2\/users\/1"}],"replies":[{"embeddable":true,"href":"https:\/\/www.ull.es\/servicios\/publicaciones\/wp-json\/wp\/v2\/comments?post=244"}],"version-history":[{"count":2,"href":"https:\/\/www.ull.es\/servicios\/publicaciones\/wp-json\/wp\/v2\/pages\/244\/revisions"}],"predecessor-version":[{"id":7989,"href":"https:\/\/www.ull.es\/servicios\/publicaciones\/wp-json\/wp\/v2\/pages\/244\/revisions\/7989"}],"wp:attachment":[{"href":"https:\/\/www.ull.es\/servicios\/publicaciones\/wp-json\/wp\/v2\/media?parent=244"}],"curies":[{"name":"wp","href":"https:\/\/api.w.org\/{rel}","templated":true}]}}