{"id":259,"date":"2017-12-04T14:43:29","date_gmt":"2017-12-04T14:43:29","guid":{"rendered":"http:\/\/publicaciones.bigmountain.studio\/?page_id=259"},"modified":"2026-03-12T16:15:55","modified_gmt":"2026-03-12T16:15:55","slug":"informacion-ubicacion-y-contacto","status":"publish","type":"page","link":"https:\/\/www.ull.es\/servicios\/publicaciones\/informacion-ubicacion-y-contacto\/","title":{"rendered":"Informaci\u00f3n, ubicaci\u00f3n y contacto"},"content":{"rendered":"\n<div class=\"wp-block-stackable-columns alignfull stk-block-columns stk-block stk-16a94b8\" data-block-id=\"16a94b8\"><style>.stk-16a94b8 {margin-bottom:40px !important;}@media screen and (max-width: 767px){.stk-16a94b8 {padding-top:0px !important;padding-right:0px !important;padding-bottom:0px !important;padding-left:0px !important;}}<\/style><div class=\"stk-row stk-inner-blocks stk-block-content stk-content-align stk-16a94b8-column alignfull\">\n<div class=\"wp-block-stackable-column stk-block-column stk-column stk-block stk-dfe9b01 stk-block-background stk--has-background-overlay\" data-v=\"4\" data-block-id=\"dfe9b01\"><style>.stk-dfe9b01 {background-image:url(https:\/\/www.ull.es\/servicios\/publicaciones\/wp-content\/uploads\/sites\/5\/2018\/01\/libros-biblioteca-slider.jpg) !important;}.stk-dfe9b01:before{background-color:#000000 !important;opacity:0.3 !important;}@media screen and (max-width: 767px){.stk-dfe9b01 {padding-top:0px !important;padding-right:0px !important;padding-bottom:0px !important;padding-left:0px !important;}.stk-dfe9b01-container{min-height:320px !important;}}<\/style><div class=\"stk-column-wrapper stk-block-column__content stk-container stk-dfe9b01-container stk--no-background stk--no-padding\"><div class=\"stk-block-content stk-inner-blocks stk-dfe9b01-inner-blocks\">\n<div class=\"wp-block-stackable-columns alignfull stk-block-columns stk-block stk-3bf239f\" data-block-id=\"3bf239f\"><style>@media screen and (max-width: 1023px){.stk-3bf239f {padding-left:0px !important;}}<\/style><div class=\"stk-row stk-inner-blocks stk-block-content stk-content-align stk-3bf239f-column alignfull\">\n<div class=\"wp-block-stackable-column stk-block-column stk-column stk-block stk-f66584c\" data-v=\"4\" data-block-id=\"f66584c\"><div class=\"stk-column-wrapper stk-block-column__content stk-container stk-f66584c-container stk--no-background stk--no-padding\"><div class=\"stk-block-content stk-inner-blocks stk-f66584c-inner-blocks\">\n<div class=\"wp-block-stackable-heading stk-block-heading stk-block-heading--v2 stk-block stk-1bb54e9\" id=\"servicio-de-publicaciones\" data-block-id=\"1bb54e9\"><style>.stk-1bb54e9 {padding-top:110px !important;padding-right:25px !important;padding-bottom:75px !important;padding-left:420px !important;}.stk-1bb54e9 .stk-block-heading__text{font-size:35px !important;color:#ffffff !important;font-weight:400 !important;}@media screen and (max-width: 1023px){.stk-1bb54e9 {padding-left:55px !important;}.stk-1bb54e9 .stk-block-heading__text{font-size:35px !important;}}@media screen and (max-width: 767px){.stk-1bb54e9 {padding-top:110px !important;padding-right:75px !important;padding-left:25px !important;}.stk-1bb54e9 .stk-block-heading__text{font-size:33px !important;}}<\/style><h2 class=\"stk-block-heading__text has-text-color has-text-align-left has-text-align-left-tablet has-text-align-left-mobile\">Servicio de Publicaciones<\/h2><\/div>\n<\/div><\/div><\/div>\n<\/div><\/div>\n<\/div><\/div><\/div>\n<\/div><\/div>\n\n\n\n<div class=\"wp-block-stackable-columns alignfull stk-block-columns stk-block stk-4d15fa9\" data-block-id=\"4d15fa9\"><style>.stk-4d15fa9 {border-style:solid !important;border-color:#e2e2e2 !important;border-top-width:0px !important;border-right-width:0px !important;border-bottom-width:1px !important;border-left-width:0px !important;margin-bottom:40px !important;}<\/style><div class=\"stk-row stk-inner-blocks stk-block-content stk-content-align stk-4d15fa9-column alignfull\">\n<div class=\"wp-block-stackable-column stk-block-column stk-column stk-block stk-5e02bfe\" data-v=\"4\" data-block-id=\"5e02bfe\"><div class=\"stk-column-wrapper stk-block-column__content stk-container stk-5e02bfe-container stk--no-background stk--no-padding\"><div class=\"stk-block-content stk-inner-blocks stk-5e02bfe-inner-blocks\">\n<div class=\"wp-block-stackable-columns alignwide stk-block-columns stk-block stk-8eff0e0\" data-block-id=\"8eff0e0\"><style>.stk-8eff0e0 {padding-right:10% !important;padding-left:10% !important;}<\/style><div class=\"stk-row stk-inner-blocks stk-block-content stk-content-align stk-8eff0e0-column alignwide\">\n<div class=\"wp-block-stackable-column stk-block-column stk-column stk-block stk-ccccb3a\" data-v=\"4\" data-block-id=\"ccccb3a\"><div class=\"stk-column-wrapper stk-block-column__content stk-container stk-ccccb3a-container stk--no-background stk--no-padding\"><div class=\"stk-block-content stk-inner-blocks stk-ccccb3a-inner-blocks\">\n<nav class=\"ull-breadcrumbs\" role=\"navigation\" aria-label=\"breadcrumbs\"><ul><li><a href=\"https:\/\/www.ull.es\/servicios\/\" title=\"Universidad de La Laguna\" target=\"_blank\" rel=\"noopener\">Inicio<\/a><\/li><li><a href=\"https:\/\/www.ull.es\/servicios\/publicaciones\/\" title=\"Servicio de Publicaciones\" target=\"_blank\" rel=\"noopener\">Servicio de Publicaciones<\/a><\/li><li class=\"current\"><span>Informaci\u00f3n, ubicaci\u00f3n y contacto<\/span><\/li><\/ul><\/nav>\n<\/div><\/div><\/div>\n<\/div><\/div>\n<\/div><\/div><\/div>\n<\/div><\/div>\n\n\n\n<div class=\"wp-block-stackable-columns stk-block-columns stk-block stk-82fea45\" data-block-id=\"82fea45\"><div class=\"stk-row stk-inner-blocks stk-block-content stk-content-align stk-82fea45-column\">\n<div class=\"wp-block-stackable-column stk-block-column stk-column stk-block stk-a8e0640\" data-v=\"4\" data-block-id=\"a8e0640\"><style>@media screen and (min-width: 768px){.stk-a8e0640 {flex:var(--stk-flex-grow, 1) 1 calc(70% - var(--stk-column-gap, 0px) * 1 \/ 2 ) !important;}}@media screen and (min-width: 768px) and (max-width: 1023px){.stk-a8e0640 {flex:var(--stk-flex-grow, 1) 1 calc(100% - var(--stk-column-gap, 0px) * 0 \/ 1 ) !important;}}<\/style><div class=\"stk-column-wrapper stk-block-column__content stk-container stk-a8e0640-container stk--no-background stk--no-padding\"><div class=\"stk-block-content stk-inner-blocks stk-a8e0640-inner-blocks\">\n<div class=\"wp-block-stackable-heading stk-block-heading stk-block-heading--v2 stk-block stk-3351b77\" id=\"presentacion\" data-block-id=\"3351b77\"><style>.stk-3351b77 .stk-block-heading__text{color:#5c068c !important;font-weight:400 !important;}<\/style><h1 class=\"stk-block-heading__text has-text-color\">Presentaci\u00f3n<\/h1><\/div>\n\n\n\n<div class=\"shortcode-descripcion\">\n    <p>El Servicio de Publicaciones constituye el \u00fanico sello editorial de la Universidad de La Laguna y tiene como misi\u00f3n la edici\u00f3n, comercializaci\u00f3n e intercambio de la producci\u00f3n cient\u00edfica, docente, t\u00e9cnica y cultural desarrollada en la Universidad. Es un servicio de apoyo al estudio, la docencia y la investigaci\u00f3n. Ofrece los medios necesarios para la edici\u00f3n, difusi\u00f3n y distribuci\u00f3n de libros, revistas y otro material editorial de la Universidad de La Laguna. Contribuye al avance de la educaci\u00f3n, la investigaci\u00f3n y la cultura de la Universidad con criterios de calidad y eficiencia.<\/p><\/div>\n\n\n\n\n\n<style>\n    .shortcode-equipo {\n        margin-top: 40px;\n    }\n    .shortcode-equipo h2 {\n        margin-bottom: 10px !important;\n    }\n<\/style>\n\n<div class=\"shortcode-equipo\">\n    <h2>Responsable del servicio<\/h2><dl><dt><strong>Jefa de Negociado de Publicaciones<\/strong><\/dt><dd><a href='https:\/\/www.ull.es\/directorio\/search\/?busqueda=Inmaculada Concepci\u00f3n Gonz\u00e1lez Castro' target='_blank'>Inmaculada Concepci\u00f3n Gonz\u00e1lez Castro<\/a><\/dd><\/dl><\/div>\n\n\n\n\n    <style>\n        .shortcode-servicios {\n            margin-top: 40px;\n        }\n\n        .shortcode-servicios h2 {\n            margin-bottom: 10px !important;\n        }\n    <\/style>\n\n    <div class=\"shortcode-servicios\">\n        <h2>Servicios que ofrece al usuario<\/h2>        <ul>\n            <li>Difusi\u00f3n y promoci\u00f3n del conocimiento de las obras editadas por la Universidad, entre la comunidad universitaria y otros clientes externos, tanto nacionales como internacionales, mediante la participaci\u00f3n en las distintas ferias del libro, o a trav\u00e9s de las actividades de la UNE. Gesti\u00f3n y tramitaci\u00f3n del contrato de edici\u00f3n con el autor y distribuidor.<\/li><li>Gesti\u00f3n de las revistas cient\u00edficas publicadas.<\/li><li>Intercambio cient\u00edfico de las publicaciones peri\u00f3dicas y libros publicados\/recibidos por el Servicio.<\/li><li>Comercializaci\u00f3n entre la comunidad universitaria de las publicaciones realizadas.<\/li><li>Distribuci\u00f3n del fondo editorial a escala nacional e internacional, a trav\u00e9s de los canales pertinentes.<\/li><li>Gesti\u00f3n del ISBN, ISSN y Dep\u00f3sito Legal de sus publicaciones.<\/li><li>Gesti\u00f3n de los procesos editoriales de libros y revistas editados por el Servicio.<\/li><li>Tramitaci\u00f3n del Contrato de Edici\u00f3n.<\/li><li>Cooperaci\u00f3n con otras editoriales, servicios de publicaciones, instituciones o asociaciones para la realizaci\u00f3n de coediciones.<\/li><li>Reimpresi\u00f3n libros agotados.<\/li><li>Edici\u00f3n de libros y revistas en diferentes soportes.<\/li>        <\/ul>\n    <\/div>\n\n\n\n\n\n<\/div><\/div><\/div>\n\n\n\n<div class=\"wp-block-stackable-column stk-block-column stk-column stk-block stk-c0a4fc3\" data-v=\"4\" data-block-id=\"c0a4fc3\"><style>@media screen and (min-width: 768px){.stk-c0a4fc3 {flex:var(--stk-flex-grow, 1) 1 calc(30% - var(--stk-column-gap, 0px) * 1 \/ 2 ) !important;}}@media screen and (min-width: 768px) and (max-width: 1023px){.stk-c0a4fc3 {flex:var(--stk-flex-grow, 1) 1 calc(100% - var(--stk-column-gap, 0px) * 0 \/ 1 ) !important;}}<\/style><div class=\"stk-column-wrapper stk-block-column__content stk-container stk-c0a4fc3-container stk--no-background stk--no-padding\"><div class=\"stk-block-content stk-inner-blocks stk-c0a4fc3-inner-blocks\">\n<ul class=\"widget-box\">\n<li class='contacto-header'>Informaci\u00f3n de contacto<\/li><li><i class=\"fa fa-map-marker\"><\/i> C\/ Pedro Zerolo, s\/n. Edificio Central. Apartado 456. C\u00f3digo postal 38200. San Crist\u00f3bal de La Laguna. S\/C de Tenerife<\/li><li><i class=\"fa fa-phone\"><\/i> (+34) 922 31 91 98<\/li><li><i class=\"fa fa-envelope\"><\/i>  <a href=mailto:servicio.publicaciones@ull.es>servicio.publicaciones@ull.es<\/a><\/li><li><i class=\"fa fa-clock-o\"><\/i> De 09:00 a 14:00h. L - V<\/li><li><i class=\"fa fa-list-ul\"><\/i><a href=\"https:\/\/drive.google.com\/file\/d\/1RCGDjZU1czWRssEWGfRg4HfL4WCPGuvS\/view?usp=drive_link\"> Carta de servicios<\/a><\/li><li><i class=\"fa fa-globe\"><\/i><a href=\"https:\/\/www.ull.es\/servicios\/publicaciones\/\"> P\u00e1gina web<\/a><\/li><li><i class=\"fa fa-pencil-square-o\"><\/i><a href=\"https:\/\/encuestas.ull.es\/index.php?r=survey\/index&sid=779975&lang=es\"> Encuesta de satisfacci\u00f3n<\/a><\/li><li><i class=\"fa fa-archive\"><\/i><a href=\"https:\/\/sede.ull.es\/ecivilis-site\/catalog\/showProcedure\/484\"> Procedimiento para quejas, sugerencias y felicitaciones<\/a><\/li>\n<\/ul>\n\n\n\n\n\n<div class=\"wp-block-stackable-spacer stk-block-spacer stk--no-padding stk-block stk-59afaed\" data-block-id=\"59afaed\"><\/div>\n\n\n\n    \n<style>\n    .google-maps {\n        position: relative;\n        padding-bottom: 75%;\n        height: 0;\n        overflow: hidden;\n    }\n    .google-maps iframe {\n        position: absolute;\n        top: 0;\n        left: 0;\n        width: 100% !important;\n        height: 100% !important;\n    }\n<\/style>\n\n\n<div class=\"google-maps\">\n    <iframe src=\"https:\/\/www.openstreetmap.org\/export\/embed.html?bbox=-16.319295038789%2C28.477562826417%2C-16.313151229199%2C28.483375048697&amp;layer=mapnik&amp;marker=28.481745782157400%2C-16.316468864679300\" style=\"border: 1px solid black\"><\/iframe>\n<\/div>\n\n<div class=\"btn-widget\">\n    <a href=\"https:\/\/www.openstreetmap.org\/directions?engine=graphhopper_car&from=&to=28.481745782157400%2C-16.316468864679300#map=17\/28.481745782157400\/-16.316468864679300\">C\u00f3mo llegar<\/a>  \n<\/div>\n\n  <\/body>\n<\/html>\n\n\n<\/div><\/div><\/div>\n<\/div><\/div>\n","protected":false},"excerpt":{"rendered":"<p>Servicio de Publicaciones Inicio Servicio de Publicaciones Informaci\u00f3n, ubicaci\u00f3n y contacto Presentaci\u00f3n<\/p>\n","protected":false},"author":1,"featured_media":0,"parent":0,"menu_order":0,"comment_status":"closed","ping_status":"closed","template":"templates\/template-frontpage.php","meta":{"_acf_changed":false,"footnotes":""},"class_list":["post-259","page","type-page","status-publish","hentry"],"acf":[],"_links":{"self":[{"href":"https:\/\/www.ull.es\/servicios\/publicaciones\/wp-json\/wp\/v2\/pages\/259","targetHints":{"allow":["GET"]}}],"collection":[{"href":"https:\/\/www.ull.es\/servicios\/publicaciones\/wp-json\/wp\/v2\/pages"}],"about":[{"href":"https:\/\/www.ull.es\/servicios\/publicaciones\/wp-json\/wp\/v2\/types\/page"}],"author":[{"embeddable":true,"href":"https:\/\/www.ull.es\/servicios\/publicaciones\/wp-json\/wp\/v2\/users\/1"}],"replies":[{"embeddable":true,"href":"https:\/\/www.ull.es\/servicios\/publicaciones\/wp-json\/wp\/v2\/comments?post=259"}],"version-history":[{"count":3,"href":"https:\/\/www.ull.es\/servicios\/publicaciones\/wp-json\/wp\/v2\/pages\/259\/revisions"}],"predecessor-version":[{"id":7984,"href":"https:\/\/www.ull.es\/servicios\/publicaciones\/wp-json\/wp\/v2\/pages\/259\/revisions\/7984"}],"wp:attachment":[{"href":"https:\/\/www.ull.es\/servicios\/publicaciones\/wp-json\/wp\/v2\/media?parent=259"}],"curies":[{"name":"wp","href":"https:\/\/api.w.org\/{rel}","templated":true}]}}