{"id":7466,"date":"2022-04-26T09:17:55","date_gmt":"2022-04-26T09:17:55","guid":{"rendered":"https:\/\/www.ull.es\/servicios\/publicaciones\/?page_id=7466"},"modified":"2026-03-12T16:16:55","modified_gmt":"2026-03-12T16:16:55","slug":"comisiones","status":"publish","type":"page","link":"https:\/\/www.ull.es\/servicios\/publicaciones\/comisiones\/","title":{"rendered":"Comisiones"},"content":{"rendered":"\n<div class=\"wp-block-stackable-columns alignfull stk-block-columns stk-block stk-16a94b8\" data-block-id=\"16a94b8\"><style>.stk-16a94b8 {margin-bottom:40px !important;}@media screen and (max-width: 767px){.stk-16a94b8 {padding-top:0px !important;padding-right:0px !important;padding-bottom:0px !important;padding-left:0px !important;}}<\/style><div class=\"stk-row stk-inner-blocks stk-block-content stk-content-align stk-16a94b8-column alignfull\">\n<div class=\"wp-block-stackable-column stk-block-column stk-column stk-block stk-dfe9b01 stk-block-background stk--has-background-overlay\" data-v=\"4\" data-block-id=\"dfe9b01\"><style>.stk-dfe9b01 {background-image:url(https:\/\/www.ull.es\/servicios\/publicaciones\/wp-content\/uploads\/sites\/5\/2018\/01\/libros-biblioteca-slider.jpg) !important;}.stk-dfe9b01:before{background-color:#000000 !important;opacity:0.3 !important;}@media screen and (max-width: 767px){.stk-dfe9b01 {padding-top:0px !important;padding-right:0px !important;padding-bottom:0px !important;padding-left:0px !important;}.stk-dfe9b01-container{min-height:320px !important;}}<\/style><div class=\"stk-column-wrapper stk-block-column__content stk-container stk-dfe9b01-container stk--no-background stk--no-padding\"><div class=\"stk-block-content stk-inner-blocks stk-dfe9b01-inner-blocks\">\n<div class=\"wp-block-stackable-columns alignfull stk-block-columns stk-block stk-3bf239f\" data-block-id=\"3bf239f\"><style>@media screen and (max-width: 1023px){.stk-3bf239f {padding-left:0px !important;}}<\/style><div class=\"stk-row stk-inner-blocks stk-block-content stk-content-align stk-3bf239f-column alignfull\">\n<div class=\"wp-block-stackable-column stk-block-column stk-column stk-block stk-f66584c\" data-v=\"4\" data-block-id=\"f66584c\"><div class=\"stk-column-wrapper stk-block-column__content stk-container stk-f66584c-container stk--no-background stk--no-padding\"><div class=\"stk-block-content stk-inner-blocks stk-f66584c-inner-blocks\">\n<div class=\"wp-block-stackable-heading stk-block-heading stk-block-heading--v2 stk-block stk-1bb54e9\" id=\"servicio-de-publicaciones\" data-block-id=\"1bb54e9\"><style>.stk-1bb54e9 {padding-top:110px !important;padding-right:25px !important;padding-bottom:75px !important;padding-left:420px !important;}.stk-1bb54e9 .stk-block-heading__text{font-size:35px !important;color:#ffffff !important;font-weight:400 !important;}@media screen and (max-width: 1023px){.stk-1bb54e9 {padding-left:55px !important;}.stk-1bb54e9 .stk-block-heading__text{font-size:35px !important;}}@media screen and (max-width: 767px){.stk-1bb54e9 {padding-top:110px !important;padding-right:75px !important;padding-left:25px !important;}.stk-1bb54e9 .stk-block-heading__text{font-size:33px !important;}}<\/style><h2 class=\"stk-block-heading__text has-text-color has-text-align-left has-text-align-left-tablet has-text-align-left-mobile\">Servicio de Publicaciones<\/h2><\/div>\n<\/div><\/div><\/div>\n<\/div><\/div>\n<\/div><\/div><\/div>\n<\/div><\/div>\n\n\n\n<div class=\"wp-block-stackable-columns alignfull stk-block-columns stk-block stk-4d15fa9\" data-block-id=\"4d15fa9\"><style>.stk-4d15fa9 {border-style:solid !important;border-color:#e2e2e2 !important;border-top-width:0px !important;border-right-width:0px !important;border-bottom-width:1px !important;border-left-width:0px !important;margin-bottom:40px !important;}<\/style><div class=\"stk-row stk-inner-blocks stk-block-content stk-content-align stk-4d15fa9-column alignfull\">\n<div class=\"wp-block-stackable-column stk-block-column stk-column stk-block stk-5e02bfe\" data-v=\"4\" data-block-id=\"5e02bfe\"><div class=\"stk-column-wrapper stk-block-column__content stk-container stk-5e02bfe-container stk--no-background stk--no-padding\"><div class=\"stk-block-content stk-inner-blocks stk-5e02bfe-inner-blocks\">\n<div class=\"wp-block-stackable-columns alignwide stk-block-columns stk-block stk-8eff0e0\" data-block-id=\"8eff0e0\"><style>.stk-8eff0e0 {padding-right:10% !important;padding-left:10% !important;}<\/style><div class=\"stk-row stk-inner-blocks stk-block-content stk-content-align stk-8eff0e0-column alignwide\">\n<div class=\"wp-block-stackable-column stk-block-column stk-column stk-block stk-ccccb3a\" data-v=\"4\" data-block-id=\"ccccb3a\"><div class=\"stk-column-wrapper stk-block-column__content stk-container stk-ccccb3a-container stk--no-background stk--no-padding\"><div class=\"stk-block-content stk-inner-blocks stk-ccccb3a-inner-blocks\">\n<nav class=\"ull-breadcrumbs\" role=\"navigation\" aria-label=\"breadcrumbs\"><ul><li><a href=\"https:\/\/www.ull.es\/servicios\/\" title=\"Universidad de La Laguna\" target=\"_blank\" rel=\"noopener\">Inicio<\/a><\/li><li><a href=\"https:\/\/www.ull.es\/servicios\/publicaciones\/\" title=\"Servicio de Publicaciones\" target=\"_blank\" rel=\"noopener\">Servicio de Publicaciones<\/a><\/li><li class=\"current\"><span>Comisiones<\/span><\/li><\/ul><\/nav>\n<\/div><\/div><\/div>\n<\/div><\/div>\n<\/div><\/div><\/div>\n<\/div><\/div>\n\n\n\n<div class=\"wp-block-stackable-columns stk-block-columns stk-block stk-82fea45\" data-block-id=\"82fea45\"><div class=\"stk-row stk-inner-blocks stk-block-content stk-content-align stk-82fea45-column\">\n<div class=\"wp-block-stackable-column stk-block-column stk-column stk-block stk-a8e0640\" data-v=\"4\" data-block-id=\"a8e0640\"><div class=\"stk-column-wrapper stk-block-column__content stk-container stk-a8e0640-container stk--no-background stk--no-padding\"><div class=\"stk-block-content stk-inner-blocks stk-a8e0640-inner-blocks\">\n<div class=\"wp-block-stackable-heading stk-block-heading stk-block-heading--v2 stk-block stk-3351b77\" id=\"comisiones\" data-block-id=\"3351b77\"><style>.stk-3351b77 {margin-bottom:25px !important;}.stk-3351b77 .stk-block-heading__text{color:#5c068c !important;font-weight:400 !important;}<\/style><h1 class=\"stk-block-heading__text has-text-color\">Comisiones<\/h1><\/div>\n\n\n\n<div class=\"wp-block-stackable-heading stk-block-heading stk-block-heading--v2 stk-block stk-78ed9c0\" id=\"strong-comite-asesor-editorial-strong\" data-block-id=\"78ed9c0\"><style>.stk-78ed9c0 .stk-block-heading__text{color:#5c068c !important;font-weight:400 !important;}<\/style><h2 class=\"stk-block-heading__text has-text-color\"><strong>Comit\u00e9 Asesor Editorial<\/strong><\/h2><\/div>\n\n\n\n<div class=\"wp-block-stackable-text stk-block-text stk-block stk-e6b2c7b\" data-block-id=\"e6b2c7b\"><p class=\"stk-block-text__text\">Se constituir\u00e1 un Comit\u00e9 Asesor Editorial formado por ocho profesores: cuatro de Humanidades y Ciencias Sociales y cuatro de Ciencias de la Vida y Ciencias Puras y Aplicadas, con cualificaci\u00f3n suficiente en las diferentes especialidades cient\u00edficas, art\u00edsticas o t\u00e9cnicas. Art. 7. 1. El Comit\u00e9 Asesor Editorial tiene como funci\u00f3n informar al Director del Servicio acerca de la calidad cient\u00edfica y adecuaci\u00f3n de los originales presentados a las directrices del Servicio de Publicaciones, as\u00ed como de cualquier otro requerimiento que aqu\u00e9l precise.<\/p><\/div>\n\n\n\n<figure class=\"wp-block-table\"><table class=\"has-fixed-layout\"><tbody><tr><td><strong>Presidente<\/strong><\/td><td><strong>Roberto J. Gonz\u00e1lez Zalaca\u00edn<\/strong>&nbsp;\u2013 Director de Secretariado de Institutos Universitarios y Publicaciones&nbsp;<\/td><td>922 317 792&nbsp;&nbsp;direccion.institutos@ull.es<\/td><\/tr><tr><td><strong>H \/ CS<\/strong><\/td><td><strong>Agust\u00edn Santana Talavera<\/strong>, Profesor Titular de Universidad del \u00e1rea de Antropolog\u00eda Social<\/td><td>922 317 966asantana@ull.es<\/td><\/tr><tr><td><strong>H \/ CS<\/strong><\/td><td><strong>Dolores Garc\u00eda Padr\u00f3n<\/strong>&nbsp;\u2013 Profesora Titular de Universidad, \u00c1rea de Lengua Espa\u00f1ola Departamento de Filolog\u00eda Espa\u00f1ola<\/td><td>922 317 673dgarcia@ull.es<\/td><\/tr><tr><td><strong>H \/ CS<\/strong><\/td><td><strong>Teresa Gonz\u00e1lez P\u00e9rez<\/strong>&nbsp;\u2013 Profesora Titular, Departamento de Historia y Filosof\u00eda de la Ciencia, la Educaci\u00f3n&nbsp; y el Lenguaje<\/td><td>922 319 209teregonz@ull.es<\/td><\/tr><tr><td><strong>H \/ CS<\/strong><\/td><td><strong>Dulce Mar\u00eda Gonz\u00e1lez Doreste<\/strong>, Catedr\u00e1tica&nbsp;de Filolog\u00eda Francesa. Dpto. de Filolog\u00eda Cl\u00e1sica, Francesa, \u00c1rabe y Rom\u00e1nica. Secci\u00f3n de Filolog\u00eda. Facultad de Humanidades.<\/td><td>922 317 690ddoreste@ull.es<\/td><\/tr><tr><td><strong>CV \/ CPA<\/strong><\/td><td><strong>Irene M\u00e1rquez Corbella,&nbsp;<\/strong>Profesora Contratada Doctora del \u00e1rea de \u00c1lgebra. Departamento de Matem\u00e1ticas, Estad\u00edstica e Investigaci\u00f3n Operativa. Facultad de Ciencias.&nbsp;<\/td><td>922 318 108imarquec@ull.es<\/td><\/tr><tr><td><strong>CV \/ CPA<\/strong><\/td><td><strong>Pedro Antonio Toledo Delgado<\/strong>, Profesor Contratado Doctor de Arquitectura y Tecnolog\u00eda de Computadores<\/td><td>922 318 276petode@ull.es&nbsp;<\/td><\/tr><tr><td><strong>CV \/ CPA<\/strong><\/td><td><strong>Inocencio R. Mart\u00edn Benenzuela<\/strong>, Catedr\u00e1tico de F\u00edsica Aplicada del Departamento de F\u00edsica. Facultad de Ciencias<\/td><td>922 845 288imartin@ull.es<\/td><\/tr><tr><td><strong>CV \/ CPA<\/strong><\/td><td><strong>Rafael Mart\u00ednez Sanz<\/strong>, Profesor Titular de Universidad, Departamento de Cirug\u00eda, Oftalmolog\u00eda y Otorrinolaringolog\u00eda Facultad de Ciencias de la Salud.<\/td><td>922 319&nbsp; 291rmsanz@ull.es<\/td><\/tr><\/tbody><\/table><\/figure>\n\n\n\n<p>*Actuar\u00e1 como Secretario del Comit\u00e9 Asesor Editorial:&nbsp;<\/p>\n\n\n\n<ul class=\"wp-block-list\">\n<li><strong>Pedro Antonio Toledo Delgado<\/strong>, Profesor Contratado Doctor de Arquitectura y Tecnolog\u00eda de Computadores.<\/li>\n<\/ul>\n\n\n\n<h2 class=\"wp-block-heading\">Comisi\u00f3n de Publicaciones<\/h2>\n\n\n\n<p>Seg\u00fan el Reglamento de Organizaci\u00f3n y Funcionamiento del Servicio de Publicaciones, aprobado en Junta de Gobierno del 19 de octubre de 1995,&nbsp;Cap\u00edtulo Segundo del Comit\u00e9 Asesor Editorial. Art. 6. 1,&nbsp;<\/p>\n\n\n\n<figure class=\"wp-block-table\"><table class=\"has-fixed-layout\"><tbody><tr><td>Presidente<\/td><td><strong>Roberto J. Gonz\u00e1lez Zalacain<\/strong>&nbsp;\u2013 Director de Secretariado de Institutos Universitarios y Publicaciones.<\/td><td>922 317 792&nbsp;&nbsp;&nbsp;direccion.institutos@ull.es<\/td><\/tr><tr><td>Representante del Comit\u00e9 Asesor Editorial (por Humanidades y CCSS)<\/td><td><strong>Dulce Mar\u00eda Gonz\u00e1lez Doreste<\/strong>, Catedr\u00e1tica&nbsp;de Filolog\u00eda Francesa. Dpto. de Filolog\u00eda Cl\u00e1sica, Francesa, \u00c1rabe y Rom\u00e1nica. Secci\u00f3n de Filolog\u00eda. Facultad de Humanidades.<\/td><td>922 317 690&nbsp;ddoreste@ull.es<\/td><\/tr><tr><td>Representante del Comit\u00e9 Asesor Editorial (por CC de la Vida y CC Puras y Aplicadas)<\/td><td><strong>Irene M\u00e1rquez Corbella,&nbsp;<\/strong>Profesora Contratada Doctora del \u00e1rea de \u00c1lgebra. Departamento de Matem\u00e1ticas, Estad\u00edstica e Investigaci\u00f3n Operativa. Facultad de Ciencias.&nbsp;<\/td><td>922 318 108&nbsp;imarquec@ull.es<\/td><\/tr><tr><td>Asesor del Dise\u00f1o Gr\u00e1fico Editorial (lo nombra el Rector a propuesta de la Vicerrectora de Infraestructuras y Servicios Universitarios.<\/td><td><strong>Javier Torres Franquis<\/strong>&nbsp;Facultad de Bellas Artes.<\/td><td>922 319 756&nbsp;&nbsp;fjtorres@ull.es<\/td><\/tr><tr><td>Jefe de Negociado del SPULL, que actuar\u00e1 como Secretaria de la Comisi\u00f3n.<\/td><td>&nbsp;<strong>Demetrio Vicente Valverde Hern\u00e1ndez<\/strong>.<\/td><td>922 319 198&nbsp;&nbsp;svpubl@ull.es<\/td><\/tr><tr><td>Representante del Vicerrectorado de Investigaci\u00f3n (lo nombra el Rector a propuesta del Vicerrector de Investigaci\u00f3n)<\/td><td><strong>Roberto J. Gonz\u00e1lez Zalacain<\/strong>&nbsp;\u2013 Director de Secretariado de Institutos Universitarios y Publicaciones.<\/td><td>922 317 792&nbsp;&nbsp;&nbsp;direccion.institutos@ull.es<\/td><\/tr><\/tbody><\/table><\/figure>\n<\/div><\/div><\/div>\n<\/div><\/div>\n","protected":false},"excerpt":{"rendered":"<p>Servicio de Publicaciones Inicio Servicio de Publicaciones Comisiones Comisiones Comit\u00e9 Asesor Editorial Se constituir\u00e1 un Comit\u00e9 Asesor Editorial formado por ocho profesores: cuatro de Humanidades y Ciencias Sociales y cuatro de Ciencias de la Vida y Ciencias Puras y Aplicadas, con cualificaci\u00f3n suficiente en las diferentes especialidades cient\u00edficas, art\u00edsticas o t\u00e9cnicas. Art. 7. 1. El&#8230;<\/p>\n","protected":false},"author":12,"featured_media":0,"parent":0,"menu_order":0,"comment_status":"closed","ping_status":"closed","template":"templates\/template-frontpage.php","meta":{"_acf_changed":false,"footnotes":""},"class_list":["post-7466","page","type-page","status-publish","hentry"],"acf":[],"_links":{"self":[{"href":"https:\/\/www.ull.es\/servicios\/publicaciones\/wp-json\/wp\/v2\/pages\/7466","targetHints":{"allow":["GET"]}}],"collection":[{"href":"https:\/\/www.ull.es\/servicios\/publicaciones\/wp-json\/wp\/v2\/pages"}],"about":[{"href":"https:\/\/www.ull.es\/servicios\/publicaciones\/wp-json\/wp\/v2\/types\/page"}],"author":[{"embeddable":true,"href":"https:\/\/www.ull.es\/servicios\/publicaciones\/wp-json\/wp\/v2\/users\/12"}],"replies":[{"embeddable":true,"href":"https:\/\/www.ull.es\/servicios\/publicaciones\/wp-json\/wp\/v2\/comments?post=7466"}],"version-history":[{"count":19,"href":"https:\/\/www.ull.es\/servicios\/publicaciones\/wp-json\/wp\/v2\/pages\/7466\/revisions"}],"predecessor-version":[{"id":7986,"href":"https:\/\/www.ull.es\/servicios\/publicaciones\/wp-json\/wp\/v2\/pages\/7466\/revisions\/7986"}],"wp:attachment":[{"href":"https:\/\/www.ull.es\/servicios\/publicaciones\/wp-json\/wp\/v2\/media?parent=7466"}],"curies":[{"name":"wp","href":"https:\/\/api.w.org\/{rel}","templated":true}]}}