{"id":80,"date":"2018-01-17T15:04:08","date_gmt":"2018-01-17T15:04:08","guid":{"rendered":"https:\/\/www.ull.es\/servicios\/rrhh\/?page_id=80"},"modified":"2026-02-25T10:48:23","modified_gmt":"2026-02-25T10:48:23","slug":"informacion-ubicacion-y-contacto","status":"publish","type":"page","link":"https:\/\/www.ull.es\/servicios\/rrhh\/fr\/informacion-ubicacion-y-contacto\/","title":{"rendered":"Informations, localisation et contact"},"content":{"rendered":"<div class=\"wp-block-stackable-columns alignfull stk-block-columns stk-block stk-0a67fe5 stk-block-background slide-header stk--has-background-overlay\" data-block-id=\"0a67fe5\"><style>.stk-0a67fe5 {background-image:url(https:\/\/www.ull.es\/servicios\/rrhh\/wp-content\/uploads\/sites\/4\/2018\/01\/cropped-imagen-servicio-11.jpg) !important;margin-bottom:10px !important;}.stk-0a67fe5:before{background-color:#000000 !important;opacity:0.2 !important;}@media screen and (max-width: 767px){.stk-0a67fe5 {padding-top:5% !important;padding-right:2% !important;padding-bottom:5% !important;padding-left:2% !important;margin-right:0px !important;margin-left:0px !important;}}<\/style><div class=\"stk-row stk-inner-blocks stk-block-content stk-content-align stk-0a67fe5-column alignfull\">\n<div class=\"wp-block-stackable-column stk-block-column stk-column stk-block stk-bf8a6fe\" data-v=\"4\" data-block-id=\"bf8a6fe\"><div class=\"stk-column-wrapper stk-block-column__content stk-container stk-bf8a6fe-container stk--no-background stk--no-padding\"><div class=\"stk-block-content stk-inner-blocks stk-bf8a6fe-inner-blocks\">\n<div class=\"wp-block-stackable-columns alignwide stk-block-columns stk-block stk-cf288e3\" data-block-id=\"cf288e3\"><style>.stk-cf288e3 {padding-top:2% !important;padding-right:12.5% !important;padding-bottom:2% !important;padding-left:12.5% !important;}@media screen and (max-width: 767px){.stk-cf288e3 {padding-top:0% !important;padding-right:0% !important;padding-bottom:0% !important;padding-left:0% !important;}}<\/style><div class=\"stk-row stk-inner-blocks stk-block-content stk-content-align stk-cf288e3-column alignwide\">\n<div class=\"wp-block-stackable-column stk-block-column stk-column stk-block stk-0c56474\" data-v=\"4\" data-block-id=\"0c56474\"><div class=\"stk-column-wrapper stk-block-column__content stk-container stk-0c56474-container stk--no-background stk--no-padding\"><div class=\"stk-block-content stk-inner-blocks stk-0c56474-inner-blocks\">\n<div class=\"wp-block-stackable-heading stk-block-heading stk-block-heading--v2 stk-block stk-d73795a\" id=\"recursos-humanos\" data-block-id=\"d73795a\"><style>.stk-d73795a .stk-block-heading__text{color:#fffffe !important;font-weight:700 !important;}<\/style><h1 class=\"stk-block-heading__text has-text-color has-text-align-right-mobile\">Ressources humaines<\/h1><\/div>\n<\/div><\/div><\/div>\n<\/div><\/div>\n<\/div><\/div><\/div>\n<\/div><\/div>\n\n\n\n<div class=\"wp-block-stackable-columns alignfull stk-block-columns stk-block stk-4d15fa9\" data-block-id=\"4d15fa9\"><style>.stk-4d15fa9 {border-style:solid !important;border-color:#e2e2e2 !important;border-top-width:0px !important;border-right-width:0px !important;border-bottom-width:1px !important;border-left-width:0px !important;margin-bottom:40px !important;}<\/style><div class=\"stk-row stk-inner-blocks stk-block-content stk-content-align stk-4d15fa9-column alignfull\">\n<div class=\"wp-block-stackable-column stk-block-column stk-column stk-block stk-5e02bfe\" data-v=\"4\" data-block-id=\"5e02bfe\"><div class=\"stk-column-wrapper stk-block-column__content stk-container stk-5e02bfe-container stk--no-background stk--no-padding\"><div class=\"stk-block-content stk-inner-blocks stk-5e02bfe-inner-blocks\">\n<div class=\"wp-block-stackable-columns alignwide stk-block-columns stk-block stk-8eff0e0\" data-block-id=\"8eff0e0\"><style>.stk-8eff0e0 {padding-right:10% !important;padding-left:10% !important;}<\/style><div class=\"stk-row stk-inner-blocks stk-block-content stk-content-align stk-8eff0e0-column alignwide\">\n<div class=\"wp-block-stackable-column stk-block-column stk-column stk-block stk-ccccb3a\" data-v=\"4\" data-block-id=\"ccccb3a\"><div class=\"stk-column-wrapper stk-block-column__content stk-container stk-ccccb3a-container stk--no-background stk--no-padding\"><div class=\"stk-block-content stk-inner-blocks stk-ccccb3a-inner-blocks\">\n<nav class=\"ull-breadcrumbs\" role=\"navigation\" aria-label=\"chapelure\"><ul><li><a href=\"https:\/\/www.ull.es\/servicios\/rrhh\/fr\/servicios\/\" title=\"Universit\u00e9 de La Laguna\" target=\"_blank\" rel=\"noopener\">Commencer<\/a><\/li><li><a href=\"https:\/\/www.ull.es\/servicios\/rrhh\/fr\/\" title=\"Ressources humaines\" target=\"_blank\" rel=\"noopener\">Ressources humaines<\/a><\/li><li class=\"current\"><span>Informations, localisation et contact<\/span><\/li><\/ul><\/nav>\n<\/div><\/div><\/div>\n<\/div><\/div>\n<\/div><\/div><\/div>\n<\/div><\/div>\n\n\n\n<div class=\"wp-block-stackable-columns stk-block-columns stk-block stk-82fea45\" data-block-id=\"82fea45\"><div class=\"stk-row stk-inner-blocks stk-block-content stk-content-align stk-82fea45-column\">\n<div class=\"wp-block-stackable-column stk-block-column stk-column stk-block stk-a8e0640\" data-v=\"4\" data-block-id=\"a8e0640\"><style>@media screen and (min-width: 768px){.stk-a8e0640 {flex:var(--stk-flex-grow, 1) 1 calc(70% - var(--stk-column-gap, 0px) * 1 \/ 2 ) !important;}}@media screen and (min-width: 768px) and (max-width: 1023px){.stk-a8e0640 {flex:var(--stk-flex-grow, 1) 1 calc(100% - var(--stk-column-gap, 0px) * 0 \/ 1 ) !important;}}<\/style><div class=\"stk-column-wrapper stk-block-column__content stk-container stk-a8e0640-container stk--no-background stk--no-padding\"><div class=\"stk-block-content stk-inner-blocks stk-a8e0640-inner-blocks\">\n<div class=\"wp-block-stackable-heading stk-block-heading stk-block-heading--v2 stk-block stk-3351b77\" id=\"presentacion\" data-block-id=\"3351b77\"><style>.stk-3351b77 .stk-block-heading__text{color:#5c068c !important;font-weight:400 !important;}<\/style><h1 class=\"stk-block-heading__text has-text-color\">Pr\u00e9sentation<\/h1><\/div>\n\n\n\n<div class=\"shortcode-descripcion\">\n    <p>Le service des ressources humaines est une unit\u00e9 organisationnelle horizontale de cette universit\u00e9. Plac\u00e9 sous l&#039;autorit\u00e9 du directeur-coordinateur du p\u00f4le Ressources humaines, R\u00e8glement int\u00e9rieur, Formation et Qualit\u00e9, il est charg\u00e9 du traitement de toutes les questions relatives aux employ\u00e9s de l&#039;universit\u00e9, qu&#039;il s&#039;agisse du personnel administratif et de services, du personnel enseignant et de recherche, fonctionnaires ou contractuels, depuis le processus de s\u00e9lection pr\u00e9alable \u00e0 l&#039;embauche jusqu&#039;\u00e0 la cessation de leur contrat de travail.<\/p><\/div>\n\n\n\n\n\n<div class=\"wp-block-stackable-heading stk-block-heading stk-block-heading--v2 stk-block stk-c68c0ce\" id=\"responsable-del-servicio\" data-block-id=\"c68c0ce\"><style>.stk-c68c0ce .stk-block-heading__text{color:#5c068c !important;}<\/style><h2 class=\"stk-block-heading__text has-text-color\">Responsable du service<\/h2><\/div>\n\n\n\n<div class=\"wp-block-stackable-text stk-block-text stk-block stk-b187a23\" data-block-id=\"b187a23\"><p class=\"stk-block-text__text\"><strong>Directeur des ressources humaines, de la formation, de la qualit\u00e9 et de la r\u00e9glementation interne<\/strong><br><a href=\"https:\/\/www.ull.es\/servicios\/rrhh\/fr\/directorio\/search\/?busqueda=Mar%C3%ADa+Luisa+Exp%C3%B3sito+Armas\" target=\"_blank\" rel=\"noreferrer noopener\">Mar\u00eda Luisa Exp\u00f3sito Armas<\/a><br>(+34) 922 31 95 06<\/p><\/div>\n\n\n\n\n\n\n    <style>\n        .shortcode-servicios {\n            margin-top: 40px;\n        }\n\n        .shortcode-servicios h2 {\n            margin-bottom: 10px !important;\n        }\n    <\/style>\n\n    <div class=\"shortcode-servicios\">\n        <h2>Services offerts \u00e0 l&#039;utilisateur<\/h2>        <ul>\n            <li>Traiter les licenciements des fonctionnaires et les ruptures de contrats de travail du personnel de l&#039;Universit\u00e9 de La Laguna.<\/li><li>Participer aux r\u00e9unions de n\u00e9gociation lorsque leur pr\u00e9sence est requise.<\/li><li>Traitement des offres d&#039;emploi du secteur public, inscription des actes au registre du personnel des \u00e9tablissements d&#039;enseignement et gestion des dossiers de changement de situation administrative.<\/li><li>Traiter les demandes et les recours (anciennement \u00e9galement les r\u00e9clamations ant\u00e9rieures).<\/li><li>Traitement des absences du personnel (vacances, pauses, permis et licences).<\/li><li>Formalisation des contrats de travail du personnel, nomination et prise de fonctions des fonctionnaires. Gestion de toutes les situations administratives ou similaires pouvant concerner les employ\u00e9s tout au long de leur carri\u00e8re, notamment le d\u00e9veloppement de carri\u00e8re, les modalit\u00e9s d&#039;acc\u00e8s \u00e0 l&#039;universit\u00e9 pour les employ\u00e9s, la cr\u00e9ation de postes et les syst\u00e8mes de classification des emplois.<\/li><li>Traitement et paiement des salaires de tous les employ\u00e9s.<\/li><li>Formalisation des actes d&#039;inscription \u00e0 la s\u00e9curit\u00e9 sociale (affiliation, inscriptions, radiations, modifications de donn\u00e9es, cotisations)<\/li>        <\/ul>\n    <\/div>\n\n\n\n\n\n<\/div><\/div><\/div>\n\n\n\n<div class=\"wp-block-stackable-column stk-block-column stk-column stk-block stk-c0a4fc3\" data-v=\"4\" data-block-id=\"c0a4fc3\"><style>@media screen and (min-width: 768px){.stk-c0a4fc3 {flex:var(--stk-flex-grow, 1) 1 calc(30% - var(--stk-column-gap, 0px) * 1 \/ 2 ) !important;}}@media screen and (min-width: 768px) and (max-width: 1023px){.stk-c0a4fc3 {flex:var(--stk-flex-grow, 1) 1 calc(100% - var(--stk-column-gap, 0px) * 0 \/ 1 ) !important;}}<\/style><div class=\"stk-column-wrapper stk-block-column__content stk-container stk-c0a4fc3-container stk--no-background stk--no-padding\"><div class=\"stk-block-content stk-inner-blocks stk-c0a4fc3-inner-blocks\">\n<div class=\"wp-block-stackable-columns stk-block-columns stk-block stk-a30dc12 stk-block-background\" data-block-id=\"a30dc12\"><style>.stk-a30dc12 {background-color:#5c068c !important;padding-top:10px !important;padding-bottom:10px !important;padding-left:15px !important;}.stk-a30dc12:before{background-color:#5c068c !important;}<\/style><div class=\"stk-row stk-inner-blocks stk-block-content stk-content-align stk-a30dc12-column\">\n<div class=\"wp-block-stackable-column stk-block-column stk-column stk-block stk-c021348\" data-v=\"4\" data-block-id=\"c021348\"><div class=\"stk-column-wrapper stk-block-column__content stk-container stk-c021348-container stk--no-background stk--no-padding\"><div class=\"stk-block-content stk-inner-blocks stk-c021348-inner-blocks\">\n<div class=\"wp-block-stackable-text stk-block-text stk-block stk-4fc8377\" data-block-id=\"4fc8377\"><style>.stk-4fc8377 {margin-bottom:40px !important;}.stk-4fc8377 .stk-block-text__text{color:#fffffe !important;}<\/style><p class=\"stk-block-text__text has-text-color\">Consultez la r\u00e9glementation<\/p><\/div>\n\n\n\n<div class=\"wp-block-stackable-icon stk-block-icon stk-block stk-d014f6d\" data-block-id=\"d014f6d\"><style>.stk-d014f6d .stk--svg-wrapper .stk--inner-svg svg:last-child{height:20px !important;width:20px !important;}.stk-d014f6d .stk--svg-wrapper .stk--inner-svg svg:last-child, .stk-d014f6d .stk--svg-wrapper .stk--inner-svg svg:last-child :is(g, path, rect, polygon, ellipse){fill:#fffffe !important;}<\/style><span class=\"stk--svg-wrapper\"><div class=\"stk--inner-svg\"><svg style=\"height:0;width:0\"><defs><lineargradient id=\"linear-gradient-d014f6d\" x1=\"0\" x2=\"100%\" y1=\"0\" y2=\"0\"><stop offset=\"0%\" style=\"stop-opacity:1;stop-color:var(--linear-gradient-d-014-f-6-d-color-1)\"><\/stop><stop offset=\"100%\" style=\"stop-opacity:1;stop-color:var(--linear-gradient-d-014-f-6-d-color-2)\"><\/stop><\/lineargradient><\/defs><\/svg><svg xmlns=\"http:\/\/www.w3.org\/2000\/svg\" viewbox=\"0 0 448 512\" aria-hidden=\"true\" width=\"32\" height=\"32\"><path d=\"M438.6 278.6c12.5-12.5 12.5-32.8 0-45.3l-160-160c-12.5-12.5-32.8-12.5-45.3 0s-12.5 32.8 0 45.3L338.8 224 32 224c-17.7 0-32 14.3-32 32s14.3 32 32 32l306.7 0L233.4 393.4c-12.5 12.5-12.5 32.8 0 45.3s32.8 12.5 45.3 0l160-160z\"\/><\/svg><\/div><\/span><\/div>\n<\/div><a class=\"stk-link stk-block-link stk--transparent-overlay\" href=\"https:\/\/www.ull.es\/servicios\/rrhh\/fr\/portal\/normativa\/normativa-ull\/personal\/\" aria-hidden=\"true\" tabindex=\"-1\" target=\"_blank\" rel=\"noopener\"><\/a><\/div><\/div>\n<\/div><\/div>\n\n\n\n<ul class=\"widget-box\">\n<li class='contacto-header'>Coordonn\u00e9es<\/li><li><i class=\"fa fa-map-marker\"><\/i> C\/ Padre Herrera, s\/n. B\u00e2timent du Rectorat. P.O. Bo\u00eete 456. Code postal 38200. San Crist\u00f3bal de La Laguna. Santa Cruz de T\u00e9n\u00e9rife<\/li><li><i class=\"fa fa-phone\"><\/i> (+34) 922 31 83 07<\/li><li><i class=\"fa fa-clock-o\"><\/i> De 9h00 \u00e0 13h30 du lundi au vendredi<\/li><li><i class=\"fa fa-pencil-square-o\"><\/i><a href=\"https:\/\/encuestas.ull.es\/index.php?r=survey\/index&sid=244752&lang=es\"> Enqu\u00eate de satisfaction<\/a><\/li><li><i class=\"fa fa-archive\"><\/i><a href=\"https:\/\/sede.ull.es\/ecivilis-site\/catalog\/showProcedure\/484\"> Proc\u00e9dure pour les plaintes, suggestions et compliments<\/a><\/li>\n<\/ul>\n\n\n\n\n\n<div class=\"wp-block-stackable-spacer stk-block-spacer stk--no-padding stk-block stk-59afaed\" data-block-id=\"59afaed\"><\/div>\n\n\n\n<ul class=\"widget-box\">\n \t<li class=\"contacto-header\">Informations issues des transactions commerciales<\/li>\n \t<li><i class=\"fa fa-envelope\"><\/i> <a href=\"mailto:nnominas@ull.es\" target=\"_blank\" rel=\"noopener\">N\u00f3minas(nnominas@ull.es)<\/a><\/li>\n \t<li><i class=\"fa fa-envelope\"><\/i> <a href=\"mailto:negpdif@ull.es\" target=\"_blank\" rel=\"noopener\">Personnel enseignant et de recherche (negpdif@ull.es)<\/a><\/li>\n \t<li><i class=\"fa fa-envelope\"><\/i> <a href=\"mailto:negprof@ull.es\" target=\"_blank\" rel=\"noopener\">Personnel enseignant et de recherche Laboral (negprof@ull.es)<\/a><\/li>\n \t<li><i class=\"fa fa-envelope\"><\/i> <a href=\"mailto:sgsocial@ull.es\" target=\"_blank\" rel=\"noopener\">S\u00e9curit\u00e9 sociale (sgsocial@ull.es)<\/a><\/li>\n \t<li><i class=\"fa fa-envelope\"><\/i> <a href=\"mailto:ntratada@ull.es\" target=\"_blank\" rel=\"noopener\">T. Donn\u00e9es et Budget (ntratada@ull.es)<\/a><\/li>\n \t<li><i class=\"fa fa-envelope\"><\/i> <a href=\"mailto:ngdopas@ull.es\" target=\"_blank\" rel=\"noopener\">Service officiel du PAS (ngdopas@ull.es)<\/a><\/li>\n \t<li><i class=\"fa fa-envelope\"><\/i> <a href=\"mailto:paslabor@ull.es\" target=\"_blank\" rel=\"noopener\">PAS Laboral (paslabor@ull.es)<\/a><\/li>\n \t<li><i class=\"fa fa-envelope\"><\/i> <a href=\"mailto:rdocentes@ull.es\" target=\"_blank\" rel=\"noopener\">Ressources p\u00e9dagogiques (rdocentes@ull.es)<\/a><\/li>\n<\/ul>\n\n\n\n<div class=\"wp-block-stackable-spacer stk-block-spacer stk--no-padding stk-block stk-2760d02\" data-block-id=\"2760d02\"><\/div>\n\n\n\n    \n<style>\n    .google-maps {\n        position: relative;\n        padding-bottom: 75%;\n        height: 0;\n        overflow: hidden;\n    }\n    .google-maps iframe {\n        position: absolute;\n        top: 0;\n        left: 0;\n        width: 100% !important;\n        height: 100% !important;\n    }\n<\/style>\n\n\n<div class=\"google-maps\">\n    <iframe src=\"https:\/\/www.openstreetmap.org\/export\/embed.html?bbox=-16.315806825965%2C28.480752346613%2C-16.309663016375%2C28.486564568893&amp;layer=mapnik&amp;marker=28.484935302353300%2C-16.31298065185540\" style=\"border: 1px solid black\"><\/iframe>\n<\/div>\n\n<div class=\"btn-widget\">\n    <a href=\"https:\/\/www.openstreetmap.org\/directions?engine=graphhopper_car&from=&to=28.484935302353300%2C-16.31298065185540#map=17\/28.484935302353300\/-16.31298065185540\">Comment s&#039;y rendre<\/a>  \n<\/div>\n\n  <\/body>\n<\/html>\n\n\n<\/div><\/div><\/div>\n<\/div><\/div>","protected":false},"excerpt":{"rendered":"<p>Ressources Humaines Accueil Informations, localisation et contact Pr\u00e9sentation Responsable du service Directrice des Ressources Humaines, Formation, Qualit\u00e9 et R\u00e8glement int\u00e9rieur Mar\u00eda Luisa Exp\u00f3sito Armas (+34) 922 31 95 06 Consulter le r\u00e8glement Informations des d\u00e9partements Paie (nnominas@ull.es) Personnel enseignant et de recherche (negpdif@ull.es) Personnel enseignant et de recherche (negprof@ull.es) S\u00e9curit\u00e9 sociale (sgsocial@ull.es) Informatique et budget (ntratada@ull.es) Personnel administratif et de service (ngdopas@ull.es) Personnel administratif et de service (paslabor@ull.es) Ressources p\u00e9dagogiques (rdocentes@ull.es)<\/p>","protected":false},"author":1,"featured_media":0,"parent":0,"menu_order":0,"comment_status":"closed","ping_status":"closed","template":"templates\/template-frontpage.php","meta":{"_acf_changed":false,"footnotes":""},"class_list":["post-80","page","type-page","status-publish","hentry"],"acf":[],"_links":{"self":[{"href":"https:\/\/www.ull.es\/servicios\/rrhh\/fr\/wp-json\/wp\/v2\/pages\/80","targetHints":{"allow":["GET"]}}],"collection":[{"href":"https:\/\/www.ull.es\/servicios\/rrhh\/fr\/wp-json\/wp\/v2\/pages"}],"about":[{"href":"https:\/\/www.ull.es\/servicios\/rrhh\/fr\/wp-json\/wp\/v2\/types\/page"}],"author":[{"embeddable":true,"href":"https:\/\/www.ull.es\/servicios\/rrhh\/fr\/wp-json\/wp\/v2\/users\/1"}],"replies":[{"embeddable":true,"href":"https:\/\/www.ull.es\/servicios\/rrhh\/fr\/wp-json\/wp\/v2\/comments?post=80"}],"version-history":[{"count":36,"href":"https:\/\/www.ull.es\/servicios\/rrhh\/fr\/wp-json\/wp\/v2\/pages\/80\/revisions"}],"predecessor-version":[{"id":518,"href":"https:\/\/www.ull.es\/servicios\/rrhh\/fr\/wp-json\/wp\/v2\/pages\/80\/revisions\/518"}],"wp:attachment":[{"href":"https:\/\/www.ull.es\/servicios\/rrhh\/fr\/wp-json\/wp\/v2\/media?parent=80"}],"curies":[{"name":"wp","href":"https:\/\/api.w.org\/{rel}","templated":true}]}}