{"id":24,"date":"2018-06-21T12:08:25","date_gmt":"2018-06-21T12:08:25","guid":{"rendered":"https:\/\/www.ull.es\/servicios\/segai\/?page_id=24"},"modified":"2026-03-16T11:22:23","modified_gmt":"2026-03-16T11:22:23","slug":"ayuda-registro-usuarios","status":"publish","type":"page","link":"https:\/\/www.ull.es\/servicios\/segai\/fr\/ayuda-registro-usuarios\/","title":{"rendered":"Aide \u00e0 l&#039;inscription des utilisateurs"},"content":{"rendered":"<div class=\"wp-block-stackable-columns alignfull stk-block-columns stk-block stk-16a94b8\" data-block-id=\"16a94b8\"><style>.stk-16a94b8 {margin-bottom:75px !important;}@media screen and (max-width: 767px){.stk-16a94b8 {padding-top:0px !important;padding-right:0px !important;padding-bottom:0px !important;padding-left:0px !important;}}<\/style><div class=\"stk-row stk-inner-blocks stk-block-content stk-content-align stk-16a94b8-column alignfull\">\n<div class=\"wp-block-stackable-column stk-block-column stk-column stk-block stk-dfe9b01 stk-block-background stk--has-background-overlay\" data-v=\"4\" data-block-id=\"dfe9b01\"><style>.stk-dfe9b01 {background-image:url(https:\/\/www.ull.es\/servicios\/segai\/wp-content\/uploads\/sites\/11\/2018\/06\/panSegai.jpg) !important;}.stk-dfe9b01:before{background-color:#000000 !important;opacity:0.3 !important;}@media screen and (max-width: 767px){.stk-dfe9b01 {padding-top:0px !important;padding-right:0px !important;padding-bottom:0px !important;padding-left:0px !important;}.stk-dfe9b01-container{min-height:320px !important;}}<\/style><div class=\"stk-column-wrapper stk-block-column__content stk-container stk-dfe9b01-container stk--no-background stk--no-padding\"><div class=\"stk-block-content stk-inner-blocks stk-dfe9b01-inner-blocks\">\n<div class=\"wp-block-stackable-columns alignfull stk-block-columns stk-block stk-3bf239f\" data-block-id=\"3bf239f\"><style>@media screen and (max-width: 1023px){.stk-3bf239f {padding-left:0px !important;}}<\/style><div class=\"stk-row stk-inner-blocks stk-block-content stk-content-align stk-3bf239f-column alignfull\">\n<div class=\"wp-block-stackable-column stk-block-column stk-column stk-block stk-f66584c\" data-v=\"4\" data-block-id=\"f66584c\"><div class=\"stk-column-wrapper stk-block-column__content stk-container stk-f66584c-container stk--no-background stk--no-padding\"><div class=\"stk-block-content stk-inner-blocks stk-f66584c-inner-blocks\">\n<div class=\"wp-block-stackable-heading stk-block-heading stk-block-heading--v2 stk-block stk-1bb54e9\" id=\"servicio-general-de-apoyo-a-la-investigacion\" data-block-id=\"1bb54e9\"><style>.stk-1bb54e9 {padding-top:110px !important;padding-right:25px !important;padding-bottom:75px !important;padding-left:380px !important;}.stk-1bb54e9 .stk-block-heading__text{font-size:35px !important;color:#ffffff !important;font-weight:400 !important;}@media screen and (max-width: 1023px){.stk-1bb54e9 {padding-left:55px !important;}.stk-1bb54e9 .stk-block-heading__text{font-size:35px !important;}}@media screen and (max-width: 767px){.stk-1bb54e9 {padding-right:95px !important;padding-left:25px !important;}.stk-1bb54e9 .stk-block-heading__text{font-size:33px !important;}}<\/style><h2 class=\"stk-block-heading__text has-text-color has-text-align-left has-text-align-left-tablet has-text-align-left-mobile\">Service g\u00e9n\u00e9ral de soutien \u00e0 la recherche<\/h2><\/div>\n<\/div><\/div><\/div>\n<\/div><\/div>\n<\/div><\/div><\/div>\n<\/div><\/div>\n\n\n\n<div class=\"wp-block-stackable-columns alignfull stk-block-columns stk-block stk-99465b3\" data-block-id=\"99465b3\"><style>.stk-99465b3 {margin-top:45px !important;}.stk-99465b3-column{max-width:1140px !important;min-width:auto !important;margin-right:auto !important;margin-left:auto !important;}@media screen and (max-width: 1023px){.stk-99465b3-column{max-width:725px !important;min-width:auto !important;margin-right:auto !important;margin-left:auto !important;}}@media screen and (max-width: 767px){.stk-99465b3-column{max-width:375px !important;min-width:auto !important;margin-right:auto !important;margin-left:auto !important;}}<\/style><div class=\"stk-row stk-inner-blocks stk-block-content stk-content-align stk-99465b3-column alignfull\">\n<div class=\"wp-block-stackable-column stk-block-column stk-column stk-block stk-103eab1\" data-v=\"4\" data-block-id=\"103eab1\"><div class=\"stk-column-wrapper stk-block-column__content stk-container stk-103eab1-container stk--no-background stk--no-padding\"><div class=\"stk-block-content stk-inner-blocks stk-103eab1-inner-blocks\">\n<div class=\"wp-block-stackable-heading stk-block-heading stk-block-heading--v2 stk-block stk-f6c8d26\" id=\"guia-de-ayuda\" data-block-id=\"f6c8d26\"><style>.stk-f6c8d26 .stk-block-heading__text{font-size:35px !important;}@media screen and (max-width: 1023px){.stk-f6c8d26 .stk-block-heading__text{font-size:35px !important;}}<\/style><h1 class=\"stk-block-heading__text\">Guide d&#039;aide<\/h1><\/div>\n\n\n\n<div class=\"wp-block-stackable-text stk-block-text stk-block stk-6c9120f\" data-block-id=\"6c9120f\"><style>.stk-6c9120f .stk-block-text__text{font-size:16px !important;line-height:1.5em !important;}@media screen and (max-width: 1023px){.stk-6c9120f .stk-block-text__text{font-size:16px !important;}}<\/style><p class=\"stk-block-text__text\">Pour une utilisation correcte de ce portail, un document d&#039;aide a \u00e9t\u00e9 g\u00e9n\u00e9r\u00e9 afin de clarifier tout doute qui pourrait survenir lors de son utilisation.<br><br>Nous vous recommandons vivement de lire attentivement ces informations avant m\u00eame de vous inscrire sur le portail.<br><br>Nous proposons \u00e9galement des tutoriels vid\u00e9o pour l&#039;inscription des utilisateurs\u00a0:<\/p><\/div>\n\n\n\n<div class=\"wp-block-stackable-icon-list stk-block-icon-list stk-block stk-fe91357 stk-block-background\" data-block-id=\"fe91357\"><style>.stk-fe91357 {--stk-icon-list-icon-size:4px !important;align-items:center !important;padding-top:8px !important;padding-right:8px !important;padding-bottom:8px !important;padding-left:8px !important;margin-bottom:30px !important;display:flex !important;}.stk-fe91357 .stk-block-icon-list-item__content{align-items:flex-start !important;}.stk-fe91357 ul .stk-block-icon-list-item__content .stk--inner-svg, .stk-fe91357 ol .stk-block-icon-list-item__content .stk-block-icon-list-item__marker{transform:translateY(11px) !important;}<\/style><svg style=\"display:none\"><defs><g id=\"stk-icon-list__icon-svg-def-fe91357\"><svg xmlns=\"http:\/\/www.w3.org\/2000\/svg\" viewbox=\"0 0 512 512\"><path d=\"M256 512A256 256 0 1 0 256 0a256 256 0 1 0 0 512z\"\/><\/svg><\/g><\/defs><\/svg><ul class=\"stk-block-icon-list__ul stk-block-icon-list--column\">\n<li class=\"wp-block-stackable-icon-list-item stk-block-icon-list-item stk-block stk-5fa2833\" data-block-id=\"5fa2833\"><div class=\"stk-block-icon-list-item__content\"><span class=\"stk--svg-wrapper\"><div class=\"stk--inner-svg\"><svg aria-hidden=\"true\" width=\"32\" height=\"32\"><use xlink:href=\"#stk-icon-list__icon-svg-def-fe91357\"><\/use><\/svg><\/div><\/span><span class=\"stk-block-icon-list-item__text\"><a href=\"https:\/\/drive.google.com\/file\/d\/1Rc_64JtIZxkDAEfNSFYRiNbc7nquLlA2\/view?usp=sharing\" target=\"_blank\" rel=\"noopener\">Manuel d&#039;utilisation client de Labway LIMS<\/a><\/span><\/div><\/li>\n\n\n\n<li class=\"wp-block-stackable-icon-list-item stk-block-icon-list-item stk-block stk-0a8cb86\" data-block-id=\"0a8cb86\"><div class=\"stk-block-icon-list-item__content\"><span class=\"stk--svg-wrapper\"><div class=\"stk--inner-svg\"><svg aria-hidden=\"true\" width=\"32\" height=\"32\"><use xlink:href=\"#stk-icon-list__icon-svg-def-fe91357\"><\/use><\/svg><\/div><\/span><span class=\"stk-block-icon-list-item__text\"><a href=\"https:\/\/drive.google.com\/file\/d\/1TCvje3lldq8Y6GAarqnKpleazR_NpnHs\/view?usp=sharing\" target=\"_blank\" rel=\"noopener\">Avantages de SEGAI<\/a><\/span><\/div><\/li>\n<\/ul><\/div>\n\n\n\n<div class=\"wp-block-stackable-columns stk-block-columns stk-block stk-e958390 stk-block-background\" data-block-id=\"e958390\"><style>.stk-e958390 {background-color:#e7d0f7 !important;padding-top:8px !important;padding-right:8px !important;padding-bottom:8px !important;padding-left:8px !important;}.stk-e958390:before{background-color:#e7d0f7 !important;}<\/style><div class=\"stk-row stk-inner-blocks stk-block-content stk-content-align stk-e958390-column\">\n<div class=\"wp-block-stackable-column stk-block-column stk-column stk-block stk-fe21253\" data-v=\"4\" data-block-id=\"fe21253\"><style>.stk-fe21253-container{margin-top:0px !important;margin-right:0px !important;margin-bottom:0px !important;margin-left:0px !important;}<\/style><div class=\"stk-column-wrapper stk-block-column__content stk-container stk-fe21253-container stk--no-background stk--no-padding\"><div class=\"stk-block-content stk-inner-blocks stk-fe21253-inner-blocks\">\n<div class=\"wp-block-stackable-text stk-block-text stk-block stk-772d942\" data-block-id=\"772d942\"><style>.stk-772d942 {margin-bottom:6px !important;}.stk-772d942 .stk-block-text__text{font-size:16px !important;}@media screen and (max-width: 1023px){.stk-772d942 .stk-block-text__text{font-size:16px !important;}}<\/style><p class=\"stk-block-text__text\">Pour vous inscrire \u00e0 l&#039;application SEGAI, vous devez contacter\u00a0:<\/p><\/div>\n\n\n\n<div class=\"wp-block-stackable-icon-list stk-block-icon-list stk-block stk-4a902e9\" data-block-id=\"4a902e9\"><style>.stk-4a902e9 {--stk-icon-list-icon-size:4px !important;margin-bottom:12px !important;margin-left:15px !important;}.stk-4a902e9 .stk-block-icon-list-item__content{align-items:flex-start !important;}.stk-4a902e9 ul .stk-block-icon-list-item__content .stk--inner-svg, .stk-4a902e9 ol .stk-block-icon-list-item__content .stk-block-icon-list-item__marker{transform:translateY(11px) !important;}.stk-4a902e9 ul li, .stk-4a902e9 ol li, .stk-4a902e9 ul li span, .stk-4a902e9 ol li span{font-size:16px !important;}@media screen and (max-width: 1023px){.stk-4a902e9 ul li, .stk-4a902e9 ol li, .stk-4a902e9 ul li span, .stk-4a902e9 ol li span{font-size:16px !important;}}<\/style><svg style=\"display:none\"><defs><g id=\"stk-icon-list__icon-svg-def-4a902e9\"><svg xmlns=\"http:\/\/www.w3.org\/2000\/svg\" viewbox=\"0 0 512 512\"><path d=\"M256 512A256 256 0 1 0 256 0a256 256 0 1 0 0 512z\"\/><\/svg><\/g><\/defs><\/svg><ul class=\"stk-block-icon-list__ul stk-block-icon-list--column\">\n<li class=\"wp-block-stackable-icon-list-item stk-block-icon-list-item stk-block stk-69990cb\" data-block-id=\"69990cb\"><div class=\"stk-block-icon-list-item__content\"><span class=\"stk--svg-wrapper\"><div class=\"stk--inner-svg\"><svg aria-hidden=\"true\" width=\"32\" height=\"32\"><use xlink:href=\"#stk-icon-list__icon-svg-def-4a902e9\"><\/use><\/svg><\/div><\/span><span class=\"stk-block-icon-list-item__text\">D\u00e9partement de la promotion, de la valorisation et du marketing<br>T\u00e9l\u00e9phone \u2013&gt; 922 84 5250<br>Adresse e-mail \u2013&gt;&nbsp;<a href=\"mailto:pvcsegai@ull.edu.es\" target=\"_blank\" rel=\"noreferrer noopener\">pvcsegai@ull.edu.es<\/a><\/span><\/div><\/li>\n\n\n\n<li class=\"wp-block-stackable-icon-list-item stk-block-icon-list-item stk-block stk-a9e3875\" data-block-id=\"a9e3875\"><div class=\"stk-block-icon-list-item__content\"><span class=\"stk--svg-wrapper\"><div class=\"stk--inner-svg\"><svg aria-hidden=\"true\" width=\"32\" height=\"32\"><use xlink:href=\"#stk-icon-list__icon-svg-def-4a902e9\"><\/use><\/svg><\/div><\/span><span class=\"stk-block-icon-list-item__text\">D\u00e9partement de la qualit\u00e9<br>T\u00e9l\u00e9phone \u2013&gt; 922 316502 poste 6328<br>Adresse e-mail \u2013&gt;&nbsp;<a href=\"mailto:calsegai2@ull.edu.es\" target=\"_blank\" rel=\"noreferrer noopener\">calsegai2@ull.edu.es<\/a><\/span><\/div><\/li>\n<\/ul><\/div>\n<\/div><\/div><\/div>\n<\/div><\/div>\n<\/div><\/div><\/div>\n<\/div><\/div>","protected":false},"excerpt":{"rendered":"<p>Guide d&#039;aide du Service g\u00e9n\u00e9ral d&#039;assistance \u00e0 la recherche Pour vous aider \u00e0 utiliser correctement ce portail, un document d&#039;aide a \u00e9t\u00e9 cr\u00e9\u00e9 afin de r\u00e9pondre \u00e0 toutes vos questions. Nous vous recommandons vivement de lire attentivement ces informations avant de vous inscrire. Des vid\u00e9os sont \u00e9galement disponibles\u2026<\/p>","protected":false},"author":1,"featured_media":0,"parent":0,"menu_order":0,"comment_status":"closed","ping_status":"closed","template":"templates\/template-frontpage.php","meta":{"_acf_changed":false,"footnotes":""},"class_list":["post-24","page","type-page","status-publish","hentry"],"acf":[],"_links":{"self":[{"href":"https:\/\/www.ull.es\/servicios\/segai\/fr\/wp-json\/wp\/v2\/pages\/24","targetHints":{"allow":["GET"]}}],"collection":[{"href":"https:\/\/www.ull.es\/servicios\/segai\/fr\/wp-json\/wp\/v2\/pages"}],"about":[{"href":"https:\/\/www.ull.es\/servicios\/segai\/fr\/wp-json\/wp\/v2\/types\/page"}],"author":[{"embeddable":true,"href":"https:\/\/www.ull.es\/servicios\/segai\/fr\/wp-json\/wp\/v2\/users\/1"}],"replies":[{"embeddable":true,"href":"https:\/\/www.ull.es\/servicios\/segai\/fr\/wp-json\/wp\/v2\/comments?post=24"}],"version-history":[{"count":22,"href":"https:\/\/www.ull.es\/servicios\/segai\/fr\/wp-json\/wp\/v2\/pages\/24\/revisions"}],"predecessor-version":[{"id":2068,"href":"https:\/\/www.ull.es\/servicios\/segai\/fr\/wp-json\/wp\/v2\/pages\/24\/revisions\/2068"}],"wp:attachment":[{"href":"https:\/\/www.ull.es\/servicios\/segai\/fr\/wp-json\/wp\/v2\/media?parent=24"}],"curies":[{"name":"wp","href":"https:\/\/api.w.org\/{rel}","templated":true}]}}