{"id":433,"date":"2018-06-29T06:55:10","date_gmt":"2018-06-29T06:55:10","guid":{"rendered":"https:\/\/www.ull.es\/servicios\/segai\/?page_id=433"},"modified":"2026-03-16T10:35:55","modified_gmt":"2026-03-16T10:35:55","slug":"colaboradores","status":"publish","type":"page","link":"https:\/\/www.ull.es\/servicios\/segai\/fr\/colaboradores\/","title":{"rendered":"Contributeurs"},"content":{"rendered":"<div class=\"wp-block-stackable-columns alignfull stk-block-columns stk-block stk-16a94b8\" data-block-id=\"16a94b8\"><style>.stk-16a94b8 {margin-bottom:75px !important;}@media screen and (max-width: 767px){.stk-16a94b8 {padding-top:0px !important;padding-right:0px !important;padding-bottom:0px !important;padding-left:0px !important;}}<\/style><div class=\"stk-row stk-inner-blocks stk-block-content stk-content-align stk-16a94b8-column alignfull\">\n<div class=\"wp-block-stackable-column stk-block-column stk-column stk-block stk-dfe9b01 stk-block-background stk--has-background-overlay\" data-v=\"4\" data-block-id=\"dfe9b01\"><style>.stk-dfe9b01 {background-image:url(https:\/\/www.ull.es\/servicios\/segai\/wp-content\/uploads\/sites\/11\/2018\/06\/panSegai.jpg) !important;}.stk-dfe9b01:before{background-color:#000000 !important;opacity:0.3 !important;}@media screen and (max-width: 767px){.stk-dfe9b01 {padding-top:0px !important;padding-right:0px !important;padding-bottom:0px !important;padding-left:0px !important;}.stk-dfe9b01-container{min-height:320px !important;}}<\/style><div class=\"stk-column-wrapper stk-block-column__content stk-container stk-dfe9b01-container stk--no-background stk--no-padding\"><div class=\"stk-block-content stk-inner-blocks stk-dfe9b01-inner-blocks\">\n<div class=\"wp-block-stackable-columns alignfull stk-block-columns stk-block stk-3bf239f\" data-block-id=\"3bf239f\"><style>@media screen and (max-width: 1023px){.stk-3bf239f {padding-left:0px !important;}}<\/style><div class=\"stk-row stk-inner-blocks stk-block-content stk-content-align stk-3bf239f-column alignfull\">\n<div class=\"wp-block-stackable-column stk-block-column stk-column stk-block stk-f66584c\" data-v=\"4\" data-block-id=\"f66584c\"><div class=\"stk-column-wrapper stk-block-column__content stk-container stk-f66584c-container stk--no-background stk--no-padding\"><div class=\"stk-block-content stk-inner-blocks stk-f66584c-inner-blocks\">\n<div class=\"wp-block-stackable-heading stk-block-heading stk-block-heading--v2 stk-block stk-1bb54e9\" id=\"servicio-general-de-apoyo-a-la-investigacion\" data-block-id=\"1bb54e9\"><style>.stk-1bb54e9 {padding-top:110px !important;padding-right:25px !important;padding-bottom:75px !important;padding-left:380px !important;}.stk-1bb54e9 .stk-block-heading__text{font-size:35px !important;color:#ffffff !important;font-weight:400 !important;}@media screen and (max-width: 1023px){.stk-1bb54e9 {padding-left:55px !important;}.stk-1bb54e9 .stk-block-heading__text{font-size:35px !important;}}@media screen and (max-width: 767px){.stk-1bb54e9 {padding-right:95px !important;padding-left:25px !important;}.stk-1bb54e9 .stk-block-heading__text{font-size:33px !important;}}<\/style><h2 class=\"stk-block-heading__text has-text-color has-text-align-left has-text-align-left-tablet has-text-align-left-mobile\">Service g\u00e9n\u00e9ral de soutien \u00e0 la recherche<\/h2><\/div>\n<\/div><\/div><\/div>\n<\/div><\/div>\n<\/div><\/div><\/div>\n<\/div><\/div>\n\n\n\n<div class=\"wp-block-stackable-columns alignfull stk-block-columns stk-block stk-f6c3cbd\" data-block-id=\"f6c3cbd\"><style>.stk-f6c3cbd-column{max-width:1140px !important;min-width:auto !important;margin-right:auto !important;margin-left:auto !important;}@media screen and (max-width: 1023px){.stk-f6c3cbd-column{max-width:725px !important;min-width:auto !important;margin-right:auto !important;margin-left:auto !important;}}@media screen and (max-width: 767px){.stk-f6c3cbd-column{max-width:375px !important;min-width:auto !important;margin-right:auto !important;margin-left:auto !important;}}<\/style><div class=\"stk-row stk-inner-blocks stk-block-content stk-content-align stk-f6c3cbd-column alignfull\">\n<div class=\"wp-block-stackable-column stk-block-column stk-column stk-block stk-4702113\" data-v=\"4\" data-block-id=\"4702113\"><div class=\"stk-column-wrapper stk-block-column__content stk-container stk-4702113-container stk--no-background stk--no-padding\"><div class=\"stk-block-content stk-inner-blocks stk-4702113-inner-blocks\">\n<table style=\"height: 157px\" width=\"555\" class=\"table table-striped\">\n    <tbody>\n        <tr>\n            <th><\/th>\n            <th>Entit\u00e9<\/th>\n        <\/tr>\n        <tr>\n            <td><\/td>\n            <td><a href=\"http:\/\/www.idi.mineco.gob.es\/portal\/site\/MICINN\/\" target=\"_blank\" rel=\"noopener\">Minist\u00e8re de la Science, de l&#039;Innovation et des Universit\u00e9s<\/a><\/td>\n        <\/tr>\n        <tr>\n            <td><\/td>\n            <td><a href=\"http:\/\/www.gobiernodecanarias.org\/aciisi\/\" target=\"_blank\" rel=\"noopener\">Agence canarienne pour la recherche, l&#039;innovation et la soci\u00e9t\u00e9 de l&#039;information<\/a><\/td>\n        <\/tr>\n        <tr>\n            <td><\/td>\n            <td><a href=\"http:\/\/www.tenerife.es\/portalcabtfe\/es\/\" target=\"_blank\" rel=\"noopener\">Conseil insulaire de Tenerife<\/a><\/td>\n        <\/tr>\n        <tr>\n            <td><\/td>\n            <td><a href=\"http:\/\/www.intechtenerife.es\/\" target=\"_blank\" rel=\"noopener\">Parc scientifique et technologique de Tenerife<\/a><\/td>\n        <\/tr>\n        <tr>\n            <td><\/td>\n            <td><a href=\"https:\/\/www.ipna.csic.es\/\" target=\"_blank\" rel=\"noopener\">Institut des produits naturels et de l&#039;agrobiologie (CSIC)<\/a><\/td>\n        <\/tr>\n        <tr>\n            <td><\/td>\n            <td><a href=\"http:\/\/www.iac.es\/\" target=\"_blank\" rel=\"noopener\">Institut d&#039;astrophysique des \u00eeles Canaries<\/a>\n            <\/td>\n        <\/tr>\n        <tr>\n            <td><\/td>\n            <td><a href=\"http:\/\/sai.unizar.es\/\" target=\"_blank\" rel=\"noopener\">Service g\u00e9n\u00e9ral de soutien \u00e0 la recherche de l&#039;Universit\u00e9 de Saragosse<\/a><\/td>\n        <\/tr>\n        <tr>\n            <td><\/td>\n            <td><a href=\"https:\/\/www.tenerife.es\/portalcabtfe\/es\/component\/content\/article\/60-temas\/cabildo\/3259-marco-estrategico-de-desarrollo-insular-medi-2016-2025\"\n                    target=\"_blank\" rel=\"noopener\">Conseil insulaire de Tenerife : Programme MEDI-FDCAN 2016-2025<\/a><\/td>\n        <\/tr>\n    <\/tbody>\n<\/table>\n<\/div><\/div><\/div>\n<\/div><\/div>","protected":false},"excerpt":{"rendered":"<p>Entit\u00e9 du Service g\u00e9n\u00e9ral de soutien \u00e0 la recherche Minist\u00e8re de la Science, de l&#039;Innovation et des Universit\u00e9s Agence canarienne pour la recherche, l&#039;innovation et la soci\u00e9t\u00e9 de l&#039;information Conseil insulaire de Tenerife Parc scientifique et technologique de Tenerife Institut des produits naturels et de l&#039;agrobiologie (CSIC) Institut d&#039;astrophysique des \u00eeles Canaries Service g\u00e9n\u00e9ral de soutien \u00e0 la recherche de\u2026<\/p>","protected":false},"author":31,"featured_media":0,"parent":0,"menu_order":0,"comment_status":"closed","ping_status":"closed","template":"templates\/template-frontpage.php","meta":{"_acf_changed":false,"footnotes":""},"class_list":["post-433","page","type-page","status-publish","hentry"],"acf":[],"_links":{"self":[{"href":"https:\/\/www.ull.es\/servicios\/segai\/fr\/wp-json\/wp\/v2\/pages\/433","targetHints":{"allow":["GET"]}}],"collection":[{"href":"https:\/\/www.ull.es\/servicios\/segai\/fr\/wp-json\/wp\/v2\/pages"}],"about":[{"href":"https:\/\/www.ull.es\/servicios\/segai\/fr\/wp-json\/wp\/v2\/types\/page"}],"author":[{"embeddable":true,"href":"https:\/\/www.ull.es\/servicios\/segai\/fr\/wp-json\/wp\/v2\/users\/31"}],"replies":[{"embeddable":true,"href":"https:\/\/www.ull.es\/servicios\/segai\/fr\/wp-json\/wp\/v2\/comments?post=433"}],"version-history":[{"count":9,"href":"https:\/\/www.ull.es\/servicios\/segai\/fr\/wp-json\/wp\/v2\/pages\/433\/revisions"}],"predecessor-version":[{"id":2058,"href":"https:\/\/www.ull.es\/servicios\/segai\/fr\/wp-json\/wp\/v2\/pages\/433\/revisions\/2058"}],"wp:attachment":[{"href":"https:\/\/www.ull.es\/servicios\/segai\/fr\/wp-json\/wp\/v2\/media?parent=433"}],"curies":[{"name":"wp","href":"https:\/\/api.w.org\/{rel}","templated":true}]}}