{"id":776,"date":"2018-07-13T07:47:17","date_gmt":"2018-07-13T07:47:17","guid":{"rendered":"https:\/\/www.ull.es\/servicios\/segai\/?page_id=776"},"modified":"2026-05-07T06:58:38","modified_gmt":"2026-05-07T06:58:38","slug":"calidad","status":"publish","type":"page","link":"https:\/\/www.ull.es\/servicios\/segai\/fr\/calidad\/","title":{"rendered":"Qualit\u00e9"},"content":{"rendered":"<div class=\"wp-block-stackable-columns alignfull stk-block-columns stk-block stk-16a94b8\" data-block-id=\"16a94b8\"><style>.stk-16a94b8 {margin-bottom:75px !important;}@media screen and (max-width: 767px){.stk-16a94b8 {padding-top:0px !important;padding-right:0px !important;padding-bottom:0px !important;padding-left:0px !important;}}<\/style><div class=\"stk-row stk-inner-blocks stk-block-content stk-content-align stk-16a94b8-column alignfull\">\n<div class=\"wp-block-stackable-column stk-block-column stk-column stk-block stk-dfe9b01 stk-block-background stk--has-background-overlay\" data-v=\"4\" data-block-id=\"dfe9b01\"><style>.stk-dfe9b01 {background-image:url(https:\/\/www.ull.es\/servicios\/segai\/wp-content\/uploads\/sites\/11\/2018\/06\/panSegai.jpg) !important;}.stk-dfe9b01:before{background-color:#000000 !important;opacity:0.3 !important;}@media screen and (max-width: 767px){.stk-dfe9b01 {padding-top:0px !important;padding-right:0px !important;padding-bottom:0px !important;padding-left:0px !important;}.stk-dfe9b01-container{min-height:320px !important;}}<\/style><div class=\"stk-column-wrapper stk-block-column__content stk-container stk-dfe9b01-container stk--no-background stk--no-padding\"><div class=\"stk-block-content stk-inner-blocks stk-dfe9b01-inner-blocks\">\n<div class=\"wp-block-stackable-columns alignfull stk-block-columns stk-block stk-3bf239f\" data-block-id=\"3bf239f\"><style>@media screen and (max-width: 1023px){.stk-3bf239f {padding-left:0px !important;}}<\/style><div class=\"stk-row stk-inner-blocks stk-block-content stk-content-align stk-3bf239f-column alignfull\">\n<div class=\"wp-block-stackable-column stk-block-column stk-column stk-block stk-f66584c\" data-v=\"4\" data-block-id=\"f66584c\"><div class=\"stk-column-wrapper stk-block-column__content stk-container stk-f66584c-container stk--no-background stk--no-padding\"><div class=\"stk-block-content stk-inner-blocks stk-f66584c-inner-blocks\">\n<div class=\"wp-block-stackable-heading stk-block-heading stk-block-heading--v2 stk-block stk-1bb54e9\" id=\"servicio-general-de-apoyo-a-la-investigacion\" data-block-id=\"1bb54e9\"><style>.stk-1bb54e9 {padding-top:110px !important;padding-right:25px !important;padding-bottom:75px !important;padding-left:380px !important;}.stk-1bb54e9 .stk-block-heading__text{font-size:35px !important;color:#ffffff !important;font-weight:400 !important;}@media screen and (max-width: 1023px){.stk-1bb54e9 {padding-left:55px !important;}.stk-1bb54e9 .stk-block-heading__text{font-size:35px !important;}}@media screen and (max-width: 767px){.stk-1bb54e9 {padding-right:95px !important;padding-left:25px !important;}.stk-1bb54e9 .stk-block-heading__text{font-size:33px !important;}}<\/style><h2 class=\"stk-block-heading__text has-text-color has-text-align-left has-text-align-left-tablet has-text-align-left-mobile\">Service g\u00e9n\u00e9ral de soutien \u00e0 la recherche<\/h2><\/div>\n<\/div><\/div><\/div>\n<\/div><\/div>\n<\/div><\/div><\/div>\n<\/div><\/div>\n\n\n\n<div class=\"wp-block-stackable-columns stk-block-columns stk-block stk-e29a6d0\" data-block-id=\"e29a6d0\"><style>.stk-e29a6d0 {margin-bottom:35px !important;}<\/style><div class=\"stk-row stk-inner-blocks stk-block-content stk-content-align stk-e29a6d0-column\">\n<div class=\"wp-block-stackable-column stk-block-column stk-column stk-block stk-e43ab44\" data-v=\"4\" data-block-id=\"e43ab44\"><div class=\"stk-column-wrapper stk-block-column__content stk-container stk-e43ab44-container stk--no-background stk--no-padding\"><div class=\"stk-block-content stk-inner-blocks stk-e43ab44-inner-blocks\">\n<details class=\"wp-block-stackable-accordion stk-block-accordion stk-inner-blocks stk-block-content stk-block stk-7c390cd is-style-default\" id=\"otras-certificaciones-o-acreditaciones\" data-block-id=\"7c390cd\"><style>.stk-7c390cd {border-style:solid !important;border-top-width:0px !important;border-right-width:0px !important;border-bottom-width:1px !important;border-left-width:0px !important;margin-bottom:11px !important;}<\/style>\n<summary class=\"wp-block-stackable-column stk-block-column stk-column stk-block stk-c927805 stk--container-small stk-block-accordion__heading\" data-v=\"4\" data-block-id=\"c927805\"><style>.stk-c927805 {padding-top:2px !important;padding-right:2px !important;padding-bottom:2px !important;padding-left:2px !important;}<\/style><div class=\"stk-column-wrapper stk-block-column__content stk-container stk-c927805-container stk--no-background stk--no-padding\"><div class=\"stk-block-content stk-inner-blocks stk-c927805-inner-blocks\">\n<div class=\"wp-block-stackable-icon-label stk-block-icon-label stk-block stk-7935446\" data-block-id=\"7935446\"><style>.stk-7935446 .stk-inner-blocks{gap:39px !important;}@media screen and (max-width: 1023px){.stk-7935446 .stk-inner-blocks{gap:39px !important;}}@media screen and (max-width: 767px){.stk-7935446 .stk-inner-blocks{gap:39px !important;}}<\/style><div class=\"stk-row stk-inner-blocks stk-block-content\">\n<div class=\"wp-block-stackable-icon stk-block-icon stk-block stk-9a468d5\" data-block-id=\"9a468d5\"><style>.stk-9a468d5 .stk--svg-wrapper .stk--inner-svg svg:last-child{height:25px !important;width:25px !important;}.stk-9a468d5 .stk--svg-wrapper .stk--inner-svg svg:last-child, .stk-9a468d5 .stk--svg-wrapper .stk--inner-svg svg:last-child :is(g, path, rect, polygon, ellipse){fill:#5c068c !important;}<\/style><span class=\"stk--svg-wrapper stk--has-icon2\"><div class=\"stk--inner-svg\"><svg style=\"height:0;width:0\"><defs><lineargradient id=\"linear-gradient-9a468d5\" x1=\"0\" x2=\"100%\" y1=\"0\" y2=\"0\"><stop offset=\"0%\" style=\"stop-opacity:1;stop-color:var(--linear-gradient-9-a-468-d-5-color-1)\"><\/stop><stop offset=\"100%\" style=\"stop-opacity:1;stop-color:var(--linear-gradient-9-a-468-d-5-color-2)\"><\/stop><\/lineargradient><\/defs><\/svg><svg xmlns=\"http:\/\/www.w3.org\/2000\/svg\" viewbox=\"0 0 448 512\" aria-hidden=\"true\" width=\"32\" height=\"32\"><path d=\"M64 32C28.7 32 0 60.7 0 96V416c0 35.3 28.7 64 64 64H288V368c0-26.5 21.5-48 48-48H448V96c0-35.3-28.7-64-64-64H64zM448 352H402.7 336c-8.8 0-16 7.2-16 16v66.7V480l32-32 64-64 32-32z\"\/><\/svg><\/div><div class=\"stk--inner-svg stk--icon-2\" style=\"display:none\"><svg style=\"height:0;width:0\"><defs><lineargradient id=\"linear-gradient-9a468d5\" x1=\"0\" x2=\"100%\" y1=\"0\" y2=\"0\"><stop offset=\"0%\" style=\"stop-opacity:1;stop-color:var(--linear-gradient-9-a-468-d-5-color-1)\"><\/stop><stop offset=\"100%\" style=\"stop-opacity:1;stop-color:var(--linear-gradient-9-a-468-d-5-color-2)\"><\/stop><\/lineargradient><\/defs><\/svg><svg xmlns=\"http:\/\/www.w3.org\/2000\/svg\" viewbox=\"0 0 448 512\" aria-hidden=\"true\" width=\"32\" height=\"32\"><path d=\"M64 80c-8.8 0-16 7.2-16 16V416c0 8.8 7.2 16 16 16H288V352c0-17.7 14.3-32 32-32h80V96c0-8.8-7.2-16-16-16H64zM288 480H64c-35.3 0-64-28.7-64-64V96C0 60.7 28.7 32 64 32H384c35.3 0 64 28.7 64 64V320v5.5c0 17-6.7 33.3-18.7 45.3l-90.5 90.5c-12 12-28.3 18.7-45.3 18.7H288z\"\/><\/svg><\/div><\/span><\/div>\n\n\n\n<div class=\"wp-block-stackable-heading stk-block-heading stk-block-heading--v2 stk-block stk-31863c1\" id=\"acceso\" data-block-id=\"31863c1\"><style>.stk-31863c1 .stk-block-heading__text{color:#000000 !important;font-weight:500 !important;font-family:\"ArgentumSans\", Sans-serif !important;}<\/style><h4 class=\"stk-block-heading__text has-text-color\"><span style=\"color: #000000;\" class=\"stk-highlight\">Autres certifications ou accr\u00e9ditations<\/span><\/h4><\/div>\n<\/div><\/div>\n<\/div><\/div><\/summary>\n\n\n\n<div class=\"wp-block-stackable-column stk-block-column stk-column stk-block stk-5222666 stk-block-accordion__content\" data-v=\"4\" data-block-id=\"5222666\"><style>.stk-5222666 {margin-top:-30px !important;}<\/style><div class=\"stk-column-wrapper stk-block-column__content stk-container stk-5222666-container stk--no-background stk--no-padding\"><div class=\"stk-block-content stk-inner-blocks stk-5222666-inner-blocks\">\n<div class=\"wp-block-stackable-columns stk-block-columns stk-block stk-dc8d489\" data-block-id=\"dc8d489\"><div class=\"stk-row stk-inner-blocks stk-block-content stk-content-align stk-dc8d489-column\">\n<div class=\"wp-block-stackable-column stk-block-column stk-column stk-block stk-9afb9bd\" data-v=\"4\" data-block-id=\"9afb9bd\"><div class=\"stk-column-wrapper stk-block-column__content stk-container stk-9afb9bd-container stk--no-background stk--no-padding\"><div class=\"stk-block-content stk-inner-blocks stk-9afb9bd-inner-blocks\">\n<div class=\"wp-block-stackable-image stk-block-image stk-block stk-b912b1c\" data-block-id=\"b912b1c\"><style>.stk-b912b1c .stk-img-wrapper{width:250px !important;}<\/style><figure><span class=\"stk-img-wrapper stk-image--shape-stretch\"><img loading=\"lazy\" decoding=\"async\" class=\"stk-img wp-image-1438\" src=\"https:\/\/www.ull.es\/servicios\/segai\/wp-content\/uploads\/sites\/11\/2018\/06\/Sello-AENOR-ISO-9001_NEG-2-e1683808686659.jpg\" width=\"250\" height=\"211\"\/><\/span><\/figure><\/div>\n<\/div><\/div><\/div>\n\n\n\n<div class=\"wp-block-stackable-column stk-block-column stk-column stk-block stk-abcd68b\" data-v=\"4\" data-block-id=\"abcd68b\"><div class=\"stk-column-wrapper stk-block-column__content stk-container stk-abcd68b-container stk--no-background stk--no-padding\"><div class=\"stk-block-content stk-inner-blocks stk-abcd68b-inner-blocks\">\n<div class=\"wp-block-stackable-image stk-block-image has-text-align-left stk-block stk-ea56fe4\" data-block-id=\"ea56fe4\"><style>.stk-ea56fe4 .stk-img-wrapper{width:200px !important;}<\/style><figure><span class=\"stk-img-wrapper stk-image--shape-stretch\"><img loading=\"lazy\" decoding=\"async\" class=\"stk-img wp-image-972\" src=\"https:\/\/www.ull.es\/servicios\/segai\/wp-content\/uploads\/sites\/11\/2018\/06\/logo2-color-calidad-1.jpg\" width=\"200\" height=\"250\"\/><\/span><\/figure><\/div>\n<\/div><\/div><\/div>\n<\/div><\/div>\n\n\n\n<p><strong>Certification UNE-EN ISO 9001<\/strong><\/p>\n\n\n\n<p>Les services suivants ont \u00e9t\u00e9 certifi\u00e9s conformes \u00e0 la norme UNE-EN ISO9001\u00a0:<\/p>\n\n\n\n<ul class=\"wp-block-list\">\n<li>\u00c9curies et animalerie<\/li>\n\n\n\n<li>Laboratoire de phon\u00e9tique<\/li>\n\n\n\n<li>Service int\u00e9gr\u00e9 de diffraction des rayons X<\/li>\n\n\n\n<li>Service d&#039;imagerie par r\u00e9sonance magn\u00e9tique pour la recherche biom\u00e9dicale<\/li>\n\n\n\n<li>Service de g\u00e9nomique<\/li>\n\n\n\n<li>Service \u00e9lectronique<\/li>\n\n\n\n<li>Service m\u00e9canique<\/li>\n\n\n\n<li>Service de microscopie \u00e9lectronique<\/li>\n\n\n\n<li>Service de spectroscopie infrarouge<\/li>\n\n\n\n<li>Service de soutien en criminalistique m\u00e9dico-l\u00e9gale<\/li>\n\n\n\n<li>D\u00e9partement de la qualit\u00e9<\/li>\n<\/ul>\n\n\n\n<p>T\u00e9l\u00e9charger le certificat (<a href=\"https:\/\/web.archive.org\/web\/20260121063236\/https:\/\/drive.google.com\/open?id=1hwi6ZxSwEqvdA5oTjYwCrzod9S6Ol1aT\" target=\"_blank\" rel=\"noreferrer noopener\">Espagnol<\/a>&nbsp;\/&nbsp;<a href=\"https:\/\/web.archive.org\/web\/20260121063236\/https:\/\/drive.google.com\/open?id=1K0rRNBje9rcJ4Nx22IsjrvHHX6I8jLYp\" target=\"_blank\" rel=\"noreferrer noopener\">Anglais<\/a>)<\/p>\n\n\n\n<div class=\"wp-block-stackable-image stk-block-image has-text-align-left stk-block stk-e58c520\" data-block-id=\"e58c520\"><style>.stk-e58c520 .stk-img-wrapper{width:40% !important;}<\/style><figure><span class=\"stk-img-wrapper stk-image--shape-stretch\"><img loading=\"lazy\" decoding=\"async\" class=\"stk-img wp-image-1351\" src=\"https:\/\/www.ull.es\/servicios\/segai\/wp-content\/uploads\/sites\/11\/2022\/04\/ENAC-WEB_No1164-_-LE1941-copia.png\" width=\"1181\" height=\"1181\" srcset=\"https:\/\/www.ull.es\/servicios\/segai\/wp-content\/uploads\/sites\/11\/2022\/04\/ENAC-WEB_No1164-_-LE1941-copia.png 1181w, https:\/\/www.ull.es\/servicios\/segai\/wp-content\/uploads\/sites\/11\/2022\/04\/ENAC-WEB_No1164-_-LE1941-copia-300x300.png 300w, https:\/\/www.ull.es\/servicios\/segai\/wp-content\/uploads\/sites\/11\/2022\/04\/ENAC-WEB_No1164-_-LE1941-copia-1024x1024.png 1024w, https:\/\/www.ull.es\/servicios\/segai\/wp-content\/uploads\/sites\/11\/2022\/04\/ENAC-WEB_No1164-_-LE1941-copia-150x150.png 150w, https:\/\/www.ull.es\/servicios\/segai\/wp-content\/uploads\/sites\/11\/2022\/04\/ENAC-WEB_No1164-_-LE1941-copia-768x768.png 768w, https:\/\/www.ull.es\/servicios\/segai\/wp-content\/uploads\/sites\/11\/2022\/04\/ENAC-WEB_No1164-_-LE1941-copia-375x375.png 375w, https:\/\/www.ull.es\/servicios\/segai\/wp-content\/uploads\/sites\/11\/2022\/04\/ENAC-WEB_No1164-_-LE1941-copia-750x750.png 750w, https:\/\/www.ull.es\/servicios\/segai\/wp-content\/uploads\/sites\/11\/2022\/04\/ENAC-WEB_No1164-_-LE1941-copia-1140x1140.png 1140w, https:\/\/www.ull.es\/servicios\/segai\/wp-content\/uploads\/sites\/11\/2022\/04\/ENAC-WEB_No1164-_-LE1941-copia-50x50.png 50w\" sizes=\"auto, (max-width: 1181px) 100vw, 1181px\" \/><\/span><\/figure><\/div>\n\n\n\n<p><strong>Accr\u00e9ditation selon la norme UNE-EN ISO\/IEC 17025<\/strong><\/p>\n\n\n\n<ul class=\"wp-block-list\">\n<li>Le Laboratoire de physique m\u00e9dicale et de radioactivit\u00e9 environnementale (FIMERALL) est accr\u00e9dit\u00e9 depuis 2015 selon la norme UNE-EN ISO\/IEC 17025 pour la r\u00e9alisation d&#039;essais dans le domaine de la radioprotection. T\u00e9l\u00e9charger (<a href=\"https:\/\/web.archive.org\/web\/20260121063236\/https:\/\/drive.google.com\/file\/d\/1q1Yl5G8GXHbU-Z5SLHkUNtqQlhccQ4PN\/view?usp=drive_link.\" target=\"_blank\" rel=\"noreferrer noopener\">Accr\u00e9ditation<\/a>\u00a0\/\u00a0<a href=\"https:\/\/web.archive.org\/web\/20260121063236\/https:\/\/drive.google.com\/file\/d\/189Wcov3Tnp6JiYkalFOd1ABk5-xLx_1U\/view?usp=sharing\" target=\"_blank\" rel=\"noreferrer noopener\">Annexe technique<\/a>)<\/li>\n<\/ul>\n<\/div><\/div><\/div>\n<\/details>\n\n\n\n<details class=\"wp-block-stackable-accordion stk-block-accordion stk-inner-blocks stk-block-content stk-block stk-88a7c9c is-style-default\" id=\"analisis-muestras-ambientales\" data-block-id=\"88a7c9c\"><style>.stk-88a7c9c {border-style:solid !important;border-top-width:0px !important;border-right-width:0px !important;border-bottom-width:1px !important;border-left-width:0px !important;margin-bottom:10px !important;}<\/style>\n<summary class=\"wp-block-stackable-column stk-block-column stk-column stk-block stk-27019df stk--container-small stk-block-accordion__heading\" data-v=\"4\" data-block-id=\"27019df\"><style>.stk-27019df {padding-top:2px !important;padding-right:2px !important;padding-bottom:2px !important;padding-left:2px !important;}<\/style><div class=\"stk-column-wrapper stk-block-column__content stk-container stk-27019df-container stk--no-background stk--no-padding\"><div class=\"stk-block-content stk-inner-blocks stk-27019df-inner-blocks\">\n<div class=\"wp-block-stackable-icon-label stk-block-icon-label stk-block stk-9c9ce7e\" data-block-id=\"9c9ce7e\"><style>.stk-9c9ce7e .stk-inner-blocks{gap:39px !important;}@media screen and (max-width: 1023px){.stk-9c9ce7e .stk-inner-blocks{gap:39px !important;}}@media screen and (max-width: 767px){.stk-9c9ce7e .stk-inner-blocks{gap:39px !important;}}<\/style><div class=\"stk-row stk-inner-blocks stk-block-content\">\n<div class=\"wp-block-stackable-icon stk-block-icon stk-block stk-61c8ad3\" data-block-id=\"61c8ad3\"><style>.stk-61c8ad3 .stk--svg-wrapper .stk--inner-svg svg:last-child{height:25px !important;width:25px !important;}.stk-61c8ad3 .stk--svg-wrapper .stk--inner-svg svg:last-child, .stk-61c8ad3 .stk--svg-wrapper .stk--inner-svg svg:last-child :is(g, path, rect, polygon, ellipse){fill:#5c068c !important;}<\/style><span class=\"stk--svg-wrapper stk--has-icon2\"><div class=\"stk--inner-svg\"><svg style=\"height:0;width:0\"><defs><lineargradient id=\"linear-gradient-61c8ad3\" x1=\"0\" x2=\"100%\" y1=\"0\" y2=\"0\"><stop offset=\"0%\" style=\"stop-opacity:1;stop-color:var(--linear-gradient-61-c-8-ad-3-color-1)\"><\/stop><stop offset=\"100%\" style=\"stop-opacity:1;stop-color:var(--linear-gradient-61-c-8-ad-3-color-2)\"><\/stop><\/lineargradient><\/defs><\/svg><svg xmlns=\"http:\/\/www.w3.org\/2000\/svg\" viewbox=\"0 0 448 512\" aria-hidden=\"true\" width=\"32\" height=\"32\"><path d=\"M64 32C28.7 32 0 60.7 0 96V416c0 35.3 28.7 64 64 64H384c35.3 0 64-28.7 64-64V96c0-35.3-28.7-64-64-64H64zM337 209L209 337c-9.4 9.4-24.6 9.4-33.9 0l-64-64c-9.4-9.4-9.4-24.6 0-33.9s24.6-9.4 33.9 0l47 47L303 175c9.4-9.4 24.6-9.4 33.9 0s9.4 24.6 0 33.9z\"\/><\/svg><\/div><div class=\"stk--inner-svg stk--icon-2\" style=\"display:none\"><svg style=\"height:0;width:0\"><defs><lineargradient id=\"linear-gradient-61c8ad3\" x1=\"0\" x2=\"100%\" y1=\"0\" y2=\"0\"><stop offset=\"0%\" style=\"stop-opacity:1;stop-color:var(--linear-gradient-61-c-8-ad-3-color-1)\"><\/stop><stop offset=\"100%\" style=\"stop-opacity:1;stop-color:var(--linear-gradient-61-c-8-ad-3-color-2)\"><\/stop><\/lineargradient><\/defs><\/svg><svg xmlns=\"http:\/\/www.w3.org\/2000\/svg\" viewbox=\"0 0 448 512\" aria-hidden=\"true\" width=\"32\" height=\"32\"><path d=\"M64 80c-8.8 0-16 7.2-16 16V416c0 8.8 7.2 16 16 16H384c8.8 0 16-7.2 16-16V96c0-8.8-7.2-16-16-16H64zM0 96C0 60.7 28.7 32 64 32H384c35.3 0 64 28.7 64 64V416c0 35.3-28.7 64-64 64H64c-35.3 0-64-28.7-64-64V96zM337 209L209 337c-9.4 9.4-24.6 9.4-33.9 0l-64-64c-9.4-9.4-9.4-24.6 0-33.9s24.6-9.4 33.9 0l47 47L303 175c9.4-9.4 24.6-9.4 33.9 0s9.4 24.6 0 33.9z\"\/><\/svg><\/div><\/span><\/div>\n\n\n\n<div class=\"wp-block-stackable-heading stk-block-heading stk-block-heading--v2 stk-block stk-bcb6d4e\" id=\"span-style-color-000000-class-stk-highlight-departamento-de-calidad-span\" data-block-id=\"bcb6d4e\"><style>.stk-bcb6d4e .stk-block-heading__text{color:#000000 !important;font-weight:500 !important;font-family:\"ArgentumSans\", Sans-serif !important;}<\/style><h4 class=\"stk-block-heading__text has-text-color\"><span style=\"color: #000000;\" class=\"stk-highlight\">D\u00e9partement de la qualit\u00e9<\/span><\/h4><\/div>\n<\/div><\/div>\n<\/div><\/div><\/summary>\n\n\n\n<div class=\"wp-block-stackable-column stk-block-column stk-column stk-block stk-76d605c stk-block-accordion__content\" data-v=\"4\" data-block-id=\"76d605c\"><style>.stk-76d605c {margin-top:-30px !important;}<\/style><div class=\"stk-column-wrapper stk-block-column__content stk-container stk-76d605c-container stk--no-background stk--no-padding\"><div class=\"stk-block-content stk-inner-blocks stk-76d605c-inner-blocks\">\n<p><a href=\"https:\/\/web.archive.org\/web\/20260121063236\/https:\/\/www.ull.es\/servicios\/segai\/servicios\/departamento-de-calidad\/\" target=\"_blank\" rel=\"noreferrer noopener\">D\u00e9partement Qualit\u00e9 de SEGAI<\/a><\/p>\n<\/div><\/div><\/div>\n<\/details>\n<\/div><\/div><\/div>\n<\/div><\/div>","protected":false},"excerpt":{"rendered":"<p>Service g\u00e9n\u00e9ral de soutien \u00e0 la recherche Autres certifications ou accr\u00e9ditations Certification UNE-EN ISO 9001 Les services suivants sont certifi\u00e9s conformes \u00e0 la norme UNE-EN ISO 9001\u00a0: T\u00e9l\u00e9charger le certificat (espagnol\/anglais) Accr\u00e9ditation selon la norme UNE-EN ISO\/IEC 17025 D\u00e9partement Qualit\u00e9 D\u00e9partement Qualit\u00e9 de SEGAI<\/p>","protected":false},"author":31,"featured_media":0,"parent":0,"menu_order":0,"comment_status":"closed","ping_status":"closed","template":"templates\/template-frontpage.php","meta":{"_acf_changed":false,"footnotes":""},"class_list":["post-776","page","type-page","status-publish","hentry"],"acf":[],"_links":{"self":[{"href":"https:\/\/www.ull.es\/servicios\/segai\/fr\/wp-json\/wp\/v2\/pages\/776","targetHints":{"allow":["GET"]}}],"collection":[{"href":"https:\/\/www.ull.es\/servicios\/segai\/fr\/wp-json\/wp\/v2\/pages"}],"about":[{"href":"https:\/\/www.ull.es\/servicios\/segai\/fr\/wp-json\/wp\/v2\/types\/page"}],"author":[{"embeddable":true,"href":"https:\/\/www.ull.es\/servicios\/segai\/fr\/wp-json\/wp\/v2\/users\/31"}],"replies":[{"embeddable":true,"href":"https:\/\/www.ull.es\/servicios\/segai\/fr\/wp-json\/wp\/v2\/comments?post=776"}],"version-history":[{"count":21,"href":"https:\/\/www.ull.es\/servicios\/segai\/fr\/wp-json\/wp\/v2\/pages\/776\/revisions"}],"predecessor-version":[{"id":2142,"href":"https:\/\/www.ull.es\/servicios\/segai\/fr\/wp-json\/wp\/v2\/pages\/776\/revisions\/2142"}],"wp:attachment":[{"href":"https:\/\/www.ull.es\/servicios\/segai\/fr\/wp-json\/wp\/v2\/media?parent=776"}],"curies":[{"name":"wp","href":"https:\/\/api.w.org\/{rel}","templated":true}]}}