{"id":21,"date":"2018-06-21T12:02:57","date_gmt":"2018-06-21T12:02:57","guid":{"rendered":"https:\/\/www.ull.es\/servicios\/segai\/?page_id=21"},"modified":"2026-03-16T10:35:34","modified_gmt":"2026-03-16T10:35:34","slug":"formularios","status":"publish","type":"page","link":"https:\/\/www.ull.es\/servicios\/segai\/formularios\/","title":{"rendered":"Formularios"},"content":{"rendered":"\n<div class=\"wp-block-stackable-columns alignfull stk-block-columns stk-block stk-16a94b8\" data-block-id=\"16a94b8\"><style>.stk-16a94b8 {margin-bottom:75px !important;}@media screen and (max-width: 767px){.stk-16a94b8 {padding-top:0px !important;padding-right:0px !important;padding-bottom:0px !important;padding-left:0px !important;}}<\/style><div class=\"stk-row stk-inner-blocks stk-block-content stk-content-align stk-16a94b8-column alignfull\">\n<div class=\"wp-block-stackable-column stk-block-column stk-column stk-block stk-dfe9b01 stk-block-background stk--has-background-overlay\" data-v=\"4\" data-block-id=\"dfe9b01\"><style>.stk-dfe9b01 {background-image:url(https:\/\/www.ull.es\/servicios\/segai\/wp-content\/uploads\/sites\/11\/2018\/06\/panSegai.jpg) !important;}.stk-dfe9b01:before{background-color:#000000 !important;opacity:0.3 !important;}@media screen and (max-width: 767px){.stk-dfe9b01 {padding-top:0px !important;padding-right:0px !important;padding-bottom:0px !important;padding-left:0px !important;}.stk-dfe9b01-container{min-height:320px !important;}}<\/style><div class=\"stk-column-wrapper stk-block-column__content stk-container stk-dfe9b01-container stk--no-background stk--no-padding\"><div class=\"stk-block-content stk-inner-blocks stk-dfe9b01-inner-blocks\">\n<div class=\"wp-block-stackable-columns alignfull stk-block-columns stk-block stk-3bf239f\" data-block-id=\"3bf239f\"><style>@media screen and (max-width: 1023px){.stk-3bf239f {padding-left:0px !important;}}<\/style><div class=\"stk-row stk-inner-blocks stk-block-content stk-content-align stk-3bf239f-column alignfull\">\n<div class=\"wp-block-stackable-column stk-block-column stk-column stk-block stk-f66584c\" data-v=\"4\" data-block-id=\"f66584c\"><div class=\"stk-column-wrapper stk-block-column__content stk-container stk-f66584c-container stk--no-background stk--no-padding\"><div class=\"stk-block-content stk-inner-blocks stk-f66584c-inner-blocks\">\n<div class=\"wp-block-stackable-heading stk-block-heading stk-block-heading--v2 stk-block stk-1bb54e9\" id=\"servicio-general-de-apoyo-a-la-investigacion\" data-block-id=\"1bb54e9\"><style>.stk-1bb54e9 {padding-top:110px !important;padding-right:25px !important;padding-bottom:75px !important;padding-left:380px !important;}.stk-1bb54e9 .stk-block-heading__text{font-size:35px !important;color:#ffffff !important;font-weight:400 !important;}@media screen and (max-width: 1023px){.stk-1bb54e9 {padding-left:55px !important;}.stk-1bb54e9 .stk-block-heading__text{font-size:35px !important;}}@media screen and (max-width: 767px){.stk-1bb54e9 {padding-right:95px !important;padding-left:25px !important;}.stk-1bb54e9 .stk-block-heading__text{font-size:33px !important;}}<\/style><h2 class=\"stk-block-heading__text has-text-color has-text-align-left has-text-align-left-tablet has-text-align-left-mobile\">Servicio General de Apoyo a la Investigaci\u00f3n<\/h2><\/div>\n<\/div><\/div><\/div>\n<\/div><\/div>\n<\/div><\/div><\/div>\n<\/div><\/div>\n\n\n\n<div class=\"wp-block-stackable-columns alignfull stk-block-columns stk-block stk-a272d31\" data-block-id=\"a272d31\"><style>.stk-a272d31 {margin-bottom:38px !important;}.stk-a272d31-column{max-width:920px !important;min-width:auto !important;margin-right:auto !important;margin-left:auto !important;}@media screen and (max-width: 1023px){.stk-a272d31-column{max-width:576px !important;min-width:auto !important;}}@media screen and (max-width: 767px){.stk-a272d31-column{max-width:300px !important;min-width:auto !important;}}<\/style><div class=\"stk-row stk-inner-blocks stk-block-content stk-content-align stk-a272d31-column alignfull\">\n<div class=\"wp-block-stackable-column stk-block-column stk-column stk-block stk-99f9f0d stk-block-background\" data-v=\"4\" data-block-id=\"99f9f0d\"><style>.stk-99f9f0d-container{margin-top:0px !important;margin-right:0px !important;margin-bottom:0px !important;margin-left:0px !important;}.stk-99f9f0d {background-color:#f7f7f7 !important;border-top-left-radius:5px !important;border-top-right-radius:5px !important;border-bottom-right-radius:5px !important;border-bottom-left-radius:5px !important;overflow:hidden !important;border-style:solid !important;border-color:#e3e3e3 !important;border-top-width:1px !important;border-right-width:1px !important;border-bottom-width:1px !important;border-left-width:1px !important;}.stk-99f9f0d:before{background-color:#f7f7f7 !important;}<\/style><div class=\"stk-column-wrapper stk-block-column__content stk-container stk-99f9f0d-container stk--no-background stk--no-padding\"><div class=\"stk-block-content stk-inner-blocks stk-99f9f0d-inner-blocks\">\n<div class=\"wp-block-stackable-heading stk-block-heading stk-block-heading--v2 stk-block stk-3d24669\" id=\"aviso-importante\" data-block-id=\"3d24669\"><style>.stk-3d24669 {margin-bottom:12px !important;}<\/style><h4 class=\"stk-block-heading__text\">AVISO IMPORTANTE<\/h4><\/div>\n\n\n\n<div class=\"wp-block-stackable-text stk-block-text stk-block stk-6fef0d4\" data-block-id=\"6fef0d4\"><style>.stk-6fef0d4 .stk-block-text__text{font-size:16px !important;}@media screen and (max-width: 1023px){.stk-6fef0d4 .stk-block-text__text{font-size:16px !important;}}<\/style><p class=\"stk-block-text__text\">Si no dispone de usuario y contrase\u00f1a para acceder a la Sede Electr\u00f3nica de la Universidad de La Laguna, debe solicitarlo a trav\u00e9s de esta&nbsp;<a href=\"https:\/\/usuarios.ull.es\/registro\/\" target=\"_blank\" rel=\"noreferrer noopener\" target=\"_blank\" rel=\"noopener\">p\u00e1gina<\/a>&nbsp;en la que deber\u00e1 identificarse mediante la plataforma estatal Cl@ve, registr\u00e1ndose en ella o accediendo si ya est\u00e1 registrado (&nbsp;<a href=\"https:\/\/sede.ull.es\/wp-content\/uploads\/2018\/04\/tutorial_clave.pdf\" target=\"_blank\" rel=\"noreferrer noopener\" target=\"_blank\" rel=\"noopener\">+info<\/a>)<\/p><\/div>\n<\/div><\/div><\/div>\n<\/div><\/div>\n\n\n\n<div class=\"wp-block-stackable-columns alignfull stk-block-columns stk-block stk-edb3e9d\" data-block-id=\"edb3e9d\"><style>.stk-edb3e9d-column{max-width:1140px !important;min-width:auto !important;margin-right:auto !important;margin-left:auto !important;}@media screen and (max-width: 1023px){.stk-edb3e9d-column{max-width:725px !important;min-width:auto !important;}}@media screen and (max-width: 767px){.stk-edb3e9d-column{max-width:375px !important;min-width:auto !important;}}<\/style><div class=\"stk-row stk-inner-blocks stk-block-content stk-content-align stk-edb3e9d-column alignfull\">\n<div class=\"wp-block-stackable-column stk-block-column stk-column stk-block stk-85e676f\" data-v=\"4\" data-block-id=\"85e676f\"><div class=\"stk-column-wrapper stk-block-column__content stk-container stk-85e676f-container stk--no-background stk--no-padding\"><div class=\"stk-block-content stk-inner-blocks stk-85e676f-inner-blocks\">\n<div class=\"wp-block-stackable-heading stk-block-heading stk-block-heading--v2 stk-block stk-8fb491d\" id=\"formularios\" data-block-id=\"8fb491d\"><style>.stk-8fb491d .stk-block-heading__text{font-size:35px !important;}@media screen and (max-width: 1023px){.stk-8fb491d .stk-block-heading__text{font-size:35px !important;}}<\/style><h1 class=\"stk-block-heading__text\">Formularios<\/h1><\/div>\n\n\n\n<div class=\"wp-block-stackable-icon-list stk-block-icon-list stk-block stk-9fcb113\" data-block-id=\"9fcb113\"><style>.stk-9fcb113 {--stk-icon-list-icon-size:4px !important;margin-bottom:12px !important;margin-left:15px !important;}.stk-9fcb113 .stk-block-icon-list-item__content{align-items:flex-start !important;}.stk-9fcb113 ul .stk-block-icon-list-item__content .stk--inner-svg, .stk-9fcb113 ol .stk-block-icon-list-item__content .stk-block-icon-list-item__marker{transform:translateY(11px) !important;}<\/style><svg style=\"display:none\"><defs><g id=\"stk-icon-list__icon-svg-def-9fcb113\"><svg xmlns=\"http:\/\/www.w3.org\/2000\/svg\" viewBox=\"0 0 512 512\"><path d=\"M256 512A256 256 0 1 0 256 0a256 256 0 1 0 0 512z\"\/><\/svg><\/g><\/defs><\/svg><ul class=\"stk-block-icon-list__ul stk-block-icon-list--column\">\n<li class=\"wp-block-stackable-icon-list-item stk-block-icon-list-item stk-block stk-dfb3543\" data-block-id=\"dfb3543\"><div class=\"stk-block-icon-list-item__content\"><span class=\"stk--svg-wrapper\"><div class=\"stk--inner-svg\"><svg aria-hidden=\"true\" width=\"32\" height=\"32\"><use xlink:href=\"#stk-icon-list__icon-svg-def-9fcb113\"><\/use><\/svg><\/div><\/span><span class=\"stk-block-icon-list-item__text\"><a href=\"https:\/\/docs.google.com\/forms\/d\/e\/1FAIpQLSetO42E0k4Nm2t0uDcaya23L15jnqWg2Ou2-rZ-ep_dGPWUyg\/viewform\" target=\"_blank\" rel=\"noreferrer noopener\" target=\"_blank\" rel=\"noopener\">Solicitud de visitas<\/a><\/span><\/div><\/li>\n\n\n\n<li class=\"wp-block-stackable-icon-list-item stk-block-icon-list-item stk-block stk-ad5b734\" data-block-id=\"ad5b734\"><div class=\"stk-block-icon-list-item__content\"><span class=\"stk--svg-wrapper\"><div class=\"stk--inner-svg\"><svg aria-hidden=\"true\" width=\"32\" height=\"32\"><use xlink:href=\"#stk-icon-list__icon-svg-def-9fcb113\"><\/use><\/svg><\/div><\/span><span class=\"stk-block-icon-list-item__text\"><a href=\"https:\/\/forms.gle\/uinqCe1qqa8ZnHau7\" target=\"_blank\" rel=\"noreferrer noopener\" target=\"_blank\" rel=\"noopener\">Solicitud de acceso al Edificio SEGAI para usuarios no autorizados<\/a><\/span><\/div><\/li>\n\n\n\n<li class=\"wp-block-stackable-icon-list-item stk-block-icon-list-item stk-block stk-32cfeab\" data-block-id=\"32cfeab\"><div class=\"stk-block-icon-list-item__content\"><span class=\"stk--svg-wrapper\"><div class=\"stk--inner-svg\"><svg aria-hidden=\"true\" width=\"32\" height=\"32\"><use xlink:href=\"#stk-icon-list__icon-svg-def-9fcb113\"><\/use><\/svg><\/div><\/span><span class=\"stk-block-icon-list-item__text\"><a href=\"https:\/\/forms.gle\/4efL8XixLp965W6g6\" target=\"_blank\" rel=\"noreferrer noopener\" target=\"_blank\" rel=\"noopener\">Ampliaci\u00f3n del grupo de usuarios autorizados<\/a><\/span><\/div><\/li>\n\n\n\n<li class=\"wp-block-stackable-icon-list-item stk-block-icon-list-item stk-block stk-fb34dcf\" data-block-id=\"fb34dcf\"><div class=\"stk-block-icon-list-item__content\"><span class=\"stk--svg-wrapper\"><div class=\"stk--inner-svg\"><svg aria-hidden=\"true\" width=\"32\" height=\"32\"><use xlink:href=\"#stk-icon-list__icon-svg-def-9fcb113\"><\/use><\/svg><\/div><\/span><span class=\"stk-block-icon-list-item__text\"><a href=\"https:\/\/forms.gle\/jEjsXhct2y7edWbZ6\" target=\"_blank\" rel=\"noreferrer noopener\" target=\"_blank\" rel=\"noopener\">Alta usuario interno \u2013 Proyecto entidad externa<\/a><\/span><\/div><\/li>\n\n\n\n<li class=\"wp-block-stackable-icon-list-item stk-block-icon-list-item stk-block stk-3908875\" data-block-id=\"3908875\"><div class=\"stk-block-icon-list-item__content\"><span class=\"stk--svg-wrapper\"><div class=\"stk--inner-svg\"><svg aria-hidden=\"true\" width=\"32\" height=\"32\"><use xlink:href=\"#stk-icon-list__icon-svg-def-9fcb113\"><\/use><\/svg><\/div><\/span><span class=\"stk-block-icon-list-item__text\"><a href=\"https:\/\/forms.gle\/tKhu8YSvkZiVxfeM9\" target=\"_blank\" rel=\"noreferrer noopener\" target=\"_blank\" rel=\"noopener\">Alta usuario interno \u2013 Centro de gasto<\/a><\/span><\/div><\/li>\n\n\n\n<li class=\"wp-block-stackable-icon-list-item stk-block-icon-list-item stk-block stk-52c13d9\" data-block-id=\"52c13d9\"><div class=\"stk-block-icon-list-item__content\"><span class=\"stk--svg-wrapper\"><div class=\"stk--inner-svg\"><svg aria-hidden=\"true\" width=\"32\" height=\"32\"><use xlink:href=\"#stk-icon-list__icon-svg-def-9fcb113\"><\/use><\/svg><\/div><\/span><span class=\"stk-block-icon-list-item__text\"><a href=\"https:\/\/forms.gle\/5oREGW6KGWHdVDNK7\" target=\"_blank\" rel=\"noreferrer noopener\" target=\"_blank\" rel=\"noopener\">Alta usuario interno \u2013 Proyecto investigaci\u00f3n ULL<\/a><\/span><\/div><\/li>\n\n\n\n<li class=\"wp-block-stackable-icon-list-item stk-block-icon-list-item stk-block stk-4642e33\" data-block-id=\"4642e33\"><div class=\"stk-block-icon-list-item__content\"><span class=\"stk--svg-wrapper\"><div class=\"stk--inner-svg\"><svg aria-hidden=\"true\" width=\"32\" height=\"32\"><use xlink:href=\"#stk-icon-list__icon-svg-def-9fcb113\"><\/use><\/svg><\/div><\/span><span class=\"stk-block-icon-list-item__text\"><a href=\"https:\/\/forms.gle\/Y78yJrF68iop3jxw7\" target=\"_blank\" rel=\"noreferrer noopener\" target=\"_blank\" rel=\"noopener\">Alta usuario externo \u2013 OP<\/a><\/span><\/div><\/li>\n\n\n\n<li class=\"wp-block-stackable-icon-list-item stk-block-icon-list-item stk-block stk-4af2cb7\" data-block-id=\"4af2cb7\"><div class=\"stk-block-icon-list-item__content\"><span class=\"stk--svg-wrapper\"><div class=\"stk--inner-svg\"><svg aria-hidden=\"true\" width=\"32\" height=\"32\"><use xlink:href=\"#stk-icon-list__icon-svg-def-9fcb113\"><\/use><\/svg><\/div><\/span><span class=\"stk-block-icon-list-item__text\"><a href=\"https:\/\/forms.gle\/HtH1Kfc7ZAk42EFT7\" target=\"_blank\" rel=\"noreferrer noopener\" target=\"_blank\" rel=\"noopener\">Alta usuario externo \u2013 Empresas p\u00fablicas y privadas o particulares<\/a><\/span><\/div><\/li>\n<\/ul><\/div>\n<\/div><\/div><\/div>\n<\/div><\/div>\n","protected":false},"excerpt":{"rendered":"<p>Servicio General de Apoyo a la Investigaci\u00f3n AVISO IMPORTANTE Si no dispone de usuario y contrase\u00f1a para acceder a la Sede Electr\u00f3nica de la Universidad de La Laguna, debe solicitarlo a trav\u00e9s de esta&nbsp;p\u00e1gina&nbsp;en la que deber\u00e1 identificarse mediante la plataforma estatal Cl@ve, registr\u00e1ndose en ella o accediendo si ya est\u00e1 registrado (&nbsp;+info) Formularios<\/p>\n","protected":false},"author":1,"featured_media":0,"parent":0,"menu_order":0,"comment_status":"closed","ping_status":"closed","template":"templates\/template-frontpage.php","meta":{"_acf_changed":false,"footnotes":""},"class_list":["post-21","page","type-page","status-publish","hentry"],"acf":[],"_links":{"self":[{"href":"https:\/\/www.ull.es\/servicios\/segai\/wp-json\/wp\/v2\/pages\/21","targetHints":{"allow":["GET"]}}],"collection":[{"href":"https:\/\/www.ull.es\/servicios\/segai\/wp-json\/wp\/v2\/pages"}],"about":[{"href":"https:\/\/www.ull.es\/servicios\/segai\/wp-json\/wp\/v2\/types\/page"}],"author":[{"embeddable":true,"href":"https:\/\/www.ull.es\/servicios\/segai\/wp-json\/wp\/v2\/users\/1"}],"replies":[{"embeddable":true,"href":"https:\/\/www.ull.es\/servicios\/segai\/wp-json\/wp\/v2\/comments?post=21"}],"version-history":[{"count":28,"href":"https:\/\/www.ull.es\/servicios\/segai\/wp-json\/wp\/v2\/pages\/21\/revisions"}],"predecessor-version":[{"id":2057,"href":"https:\/\/www.ull.es\/servicios\/segai\/wp-json\/wp\/v2\/pages\/21\/revisions\/2057"}],"wp:attachment":[{"href":"https:\/\/www.ull.es\/servicios\/segai\/wp-json\/wp\/v2\/media?parent=21"}],"curies":[{"name":"wp","href":"https:\/\/api.w.org\/{rel}","templated":true}]}}