{"id":764,"date":"2018-07-06T10:00:30","date_gmt":"2018-07-06T10:00:30","guid":{"rendered":"https:\/\/www.ull.es\/servicios\/segai\/?page_id=764"},"modified":"2026-03-16T11:21:09","modified_gmt":"2026-03-16T11:21:09","slug":"compromiso-calidad-excelencia","status":"publish","type":"page","link":"https:\/\/www.ull.es\/servicios\/segai\/compromiso-calidad-excelencia\/","title":{"rendered":"Compromiso con la calidad y la excelencia"},"content":{"rendered":"\n<div class=\"wp-block-stackable-columns alignfull stk-block-columns stk-block stk-16a94b8\" data-block-id=\"16a94b8\"><style>.stk-16a94b8 {margin-bottom:75px !important;}@media screen and (max-width: 767px){.stk-16a94b8 {padding-top:0px !important;padding-right:0px !important;padding-bottom:0px !important;padding-left:0px !important;}}<\/style><div class=\"stk-row stk-inner-blocks stk-block-content stk-content-align stk-16a94b8-column alignfull\">\n<div class=\"wp-block-stackable-column stk-block-column stk-column stk-block stk-dfe9b01 stk-block-background stk--has-background-overlay\" data-v=\"4\" data-block-id=\"dfe9b01\"><style>.stk-dfe9b01 {background-image:url(https:\/\/www.ull.es\/servicios\/segai\/wp-content\/uploads\/sites\/11\/2018\/06\/panSegai.jpg) !important;}.stk-dfe9b01:before{background-color:#000000 !important;opacity:0.3 !important;}@media screen and (max-width: 767px){.stk-dfe9b01 {padding-top:0px !important;padding-right:0px !important;padding-bottom:0px !important;padding-left:0px !important;}.stk-dfe9b01-container{min-height:320px !important;}}<\/style><div class=\"stk-column-wrapper stk-block-column__content stk-container stk-dfe9b01-container stk--no-background stk--no-padding\"><div class=\"stk-block-content stk-inner-blocks stk-dfe9b01-inner-blocks\">\n<div class=\"wp-block-stackable-columns alignfull stk-block-columns stk-block stk-3bf239f\" data-block-id=\"3bf239f\"><style>@media screen and (max-width: 1023px){.stk-3bf239f {padding-left:0px !important;}}<\/style><div class=\"stk-row stk-inner-blocks stk-block-content stk-content-align stk-3bf239f-column alignfull\">\n<div class=\"wp-block-stackable-column stk-block-column stk-column stk-block stk-f66584c\" data-v=\"4\" data-block-id=\"f66584c\"><div class=\"stk-column-wrapper stk-block-column__content stk-container stk-f66584c-container stk--no-background stk--no-padding\"><div class=\"stk-block-content stk-inner-blocks stk-f66584c-inner-blocks\">\n<div class=\"wp-block-stackable-heading stk-block-heading stk-block-heading--v2 stk-block stk-1bb54e9\" id=\"servicio-general-de-apoyo-a-la-investigacion\" data-block-id=\"1bb54e9\"><style>.stk-1bb54e9 {padding-top:110px !important;padding-right:25px !important;padding-bottom:75px !important;padding-left:380px !important;}.stk-1bb54e9 .stk-block-heading__text{font-size:35px !important;color:#ffffff !important;font-weight:400 !important;}@media screen and (max-width: 1023px){.stk-1bb54e9 {padding-left:55px !important;}.stk-1bb54e9 .stk-block-heading__text{font-size:35px !important;}}@media screen and (max-width: 767px){.stk-1bb54e9 {padding-right:95px !important;padding-left:25px !important;}.stk-1bb54e9 .stk-block-heading__text{font-size:33px !important;}}<\/style><h2 class=\"stk-block-heading__text has-text-color has-text-align-left has-text-align-left-tablet has-text-align-left-mobile\">Servicio General de Apoyo a la Investigaci\u00f3n<\/h2><\/div>\n<\/div><\/div><\/div>\n<\/div><\/div>\n<\/div><\/div><\/div>\n<\/div><\/div>\n\n\n\n<div class=\"wp-block-stackable-columns stk-block-columns stk-block stk-e29a6d0\" data-block-id=\"e29a6d0\"><style>.stk-e29a6d0 {margin-bottom:35px !important;}<\/style><div class=\"stk-row stk-inner-blocks stk-block-content stk-content-align stk-e29a6d0-column\">\n<div class=\"wp-block-stackable-column stk-block-column stk-column stk-block stk-e43ab44\" data-v=\"4\" data-block-id=\"e43ab44\"><div class=\"stk-column-wrapper stk-block-column__content stk-container stk-e43ab44-container stk--no-background stk--no-padding\"><div class=\"stk-block-content stk-inner-blocks stk-e43ab44-inner-blocks\">\n<div class=\"wp-block-stackable-columns stk-block-columns stk-block stk-029cf93\" data-block-id=\"029cf93\"><div class=\"stk-row stk-inner-blocks stk-block-content stk-content-align stk-029cf93-column\">\n<div class=\"wp-block-stackable-column stk-block-column stk-column stk-block stk-05fc15e\" data-v=\"4\" data-block-id=\"05fc15e\"><style>.stk-05fc15e-inner-blocks{justify-content:flex-start !important;align-items:center !important;column-gap:45px !important;}<\/style><div class=\"stk-column-wrapper stk-block-column__content stk-container stk-05fc15e-container stk--no-background stk--no-padding\"><div class=\"stk--block-horizontal-flex stk--column-flex stk-block-content stk-inner-blocks stk-05fc15e-inner-blocks\">\n<div class=\"wp-block-stackable-image stk-block-image stk-block stk-8c57bed\" data-block-id=\"8c57bed\"><style>.stk-8c57bed .stk-img-wrapper{width:65px !important;height:136px !important;}<\/style><figure><span class=\"stk-img-wrapper stk-image--shape-stretch\"><img loading=\"lazy\" decoding=\"async\" class=\"stk-img wp-image-971\" src=\"https:\/\/www.ull.es\/servicios\/segai\/wp-content\/uploads\/sites\/11\/2018\/06\/logo-color-calidad-1.jpg\" width=\"127\" height=\"266\"\/><\/span><\/figure><\/div>\n\n\n\n<div class=\"wp-block-stackable-image stk-block-image stk-block stk-24789d2\" data-block-id=\"24789d2\"><style>.stk-24789d2 .stk-img-wrapper{width:104px !important;height:130px !important;}<\/style><figure><span class=\"stk-img-wrapper stk-image--shape-stretch\"><img loading=\"lazy\" decoding=\"async\" class=\"stk-img wp-image-1323\" src=\"https:\/\/www.ull.es\/servicios\/segai\/wp-content\/uploads\/sites\/11\/2021\/06\/logo2-color-calidad.jpg\" width=\"200\" height=\"250\"\/><\/span><\/figure><\/div>\n<\/div><\/div><\/div>\n<\/div><\/div>\n\n\n\n<div class=\"wp-block-stackable-text stk-block-text stk-block stk-f119f76\" data-block-id=\"f119f76\"><style>.stk-f119f76 {margin-bottom:12px !important;}.stk-f119f76 .stk-block-text__text{font-size:16px !important;}@media screen and (max-width: 1023px){.stk-f119f76 .stk-block-text__text{font-size:16px !important;}}<\/style><p class=\"stk-block-text__text\"><strong>Certificaci\u00f3n UNE-EN ISO 9001<\/strong><br><br>Los siguientes servicios han sido certificados seg\u00fan la normativa UNE-EN ISO9001:<\/p><\/div>\n\n\n\n<div class=\"wp-block-stackable-icon-list stk-block-icon-list stk-block stk-9486994\" data-block-id=\"9486994\"><style>.stk-9486994 {--stk-icon-list-icon-size:4px !important;margin-bottom:12px !important;margin-left:15px !important;}.stk-9486994 .stk-block-icon-list-item__content{align-items:flex-start !important;}.stk-9486994 ul .stk-block-icon-list-item__content .stk--inner-svg, .stk-9486994 ol .stk-block-icon-list-item__content .stk-block-icon-list-item__marker{transform:translateY(11px) !important;}.stk-9486994 ul li, .stk-9486994 ol li, .stk-9486994 ul li span, .stk-9486994 ol li span{font-size:16px !important;}@media screen and (max-width: 1023px){.stk-9486994 ul li, .stk-9486994 ol li, .stk-9486994 ul li span, .stk-9486994 ol li span{font-size:16px !important;}}<\/style><svg style=\"display:none\"><defs><g id=\"stk-icon-list__icon-svg-def-9486994\"><svg xmlns=\"http:\/\/www.w3.org\/2000\/svg\" viewBox=\"0 0 512 512\"><path d=\"M256 512A256 256 0 1 0 256 0a256 256 0 1 0 0 512z\"\/><\/svg><\/g><\/defs><\/svg><ul class=\"stk-block-icon-list__ul stk-block-icon-list--column\">\n<li class=\"wp-block-stackable-icon-list-item stk-block-icon-list-item stk-block stk-80d3647\" data-block-id=\"80d3647\"><div class=\"stk-block-icon-list-item__content\"><span class=\"stk--svg-wrapper\"><div class=\"stk--inner-svg\"><svg aria-hidden=\"true\" width=\"32\" height=\"32\"><use xlink:href=\"#stk-icon-list__icon-svg-def-9486994\"><\/use><\/svg><\/div><\/span><span class=\"stk-block-icon-list-item__text\">Estabulario y Animalario<\/span><\/div><\/li>\n\n\n\n<li class=\"wp-block-stackable-icon-list-item stk-block-icon-list-item stk-block stk-fb6a203\" data-block-id=\"fb6a203\"><div class=\"stk-block-icon-list-item__content\"><span class=\"stk--svg-wrapper\"><div class=\"stk--inner-svg\"><svg aria-hidden=\"true\" width=\"32\" height=\"32\"><use xlink:href=\"#stk-icon-list__icon-svg-def-9486994\"><\/use><\/svg><\/div><\/span><span class=\"stk-block-icon-list-item__text\">Laboratorio de Fon\u00e9tica<\/span><\/div><\/li>\n\n\n\n<li class=\"wp-block-stackable-icon-list-item stk-block-icon-list-item stk-block stk-f37ed15\" data-block-id=\"f37ed15\"><div class=\"stk-block-icon-list-item__content\"><span class=\"stk--svg-wrapper\"><div class=\"stk--inner-svg\"><svg aria-hidden=\"true\" width=\"32\" height=\"32\"><use xlink:href=\"#stk-icon-list__icon-svg-def-9486994\"><\/use><\/svg><\/div><\/span><span class=\"stk-block-icon-list-item__text\">Servicio Integrado de Difracci\u00f3n de Rayos X<\/span><\/div><\/li>\n\n\n\n<li class=\"wp-block-stackable-icon-list-item stk-block-icon-list-item stk-block stk-2ec6f51\" data-block-id=\"2ec6f51\"><div class=\"stk-block-icon-list-item__content\"><span class=\"stk--svg-wrapper\"><div class=\"stk--inner-svg\"><svg aria-hidden=\"true\" width=\"32\" height=\"32\"><use xlink:href=\"#stk-icon-list__icon-svg-def-9486994\"><\/use><\/svg><\/div><\/span><span class=\"stk-block-icon-list-item__text\">Servicio de Resonancia Magn\u00e9tica para Investigaciones Biom\u00e9dicas<\/span><\/div><\/li>\n\n\n\n<li class=\"wp-block-stackable-icon-list-item stk-block-icon-list-item stk-block stk-c14938e\" data-block-id=\"c14938e\"><div class=\"stk-block-icon-list-item__content\"><span class=\"stk--svg-wrapper\"><div class=\"stk--inner-svg\"><svg aria-hidden=\"true\" width=\"32\" height=\"32\"><use xlink:href=\"#stk-icon-list__icon-svg-def-9486994\"><\/use><\/svg><\/div><\/span><span class=\"stk-block-icon-list-item__text\">Servicio de Gen\u00f3mica<\/span><\/div><\/li>\n\n\n\n<li class=\"wp-block-stackable-icon-list-item stk-block-icon-list-item stk-block stk-60e472a\" data-block-id=\"60e472a\"><div class=\"stk-block-icon-list-item__content\"><span class=\"stk--svg-wrapper\"><div class=\"stk--inner-svg\"><svg aria-hidden=\"true\" width=\"32\" height=\"32\"><use xlink:href=\"#stk-icon-list__icon-svg-def-9486994\"><\/use><\/svg><\/div><\/span><span class=\"stk-block-icon-list-item__text\">Servicio de Electr\u00f3nica<\/span><\/div><\/li>\n\n\n\n<li class=\"wp-block-stackable-icon-list-item stk-block-icon-list-item stk-block stk-0081acd\" data-block-id=\"0081acd\"><div class=\"stk-block-icon-list-item__content\"><span class=\"stk--svg-wrapper\"><div class=\"stk--inner-svg\"><svg aria-hidden=\"true\" width=\"32\" height=\"32\"><use xlink:href=\"#stk-icon-list__icon-svg-def-9486994\"><\/use><\/svg><\/div><\/span><span class=\"stk-block-icon-list-item__text\">Servicio de Mec\u00e1nica<\/span><\/div><\/li>\n\n\n\n<li class=\"wp-block-stackable-icon-list-item stk-block-icon-list-item stk-block stk-32ace94\" data-block-id=\"32ace94\"><div class=\"stk-block-icon-list-item__content\"><span class=\"stk--svg-wrapper\"><div class=\"stk--inner-svg\"><svg aria-hidden=\"true\" width=\"32\" height=\"32\"><use xlink:href=\"#stk-icon-list__icon-svg-def-9486994\"><\/use><\/svg><\/div><\/span><span class=\"stk-block-icon-list-item__text\">Servicio de Microescop\u00eda Electr\u00f3nica<\/span><\/div><\/li>\n\n\n\n<li class=\"wp-block-stackable-icon-list-item stk-block-icon-list-item stk-block stk-c056c2c\" data-block-id=\"c056c2c\"><div class=\"stk-block-icon-list-item__content\"><span class=\"stk--svg-wrapper\"><div class=\"stk--inner-svg\"><svg aria-hidden=\"true\" width=\"32\" height=\"32\"><use xlink:href=\"#stk-icon-list__icon-svg-def-9486994\"><\/use><\/svg><\/div><\/span><span class=\"stk-block-icon-list-item__text\">Servicio de Espectroescop\u00eda Infrarroja<\/span><\/div><\/li>\n\n\n\n<li class=\"wp-block-stackable-icon-list-item stk-block-icon-list-item stk-block stk-cf2f706\" data-block-id=\"cf2f706\"><div class=\"stk-block-icon-list-item__content\"><span class=\"stk--svg-wrapper\"><div class=\"stk--inner-svg\"><svg aria-hidden=\"true\" width=\"32\" height=\"32\"><use xlink:href=\"#stk-icon-list__icon-svg-def-9486994\"><\/use><\/svg><\/div><\/span><span class=\"stk-block-icon-list-item__text\">Servicio de Apoyo a Criminal\u00edstica Forense<\/span><\/div><\/li>\n\n\n\n<li class=\"wp-block-stackable-icon-list-item stk-block-icon-list-item stk-block stk-68dbbe0\" data-block-id=\"68dbbe0\"><div class=\"stk-block-icon-list-item__content\"><span class=\"stk--svg-wrapper\"><div class=\"stk--inner-svg\"><svg aria-hidden=\"true\" width=\"32\" height=\"32\"><use xlink:href=\"#stk-icon-list__icon-svg-def-9486994\"><\/use><\/svg><\/div><\/span><span class=\"stk-block-icon-list-item__text\">Servicio de Espectrometr\u00eda de Masas y An\u00e1lisis Elemental<\/span><\/div><\/li>\n<\/ul><\/div>\n\n\n\n<div class=\"wp-block-stackable-text stk-block-text stk-block stk-6f12948\" data-block-id=\"6f12948\"><style>.stk-6f12948 {margin-bottom:12px !important;}.stk-6f12948 .stk-block-text__text{font-size:16px !important;}@media screen and (max-width: 1023px){.stk-6f12948 .stk-block-text__text{font-size:16px !important;}}<\/style><p class=\"stk-block-text__text\">Descargar el certificado (<a href=\"https:\/\/drive.google.com\/open?id=1hwi6ZxSwEqvdA5oTjYwCrzod9S6Ol1aT\" target=\"_blank\" rel=\"noreferrer noopener\" target=\"_blank\" rel=\"noopener\">espa\u00f1ol<\/a>&nbsp;\/&nbsp;<a href=\"https:\/\/drive.google.com\/open?id=1K0rRNBje9rcJ4Nx22IsjrvHHX6I8jLYp\" target=\"_blank\" rel=\"noreferrer noopener\" target=\"_blank\" rel=\"noopener\">ingl\u00e9s<\/a>)<\/p><\/div>\n\n\n\n<div class=\"wp-block-stackable-image stk-block-image has-text-align-left stk-block stk-777afdf\" data-block-id=\"777afdf\"><style>.stk-777afdf {margin-bottom:12px !important;}.stk-777afdf .stk-img-wrapper{width:150px !important;height:150px !important;}<\/style><figure><span class=\"stk-img-wrapper stk-image--shape-stretch\"><img loading=\"lazy\" decoding=\"async\" class=\"stk-img wp-image-1351\" src=\"https:\/\/www.ull.es\/servicios\/segai\/wp-content\/uploads\/sites\/11\/2022\/04\/ENAC-WEB_No1164-_-LE1941-copia.png\" width=\"1181\" height=\"1181\" srcset=\"https:\/\/www.ull.es\/servicios\/segai\/wp-content\/uploads\/sites\/11\/2022\/04\/ENAC-WEB_No1164-_-LE1941-copia.png 1181w, https:\/\/www.ull.es\/servicios\/segai\/wp-content\/uploads\/sites\/11\/2022\/04\/ENAC-WEB_No1164-_-LE1941-copia-300x300.png 300w, https:\/\/www.ull.es\/servicios\/segai\/wp-content\/uploads\/sites\/11\/2022\/04\/ENAC-WEB_No1164-_-LE1941-copia-1024x1024.png 1024w, https:\/\/www.ull.es\/servicios\/segai\/wp-content\/uploads\/sites\/11\/2022\/04\/ENAC-WEB_No1164-_-LE1941-copia-150x150.png 150w, https:\/\/www.ull.es\/servicios\/segai\/wp-content\/uploads\/sites\/11\/2022\/04\/ENAC-WEB_No1164-_-LE1941-copia-768x768.png 768w, https:\/\/www.ull.es\/servicios\/segai\/wp-content\/uploads\/sites\/11\/2022\/04\/ENAC-WEB_No1164-_-LE1941-copia-375x375.png 375w, https:\/\/www.ull.es\/servicios\/segai\/wp-content\/uploads\/sites\/11\/2022\/04\/ENAC-WEB_No1164-_-LE1941-copia-750x750.png 750w, https:\/\/www.ull.es\/servicios\/segai\/wp-content\/uploads\/sites\/11\/2022\/04\/ENAC-WEB_No1164-_-LE1941-copia-1140x1140.png 1140w, https:\/\/www.ull.es\/servicios\/segai\/wp-content\/uploads\/sites\/11\/2022\/04\/ENAC-WEB_No1164-_-LE1941-copia-50x50.png 50w\" sizes=\"auto, (max-width: 1181px) 100vw, 1181px\" \/><\/span><\/figure><\/div>\n\n\n\n<div class=\"wp-block-stackable-text stk-block-text stk-block stk-4aa8212\" data-block-id=\"4aa8212\"><style>.stk-4aa8212 {margin-bottom:12px !important;}.stk-4aa8212 .stk-block-text__text{font-size:16px !important;}@media screen and (max-width: 1023px){.stk-4aa8212 .stk-block-text__text{font-size:16px !important;}}<\/style><p class=\"stk-block-text__text\"><strong>Acreditaci\u00f3n en la Norma UNE-EN ISO\/IEC 17025<\/strong><\/p><\/div>\n\n\n\n<div class=\"wp-block-stackable-icon-list stk-block-icon-list stk-block stk-ba4e152\" data-block-id=\"ba4e152\"><style>.stk-ba4e152 {--stk-icon-list-icon-size:4px !important;margin-bottom:12px !important;margin-left:15px !important;}.stk-ba4e152 .stk-block-icon-list-item__content{align-items:flex-start !important;}.stk-ba4e152 ul .stk-block-icon-list-item__content .stk--inner-svg, .stk-ba4e152 ol .stk-block-icon-list-item__content .stk-block-icon-list-item__marker{transform:translateY(11px) !important;}.stk-ba4e152 ul li, .stk-ba4e152 ol li, .stk-ba4e152 ul li span, .stk-ba4e152 ol li span{font-size:16px !important;}@media screen and (max-width: 1023px){.stk-ba4e152 ul li, .stk-ba4e152 ol li, .stk-ba4e152 ul li span, .stk-ba4e152 ol li span{font-size:16px !important;}}<\/style><svg style=\"display:none\"><defs><g id=\"stk-icon-list__icon-svg-def-ba4e152\"><svg xmlns=\"http:\/\/www.w3.org\/2000\/svg\" viewBox=\"0 0 512 512\"><path d=\"M256 512A256 256 0 1 0 256 0a256 256 0 1 0 0 512z\"\/><\/svg><\/g><\/defs><\/svg><ul class=\"stk-block-icon-list__ul stk-block-icon-list--column\">\n<li class=\"wp-block-stackable-icon-list-item stk-block-icon-list-item stk-block stk-25f131d\" data-block-id=\"25f131d\"><div class=\"stk-block-icon-list-item__content\"><span class=\"stk--svg-wrapper\"><div class=\"stk--inner-svg\"><svg aria-hidden=\"true\" width=\"32\" height=\"32\"><use xlink:href=\"#stk-icon-list__icon-svg-def-ba4e152\"><\/use><\/svg><\/div><\/span><span class=\"stk-block-icon-list-item__text\">El Laboratorio de F\u00edsica M\u00e9dica y Radioactividad Ambiental (FIMERALL) est\u00e1 acreditado desde 2015 seg\u00fan la norma UNE-EN ISO\/IEC 17025, para la realizaci\u00f3n de ensayos en el \u00e1rea de protecci\u00f3n radiol\u00f3gica. Descargar (<a href=\"https:\/\/drive.google.com\/file\/d\/1q1Yl5G8GXHbU-Z5SLHkUNtqQlhccQ4PN\/view?usp=drive_link.\" target=\"_blank\" rel=\"noreferrer noopener\" target=\"_blank\" rel=\"noopener\">Acreditaci\u00f3n<\/a>&nbsp;\/&nbsp;<a href=\"https:\/\/drive.google.com\/open?id=1avQ4Ykhz_B_bXoXUapygcDLQWtb32b6l\" target=\"_blank\" rel=\"noreferrer noopener\" target=\"_blank\" rel=\"noopener\">Anexo T\u00e9cnico<\/a>)<\/span><\/div><\/li>\n<\/ul><\/div>\n<\/div><\/div><\/div>\n<\/div><\/div>\n","protected":false},"excerpt":{"rendered":"<p>Servicio General de Apoyo a la Investigaci\u00f3n Certificaci\u00f3n UNE-EN ISO 9001 Los siguientes servicios han sido certificados seg\u00fan la normativa UNE-EN ISO9001: Descargar el certificado (espa\u00f1ol&nbsp;\/&nbsp;ingl\u00e9s) Acreditaci\u00f3n en la Norma UNE-EN ISO\/IEC 17025<\/p>\n","protected":false},"author":31,"featured_media":0,"parent":0,"menu_order":0,"comment_status":"closed","ping_status":"closed","template":"templates\/template-frontpage.php","meta":{"_acf_changed":false,"footnotes":""},"class_list":["post-764","page","type-page","status-publish","hentry"],"acf":[],"_links":{"self":[{"href":"https:\/\/www.ull.es\/servicios\/segai\/wp-json\/wp\/v2\/pages\/764","targetHints":{"allow":["GET"]}}],"collection":[{"href":"https:\/\/www.ull.es\/servicios\/segai\/wp-json\/wp\/v2\/pages"}],"about":[{"href":"https:\/\/www.ull.es\/servicios\/segai\/wp-json\/wp\/v2\/types\/page"}],"author":[{"embeddable":true,"href":"https:\/\/www.ull.es\/servicios\/segai\/wp-json\/wp\/v2\/users\/31"}],"replies":[{"embeddable":true,"href":"https:\/\/www.ull.es\/servicios\/segai\/wp-json\/wp\/v2\/comments?post=764"}],"version-history":[{"count":21,"href":"https:\/\/www.ull.es\/servicios\/segai\/wp-json\/wp\/v2\/pages\/764\/revisions"}],"predecessor-version":[{"id":2067,"href":"https:\/\/www.ull.es\/servicios\/segai\/wp-json\/wp\/v2\/pages\/764\/revisions\/2067"}],"wp:attachment":[{"href":"https:\/\/www.ull.es\/servicios\/segai\/wp-json\/wp\/v2\/media?parent=764"}],"curies":[{"name":"wp","href":"https:\/\/api.w.org\/{rel}","templated":true}]}}