{"id":16,"date":"2019-06-20T13:17:21","date_gmt":"2019-06-20T11:17:21","guid":{"rendered":"https:\/\/www.ull.es\/servicios\/negociado-pruebas-acceso\/?page_id=13"},"modified":"2026-02-27T08:22:47","modified_gmt":"2026-02-27T07:22:47","slug":"inicio","status":"publish","type":"page","link":"https:\/\/www.ull.es\/servicios\/servicio-de-fomento-del-emprendimiento\/fr\/","title":{"rendered":"Commencer"},"content":{"rendered":"<div class=\"wp-block-stackable-columns alignfull stk-block-columns stk-block stk-16a94b8\" data-block-id=\"16a94b8\"><style>.stk-16a94b8 {margin-bottom:56px !important;}@media screen and (max-width: 767px){.stk-16a94b8 {padding-top:0px !important;padding-right:0px !important;padding-bottom:0px !important;padding-left:0px !important;}}<\/style><div class=\"stk-row stk-inner-blocks stk-block-content stk-content-align stk-16a94b8-column alignfull\">\n<div class=\"wp-block-stackable-column stk-block-column stk-column stk-block stk-dfe9b01 stk-block-background stk--has-background-overlay\" data-v=\"4\" data-block-id=\"dfe9b01\"><style>.stk-dfe9b01 {background-image:url(https:\/\/www.ull.es\/servicios\/servicio-de-fomento-del-emprendimiento\/wp-content\/uploads\/sites\/54\/2019\/08\/emprendimiento.jpg) !important;}.stk-dfe9b01:before{background-color:#000000 !important;opacity:0.3 !important;}@media screen and (max-width: 767px){.stk-dfe9b01 {padding-top:0px !important;padding-right:0px !important;padding-bottom:0px !important;padding-left:0px !important;}}<\/style><div class=\"stk-column-wrapper stk-block-column__content stk-container stk-dfe9b01-container stk--no-background stk--no-padding\"><div class=\"stk-block-content stk-inner-blocks stk-dfe9b01-inner-blocks\">\n<div class=\"wp-block-stackable-columns alignfull stk-block-columns stk-block stk-3bf239f\" data-block-id=\"3bf239f\"><style>@media screen and (max-width: 1023px){.stk-3bf239f {padding-left:0px !important;}}<\/style><div class=\"stk-row stk-inner-blocks stk-block-content stk-content-align stk-3bf239f-column alignfull\">\n<div class=\"wp-block-stackable-column stk-block-column stk-column stk-block stk-f66584c\" data-v=\"4\" data-block-id=\"f66584c\"><div class=\"stk-column-wrapper stk-block-column__content stk-container stk-f66584c-container stk--no-background stk--no-padding\"><div class=\"stk-block-content stk-inner-blocks stk-f66584c-inner-blocks\">\n<div class=\"wp-block-stackable-heading stk-block-heading stk-block-heading--v2 stk-block stk-1bb54e9\" id=\"servicio-de-fomento-del-emprendimiento\" data-block-id=\"1bb54e9\"><style>.stk-1bb54e9 {padding-top:110px !important;padding-right:25px !important;padding-bottom:75px !important;padding-left:420px !important;}.stk-1bb54e9 .stk-block-heading__text{font-size:35px !important;color:#ffffff !important;font-weight:400 !important;}@media screen and (max-width: 1023px){.stk-1bb54e9 {padding-left:55px !important;}.stk-1bb54e9 .stk-block-heading__text{font-size:35px !important;}}@media screen and (max-width: 767px){.stk-1bb54e9 {padding-right:75px !important;padding-left:25px !important;}.stk-1bb54e9 .stk-block-heading__text{font-size:33px !important;}}<\/style><h2 class=\"stk-block-heading__text has-text-color has-text-align-left has-text-align-left-tablet has-text-align-left-mobile\">Service de promotion de l&#039;entrepreneuriat<\/h2><\/div>\n<\/div><\/div><\/div>\n<\/div><\/div>\n<\/div><\/div><\/div>\n<\/div><\/div>\n\n\n\n<div class=\"wp-block-stackable-columns alignfull stk-block-columns stk-block stk-019f113\" data-block-id=\"019f113\"><style>.stk-019f113 .stk--block-align-019f113{align-items:stretch !important;}.stk-019f113-column{--stk-column-gap:95px !important;}<\/style><div class=\"stk-row stk-inner-blocks stk--block-align-019f113 stk-block-content stk-content-align stk-019f113-column alignfull\">\n<div class=\"wp-block-stackable-column stk-block-column stk-column stk-block stk-f687265\" data-v=\"4\" data-block-id=\"f687265\"><style>.stk-f687265 {padding-right:400px !important;padding-left:400px !important;margin-bottom:var(--stk--preset--spacing--none, 0px) !important;}@media screen and (max-width: 1023px){.stk-f687265 {padding-right:50px !important;padding-left:50px !important;}}@media screen and (max-width: 767px){.stk-f687265-inner-blocks{align-items:center !important;}.stk-f687265 {padding-right:20px !important;padding-left:20px !important;}}<\/style><div class=\"stk-column-wrapper stk-block-column__content stk-container stk-f687265-container stk--no-background stk--no-padding\"><div class=\"stk-block-content stk-inner-blocks stk-f687265-inner-blocks\">\n<div class=\"wp-block-stackable-text stk-block-text stk-block stk-9896c47\" data-block-id=\"9896c47\"><p class=\"stk-block-text__text\">L\u2019incubateur de projets Emprende.ULL, g\u00e9r\u00e9 par le Service d\u2019emploi de l\u2019Universit\u00e9, est le fruit de l\u2019engagement ferme de l\u2019Universit\u00e9 de La Laguna \u00e0 promouvoir une culture entrepreneuriale aux \u00eeles Canaries, \u00e0 soutenir les initiatives entrepreneuriales et \u00e0 partager les connaissances, les outils et la m\u00e9thodologie d\u00e9velopp\u00e9s pour faciliter la consolidation et la croissance du tissu \u00e9conomique canarien. Sept ans se sont \u00e9coul\u00e9s depuis le lancement d\u2019Emprende.ULL par l\u2019Universit\u00e9 de La Laguna, via sa Fondation g\u00e9n\u00e9rale. Durant cette p\u00e9riode, des r\u00e9seaux et des synergies se sont cr\u00e9\u00e9s entre divers acteurs socio-\u00e9conomiques, et une riche exp\u00e9rience a \u00e9t\u00e9 accumul\u00e9e, nous positionnant comme un acteur majeur des services d\u2019accompagnement \u00e0 l\u2019entrepreneuriat. Nous poursuivons nos efforts pour une soci\u00e9t\u00e9 lib\u00e9r\u00e9e de la peur, pleine d\u2019enthousiasme et capable de concevoir, d\u00e9velopper et mettre en \u0153uvre des propositions et des projets d\u2019avenir. Nous souhaitons partager cette vision avec vous et esp\u00e9rons unir nos forces \u00e0 cette mission de promotion et de consolidation d\u2019une soci\u00e9t\u00e9 entrepreneuriale.<\/p><\/div>\n<\/div><\/div><\/div>\n<\/div><\/div>","protected":false},"excerpt":{"rendered":"<p>Servicio de Fomento del Emprendimiento El Semillero de Proyectos de Emprende.ULL de la Agencia Universitaria de Empleo es el fruto de una firme apuesta de la Universidad de La Laguna por promover la cultura emprendedora en la sociedad canaria, apoyar las iniciativas emprendedoras y aportar el conocimiento, los instrumentos y la metodolog\u00eda generada en aras&#8230;<\/p>","protected":false},"author":49,"featured_media":0,"parent":0,"menu_order":0,"comment_status":"closed","ping_status":"closed","template":"templates\/template-frontpage.php","meta":{"_acf_changed":false,"footnotes":""},"class_list":["post-16","page","type-page","status-publish","hentry"],"acf":[],"_links":{"self":[{"href":"https:\/\/www.ull.es\/servicios\/servicio-de-fomento-del-emprendimiento\/fr\/wp-json\/wp\/v2\/pages\/16","targetHints":{"allow":["GET"]}}],"collection":[{"href":"https:\/\/www.ull.es\/servicios\/servicio-de-fomento-del-emprendimiento\/fr\/wp-json\/wp\/v2\/pages"}],"about":[{"href":"https:\/\/www.ull.es\/servicios\/servicio-de-fomento-del-emprendimiento\/fr\/wp-json\/wp\/v2\/types\/page"}],"author":[{"embeddable":true,"href":"https:\/\/www.ull.es\/servicios\/servicio-de-fomento-del-emprendimiento\/fr\/wp-json\/wp\/v2\/users\/49"}],"replies":[{"embeddable":true,"href":"https:\/\/www.ull.es\/servicios\/servicio-de-fomento-del-emprendimiento\/fr\/wp-json\/wp\/v2\/comments?post=16"}],"version-history":[{"count":45,"href":"https:\/\/www.ull.es\/servicios\/servicio-de-fomento-del-emprendimiento\/fr\/wp-json\/wp\/v2\/pages\/16\/revisions"}],"predecessor-version":[{"id":106,"href":"https:\/\/www.ull.es\/servicios\/servicio-de-fomento-del-emprendimiento\/fr\/wp-json\/wp\/v2\/pages\/16\/revisions\/106"}],"wp:attachment":[{"href":"https:\/\/www.ull.es\/servicios\/servicio-de-fomento-del-emprendimiento\/fr\/wp-json\/wp\/v2\/media?parent=16"}],"curies":[{"name":"wp","href":"https:\/\/api.w.org\/{rel}","templated":true}]}}