{"id":86,"date":"2020-03-04T15:01:57","date_gmt":"2020-03-04T14:01:57","guid":{"rendered":"https:\/\/www.ull.es\/servicios\/servicio-de-informacion-y-orientacion-sio\/?page_id=86"},"modified":"2026-04-15T15:37:58","modified_gmt":"2026-04-15T13:37:58","slug":"actividades","status":"publish","type":"page","link":"https:\/\/www.ull.es\/servicios\/servicio-de-informacion-y-orientacion-sio\/fr\/actividades\/","title":{"rendered":"Activit\u00e9s"},"content":{"rendered":"<div class=\"wp-block-stackable-columns alignfull stk-block-columns stk-block stk-16a94b8\" data-block-id=\"16a94b8\"><style>.stk-16a94b8 {margin-bottom:56px !important;}@media screen and (max-width: 767px){.stk-16a94b8 {padding-top:0px !important;padding-right:0px !important;padding-bottom:0px !important;padding-left:0px !important;}}<\/style><div class=\"stk-row stk-inner-blocks stk-block-content stk-content-align stk-16a94b8-column alignfull\">\n<div class=\"wp-block-stackable-column stk-block-column stk-column stk-block stk-dfe9b01 stk-block-background stk--has-background-overlay\" data-v=\"4\" data-block-id=\"dfe9b01\"><style>.stk-dfe9b01 {background-image:url(https:\/\/www.ull.es\/servicios\/servicio-de-informacion-y-orientacion-sio\/wp-content\/uploads\/sites\/44\/2019\/08\/SIO.jpg) !important;}.stk-dfe9b01:before{background-color:#000000 !important;opacity:0.3 !important;}@media screen and (max-width: 767px){.stk-dfe9b01 {padding-top:0px !important;padding-right:0px !important;padding-bottom:0px !important;padding-left:0px !important;}.stk-dfe9b01-container{min-height:320px !important;}}<\/style><div class=\"stk-column-wrapper stk-block-column__content stk-container stk-dfe9b01-container stk--no-background stk--no-padding\"><div class=\"stk-block-content stk-inner-blocks stk-dfe9b01-inner-blocks\">\n<div class=\"wp-block-stackable-columns alignfull stk-block-columns stk-block stk-3bf239f\" data-block-id=\"3bf239f\"><style>@media screen and (max-width: 1023px){.stk-3bf239f {padding-left:0px !important;}}<\/style><div class=\"stk-row stk-inner-blocks stk-block-content stk-content-align stk-3bf239f-column alignfull\">\n<div class=\"wp-block-stackable-column stk-block-column stk-column stk-block stk-f66584c\" data-v=\"4\" data-block-id=\"f66584c\"><div class=\"stk-column-wrapper stk-block-column__content stk-container stk-f66584c-container stk--no-background stk--no-padding\"><div class=\"stk-block-content stk-inner-blocks stk-f66584c-inner-blocks\">\n<div class=\"wp-block-stackable-heading stk-block-heading stk-block-heading--v2 stk-block stk-1bb54e9\" id=\"servicio-de-informacion-y-orientacion\" data-block-id=\"1bb54e9\"><style>.stk-1bb54e9 {padding-top:110px !important;padding-right:25px !important;padding-bottom:75px !important;padding-left:420px !important;}.stk-1bb54e9 .stk-block-heading__text{font-size:35px !important;color:#ffffff !important;font-weight:400 !important;}@media screen and (max-width: 1023px){.stk-1bb54e9 {padding-left:55px !important;}.stk-1bb54e9 .stk-block-heading__text{font-size:35px !important;}}@media screen and (max-width: 767px){.stk-1bb54e9 {padding-right:75px !important;padding-left:25px !important;}.stk-1bb54e9 .stk-block-heading__text{font-size:33px !important;}}<\/style><h2 class=\"stk-block-heading__text has-text-color has-text-align-left has-text-align-left-tablet has-text-align-left-mobile\">Service d&#039;information et d&#039;orientation<\/h2><\/div>\n<\/div><\/div><\/div>\n<\/div><\/div>\n<\/div><\/div><\/div>\n<\/div><\/div>\n\n\n\n<div class=\"wp-block-stackable-columns alignfull stk-block-columns stk-block stk-019f113\" data-block-id=\"019f113\"><style>.stk-019f113 .stk--block-align-019f113{align-items:stretch !important;}.stk-019f113 {margin-bottom:40px !important;}.stk-019f113-column{--stk-column-gap:95px !important;}<\/style><div class=\"stk-row stk-inner-blocks stk--block-align-019f113 stk-block-content stk-content-align stk-019f113-column alignfull\">\n<div class=\"wp-block-stackable-column stk-block-column stk-column stk-block stk-f687265\" data-v=\"4\" data-block-id=\"f687265\"><style>.stk-f687265 {padding-right:400px !important;padding-left:400px !important;margin-bottom:var(--stk--preset--spacing--none, 0px) !important;}@media screen and (max-width: 1023px){.stk-f687265 {padding-right:50px !important;padding-left:50px !important;}}@media screen and (max-width: 767px){.stk-f687265-inner-blocks{align-items:center !important;}.stk-f687265 {padding-right:20px !important;padding-left:20px !important;}}<\/style><div class=\"stk-column-wrapper stk-block-column__content stk-container stk-f687265-container stk--no-background stk--no-padding\"><div class=\"stk-block-content stk-inner-blocks stk-f687265-inner-blocks\">\n<div class=\"wp-block-stackable-heading stk-block-heading stk-block-heading--v2 stk-block stk-2a764d9\" id=\"jornadas-de-puertas-abiertas-de-la-universidad-de-la-laguna\" data-block-id=\"2a764d9\"><style>.stk-2a764d9 {margin-bottom:12px !important;}.stk-2a764d9 .stk-block-heading__text{font-size:26px !important;color:#5c068c !important;font-weight:700 !important;}@media screen and (max-width: 1023px){.stk-2a764d9 .stk-block-heading__text{font-size:26px !important;}}<\/style><h2 class=\"stk-block-heading__text has-text-color\">Journ\u00e9es portes ouvertes \u00e0 l&#039;Universit\u00e9 de La Laguna<\/h2><\/div>\n\n\n\n<div class=\"wp-block-stackable-text stk-block-text stk-block stk-5305d0d\" data-block-id=\"5305d0d\"><style>.stk-5305d0d .stk-block-text__text{font-size:16px !important;line-height:1.5em !important;}@media screen and (max-width: 1023px){.stk-5305d0d .stk-block-text__text{font-size:16px !important;}}<\/style><p class=\"stk-block-text__text\"><strong>Date:<\/strong> 20, 21 et 22 janvier 2027. S\u00e9ances en pr\u00e9sentiel. Plus d&#039;informations<br><br><strong>Contenu et objectif :<\/strong>\u00a0Cette activit\u00e9, promue par le Vice-Rectorat aux \u00c9tudiants, vise \u00e0 faire conna\u00eetre l&#039;offre acad\u00e9mique et de services de l&#039;ULL aux \u00e9tudiants qui terminent leur baccalaur\u00e9at ou un cycle de formation professionnelle sup\u00e9rieure et \u00e0 tous ceux qui, par d&#039;autres voies d&#039;acc\u00e8s, envisagent d&#039;obtenir un dipl\u00f4me universitaire l&#039;ann\u00e9e prochaine (plus de 25 et 45 ans, plus de 40 ans avec une exp\u00e9rience professionnelle reconnue, dipl\u00f4m\u00e9s universitaires, etc.).<br><br>Ces journ\u00e9es comprennent une invitation aux familles des \u00e9l\u00e8ves \u00e0 une s\u00e9ance d&#039;information en personne l&#039;apr\u00e8s-midi.<br><br>Pour plus d&#039;informations, veuillez consulter\u00a0:\u00a0<a href=\"mailto:sioinfo@ull.edu.es\" target=\"_blank\" rel=\"noreferrer noopener\">sioinfo@ull.es<\/a><\/p><\/div>\n<\/div><\/div><\/div>\n<\/div><\/div>\n\n\n\n<div class=\"wp-block-stackable-columns alignfull stk-block-columns stk-block stk-21c4286\" data-block-id=\"21c4286\"><style>.stk-21c4286 .stk--block-align-21c4286{align-items:stretch !important;}.stk-21c4286 {margin-bottom:40px !important;}.stk-21c4286-column{--stk-column-gap:95px !important;}<\/style><div class=\"stk-row stk-inner-blocks stk--block-align-21c4286 stk-block-content stk-content-align stk-21c4286-column alignfull\">\n<div class=\"wp-block-stackable-column stk-block-column stk-column stk-block stk-9a5ec7b\" data-v=\"4\" data-block-id=\"9a5ec7b\"><style>.stk-9a5ec7b {padding-right:400px !important;padding-left:400px !important;margin-bottom:var(--stk--preset--spacing--none, 0px) !important;}@media screen and (max-width: 1023px){.stk-9a5ec7b {padding-right:50px !important;padding-left:50px !important;}}@media screen and (max-width: 767px){.stk-9a5ec7b-inner-blocks{align-items:center !important;}.stk-9a5ec7b {padding-right:20px !important;padding-left:20px !important;}}<\/style><div class=\"stk-column-wrapper stk-block-column__content stk-container stk-9a5ec7b-container stk--no-background stk--no-padding\"><div class=\"stk-block-content stk-inner-blocks stk-9a5ec7b-inner-blocks\">\n<div class=\"wp-block-stackable-heading stk-block-heading stk-block-heading--v2 stk-block stk-ece5d5d\" id=\"sesiones-informativas-de-la-universidad-de-la-laguna-a-los-centros-educativos\" data-block-id=\"ece5d5d\"><style>.stk-ece5d5d {margin-bottom:12px !important;}.stk-ece5d5d .stk-block-heading__text{font-size:26px !important;color:#5c068c !important;font-weight:700 !important;}@media screen and (max-width: 1023px){.stk-ece5d5d .stk-block-heading__text{font-size:26px !important;}}<\/style><h2 class=\"stk-block-heading__text has-text-color\">S\u00e9ances d&#039;information de l&#039;Universit\u00e9 de La Laguna aux centres \u00e9ducatifs<\/h2><\/div>\n\n\n\n<div class=\"wp-block-stackable-text stk-block-text stk-block stk-6d0faba\" data-block-id=\"6d0faba\"><style>.stk-6d0faba .stk-block-text__text{font-size:16px !important;line-height:1.5em !important;}@media screen and (max-width: 1023px){.stk-6d0faba .stk-block-text__text{font-size:16px !important;}}<\/style><p class=\"stk-block-text__text\"><strong>Date:&nbsp;<\/strong>Sessions virtuelles les 10, 11 et 13 mars \u00e0 Lanzarote, Fuerteventura, Gran Canaria et La Palma, et les 23, 24 et 25 mars \u00e0 Tenerife. Sessions en pr\u00e9sentiel le 14 avril \u00e0 La Gomera et le 16 avril \u00e0 El Hierro.<br><br><strong>Contenu et objectif :<\/strong>&nbsp;Les s\u00e9ances d&#039;information se d\u00e9roulent de f\u00e9vrier \u00e0 avril, avec un programme sp\u00e9cifique destin\u00e9 aux familles des futurs \u00e9tudiants. Elles ont pour objectif de pr\u00e9senter les programmes de licence et les services de soutien offerts aux \u00e9tudiants de l&#039;Universit\u00e9 de La Laguna (ULL), tant aux futurs \u00e9tudiants qu&#039;\u00e0 leurs familles. Ces s\u00e9ances permettent aux \u00e9tudiants et \u00e0 leurs familles de poser des questions et d&#039;obtenir des r\u00e9ponses sur l&#039;offre de l&#039;Universit\u00e9 de La Laguna. Les \u00e9tablissements scolaires peuvent participer en s&#039;inscrivant \u00e0 ces s\u00e9ances. Les familles seront invit\u00e9es \u00e0 des s\u00e9ances distinctes de celles organis\u00e9es pour les \u00e9tablissements scolaires.<br><br>Plus d&#039;informations ici&nbsp;<a href=\"https:\/\/www.ull.es\/servicios\/servicio-de-informacion-y-orientacion-sio\/fr\/portal\/sesiones-informativas\/\" target=\"_blank\" rel=\"noreferrer noopener\">lien<\/a>.<br><br>Pour plus d&#039;informations, veuillez consulter\u00a0:&nbsp;<a href=\"mailto:sioinfo@ull.edu.es\" target=\"_blank\" rel=\"noreferrer noopener\">sioinfo@ull.es<\/a><\/p><\/div>\n<\/div><\/div><\/div>\n<\/div><\/div>\n\n\n\n<div class=\"wp-block-stackable-columns alignfull stk-block-columns stk-block stk-4e8af7a\" data-block-id=\"4e8af7a\"><style>.stk-4e8af7a .stk--block-align-4e8af7a{align-items:stretch !important;}.stk-4e8af7a {margin-bottom:40px !important;}.stk-4e8af7a-column{--stk-column-gap:95px !important;}<\/style><div class=\"stk-row stk-inner-blocks stk--block-align-4e8af7a stk-block-content stk-content-align stk-4e8af7a-column alignfull\">\n<div class=\"wp-block-stackable-column stk-block-column stk-column stk-block stk-cb37de2\" data-v=\"4\" data-block-id=\"cb37de2\"><style>.stk-cb37de2 {padding-right:400px !important;padding-left:400px !important;margin-bottom:var(--stk--preset--spacing--none, 0px) !important;}@media screen and (max-width: 1023px){.stk-cb37de2 {padding-right:50px !important;padding-left:50px !important;}}@media screen and (max-width: 767px){.stk-cb37de2-inner-blocks{align-items:center !important;}.stk-cb37de2 {padding-right:20px !important;padding-left:20px !important;}}<\/style><div class=\"stk-column-wrapper stk-block-column__content stk-container stk-cb37de2-container stk--no-background stk--no-padding\"><div class=\"stk-block-content stk-inner-blocks stk-cb37de2-inner-blocks\">\n<div class=\"wp-block-stackable-heading stk-block-heading stk-block-heading--v2 stk-block stk-9db4d08\" id=\"sesion-informativa-acceder-a-la-universidad-de-la-laguna-como-solicitar-plaza-en-un-grado-en-preinscripcion-extraordinaria\" data-block-id=\"9db4d08\"><style>.stk-9db4d08 {margin-bottom:12px !important;}.stk-9db4d08 .stk-block-heading__text{font-size:26px !important;color:#5c068c !important;font-weight:700 !important;}@media screen and (max-width: 1023px){.stk-9db4d08 .stk-block-heading__text{font-size:26px !important;}}<\/style><h2 class=\"stk-block-heading__text has-text-color\">S\u00e9ance d&#039;information : Acc\u00e9der \u00e0 l&#039;Universit\u00e9 de La Laguna : comment candidater \u00e0 une formation dipl\u00f4mante pendant la p\u00e9riode de pr\u00e9inscription extraordinaire\u00ab<\/h2><\/div>\n\n\n\n<div class=\"wp-block-stackable-text stk-block-text stk-block stk-e7eb91b\" data-block-id=\"e7eb91b\"><style>.stk-e7eb91b .stk-block-text__text{font-size:16px !important;line-height:1.5em !important;}@media screen and (max-width: 1023px){.stk-e7eb91b .stk-block-text__text{font-size:16px !important;}}<\/style><p class=\"stk-block-text__text\"><strong>Date:<\/strong> 10 juin 2026. Session en ligne\u00a0: Formulaire d\u2019inscription (ouvrira le 11 mai).<br><br><strong>Contenu et objectif :\u00a0<\/strong>Afin de dissiper tout doute que pourraient avoir les futurs \u00e9tudiants de notre universit\u00e9 concernant les proc\u00e9dures mises en \u0153uvre lors de la pr\u00e9inscription (demande de place) et de l&#039;inscription (publication et signification des listes d&#039;admission et d&#039;attente, calendriers d&#039;inscription, montants, etc.).<br><br>Les \u00e9tudiants int\u00e9ress\u00e9s doivent s&#039;inscrire individuellement en utilisant le formulaire pr\u00e9vu \u00e0 cet effet.<br><br>Pour plus d&#039;informations, veuillez consulter\u00a0:\u00a0<a href=\"mailto:sioinfo@ull.edu.es\" target=\"_blank\" rel=\"noreferrer noopener\">sioinfo@ull.es<\/a><\/p><\/div>\n<\/div><\/div><\/div>\n<\/div><\/div>\n\n\n\n<div class=\"wp-block-stackable-columns alignfull stk-block-columns stk-block stk-5a4cd93\" data-block-id=\"5a4cd93\"><style>.stk-5a4cd93 .stk--block-align-5a4cd93{align-items:stretch !important;}.stk-5a4cd93 {margin-bottom:40px !important;}.stk-5a4cd93-column{--stk-column-gap:95px !important;}<\/style><div class=\"stk-row stk-inner-blocks stk--block-align-5a4cd93 stk-block-content stk-content-align stk-5a4cd93-column alignfull\">\n<div class=\"wp-block-stackable-column stk-block-column stk-column stk-block stk-e3dee4f\" data-v=\"4\" data-block-id=\"e3dee4f\"><style>.stk-e3dee4f {padding-right:400px !important;padding-left:400px !important;margin-bottom:var(--stk--preset--spacing--none, 0px) !important;}@media screen and (max-width: 1023px){.stk-e3dee4f {padding-right:50px !important;padding-left:50px !important;}}@media screen and (max-width: 767px){.stk-e3dee4f-inner-blocks{align-items:center !important;}.stk-e3dee4f {padding-right:20px !important;padding-left:20px !important;}}<\/style><div class=\"stk-column-wrapper stk-block-column__content stk-container stk-e3dee4f-container stk--no-background stk--no-padding\"><div class=\"stk-block-content stk-inner-blocks stk-e3dee4f-inner-blocks\">\n<div class=\"wp-block-stackable-heading stk-block-heading stk-block-heading--v2 stk-block stk-b923c83\" id=\"participacion-en-otras-ferias-y-encuentros\" data-block-id=\"b923c83\"><style>.stk-b923c83 {margin-bottom:12px !important;}.stk-b923c83 .stk-block-heading__text{font-size:26px !important;color:#5c068c !important;font-weight:700 !important;}@media screen and (max-width: 1023px){.stk-b923c83 .stk-block-heading__text{font-size:26px !important;}}<\/style><h2 class=\"stk-block-heading__text has-text-color\">Participation \u00e0 d&#039;autres foires et r\u00e9unions<\/h2><\/div>\n\n\n\n<ul class=\"wp-block-list\">\n<li>Unitour<\/li>\n\n\n\n<li>Plan<\/li>\n\n\n\n<li>R\u00e9unions de la SIOU<\/li>\n\n\n\n<li>R\u00e9unions SAPDU<\/li>\n\n\n\n<li>Salon des m\u00e9tiers r\u00e9unissant des repr\u00e9sentants de diverses municipalit\u00e9s des \u00eeles<\/li>\n\n\n\n<li>Journ\u00e9es portes ouvertes de l&#039;ULPGC<\/li>\n<\/ul>\n<\/div><\/div><\/div>\n<\/div><\/div>\n\n\n\n<div class=\"wp-block-stackable-columns alignfull stk-block-columns stk-block stk-d88f100\" data-block-id=\"d88f100\"><style>.stk-d88f100 .stk--block-align-d88f100{align-items:stretch !important;}.stk-d88f100 {margin-bottom:40px !important;}.stk-d88f100-column{--stk-column-gap:95px !important;}<\/style><div class=\"stk-row stk-inner-blocks stk--block-align-d88f100 stk-block-content stk-content-align stk-d88f100-column alignfull\">\n<div class=\"wp-block-stackable-column stk-block-column stk-column stk-block stk-805b545\" data-v=\"4\" data-block-id=\"805b545\"><style>.stk-805b545 {padding-right:400px !important;padding-left:400px !important;margin-bottom:var(--stk--preset--spacing--none, 0px) !important;}@media screen and (max-width: 1023px){.stk-805b545 {padding-right:50px !important;padding-left:50px !important;}}@media screen and (max-width: 767px){.stk-805b545-inner-blocks{align-items:center !important;}.stk-805b545 {padding-right:20px !important;padding-left:20px !important;}}<\/style><div class=\"stk-column-wrapper stk-block-column__content stk-container stk-805b545-container stk--no-background stk--no-padding\"><div class=\"stk-block-content stk-inner-blocks stk-805b545-inner-blocks\">\n<div class=\"wp-block-stackable-heading stk-block-heading stk-block-heading--v2 stk-block stk-7958d96\" id=\"encuentros-tecnicos-de-orientacion-en-canarias\" data-block-id=\"7958d96\"><style>.stk-7958d96 {margin-bottom:12px !important;}.stk-7958d96 .stk-block-heading__text{font-size:26px !important;color:#5c068c !important;font-weight:700 !important;}@media screen and (max-width: 1023px){.stk-7958d96 .stk-block-heading__text{font-size:26px !important;}}<\/style><h2 class=\"stk-block-heading__text has-text-color\">R\u00e9unions d&#039;orientation technique aux \u00eeles Canaries<\/h2><\/div>\n\n\n\n<div class=\"wp-block-stackable-text stk-block-text stk-block stk-d8f3ce6\" data-block-id=\"d8f3ce6\"><p class=\"stk-block-text__text\">Les r\u00e9unions d&#039;orientation sont organis\u00e9es conjointement par le minist\u00e8re de l&#039;\u00c9ducation et des Universit\u00e9s du gouvernement des \u00eeles Canaries et les universit\u00e9s publiques des \u00eeles Canaries.<br><br>L&#039;objectif g\u00e9n\u00e9ral de ces rencontres annuelles est de consacrer une journ\u00e9e au travail et \u00e0 l&#039;\u00e9change d&#039;informations avec les conseillers d&#039;orientation des \u00e9tablissements secondaires des \u00eeles Canaries. Il s&#039;agit de cr\u00e9er un espace d&#039;apprentissage et de r\u00e9flexion sur les enjeux li\u00e9s \u00e0 la transition scolaire des \u00e9l\u00e8ves du secondaire sup\u00e9rieur (Bachillerato) et de la formation professionnelle sup\u00e9rieure (FP Grado Superior) avant leur entr\u00e9e \u00e0 l&#039;universit\u00e9. Ces rencontres visent \u00e9galement \u00e0 permettre aux conseillers d&#039;orientation de partager leurs points de vue et de poser des questions relatives \u00e0 l&#039;enseignement sup\u00e9rieur et \u00e0 l&#039;acc\u00e8s \u00e0 l&#039;universit\u00e9.<\/p><\/div>\n<\/div><\/div><\/div>\n<\/div><\/div>\n\n\n\n<div class=\"wp-block-stackable-columns alignfull stk-block-columns stk-block stk-555fa0a\" data-block-id=\"555fa0a\"><style>.stk-555fa0a .stk--block-align-555fa0a{align-items:stretch !important;}.stk-555fa0a-column{--stk-column-gap:95px !important;}<\/style><div class=\"stk-row stk-inner-blocks stk--block-align-555fa0a stk-block-content stk-content-align stk-555fa0a-column alignfull\">\n<div class=\"wp-block-stackable-column stk-block-column stk-column stk-block stk-ec0c69b\" data-v=\"4\" data-block-id=\"ec0c69b\"><style>.stk-ec0c69b {padding-right:400px !important;padding-left:400px !important;margin-bottom:var(--stk--preset--spacing--none, 0px) !important;}@media screen and (max-width: 1023px){.stk-ec0c69b {padding-right:50px !important;padding-left:50px !important;}}@media screen and (max-width: 767px){.stk-ec0c69b-inner-blocks{align-items:center !important;}.stk-ec0c69b {padding-right:20px !important;padding-left:20px !important;}}<\/style><div class=\"stk-column-wrapper stk-block-column__content stk-container stk-ec0c69b-container stk--no-background stk--no-padding\"><div class=\"stk-block-content stk-inner-blocks stk-ec0c69b-inner-blocks\">\n<div class=\"wp-block-stackable-heading stk-block-heading stk-block-heading--v2 stk-block stk-4e63ae3\" id=\"entorno-colaborativo-espacio-para-la-orientacion\" data-block-id=\"4e63ae3\"><style>.stk-4e63ae3 {margin-bottom:12px !important;}.stk-4e63ae3 .stk-block-heading__text{font-size:26px !important;color:#5c068c !important;font-weight:700 !important;}@media screen and (max-width: 1023px){.stk-4e63ae3 .stk-block-heading__text{font-size:26px !important;}}<\/style><h2 class=\"stk-block-heading__text has-text-color\">Environnement collaboratif \u00ab Espace de guidance \u00bb<\/h2><\/div>\n\n\n\n<div class=\"wp-block-stackable-text stk-block-text stk-block stk-aefb29c\" data-block-id=\"aefb29c\"><style>.stk-aefb29c {margin-bottom:12px !important;}<\/style><p class=\"stk-block-text__text\">Cette universit\u00e9 met \u00e0 la disposition des conseillers d&#039;orientation des centres de formation scolaire et professionnelle un environnement sur son campus virtuel appel\u00e9 \u201c<strong>Espace pour l&#039;orientation<\/strong>\u201d dans le but de : \u00bb<br><br>1) \u00c9tablir un canal de communication entre les \u00e9tablissements d&#039;enseignement secondaire et l&#039;Universit\u00e9 de La Laguna (ULL) afin de\u00a0:<\/p><\/div>\n\n\n\n<ul class=\"wp-block-list\">\n<li>Cr\u00e9er un espace de dialogue et de r\u00e9flexion sur l&#039;enseignement sup\u00e9rieur et l&#039;acc\u00e8s aux \u00e9tudes universitaires.<\/li>\n\n\n\n<li>Partager et am\u00e9liorer les connaissances et la communication entre le personnel enseignant du service d&#039;orientation et cette universit\u00e9.<\/li>\n\n\n\n<li>Comprendre les exigences du personnel enseignant charg\u00e9 de l&#039;orientation scolaire et professionnelle dans le cadre de leur travail d&#039;orientation pr\u00e9-universitaire.<\/li>\n<\/ul>\n\n\n\n<div class=\"wp-block-stackable-text stk-block-text stk-block stk-f52c785\" data-block-id=\"f52c785\"><style>.stk-f52c785 {margin-bottom:12px !important;}<\/style><p class=\"stk-block-text__text\">2) Fournir un espace d&#039;acc\u00e8s aux informations concernant l&#039;Universit\u00e9 de La Laguna, relatives \u00e0\u00a0:<\/p><\/div>\n\n\n\n<ul class=\"wp-block-list\">\n<li>Les nouveaux itin\u00e9raires et la proc\u00e9dure d&#039;acc\u00e8s \u00e0 l&#039;ULL.<\/li>\n\n\n\n<li>Les dipl\u00f4mes propos\u00e9s par l&#039;ULL et les parcours de formation pour les \u00e9tudes de troisi\u00e8me cycle et de doctorat.<\/li>\n\n\n\n<li>Services et soutien de l&#039;ULL<\/li>\n\n\n\n<li>Programme d&#039;activit\u00e9s d&#039;information et d&#039;orientation de l&#039;ULL.<\/li>\n<\/ul>\n\n\n\n<div class=\"wp-block-stackable-text stk-block-text stk-block stk-ef3f553\" data-block-id=\"ef3f553\"><p class=\"stk-block-text__text\">Demande d&#039;inscription \u00e0 l&#039;\u00ab Espace d&#039;orientation \u00bb du campus virtuel de l&#039;ULL\u00a0:&nbsp;<a href=\"https:\/\/forms.gle\/Ht7HXx6UAET2ghX38\" target=\"_blank\" rel=\"noreferrer noopener\">Formulaire d&#039;inscription<\/a><\/p><\/div>\n<\/div><\/div><\/div>\n<\/div><\/div>","protected":false},"excerpt":{"rendered":"<p>Servicio de Informaci\u00f3n y Orientaci\u00f3n Jornadas de Puertas Abiertas de la Universidad de La Laguna Fecha: 20, 21 y 22 de enero de 2027. Jornadas presenciales. M\u00e1s informaci\u00f3n Contenido y objetivo:\u00a0Esta actividad, impulsada por el Vicerrectorado de Estudiantes, tiene por objetivo dar a conocer la oferta acad\u00e9mica y de servicios de la ULL al alumnado&#8230;<\/p>","protected":false},"author":12,"featured_media":0,"parent":0,"menu_order":0,"comment_status":"closed","ping_status":"closed","template":"templates\/template-frontpage.php","meta":{"_acf_changed":false,"footnotes":""},"class_list":["post-86","page","type-page","status-publish","hentry"],"acf":[],"_links":{"self":[{"href":"https:\/\/www.ull.es\/servicios\/servicio-de-informacion-y-orientacion-sio\/fr\/wp-json\/wp\/v2\/pages\/86","targetHints":{"allow":["GET"]}}],"collection":[{"href":"https:\/\/www.ull.es\/servicios\/servicio-de-informacion-y-orientacion-sio\/fr\/wp-json\/wp\/v2\/pages"}],"about":[{"href":"https:\/\/www.ull.es\/servicios\/servicio-de-informacion-y-orientacion-sio\/fr\/wp-json\/wp\/v2\/types\/page"}],"author":[{"embeddable":true,"href":"https:\/\/www.ull.es\/servicios\/servicio-de-informacion-y-orientacion-sio\/fr\/wp-json\/wp\/v2\/users\/12"}],"replies":[{"embeddable":true,"href":"https:\/\/www.ull.es\/servicios\/servicio-de-informacion-y-orientacion-sio\/fr\/wp-json\/wp\/v2\/comments?post=86"}],"version-history":[{"count":61,"href":"https:\/\/www.ull.es\/servicios\/servicio-de-informacion-y-orientacion-sio\/fr\/wp-json\/wp\/v2\/pages\/86\/revisions"}],"predecessor-version":[{"id":297,"href":"https:\/\/www.ull.es\/servicios\/servicio-de-informacion-y-orientacion-sio\/fr\/wp-json\/wp\/v2\/pages\/86\/revisions\/297"}],"wp:attachment":[{"href":"https:\/\/www.ull.es\/servicios\/servicio-de-informacion-y-orientacion-sio\/fr\/wp-json\/wp\/v2\/media?parent=86"}],"curies":[{"name":"wp","href":"https:\/\/api.w.org\/{rel}","templated":true}]}}