{"id":86,"date":"2020-03-04T15:01:57","date_gmt":"2020-03-04T14:01:57","guid":{"rendered":"https:\/\/www.ull.es\/servicios\/servicio-de-informacion-y-orientacion-sio\/?page_id=86"},"modified":"2026-04-15T15:37:58","modified_gmt":"2026-04-15T13:37:58","slug":"actividades","status":"publish","type":"page","link":"https:\/\/www.ull.es\/servicios\/servicio-de-informacion-y-orientacion-sio\/actividades\/","title":{"rendered":"Actividades"},"content":{"rendered":"\n<div class=\"wp-block-stackable-columns alignfull stk-block-columns stk-block stk-16a94b8\" data-block-id=\"16a94b8\"><style>.stk-16a94b8 {margin-bottom:56px !important;}@media screen and (max-width: 767px){.stk-16a94b8 {padding-top:0px !important;padding-right:0px !important;padding-bottom:0px !important;padding-left:0px !important;}}<\/style><div class=\"stk-row stk-inner-blocks stk-block-content stk-content-align stk-16a94b8-column alignfull\">\n<div class=\"wp-block-stackable-column stk-block-column stk-column stk-block stk-dfe9b01 stk-block-background stk--has-background-overlay\" data-v=\"4\" data-block-id=\"dfe9b01\"><style>.stk-dfe9b01 {background-image:url(https:\/\/www.ull.es\/servicios\/servicio-de-informacion-y-orientacion-sio\/wp-content\/uploads\/sites\/44\/2019\/08\/SIO.jpg) !important;}.stk-dfe9b01:before{background-color:#000000 !important;opacity:0.3 !important;}@media screen and (max-width: 767px){.stk-dfe9b01 {padding-top:0px !important;padding-right:0px !important;padding-bottom:0px !important;padding-left:0px !important;}.stk-dfe9b01-container{min-height:320px !important;}}<\/style><div class=\"stk-column-wrapper stk-block-column__content stk-container stk-dfe9b01-container stk--no-background stk--no-padding\"><div class=\"stk-block-content stk-inner-blocks stk-dfe9b01-inner-blocks\">\n<div class=\"wp-block-stackable-columns alignfull stk-block-columns stk-block stk-3bf239f\" data-block-id=\"3bf239f\"><style>@media screen and (max-width: 1023px){.stk-3bf239f {padding-left:0px !important;}}<\/style><div class=\"stk-row stk-inner-blocks stk-block-content stk-content-align stk-3bf239f-column alignfull\">\n<div class=\"wp-block-stackable-column stk-block-column stk-column stk-block stk-f66584c\" data-v=\"4\" data-block-id=\"f66584c\"><div class=\"stk-column-wrapper stk-block-column__content stk-container stk-f66584c-container stk--no-background stk--no-padding\"><div class=\"stk-block-content stk-inner-blocks stk-f66584c-inner-blocks\">\n<div class=\"wp-block-stackable-heading stk-block-heading stk-block-heading--v2 stk-block stk-1bb54e9\" id=\"servicio-de-informacion-y-orientacion\" data-block-id=\"1bb54e9\"><style>.stk-1bb54e9 {padding-top:110px !important;padding-right:25px !important;padding-bottom:75px !important;padding-left:420px !important;}.stk-1bb54e9 .stk-block-heading__text{font-size:35px !important;color:#ffffff !important;font-weight:400 !important;}@media screen and (max-width: 1023px){.stk-1bb54e9 {padding-left:55px !important;}.stk-1bb54e9 .stk-block-heading__text{font-size:35px !important;}}@media screen and (max-width: 767px){.stk-1bb54e9 {padding-right:75px !important;padding-left:25px !important;}.stk-1bb54e9 .stk-block-heading__text{font-size:33px !important;}}<\/style><h2 class=\"stk-block-heading__text has-text-color has-text-align-left has-text-align-left-tablet has-text-align-left-mobile\">Servicio de Informaci\u00f3n y Orientaci\u00f3n<\/h2><\/div>\n<\/div><\/div><\/div>\n<\/div><\/div>\n<\/div><\/div><\/div>\n<\/div><\/div>\n\n\n\n<div class=\"wp-block-stackable-columns alignfull stk-block-columns stk-block stk-019f113\" data-block-id=\"019f113\"><style>.stk-019f113 .stk--block-align-019f113{align-items:stretch !important;}.stk-019f113 {margin-bottom:40px !important;}.stk-019f113-column{--stk-column-gap:95px !important;}<\/style><div class=\"stk-row stk-inner-blocks stk--block-align-019f113 stk-block-content stk-content-align stk-019f113-column alignfull\">\n<div class=\"wp-block-stackable-column stk-block-column stk-column stk-block stk-f687265\" data-v=\"4\" data-block-id=\"f687265\"><style>.stk-f687265 {padding-right:400px !important;padding-left:400px !important;margin-bottom:var(--stk--preset--spacing--none, 0px) !important;}@media screen and (max-width: 1023px){.stk-f687265 {padding-right:50px !important;padding-left:50px !important;}}@media screen and (max-width: 767px){.stk-f687265-inner-blocks{align-items:center !important;}.stk-f687265 {padding-right:20px !important;padding-left:20px !important;}}<\/style><div class=\"stk-column-wrapper stk-block-column__content stk-container stk-f687265-container stk--no-background stk--no-padding\"><div class=\"stk-block-content stk-inner-blocks stk-f687265-inner-blocks\">\n<div class=\"wp-block-stackable-heading stk-block-heading stk-block-heading--v2 stk-block stk-2a764d9\" id=\"jornadas-de-puertas-abiertas-de-la-universidad-de-la-laguna\" data-block-id=\"2a764d9\"><style>.stk-2a764d9 {margin-bottom:12px !important;}.stk-2a764d9 .stk-block-heading__text{font-size:26px !important;color:#5c068c !important;font-weight:700 !important;}@media screen and (max-width: 1023px){.stk-2a764d9 .stk-block-heading__text{font-size:26px !important;}}<\/style><h2 class=\"stk-block-heading__text has-text-color\">Jornadas de Puertas Abiertas de la Universidad de La Laguna<\/h2><\/div>\n\n\n\n<div class=\"wp-block-stackable-text stk-block-text stk-block stk-5305d0d\" data-block-id=\"5305d0d\"><style>.stk-5305d0d .stk-block-text__text{font-size:16px !important;line-height:1.5em !important;}@media screen and (max-width: 1023px){.stk-5305d0d .stk-block-text__text{font-size:16px !important;}}<\/style><p class=\"stk-block-text__text\"><strong>Fecha:<\/strong> 20, 21 y 22 de enero de 2027. Jornadas presenciales. M\u00e1s informaci\u00f3n<br><br><strong>Contenido y objetivo:<\/strong>\u00a0Esta actividad, impulsada por el Vicerrectorado de Estudiantes, tiene por objetivo dar a conocer la oferta acad\u00e9mica y de servicios de la ULL al alumnado que est\u00e1 finalizando el Bachillerato o un Ciclo Formativo de Grado Superior y a todas aquellas personas que, por otras v\u00edas de acceso, est\u00e9n pensando acceder el pr\u00f3ximo curso a una carrera universitaria (mayores de 25 y 45 a\u00f1os, mayores de 40 a\u00f1os con experiencia profesional acreditada, titulados universitarios, etc.).<br><br>Estas jornadas incluyen una invitaci\u00f3n a las familias del alumnado a una sesi\u00f3n informativa presencial en horario de tarde.<br><br>Solicita m\u00e1s informaci\u00f3n en:\u00a0<a href=\"mailto:sioinfo@ull.edu.es\" target=\"_blank\" rel=\"noreferrer noopener\" target=\"_blank\" rel=\"noopener\">sioinfo@ull.es<\/a><\/p><\/div>\n<\/div><\/div><\/div>\n<\/div><\/div>\n\n\n\n<div class=\"wp-block-stackable-columns alignfull stk-block-columns stk-block stk-21c4286\" data-block-id=\"21c4286\"><style>.stk-21c4286 .stk--block-align-21c4286{align-items:stretch !important;}.stk-21c4286 {margin-bottom:40px !important;}.stk-21c4286-column{--stk-column-gap:95px !important;}<\/style><div class=\"stk-row stk-inner-blocks stk--block-align-21c4286 stk-block-content stk-content-align stk-21c4286-column alignfull\">\n<div class=\"wp-block-stackable-column stk-block-column stk-column stk-block stk-9a5ec7b\" data-v=\"4\" data-block-id=\"9a5ec7b\"><style>.stk-9a5ec7b {padding-right:400px !important;padding-left:400px !important;margin-bottom:var(--stk--preset--spacing--none, 0px) !important;}@media screen and (max-width: 1023px){.stk-9a5ec7b {padding-right:50px !important;padding-left:50px !important;}}@media screen and (max-width: 767px){.stk-9a5ec7b-inner-blocks{align-items:center !important;}.stk-9a5ec7b {padding-right:20px !important;padding-left:20px !important;}}<\/style><div class=\"stk-column-wrapper stk-block-column__content stk-container stk-9a5ec7b-container stk--no-background stk--no-padding\"><div class=\"stk-block-content stk-inner-blocks stk-9a5ec7b-inner-blocks\">\n<div class=\"wp-block-stackable-heading stk-block-heading stk-block-heading--v2 stk-block stk-ece5d5d\" id=\"sesiones-informativas-de-la-universidad-de-la-laguna-a-los-centros-educativos\" data-block-id=\"ece5d5d\"><style>.stk-ece5d5d {margin-bottom:12px !important;}.stk-ece5d5d .stk-block-heading__text{font-size:26px !important;color:#5c068c !important;font-weight:700 !important;}@media screen and (max-width: 1023px){.stk-ece5d5d .stk-block-heading__text{font-size:26px !important;}}<\/style><h2 class=\"stk-block-heading__text has-text-color\">Sesiones informativas de la Universidad de La Laguna a los centros educativos<\/h2><\/div>\n\n\n\n<div class=\"wp-block-stackable-text stk-block-text stk-block stk-6d0faba\" data-block-id=\"6d0faba\"><style>.stk-6d0faba .stk-block-text__text{font-size:16px !important;line-height:1.5em !important;}@media screen and (max-width: 1023px){.stk-6d0faba .stk-block-text__text{font-size:16px !important;}}<\/style><p class=\"stk-block-text__text\"><strong>Fecha:&nbsp;<\/strong>Sesiones virtuales el 10, 11 y 13 de marzo Lanzarote, Fuerteventura, Gran Canaria y La Palma y 23, 24 y 25 de marzo en Tenerife. Sesiones presenciales el14 de abril en La Gomera y el 16 de abril en El Hierro.<br><br><strong>Contenido y objetivo:<\/strong>&nbsp;Las sesiones informativas se desarrollan desde febrero al mes de abril, con un programa espec\u00edfico destinado a las familias del alumnado preuniversitario. Su objetivo es dar a conocer la oferta de estudios de Grado as\u00ed como los servicios de apoyo y ayuda al alumnado en la ULL, tanto a los futuros estudiantes como a sus familias. Estas sesiones son una oportunidad para que alumnado y familia plantee y resuelva cuantas dudas y\/o preguntas les surjan acerca de lo que ofrece la Universidad de La Laguna. Los centros educativos podr\u00e1n participar previa inscripci\u00f3n en estas sesiones. Las familias ser\u00e1n convocadas en sesiones distintas a las de los centros educativos.<br><br>M\u00e1s informaci\u00f3n en este&nbsp;<a href=\"https:\/\/www.ull.es\/portal\/sesiones-informativas\/\" target=\"_blank\" rel=\"noreferrer noopener\" target=\"_blank\" rel=\"noopener\">enlace<\/a>.<br><br>Solicita m\u00e1s informaci\u00f3n en:&nbsp;<a href=\"mailto:sioinfo@ull.edu.es\" target=\"_blank\" rel=\"noreferrer noopener\" target=\"_blank\" rel=\"noopener\">sioinfo@ull.es<\/a><\/p><\/div>\n<\/div><\/div><\/div>\n<\/div><\/div>\n\n\n\n<div class=\"wp-block-stackable-columns alignfull stk-block-columns stk-block stk-4e8af7a\" data-block-id=\"4e8af7a\"><style>.stk-4e8af7a .stk--block-align-4e8af7a{align-items:stretch !important;}.stk-4e8af7a {margin-bottom:40px !important;}.stk-4e8af7a-column{--stk-column-gap:95px !important;}<\/style><div class=\"stk-row stk-inner-blocks stk--block-align-4e8af7a stk-block-content stk-content-align stk-4e8af7a-column alignfull\">\n<div class=\"wp-block-stackable-column stk-block-column stk-column stk-block stk-cb37de2\" data-v=\"4\" data-block-id=\"cb37de2\"><style>.stk-cb37de2 {padding-right:400px !important;padding-left:400px !important;margin-bottom:var(--stk--preset--spacing--none, 0px) !important;}@media screen and (max-width: 1023px){.stk-cb37de2 {padding-right:50px !important;padding-left:50px !important;}}@media screen and (max-width: 767px){.stk-cb37de2-inner-blocks{align-items:center !important;}.stk-cb37de2 {padding-right:20px !important;padding-left:20px !important;}}<\/style><div class=\"stk-column-wrapper stk-block-column__content stk-container stk-cb37de2-container stk--no-background stk--no-padding\"><div class=\"stk-block-content stk-inner-blocks stk-cb37de2-inner-blocks\">\n<div class=\"wp-block-stackable-heading stk-block-heading stk-block-heading--v2 stk-block stk-9db4d08\" id=\"sesion-informativa-acceder-a-la-universidad-de-la-laguna-como-solicitar-plaza-en-un-grado-en-preinscripcion-extraordinaria\" data-block-id=\"9db4d08\"><style>.stk-9db4d08 {margin-bottom:12px !important;}.stk-9db4d08 .stk-block-heading__text{font-size:26px !important;color:#5c068c !important;font-weight:700 !important;}@media screen and (max-width: 1023px){.stk-9db4d08 .stk-block-heading__text{font-size:26px !important;}}<\/style><h2 class=\"stk-block-heading__text has-text-color\">Sesi\u00f3n informativa: Acceder a la Universidad de La Laguna: c\u00f3mo solicitar plaza en un grado en \u00abPreinscripci\u00f3n extraordinaria\u00bb<\/h2><\/div>\n\n\n\n<div class=\"wp-block-stackable-text stk-block-text stk-block stk-e7eb91b\" data-block-id=\"e7eb91b\"><style>.stk-e7eb91b .stk-block-text__text{font-size:16px !important;line-height:1.5em !important;}@media screen and (max-width: 1023px){.stk-e7eb91b .stk-block-text__text{font-size:16px !important;}}<\/style><p class=\"stk-block-text__text\"><strong>Fecha:<\/strong> 10 de junio de 2026. Sesi\u00f3n online: Formulario de inscripci\u00f3n (se abrir\u00e1 el 11 de mayo).<br><br><strong>Contenido y objetivo:\u00a0<\/strong>Resolver cuantas dudas puedan generar en el futuro alumnado de nuestra universidad los procedimientos que se activan con la preinscripci\u00f3n (solicitud de plazas) y la matr\u00edcula (publicaci\u00f3n y significado de las listas de admisi\u00f3n y de espera, calendarios de matr\u00edcula, importes, etc.).<br><br>El alumnado interesado deber\u00e1 inscribirse de manera individual a trav\u00e9s del formulario que se habilite para ello.<br><br>Solicita m\u00e1s informaci\u00f3n en:\u00a0<a href=\"mailto:sioinfo@ull.edu.es\" target=\"_blank\" rel=\"noreferrer noopener\" target=\"_blank\" rel=\"noopener\">sioinfo@ull.es<\/a><\/p><\/div>\n<\/div><\/div><\/div>\n<\/div><\/div>\n\n\n\n<div class=\"wp-block-stackable-columns alignfull stk-block-columns stk-block stk-5a4cd93\" data-block-id=\"5a4cd93\"><style>.stk-5a4cd93 .stk--block-align-5a4cd93{align-items:stretch !important;}.stk-5a4cd93 {margin-bottom:40px !important;}.stk-5a4cd93-column{--stk-column-gap:95px !important;}<\/style><div class=\"stk-row stk-inner-blocks stk--block-align-5a4cd93 stk-block-content stk-content-align stk-5a4cd93-column alignfull\">\n<div class=\"wp-block-stackable-column stk-block-column stk-column stk-block stk-e3dee4f\" data-v=\"4\" data-block-id=\"e3dee4f\"><style>.stk-e3dee4f {padding-right:400px !important;padding-left:400px !important;margin-bottom:var(--stk--preset--spacing--none, 0px) !important;}@media screen and (max-width: 1023px){.stk-e3dee4f {padding-right:50px !important;padding-left:50px !important;}}@media screen and (max-width: 767px){.stk-e3dee4f-inner-blocks{align-items:center !important;}.stk-e3dee4f {padding-right:20px !important;padding-left:20px !important;}}<\/style><div class=\"stk-column-wrapper stk-block-column__content stk-container stk-e3dee4f-container stk--no-background stk--no-padding\"><div class=\"stk-block-content stk-inner-blocks stk-e3dee4f-inner-blocks\">\n<div class=\"wp-block-stackable-heading stk-block-heading stk-block-heading--v2 stk-block stk-b923c83\" id=\"participacion-en-otras-ferias-y-encuentros\" data-block-id=\"b923c83\"><style>.stk-b923c83 {margin-bottom:12px !important;}.stk-b923c83 .stk-block-heading__text{font-size:26px !important;color:#5c068c !important;font-weight:700 !important;}@media screen and (max-width: 1023px){.stk-b923c83 .stk-block-heading__text{font-size:26px !important;}}<\/style><h2 class=\"stk-block-heading__text has-text-color\">Participaci\u00f3n en otras ferias y encuentros<\/h2><\/div>\n\n\n\n<ul class=\"wp-block-list\">\n<li>Unitour<\/li>\n\n\n\n<li>Plan\u00e9ate<\/li>\n\n\n\n<li>Encuentros SIOU<\/li>\n\n\n\n<li>Encuentros SAPDU<\/li>\n\n\n\n<li>Feria de las Profesiones de distintos municipios de las islas<\/li>\n\n\n\n<li>Jornadas de Puertas Abiertas de la ULPGC<\/li>\n<\/ul>\n<\/div><\/div><\/div>\n<\/div><\/div>\n\n\n\n<div class=\"wp-block-stackable-columns alignfull stk-block-columns stk-block stk-d88f100\" data-block-id=\"d88f100\"><style>.stk-d88f100 .stk--block-align-d88f100{align-items:stretch !important;}.stk-d88f100 {margin-bottom:40px !important;}.stk-d88f100-column{--stk-column-gap:95px !important;}<\/style><div class=\"stk-row stk-inner-blocks stk--block-align-d88f100 stk-block-content stk-content-align stk-d88f100-column alignfull\">\n<div class=\"wp-block-stackable-column stk-block-column stk-column stk-block stk-805b545\" data-v=\"4\" data-block-id=\"805b545\"><style>.stk-805b545 {padding-right:400px !important;padding-left:400px !important;margin-bottom:var(--stk--preset--spacing--none, 0px) !important;}@media screen and (max-width: 1023px){.stk-805b545 {padding-right:50px !important;padding-left:50px !important;}}@media screen and (max-width: 767px){.stk-805b545-inner-blocks{align-items:center !important;}.stk-805b545 {padding-right:20px !important;padding-left:20px !important;}}<\/style><div class=\"stk-column-wrapper stk-block-column__content stk-container stk-805b545-container stk--no-background stk--no-padding\"><div class=\"stk-block-content stk-inner-blocks stk-805b545-inner-blocks\">\n<div class=\"wp-block-stackable-heading stk-block-heading stk-block-heading--v2 stk-block stk-7958d96\" id=\"encuentros-tecnicos-de-orientacion-en-canarias\" data-block-id=\"7958d96\"><style>.stk-7958d96 {margin-bottom:12px !important;}.stk-7958d96 .stk-block-heading__text{font-size:26px !important;color:#5c068c !important;font-weight:700 !important;}@media screen and (max-width: 1023px){.stk-7958d96 .stk-block-heading__text{font-size:26px !important;}}<\/style><h2 class=\"stk-block-heading__text has-text-color\">Encuentros t\u00e9cnicos de orientaci\u00f3n en Canarias<\/h2><\/div>\n\n\n\n<div class=\"wp-block-stackable-text stk-block-text stk-block stk-d8f3ce6\" data-block-id=\"d8f3ce6\"><p class=\"stk-block-text__text\">Los encuentros de orientaci\u00f3n est\u00e1n organizados conjuntamente por la Consejer\u00eda de Educaci\u00f3n y Universidades del Gobierno de Canarias y las universidades p\u00fablicas canarias.<br><br>El objetivo general de estos encuentros anuales es compartir una jornada de trabajo y de informaci\u00f3n con profesionales de la orientaci\u00f3n educativa de los centros de ense\u00f1anza secundaria de Canarias. Se pretende ofrecer un espacio y un tiempo para conocer y reflexionar sobre aquellos temas que inciden en la transici\u00f3n educativa que vive el alumnado de Bachillerato y de FP de grado superior antes de acceder a la universidad. Asimismo, se quiere que el personal t\u00e9cnico de orientaci\u00f3n&nbsp; opine y plantee cuestiones relacionadas con la universidad y el acceso a la misma.<\/p><\/div>\n<\/div><\/div><\/div>\n<\/div><\/div>\n\n\n\n<div class=\"wp-block-stackable-columns alignfull stk-block-columns stk-block stk-555fa0a\" data-block-id=\"555fa0a\"><style>.stk-555fa0a .stk--block-align-555fa0a{align-items:stretch !important;}.stk-555fa0a-column{--stk-column-gap:95px !important;}<\/style><div class=\"stk-row stk-inner-blocks stk--block-align-555fa0a stk-block-content stk-content-align stk-555fa0a-column alignfull\">\n<div class=\"wp-block-stackable-column stk-block-column stk-column stk-block stk-ec0c69b\" data-v=\"4\" data-block-id=\"ec0c69b\"><style>.stk-ec0c69b {padding-right:400px !important;padding-left:400px !important;margin-bottom:var(--stk--preset--spacing--none, 0px) !important;}@media screen and (max-width: 1023px){.stk-ec0c69b {padding-right:50px !important;padding-left:50px !important;}}@media screen and (max-width: 767px){.stk-ec0c69b-inner-blocks{align-items:center !important;}.stk-ec0c69b {padding-right:20px !important;padding-left:20px !important;}}<\/style><div class=\"stk-column-wrapper stk-block-column__content stk-container stk-ec0c69b-container stk--no-background stk--no-padding\"><div class=\"stk-block-content stk-inner-blocks stk-ec0c69b-inner-blocks\">\n<div class=\"wp-block-stackable-heading stk-block-heading stk-block-heading--v2 stk-block stk-4e63ae3\" id=\"entorno-colaborativo-espacio-para-la-orientacion\" data-block-id=\"4e63ae3\"><style>.stk-4e63ae3 {margin-bottom:12px !important;}.stk-4e63ae3 .stk-block-heading__text{font-size:26px !important;color:#5c068c !important;font-weight:700 !important;}@media screen and (max-width: 1023px){.stk-4e63ae3 .stk-block-heading__text{font-size:26px !important;}}<\/style><h2 class=\"stk-block-heading__text has-text-color\">Entorno colaborativo \u00abEspacio para la Orientaci\u00f3n\u00bb<\/h2><\/div>\n\n\n\n<div class=\"wp-block-stackable-text stk-block-text stk-block stk-aefb29c\" data-block-id=\"aefb29c\"><style>.stk-aefb29c {margin-bottom:12px !important;}<\/style><p class=\"stk-block-text__text\">Esta universidad pone a disposici\u00f3n del personal docente de orientaci\u00f3n, en centros educativos y de formaci\u00f3n profesional, un entorno en su campus virtual denominado \u201c<strong>Espacio para la orientaci\u00f3n<\/strong>\u201d con la finalidad de:<br><br>1) Establecer un canal de comunicaci\u00f3n entre los centros de secundaria y la universidad de La Laguna (ULL) para:<\/p><\/div>\n\n\n\n<ul class=\"wp-block-list\">\n<li>Propiciar un espacio de di\u00e1logo y de reflexi\u00f3n sobre la educaci\u00f3n superior y el acceso a los estudios universitarios.<\/li>\n\n\n\n<li>Compartir y potenciar el conocimiento y la comunicaci\u00f3n entre el personal docente de orientaci\u00f3n y esta universidad.<\/li>\n\n\n\n<li>Conocer las demandas del personal docente de orientaci\u00f3n con relaci\u00f3n a su labor en la orientaci\u00f3n preuniversitaria.<\/li>\n<\/ul>\n\n\n\n<div class=\"wp-block-stackable-text stk-block-text stk-block stk-f52c785\" data-block-id=\"f52c785\"><style>.stk-f52c785 {margin-bottom:12px !important;}<\/style><p class=\"stk-block-text__text\">2) Proporcionar un espacio para acceder a la informaci\u00f3n sobre la universidad de La Laguna, relativa a:<\/p><\/div>\n\n\n\n<ul class=\"wp-block-list\">\n<li>Las nuevas v\u00edas y el proceso de acceso a la ULL.<\/li>\n\n\n\n<li>Los grados que ofrece la ULL y los itinerarios formativos para postgrado y doctorado.<\/li>\n\n\n\n<li>Servicios y ayudas de la ULL<\/li>\n\n\n\n<li>Programa de actividades de informaci\u00f3n y orientaci\u00f3n de la ULL.<\/li>\n<\/ul>\n\n\n\n<div class=\"wp-block-stackable-text stk-block-text stk-block stk-ef3f553\" data-block-id=\"ef3f553\"><p class=\"stk-block-text__text\">Solicitud de alta en el \u00abEspacio para la Orientaci\u00f3n\u00bb del Campus Virtual de la ULL:&nbsp;<a href=\"https:\/\/forms.gle\/Ht7HXx6UAET2ghX38\" target=\"_blank\" rel=\"noreferrer noopener\" target=\"_blank\" rel=\"noopener\">Formulario de inscripci\u00f3n<\/a><\/p><\/div>\n<\/div><\/div><\/div>\n<\/div><\/div>\n","protected":false},"excerpt":{"rendered":"<p>Servicio de Informaci\u00f3n y Orientaci\u00f3n Jornadas de Puertas Abiertas de la Universidad de La Laguna Fecha: 20, 21 y 22 de enero de 2027. Jornadas presenciales. M\u00e1s informaci\u00f3n Contenido y objetivo:\u00a0Esta actividad, impulsada por el Vicerrectorado de Estudiantes, tiene por objetivo dar a conocer la oferta acad\u00e9mica y de servicios de la ULL al alumnado&#8230;<\/p>\n","protected":false},"author":12,"featured_media":0,"parent":0,"menu_order":0,"comment_status":"closed","ping_status":"closed","template":"templates\/template-frontpage.php","meta":{"_acf_changed":false,"footnotes":""},"class_list":["post-86","page","type-page","status-publish","hentry"],"acf":[],"_links":{"self":[{"href":"https:\/\/www.ull.es\/servicios\/servicio-de-informacion-y-orientacion-sio\/wp-json\/wp\/v2\/pages\/86","targetHints":{"allow":["GET"]}}],"collection":[{"href":"https:\/\/www.ull.es\/servicios\/servicio-de-informacion-y-orientacion-sio\/wp-json\/wp\/v2\/pages"}],"about":[{"href":"https:\/\/www.ull.es\/servicios\/servicio-de-informacion-y-orientacion-sio\/wp-json\/wp\/v2\/types\/page"}],"author":[{"embeddable":true,"href":"https:\/\/www.ull.es\/servicios\/servicio-de-informacion-y-orientacion-sio\/wp-json\/wp\/v2\/users\/12"}],"replies":[{"embeddable":true,"href":"https:\/\/www.ull.es\/servicios\/servicio-de-informacion-y-orientacion-sio\/wp-json\/wp\/v2\/comments?post=86"}],"version-history":[{"count":61,"href":"https:\/\/www.ull.es\/servicios\/servicio-de-informacion-y-orientacion-sio\/wp-json\/wp\/v2\/pages\/86\/revisions"}],"predecessor-version":[{"id":297,"href":"https:\/\/www.ull.es\/servicios\/servicio-de-informacion-y-orientacion-sio\/wp-json\/wp\/v2\/pages\/86\/revisions\/297"}],"wp:attachment":[{"href":"https:\/\/www.ull.es\/servicios\/servicio-de-informacion-y-orientacion-sio\/wp-json\/wp\/v2\/media?parent=86"}],"curies":[{"name":"wp","href":"https:\/\/api.w.org\/{rel}","templated":true}]}}