{"id":16,"date":"2019-06-20T13:17:21","date_gmt":"2019-06-20T11:17:21","guid":{"rendered":"https:\/\/www.ull.es\/servicios\/negociado-pruebas-acceso\/?page_id=13"},"modified":"2026-03-03T10:46:44","modified_gmt":"2026-03-03T09:46:44","slug":"inicio","status":"publish","type":"page","link":"https:\/\/www.ull.es\/servicios\/servicio-de-inspeccion\/fr\/","title":{"rendered":"Commencer"},"content":{"rendered":"<div class=\"wp-block-stackable-columns alignfull stk-block-columns stk-block stk-16a94b8\" data-block-id=\"16a94b8\"><style>.stk-16a94b8 {margin-bottom:76px !important;}@media screen and (max-width: 767px){.stk-16a94b8 {padding-top:0px !important;padding-right:0px !important;padding-bottom:0px !important;padding-left:0px !important;}}<\/style><div class=\"stk-row stk-inner-blocks stk-block-content stk-content-align stk-16a94b8-column alignfull\">\n<div class=\"wp-block-stackable-column stk-block-column stk-column stk-block stk-dfe9b01 stk-block-background stk--has-background-overlay\" data-v=\"4\" data-block-id=\"dfe9b01\"><style>.stk-dfe9b01 {background-image:url(https:\/\/www.ull.es\/servicios\/servicio-de-inspeccion\/wp-content\/uploads\/sites\/45\/2019\/08\/30-Servicio-de-Contratacion-y-patrimonio.jpg) !important;}.stk-dfe9b01:before{background-color:#000000 !important;opacity:0.3 !important;}@media screen and (max-width: 767px){.stk-dfe9b01 {padding-top:0px !important;padding-right:0px !important;padding-bottom:0px !important;padding-left:0px !important;}.stk-dfe9b01-container{min-height:320px !important;}}<\/style><div class=\"stk-column-wrapper stk-block-column__content stk-container stk-dfe9b01-container stk--no-background stk--no-padding\"><div class=\"stk-block-content stk-inner-blocks stk-dfe9b01-inner-blocks\">\n<div class=\"wp-block-stackable-columns alignfull stk-block-columns stk-block stk-3bf239f\" data-block-id=\"3bf239f\"><style>@media screen and (max-width: 1023px){.stk-3bf239f {padding-left:0px !important;}}<\/style><div class=\"stk-row stk-inner-blocks stk-block-content stk-content-align stk-3bf239f-column alignfull\">\n<div class=\"wp-block-stackable-column stk-block-column stk-column stk-block stk-f66584c\" data-v=\"4\" data-block-id=\"f66584c\"><div class=\"stk-column-wrapper stk-block-column__content stk-container stk-f66584c-container stk--no-background stk--no-padding\"><div class=\"stk-block-content stk-inner-blocks stk-f66584c-inner-blocks\">\n<div class=\"wp-block-stackable-heading stk-block-heading stk-block-heading--v2 stk-block stk-1bb54e9\" id=\"servicio-de-inspeccion\" data-block-id=\"1bb54e9\"><style>.stk-1bb54e9 {padding-top:110px !important;padding-right:25px !important;padding-bottom:75px !important;padding-left:420px !important;}.stk-1bb54e9 .stk-block-heading__text{font-size:35px !important;color:#ffffff !important;font-weight:400 !important;}@media screen and (max-width: 1023px){.stk-1bb54e9 {padding-left:55px !important;}.stk-1bb54e9 .stk-block-heading__text{font-size:35px !important;}}@media screen and (max-width: 767px){.stk-1bb54e9 {padding-right:75px !important;padding-left:25px !important;}.stk-1bb54e9 .stk-block-heading__text{font-size:33px !important;}}<\/style><h2 class=\"stk-block-heading__text has-text-color has-text-align-left has-text-align-left-tablet has-text-align-left-mobile\">Service d&#039;inspection<\/h2><\/div>\n<\/div><\/div><\/div>\n<\/div><\/div>\n<\/div><\/div><\/div>\n<\/div><\/div>\n\n\n\n<div class=\"wp-block-stackable-columns alignfull stk-block-columns stk-block stk-a768426\" data-block-id=\"a768426\"><style>.stk-a768426 {margin-bottom:56px !important;}<\/style><div class=\"stk-row stk-inner-blocks stk-block-content stk-content-align stk-a768426-column alignfull\">\n<div class=\"wp-block-stackable-column stk-block-column stk-column stk-block stk-7a93856\" data-v=\"4\" data-block-id=\"7a93856\"><style>.stk-7a93856 {padding-right:405px !important;padding-left:405px !important;}@media screen and (max-width: 1023px){.stk-7a93856 {padding-right:50px !important;padding-left:50px !important;}}@media screen and (max-width: 767px){.stk-7a93856 {padding-right:20px !important;padding-left:20px !important;}}<\/style><div class=\"stk-column-wrapper stk-block-column__content stk-container stk-7a93856-container stk--no-background stk--no-padding\"><div class=\"stk-block-content stk-inner-blocks stk-7a93856-inner-blocks\">\n<div class=\"wp-block-stackable-text stk-block-text stk-block stk-42f4015\" data-block-id=\"42f4015\"><style>.stk-42f4015 .stk-block-text__text{font-size:16px !important;}@media screen and (max-width: 1023px){.stk-42f4015 .stk-block-text__text{font-size:16px !important;}}<\/style><p class=\"stk-block-text__text has-text-align-left\">L\u2019Unit\u00e9 de m\u00e9diation et de conseil pour la coexistence a notamment pour mission d\u2019accompagner et de soutenir la r\u00e9solution coop\u00e9rative des conflits dans tous les domaines d\u2019activit\u00e9 de l\u2019universit\u00e9, par le dialogue, la m\u00e9diation et le conseil. Elle apporte son soutien \u00e0 toute personne ou entit\u00e9 de la communaut\u00e9 de l\u2019Universit\u00e9 de La Laguna (ULL) en mati\u00e8re de r\u00e9solution de conflits. L\u2019Unit\u00e9 vise \u00e0 offrir un accompagnement dans la r\u00e9solution des conflits au sein de la communaut\u00e9 universitaire, en s\u2019appuyant sur trois garanties fondamentales\u00a0: la transparence, la confidentialit\u00e9 et la neutralit\u00e9.<\/p><\/div>\n<\/div><\/div><\/div>\n<\/div><\/div>\n\n\n\n<div class=\"wp-block-stackable-columns alignfull stk-block-columns stk-block stk-a2ef681\" data-block-id=\"a2ef681\"><style>.stk-a2ef681 {margin-bottom:56px !important;}<\/style><div class=\"stk-row stk-inner-blocks stk-block-content stk-content-align stk-a2ef681-column alignfull\">\n<div class=\"wp-block-stackable-column stk-block-column stk-column stk-block stk-10c85f6\" data-v=\"4\" data-block-id=\"10c85f6\"><style>.stk-10c85f6 {padding-right:405px !important;padding-left:405px !important;}@media screen and (max-width: 1023px){.stk-10c85f6 {padding-right:55px !important;padding-left:55px !important;}}@media screen and (max-width: 767px){.stk-10c85f6 {padding-right:20px !important;padding-left:20px !important;}}<\/style><div class=\"stk-column-wrapper stk-block-column__content stk-container stk-10c85f6-container stk--no-background stk--no-padding\"><div class=\"stk-block-content stk-inner-blocks stk-10c85f6-inner-blocks\">\n<div class=\"wp-block-stackable-heading stk-block-heading stk-block-heading--v2 stk-block stk-9191e66\" id=\"enlaces-de-interes\" data-block-id=\"9191e66\"><style>.stk-9191e66 {margin-bottom:20px !important;}.stk-9191e66 .stk-block-heading__text{font-size:26px !important;color:#5c068c !important;}@media screen and (max-width: 1023px){.stk-9191e66 .stk-block-heading__text{font-size:26px !important;}}<\/style><h2 class=\"stk-block-heading__text has-text-color\">Liens d&#039;int\u00e9r\u00eat<\/h2><\/div>\n\n\n\n<div>\n    <p style=\"margin-left: 30px; margin-bottom: 0px;\">\n        <i class=\"fa fa-external-link\"><\/i><a\n            href=\"https:\/\/www.ull.es\/servicios\/servicio-de-inspeccion\/wp-content\/uploads\/sites\/45\/2022\/05\/Informe-Anual-2020-2021.pdf?x78328\">\n            Rapport annuel 2020-2021<\/a>\n    <\/p>\n    <p style=\"margin-left: 30px; margin-bottom: 0px;\">\n        <i class=\"fa fa-external-link\"><\/i><a\n            href=\"https:\/\/www.ull.es\/servicios\/servicio-de-inspeccion\/wp-content\/uploads\/sites\/45\/2022\/05\/Informe-Anual-2019-2020.pdf?x78328\">\n            Rapport annuel 2019-2020<\/a>\n    <\/p>\n    <p style=\"margin-left: 30px; margin-bottom: 0px;\">\n\n        <i class=\"fa fa-external-link\"><\/i><a href=\"https:\/\/drive.google.com\/open?id=11Ad_ahvACvuClaO1mgQE901j5mzJqmby\" target=\"_blank\" rel=\"noopener\">\n            Rapport annuel pour l&#039;ann\u00e9e universitaire 2009\/10<\/a>\n    <\/p>\n    <p style=\"margin-left: 30px; margin-bottom: 0px;\">\n        <i class=\"fa fa-external-link\"><\/i><a href=\"https:\/\/drive.google.com\/open?id=12Gy5ntGFJECfeTRdHXVAPx56HkWejkwV\" target=\"_blank\" rel=\"noopener\">\n            Rapport annuel pour l&#039;ann\u00e9e universitaire 2010\/11<\/a>\n\n    <\/p>\n\n    <p style=\"margin-left: 30px; margin-bottom: 0px;\">\n        <i class=\"fa fa-external-link\"><\/i><a href=\"https:\/\/drive.google.com\/open?id=1o1hmGQ70x91xWtJd46A7HqBMxUOYGSvI\" target=\"_blank\" rel=\"noopener\">\n            Rapport annuel pour l&#039;ann\u00e9e universitaire 2011\/12<\/a>\n    <\/p>\n    <p style=\"margin-left: 30px; margin-bottom: 0px;\">\n        <i class=\"fa fa-external-link\"><\/i><a href=\"https:\/\/drive.google.com\/open?id=1tWbWkVu-3Gm1weLr1XWE_rBngeMwMnaD\" target=\"_blank\" rel=\"noopener\">\n            Rapport annuel pour l&#039;ann\u00e9e universitaire 2012\/13<\/a>\n    <\/p>\n    <p style=\"margin-left: 30px; margin-bottom: 0px;\">\n        <i class=\"fa fa-external-link\"><\/i><a href=\"https:\/\/drive.google.com\/open?id=1CkSsrMwsQwZ9PK61I3WaLzHq6ZQ9VMax\" target=\"_blank\" rel=\"noopener\">\n            Rapport annuel pour l&#039;ann\u00e9e universitaire 2013\/14<\/a>\n    <\/p>\n    <p style=\"margin-left: 30px; margin-bottom: 0px;\"> <i class=\"fa fa-external-link\"><\/i><a\n            href=\"https:\/\/drive.google.com\/open?id=16mGdKEoLbvab3XLQh730EDwgFWQvYfnp\">\n            Rapport annuel pour l&#039;ann\u00e9e universitaire 2014\/15<\/a>\n    <\/p>\n    <p style=\"margin-left: 30px; margin-bottom: 0px;\">\n        <i class=\"fa fa-external-link\"><\/i><a href=\"https:\/\/drive.google.com\/open?id=0ByNgObFV1P0eTDV0bHdVMnRWZTA\" target=\"_blank\" rel=\"noopener\">\n            Rapport annuel pour l&#039;ann\u00e9e universitaire 2015\/16<\/a>\n    <\/p>\n    <p style=\"margin-left: 30px; margin-bottom: 0px;\"><i class=\"fa fa-external-link\"><\/i><a\n            href=\"https:\/\/drive.google.com\/open?id=1xFY4QygK0jsDQsLao7pjB1PwR3SFUWWl\">\n            Rapport annuel pour l&#039;ann\u00e9e universitaire 2016\/17<\/a><\/p>\n    <p style=\"margin-left: 30px; margin-bottom: 0px;\">\n        <i class=\"fa fa-external-link\"><\/i><a\n            href=\"https:\/\/drive.google.com\/file\/d\/1PVL6RdvCVrpoq9pPesUm1jch2uxXJ4-j\/view?usp=sharing\"> Erratum dans le rapport annuel pour l&#039;ann\u00e9e universitaire 2017\/18<\/a>\n    <\/p>\n    <p style=\"margin-left: 30px; margin-bottom: 0px;\"><i class=\"fa fa-external-link\"><\/i><a\n            href=\"https:\/\/drive.google.com\/file\/d\/1xpoNJjj6\"> Rapport annuel pour l&#039;ann\u00e9e universitaire 2017\/18<\/a><\/p>\n    <p style=\"margin-left: 30px; margin-bottom: 0px;\"><i class=\"fa fa-external-link\"><\/i><a\n            href=\"https:\/\/drive.google.com\/file\/d\/1IrqSliBLyrLqh3BaLOI6zT05WulJvYqQ\/view?usp=sharing\"> Rapport annuel pour l&#039;ann\u00e9e universitaire 2018\/19<\/a><\/p>\n<\/div>\n<\/div><\/div><\/div>\n<\/div><\/div>\n\n\n\n<div class=\"wp-block-stackable-columns alignfull stk-block-columns stk-block stk-f2ffc4e\" data-block-id=\"f2ffc4e\"><div class=\"stk-row stk-inner-blocks stk-block-content stk-content-align stk-f2ffc4e-column alignfull\">\n<div class=\"wp-block-stackable-column stk-block-column stk-column stk-block stk-14a4e22\" data-v=\"4\" data-block-id=\"14a4e22\"><style>.stk-14a4e22 {padding-right:405px !important;padding-left:405px !important;}@media screen and (max-width: 1023px){.stk-14a4e22 {padding-right:55px !important;padding-left:55px !important;}}@media screen and (max-width: 767px){.stk-14a4e22 {padding-right:20px !important;padding-left:20px !important;}}<\/style><div class=\"stk-column-wrapper stk-block-column__content stk-container stk-14a4e22-container stk--no-background stk--no-padding\"><div class=\"stk-block-content stk-inner-blocks stk-14a4e22-inner-blocks\">\n<div class=\"wp-block-stackable-heading stk-block-heading stk-block-heading--v2 stk-block stk-e471b3c\" id=\"normativa\" data-block-id=\"e471b3c\"><style>.stk-e471b3c {margin-bottom:20px !important;}.stk-e471b3c .stk-block-heading__text{font-size:26px !important;color:#5c068c !important;}@media screen and (max-width: 1023px){.stk-e471b3c .stk-block-heading__text{font-size:26px !important;}}<\/style><h2 class=\"stk-block-heading__text has-text-color\">R\u00e8glements<\/h2><\/div>\n\n\n\n<ul class=\"wp-block-list\">\n<li><a href=\"https:\/\/www.ull.es\/servicios\/servicio-de-inspeccion\/fr\/portal\/normativa\/normativa\/reglamento-de-la-inspeccion-de-servicios\/\" target=\"_blank\" rel=\"noreferrer noopener\">R\u00e8glement relatif \u00e0 l&#039;inspection des services de l&#039;Universit\u00e9 de La Laguna<\/a>&nbsp;(7\/03\/2019)<\/li>\n<\/ul>\n<\/div><\/div><\/div>\n<\/div><\/div>\n\n\n\n<p><\/p>","protected":false},"excerpt":{"rendered":"<p>Service d&#039;inspection. L&#039;Unit\u00e9 de m\u00e9diation et de conseil pour la coexistence a notamment pour mission d&#039;assister et de faciliter la r\u00e9solution coop\u00e9rative des conflits dans tous les domaines d&#039;activit\u00e9 de l&#039;universit\u00e9 par le dialogue, la m\u00e9diation et le conseil. L&#039;Unit\u00e9 de m\u00e9diation et de conseil pour la coexistence assiste toute personne ou\u2026<\/p>","protected":false},"author":49,"featured_media":0,"parent":0,"menu_order":0,"comment_status":"closed","ping_status":"closed","template":"templates\/template-frontpage.php","meta":{"_acf_changed":false,"footnotes":""},"class_list":["post-16","page","type-page","status-publish","hentry"],"acf":[],"_links":{"self":[{"href":"https:\/\/www.ull.es\/servicios\/servicio-de-inspeccion\/fr\/wp-json\/wp\/v2\/pages\/16","targetHints":{"allow":["GET"]}}],"collection":[{"href":"https:\/\/www.ull.es\/servicios\/servicio-de-inspeccion\/fr\/wp-json\/wp\/v2\/pages"}],"about":[{"href":"https:\/\/www.ull.es\/servicios\/servicio-de-inspeccion\/fr\/wp-json\/wp\/v2\/types\/page"}],"author":[{"embeddable":true,"href":"https:\/\/www.ull.es\/servicios\/servicio-de-inspeccion\/fr\/wp-json\/wp\/v2\/users\/49"}],"replies":[{"embeddable":true,"href":"https:\/\/www.ull.es\/servicios\/servicio-de-inspeccion\/fr\/wp-json\/wp\/v2\/comments?post=16"}],"version-history":[{"count":16,"href":"https:\/\/www.ull.es\/servicios\/servicio-de-inspeccion\/fr\/wp-json\/wp\/v2\/pages\/16\/revisions"}],"predecessor-version":[{"id":80,"href":"https:\/\/www.ull.es\/servicios\/servicio-de-inspeccion\/fr\/wp-json\/wp\/v2\/pages\/16\/revisions\/80"}],"wp:attachment":[{"href":"https:\/\/www.ull.es\/servicios\/servicio-de-inspeccion\/fr\/wp-json\/wp\/v2\/media?parent=16"}],"curies":[{"name":"wp","href":"https:\/\/api.w.org\/{rel}","templated":true}]}}