{"id":15,"date":"2019-06-20T13:15:25","date_gmt":"2019-06-20T11:15:25","guid":{"rendered":"https:\/\/www.ull.es\/servicios\/negociado-pruebas-acceso\/?page_id=2"},"modified":"2026-03-03T10:47:13","modified_gmt":"2026-03-03T09:47:13","slug":"servicios","status":"publish","type":"page","link":"https:\/\/www.ull.es\/servicios\/servicio-de-inspeccion\/servicios\/","title":{"rendered":"Servicios"},"content":{"rendered":"\n<div class=\"wp-block-stackable-columns alignfull stk-block-columns stk-block stk-16a94b8\" data-block-id=\"16a94b8\"><style>.stk-16a94b8 {margin-bottom:56px !important;}@media screen and (max-width: 767px){.stk-16a94b8 {padding-top:0px !important;padding-right:0px !important;padding-bottom:0px !important;padding-left:0px !important;}}<\/style><div class=\"stk-row stk-inner-blocks stk-block-content stk-content-align stk-16a94b8-column alignfull\">\n<div class=\"wp-block-stackable-column stk-block-column stk-column stk-block stk-dfe9b01 stk-block-background stk--has-background-overlay\" data-v=\"4\" data-block-id=\"dfe9b01\"><style>.stk-dfe9b01 {background-image:url(https:\/\/www.ull.es\/servicios\/servicio-de-inspeccion\/wp-content\/uploads\/sites\/45\/2019\/08\/30-Servicio-de-Contratacion-y-patrimonio.jpg) !important;}.stk-dfe9b01:before{background-color:#000000 !important;opacity:0.3 !important;}@media screen and (max-width: 767px){.stk-dfe9b01 {padding-top:0px !important;padding-right:0px !important;padding-bottom:0px !important;padding-left:0px !important;}.stk-dfe9b01-container{min-height:320px !important;}}<\/style><div class=\"stk-column-wrapper stk-block-column__content stk-container stk-dfe9b01-container stk--no-background stk--no-padding\"><div class=\"stk-block-content stk-inner-blocks stk-dfe9b01-inner-blocks\">\n<div class=\"wp-block-stackable-columns alignfull stk-block-columns stk-block stk-3bf239f\" data-block-id=\"3bf239f\"><style>@media screen and (max-width: 1023px){.stk-3bf239f {padding-left:0px !important;}}<\/style><div class=\"stk-row stk-inner-blocks stk-block-content stk-content-align stk-3bf239f-column alignfull\">\n<div class=\"wp-block-stackable-column stk-block-column stk-column stk-block stk-f66584c\" data-v=\"4\" data-block-id=\"f66584c\"><div class=\"stk-column-wrapper stk-block-column__content stk-container stk-f66584c-container stk--no-background stk--no-padding\"><div class=\"stk-block-content stk-inner-blocks stk-f66584c-inner-blocks\">\n<div class=\"wp-block-stackable-heading stk-block-heading stk-block-heading--v2 stk-block stk-1bb54e9\" id=\"servicio-de-inspeccion\" data-block-id=\"1bb54e9\"><style>.stk-1bb54e9 {padding-top:110px !important;padding-right:25px !important;padding-bottom:75px !important;padding-left:420px !important;}.stk-1bb54e9 .stk-block-heading__text{font-size:35px !important;color:#ffffff !important;font-weight:400 !important;}@media screen and (max-width: 1023px){.stk-1bb54e9 {padding-left:55px !important;}.stk-1bb54e9 .stk-block-heading__text{font-size:35px !important;}}@media screen and (max-width: 767px){.stk-1bb54e9 {padding-right:75px !important;padding-left:25px !important;}.stk-1bb54e9 .stk-block-heading__text{font-size:33px !important;}}<\/style><h2 class=\"stk-block-heading__text has-text-color has-text-align-left has-text-align-left-tablet has-text-align-left-mobile\">Servicio de Inspecci\u00f3n<\/h2><\/div>\n<\/div><\/div><\/div>\n<\/div><\/div>\n<\/div><\/div><\/div>\n<\/div><\/div>\n\n\n\n<div class=\"wp-block-stackable-columns alignfull stk-block-columns stk-block stk-019f113\" data-block-id=\"019f113\"><style>.stk-019f113 .stk--block-align-019f113{align-items:stretch !important;}.stk-019f113-column{--stk-column-gap:95px !important;}<\/style><div class=\"stk-row stk-inner-blocks stk--block-align-019f113 stk-block-content stk-content-align stk-019f113-column alignfull\">\n<div class=\"wp-block-stackable-column stk-block-column stk-column stk-block stk-f687265\" data-v=\"4\" data-block-id=\"f687265\"><style>.stk-f687265 {padding-right:400px !important;padding-left:400px !important;margin-bottom:var(--stk--preset--spacing--none, 0px) !important;}@media screen and (max-width: 1023px){.stk-f687265 {padding-right:50px !important;padding-left:50px !important;}}@media screen and (max-width: 767px){.stk-f687265-inner-blocks{align-items:center !important;}.stk-f687265 {padding-right:20px !important;padding-left:20px !important;}}<\/style><div class=\"stk-column-wrapper stk-block-column__content stk-container stk-f687265-container stk--no-background stk--no-padding\"><div class=\"stk-block-content stk-inner-blocks stk-f687265-inner-blocks\">\n<div class=\"wp-block-stackable-heading stk-block-heading stk-block-heading--v2 stk-block stk-2a764d9\" id=\"servicios-que-ofrece-al-usuario\" data-block-id=\"2a764d9\"><style>.stk-2a764d9 {margin-bottom:12px !important;}.stk-2a764d9 .stk-block-heading__text{font-size:26px !important;color:#5c068c !important;font-weight:700 !important;}@media screen and (max-width: 1023px){.stk-2a764d9 .stk-block-heading__text{font-size:26px !important;}}<\/style><h2 class=\"stk-block-heading__text has-text-color\">Servicios que ofrece al usuario<\/h2><\/div>\n\n\n\n<ul class=\"wp-block-list\">\n<li>Asistir a los \u00d3rganos de Gobierno: Asistir al Rector y Gerencia para la evaluaci\u00f3n o an\u00e1lisis de los Servicios de la Universidad, generando propuestas de mejora o, en su caso, sanciones y expedientes disciplinarios.<\/li>\n\n\n\n<li>Asesoramiento: Informar a los Centros, Departamentos y Servicios de la Universidad, a instancias de sus responables o del Rector, en las materias de su competencia, as\u00ed como recabar de los mismos los informes que se consideren necesarios.Igualmente, informar al personal docente e investigador, personal de administraci\u00f3n y servicios, y al alumnado sobre los derechos que le asisten y procedimientos a emplear tanto en los tr\u00e1mites de denuncia o queja como de cualquier situaci\u00f3n competencia de este Servicio.<\/li>\n\n\n\n<li>Tr\u00e1mite y gesti\u00f3n de denuncias o quejas: El servicio se har\u00e1 responsable de tramitar las denuncias ylo quejas por el funcionamiento inadecuado o irregular de los Servicios de la Universidad, de gestionar las denuncias y\/o quejas por comportamientos inadecuados o irregulares de cualquier miembro de la comunidad universitaria en el desempe\u00f1o de su labor, y de indagar sobre las denuncias ylo quejas por cualquier tipo de acoso o discriminaci\u00f3n padecido, recibiendo, en todo caso, la protecci\u00f3n del Servicio.<\/li>\n\n\n\n<li>Inspecci\u00f3n: Inspeccionar la actuaci\u00f3n y funcionamiento de los Centros, Departamentos y Servicios de la Universidad de La Laguna, verificando el cumplimiento de las normas que regulan su \u00e1mbito competencial. Asimismo, verificar el cumplimiento de las obligaciones del personal de la Universidad y examinar, en su caso, actuaciones irregulares en el desempe\u00f1o de sus funciones, as\u00ed como verificar el cumplimiento de los deberes del alumnado y proponer las medidas adecuadas.<\/li>\n\n\n\n<li>Mejora de la Calidad: Contribuir a la mejora de las obligaciones del Personal Docente e Investigador, Personal de Administraci\u00f3n y Servicios y Alumnado a trav\u00e9s de la inspeci\u00f3n seg\u00fan lo establecido en los Planes de Trabajo Anuales.<\/li>\n<\/ul>\n<\/div><\/div><\/div>\n<\/div><\/div>\n","protected":false},"excerpt":{"rendered":"<p>Servicio de Inspecci\u00f3n Servicios que ofrece al usuario<\/p>\n","protected":false},"author":49,"featured_media":0,"parent":0,"menu_order":0,"comment_status":"closed","ping_status":"open","template":"templates\/template-frontpage.php","meta":{"_acf_changed":false,"footnotes":""},"class_list":["post-15","page","type-page","status-publish","hentry"],"acf":[],"_links":{"self":[{"href":"https:\/\/www.ull.es\/servicios\/servicio-de-inspeccion\/wp-json\/wp\/v2\/pages\/15","targetHints":{"allow":["GET"]}}],"collection":[{"href":"https:\/\/www.ull.es\/servicios\/servicio-de-inspeccion\/wp-json\/wp\/v2\/pages"}],"about":[{"href":"https:\/\/www.ull.es\/servicios\/servicio-de-inspeccion\/wp-json\/wp\/v2\/types\/page"}],"author":[{"embeddable":true,"href":"https:\/\/www.ull.es\/servicios\/servicio-de-inspeccion\/wp-json\/wp\/v2\/users\/49"}],"replies":[{"embeddable":true,"href":"https:\/\/www.ull.es\/servicios\/servicio-de-inspeccion\/wp-json\/wp\/v2\/comments?post=15"}],"version-history":[{"count":7,"href":"https:\/\/www.ull.es\/servicios\/servicio-de-inspeccion\/wp-json\/wp\/v2\/pages\/15\/revisions"}],"predecessor-version":[{"id":81,"href":"https:\/\/www.ull.es\/servicios\/servicio-de-inspeccion\/wp-json\/wp\/v2\/pages\/15\/revisions\/81"}],"wp:attachment":[{"href":"https:\/\/www.ull.es\/servicios\/servicio-de-inspeccion\/wp-json\/wp\/v2\/media?parent=15"}],"curies":[{"name":"wp","href":"https:\/\/api.w.org\/{rel}","templated":true}]}}