{"id":17,"date":"2019-06-20T13:17:21","date_gmt":"2019-06-20T11:17:21","guid":{"rendered":"https:\/\/www.ull.es\/servicios\/negociado-pruebas-acceso\/?page_id=13"},"modified":"2026-02-26T08:49:50","modified_gmt":"2026-02-26T07:49:50","slug":"inicio","status":"publish","type":"page","link":"https:\/\/www.ull.es\/servicios\/servicio-medio-ambiente\/","title":{"rendered":"Inicio"},"content":{"rendered":"\n<div class=\"wp-block-stackable-columns alignfull stk-block-columns stk-block stk-16a94b8\" data-block-id=\"16a94b8\"><style>.stk-16a94b8 {padding-top:1.5px !important;padding-right:1.5px !important;padding-bottom:1.5px !important;padding-left:1.5px !important;margin-bottom:75px !important;}@media screen and (max-width: 767px){.stk-16a94b8 {padding-top:0px !important;padding-right:0px !important;padding-bottom:0px !important;padding-left:0px !important;}}<\/style><div class=\"stk-row stk-inner-blocks stk-block-content stk-content-align stk-16a94b8-column alignfull\">\n<div class=\"wp-block-stackable-column stk-block-column stk-column stk-block stk-dfe9b01 stk-block-background stk--has-background-overlay\" data-v=\"4\" data-block-id=\"dfe9b01\"><style>.stk-dfe9b01 {background-image:url(https:\/\/www.ull.es\/servicios\/servicio-medio-ambiente\/wp-content\/uploads\/sites\/56\/2019\/07\/39-medio-ambiente.jpg) !important;}@media screen and (max-width: 767px){.stk-dfe9b01 {padding-top:0px !important;padding-right:0px !important;padding-bottom:0px !important;padding-left:0px !important;}}<\/style><div class=\"stk-column-wrapper stk-block-column__content stk-container stk-dfe9b01-container stk--no-background stk--no-padding\"><div class=\"stk-block-content stk-inner-blocks stk-dfe9b01-inner-blocks\">\n<div class=\"wp-block-stackable-columns alignfull stk-block-columns stk-block stk-3bf239f\" data-block-id=\"3bf239f\"><style>@media screen and (max-width: 1023px){.stk-3bf239f {padding-left:0px !important;}}<\/style><div class=\"stk-row stk-inner-blocks stk-block-content stk-content-align stk-3bf239f-column alignfull\">\n<div class=\"wp-block-stackable-column stk-block-column stk-column stk-block stk-f66584c\" data-v=\"4\" data-block-id=\"f66584c\"><div class=\"stk-column-wrapper stk-block-column__content stk-container stk-f66584c-container stk--no-background stk--no-padding\"><div class=\"stk-block-content stk-inner-blocks stk-f66584c-inner-blocks\">\n<div class=\"wp-block-stackable-heading stk-block-heading stk-block-heading--v2 stk-block stk-1bb54e9\" id=\"servicio-de-medio-ambiente\" data-block-id=\"1bb54e9\"><style>.stk-1bb54e9 {padding-top:110px !important;padding-right:25px !important;padding-bottom:75px !important;padding-left:420px !important;}.stk-1bb54e9 .stk-block-heading__text{font-size:35px !important;color:#ffffff !important;font-weight:400 !important;}@media screen and (max-width: 1023px){.stk-1bb54e9 {padding-left:0px !important;margin-left:60px !important;}.stk-1bb54e9 .stk-block-heading__text{font-size:35px !important;}}@media screen and (max-width: 767px){.stk-1bb54e9 {padding-top:110px !important;padding-right:45px !important;padding-bottom:75px !important;padding-left:25px !important;margin-left:0px !important;}.stk-1bb54e9 .stk-block-heading__text{font-size:33px !important;}}<\/style><h2 class=\"stk-block-heading__text has-text-color has-text-align-left has-text-align-left-tablet has-text-align-left-mobile\">Servicio de Medio Ambiente<\/h2><\/div>\n<\/div><\/div><\/div>\n<\/div><\/div>\n<\/div><\/div><\/div>\n<\/div><\/div>\n\n\n\n<div class=\"wp-block-stackable-columns alignfull stk-block-columns stk-block stk-a768426\" data-block-id=\"a768426\"><style>.stk-a768426 {margin-bottom:56px !important;}<\/style><div class=\"stk-row stk-inner-blocks stk-block-content stk-content-align stk-a768426-column alignfull\">\n<div class=\"wp-block-stackable-column stk-block-column stk-column stk-block stk-7a93856\" data-v=\"4\" data-block-id=\"7a93856\"><style>.stk-7a93856 {padding-right:400px !important;padding-left:400px !important;}@media screen and (max-width: 1023px){.stk-7a93856 {padding-right:25px !important;padding-left:25px !important;}}@media screen and (max-width: 767px){.stk-7a93856 {padding-right:25px !important;padding-left:25px !important;}}<\/style><div class=\"stk-column-wrapper stk-block-column__content stk-container stk-7a93856-container stk--no-background stk--no-padding\"><div class=\"stk-block-content stk-inner-blocks stk-7a93856-inner-blocks\">\n<div class=\"wp-block-stackable-text stk-block-text stk-block stk-42f4015\" data-block-id=\"42f4015\"><style>.stk-42f4015 .stk-block-text__text{font-size:16px !important;}@media screen and (max-width: 1023px){.stk-42f4015 .stk-block-text__text{font-size:16px !important;}}<\/style><p class=\"stk-block-text__text has-text-align-left has-text-align-left-tablet has-text-align-left-mobile\">El Servicio de Medio Ambiente de la Universidad de La Laguna se crea en 1989 dentro de la proyecci\u00f3n de la Universidad de La Laguna hacia la sociedad, abarcando, adem\u00e1s de la docencia e investigaci\u00f3n, otras funciones entre las que se encuentra el apoyo cient\u00edfico y t\u00e9cnico al desarrollo social y econ\u00f3mico, tanto en la Comunidad Aut\u00f3noma de Canarias como a nivel nacional. En este marco, el SEMALL es un laboratorio de an\u00e1lisis fundamentado en la labor de comprobaci\u00f3n, seguimiento, vigilancia e inspecci\u00f3n de la contaminaci\u00f3n de origen urbano e industrial.<\/p><\/div>\n<\/div><\/div><\/div>\n<\/div><\/div>\n","protected":false},"excerpt":{"rendered":"<p>Servicio de Medio Ambiente El Servicio de Medio Ambiente de la Universidad de La Laguna se crea en 1989 dentro de la proyecci\u00f3n de la Universidad de La Laguna hacia la sociedad, abarcando, adem\u00e1s de la docencia e investigaci\u00f3n, otras funciones entre las que se encuentra el apoyo cient\u00edfico y t\u00e9cnico al desarrollo social y&#8230;<\/p>\n","protected":false},"author":49,"featured_media":0,"parent":0,"menu_order":0,"comment_status":"closed","ping_status":"closed","template":"templates\/template-frontpage.php","meta":{"_acf_changed":false,"footnotes":""},"class_list":["post-17","page","type-page","status-publish","hentry"],"acf":[],"_links":{"self":[{"href":"https:\/\/www.ull.es\/servicios\/servicio-medio-ambiente\/wp-json\/wp\/v2\/pages\/17","targetHints":{"allow":["GET"]}}],"collection":[{"href":"https:\/\/www.ull.es\/servicios\/servicio-medio-ambiente\/wp-json\/wp\/v2\/pages"}],"about":[{"href":"https:\/\/www.ull.es\/servicios\/servicio-medio-ambiente\/wp-json\/wp\/v2\/types\/page"}],"author":[{"embeddable":true,"href":"https:\/\/www.ull.es\/servicios\/servicio-medio-ambiente\/wp-json\/wp\/v2\/users\/49"}],"replies":[{"embeddable":true,"href":"https:\/\/www.ull.es\/servicios\/servicio-medio-ambiente\/wp-json\/wp\/v2\/comments?post=17"}],"version-history":[{"count":67,"href":"https:\/\/www.ull.es\/servicios\/servicio-medio-ambiente\/wp-json\/wp\/v2\/pages\/17\/revisions"}],"predecessor-version":[{"id":134,"href":"https:\/\/www.ull.es\/servicios\/servicio-medio-ambiente\/wp-json\/wp\/v2\/pages\/17\/revisions\/134"}],"wp:attachment":[{"href":"https:\/\/www.ull.es\/servicios\/servicio-medio-ambiente\/wp-json\/wp\/v2\/media?parent=17"}],"curies":[{"name":"wp","href":"https:\/\/api.w.org\/{rel}","templated":true}]}}