{"id":16,"date":"2019-06-20T13:17:21","date_gmt":"2019-06-20T11:17:21","guid":{"rendered":"https:\/\/www.ull.es\/servicios\/negociado-pruebas-acceso\/?page_id=13"},"modified":"2026-02-26T13:59:37","modified_gmt":"2026-02-26T12:59:37","slug":"inicio","status":"publish","type":"page","link":"https:\/\/www.ull.es\/servicios\/servicio-secretaria-general-tecnica-registro-archivo-universitario\/en\/","title":{"rendered":"Start"},"content":{"rendered":"<div class=\"wp-block-stackable-columns alignfull stk-block-columns stk-block stk-16a94b8\" data-block-id=\"16a94b8\"><style>.stk-16a94b8 {margin-bottom:76px !important;}@media screen and (max-width: 767px){.stk-16a94b8 {padding-top:0px !important;padding-right:0px !important;padding-bottom:0px !important;padding-left:0px !important;}}<\/style><div class=\"stk-row stk-inner-blocks stk-block-content stk-content-align stk-16a94b8-column alignfull\">\n<div class=\"wp-block-stackable-column stk-block-column stk-column stk-block stk-dfe9b01 stk-block-background stk--has-background-overlay\" data-v=\"4\" data-block-id=\"dfe9b01\"><style>.stk-dfe9b01 {background-image:url(https:\/\/www.ull.es\/servicios\/servicio-secretaria-general-tecnica-registro-archivo-universitario\/wp-content\/uploads\/sites\/41\/2019\/08\/27.jpg) !important;}.stk-dfe9b01:before{background-color:#000000 !important;opacity:0.3 !important;}@media screen and (max-width: 767px){.stk-dfe9b01 {padding-top:0px !important;padding-right:0px !important;padding-bottom:0px !important;padding-left:0px !important;}.stk-dfe9b01-container{min-height:320px !important;}}<\/style><div class=\"stk-column-wrapper stk-block-column__content stk-container stk-dfe9b01-container stk--no-background stk--no-padding\"><div class=\"stk-block-content stk-inner-blocks stk-dfe9b01-inner-blocks\">\n<div class=\"wp-block-stackable-columns alignfull stk-block-columns stk-block stk-3bf239f\" data-block-id=\"3bf239f\"><style>@media screen and (max-width: 1023px){.stk-3bf239f {padding-left:0px !important;}}<\/style><div class=\"stk-row stk-inner-blocks stk-block-content stk-content-align stk-3bf239f-column alignfull\">\n<div class=\"wp-block-stackable-column stk-block-column stk-column stk-block stk-f66584c\" data-v=\"4\" data-block-id=\"f66584c\"><div class=\"stk-column-wrapper stk-block-column__content stk-container stk-f66584c-container stk--no-background stk--no-padding\"><div class=\"stk-block-content stk-inner-blocks stk-f66584c-inner-blocks\">\n<div class=\"wp-block-stackable-heading stk-block-heading stk-block-heading--v2 stk-block stk-1bb54e9\" id=\"servicio-de-secretaria-general-tecnica-registro-y-archivo-universitario\" data-block-id=\"1bb54e9\"><style>.stk-1bb54e9 {padding-top:110px !important;padding-right:25px !important;padding-bottom:75px !important;padding-left:420px !important;}.stk-1bb54e9 .stk-block-heading__text{font-size:35px !important;color:#ffffff !important;font-weight:400 !important;}@media screen and (max-width: 1023px){.stk-1bb54e9 {padding-left:55px !important;}.stk-1bb54e9 .stk-block-heading__text{font-size:35px !important;}}@media screen and (max-width: 767px){.stk-1bb54e9 {padding-right:75px !important;padding-left:25px !important;}.stk-1bb54e9 .stk-block-heading__text{font-size:33px !important;}}<\/style><h2 class=\"stk-block-heading__text has-text-color has-text-align-left has-text-align-left-tablet has-text-align-left-mobile\">General Technical Secretariat, Registry and University Archive Service<\/h2><\/div>\n<\/div><\/div><\/div>\n<\/div><\/div>\n<\/div><\/div><\/div>\n<\/div><\/div>\n\n\n\n<div class=\"wp-block-stackable-columns alignfull stk-block-columns stk-block stk-a768426\" data-block-id=\"a768426\"><style>.stk-a768426 {margin-bottom:56px !important;}<\/style><div class=\"stk-row stk-inner-blocks stk-block-content stk-content-align stk-a768426-column alignfull\">\n<div class=\"wp-block-stackable-column stk-block-column stk-column stk-block stk-7a93856\" data-v=\"4\" data-block-id=\"7a93856\"><style>.stk-7a93856 {padding-right:405px !important;padding-left:405px !important;}@media screen and (max-width: 1023px){.stk-7a93856 {padding-right:50px !important;padding-left:50px !important;}}@media screen and (max-width: 767px){.stk-7a93856 {padding-right:20px !important;padding-left:20px !important;}}<\/style><div class=\"stk-column-wrapper stk-block-column__content stk-container stk-7a93856-container stk--no-background stk--no-padding\"><div class=\"stk-block-content stk-inner-blocks stk-7a93856-inner-blocks\">\n<div class=\"wp-block-stackable-text stk-block-text stk-block stk-42f4015\" data-block-id=\"42f4015\"><style>.stk-42f4015 .stk-block-text__text{font-size:16px !important;}@media screen and (max-width: 1023px){.stk-42f4015 .stk-block-text__text{font-size:16px !important;}}<\/style><p class=\"stk-block-text__text has-text-align-left\">The General Technical Secretariat, Registry and University Archive Service has two sections, in addition to the Technical Support Office.<br><br>The\u00a0<strong>Information and Registration Section\u00a0<\/strong>It is responsible for the administrative management of the General Registry and the formal processing of appeals filed against decisions of academic centers in certain academic matters. In certain procedures processed at the ULL, it issues the required certified copies. It also handles the procedure for requesting the equivalence of official foreign higher education degrees to the academic level of Doctorate, and finally, it is the section in charge of processing complaints, compliments, and suggestions within this University.<br><br>The\u00a0<strong>University Archives Section\u00a0<\/strong>It comprises all documents of any nature, period, and physical format, generated, collected, or preserved by the University of La Laguna, as well as any documents that may be donated or acquired and whose location in the archive is determined. This section, which supports study, teaching, and research, has, among other functions, the responsibility of collecting, organizing, safeguarding, and preserving, as well as facilitating access to, documentation resulting from academic, scientific, and administrative activities. It is also responsible for digitizing documentation that, when circumstances permit, is considered to be of interest to the University of La Laguna.<br><br>For his part, the\u00a0<strong>Technical Support Office<\/strong>, With dedication to the general user, it provides information about the operation of all the University&#039;s telematic applications (EBAU, Pre-registration, online registration, Web ULL, Electronic Headquarters, Student Portal, Study Portal, University Card and other ULL services), guiding users on the procedures and informing them about how they work.<br><br>The technical general secretariat, registry and university archive service also provides support to the General Secretariat in the exercise of its functions and is the service in charge of processing requests for access to public information.<\/p><\/div>\n<\/div><\/div><\/div>\n<\/div><\/div>","protected":false},"excerpt":{"rendered":"<p>Servicio de Secretar\u00eda General T\u00e9cnica, Registro y Archivo Universitario El Servicio de Secretar\u00eda General T\u00e9cnica, Registro y Archivo Universitario, cuenta con dos Secciones, adem\u00e1s del Negociado de Atenci\u00f3n T\u00e9cnica. La\u00a0Secci\u00f3n de Informaci\u00f3n y Registro\u00a0tiene encomendada la gesti\u00f3n administrativa del Registro General y la tramitaci\u00f3n formal de recursos de alzada interpuestos contra resoluciones de centros en&#8230;<\/p>","protected":false},"author":49,"featured_media":0,"parent":0,"menu_order":0,"comment_status":"closed","ping_status":"closed","template":"templates\/template-frontpage.php","meta":{"_acf_changed":false,"footnotes":""},"class_list":["post-16","page","type-page","status-publish","hentry"],"acf":[],"_links":{"self":[{"href":"https:\/\/www.ull.es\/servicios\/servicio-secretaria-general-tecnica-registro-archivo-universitario\/en\/wp-json\/wp\/v2\/pages\/16","targetHints":{"allow":["GET"]}}],"collection":[{"href":"https:\/\/www.ull.es\/servicios\/servicio-secretaria-general-tecnica-registro-archivo-universitario\/en\/wp-json\/wp\/v2\/pages"}],"about":[{"href":"https:\/\/www.ull.es\/servicios\/servicio-secretaria-general-tecnica-registro-archivo-universitario\/en\/wp-json\/wp\/v2\/types\/page"}],"author":[{"embeddable":true,"href":"https:\/\/www.ull.es\/servicios\/servicio-secretaria-general-tecnica-registro-archivo-universitario\/en\/wp-json\/wp\/v2\/users\/49"}],"replies":[{"embeddable":true,"href":"https:\/\/www.ull.es\/servicios\/servicio-secretaria-general-tecnica-registro-archivo-universitario\/en\/wp-json\/wp\/v2\/comments?post=16"}],"version-history":[{"count":15,"href":"https:\/\/www.ull.es\/servicios\/servicio-secretaria-general-tecnica-registro-archivo-universitario\/en\/wp-json\/wp\/v2\/pages\/16\/revisions"}],"predecessor-version":[{"id":92,"href":"https:\/\/www.ull.es\/servicios\/servicio-secretaria-general-tecnica-registro-archivo-universitario\/en\/wp-json\/wp\/v2\/pages\/16\/revisions\/92"}],"wp:attachment":[{"href":"https:\/\/www.ull.es\/servicios\/servicio-secretaria-general-tecnica-registro-archivo-universitario\/en\/wp-json\/wp\/v2\/media?parent=16"}],"curies":[{"name":"wp","href":"https:\/\/api.w.org\/{rel}","templated":true}]}}