{"id":16,"date":"2019-06-20T13:17:21","date_gmt":"2019-06-20T11:17:21","guid":{"rendered":"https:\/\/www.ull.es\/servicios\/negociado-pruebas-acceso\/?page_id=13"},"modified":"2026-02-26T13:59:37","modified_gmt":"2026-02-26T12:59:37","slug":"inicio","status":"publish","type":"page","link":"https:\/\/www.ull.es\/servicios\/servicio-secretaria-general-tecnica-registro-archivo-universitario\/fr\/","title":{"rendered":"Commencer"},"content":{"rendered":"<div class=\"wp-block-stackable-columns alignfull stk-block-columns stk-block stk-16a94b8\" data-block-id=\"16a94b8\"><style>.stk-16a94b8 {margin-bottom:76px !important;}@media screen and (max-width: 767px){.stk-16a94b8 {padding-top:0px !important;padding-right:0px !important;padding-bottom:0px !important;padding-left:0px !important;}}<\/style><div class=\"stk-row stk-inner-blocks stk-block-content stk-content-align stk-16a94b8-column alignfull\">\n<div class=\"wp-block-stackable-column stk-block-column stk-column stk-block stk-dfe9b01 stk-block-background stk--has-background-overlay\" data-v=\"4\" data-block-id=\"dfe9b01\"><style>.stk-dfe9b01 {background-image:url(https:\/\/www.ull.es\/servicios\/servicio-secretaria-general-tecnica-registro-archivo-universitario\/wp-content\/uploads\/sites\/41\/2019\/08\/27.jpg) !important;}.stk-dfe9b01:before{background-color:#000000 !important;opacity:0.3 !important;}@media screen and (max-width: 767px){.stk-dfe9b01 {padding-top:0px !important;padding-right:0px !important;padding-bottom:0px !important;padding-left:0px !important;}.stk-dfe9b01-container{min-height:320px !important;}}<\/style><div class=\"stk-column-wrapper stk-block-column__content stk-container stk-dfe9b01-container stk--no-background stk--no-padding\"><div class=\"stk-block-content stk-inner-blocks stk-dfe9b01-inner-blocks\">\n<div class=\"wp-block-stackable-columns alignfull stk-block-columns stk-block stk-3bf239f\" data-block-id=\"3bf239f\"><style>@media screen and (max-width: 1023px){.stk-3bf239f {padding-left:0px !important;}}<\/style><div class=\"stk-row stk-inner-blocks stk-block-content stk-content-align stk-3bf239f-column alignfull\">\n<div class=\"wp-block-stackable-column stk-block-column stk-column stk-block stk-f66584c\" data-v=\"4\" data-block-id=\"f66584c\"><div class=\"stk-column-wrapper stk-block-column__content stk-container stk-f66584c-container stk--no-background stk--no-padding\"><div class=\"stk-block-content stk-inner-blocks stk-f66584c-inner-blocks\">\n<div class=\"wp-block-stackable-heading stk-block-heading stk-block-heading--v2 stk-block stk-1bb54e9\" id=\"servicio-de-secretaria-general-tecnica-registro-y-archivo-universitario\" data-block-id=\"1bb54e9\"><style>.stk-1bb54e9 {padding-top:110px !important;padding-right:25px !important;padding-bottom:75px !important;padding-left:420px !important;}.stk-1bb54e9 .stk-block-heading__text{font-size:35px !important;color:#ffffff !important;font-weight:400 !important;}@media screen and (max-width: 1023px){.stk-1bb54e9 {padding-left:55px !important;}.stk-1bb54e9 .stk-block-heading__text{font-size:35px !important;}}@media screen and (max-width: 767px){.stk-1bb54e9 {padding-right:75px !important;padding-left:25px !important;}.stk-1bb54e9 .stk-block-heading__text{font-size:33px !important;}}<\/style><h2 class=\"stk-block-heading__text has-text-color has-text-align-left has-text-align-left-tablet has-text-align-left-mobile\">Secr\u00e9tariat technique g\u00e9n\u00e9ral, Service d&#039;enregistrement et d&#039;archives universitaires<\/h2><\/div>\n<\/div><\/div><\/div>\n<\/div><\/div>\n<\/div><\/div><\/div>\n<\/div><\/div>\n\n\n\n<div class=\"wp-block-stackable-columns alignfull stk-block-columns stk-block stk-a768426\" data-block-id=\"a768426\"><style>.stk-a768426 {margin-bottom:56px !important;}<\/style><div class=\"stk-row stk-inner-blocks stk-block-content stk-content-align stk-a768426-column alignfull\">\n<div class=\"wp-block-stackable-column stk-block-column stk-column stk-block stk-7a93856\" data-v=\"4\" data-block-id=\"7a93856\"><style>.stk-7a93856 {padding-right:405px !important;padding-left:405px !important;}@media screen and (max-width: 1023px){.stk-7a93856 {padding-right:50px !important;padding-left:50px !important;}}@media screen and (max-width: 767px){.stk-7a93856 {padding-right:20px !important;padding-left:20px !important;}}<\/style><div class=\"stk-column-wrapper stk-block-column__content stk-container stk-7a93856-container stk--no-background stk--no-padding\"><div class=\"stk-block-content stk-inner-blocks stk-7a93856-inner-blocks\">\n<div class=\"wp-block-stackable-text stk-block-text stk-block stk-42f4015\" data-block-id=\"42f4015\"><style>.stk-42f4015 .stk-block-text__text{font-size:16px !important;}@media screen and (max-width: 1023px){.stk-42f4015 .stk-block-text__text{font-size:16px !important;}}<\/style><p class=\"stk-block-text__text has-text-align-left\">Le Secr\u00e9tariat technique g\u00e9n\u00e9ral, le Service d&#039;enregistrement et d&#039;archives universitaires comportent deux sections, en plus du Bureau d&#039;assistance technique.<br><br>Le\u00a0<strong>Section Information et Inscription\u00a0<\/strong>Ce service est charg\u00e9 de la gestion administrative du Registre g\u00e9n\u00e9ral et du traitement officiel des recours form\u00e9s contre les d\u00e9cisions des centres acad\u00e9miques dans certains domaines universitaires. Il d\u00e9livre les copies certifi\u00e9es conformes requises pour certaines proc\u00e9dures men\u00e9es \u00e0 l&#039;ULL. Il g\u00e8re \u00e9galement la proc\u00e9dure de demande d&#039;\u00e9quivalence des dipl\u00f4mes \u00e9trangers officiels d&#039;enseignement sup\u00e9rieur au niveau doctoral et, enfin, il est le service responsable du traitement des r\u00e9clamations, compliments et suggestions au sein de l&#039;universit\u00e9.<br><br>Le\u00a0<strong>Section des archives universitaires\u00a0<\/strong>Ce service comprend tous les documents, de toute nature, p\u00e9riode et format, produits, collect\u00e9s ou conserv\u00e9s par l&#039;Universit\u00e9 de La Laguna, ainsi que tous les documents donn\u00e9s ou acquis et dont la localisation dans les archives est d\u00e9termin\u00e9e. Ce service, qui soutient les \u00e9tudes, l&#039;enseignement et la recherche, a notamment pour mission de collecter, d&#039;organiser, de sauvegarder et de conserver la documentation issue des activit\u00e9s acad\u00e9miques, scientifiques et administratives, et d&#039;en faciliter l&#039;acc\u00e8s. Il est \u00e9galement charg\u00e9 de num\u00e9riser la documentation qui, lorsque les circonstances le permettent, pr\u00e9sente un int\u00e9r\u00eat pour l&#039;Universit\u00e9 de La Laguna.<br><br>Pour sa part, le\u00a0<strong>Bureau d&#039;assistance technique<\/strong>, Con\u00e7u pour l&#039;utilisateur lambda, il fournit des informations sur le fonctionnement de toutes les applications t\u00e9l\u00e9matiques de l&#039;Universit\u00e9 (EBAU, pr\u00e9inscription, inscription en ligne, Web ULL, si\u00e8ge social \u00e9lectronique, portail \u00e9tudiant, portail d&#039;\u00e9tudes, carte universitaire et autres services ULL), en guidant les utilisateurs sur les proc\u00e9dures et en les informant sur leur fonctionnement.<br><br>Le secr\u00e9tariat g\u00e9n\u00e9ral technique, le service d&#039;enregistrement et d&#039;archives universitaires apportent \u00e9galement leur soutien au Secr\u00e9tariat g\u00e9n\u00e9ral dans l&#039;exercice de ses fonctions et sont charg\u00e9s du traitement des demandes d&#039;acc\u00e8s \u00e0 l&#039;information publique.<\/p><\/div>\n<\/div><\/div><\/div>\n<\/div><\/div>","protected":false},"excerpt":{"rendered":"<p>Servicio de Secretar\u00eda General T\u00e9cnica, Registro y Archivo Universitario El Servicio de Secretar\u00eda General T\u00e9cnica, Registro y Archivo Universitario, cuenta con dos Secciones, adem\u00e1s del Negociado de Atenci\u00f3n T\u00e9cnica. La\u00a0Secci\u00f3n de Informaci\u00f3n y Registro\u00a0tiene encomendada la gesti\u00f3n administrativa del Registro General y la tramitaci\u00f3n formal de recursos de alzada interpuestos contra resoluciones de centros en&#8230;<\/p>","protected":false},"author":49,"featured_media":0,"parent":0,"menu_order":0,"comment_status":"closed","ping_status":"closed","template":"templates\/template-frontpage.php","meta":{"_acf_changed":false,"footnotes":""},"class_list":["post-16","page","type-page","status-publish","hentry"],"acf":[],"_links":{"self":[{"href":"https:\/\/www.ull.es\/servicios\/servicio-secretaria-general-tecnica-registro-archivo-universitario\/fr\/wp-json\/wp\/v2\/pages\/16","targetHints":{"allow":["GET"]}}],"collection":[{"href":"https:\/\/www.ull.es\/servicios\/servicio-secretaria-general-tecnica-registro-archivo-universitario\/fr\/wp-json\/wp\/v2\/pages"}],"about":[{"href":"https:\/\/www.ull.es\/servicios\/servicio-secretaria-general-tecnica-registro-archivo-universitario\/fr\/wp-json\/wp\/v2\/types\/page"}],"author":[{"embeddable":true,"href":"https:\/\/www.ull.es\/servicios\/servicio-secretaria-general-tecnica-registro-archivo-universitario\/fr\/wp-json\/wp\/v2\/users\/49"}],"replies":[{"embeddable":true,"href":"https:\/\/www.ull.es\/servicios\/servicio-secretaria-general-tecnica-registro-archivo-universitario\/fr\/wp-json\/wp\/v2\/comments?post=16"}],"version-history":[{"count":15,"href":"https:\/\/www.ull.es\/servicios\/servicio-secretaria-general-tecnica-registro-archivo-universitario\/fr\/wp-json\/wp\/v2\/pages\/16\/revisions"}],"predecessor-version":[{"id":92,"href":"https:\/\/www.ull.es\/servicios\/servicio-secretaria-general-tecnica-registro-archivo-universitario\/fr\/wp-json\/wp\/v2\/pages\/16\/revisions\/92"}],"wp:attachment":[{"href":"https:\/\/www.ull.es\/servicios\/servicio-secretaria-general-tecnica-registro-archivo-universitario\/fr\/wp-json\/wp\/v2\/media?parent=16"}],"curies":[{"name":"wp","href":"https:\/\/api.w.org\/{rel}","templated":true}]}}